{"id":29112,"date":"2021-08-19T19:49:39","date_gmt":"2021-08-19T18:49:41","guid":{"rendered":"https:\/\/peakart.co.uk\/?post_type=product&#038;p=29112"},"modified":"2023-03-22T17:32:59","modified_gmt":"2023-03-22T17:32:59","slug":"duzy-lustrzany-zegar-scienny","status":"publish","type":"product","link":"https:\/\/peakart.co.uk\/pl\/produkt\/duzy-lustrzany-zegar-scienny\/","title":{"rendered":"Du\u017cy Lustrzany Zegar \u015acienny z Cyframi Rzymskimi"},"content":{"rendered":"","protected":false},"excerpt":{"rendered":"<p>Jeden z naszych klient\u00f3w poprosi\u0142 o to, \u017ceby <a href=\"https:\/\/peakart.co.uk\/pl\/produkt\/zegar-scienny-do-jadalni\/\">zegar do jadalni<\/a> dost\u0119pny w wersji szkieletowej mia\u0142 z ty\u0142u lustro. Tak powsta\u0142 nasz pierwszy zegar lustrzany. Teraz do ka\u017cdego z naszych <a href=\"https:\/\/peakart.co.uk\/pl\/tag-produktu\/zegary-drewniane-szkieletowe\/\">zegar\u00f3w \u015bciennych w formie szkieletowej<\/a> mo\u017cna zam\u00f3wi\u0107 lustrzany panel. Je\u015bli odpowiednia opcja nie jest dost\u0119pna na stronie produktu, wystarczy w tym celu skontaktowa\u0107 si\u0119 z nami i poprosi\u0107 o wycen\u0119.<\/p>\n<p><strong>Projekt i r\u0119czne wykonanie:<\/strong>\u00a0Anna Siodelska, Wielka Brytania<\/p>\n<p><strong>Kolor tarczy:<\/strong> grafit<\/p>\n<p><strong>Kolor t\u0142a:<\/strong> lustrzane<\/p>\n<p>&nbsp;<\/p>\n","protected":false},"featured_media":32265,"comment_status":"closed","ping_status":"closed","template":"","meta":[],"product_brand":[],"product_cat":[56],"product_tag":[50,65,70,68,53],"class_list":{"0":"post-29112","1":"product","2":"type-product","3":"status-publish","4":"has-post-thumbnail","6":"product_cat-duze-zegary-scienne","7":"product_tag-artystyczne-zegary-scienne","8":"product_tag-duze-zegary-dekoracyjne-na-sciane","9":"product_tag-duze-zegary-rzymskie-szkieletowe","10":"product_tag-drewniane-zegary-scienne-z-cyframi-rzymskimi","11":"product_tag-zegary-drewniane-szkieletowe","12":"product_shipping_class-oversized-clocks-pl","14":"first","15":"instock","16":"sale","17":"taxable","18":"shipping-taxable","19":"purchasable","20":"product-type-variable"},"yoast_head":"<!-- This site is optimized with the Yoast SEO Premium plugin v27.2 (Yoast SEO v27.2) - https:\/\/yoast.com\/product\/yoast-seo-premium-wordpress\/ -->\n<title>R\u0119cznie wykonany lustrzany zegar \u015bcienny z rzymskimi cyframi<\/title>\n<meta name=\"description\" content=\"Nasz pi\u0119kny lustrzany zegar \u015bcienny b\u0119dzie wyrazistym elementem wystroju twojego domu. Jest dost\u0119pny w trzech rozmiarach, odpowiednich do wi\u0119kszo\u015bci potrzeb.\" \/>\n<meta name=\"robots\" content=\"index, follow, max-snippet:-1, max-image-preview:large, max-video-preview:-1\" \/>\n<link rel=\"canonical\" href=\"https:\/\/peakart.co.uk\/pl\/produkt\/duzy-lustrzany-zegar-scienny\/\" \/>\n<meta property=\"og:locale\" content=\"pl_PL\" \/>\n<meta property=\"og:type\" content=\"article\" \/>\n<meta property=\"og:title\" content=\"Du\u017cy Lustrzany Zegar \u015acienny z Cyframi Rzymskimi\" \/>\n<meta property=\"og:description\" content=\"Nasz pi\u0119kny lustrzany zegar \u015bcienny b\u0119dzie wyrazistym elementem wystroju twojego domu. Jest dost\u0119pny w trzech rozmiarach, odpowiednich do wi\u0119kszo\u015bci potrzeb.\" \/>\n<meta property=\"og:url\" content=\"https:\/\/peakart.co.uk\/pl\/produkt\/duzy-lustrzany-zegar-scienny\/\" \/>\n<meta property=\"og:site_name\" content=\"Peak Art\" \/>\n<meta property=\"article:publisher\" content=\"https:\/\/www.facebook.com\/PeakArtClocks\/\" \/>\n<meta property=\"article:modified_time\" content=\"2023-03-22T17:32:59+00:00\" \/>\n<meta property=\"og:image\" content=\"https:\/\/peakart.co.uk\/wp-content\/uploads\/2021\/08\/IMG_5052-002-scaled.jpg\" \/>\n\t<meta property=\"og:image:width\" content=\"2560\" \/>\n\t<meta property=\"og:image:height\" content=\"2538\" \/>\n\t<meta property=\"og:image:type\" content=\"image\/jpeg\" \/>\n<meta name=\"twitter:card\" content=\"summary_large_image\" \/>\n<meta name=\"twitter:label1\" content=\"Dost\u0119pno\u015b\u0107\" \/>\n\t<meta name=\"twitter:data1\" content=\"Dost\u0119pny\" \/>\n<script type=\"application\/ld+json\" class=\"yoast-schema-graph\">{\"@context\":\"https:\/\/schema.org\",\"@graph\":[{\"@type\":\"WebPage\",\"@id\":\"https:\/\/peakart.co.uk\/pl\/produkt\/duzy-lustrzany-zegar-scienny\/\",\"url\":\"https:\/\/peakart.co.uk\/pl\/produkt\/duzy-lustrzany-zegar-scienny\/\",\"name\":\"R\u0119cznie wykonany lustrzany zegar \u015bcienny z rzymskimi cyframi\",\"isPartOf\":{\"@id\":\"https:\/\/peakart.co.uk\/de\/#website\"},\"primaryImageOfPage\":{\"@id\":\"https:\/\/peakart.co.uk\/pl\/produkt\/duzy-lustrzany-zegar-scienny\/#primaryimage\"},\"image\":{\"@id\":\"https:\/\/peakart.co.uk\/pl\/produkt\/duzy-lustrzany-zegar-scienny\/#primaryimage\"},\"thumbnailUrl\":\"https:\/\/peakart.co.uk\/wp-content\/uploads\/2021\/08\/IMG_5052-002-scaled.jpg\",\"datePublished\":\"2021-08-19T18:49:41+00:00\",\"dateModified\":\"2023-03-22T17:32:59+00:00\",\"description\":\"Nasz pi\u0119kny lustrzany zegar \u015bcienny b\u0119dzie wyrazistym elementem wystroju twojego domu. Jest dost\u0119pny w trzech rozmiarach, odpowiednich do wi\u0119kszo\u015bci potrzeb.\",\"breadcrumb\":{\"@id\":\"https:\/\/peakart.co.uk\/pl\/produkt\/duzy-lustrzany-zegar-scienny\/#breadcrumb\"},\"inLanguage\":\"pl-PL\",\"potentialAction\":[{\"@type\":\"ReadAction\",\"target\":[\"https:\/\/peakart.co.uk\/pl\/produkt\/duzy-lustrzany-zegar-scienny\/\"]}]},{\"@type\":\"ImageObject\",\"inLanguage\":\"pl-PL\",\"@id\":\"https:\/\/peakart.co.uk\/pl\/produkt\/duzy-lustrzany-zegar-scienny\/#primaryimage\",\"url\":\"https:\/\/peakart.co.uk\/wp-content\/uploads\/2021\/08\/IMG_5052-002-scaled.jpg\",\"contentUrl\":\"https:\/\/peakart.co.uk\/wp-content\/uploads\/2021\/08\/IMG_5052-002-scaled.jpg\",\"width\":2560,\"height\":2538},{\"@type\":\"BreadcrumbList\",\"@id\":\"https:\/\/peakart.co.uk\/pl\/produkt\/duzy-lustrzany-zegar-scienny\/#breadcrumb\",\"itemListElement\":[{\"@type\":\"ListItem\",\"position\":1,\"name\":\"Home\",\"item\":\"https:\/\/peakart.co.uk\/pl\/\"},{\"@type\":\"ListItem\",\"position\":2,\"name\":\"Sklep\",\"item\":\"https:\/\/peakart.co.uk\/pl\/sklep\/\"},{\"@type\":\"ListItem\",\"position\":3,\"name\":\"Du\u017cy Lustrzany Zegar \u015acienny z Cyframi Rzymskimi\"}]},{\"@type\":\"WebSite\",\"@id\":\"https:\/\/peakart.co.uk\/de\/#website\",\"url\":\"https:\/\/peakart.co.uk\/de\/\",\"name\":\"Peak Art\",\"description\":\"\",\"publisher\":{\"@id\":\"https:\/\/peakart.co.uk\/de\/#organization\"},\"potentialAction\":[{\"@type\":\"SearchAction\",\"target\":{\"@type\":\"EntryPoint\",\"urlTemplate\":\"https:\/\/peakart.co.uk\/de\/?s={search_term_string}\"},\"query-input\":{\"@type\":\"PropertyValueSpecification\",\"valueRequired\":true,\"valueName\":\"search_term_string\"}}],\"inLanguage\":\"pl-PL\"},{\"@type\":\"Organization\",\"@id\":\"https:\/\/peakart.co.uk\/de\/#organization\",\"name\":\"Peak Art\",\"url\":\"https:\/\/peakart.co.uk\/de\/\",\"logo\":{\"@type\":\"ImageObject\",\"inLanguage\":\"pl-PL\",\"@id\":\"https:\/\/peakart.co.uk\/de\/#\/schema\/logo\/image\/\",\"url\":\"https:\/\/peakart.co.uk\/wp-content\/uploads\/2023\/07\/logo-8.jpg\",\"contentUrl\":\"https:\/\/peakart.co.uk\/wp-content\/uploads\/2023\/07\/logo-8.jpg\",\"width\":666,\"height\":259,\"caption\":\"Peak Art\"},\"image\":{\"@id\":\"https:\/\/peakart.co.uk\/de\/#\/schema\/logo\/image\/\"},\"sameAs\":[\"https:\/\/www.facebook.com\/PeakArtClocks\/\"],\"hasMerchantReturnPolicy\":{\"@type\":\"MerchantReturnPolicy\",\"merchantReturnLink\":\"https:\/\/peakart.co.uk\/refund_returns\/\"}}]}<\/script>\n<meta property=\"og:availability\" content=\"instock\" \/>\n<meta property=\"product:availability\" content=\"instock\" \/>\n<meta property=\"product:retailer_item_id\" content=\"PEAKART-66955\" \/>\n<meta property=\"product:condition\" content=\"new\" \/>\n<!-- \/ Yoast SEO Premium plugin. -->","yoast_head_json":{"title":"R\u0119cznie wykonany lustrzany zegar \u015bcienny z rzymskimi cyframi","description":"Nasz pi\u0119kny lustrzany zegar \u015bcienny b\u0119dzie wyrazistym elementem wystroju twojego domu. Jest dost\u0119pny w trzech rozmiarach, odpowiednich do wi\u0119kszo\u015bci potrzeb.","robots":{"index":"index","follow":"follow","max-snippet":"max-snippet:-1","max-image-preview":"max-image-preview:large","max-video-preview":"max-video-preview:-1"},"canonical":"https:\/\/peakart.co.uk\/pl\/produkt\/duzy-lustrzany-zegar-scienny\/","og_locale":"pl_PL","og_type":"article","og_title":"Du\u017cy Lustrzany Zegar \u015acienny z Cyframi Rzymskimi","og_description":"Nasz pi\u0119kny lustrzany zegar \u015bcienny b\u0119dzie wyrazistym elementem wystroju twojego domu. Jest dost\u0119pny w trzech rozmiarach, odpowiednich do wi\u0119kszo\u015bci potrzeb.","og_url":"https:\/\/peakart.co.uk\/pl\/produkt\/duzy-lustrzany-zegar-scienny\/","og_site_name":"Peak Art","article_publisher":"https:\/\/www.facebook.com\/PeakArtClocks\/","article_modified_time":"2023-03-22T17:32:59+00:00","og_image":[{"width":2560,"height":2538,"url":"https:\/\/peakart.co.uk\/wp-content\/uploads\/2021\/08\/IMG_5052-002-scaled.jpg","type":"image\/jpeg"}],"twitter_card":"summary_large_image","twitter_misc":{"Dost\u0119pno\u015b\u0107":"Dost\u0119pny"},"schema":{"@context":"https:\/\/schema.org","@graph":[{"@type":"WebPage","@id":"https:\/\/peakart.co.uk\/pl\/produkt\/duzy-lustrzany-zegar-scienny\/","url":"https:\/\/peakart.co.uk\/pl\/produkt\/duzy-lustrzany-zegar-scienny\/","name":"R\u0119cznie wykonany lustrzany zegar \u015bcienny z rzymskimi cyframi","isPartOf":{"@id":"https:\/\/peakart.co.uk\/de\/#website"},"primaryImageOfPage":{"@id":"https:\/\/peakart.co.uk\/pl\/produkt\/duzy-lustrzany-zegar-scienny\/#primaryimage"},"image":{"@id":"https:\/\/peakart.co.uk\/pl\/produkt\/duzy-lustrzany-zegar-scienny\/#primaryimage"},"thumbnailUrl":"https:\/\/peakart.co.uk\/wp-content\/uploads\/2021\/08\/IMG_5052-002-scaled.jpg","datePublished":"2021-08-19T18:49:41+00:00","dateModified":"2023-03-22T17:32:59+00:00","description":"Nasz pi\u0119kny lustrzany zegar \u015bcienny b\u0119dzie wyrazistym elementem wystroju twojego domu. Jest dost\u0119pny w trzech rozmiarach, odpowiednich do wi\u0119kszo\u015bci potrzeb.","breadcrumb":{"@id":"https:\/\/peakart.co.uk\/pl\/produkt\/duzy-lustrzany-zegar-scienny\/#breadcrumb"},"inLanguage":"pl-PL","potentialAction":[{"@type":"ReadAction","target":["https:\/\/peakart.co.uk\/pl\/produkt\/duzy-lustrzany-zegar-scienny\/"]}]},{"@type":"ImageObject","inLanguage":"pl-PL","@id":"https:\/\/peakart.co.uk\/pl\/produkt\/duzy-lustrzany-zegar-scienny\/#primaryimage","url":"https:\/\/peakart.co.uk\/wp-content\/uploads\/2021\/08\/IMG_5052-002-scaled.jpg","contentUrl":"https:\/\/peakart.co.uk\/wp-content\/uploads\/2021\/08\/IMG_5052-002-scaled.jpg","width":2560,"height":2538},{"@type":"BreadcrumbList","@id":"https:\/\/peakart.co.uk\/pl\/produkt\/duzy-lustrzany-zegar-scienny\/#breadcrumb","itemListElement":[{"@type":"ListItem","position":1,"name":"Home","item":"https:\/\/peakart.co.uk\/pl\/"},{"@type":"ListItem","position":2,"name":"Sklep","item":"https:\/\/peakart.co.uk\/pl\/sklep\/"},{"@type":"ListItem","position":3,"name":"Du\u017cy Lustrzany Zegar \u015acienny z Cyframi Rzymskimi"}]},{"@type":"WebSite","@id":"https:\/\/peakart.co.uk\/de\/#website","url":"https:\/\/peakart.co.uk\/de\/","name":"Peak Art","description":"","publisher":{"@id":"https:\/\/peakart.co.uk\/de\/#organization"},"potentialAction":[{"@type":"SearchAction","target":{"@type":"EntryPoint","urlTemplate":"https:\/\/peakart.co.uk\/de\/?s={search_term_string}"},"query-input":{"@type":"PropertyValueSpecification","valueRequired":true,"valueName":"search_term_string"}}],"inLanguage":"pl-PL"},{"@type":"Organization","@id":"https:\/\/peakart.co.uk\/de\/#organization","name":"Peak Art","url":"https:\/\/peakart.co.uk\/de\/","logo":{"@type":"ImageObject","inLanguage":"pl-PL","@id":"https:\/\/peakart.co.uk\/de\/#\/schema\/logo\/image\/","url":"https:\/\/peakart.co.uk\/wp-content\/uploads\/2023\/07\/logo-8.jpg","contentUrl":"https:\/\/peakart.co.uk\/wp-content\/uploads\/2023\/07\/logo-8.jpg","width":666,"height":259,"caption":"Peak Art"},"image":{"@id":"https:\/\/peakart.co.uk\/de\/#\/schema\/logo\/image\/"},"sameAs":["https:\/\/www.facebook.com\/PeakArtClocks\/"],"hasMerchantReturnPolicy":{"@type":"MerchantReturnPolicy","merchantReturnLink":"https:\/\/peakart.co.uk\/refund_returns\/"}}]},"og_availability":"instock","product_availability":"instock","product_retailer_item_id":"PEAKART-66955","product_condition":"new"},"_links":{"self":[{"href":"https:\/\/peakart.co.uk\/pl\/wp-json\/wp\/v2\/product\/29112","targetHints":{"allow":["GET"]}}],"collection":[{"href":"https:\/\/peakart.co.uk\/pl\/wp-json\/wp\/v2\/product"}],"about":[{"href":"https:\/\/peakart.co.uk\/pl\/wp-json\/wp\/v2\/types\/product"}],"replies":[{"embeddable":true,"href":"https:\/\/peakart.co.uk\/pl\/wp-json\/wp\/v2\/comments?post=29112"}],"wp:featuredmedia":[{"embeddable":true,"href":"https:\/\/peakart.co.uk\/pl\/wp-json\/wp\/v2\/media\/32265"}],"wp:attachment":[{"href":"https:\/\/peakart.co.uk\/pl\/wp-json\/wp\/v2\/media?parent=29112"}],"wp:term":[{"taxonomy":"product_brand","embeddable":true,"href":"https:\/\/peakart.co.uk\/pl\/wp-json\/wp\/v2\/product_brand?post=29112"},{"taxonomy":"product_cat","embeddable":true,"href":"https:\/\/peakart.co.uk\/pl\/wp-json\/wp\/v2\/product_cat?post=29112"},{"taxonomy":"product_tag","embeddable":true,"href":"https:\/\/peakart.co.uk\/pl\/wp-json\/wp\/v2\/product_tag?post=29112"}],"curies":[{"name":"wp","href":"https:\/\/api.w.org\/{rel}","templated":true}]}}