{"id":28433,"date":"2020-08-28T22:17:43","date_gmt":"2020-08-28T21:17:45","guid":{"rendered":"https:\/\/peakart.co.uk\/?post_type=product&#038;p=28433"},"modified":"2023-03-22T17:02:27","modified_gmt":"2023-03-22T17:02:27","slug":"duzy-rzymski-zegar-na-sciane","status":"publish","type":"product","link":"https:\/\/peakart.co.uk\/pl\/produkt\/duzy-rzymski-zegar-na-sciane\/","title":{"rendered":"Du\u017cy Rzymski Zegar Na \u015acian\u0119"},"content":{"rendered":"<h2>Przyci\u0105gnij uwag\u0119 go\u015bci du\u017cym zegarem \u015bciennym z rzymskimi cyframi<\/h2>\n<p>Od za\u0142o\u017cenia firmy Peak Art Clocks w 2015 roku naszym g\u0142\u00f3wnym celem by\u0142o oferowanie wyj\u0105tkowych, du\u017cych czasomierzy klientom z ca\u0142ego \u015bwiata. Wszyscy oni szukaj\u0105 czego\u015b wi\u0119cej ni\u017c zwyk\u0142y zegar. Cz\u0119sto miesi\u0105cami rozgl\u0105daj\u0105 si\u0119 za czym\u015b, co ich zachwyci. Przez ostatnie pi\u0119\u0107 lat stworzyli\u015bmy ponad 50 r\u00f3\u017cnorodnych projekt\u00f3w. W naszym sklepie znajdziecie zegary o r\u00f3\u017cnych kszta\u0142tach i rozmiarach, wci\u0105\u017c jednak wi\u0119kszo\u015b\u0107 z nich ma tradycyjne <a href=\"https:\/\/peakart.co.uk\/pl\/tag-produktu\/drewniane-zegary-scienne-z-cyframi-rzymskimi\/\">rzymskie cyfry<\/a>.<\/p>\n<p>Ka\u017cdy model ma swoj\u0105 histori\u0119 i ten nie jest wyj\u0105tkiem od regu\u0142y. Jeden z naszych klient\u00f3w zapragn\u0105\u0142 kiedy\u015b <a href=\"https:\/\/peakart.co.uk\/pl\/produkt\/szary-zegar\/\">szarego zegara,<\/a> ale z pomara\u0144czowymi akcentami. Kiedy otrzymali\u015bmy od niego zdj\u0119cia salonu, w naszych g\u0142owach pojawi\u0142a si\u0119 wyra\u017aniejsza wizja, kt\u00f3ra ostatecznie zosta\u0142a przekszta\u0142cona w ten projekt. Szczycimy si\u0119 tym, \u017ce zawsze przyk\u0142adamy du\u017c\u0105 wag\u0119 do wymaga\u0144 i potrzeb klient\u00f3w.<\/p>\n<p>Kupuj\u0105c wykonany r\u0119cznie zegar \u015bcienny marki Peak Art maj\u0105 Pa\u0144stwo pewno\u015b\u0107, \u017ce na ca\u0142ym \u015bwiecie nie b\u0119dzie drugiego takiego samego egzemplarza. Z uwagi na charakter wykonania, na dw\u00f3ch \u015bcianach nigdy nie zawisn\u0105 identyczne zegary.<\/p>\n","protected":false},"excerpt":{"rendered":"<p>Ten pi\u0119kny zegar \u015bcienny z rzymskimi cyframi zosta\u0142 pierwotnie zaprojektowany ze \u015brednic\u0105 48&#8243; (120 cm), teraz jednak dost\u0119pne s\u0105 r\u00f3wnie\u017c inne rozmiary, kt\u00f3re mo\u017cna wybra\u0107 z listy rozwijalnej.<\/p>\n<p><strong>Projekt i r\u0119czne wykonanie:<\/strong> Anna Siodelska, Wielka Brytania<\/p>\n<p><strong>Kolor tarczy:<\/strong> ciemnoszary z pomara\u0144czowymi odcieniami<\/p>\n<p><strong>Kolor t\u0142a:<\/strong> przezierny\/\u015bciana<\/p>\n","protected":false},"featured_media":30117,"comment_status":"closed","ping_status":"closed","template":"","meta":[],"product_brand":[],"product_cat":[56],"product_tag":[50,65,2138,70,68,2671,53,76],"class_list":{"0":"post-28433","1":"product","2":"type-product","3":"status-publish","4":"has-post-thumbnail","6":"product_cat-duze-zegary-scienne","7":"product_tag-artystyczne-zegary-scienne","8":"product_tag-duze-zegary-dekoracyjne-na-sciane","9":"product_tag-duze-zegary-scienne","10":"product_tag-duze-zegary-rzymskie-szkieletowe","11":"product_tag-drewniane-zegary-scienne-z-cyframi-rzymskimi","12":"product_tag-nietypowe-duze-zegary-scienne","13":"product_tag-zegary-drewniane-szkieletowe","14":"product_tag-zegary-scienne-shabby-chic","15":"product_shipping_class-oversized-clocks-pl","17":"first","18":"instock","19":"sale","20":"taxable","21":"shipping-taxable","22":"purchasable","23":"product-type-variable"},"yoast_head":"<!-- This site is optimized with the Yoast SEO Premium plugin v27.2 (Yoast SEO v27.2) - https:\/\/yoast.com\/product\/yoast-seo-premium-wordpress\/ -->\n<title>Du\u017cy zegar \u015bcienny z rzymskimi cyframi wykonany r\u0119cznie z drewna<\/title>\n<meta name=\"description\" content=\"Nasze du\u017ce zegary \u015bcienne z rzymskimi cyframi zdecydowanie zwr\u00f3c\u0105 uwag\u0119 go\u015bci. S\u0105 dost\u0119pne w trzech rozmiarach.\" \/>\n<meta name=\"robots\" content=\"index, follow, max-snippet:-1, max-image-preview:large, max-video-preview:-1\" \/>\n<link rel=\"canonical\" href=\"https:\/\/peakart.co.uk\/pl\/produkt\/duzy-rzymski-zegar-na-sciane\/\" \/>\n<meta property=\"og:locale\" content=\"pl_PL\" \/>\n<meta property=\"og:type\" content=\"article\" \/>\n<meta property=\"og:title\" content=\"Du\u017cy Rzymski Zegar Na \u015acian\u0119\" \/>\n<meta property=\"og:description\" content=\"Nasze du\u017ce zegary \u015bcienne z rzymskimi cyframi zdecydowanie zwr\u00f3c\u0105 uwag\u0119 go\u015bci. S\u0105 dost\u0119pne w trzech rozmiarach.\" \/>\n<meta property=\"og:url\" content=\"https:\/\/peakart.co.uk\/pl\/produkt\/duzy-rzymski-zegar-na-sciane\/\" \/>\n<meta property=\"og:site_name\" content=\"Peak Art\" \/>\n<meta property=\"article:publisher\" content=\"https:\/\/www.facebook.com\/PeakArtClocks\/\" \/>\n<meta property=\"article:modified_time\" content=\"2023-03-22T17:02:27+00:00\" \/>\n<meta property=\"og:image\" content=\"https:\/\/peakart.co.uk\/wp-content\/uploads\/2020\/08\/Roman-Numeral-Wall-Clock-Cloudy-Grey-Interiors.jpg\" \/>\n\t<meta property=\"og:image:width\" content=\"2000\" \/>\n\t<meta property=\"og:image:height\" content=\"1648\" \/>\n\t<meta property=\"og:image:type\" content=\"image\/jpeg\" \/>\n<meta name=\"twitter:card\" content=\"summary_large_image\" \/>\n<meta name=\"twitter:label1\" content=\"Dost\u0119pno\u015b\u0107\" \/>\n\t<meta name=\"twitter:data1\" content=\"Dost\u0119pny\" \/>\n<script type=\"application\/ld+json\" class=\"yoast-schema-graph\">{\"@context\":\"https:\/\/schema.org\",\"@graph\":[{\"@type\":\"WebPage\",\"@id\":\"https:\/\/peakart.co.uk\/pl\/produkt\/duzy-rzymski-zegar-na-sciane\/\",\"url\":\"https:\/\/peakart.co.uk\/pl\/produkt\/duzy-rzymski-zegar-na-sciane\/\",\"name\":\"Du\u017cy zegar \u015bcienny z rzymskimi cyframi wykonany r\u0119cznie z drewna\",\"isPartOf\":{\"@id\":\"https:\/\/peakart.co.uk\/de\/#website\"},\"primaryImageOfPage\":{\"@id\":\"https:\/\/peakart.co.uk\/pl\/produkt\/duzy-rzymski-zegar-na-sciane\/#primaryimage\"},\"image\":{\"@id\":\"https:\/\/peakart.co.uk\/pl\/produkt\/duzy-rzymski-zegar-na-sciane\/#primaryimage\"},\"thumbnailUrl\":\"https:\/\/peakart.co.uk\/wp-content\/uploads\/2020\/08\/Roman-Numeral-Wall-Clock-Cloudy-Grey-Interiors.jpg\",\"datePublished\":\"2020-08-28T21:17:45+00:00\",\"dateModified\":\"2023-03-22T17:02:27+00:00\",\"description\":\"Nasze du\u017ce zegary \u015bcienne z rzymskimi cyframi zdecydowanie zwr\u00f3c\u0105 uwag\u0119 go\u015bci. S\u0105 dost\u0119pne w trzech rozmiarach.\",\"breadcrumb\":{\"@id\":\"https:\/\/peakart.co.uk\/pl\/produkt\/duzy-rzymski-zegar-na-sciane\/#breadcrumb\"},\"inLanguage\":\"pl-PL\",\"potentialAction\":[{\"@type\":\"ReadAction\",\"target\":[\"https:\/\/peakart.co.uk\/pl\/produkt\/duzy-rzymski-zegar-na-sciane\/\"]}]},{\"@type\":\"ImageObject\",\"inLanguage\":\"pl-PL\",\"@id\":\"https:\/\/peakart.co.uk\/pl\/produkt\/duzy-rzymski-zegar-na-sciane\/#primaryimage\",\"url\":\"https:\/\/peakart.co.uk\/wp-content\/uploads\/2020\/08\/Roman-Numeral-Wall-Clock-Cloudy-Grey-Interiors.jpg\",\"contentUrl\":\"https:\/\/peakart.co.uk\/wp-content\/uploads\/2020\/08\/Roman-Numeral-Wall-Clock-Cloudy-Grey-Interiors.jpg\",\"width\":2000,\"height\":1648,\"caption\":\"Cloudy Grey\"},{\"@type\":\"BreadcrumbList\",\"@id\":\"https:\/\/peakart.co.uk\/pl\/produkt\/duzy-rzymski-zegar-na-sciane\/#breadcrumb\",\"itemListElement\":[{\"@type\":\"ListItem\",\"position\":1,\"name\":\"Home\",\"item\":\"https:\/\/peakart.co.uk\/pl\/\"},{\"@type\":\"ListItem\",\"position\":2,\"name\":\"Sklep\",\"item\":\"https:\/\/peakart.co.uk\/pl\/sklep\/\"},{\"@type\":\"ListItem\",\"position\":3,\"name\":\"Du\u017cy Rzymski Zegar Na \u015acian\u0119\"}]},{\"@type\":\"WebSite\",\"@id\":\"https:\/\/peakart.co.uk\/de\/#website\",\"url\":\"https:\/\/peakart.co.uk\/de\/\",\"name\":\"Peak Art\",\"description\":\"\",\"publisher\":{\"@id\":\"https:\/\/peakart.co.uk\/de\/#organization\"},\"potentialAction\":[{\"@type\":\"SearchAction\",\"target\":{\"@type\":\"EntryPoint\",\"urlTemplate\":\"https:\/\/peakart.co.uk\/de\/?s={search_term_string}\"},\"query-input\":{\"@type\":\"PropertyValueSpecification\",\"valueRequired\":true,\"valueName\":\"search_term_string\"}}],\"inLanguage\":\"pl-PL\"},{\"@type\":\"Organization\",\"@id\":\"https:\/\/peakart.co.uk\/de\/#organization\",\"name\":\"Peak Art\",\"url\":\"https:\/\/peakart.co.uk\/de\/\",\"logo\":{\"@type\":\"ImageObject\",\"inLanguage\":\"pl-PL\",\"@id\":\"https:\/\/peakart.co.uk\/de\/#\/schema\/logo\/image\/\",\"url\":\"https:\/\/peakart.co.uk\/wp-content\/uploads\/2023\/07\/logo-8.jpg\",\"contentUrl\":\"https:\/\/peakart.co.uk\/wp-content\/uploads\/2023\/07\/logo-8.jpg\",\"width\":666,\"height\":259,\"caption\":\"Peak Art\"},\"image\":{\"@id\":\"https:\/\/peakart.co.uk\/de\/#\/schema\/logo\/image\/\"},\"sameAs\":[\"https:\/\/www.facebook.com\/PeakArtClocks\/\"],\"hasMerchantReturnPolicy\":{\"@type\":\"MerchantReturnPolicy\",\"merchantReturnLink\":\"https:\/\/peakart.co.uk\/refund_returns\/\"}}]}<\/script>\n<meta property=\"og:availability\" content=\"instock\" \/>\n<meta property=\"product:availability\" content=\"instock\" \/>\n<meta property=\"product:retailer_item_id\" content=\"PEAKART-38335\" \/>\n<meta property=\"product:condition\" content=\"new\" \/>\n<!-- \/ Yoast SEO Premium plugin. -->","yoast_head_json":{"title":"Du\u017cy zegar \u015bcienny z rzymskimi cyframi wykonany r\u0119cznie z drewna","description":"Nasze du\u017ce zegary \u015bcienne z rzymskimi cyframi zdecydowanie zwr\u00f3c\u0105 uwag\u0119 go\u015bci. S\u0105 dost\u0119pne w trzech rozmiarach.","robots":{"index":"index","follow":"follow","max-snippet":"max-snippet:-1","max-image-preview":"max-image-preview:large","max-video-preview":"max-video-preview:-1"},"canonical":"https:\/\/peakart.co.uk\/pl\/produkt\/duzy-rzymski-zegar-na-sciane\/","og_locale":"pl_PL","og_type":"article","og_title":"Du\u017cy Rzymski Zegar Na \u015acian\u0119","og_description":"Nasze du\u017ce zegary \u015bcienne z rzymskimi cyframi zdecydowanie zwr\u00f3c\u0105 uwag\u0119 go\u015bci. S\u0105 dost\u0119pne w trzech rozmiarach.","og_url":"https:\/\/peakart.co.uk\/pl\/produkt\/duzy-rzymski-zegar-na-sciane\/","og_site_name":"Peak Art","article_publisher":"https:\/\/www.facebook.com\/PeakArtClocks\/","article_modified_time":"2023-03-22T17:02:27+00:00","og_image":[{"width":2000,"height":1648,"url":"https:\/\/peakart.co.uk\/wp-content\/uploads\/2020\/08\/Roman-Numeral-Wall-Clock-Cloudy-Grey-Interiors.jpg","type":"image\/jpeg"}],"twitter_card":"summary_large_image","twitter_misc":{"Dost\u0119pno\u015b\u0107":"Dost\u0119pny"},"schema":{"@context":"https:\/\/schema.org","@graph":[{"@type":"WebPage","@id":"https:\/\/peakart.co.uk\/pl\/produkt\/duzy-rzymski-zegar-na-sciane\/","url":"https:\/\/peakart.co.uk\/pl\/produkt\/duzy-rzymski-zegar-na-sciane\/","name":"Du\u017cy zegar \u015bcienny z rzymskimi cyframi wykonany r\u0119cznie z drewna","isPartOf":{"@id":"https:\/\/peakart.co.uk\/de\/#website"},"primaryImageOfPage":{"@id":"https:\/\/peakart.co.uk\/pl\/produkt\/duzy-rzymski-zegar-na-sciane\/#primaryimage"},"image":{"@id":"https:\/\/peakart.co.uk\/pl\/produkt\/duzy-rzymski-zegar-na-sciane\/#primaryimage"},"thumbnailUrl":"https:\/\/peakart.co.uk\/wp-content\/uploads\/2020\/08\/Roman-Numeral-Wall-Clock-Cloudy-Grey-Interiors.jpg","datePublished":"2020-08-28T21:17:45+00:00","dateModified":"2023-03-22T17:02:27+00:00","description":"Nasze du\u017ce zegary \u015bcienne z rzymskimi cyframi zdecydowanie zwr\u00f3c\u0105 uwag\u0119 go\u015bci. S\u0105 dost\u0119pne w trzech rozmiarach.","breadcrumb":{"@id":"https:\/\/peakart.co.uk\/pl\/produkt\/duzy-rzymski-zegar-na-sciane\/#breadcrumb"},"inLanguage":"pl-PL","potentialAction":[{"@type":"ReadAction","target":["https:\/\/peakart.co.uk\/pl\/produkt\/duzy-rzymski-zegar-na-sciane\/"]}]},{"@type":"ImageObject","inLanguage":"pl-PL","@id":"https:\/\/peakart.co.uk\/pl\/produkt\/duzy-rzymski-zegar-na-sciane\/#primaryimage","url":"https:\/\/peakart.co.uk\/wp-content\/uploads\/2020\/08\/Roman-Numeral-Wall-Clock-Cloudy-Grey-Interiors.jpg","contentUrl":"https:\/\/peakart.co.uk\/wp-content\/uploads\/2020\/08\/Roman-Numeral-Wall-Clock-Cloudy-Grey-Interiors.jpg","width":2000,"height":1648,"caption":"Cloudy Grey"},{"@type":"BreadcrumbList","@id":"https:\/\/peakart.co.uk\/pl\/produkt\/duzy-rzymski-zegar-na-sciane\/#breadcrumb","itemListElement":[{"@type":"ListItem","position":1,"name":"Home","item":"https:\/\/peakart.co.uk\/pl\/"},{"@type":"ListItem","position":2,"name":"Sklep","item":"https:\/\/peakart.co.uk\/pl\/sklep\/"},{"@type":"ListItem","position":3,"name":"Du\u017cy Rzymski Zegar Na \u015acian\u0119"}]},{"@type":"WebSite","@id":"https:\/\/peakart.co.uk\/de\/#website","url":"https:\/\/peakart.co.uk\/de\/","name":"Peak Art","description":"","publisher":{"@id":"https:\/\/peakart.co.uk\/de\/#organization"},"potentialAction":[{"@type":"SearchAction","target":{"@type":"EntryPoint","urlTemplate":"https:\/\/peakart.co.uk\/de\/?s={search_term_string}"},"query-input":{"@type":"PropertyValueSpecification","valueRequired":true,"valueName":"search_term_string"}}],"inLanguage":"pl-PL"},{"@type":"Organization","@id":"https:\/\/peakart.co.uk\/de\/#organization","name":"Peak Art","url":"https:\/\/peakart.co.uk\/de\/","logo":{"@type":"ImageObject","inLanguage":"pl-PL","@id":"https:\/\/peakart.co.uk\/de\/#\/schema\/logo\/image\/","url":"https:\/\/peakart.co.uk\/wp-content\/uploads\/2023\/07\/logo-8.jpg","contentUrl":"https:\/\/peakart.co.uk\/wp-content\/uploads\/2023\/07\/logo-8.jpg","width":666,"height":259,"caption":"Peak Art"},"image":{"@id":"https:\/\/peakart.co.uk\/de\/#\/schema\/logo\/image\/"},"sameAs":["https:\/\/www.facebook.com\/PeakArtClocks\/"],"hasMerchantReturnPolicy":{"@type":"MerchantReturnPolicy","merchantReturnLink":"https:\/\/peakart.co.uk\/refund_returns\/"}}]},"og_availability":"instock","product_availability":"instock","product_retailer_item_id":"PEAKART-38335","product_condition":"new"},"_links":{"self":[{"href":"https:\/\/peakart.co.uk\/pl\/wp-json\/wp\/v2\/product\/28433","targetHints":{"allow":["GET"]}}],"collection":[{"href":"https:\/\/peakart.co.uk\/pl\/wp-json\/wp\/v2\/product"}],"about":[{"href":"https:\/\/peakart.co.uk\/pl\/wp-json\/wp\/v2\/types\/product"}],"replies":[{"embeddable":true,"href":"https:\/\/peakart.co.uk\/pl\/wp-json\/wp\/v2\/comments?post=28433"}],"wp:featuredmedia":[{"embeddable":true,"href":"https:\/\/peakart.co.uk\/pl\/wp-json\/wp\/v2\/media\/30117"}],"wp:attachment":[{"href":"https:\/\/peakart.co.uk\/pl\/wp-json\/wp\/v2\/media?parent=28433"}],"wp:term":[{"taxonomy":"product_brand","embeddable":true,"href":"https:\/\/peakart.co.uk\/pl\/wp-json\/wp\/v2\/product_brand?post=28433"},{"taxonomy":"product_cat","embeddable":true,"href":"https:\/\/peakart.co.uk\/pl\/wp-json\/wp\/v2\/product_cat?post=28433"},{"taxonomy":"product_tag","embeddable":true,"href":"https:\/\/peakart.co.uk\/pl\/wp-json\/wp\/v2\/product_tag?post=28433"}],"curies":[{"name":"wp","href":"https:\/\/api.w.org\/{rel}","templated":true}]}}