{"id":28318,"date":"2020-06-15T17:25:00","date_gmt":"2020-06-15T16:25:02","guid":{"rendered":"https:\/\/peakart.co.uk\/?post_type=product&#038;p=28318"},"modified":"2023-03-23T10:19:20","modified_gmt":"2023-03-23T10:19:20","slug":"zegar-industrialny-na-sciane","status":"publish","type":"product","link":"https:\/\/peakart.co.uk\/pl\/produkt\/zegar-industrialny-na-sciane\/","title":{"rendered":"Zegar industrialny na \u015bcian\u0119"},"content":{"rendered":"<h2>Dekoracja \u015bcienna w stylu industrialnym w postaci du\u017cego zegara<\/h2>\n<p>Przez wiele lat dodawali\u015bmy modele zegar\u00f3w industrialnych do naszej oferty, poniewa\u017c nasi klienci cz\u0119sto szukaj\u0105 czego\u015b innego ni\u017c tradycyjne <a href=\"https:\/\/peakart.co.uk\/pl\/tag-produktu\/drewniane-zegary-scienne-z-cyframi-rzymskimi\/\">zegary \u015bcienne z cyframi rzymskimi<\/a>. W tym konkretnym modelu \u015bciennego zegara industrialnego nie ma element\u00f3w metalowych, ale jego powierzchnia jest wyrazi\u015bcie pomalowana i wygl\u0105da bardzo interesuj\u0105co. Na tarczy przenikaj\u0105 si\u0119 z\u0142ote, pomara\u0144czowe, niebieskie i szare odcienie. Mocn\u0105 tyln\u0105 p\u0142yt\u0119 pokryto czarn\u0105 farb\u0105 z odrobin\u0105 z\u0142ota i srebra. Ozdabianie \u015bciany du\u017cym zegarem to nowy i z pewno\u015bci\u0105 godny uwagi trend w wystroju wn\u0119trz. Zamiast olbrzymich obraz\u00f3w czy luster mo\u017cna postawi\u0107 na ozdobny element, kt\u00f3ry jest jednocze\u015bnie efektowny i funkcjonalny.<\/p>\n<p>Jak wiele innych czasomierzy dost\u0119pnych na naszej witrynie internetowej, ten zegar wykonano z dw\u00f3ch ze\u015brubowanych ze sob\u0105 paneli drewna sosnowego. Zar\u00f3wno prz\u00f3d, jak i ty\u0142 zosta\u0142y pomalowane r\u0119cznie, wi\u0119c ca\u0142y zegar prezentuje si\u0119 wyj\u0105tkowo. Aby mechanizm dzia\u0142a\u0142, trzeba tylko w\u0142o\u017cy\u0107 jedn\u0105 bateri\u0119 typu C, kt\u00f3ra powinna wystarczy\u0107 na do dziewi\u0119ciu miesi\u0119cy. Zapraszamy do <a href=\"https:\/\/peakart.co.uk\/pl\/kontakt\/\">skontaktowania si\u0119 z nami<\/a> w sprawie wszelkich pyta\u0144 dotycz\u0105cych tego lub innych zegar\u00f3w z naszej oferty.<\/p>\n","protected":false},"excerpt":{"rendered":"<p>Du\u017cy artystyczny czasomierz; wielobarwne elementy kontrastuj\u0105 z czarnym t\u0142em z odrobin\u0105 srebra i z\u0142ota<\/p>\n<p><strong>Projekt i r\u0119czne wykonanie <\/strong>\u00a0\u2013\u00a0Anna Siodelska, Wielka Brytania<\/p>\n<p><strong>Kolor tarczy<\/strong> \u2013 tekowy, z\u0142oty d\u0105b, sosnowy, z\u0142oto, chrom, prowansalski niebieski, czarny<\/p>\n<p><strong>Kolor t\u0142a<\/strong> \u2013 czarny ze srebrem i z\u0142otem<\/p>\n<p>&nbsp;<\/p>\n","protected":false},"featured_media":32468,"comment_status":"closed","ping_status":"closed","template":"","meta":[],"product_brand":[],"product_cat":[56],"product_tag":[50,65,67,2671],"class_list":{"0":"post-28318","1":"product","2":"type-product","3":"status-publish","4":"has-post-thumbnail","6":"product_cat-duze-zegary-scienne","7":"product_tag-artystyczne-zegary-scienne","8":"product_tag-duze-zegary-dekoracyjne-na-sciane","9":"product_tag-duze-zegary-industrialne","10":"product_tag-nietypowe-duze-zegary-scienne","11":"product_shipping_class-oversized-clocks-pl","13":"first","14":"instock","15":"sale","16":"taxable","17":"shipping-taxable","18":"purchasable","19":"product-type-variable"},"yoast_head":"<!-- This site is optimized with the Yoast SEO Premium plugin v27.2 (Yoast SEO v27.2) - https:\/\/yoast.com\/product\/yoast-seo-premium-wordpress\/ -->\n<title>Zegar industrialny na \u015bcian\u0119 dost\u0119pny w r\u00f3\u017cnych rozmiarach.<\/title>\n<meta name=\"description\" content=\"Nasz du\u017cy, recznie wykonany zegar industrialny\" \/>\n<meta name=\"robots\" content=\"index, follow, max-snippet:-1, max-image-preview:large, max-video-preview:-1\" \/>\n<link rel=\"canonical\" href=\"https:\/\/peakart.co.uk\/pl\/produkt\/zegar-industrialny-na-sciane\/\" \/>\n<meta property=\"og:locale\" content=\"pl_PL\" \/>\n<meta property=\"og:type\" content=\"article\" \/>\n<meta property=\"og:title\" content=\"Zegar industrialny na \u015bcian\u0119\" \/>\n<meta property=\"og:description\" content=\"Nasz du\u017cy, recznie wykonany zegar industrialny\" \/>\n<meta property=\"og:url\" content=\"https:\/\/peakart.co.uk\/pl\/produkt\/zegar-industrialny-na-sciane\/\" \/>\n<meta property=\"og:site_name\" content=\"Peak Art\" \/>\n<meta property=\"article:publisher\" content=\"https:\/\/www.facebook.com\/PeakArtClocks\/\" \/>\n<meta property=\"article:modified_time\" content=\"2023-03-23T10:19:20+00:00\" \/>\n<meta property=\"og:image\" content=\"https:\/\/peakart.co.uk\/wp-content\/uploads\/2020\/06\/Industrial-Clock-for-Wall-Cherokee-Zoom.jpg\" \/>\n\t<meta property=\"og:image:width\" content=\"1348\" \/>\n\t<meta property=\"og:image:height\" content=\"1200\" \/>\n\t<meta property=\"og:image:type\" content=\"image\/jpeg\" \/>\n<meta name=\"twitter:card\" content=\"summary_large_image\" \/>\n<meta name=\"twitter:label1\" content=\"Dost\u0119pno\u015b\u0107\" \/>\n\t<meta name=\"twitter:data1\" content=\"Dost\u0119pny\" \/>\n<script type=\"application\/ld+json\" class=\"yoast-schema-graph\">{\"@context\":\"https:\/\/schema.org\",\"@graph\":[{\"@type\":\"WebPage\",\"@id\":\"https:\/\/peakart.co.uk\/pl\/produkt\/zegar-industrialny-na-sciane\/\",\"url\":\"https:\/\/peakart.co.uk\/pl\/produkt\/zegar-industrialny-na-sciane\/\",\"name\":\"Zegar industrialny na \u015bcian\u0119 dost\u0119pny w r\u00f3\u017cnych rozmiarach.\",\"isPartOf\":{\"@id\":\"https:\/\/peakart.co.uk\/de\/#website\"},\"primaryImageOfPage\":{\"@id\":\"https:\/\/peakart.co.uk\/pl\/produkt\/zegar-industrialny-na-sciane\/#primaryimage\"},\"image\":{\"@id\":\"https:\/\/peakart.co.uk\/pl\/produkt\/zegar-industrialny-na-sciane\/#primaryimage\"},\"thumbnailUrl\":\"https:\/\/peakart.co.uk\/wp-content\/uploads\/2020\/06\/Industrial-Clock-for-Wall-Cherokee-Zoom.jpg\",\"datePublished\":\"2020-06-15T16:25:02+00:00\",\"dateModified\":\"2023-03-23T10:19:20+00:00\",\"description\":\"Nasz du\u017cy, recznie wykonany zegar industrialny\",\"breadcrumb\":{\"@id\":\"https:\/\/peakart.co.uk\/pl\/produkt\/zegar-industrialny-na-sciane\/#breadcrumb\"},\"inLanguage\":\"pl-PL\",\"potentialAction\":[{\"@type\":\"ReadAction\",\"target\":[\"https:\/\/peakart.co.uk\/pl\/produkt\/zegar-industrialny-na-sciane\/\"]}]},{\"@type\":\"ImageObject\",\"inLanguage\":\"pl-PL\",\"@id\":\"https:\/\/peakart.co.uk\/pl\/produkt\/zegar-industrialny-na-sciane\/#primaryimage\",\"url\":\"https:\/\/peakart.co.uk\/wp-content\/uploads\/2020\/06\/Industrial-Clock-for-Wall-Cherokee-Zoom.jpg\",\"contentUrl\":\"https:\/\/peakart.co.uk\/wp-content\/uploads\/2020\/06\/Industrial-Clock-for-Wall-Cherokee-Zoom.jpg\",\"width\":1348,\"height\":1200},{\"@type\":\"BreadcrumbList\",\"@id\":\"https:\/\/peakart.co.uk\/pl\/produkt\/zegar-industrialny-na-sciane\/#breadcrumb\",\"itemListElement\":[{\"@type\":\"ListItem\",\"position\":1,\"name\":\"Home\",\"item\":\"https:\/\/peakart.co.uk\/pl\/\"},{\"@type\":\"ListItem\",\"position\":2,\"name\":\"Sklep\",\"item\":\"https:\/\/peakart.co.uk\/pl\/sklep\/\"},{\"@type\":\"ListItem\",\"position\":3,\"name\":\"Zegar industrialny na \u015bcian\u0119\"}]},{\"@type\":\"WebSite\",\"@id\":\"https:\/\/peakart.co.uk\/de\/#website\",\"url\":\"https:\/\/peakart.co.uk\/de\/\",\"name\":\"Peak Art\",\"description\":\"\",\"publisher\":{\"@id\":\"https:\/\/peakart.co.uk\/de\/#organization\"},\"potentialAction\":[{\"@type\":\"SearchAction\",\"target\":{\"@type\":\"EntryPoint\",\"urlTemplate\":\"https:\/\/peakart.co.uk\/de\/?s={search_term_string}\"},\"query-input\":{\"@type\":\"PropertyValueSpecification\",\"valueRequired\":true,\"valueName\":\"search_term_string\"}}],\"inLanguage\":\"pl-PL\"},{\"@type\":\"Organization\",\"@id\":\"https:\/\/peakart.co.uk\/de\/#organization\",\"name\":\"Peak Art\",\"url\":\"https:\/\/peakart.co.uk\/de\/\",\"logo\":{\"@type\":\"ImageObject\",\"inLanguage\":\"pl-PL\",\"@id\":\"https:\/\/peakart.co.uk\/de\/#\/schema\/logo\/image\/\",\"url\":\"https:\/\/peakart.co.uk\/wp-content\/uploads\/2023\/07\/logo-8.jpg\",\"contentUrl\":\"https:\/\/peakart.co.uk\/wp-content\/uploads\/2023\/07\/logo-8.jpg\",\"width\":666,\"height\":259,\"caption\":\"Peak Art\"},\"image\":{\"@id\":\"https:\/\/peakart.co.uk\/de\/#\/schema\/logo\/image\/\"},\"sameAs\":[\"https:\/\/www.facebook.com\/PeakArtClocks\/\"],\"hasMerchantReturnPolicy\":{\"@type\":\"MerchantReturnPolicy\",\"merchantReturnLink\":\"https:\/\/peakart.co.uk\/refund_returns\/\"}}]}<\/script>\n<meta property=\"og:availability\" content=\"instock\" \/>\n<meta property=\"product:availability\" content=\"instock\" \/>\n<meta property=\"product:retailer_item_id\" content=\"PEAKART-13563\" \/>\n<meta property=\"product:condition\" content=\"new\" \/>\n<!-- \/ Yoast SEO Premium plugin. -->","yoast_head_json":{"title":"Zegar industrialny na \u015bcian\u0119 dost\u0119pny w r\u00f3\u017cnych rozmiarach.","description":"Nasz du\u017cy, recznie wykonany zegar industrialny","robots":{"index":"index","follow":"follow","max-snippet":"max-snippet:-1","max-image-preview":"max-image-preview:large","max-video-preview":"max-video-preview:-1"},"canonical":"https:\/\/peakart.co.uk\/pl\/produkt\/zegar-industrialny-na-sciane\/","og_locale":"pl_PL","og_type":"article","og_title":"Zegar industrialny na \u015bcian\u0119","og_description":"Nasz du\u017cy, recznie wykonany zegar industrialny","og_url":"https:\/\/peakart.co.uk\/pl\/produkt\/zegar-industrialny-na-sciane\/","og_site_name":"Peak Art","article_publisher":"https:\/\/www.facebook.com\/PeakArtClocks\/","article_modified_time":"2023-03-23T10:19:20+00:00","og_image":[{"width":1348,"height":1200,"url":"https:\/\/peakart.co.uk\/wp-content\/uploads\/2020\/06\/Industrial-Clock-for-Wall-Cherokee-Zoom.jpg","type":"image\/jpeg"}],"twitter_card":"summary_large_image","twitter_misc":{"Dost\u0119pno\u015b\u0107":"Dost\u0119pny"},"schema":{"@context":"https:\/\/schema.org","@graph":[{"@type":"WebPage","@id":"https:\/\/peakart.co.uk\/pl\/produkt\/zegar-industrialny-na-sciane\/","url":"https:\/\/peakart.co.uk\/pl\/produkt\/zegar-industrialny-na-sciane\/","name":"Zegar industrialny na \u015bcian\u0119 dost\u0119pny w r\u00f3\u017cnych rozmiarach.","isPartOf":{"@id":"https:\/\/peakart.co.uk\/de\/#website"},"primaryImageOfPage":{"@id":"https:\/\/peakart.co.uk\/pl\/produkt\/zegar-industrialny-na-sciane\/#primaryimage"},"image":{"@id":"https:\/\/peakart.co.uk\/pl\/produkt\/zegar-industrialny-na-sciane\/#primaryimage"},"thumbnailUrl":"https:\/\/peakart.co.uk\/wp-content\/uploads\/2020\/06\/Industrial-Clock-for-Wall-Cherokee-Zoom.jpg","datePublished":"2020-06-15T16:25:02+00:00","dateModified":"2023-03-23T10:19:20+00:00","description":"Nasz du\u017cy, recznie wykonany zegar industrialny","breadcrumb":{"@id":"https:\/\/peakart.co.uk\/pl\/produkt\/zegar-industrialny-na-sciane\/#breadcrumb"},"inLanguage":"pl-PL","potentialAction":[{"@type":"ReadAction","target":["https:\/\/peakart.co.uk\/pl\/produkt\/zegar-industrialny-na-sciane\/"]}]},{"@type":"ImageObject","inLanguage":"pl-PL","@id":"https:\/\/peakart.co.uk\/pl\/produkt\/zegar-industrialny-na-sciane\/#primaryimage","url":"https:\/\/peakart.co.uk\/wp-content\/uploads\/2020\/06\/Industrial-Clock-for-Wall-Cherokee-Zoom.jpg","contentUrl":"https:\/\/peakart.co.uk\/wp-content\/uploads\/2020\/06\/Industrial-Clock-for-Wall-Cherokee-Zoom.jpg","width":1348,"height":1200},{"@type":"BreadcrumbList","@id":"https:\/\/peakart.co.uk\/pl\/produkt\/zegar-industrialny-na-sciane\/#breadcrumb","itemListElement":[{"@type":"ListItem","position":1,"name":"Home","item":"https:\/\/peakart.co.uk\/pl\/"},{"@type":"ListItem","position":2,"name":"Sklep","item":"https:\/\/peakart.co.uk\/pl\/sklep\/"},{"@type":"ListItem","position":3,"name":"Zegar industrialny na \u015bcian\u0119"}]},{"@type":"WebSite","@id":"https:\/\/peakart.co.uk\/de\/#website","url":"https:\/\/peakart.co.uk\/de\/","name":"Peak Art","description":"","publisher":{"@id":"https:\/\/peakart.co.uk\/de\/#organization"},"potentialAction":[{"@type":"SearchAction","target":{"@type":"EntryPoint","urlTemplate":"https:\/\/peakart.co.uk\/de\/?s={search_term_string}"},"query-input":{"@type":"PropertyValueSpecification","valueRequired":true,"valueName":"search_term_string"}}],"inLanguage":"pl-PL"},{"@type":"Organization","@id":"https:\/\/peakart.co.uk\/de\/#organization","name":"Peak Art","url":"https:\/\/peakart.co.uk\/de\/","logo":{"@type":"ImageObject","inLanguage":"pl-PL","@id":"https:\/\/peakart.co.uk\/de\/#\/schema\/logo\/image\/","url":"https:\/\/peakart.co.uk\/wp-content\/uploads\/2023\/07\/logo-8.jpg","contentUrl":"https:\/\/peakart.co.uk\/wp-content\/uploads\/2023\/07\/logo-8.jpg","width":666,"height":259,"caption":"Peak Art"},"image":{"@id":"https:\/\/peakart.co.uk\/de\/#\/schema\/logo\/image\/"},"sameAs":["https:\/\/www.facebook.com\/PeakArtClocks\/"],"hasMerchantReturnPolicy":{"@type":"MerchantReturnPolicy","merchantReturnLink":"https:\/\/peakart.co.uk\/refund_returns\/"}}]},"og_availability":"instock","product_availability":"instock","product_retailer_item_id":"PEAKART-13563","product_condition":"new"},"_links":{"self":[{"href":"https:\/\/peakart.co.uk\/pl\/wp-json\/wp\/v2\/product\/28318","targetHints":{"allow":["GET"]}}],"collection":[{"href":"https:\/\/peakart.co.uk\/pl\/wp-json\/wp\/v2\/product"}],"about":[{"href":"https:\/\/peakart.co.uk\/pl\/wp-json\/wp\/v2\/types\/product"}],"replies":[{"embeddable":true,"href":"https:\/\/peakart.co.uk\/pl\/wp-json\/wp\/v2\/comments?post=28318"}],"wp:featuredmedia":[{"embeddable":true,"href":"https:\/\/peakart.co.uk\/pl\/wp-json\/wp\/v2\/media\/32468"}],"wp:attachment":[{"href":"https:\/\/peakart.co.uk\/pl\/wp-json\/wp\/v2\/media?parent=28318"}],"wp:term":[{"taxonomy":"product_brand","embeddable":true,"href":"https:\/\/peakart.co.uk\/pl\/wp-json\/wp\/v2\/product_brand?post=28318"},{"taxonomy":"product_cat","embeddable":true,"href":"https:\/\/peakart.co.uk\/pl\/wp-json\/wp\/v2\/product_cat?post=28318"},{"taxonomy":"product_tag","embeddable":true,"href":"https:\/\/peakart.co.uk\/pl\/wp-json\/wp\/v2\/product_tag?post=28318"}],"curies":[{"name":"wp","href":"https:\/\/api.w.org\/{rel}","templated":true}]}}