{"id":26543,"date":"2020-05-10T14:42:12","date_gmt":"2020-05-10T13:42:13","guid":{"rendered":"https:\/\/peakart.co.uk\/?post_type=product&#038;p=26543"},"modified":"2023-03-18T12:34:42","modified_gmt":"2023-03-18T12:34:42","slug":"zegar-styl-industrialny","status":"publish","type":"product","link":"https:\/\/peakart.co.uk\/pl\/produkt\/zegar-styl-industrialny\/","title":{"rendered":"Du\u017cy Zegar \u015acienny Styl Industrialny"},"content":{"rendered":"<h2>Wiele os\u00f3b szuka zegara w stylu industrialnym jako uzupe\u0142nienia wystroju domu<\/h2>\n<p>W Peak Art nieustannie staramy si\u0119 realizowa\u0107 nowe pomys\u0142y na stylowe du\u017ce zegary \u015bcienne. Mn\u00f3stwo naszych klient\u00f3w pyta zegary z elementami metalowymi. Dlatego ostatnio do naszej kolekcji dodali\u015bmy ten zegar w stylu industrialnym. Oryginalna konstrukcja ma nieco ponad 100 cm \u015brednicy, ale w razie potrzeby mo\u017cemy zaoferowa\u0107 r\u00f3wnie\u017c inne rozmiary.<\/p>\n<p>Zegar sk\u0142ada si\u0119 z dw\u00f3ch du\u017cych sosnowych paneli skr\u0119conych razem. Jest r\u0119cznie malowany i zdobiony dodatkowymi metalowymi elementami, aby doda\u0107 charakteru. Ze wzgl\u0119du na du\u017c\u0105 wag\u0119 zalecamy monta\u017c na \u015bcianie o odpowiednio mocnej konstrukcji. Zegar nie wymaga zasilania z sieci, poniewa\u017c wykorzystuje mechanizm zasilany bateryjnie.<\/p>\n","protected":false},"excerpt":{"rendered":"<p>Zegar w stylu industrialnym wykonany z drewna sosnowego\u00a0 z dodatkowymi elementami metalowymi.<\/p>\n<p><strong>Projekt i r\u0119czne wykonanie<\/strong> &#8211; Anna Siodelska, Wielka Brytania<\/p>\n<p><strong>Kolor tarczy<\/strong> \u2013 Metaliczny i drewniany<\/p>\n<p><strong>Kolor t\u0142a<\/strong> \u2013 Czarny<\/p>\n<p>&nbsp;<\/p>\n","protected":false},"featured_media":32337,"comment_status":"closed","ping_status":"closed","template":"","meta":[],"product_brand":[],"product_cat":[56],"product_tag":[50,65,67,2138,2671],"class_list":{"0":"post-26543","1":"product","2":"type-product","3":"status-publish","4":"has-post-thumbnail","6":"product_cat-duze-zegary-scienne","7":"product_tag-artystyczne-zegary-scienne","8":"product_tag-duze-zegary-dekoracyjne-na-sciane","9":"product_tag-duze-zegary-industrialne","10":"product_tag-duze-zegary-scienne","11":"product_tag-nietypowe-duze-zegary-scienne","12":"product_shipping_class-oversized-clocks-pl","14":"first","15":"instock","16":"sale","17":"taxable","18":"shipping-taxable","19":"purchasable","20":"product-type-variable"},"yoast_head":"<!-- This site is optimized with the Yoast SEO Premium plugin v27.2 (Yoast SEO v27.2) - https:\/\/yoast.com\/product\/yoast-seo-premium-wordpress\/ -->\n<title>R\u0119cznie wykonany zegar w stylu industrialnym<\/title>\n<meta name=\"description\" content=\"Pi\u0119kny zegar w stylu industrialnym w \u015brednicy 1 metra. Idealny dodatek do nowoczesnych wn\u0119trz.\" \/>\n<meta name=\"robots\" content=\"index, follow, max-snippet:-1, max-image-preview:large, max-video-preview:-1\" \/>\n<link rel=\"canonical\" href=\"https:\/\/peakart.co.uk\/pl\/produkt\/zegar-styl-industrialny\/\" \/>\n<meta property=\"og:locale\" content=\"pl_PL\" \/>\n<meta property=\"og:type\" content=\"article\" \/>\n<meta property=\"og:title\" content=\"Du\u017cy Zegar \u015acienny Styl Industrialny\" \/>\n<meta property=\"og:description\" content=\"Pi\u0119kny zegar w stylu industrialnym w \u015brednicy 1 metra. Idealny dodatek do nowoczesnych wn\u0119trz.\" \/>\n<meta property=\"og:url\" content=\"https:\/\/peakart.co.uk\/pl\/produkt\/zegar-styl-industrialny\/\" \/>\n<meta property=\"og:site_name\" content=\"Peak Art\" \/>\n<meta property=\"article:publisher\" content=\"https:\/\/www.facebook.com\/PeakArtClocks\/\" \/>\n<meta property=\"article:modified_time\" content=\"2023-03-18T12:34:42+00:00\" \/>\n<meta property=\"og:image\" content=\"https:\/\/peakart.co.uk\/wp-content\/uploads\/2020\/05\/IMG_3855-scaled.jpg\" \/>\n\t<meta property=\"og:image:width\" content=\"2560\" \/>\n\t<meta property=\"og:image:height\" content=\"1707\" \/>\n\t<meta property=\"og:image:type\" content=\"image\/jpeg\" \/>\n<meta name=\"twitter:card\" content=\"summary_large_image\" \/>\n<meta name=\"twitter:label1\" content=\"Dost\u0119pno\u015b\u0107\" \/>\n\t<meta name=\"twitter:data1\" content=\"Dost\u0119pny\" \/>\n<script type=\"application\/ld+json\" class=\"yoast-schema-graph\">{\"@context\":\"https:\/\/schema.org\",\"@graph\":[{\"@type\":\"WebPage\",\"@id\":\"https:\/\/peakart.co.uk\/pl\/produkt\/zegar-styl-industrialny\/\",\"url\":\"https:\/\/peakart.co.uk\/pl\/produkt\/zegar-styl-industrialny\/\",\"name\":\"R\u0119cznie wykonany zegar w stylu industrialnym\",\"isPartOf\":{\"@id\":\"https:\/\/peakart.co.uk\/de\/#website\"},\"primaryImageOfPage\":{\"@id\":\"https:\/\/peakart.co.uk\/pl\/produkt\/zegar-styl-industrialny\/#primaryimage\"},\"image\":{\"@id\":\"https:\/\/peakart.co.uk\/pl\/produkt\/zegar-styl-industrialny\/#primaryimage\"},\"thumbnailUrl\":\"https:\/\/peakart.co.uk\/wp-content\/uploads\/2020\/05\/IMG_3855-scaled.jpg\",\"datePublished\":\"2020-05-10T13:42:13+00:00\",\"dateModified\":\"2023-03-18T12:34:42+00:00\",\"description\":\"Pi\u0119kny zegar w stylu industrialnym w \u015brednicy 1 metra. Idealny dodatek do nowoczesnych wn\u0119trz.\",\"breadcrumb\":{\"@id\":\"https:\/\/peakart.co.uk\/pl\/produkt\/zegar-styl-industrialny\/#breadcrumb\"},\"inLanguage\":\"pl-PL\",\"potentialAction\":[{\"@type\":\"ReadAction\",\"target\":[\"https:\/\/peakart.co.uk\/pl\/produkt\/zegar-styl-industrialny\/\"]}]},{\"@type\":\"ImageObject\",\"inLanguage\":\"pl-PL\",\"@id\":\"https:\/\/peakart.co.uk\/pl\/produkt\/zegar-styl-industrialny\/#primaryimage\",\"url\":\"https:\/\/peakart.co.uk\/wp-content\/uploads\/2020\/05\/IMG_3855-scaled.jpg\",\"contentUrl\":\"https:\/\/peakart.co.uk\/wp-content\/uploads\/2020\/05\/IMG_3855-scaled.jpg\",\"width\":2560,\"height\":1707},{\"@type\":\"BreadcrumbList\",\"@id\":\"https:\/\/peakart.co.uk\/pl\/produkt\/zegar-styl-industrialny\/#breadcrumb\",\"itemListElement\":[{\"@type\":\"ListItem\",\"position\":1,\"name\":\"Home\",\"item\":\"https:\/\/peakart.co.uk\/pl\/\"},{\"@type\":\"ListItem\",\"position\":2,\"name\":\"Sklep\",\"item\":\"https:\/\/peakart.co.uk\/pl\/sklep\/\"},{\"@type\":\"ListItem\",\"position\":3,\"name\":\"Du\u017cy Zegar \u015acienny Styl Industrialny\"}]},{\"@type\":\"WebSite\",\"@id\":\"https:\/\/peakart.co.uk\/de\/#website\",\"url\":\"https:\/\/peakart.co.uk\/de\/\",\"name\":\"Peak Art\",\"description\":\"\",\"publisher\":{\"@id\":\"https:\/\/peakart.co.uk\/de\/#organization\"},\"potentialAction\":[{\"@type\":\"SearchAction\",\"target\":{\"@type\":\"EntryPoint\",\"urlTemplate\":\"https:\/\/peakart.co.uk\/de\/?s={search_term_string}\"},\"query-input\":{\"@type\":\"PropertyValueSpecification\",\"valueRequired\":true,\"valueName\":\"search_term_string\"}}],\"inLanguage\":\"pl-PL\"},{\"@type\":\"Organization\",\"@id\":\"https:\/\/peakart.co.uk\/de\/#organization\",\"name\":\"Peak Art\",\"url\":\"https:\/\/peakart.co.uk\/de\/\",\"logo\":{\"@type\":\"ImageObject\",\"inLanguage\":\"pl-PL\",\"@id\":\"https:\/\/peakart.co.uk\/de\/#\/schema\/logo\/image\/\",\"url\":\"https:\/\/peakart.co.uk\/wp-content\/uploads\/2023\/07\/logo-8.jpg\",\"contentUrl\":\"https:\/\/peakart.co.uk\/wp-content\/uploads\/2023\/07\/logo-8.jpg\",\"width\":666,\"height\":259,\"caption\":\"Peak Art\"},\"image\":{\"@id\":\"https:\/\/peakart.co.uk\/de\/#\/schema\/logo\/image\/\"},\"sameAs\":[\"https:\/\/www.facebook.com\/PeakArtClocks\/\"],\"hasMerchantReturnPolicy\":{\"@type\":\"MerchantReturnPolicy\",\"merchantReturnLink\":\"https:\/\/peakart.co.uk\/refund_returns\/\"}}]}<\/script>\n<meta property=\"og:availability\" content=\"instock\" \/>\n<meta property=\"product:availability\" content=\"instock\" \/>\n<meta property=\"product:retailer_item_id\" content=\"PEAKART-82412\" \/>\n<meta property=\"product:condition\" content=\"new\" \/>\n<!-- \/ Yoast SEO Premium plugin. -->","yoast_head_json":{"title":"R\u0119cznie wykonany zegar w stylu industrialnym","description":"Pi\u0119kny zegar w stylu industrialnym w \u015brednicy 1 metra. Idealny dodatek do nowoczesnych wn\u0119trz.","robots":{"index":"index","follow":"follow","max-snippet":"max-snippet:-1","max-image-preview":"max-image-preview:large","max-video-preview":"max-video-preview:-1"},"canonical":"https:\/\/peakart.co.uk\/pl\/produkt\/zegar-styl-industrialny\/","og_locale":"pl_PL","og_type":"article","og_title":"Du\u017cy Zegar \u015acienny Styl Industrialny","og_description":"Pi\u0119kny zegar w stylu industrialnym w \u015brednicy 1 metra. Idealny dodatek do nowoczesnych wn\u0119trz.","og_url":"https:\/\/peakart.co.uk\/pl\/produkt\/zegar-styl-industrialny\/","og_site_name":"Peak Art","article_publisher":"https:\/\/www.facebook.com\/PeakArtClocks\/","article_modified_time":"2023-03-18T12:34:42+00:00","og_image":[{"width":2560,"height":1707,"url":"https:\/\/peakart.co.uk\/wp-content\/uploads\/2020\/05\/IMG_3855-scaled.jpg","type":"image\/jpeg"}],"twitter_card":"summary_large_image","twitter_misc":{"Dost\u0119pno\u015b\u0107":"Dost\u0119pny"},"schema":{"@context":"https:\/\/schema.org","@graph":[{"@type":"WebPage","@id":"https:\/\/peakart.co.uk\/pl\/produkt\/zegar-styl-industrialny\/","url":"https:\/\/peakart.co.uk\/pl\/produkt\/zegar-styl-industrialny\/","name":"R\u0119cznie wykonany zegar w stylu industrialnym","isPartOf":{"@id":"https:\/\/peakart.co.uk\/de\/#website"},"primaryImageOfPage":{"@id":"https:\/\/peakart.co.uk\/pl\/produkt\/zegar-styl-industrialny\/#primaryimage"},"image":{"@id":"https:\/\/peakart.co.uk\/pl\/produkt\/zegar-styl-industrialny\/#primaryimage"},"thumbnailUrl":"https:\/\/peakart.co.uk\/wp-content\/uploads\/2020\/05\/IMG_3855-scaled.jpg","datePublished":"2020-05-10T13:42:13+00:00","dateModified":"2023-03-18T12:34:42+00:00","description":"Pi\u0119kny zegar w stylu industrialnym w \u015brednicy 1 metra. Idealny dodatek do nowoczesnych wn\u0119trz.","breadcrumb":{"@id":"https:\/\/peakart.co.uk\/pl\/produkt\/zegar-styl-industrialny\/#breadcrumb"},"inLanguage":"pl-PL","potentialAction":[{"@type":"ReadAction","target":["https:\/\/peakart.co.uk\/pl\/produkt\/zegar-styl-industrialny\/"]}]},{"@type":"ImageObject","inLanguage":"pl-PL","@id":"https:\/\/peakart.co.uk\/pl\/produkt\/zegar-styl-industrialny\/#primaryimage","url":"https:\/\/peakart.co.uk\/wp-content\/uploads\/2020\/05\/IMG_3855-scaled.jpg","contentUrl":"https:\/\/peakart.co.uk\/wp-content\/uploads\/2020\/05\/IMG_3855-scaled.jpg","width":2560,"height":1707},{"@type":"BreadcrumbList","@id":"https:\/\/peakart.co.uk\/pl\/produkt\/zegar-styl-industrialny\/#breadcrumb","itemListElement":[{"@type":"ListItem","position":1,"name":"Home","item":"https:\/\/peakart.co.uk\/pl\/"},{"@type":"ListItem","position":2,"name":"Sklep","item":"https:\/\/peakart.co.uk\/pl\/sklep\/"},{"@type":"ListItem","position":3,"name":"Du\u017cy Zegar \u015acienny Styl Industrialny"}]},{"@type":"WebSite","@id":"https:\/\/peakart.co.uk\/de\/#website","url":"https:\/\/peakart.co.uk\/de\/","name":"Peak Art","description":"","publisher":{"@id":"https:\/\/peakart.co.uk\/de\/#organization"},"potentialAction":[{"@type":"SearchAction","target":{"@type":"EntryPoint","urlTemplate":"https:\/\/peakart.co.uk\/de\/?s={search_term_string}"},"query-input":{"@type":"PropertyValueSpecification","valueRequired":true,"valueName":"search_term_string"}}],"inLanguage":"pl-PL"},{"@type":"Organization","@id":"https:\/\/peakart.co.uk\/de\/#organization","name":"Peak Art","url":"https:\/\/peakart.co.uk\/de\/","logo":{"@type":"ImageObject","inLanguage":"pl-PL","@id":"https:\/\/peakart.co.uk\/de\/#\/schema\/logo\/image\/","url":"https:\/\/peakart.co.uk\/wp-content\/uploads\/2023\/07\/logo-8.jpg","contentUrl":"https:\/\/peakart.co.uk\/wp-content\/uploads\/2023\/07\/logo-8.jpg","width":666,"height":259,"caption":"Peak Art"},"image":{"@id":"https:\/\/peakart.co.uk\/de\/#\/schema\/logo\/image\/"},"sameAs":["https:\/\/www.facebook.com\/PeakArtClocks\/"],"hasMerchantReturnPolicy":{"@type":"MerchantReturnPolicy","merchantReturnLink":"https:\/\/peakart.co.uk\/refund_returns\/"}}]},"og_availability":"instock","product_availability":"instock","product_retailer_item_id":"PEAKART-82412","product_condition":"new"},"_links":{"self":[{"href":"https:\/\/peakart.co.uk\/pl\/wp-json\/wp\/v2\/product\/26543","targetHints":{"allow":["GET"]}}],"collection":[{"href":"https:\/\/peakart.co.uk\/pl\/wp-json\/wp\/v2\/product"}],"about":[{"href":"https:\/\/peakart.co.uk\/pl\/wp-json\/wp\/v2\/types\/product"}],"replies":[{"embeddable":true,"href":"https:\/\/peakart.co.uk\/pl\/wp-json\/wp\/v2\/comments?post=26543"}],"wp:featuredmedia":[{"embeddable":true,"href":"https:\/\/peakart.co.uk\/pl\/wp-json\/wp\/v2\/media\/32337"}],"wp:attachment":[{"href":"https:\/\/peakart.co.uk\/pl\/wp-json\/wp\/v2\/media?parent=26543"}],"wp:term":[{"taxonomy":"product_brand","embeddable":true,"href":"https:\/\/peakart.co.uk\/pl\/wp-json\/wp\/v2\/product_brand?post=26543"},{"taxonomy":"product_cat","embeddable":true,"href":"https:\/\/peakart.co.uk\/pl\/wp-json\/wp\/v2\/product_cat?post=26543"},{"taxonomy":"product_tag","embeddable":true,"href":"https:\/\/peakart.co.uk\/pl\/wp-json\/wp\/v2\/product_tag?post=26543"}],"curies":[{"name":"wp","href":"https:\/\/api.w.org\/{rel}","templated":true}]}}