{"id":10351,"date":"2019-06-23T10:23:18","date_gmt":"2019-06-24T07:41:44","guid":{"rendered":"https:\/\/peakart.co.uk\/product\/oryginalny-zegar-scienny-z-cyframi-rzymskimi\/"},"modified":"2025-01-23T19:25:10","modified_gmt":"2025-01-23T19:25:10","slug":"oryginalny-zegar-scienny","status":"publish","type":"product","link":"https:\/\/peakart.co.uk\/pl\/produkt\/oryginalny-zegar-scienny\/","title":{"rendered":"Oryginalny zegar \u015bcienny z cyframi rzymskimi"},"content":{"rendered":"<h2>Mo\u017cemy zaprojektowa\u0107 i wykona\u0107 oryginalny zegar \u015bcienny do Twojej kuchni lub salonu.<\/h2>\n<p><br class=\"xliff-newline\" \/>W naszej <a href=\"https:\/\/peakart.co.uk\/pl\/kategoria-produktu\/duze-zegary-scienne\/\">du\u017cej kolekcji zegar\u00f3w \u015bciennych<\/a> online mo\u017cna znale\u017a\u0107 wiele przyk\u0142ad\u00f3w prac na zam\u00f3wienie. Nasi klienci cz\u0119sto prosz\u0105 o niezwyk\u0142e kolory lub wzory. Ludzie szukaj\u0105cy oryginalnego zegara \u015bciennego, kt\u00f3ry zajmie pust\u0105 przestrze\u0144 na \u015bcianie, maj\u0105 zwykle trudno\u015b\u0107 ze znalezieniem czego\u015b oryginalnego w Internecie. Ostatecznie zwykle okazuje si\u0119, \u017ce dopiero nowo stworzony projekt spe\u0142ni wym\u00f3g unikatowo\u015bci.<br class=\"xliff-newline\" \/><br class=\"xliff-newline\" \/>Zegar na tej stronie to artystyczna interpretacja tematu <a href=\"https:\/\/www.sufc.co.uk\/\">klubu pi\u0142karskiego Sheffield United<\/a>. Paleta kolor\u00f3w obejmuje czerwie\u0144, biel i czer\u0144, mo\u017cna j\u0105 jednak zmieni\u0107 na \u017cyczenie klienta. W pierwotnej wersji ten ekscentryczny model mierzy 75 cm, mamy jednak w ofercie r\u00f3wnie\u017c inne rozmiary. \u015arednic\u0119 zegara mo\u017cna wybra\u0107 na li\u015bcie rozwijalnej. Prosimy o skontaktowanie si\u0119 z nami w celu om\u00f3wienia ostatecznego wygl\u0105du zegara.<\/p>\n<h2>Mo\u017cliwo\u015bci kreatywne naszej firmy s\u0105 nieograniczone.<\/h2>\n<p><br class=\"xliff-newline\" \/>Wielokrotnie dowiedli\u015bmy, \u017ce \u2013 w przeciwie\u0144stwie do popularnych sprzedawc\u00f3w detalicznych \u2013 potrafimy dostosowa\u0107 ka\u017cdy zegar do indywidualnych potrzeb klienta. Zawsze ch\u0119tnie anga\u017cujemy nasz\u0105 bogat\u0105 wyobra\u017ani\u0119 do tworzenia nowych projekt\u00f3w. Luksusowe zegary \u015bcienne marki Peak Art wy\u015bmienicie sprawdz\u0105 si\u0119 jako ozdoba urz\u0105dzanej w\u0142a\u015bnie kuchni lub nowy element wystroju salonu. Zadzwo\u0144, a porozmawiamy o Twoich potrzebach.<\/p>\n","protected":false},"excerpt":{"rendered":"<p>Ten oryginalny zegar \u015bcienny zosta\u0142 stworzony specjalnie z my\u015bl\u0105 o fanach dru\u017cyny pi\u0142karskiej Sheffield United. Ma du\u017ce cyfry rzymskie pomalowane na czerwono, bia\u0142o i czarno oraz transparentne t\u0142o.<br class=\"xliff-newline\" \/><br class=\"xliff-newline\" \/><strong>Zosta\u0142 zaprojektowany i wykonany przez <\/strong>Ann\u0119 Siodelsk\u0105 z Wielkiej Brytanii.<br class=\"xliff-newline\" \/><br class=\"xliff-newline\" \/><strong>Kolor tarczy<\/strong> \u2013 Sheffield United<br class=\"xliff-newline\" \/><br class=\"xliff-newline\" \/><strong>Kolor t\u0142a<\/strong> \u2013\u00a0transparentny \/ \u015bciana<br class=\"xliff-newline\" \/><br class=\"xliff-newline\" \/><\/p>\n","protected":false},"featured_media":32291,"comment_status":"closed","ping_status":"closed","template":"","meta":[],"product_brand":[],"product_cat":[56],"product_tag":[50,65,70,68,53],"class_list":{"0":"post-10351","1":"product","2":"type-product","3":"status-publish","4":"has-post-thumbnail","6":"product_cat-duze-zegary-scienne","7":"product_tag-artystyczne-zegary-scienne","8":"product_tag-duze-zegary-dekoracyjne-na-sciane","9":"product_tag-duze-zegary-rzymskie-szkieletowe","10":"product_tag-drewniane-zegary-scienne-z-cyframi-rzymskimi","11":"product_tag-zegary-drewniane-szkieletowe","12":"product_shipping_class-oversized-clocks-pl","14":"first","15":"outofstock","16":"taxable","17":"shipping-taxable","18":"product-type-variable"},"yoast_head":"<!-- This site is optimized with the Yoast SEO Premium plugin v27.2 (Yoast SEO v27.2) - https:\/\/yoast.com\/product\/yoast-seo-premium-wordpress\/ -->\n<title>Zegar \u015bcienny z charakterem stworzony dla dru\u017cyny pi\u0142karskiej Sheffield United<\/title>\n<meta name=\"description\" content=\"Nasz interesuj\u0105cy zegar \u015bcienny z cyframi rzymskimi zosta\u0142 zaprojektowany dla fana dru\u017cyny pi\u0142karskiej Sheffield United. To pi\u0119kna, artystyczna praca w kolorach czerwonym, bia\u0142ym i czarnym.\" \/>\n<meta name=\"robots\" content=\"index, follow, max-snippet:-1, max-image-preview:large, max-video-preview:-1\" \/>\n<link rel=\"canonical\" href=\"https:\/\/peakart.co.uk\/pl\/produkt\/oryginalny-zegar-scienny\/\" \/>\n<meta property=\"og:locale\" content=\"pl_PL\" \/>\n<meta property=\"og:type\" content=\"article\" \/>\n<meta property=\"og:title\" content=\"Oryginalny zegar \u015bcienny z cyframi rzymskimi\" \/>\n<meta property=\"og:description\" content=\"Nasz interesuj\u0105cy zegar \u015bcienny z cyframi rzymskimi zosta\u0142 zaprojektowany dla fana dru\u017cyny pi\u0142karskiej Sheffield United. To pi\u0119kna, artystyczna praca w kolorach czerwonym, bia\u0142ym i czarnym.\" \/>\n<meta property=\"og:url\" content=\"https:\/\/peakart.co.uk\/pl\/produkt\/oryginalny-zegar-scienny\/\" \/>\n<meta property=\"og:site_name\" content=\"Peak Art\" \/>\n<meta property=\"article:publisher\" content=\"https:\/\/www.facebook.com\/PeakArtClocks\/\" \/>\n<meta property=\"article:modified_time\" content=\"2025-01-23T19:25:10+00:00\" \/>\n<meta property=\"og:image\" content=\"https:\/\/peakart.co.uk\/wp-content\/uploads\/2019\/06\/SUFC-left-1.jpg\" \/>\n\t<meta property=\"og:image:width\" content=\"1200\" \/>\n\t<meta property=\"og:image:height\" content=\"1209\" \/>\n\t<meta property=\"og:image:type\" content=\"image\/jpeg\" \/>\n<meta name=\"twitter:card\" content=\"summary_large_image\" \/>\n<meta name=\"twitter:label1\" content=\"Dost\u0119pno\u015b\u0107\" \/>\n\t<meta name=\"twitter:data1\" content=\"Brak w magazynie\" \/>\n<script type=\"application\/ld+json\" class=\"yoast-schema-graph\">{\"@context\":\"https:\/\/schema.org\",\"@graph\":[{\"@type\":\"WebPage\",\"@id\":\"https:\/\/peakart.co.uk\/pl\/produkt\/oryginalny-zegar-scienny\/\",\"url\":\"https:\/\/peakart.co.uk\/pl\/produkt\/oryginalny-zegar-scienny\/\",\"name\":\"Zegar \u015bcienny z charakterem stworzony dla dru\u017cyny pi\u0142karskiej Sheffield United\",\"isPartOf\":{\"@id\":\"https:\/\/peakart.co.uk\/de\/#website\"},\"primaryImageOfPage\":{\"@id\":\"https:\/\/peakart.co.uk\/pl\/produkt\/oryginalny-zegar-scienny\/#primaryimage\"},\"image\":{\"@id\":\"https:\/\/peakart.co.uk\/pl\/produkt\/oryginalny-zegar-scienny\/#primaryimage\"},\"thumbnailUrl\":\"https:\/\/peakart.co.uk\/wp-content\/uploads\/2019\/06\/SUFC-left-1.jpg\",\"datePublished\":\"2019-06-24T07:41:44+00:00\",\"dateModified\":\"2025-01-23T19:25:10+00:00\",\"description\":\"Nasz interesuj\u0105cy zegar \u015bcienny z cyframi rzymskimi zosta\u0142 zaprojektowany dla fana dru\u017cyny pi\u0142karskiej Sheffield United. To pi\u0119kna, artystyczna praca w kolorach czerwonym, bia\u0142ym i czarnym.\",\"breadcrumb\":{\"@id\":\"https:\/\/peakart.co.uk\/pl\/produkt\/oryginalny-zegar-scienny\/#breadcrumb\"},\"inLanguage\":\"pl-PL\",\"potentialAction\":[{\"@type\":\"ReadAction\",\"target\":[\"https:\/\/peakart.co.uk\/pl\/produkt\/oryginalny-zegar-scienny\/\"]}]},{\"@type\":\"ImageObject\",\"inLanguage\":\"pl-PL\",\"@id\":\"https:\/\/peakart.co.uk\/pl\/produkt\/oryginalny-zegar-scienny\/#primaryimage\",\"url\":\"https:\/\/peakart.co.uk\/wp-content\/uploads\/2019\/06\/SUFC-left-1.jpg\",\"contentUrl\":\"https:\/\/peakart.co.uk\/wp-content\/uploads\/2019\/06\/SUFC-left-1.jpg\",\"width\":1200,\"height\":1209},{\"@type\":\"BreadcrumbList\",\"@id\":\"https:\/\/peakart.co.uk\/pl\/produkt\/oryginalny-zegar-scienny\/#breadcrumb\",\"itemListElement\":[{\"@type\":\"ListItem\",\"position\":1,\"name\":\"Home\",\"item\":\"https:\/\/peakart.co.uk\/pl\/\"},{\"@type\":\"ListItem\",\"position\":2,\"name\":\"Sklep\",\"item\":\"https:\/\/peakart.co.uk\/pl\/sklep\/\"},{\"@type\":\"ListItem\",\"position\":3,\"name\":\"Oryginalny zegar \u015bcienny z cyframi rzymskimi\"}]},{\"@type\":\"WebSite\",\"@id\":\"https:\/\/peakart.co.uk\/de\/#website\",\"url\":\"https:\/\/peakart.co.uk\/de\/\",\"name\":\"Peak Art\",\"description\":\"\",\"publisher\":{\"@id\":\"https:\/\/peakart.co.uk\/de\/#organization\"},\"potentialAction\":[{\"@type\":\"SearchAction\",\"target\":{\"@type\":\"EntryPoint\",\"urlTemplate\":\"https:\/\/peakart.co.uk\/de\/?s={search_term_string}\"},\"query-input\":{\"@type\":\"PropertyValueSpecification\",\"valueRequired\":true,\"valueName\":\"search_term_string\"}}],\"inLanguage\":\"pl-PL\"},{\"@type\":\"Organization\",\"@id\":\"https:\/\/peakart.co.uk\/de\/#organization\",\"name\":\"Peak Art\",\"url\":\"https:\/\/peakart.co.uk\/de\/\",\"logo\":{\"@type\":\"ImageObject\",\"inLanguage\":\"pl-PL\",\"@id\":\"https:\/\/peakart.co.uk\/de\/#\/schema\/logo\/image\/\",\"url\":\"https:\/\/peakart.co.uk\/wp-content\/uploads\/2023\/07\/logo-8.jpg\",\"contentUrl\":\"https:\/\/peakart.co.uk\/wp-content\/uploads\/2023\/07\/logo-8.jpg\",\"width\":666,\"height\":259,\"caption\":\"Peak Art\"},\"image\":{\"@id\":\"https:\/\/peakart.co.uk\/de\/#\/schema\/logo\/image\/\"},\"sameAs\":[\"https:\/\/www.facebook.com\/PeakArtClocks\/\"],\"hasMerchantReturnPolicy\":{\"@type\":\"MerchantReturnPolicy\",\"merchantReturnLink\":\"https:\/\/peakart.co.uk\/refund_returns\/\"}}]}<\/script>\n<meta property=\"og:availability\" content=\"out of stock\" \/>\n<meta property=\"product:availability\" content=\"out of stock\" \/>\n<meta property=\"product:retailer_item_id\" content=\"PEAKART-89171\" \/>\n<meta property=\"product:condition\" content=\"new\" \/>\n<!-- \/ Yoast SEO Premium plugin. -->","yoast_head_json":{"title":"Zegar \u015bcienny z charakterem stworzony dla dru\u017cyny pi\u0142karskiej Sheffield United","description":"Nasz interesuj\u0105cy zegar \u015bcienny z cyframi rzymskimi zosta\u0142 zaprojektowany dla fana dru\u017cyny pi\u0142karskiej Sheffield United. To pi\u0119kna, artystyczna praca w kolorach czerwonym, bia\u0142ym i czarnym.","robots":{"index":"index","follow":"follow","max-snippet":"max-snippet:-1","max-image-preview":"max-image-preview:large","max-video-preview":"max-video-preview:-1"},"canonical":"https:\/\/peakart.co.uk\/pl\/produkt\/oryginalny-zegar-scienny\/","og_locale":"pl_PL","og_type":"article","og_title":"Oryginalny zegar \u015bcienny z cyframi rzymskimi","og_description":"Nasz interesuj\u0105cy zegar \u015bcienny z cyframi rzymskimi zosta\u0142 zaprojektowany dla fana dru\u017cyny pi\u0142karskiej Sheffield United. To pi\u0119kna, artystyczna praca w kolorach czerwonym, bia\u0142ym i czarnym.","og_url":"https:\/\/peakart.co.uk\/pl\/produkt\/oryginalny-zegar-scienny\/","og_site_name":"Peak Art","article_publisher":"https:\/\/www.facebook.com\/PeakArtClocks\/","article_modified_time":"2025-01-23T19:25:10+00:00","og_image":[{"width":1200,"height":1209,"url":"https:\/\/peakart.co.uk\/wp-content\/uploads\/2019\/06\/SUFC-left-1.jpg","type":"image\/jpeg"}],"twitter_card":"summary_large_image","twitter_misc":{"Dost\u0119pno\u015b\u0107":"Brak w magazynie"},"schema":{"@context":"https:\/\/schema.org","@graph":[{"@type":"WebPage","@id":"https:\/\/peakart.co.uk\/pl\/produkt\/oryginalny-zegar-scienny\/","url":"https:\/\/peakart.co.uk\/pl\/produkt\/oryginalny-zegar-scienny\/","name":"Zegar \u015bcienny z charakterem stworzony dla dru\u017cyny pi\u0142karskiej Sheffield United","isPartOf":{"@id":"https:\/\/peakart.co.uk\/de\/#website"},"primaryImageOfPage":{"@id":"https:\/\/peakart.co.uk\/pl\/produkt\/oryginalny-zegar-scienny\/#primaryimage"},"image":{"@id":"https:\/\/peakart.co.uk\/pl\/produkt\/oryginalny-zegar-scienny\/#primaryimage"},"thumbnailUrl":"https:\/\/peakart.co.uk\/wp-content\/uploads\/2019\/06\/SUFC-left-1.jpg","datePublished":"2019-06-24T07:41:44+00:00","dateModified":"2025-01-23T19:25:10+00:00","description":"Nasz interesuj\u0105cy zegar \u015bcienny z cyframi rzymskimi zosta\u0142 zaprojektowany dla fana dru\u017cyny pi\u0142karskiej Sheffield United. To pi\u0119kna, artystyczna praca w kolorach czerwonym, bia\u0142ym i czarnym.","breadcrumb":{"@id":"https:\/\/peakart.co.uk\/pl\/produkt\/oryginalny-zegar-scienny\/#breadcrumb"},"inLanguage":"pl-PL","potentialAction":[{"@type":"ReadAction","target":["https:\/\/peakart.co.uk\/pl\/produkt\/oryginalny-zegar-scienny\/"]}]},{"@type":"ImageObject","inLanguage":"pl-PL","@id":"https:\/\/peakart.co.uk\/pl\/produkt\/oryginalny-zegar-scienny\/#primaryimage","url":"https:\/\/peakart.co.uk\/wp-content\/uploads\/2019\/06\/SUFC-left-1.jpg","contentUrl":"https:\/\/peakart.co.uk\/wp-content\/uploads\/2019\/06\/SUFC-left-1.jpg","width":1200,"height":1209},{"@type":"BreadcrumbList","@id":"https:\/\/peakart.co.uk\/pl\/produkt\/oryginalny-zegar-scienny\/#breadcrumb","itemListElement":[{"@type":"ListItem","position":1,"name":"Home","item":"https:\/\/peakart.co.uk\/pl\/"},{"@type":"ListItem","position":2,"name":"Sklep","item":"https:\/\/peakart.co.uk\/pl\/sklep\/"},{"@type":"ListItem","position":3,"name":"Oryginalny zegar \u015bcienny z cyframi rzymskimi"}]},{"@type":"WebSite","@id":"https:\/\/peakart.co.uk\/de\/#website","url":"https:\/\/peakart.co.uk\/de\/","name":"Peak Art","description":"","publisher":{"@id":"https:\/\/peakart.co.uk\/de\/#organization"},"potentialAction":[{"@type":"SearchAction","target":{"@type":"EntryPoint","urlTemplate":"https:\/\/peakart.co.uk\/de\/?s={search_term_string}"},"query-input":{"@type":"PropertyValueSpecification","valueRequired":true,"valueName":"search_term_string"}}],"inLanguage":"pl-PL"},{"@type":"Organization","@id":"https:\/\/peakart.co.uk\/de\/#organization","name":"Peak Art","url":"https:\/\/peakart.co.uk\/de\/","logo":{"@type":"ImageObject","inLanguage":"pl-PL","@id":"https:\/\/peakart.co.uk\/de\/#\/schema\/logo\/image\/","url":"https:\/\/peakart.co.uk\/wp-content\/uploads\/2023\/07\/logo-8.jpg","contentUrl":"https:\/\/peakart.co.uk\/wp-content\/uploads\/2023\/07\/logo-8.jpg","width":666,"height":259,"caption":"Peak Art"},"image":{"@id":"https:\/\/peakart.co.uk\/de\/#\/schema\/logo\/image\/"},"sameAs":["https:\/\/www.facebook.com\/PeakArtClocks\/"],"hasMerchantReturnPolicy":{"@type":"MerchantReturnPolicy","merchantReturnLink":"https:\/\/peakart.co.uk\/refund_returns\/"}}]},"og_availability":"out of stock","product_availability":"out of stock","product_retailer_item_id":"PEAKART-89171","product_condition":"new"},"_links":{"self":[{"href":"https:\/\/peakart.co.uk\/pl\/wp-json\/wp\/v2\/product\/10351","targetHints":{"allow":["GET"]}}],"collection":[{"href":"https:\/\/peakart.co.uk\/pl\/wp-json\/wp\/v2\/product"}],"about":[{"href":"https:\/\/peakart.co.uk\/pl\/wp-json\/wp\/v2\/types\/product"}],"replies":[{"embeddable":true,"href":"https:\/\/peakart.co.uk\/pl\/wp-json\/wp\/v2\/comments?post=10351"}],"wp:featuredmedia":[{"embeddable":true,"href":"https:\/\/peakart.co.uk\/pl\/wp-json\/wp\/v2\/media\/32291"}],"wp:attachment":[{"href":"https:\/\/peakart.co.uk\/pl\/wp-json\/wp\/v2\/media?parent=10351"}],"wp:term":[{"taxonomy":"product_brand","embeddable":true,"href":"https:\/\/peakart.co.uk\/pl\/wp-json\/wp\/v2\/product_brand?post=10351"},{"taxonomy":"product_cat","embeddable":true,"href":"https:\/\/peakart.co.uk\/pl\/wp-json\/wp\/v2\/product_cat?post=10351"},{"taxonomy":"product_tag","embeddable":true,"href":"https:\/\/peakart.co.uk\/pl\/wp-json\/wp\/v2\/product_tag?post=10351"}],"curies":[{"name":"wp","href":"https:\/\/api.w.org\/{rel}","templated":true}]}}