{"id":10161,"date":"2019-05-25T18:00:27","date_gmt":"2019-05-25T17:00:27","guid":{"rendered":"https:\/\/peakart.co.uk\/product\/duzy-zegar-scienny-do-luskusowej-kuchni\/"},"modified":"2025-03-18T21:25:31","modified_gmt":"2025-03-18T21:25:31","slug":"duzy-zegar-scienny","status":"publish","type":"product","link":"https:\/\/peakart.co.uk\/pl\/produkt\/duzy-zegar-scienny\/","title":{"rendered":"Du\u017cy Zegar \u015acienny do Luksusowej Kuchni"},"content":{"rendered":"<h2>Szukasz du\u017cego zegara \u015bciennego do luksusowej kuchni?<\/h2>\n<p>Takiego niesamowitego, wielkoformatowego zegara \u015bciennego nie zobaczysz w witrynie sklepowej. Pomalowali\u015bmy go uwa\u017cnie zgodnie z instrukcjami klienta, aby pasowa\u0142 do jego nowej, stylowej kuchni. Kolory tarczy zegara to pomara\u0144cz, br\u0105z i szaro\u015b\u0107. Pr\u00f3bowali\u015bmy osi\u0105gn\u0105\u0107 efekt abstrakcyjnego, tr\u00f3jwymiarowego obrazu. Ten model jest podobny do innego <a href=\"https:\/\/peakart.co.uk\/pl\/produkt\/zegar-designerski-na-zamowienie\/\">zegara designerskiego<\/a> ale zamiast pe\u0142nego ty\u0142u zastosowali\u015bmy konstrukcj\u0119 szkieletow\u0105.<br class=\"xliff-newline\" \/><br class=\"xliff-newline\" \/>Cho\u0107 wi\u0119kszo\u015b\u0107 producent\u00f3w zegar\u00f3w \u015bciennych oferuje r\u00f3\u017cne modele, rzadko s\u0105 one wyj\u0105tkowe. Tymczasem firma Peak Art skupia si\u0119 na tworzeniu niezwyk\u0142ych, dekoracyjnych zegar\u00f3w. Pragniemy, by wyr\u00f3\u017cnia\u0142y si\u0119 i stanowi\u0142y element wystroju domu poszukiwany przez klient\u00f3w. Zamawiaj\u0105c jeden z naszych zegar\u00f3w, mo\u017cesz mie\u0107 pewno\u015b\u0107, \u017ce nikt na \u015bwiecie nie ma identycznego egzemplarza. Cz\u0119sto idziemy jeszcze o krok dalej i, zamiast istniej\u0105cego modelu, sprzedajemy klientowi projekt wsp\u00f3\u0142tworzony z nim.<br class=\"xliff-newline\" \/><br class=\"xliff-newline\" \/>Zapraszamy do do\u0142\u0105czenia do naszej spo\u0142eczno\u015bci w portalu <a href=\"https:\/\/www.facebook.com\/PeakArtClocks\/\">Facebook<\/a> i dzielenia si\u0119 uwagami z tysi\u0105cami obserwuj\u0105cych. Zawsze ch\u0119tnie odpowiadamy na pytania, wi\u0119c \u015bmia\u0142o <a href=\"https:\/\/peakart.co.uk\/pl\/kontakt\/\">kontaktuj si\u0119 z nami<\/a>!<\/p>\n","protected":false},"excerpt":{"rendered":"<p class=\"translation-preview-holder\">Nasz najnowszy ponadgabarytowy zegar \u015bcienny, kt\u00f3ry zaprojektowali\u015bmy specjalnie dla okre\u015blonego stylu kuchni. G\u0142\u00f3wnym wyzwaniem by\u0142o w\u0142\u0105czenie mieszanki pasuj\u0105cych kolor\u00f3w i odcieni. Jest teraz dost\u0119pny na zam\u00f3wienie w trzech r\u00f3\u017cnych rozmiarach.<\/p>\n<p><b>Projekt i R\u0119czne Wykonanie<\/b> \u2013 Anna Siodelska<\/p>\n<p><strong>Front<\/strong> \u2013 Pomara\u0144cz, Bronz, Szary<\/p>\n<p><strong>Ty\u0142<\/strong> \u2013 Transparentny<\/p>\n","protected":false},"featured_media":34203,"comment_status":"closed","ping_status":"closed","template":"","meta":[],"product_brand":[],"product_cat":[56],"product_tag":[50,65,2138,70,68,2671,53,76],"class_list":{"0":"post-10161","1":"product","2":"type-product","3":"status-publish","4":"has-post-thumbnail","6":"product_cat-duze-zegary-scienne","7":"product_tag-artystyczne-zegary-scienne","8":"product_tag-duze-zegary-dekoracyjne-na-sciane","9":"product_tag-duze-zegary-scienne","10":"product_tag-duze-zegary-rzymskie-szkieletowe","11":"product_tag-drewniane-zegary-scienne-z-cyframi-rzymskimi","12":"product_tag-nietypowe-duze-zegary-scienne","13":"product_tag-zegary-drewniane-szkieletowe","14":"product_tag-zegary-scienne-shabby-chic","15":"product_shipping_class-oversized-clocks-pl","17":"first","18":"instock","19":"sale","20":"taxable","21":"shipping-taxable","22":"purchasable","23":"product-type-variable"},"yoast_head":"<!-- This site is optimized with the Yoast SEO Premium plugin v27.2 (Yoast SEO v27.2) - https:\/\/yoast.com\/product\/yoast-seo-premium-wordpress\/ -->\n<title>Pi\u0119kny du\u017cy zegar \u015bcienny z cyframi rzymskimi w formie szkieletowej<\/title>\n<meta name=\"description\" content=\"Ten ol\u015bniewaj\u0105cy, du\u017cy zegar \u015bcienny jest doskona\u0142ym przyk\u0142adem spersonalizowanych projekt\u00f3w zegar\u00f3w oferowanych przez firm\u0119 Peak Art Clocks. Nasze zegary dost\u0119pne s\u0105 w trzech rozmiarach.\" \/>\n<meta name=\"robots\" content=\"index, follow, max-snippet:-1, max-image-preview:large, max-video-preview:-1\" \/>\n<link rel=\"canonical\" href=\"https:\/\/peakart.co.uk\/pl\/produkt\/duzy-zegar-scienny\/\" \/>\n<meta property=\"og:locale\" content=\"pl_PL\" \/>\n<meta property=\"og:type\" content=\"article\" \/>\n<meta property=\"og:title\" content=\"Du\u017cy Zegar \u015acienny do Luksusowej Kuchni\" \/>\n<meta property=\"og:description\" content=\"Ten ol\u015bniewaj\u0105cy, du\u017cy zegar \u015bcienny jest doskona\u0142ym przyk\u0142adem spersonalizowanych projekt\u00f3w zegar\u00f3w oferowanych przez firm\u0119 Peak Art Clocks. Nasze zegary dost\u0119pne s\u0105 w trzech rozmiarach.\" \/>\n<meta property=\"og:url\" content=\"https:\/\/peakart.co.uk\/pl\/produkt\/duzy-zegar-scienny\/\" \/>\n<meta property=\"og:site_name\" content=\"Peak Art\" \/>\n<meta property=\"article:publisher\" content=\"https:\/\/www.facebook.com\/PeakArtClocks\/\" \/>\n<meta property=\"article:modified_time\" content=\"2025-03-18T21:25:31+00:00\" \/>\n<meta property=\"og:image\" content=\"https:\/\/peakart.co.uk\/wp-content\/uploads\/2019\/05\/oversized-wall-clock-skeleton-design.jpg\" \/>\n\t<meta property=\"og:image:width\" content=\"2498\" \/>\n\t<meta property=\"og:image:height\" content=\"2390\" \/>\n\t<meta property=\"og:image:type\" content=\"image\/jpeg\" \/>\n<meta name=\"twitter:card\" content=\"summary_large_image\" \/>\n<meta name=\"twitter:label1\" content=\"Dost\u0119pno\u015b\u0107\" \/>\n\t<meta name=\"twitter:data1\" content=\"Dost\u0119pny\" \/>\n<script type=\"application\/ld+json\" class=\"yoast-schema-graph\">{\"@context\":\"https:\/\/schema.org\",\"@graph\":[{\"@type\":\"WebPage\",\"@id\":\"https:\/\/peakart.co.uk\/pl\/produkt\/duzy-zegar-scienny\/\",\"url\":\"https:\/\/peakart.co.uk\/pl\/produkt\/duzy-zegar-scienny\/\",\"name\":\"Pi\u0119kny du\u017cy zegar \u015bcienny z cyframi rzymskimi w formie szkieletowej\",\"isPartOf\":{\"@id\":\"https:\/\/peakart.co.uk\/de\/#website\"},\"primaryImageOfPage\":{\"@id\":\"https:\/\/peakart.co.uk\/pl\/produkt\/duzy-zegar-scienny\/#primaryimage\"},\"image\":{\"@id\":\"https:\/\/peakart.co.uk\/pl\/produkt\/duzy-zegar-scienny\/#primaryimage\"},\"thumbnailUrl\":\"https:\/\/peakart.co.uk\/wp-content\/uploads\/2019\/05\/oversized-wall-clock-skeleton-design.jpg\",\"datePublished\":\"2019-05-25T17:00:27+00:00\",\"dateModified\":\"2025-03-18T21:25:31+00:00\",\"description\":\"Ten ol\u015bniewaj\u0105cy, du\u017cy zegar \u015bcienny jest doskona\u0142ym przyk\u0142adem spersonalizowanych projekt\u00f3w zegar\u00f3w oferowanych przez firm\u0119 Peak Art Clocks. Nasze zegary dost\u0119pne s\u0105 w trzech rozmiarach.\",\"breadcrumb\":{\"@id\":\"https:\/\/peakart.co.uk\/pl\/produkt\/duzy-zegar-scienny\/#breadcrumb\"},\"inLanguage\":\"pl-PL\",\"potentialAction\":[{\"@type\":\"ReadAction\",\"target\":[\"https:\/\/peakart.co.uk\/pl\/produkt\/duzy-zegar-scienny\/\"]}]},{\"@type\":\"ImageObject\",\"inLanguage\":\"pl-PL\",\"@id\":\"https:\/\/peakart.co.uk\/pl\/produkt\/duzy-zegar-scienny\/#primaryimage\",\"url\":\"https:\/\/peakart.co.uk\/wp-content\/uploads\/2019\/05\/oversized-wall-clock-skeleton-design.jpg\",\"contentUrl\":\"https:\/\/peakart.co.uk\/wp-content\/uploads\/2019\/05\/oversized-wall-clock-skeleton-design.jpg\",\"width\":2498,\"height\":2390,\"caption\":\"oversized wall clock skeleton design\"},{\"@type\":\"BreadcrumbList\",\"@id\":\"https:\/\/peakart.co.uk\/pl\/produkt\/duzy-zegar-scienny\/#breadcrumb\",\"itemListElement\":[{\"@type\":\"ListItem\",\"position\":1,\"name\":\"Home\",\"item\":\"https:\/\/peakart.co.uk\/pl\/\"},{\"@type\":\"ListItem\",\"position\":2,\"name\":\"Sklep\",\"item\":\"https:\/\/peakart.co.uk\/pl\/sklep\/\"},{\"@type\":\"ListItem\",\"position\":3,\"name\":\"Du\u017cy Zegar \u015acienny do Luksusowej Kuchni\"}]},{\"@type\":\"WebSite\",\"@id\":\"https:\/\/peakart.co.uk\/de\/#website\",\"url\":\"https:\/\/peakart.co.uk\/de\/\",\"name\":\"Peak Art\",\"description\":\"\",\"publisher\":{\"@id\":\"https:\/\/peakart.co.uk\/de\/#organization\"},\"potentialAction\":[{\"@type\":\"SearchAction\",\"target\":{\"@type\":\"EntryPoint\",\"urlTemplate\":\"https:\/\/peakart.co.uk\/de\/?s={search_term_string}\"},\"query-input\":{\"@type\":\"PropertyValueSpecification\",\"valueRequired\":true,\"valueName\":\"search_term_string\"}}],\"inLanguage\":\"pl-PL\"},{\"@type\":\"Organization\",\"@id\":\"https:\/\/peakart.co.uk\/de\/#organization\",\"name\":\"Peak Art\",\"url\":\"https:\/\/peakart.co.uk\/de\/\",\"logo\":{\"@type\":\"ImageObject\",\"inLanguage\":\"pl-PL\",\"@id\":\"https:\/\/peakart.co.uk\/de\/#\/schema\/logo\/image\/\",\"url\":\"https:\/\/peakart.co.uk\/wp-content\/uploads\/2023\/07\/logo-8.jpg\",\"contentUrl\":\"https:\/\/peakart.co.uk\/wp-content\/uploads\/2023\/07\/logo-8.jpg\",\"width\":666,\"height\":259,\"caption\":\"Peak Art\"},\"image\":{\"@id\":\"https:\/\/peakart.co.uk\/de\/#\/schema\/logo\/image\/\"},\"sameAs\":[\"https:\/\/www.facebook.com\/PeakArtClocks\/\"],\"hasMerchantReturnPolicy\":{\"@type\":\"MerchantReturnPolicy\",\"merchantReturnLink\":\"https:\/\/peakart.co.uk\/refund_returns\/\"}}]}<\/script>\n<meta property=\"og:availability\" content=\"instock\" \/>\n<meta property=\"product:availability\" content=\"instock\" \/>\n<meta property=\"product:retailer_item_id\" content=\"PEAKART-16237\" \/>\n<meta property=\"product:condition\" content=\"new\" \/>\n<!-- \/ Yoast SEO Premium plugin. -->","yoast_head_json":{"title":"Pi\u0119kny du\u017cy zegar \u015bcienny z cyframi rzymskimi w formie szkieletowej","description":"Ten ol\u015bniewaj\u0105cy, du\u017cy zegar \u015bcienny jest doskona\u0142ym przyk\u0142adem spersonalizowanych projekt\u00f3w zegar\u00f3w oferowanych przez firm\u0119 Peak Art Clocks. Nasze zegary dost\u0119pne s\u0105 w trzech rozmiarach.","robots":{"index":"index","follow":"follow","max-snippet":"max-snippet:-1","max-image-preview":"max-image-preview:large","max-video-preview":"max-video-preview:-1"},"canonical":"https:\/\/peakart.co.uk\/pl\/produkt\/duzy-zegar-scienny\/","og_locale":"pl_PL","og_type":"article","og_title":"Du\u017cy Zegar \u015acienny do Luksusowej Kuchni","og_description":"Ten ol\u015bniewaj\u0105cy, du\u017cy zegar \u015bcienny jest doskona\u0142ym przyk\u0142adem spersonalizowanych projekt\u00f3w zegar\u00f3w oferowanych przez firm\u0119 Peak Art Clocks. Nasze zegary dost\u0119pne s\u0105 w trzech rozmiarach.","og_url":"https:\/\/peakart.co.uk\/pl\/produkt\/duzy-zegar-scienny\/","og_site_name":"Peak Art","article_publisher":"https:\/\/www.facebook.com\/PeakArtClocks\/","article_modified_time":"2025-03-18T21:25:31+00:00","og_image":[{"width":2498,"height":2390,"url":"https:\/\/peakart.co.uk\/wp-content\/uploads\/2019\/05\/oversized-wall-clock-skeleton-design.jpg","type":"image\/jpeg"}],"twitter_card":"summary_large_image","twitter_misc":{"Dost\u0119pno\u015b\u0107":"Dost\u0119pny"},"schema":{"@context":"https:\/\/schema.org","@graph":[{"@type":"WebPage","@id":"https:\/\/peakart.co.uk\/pl\/produkt\/duzy-zegar-scienny\/","url":"https:\/\/peakart.co.uk\/pl\/produkt\/duzy-zegar-scienny\/","name":"Pi\u0119kny du\u017cy zegar \u015bcienny z cyframi rzymskimi w formie szkieletowej","isPartOf":{"@id":"https:\/\/peakart.co.uk\/de\/#website"},"primaryImageOfPage":{"@id":"https:\/\/peakart.co.uk\/pl\/produkt\/duzy-zegar-scienny\/#primaryimage"},"image":{"@id":"https:\/\/peakart.co.uk\/pl\/produkt\/duzy-zegar-scienny\/#primaryimage"},"thumbnailUrl":"https:\/\/peakart.co.uk\/wp-content\/uploads\/2019\/05\/oversized-wall-clock-skeleton-design.jpg","datePublished":"2019-05-25T17:00:27+00:00","dateModified":"2025-03-18T21:25:31+00:00","description":"Ten ol\u015bniewaj\u0105cy, du\u017cy zegar \u015bcienny jest doskona\u0142ym przyk\u0142adem spersonalizowanych projekt\u00f3w zegar\u00f3w oferowanych przez firm\u0119 Peak Art Clocks. Nasze zegary dost\u0119pne s\u0105 w trzech rozmiarach.","breadcrumb":{"@id":"https:\/\/peakart.co.uk\/pl\/produkt\/duzy-zegar-scienny\/#breadcrumb"},"inLanguage":"pl-PL","potentialAction":[{"@type":"ReadAction","target":["https:\/\/peakart.co.uk\/pl\/produkt\/duzy-zegar-scienny\/"]}]},{"@type":"ImageObject","inLanguage":"pl-PL","@id":"https:\/\/peakart.co.uk\/pl\/produkt\/duzy-zegar-scienny\/#primaryimage","url":"https:\/\/peakart.co.uk\/wp-content\/uploads\/2019\/05\/oversized-wall-clock-skeleton-design.jpg","contentUrl":"https:\/\/peakart.co.uk\/wp-content\/uploads\/2019\/05\/oversized-wall-clock-skeleton-design.jpg","width":2498,"height":2390,"caption":"oversized wall clock skeleton design"},{"@type":"BreadcrumbList","@id":"https:\/\/peakart.co.uk\/pl\/produkt\/duzy-zegar-scienny\/#breadcrumb","itemListElement":[{"@type":"ListItem","position":1,"name":"Home","item":"https:\/\/peakart.co.uk\/pl\/"},{"@type":"ListItem","position":2,"name":"Sklep","item":"https:\/\/peakart.co.uk\/pl\/sklep\/"},{"@type":"ListItem","position":3,"name":"Du\u017cy Zegar \u015acienny do Luksusowej Kuchni"}]},{"@type":"WebSite","@id":"https:\/\/peakart.co.uk\/de\/#website","url":"https:\/\/peakart.co.uk\/de\/","name":"Peak Art","description":"","publisher":{"@id":"https:\/\/peakart.co.uk\/de\/#organization"},"potentialAction":[{"@type":"SearchAction","target":{"@type":"EntryPoint","urlTemplate":"https:\/\/peakart.co.uk\/de\/?s={search_term_string}"},"query-input":{"@type":"PropertyValueSpecification","valueRequired":true,"valueName":"search_term_string"}}],"inLanguage":"pl-PL"},{"@type":"Organization","@id":"https:\/\/peakart.co.uk\/de\/#organization","name":"Peak Art","url":"https:\/\/peakart.co.uk\/de\/","logo":{"@type":"ImageObject","inLanguage":"pl-PL","@id":"https:\/\/peakart.co.uk\/de\/#\/schema\/logo\/image\/","url":"https:\/\/peakart.co.uk\/wp-content\/uploads\/2023\/07\/logo-8.jpg","contentUrl":"https:\/\/peakart.co.uk\/wp-content\/uploads\/2023\/07\/logo-8.jpg","width":666,"height":259,"caption":"Peak Art"},"image":{"@id":"https:\/\/peakart.co.uk\/de\/#\/schema\/logo\/image\/"},"sameAs":["https:\/\/www.facebook.com\/PeakArtClocks\/"],"hasMerchantReturnPolicy":{"@type":"MerchantReturnPolicy","merchantReturnLink":"https:\/\/peakart.co.uk\/refund_returns\/"}}]},"og_availability":"instock","product_availability":"instock","product_retailer_item_id":"PEAKART-16237","product_condition":"new"},"_links":{"self":[{"href":"https:\/\/peakart.co.uk\/pl\/wp-json\/wp\/v2\/product\/10161","targetHints":{"allow":["GET"]}}],"collection":[{"href":"https:\/\/peakart.co.uk\/pl\/wp-json\/wp\/v2\/product"}],"about":[{"href":"https:\/\/peakart.co.uk\/pl\/wp-json\/wp\/v2\/types\/product"}],"replies":[{"embeddable":true,"href":"https:\/\/peakart.co.uk\/pl\/wp-json\/wp\/v2\/comments?post=10161"}],"wp:featuredmedia":[{"embeddable":true,"href":"https:\/\/peakart.co.uk\/pl\/wp-json\/wp\/v2\/media\/34203"}],"wp:attachment":[{"href":"https:\/\/peakart.co.uk\/pl\/wp-json\/wp\/v2\/media?parent=10161"}],"wp:term":[{"taxonomy":"product_brand","embeddable":true,"href":"https:\/\/peakart.co.uk\/pl\/wp-json\/wp\/v2\/product_brand?post=10161"},{"taxonomy":"product_cat","embeddable":true,"href":"https:\/\/peakart.co.uk\/pl\/wp-json\/wp\/v2\/product_cat?post=10161"},{"taxonomy":"product_tag","embeddable":true,"href":"https:\/\/peakart.co.uk\/pl\/wp-json\/wp\/v2\/product_tag?post=10161"}],"curies":[{"name":"wp","href":"https:\/\/api.w.org\/{rel}","templated":true}]}}