{"id":5744,"date":"2017-09-03T22:11:58","date_gmt":"2017-09-03T21:11:58","guid":{"rendered":"http:\/\/peakart.co.uk\/?page_id=5744\/"},"modified":"2025-01-23T19:23:54","modified_gmt":"2025-01-23T19:23:54","slug":"o-nas","status":"publish","type":"page","link":"https:\/\/peakart.co.uk\/pl\/o-nas\/","title":{"rendered":"O Nas"},"content":{"rendered":"<div class=\"wpb-content-wrapper\"><p>[vc_row][vc_column][vc_separator border_width=&#8221;2&#8243;][\/vc_column][\/vc_row][vc_row content_placement=&#8221;top&#8221;][vc_column css_animation=&#8221;bounceInLeft&#8221; width=&#8221;1\/2&#8243;][vc_single_image image=&#8221;6942&#8243; img_size=&#8221;full&#8221;][\/vc_column][vc_column css_animation=&#8221;bounceInRight&#8221; width=&#8221;1\/2&#8243;][vc_column_text]<\/p>\n<h2 class=\"text-strong\">Peak Art to firma rodzinna specjalizuj\u0105ca si\u0119 w projektowaniu i wykonywaniu du\u017cych zegar\u00f3w \u015bciennych<\/h2>\n<div class=\"business--aboutUs\">\n<p style=\"text-align: justify;\">Nazywam si\u0119 Ania i jestem projektantem wszystkich zegar\u00f3w, kt\u00f3re mo\u017cna zobaczy\u0107 na stronie internetowej. Razem z m\u0119\u017cem Wojtkiem za\u0142o\u017cyli\u015bmy Peak Art zim\u0105 2014 roku. Mieszkamy w Dore niedaleko Sheffield na terenie Wielkiej Brytanii. Nie mamy tradycyjnego sklepu i dzia\u0142amy wy\u0142\u0105cznie jako <a href=\"https:\/\/peakart.co.uk\/pl\/kategoria-produktu\/duze-zegary-scienne\/\">firma internetowa<\/a>. Ze wzgl\u0119du na r\u0119cznie wykonan\u0105 prac\u0119, \u017cadne dwa zegary \u015bcienne z Peak Art nie mog\u0105 by\u0107 identyczne.<\/p>\n<p style=\"text-align: justify;\">G\u0142\u00f3wn\u0105 r\u00f3\u017cnic\u0105 pomi\u0119dzy Peak Art i wieloma innymi firmami sprzedaj\u0105cymi du\u017ce zegary \u015bcienne jest wyj\u0105tkowo\u015b\u0107. Nie jeste\u015bmy nastawieni na masow\u0105 produkcj\u0119 lecz na unikalno\u015b\u0107 ka\u017cdego zegara. Jednym z najpopularniejszych wybor\u00f3w jest <a href=\"https:\/\/peakart.co.uk\/pl\/blog-post\/zegary-scienne-szkieletowe\/\">zegar szkieletowy<\/a>. Jak wida\u0107 prz\u00f3d jest wyci\u0119ty z pojedynczego du\u017cego panelu drewna. Dodatkowa w\u0105ska kraw\u0119d\u017a z ty\u0142u zapewnia pi\u0119kny tr\u00f3jwymiarowy wygl\u0105d. Nie ma \u017cadnej innej firmy w Internecie, przynajmniej nie wed\u0142ug naszej wiedzy, kt\u00f3ra oferuje tego rodzaju projekty. Z drugiej strony najprawdopodobniej znajdziesz tysi\u0105ce firm sprzedaj\u0105cych tanie zegary szkieletowe masowo produkowane w fabrykach. Nasz\u0105 misj\u0105 jest wp\u0142ywanie na trendy w aran\u017cacji wn\u0119trz na ca\u0142ym \u015bwiecie dzi\u0119ki funkcjonalnej sztuce dekoracyjnej. Nasi klienci daj\u0105 wiele inspiracji dla nowych projekt\u00f3w. Mo\u017cemy wys\u0142a\u0107 nasze zegary do ponad 40 r\u00f3\u017cnych kraj\u00f3w, wi\u0119c gdziekolwiek jeste\u015b prosimy o kontakt.<\/p>\n<\/div>\n<p>[\/vc_column_text][\/vc_column][\/vc_row]<\/p>\n<\/div>","protected":false},"excerpt":{"rendered":"<p>[vc_row][vc_column][vc_separator border_width=&#8221;2&#8243;][\/vc_column][\/vc_row][vc_row content_placement=&#8221;top&#8221;][vc_column css_animation=&#8221;bounceInLeft&#8221; width=&#8221;1\/2&#8243;][vc_single_image image=&#8221;6942&#8243; img_size=&#8221;full&#8221;][\/vc_column][vc_column css_animation=&#8221;bounceInRight&#8221; width=&#8221;1\/2&#8243;][vc_column_text] Peak Art to firma rodzinna specjalizuj\u0105ca si\u0119 w projektowaniu i wykonywaniu du\u017cych zegar\u00f3w \u015bciennych Nazywam si\u0119 Ania i jestem projektantem wszystkich zegar\u00f3w, kt\u00f3re mo\u017cna zobaczy\u0107 na stronie internetowej. Razem z m\u0119\u017cem Wojtkiem za\u0142o\u017cyli\u015bmy Peak Art zim\u0105 2014 roku. Mieszkamy w Dore niedaleko Sheffield na terenie Wielkiej [&hellip;]<\/p>\n","protected":false},"author":1,"featured_media":0,"parent":0,"menu_order":65,"comment_status":"closed","ping_status":"closed","template":"","meta":{"footnotes":""},"class_list":["post-5744","page","type-page","status-publish","hentry"],"yoast_head":"<!-- This site is optimized with the Yoast SEO Premium plugin v27.2 (Yoast SEO v27.2) - https:\/\/yoast.com\/product\/yoast-seo-premium-wordpress\/ -->\n<title>Peak Art To Firma Rodzinna Za\u0142o\u017cona Przez Polskie Ma\u0142\u017ce\u0144stwo w Anglii<\/title>\n<meta name=\"description\" content=\"Peak Art jest firm\u0105 za\u0142o\u017con\u0105 przez nas na terenie Wielkiej Brytanii w drugiej po\u0142owie 2014 roku. Specializujemy si\u0119 w wykonywaniu du\u017cych zegar\u00f3w \u015bciennych.\" \/>\n<meta name=\"robots\" content=\"index, follow, max-snippet:-1, max-image-preview:large, max-video-preview:-1\" \/>\n<link rel=\"canonical\" href=\"https:\/\/peakart.co.uk\/pl\/o-nas\/\" \/>\n<meta property=\"og:locale\" content=\"pl_PL\" \/>\n<meta property=\"og:type\" content=\"article\" \/>\n<meta property=\"og:title\" content=\"O Nas\" \/>\n<meta property=\"og:description\" content=\"Peak Art jest firm\u0105 za\u0142o\u017con\u0105 przez nas na terenie Wielkiej Brytanii w drugiej po\u0142owie 2014 roku. Specializujemy si\u0119 w wykonywaniu du\u017cych zegar\u00f3w \u015bciennych.\" \/>\n<meta property=\"og:url\" content=\"https:\/\/peakart.co.uk\/pl\/o-nas\/\" \/>\n<meta property=\"og:site_name\" content=\"Peak Art\" \/>\n<meta property=\"article:publisher\" content=\"https:\/\/www.facebook.com\/PeakArtClocks\/\" \/>\n<meta property=\"article:modified_time\" content=\"2025-01-23T19:23:54+00:00\" \/>\n<meta name=\"twitter:card\" content=\"summary_large_image\" \/>\n<meta name=\"twitter:label1\" content=\"Szacowany czas czytania\" \/>\n\t<meta name=\"twitter:data1\" content=\"1 minuta\" \/>\n<script type=\"application\/ld+json\" class=\"yoast-schema-graph\">{\"@context\":\"https:\/\/schema.org\",\"@graph\":[{\"@type\":\"WebPage\",\"@id\":\"https:\/\/peakart.co.uk\/pl\/o-nas\/\",\"url\":\"https:\/\/peakart.co.uk\/pl\/o-nas\/\",\"name\":\"Peak Art To Firma Rodzinna Za\u0142o\u017cona Przez Polskie Ma\u0142\u017ce\u0144stwo w Anglii\",\"isPartOf\":{\"@id\":\"https:\/\/peakart.co.uk\/de\/#website\"},\"datePublished\":\"2017-09-03T21:11:58+00:00\",\"dateModified\":\"2025-01-23T19:23:54+00:00\",\"description\":\"Peak Art jest firm\u0105 za\u0142o\u017con\u0105 przez nas na terenie Wielkiej Brytanii w drugiej po\u0142owie 2014 roku. Specializujemy si\u0119 w wykonywaniu du\u017cych zegar\u00f3w \u015bciennych.\",\"breadcrumb\":{\"@id\":\"https:\/\/peakart.co.uk\/pl\/o-nas\/#breadcrumb\"},\"inLanguage\":\"pl-PL\",\"potentialAction\":[{\"@type\":\"ReadAction\",\"target\":[\"https:\/\/peakart.co.uk\/pl\/o-nas\/\"]}]},{\"@type\":\"BreadcrumbList\",\"@id\":\"https:\/\/peakart.co.uk\/pl\/o-nas\/#breadcrumb\",\"itemListElement\":[{\"@type\":\"ListItem\",\"position\":1,\"name\":\"Home\",\"item\":\"https:\/\/peakart.co.uk\/pl\/\"},{\"@type\":\"ListItem\",\"position\":2,\"name\":\"O Nas\"}]},{\"@type\":\"WebSite\",\"@id\":\"https:\/\/peakart.co.uk\/de\/#website\",\"url\":\"https:\/\/peakart.co.uk\/de\/\",\"name\":\"Peak Art\",\"description\":\"\",\"publisher\":{\"@id\":\"https:\/\/peakart.co.uk\/de\/#organization\"},\"potentialAction\":[{\"@type\":\"SearchAction\",\"target\":{\"@type\":\"EntryPoint\",\"urlTemplate\":\"https:\/\/peakart.co.uk\/de\/?s={search_term_string}\"},\"query-input\":{\"@type\":\"PropertyValueSpecification\",\"valueRequired\":true,\"valueName\":\"search_term_string\"}}],\"inLanguage\":\"pl-PL\"},{\"@type\":\"Organization\",\"@id\":\"https:\/\/peakart.co.uk\/de\/#organization\",\"name\":\"Peak Art\",\"url\":\"https:\/\/peakart.co.uk\/de\/\",\"logo\":{\"@type\":\"ImageObject\",\"inLanguage\":\"pl-PL\",\"@id\":\"https:\/\/peakart.co.uk\/de\/#\/schema\/logo\/image\/\",\"url\":\"https:\/\/peakart.co.uk\/wp-content\/uploads\/2023\/07\/logo-8.jpg\",\"contentUrl\":\"https:\/\/peakart.co.uk\/wp-content\/uploads\/2023\/07\/logo-8.jpg\",\"width\":666,\"height\":259,\"caption\":\"Peak Art\"},\"image\":{\"@id\":\"https:\/\/peakart.co.uk\/de\/#\/schema\/logo\/image\/\"},\"sameAs\":[\"https:\/\/www.facebook.com\/PeakArtClocks\/\"],\"hasMerchantReturnPolicy\":{\"@type\":\"MerchantReturnPolicy\",\"merchantReturnLink\":\"https:\/\/peakart.co.uk\/refund_returns\/\"}}]}<\/script>\n<!-- \/ Yoast SEO Premium plugin. -->","yoast_head_json":{"title":"Peak Art To Firma Rodzinna Za\u0142o\u017cona Przez Polskie Ma\u0142\u017ce\u0144stwo w Anglii","description":"Peak Art jest firm\u0105 za\u0142o\u017con\u0105 przez nas na terenie Wielkiej Brytanii w drugiej po\u0142owie 2014 roku. Specializujemy si\u0119 w wykonywaniu du\u017cych zegar\u00f3w \u015bciennych.","robots":{"index":"index","follow":"follow","max-snippet":"max-snippet:-1","max-image-preview":"max-image-preview:large","max-video-preview":"max-video-preview:-1"},"canonical":"https:\/\/peakart.co.uk\/pl\/o-nas\/","og_locale":"pl_PL","og_type":"article","og_title":"O Nas","og_description":"Peak Art jest firm\u0105 za\u0142o\u017con\u0105 przez nas na terenie Wielkiej Brytanii w drugiej po\u0142owie 2014 roku. Specializujemy si\u0119 w wykonywaniu du\u017cych zegar\u00f3w \u015bciennych.","og_url":"https:\/\/peakart.co.uk\/pl\/o-nas\/","og_site_name":"Peak Art","article_publisher":"https:\/\/www.facebook.com\/PeakArtClocks\/","article_modified_time":"2025-01-23T19:23:54+00:00","twitter_card":"summary_large_image","twitter_misc":{"Szacowany czas czytania":"1 minuta"},"schema":{"@context":"https:\/\/schema.org","@graph":[{"@type":"WebPage","@id":"https:\/\/peakart.co.uk\/pl\/o-nas\/","url":"https:\/\/peakart.co.uk\/pl\/o-nas\/","name":"Peak Art To Firma Rodzinna Za\u0142o\u017cona Przez Polskie Ma\u0142\u017ce\u0144stwo w Anglii","isPartOf":{"@id":"https:\/\/peakart.co.uk\/de\/#website"},"datePublished":"2017-09-03T21:11:58+00:00","dateModified":"2025-01-23T19:23:54+00:00","description":"Peak Art jest firm\u0105 za\u0142o\u017con\u0105 przez nas na terenie Wielkiej Brytanii w drugiej po\u0142owie 2014 roku. Specializujemy si\u0119 w wykonywaniu du\u017cych zegar\u00f3w \u015bciennych.","breadcrumb":{"@id":"https:\/\/peakart.co.uk\/pl\/o-nas\/#breadcrumb"},"inLanguage":"pl-PL","potentialAction":[{"@type":"ReadAction","target":["https:\/\/peakart.co.uk\/pl\/o-nas\/"]}]},{"@type":"BreadcrumbList","@id":"https:\/\/peakart.co.uk\/pl\/o-nas\/#breadcrumb","itemListElement":[{"@type":"ListItem","position":1,"name":"Home","item":"https:\/\/peakart.co.uk\/pl\/"},{"@type":"ListItem","position":2,"name":"O Nas"}]},{"@type":"WebSite","@id":"https:\/\/peakart.co.uk\/de\/#website","url":"https:\/\/peakart.co.uk\/de\/","name":"Peak Art","description":"","publisher":{"@id":"https:\/\/peakart.co.uk\/de\/#organization"},"potentialAction":[{"@type":"SearchAction","target":{"@type":"EntryPoint","urlTemplate":"https:\/\/peakart.co.uk\/de\/?s={search_term_string}"},"query-input":{"@type":"PropertyValueSpecification","valueRequired":true,"valueName":"search_term_string"}}],"inLanguage":"pl-PL"},{"@type":"Organization","@id":"https:\/\/peakart.co.uk\/de\/#organization","name":"Peak Art","url":"https:\/\/peakart.co.uk\/de\/","logo":{"@type":"ImageObject","inLanguage":"pl-PL","@id":"https:\/\/peakart.co.uk\/de\/#\/schema\/logo\/image\/","url":"https:\/\/peakart.co.uk\/wp-content\/uploads\/2023\/07\/logo-8.jpg","contentUrl":"https:\/\/peakart.co.uk\/wp-content\/uploads\/2023\/07\/logo-8.jpg","width":666,"height":259,"caption":"Peak Art"},"image":{"@id":"https:\/\/peakart.co.uk\/de\/#\/schema\/logo\/image\/"},"sameAs":["https:\/\/www.facebook.com\/PeakArtClocks\/"],"hasMerchantReturnPolicy":{"@type":"MerchantReturnPolicy","merchantReturnLink":"https:\/\/peakart.co.uk\/refund_returns\/"}}]}},"_links":{"self":[{"href":"https:\/\/peakart.co.uk\/pl\/wp-json\/wp\/v2\/pages\/5744","targetHints":{"allow":["GET"]}}],"collection":[{"href":"https:\/\/peakart.co.uk\/pl\/wp-json\/wp\/v2\/pages"}],"about":[{"href":"https:\/\/peakart.co.uk\/pl\/wp-json\/wp\/v2\/types\/page"}],"author":[{"embeddable":true,"href":"https:\/\/peakart.co.uk\/pl\/wp-json\/wp\/v2\/users\/1"}],"replies":[{"embeddable":true,"href":"https:\/\/peakart.co.uk\/pl\/wp-json\/wp\/v2\/comments?post=5744"}],"version-history":[{"count":21,"href":"https:\/\/peakart.co.uk\/pl\/wp-json\/wp\/v2\/pages\/5744\/revisions"}],"predecessor-version":[{"id":33990,"href":"https:\/\/peakart.co.uk\/pl\/wp-json\/wp\/v2\/pages\/5744\/revisions\/33990"}],"wp:attachment":[{"href":"https:\/\/peakart.co.uk\/pl\/wp-json\/wp\/v2\/media?parent=5744"}],"curies":[{"name":"wp","href":"https:\/\/api.w.org\/{rel}","templated":true}]}}