{"id":5692,"date":"2017-08-31T21:02:31","date_gmt":"2017-08-31T20:02:31","guid":{"rendered":"http:\/\/peakart.co.uk\/?page_id=5692\/"},"modified":"2023-03-22T16:36:24","modified_gmt":"2023-03-22T16:36:24","slug":"polityka-cookies","status":"publish","type":"page","link":"https:\/\/peakart.co.uk\/pl\/polityka-cookies\/","title":{"rendered":"Polityka Cookies"},"content":{"rendered":"<p>Ta witryna u\u017cywa plik\u00f3w cookie &#8211; ma\u0142ych plik\u00f3w tekstowych, kt\u00f3re s\u0105 umieszczane na komputerze, aby u\u0142atwi\u0107 witryn\u0119 zapewni\u0107 lepsze korzystanie z niego. Og\u00f3lnie cookies s\u0142u\u017c\u0105 do przechowywania preferencji u\u017cytkownik\u00f3w, przechowywania informacji dotycz\u0105cych rzeczy w rodzaju koszyka, a tak\u017ce do anonimowych danych \u015bledz\u0105cych do aplikacji innych firm, takich jak Google Analytics. Co do zasady, ciasteczka sprawi\u0105, \u017ce Twoje do\u015bwiadczenie w przegl\u0105darce b\u0119dzie lepsze. Jednak wolisz wy\u0142\u0105czy\u0107 pliki cookie w tej witrynie i innych. Najlepszym sposobem na to jest wy\u0142\u0105czenie plik\u00f3w cookie w przegl\u0105darce.<\/p>\n<p>Sugerujemy skorzystanie z sekcji Pomoc w przegl\u0105darce lub zapoznaniu si\u0119 z <a href=\"http:\/\/www.aboutcookies.org\">witryn\u0105<\/a> O stronie dotycz\u0105cej cookies, kt\u00f3ra oferuje wskaz\u00f3wki dla wszystkich nowoczesnych przegl\u0105darek<\/p>\n","protected":false},"excerpt":{"rendered":"<p>Ta witryna u\u017cywa plik\u00f3w cookie &#8211; ma\u0142ych plik\u00f3w tekstowych, kt\u00f3re s\u0105 umieszczane na komputerze, aby u\u0142atwi\u0107 witryn\u0119 zapewni\u0107 lepsze korzystanie z niego. Og\u00f3lnie cookies s\u0142u\u017c\u0105 do przechowywania preferencji u\u017cytkownik\u00f3w, przechowywania informacji dotycz\u0105cych rzeczy w rodzaju koszyka, a tak\u017ce do anonimowych danych \u015bledz\u0105cych do aplikacji innych firm, takich jak Google Analytics. Co do zasady, ciasteczka sprawi\u0105, [&hellip;]<\/p>\n","protected":false},"author":1,"featured_media":0,"parent":0,"menu_order":0,"comment_status":"closed","ping_status":"closed","template":"","meta":{"footnotes":""},"class_list":["post-5692","page","type-page","status-publish","hentry"],"yoast_head":"<!-- This site is optimized with the Yoast SEO Premium plugin v27.2 (Yoast SEO v27.2) - https:\/\/yoast.com\/product\/yoast-seo-premium-wordpress\/ -->\n<title>Polityka Cookies - Peak Art<\/title>\n<meta name=\"description\" content=\"Ta witryna u\u017cywa plik\u00f3w cookie - ma\u0142ych plik\u00f3w tekstowych, kt\u00f3re s\u0105 umieszczane na komputerze, aby u\u0142atwi\u0107 witryn\u0119 zapewni\u0107 lepsze korzystanie z niego.\" \/>\n<meta name=\"robots\" content=\"index, follow, max-snippet:-1, max-image-preview:large, max-video-preview:-1\" \/>\n<link rel=\"canonical\" href=\"https:\/\/peakart.co.uk\/pl\/polityka-cookies\/\" \/>\n<meta property=\"og:locale\" content=\"pl_PL\" \/>\n<meta property=\"og:type\" content=\"article\" \/>\n<meta property=\"og:title\" content=\"Polityka Cookies\" \/>\n<meta property=\"og:description\" content=\"Ta witryna u\u017cywa plik\u00f3w cookie - ma\u0142ych plik\u00f3w tekstowych, kt\u00f3re s\u0105 umieszczane na komputerze, aby u\u0142atwi\u0107 witryn\u0119 zapewni\u0107 lepsze korzystanie z niego.\" \/>\n<meta property=\"og:url\" content=\"https:\/\/peakart.co.uk\/pl\/polityka-cookies\/\" \/>\n<meta property=\"og:site_name\" content=\"Peak Art\" \/>\n<meta property=\"article:publisher\" content=\"https:\/\/www.facebook.com\/PeakArtClocks\/\" \/>\n<meta property=\"article:modified_time\" content=\"2023-03-22T16:36:24+00:00\" \/>\n<meta name=\"twitter:card\" content=\"summary_large_image\" \/>\n<meta name=\"twitter:label1\" content=\"Szacowany czas czytania\" \/>\n\t<meta name=\"twitter:data1\" content=\"1 minuta\" \/>\n<script type=\"application\/ld+json\" class=\"yoast-schema-graph\">{\"@context\":\"https:\/\/schema.org\",\"@graph\":[{\"@type\":\"WebPage\",\"@id\":\"https:\/\/peakart.co.uk\/pl\/polityka-cookies\/\",\"url\":\"https:\/\/peakart.co.uk\/pl\/polityka-cookies\/\",\"name\":\"Polityka Cookies - Peak Art\",\"isPartOf\":{\"@id\":\"https:\/\/peakart.co.uk\/de\/#website\"},\"datePublished\":\"2017-08-31T20:02:31+00:00\",\"dateModified\":\"2023-03-22T16:36:24+00:00\",\"description\":\"Ta witryna u\u017cywa plik\u00f3w cookie - ma\u0142ych plik\u00f3w tekstowych, kt\u00f3re s\u0105 umieszczane na komputerze, aby u\u0142atwi\u0107 witryn\u0119 zapewni\u0107 lepsze korzystanie z niego.\",\"breadcrumb\":{\"@id\":\"https:\/\/peakart.co.uk\/pl\/polityka-cookies\/#breadcrumb\"},\"inLanguage\":\"pl-PL\",\"potentialAction\":[{\"@type\":\"ReadAction\",\"target\":[\"https:\/\/peakart.co.uk\/pl\/polityka-cookies\/\"]}]},{\"@type\":\"BreadcrumbList\",\"@id\":\"https:\/\/peakart.co.uk\/pl\/polityka-cookies\/#breadcrumb\",\"itemListElement\":[{\"@type\":\"ListItem\",\"position\":1,\"name\":\"Home\",\"item\":\"https:\/\/peakart.co.uk\/pl\/\"},{\"@type\":\"ListItem\",\"position\":2,\"name\":\"Polityka Cookies\"}]},{\"@type\":\"WebSite\",\"@id\":\"https:\/\/peakart.co.uk\/de\/#website\",\"url\":\"https:\/\/peakart.co.uk\/de\/\",\"name\":\"Peak Art\",\"description\":\"\",\"publisher\":{\"@id\":\"https:\/\/peakart.co.uk\/de\/#organization\"},\"potentialAction\":[{\"@type\":\"SearchAction\",\"target\":{\"@type\":\"EntryPoint\",\"urlTemplate\":\"https:\/\/peakart.co.uk\/de\/?s={search_term_string}\"},\"query-input\":{\"@type\":\"PropertyValueSpecification\",\"valueRequired\":true,\"valueName\":\"search_term_string\"}}],\"inLanguage\":\"pl-PL\"},{\"@type\":\"Organization\",\"@id\":\"https:\/\/peakart.co.uk\/de\/#organization\",\"name\":\"Peak Art\",\"url\":\"https:\/\/peakart.co.uk\/de\/\",\"logo\":{\"@type\":\"ImageObject\",\"inLanguage\":\"pl-PL\",\"@id\":\"https:\/\/peakart.co.uk\/de\/#\/schema\/logo\/image\/\",\"url\":\"https:\/\/peakart.co.uk\/wp-content\/uploads\/2023\/07\/logo-8.jpg\",\"contentUrl\":\"https:\/\/peakart.co.uk\/wp-content\/uploads\/2023\/07\/logo-8.jpg\",\"width\":666,\"height\":259,\"caption\":\"Peak Art\"},\"image\":{\"@id\":\"https:\/\/peakart.co.uk\/de\/#\/schema\/logo\/image\/\"},\"sameAs\":[\"https:\/\/www.facebook.com\/PeakArtClocks\/\"],\"hasMerchantReturnPolicy\":{\"@type\":\"MerchantReturnPolicy\",\"merchantReturnLink\":\"https:\/\/peakart.co.uk\/refund_returns\/\"}}]}<\/script>\n<!-- \/ Yoast SEO Premium plugin. -->","yoast_head_json":{"title":"Polityka Cookies - Peak Art","description":"Ta witryna u\u017cywa plik\u00f3w cookie - ma\u0142ych plik\u00f3w tekstowych, kt\u00f3re s\u0105 umieszczane na komputerze, aby u\u0142atwi\u0107 witryn\u0119 zapewni\u0107 lepsze korzystanie z niego.","robots":{"index":"index","follow":"follow","max-snippet":"max-snippet:-1","max-image-preview":"max-image-preview:large","max-video-preview":"max-video-preview:-1"},"canonical":"https:\/\/peakart.co.uk\/pl\/polityka-cookies\/","og_locale":"pl_PL","og_type":"article","og_title":"Polityka Cookies","og_description":"Ta witryna u\u017cywa plik\u00f3w cookie - ma\u0142ych plik\u00f3w tekstowych, kt\u00f3re s\u0105 umieszczane na komputerze, aby u\u0142atwi\u0107 witryn\u0119 zapewni\u0107 lepsze korzystanie z niego.","og_url":"https:\/\/peakart.co.uk\/pl\/polityka-cookies\/","og_site_name":"Peak Art","article_publisher":"https:\/\/www.facebook.com\/PeakArtClocks\/","article_modified_time":"2023-03-22T16:36:24+00:00","twitter_card":"summary_large_image","twitter_misc":{"Szacowany czas czytania":"1 minuta"},"schema":{"@context":"https:\/\/schema.org","@graph":[{"@type":"WebPage","@id":"https:\/\/peakart.co.uk\/pl\/polityka-cookies\/","url":"https:\/\/peakart.co.uk\/pl\/polityka-cookies\/","name":"Polityka Cookies - Peak Art","isPartOf":{"@id":"https:\/\/peakart.co.uk\/de\/#website"},"datePublished":"2017-08-31T20:02:31+00:00","dateModified":"2023-03-22T16:36:24+00:00","description":"Ta witryna u\u017cywa plik\u00f3w cookie - ma\u0142ych plik\u00f3w tekstowych, kt\u00f3re s\u0105 umieszczane na komputerze, aby u\u0142atwi\u0107 witryn\u0119 zapewni\u0107 lepsze korzystanie z niego.","breadcrumb":{"@id":"https:\/\/peakart.co.uk\/pl\/polityka-cookies\/#breadcrumb"},"inLanguage":"pl-PL","potentialAction":[{"@type":"ReadAction","target":["https:\/\/peakart.co.uk\/pl\/polityka-cookies\/"]}]},{"@type":"BreadcrumbList","@id":"https:\/\/peakart.co.uk\/pl\/polityka-cookies\/#breadcrumb","itemListElement":[{"@type":"ListItem","position":1,"name":"Home","item":"https:\/\/peakart.co.uk\/pl\/"},{"@type":"ListItem","position":2,"name":"Polityka Cookies"}]},{"@type":"WebSite","@id":"https:\/\/peakart.co.uk\/de\/#website","url":"https:\/\/peakart.co.uk\/de\/","name":"Peak Art","description":"","publisher":{"@id":"https:\/\/peakart.co.uk\/de\/#organization"},"potentialAction":[{"@type":"SearchAction","target":{"@type":"EntryPoint","urlTemplate":"https:\/\/peakart.co.uk\/de\/?s={search_term_string}"},"query-input":{"@type":"PropertyValueSpecification","valueRequired":true,"valueName":"search_term_string"}}],"inLanguage":"pl-PL"},{"@type":"Organization","@id":"https:\/\/peakart.co.uk\/de\/#organization","name":"Peak Art","url":"https:\/\/peakart.co.uk\/de\/","logo":{"@type":"ImageObject","inLanguage":"pl-PL","@id":"https:\/\/peakart.co.uk\/de\/#\/schema\/logo\/image\/","url":"https:\/\/peakart.co.uk\/wp-content\/uploads\/2023\/07\/logo-8.jpg","contentUrl":"https:\/\/peakart.co.uk\/wp-content\/uploads\/2023\/07\/logo-8.jpg","width":666,"height":259,"caption":"Peak Art"},"image":{"@id":"https:\/\/peakart.co.uk\/de\/#\/schema\/logo\/image\/"},"sameAs":["https:\/\/www.facebook.com\/PeakArtClocks\/"],"hasMerchantReturnPolicy":{"@type":"MerchantReturnPolicy","merchantReturnLink":"https:\/\/peakart.co.uk\/refund_returns\/"}}]}},"_links":{"self":[{"href":"https:\/\/peakart.co.uk\/pl\/wp-json\/wp\/v2\/pages\/5692","targetHints":{"allow":["GET"]}}],"collection":[{"href":"https:\/\/peakart.co.uk\/pl\/wp-json\/wp\/v2\/pages"}],"about":[{"href":"https:\/\/peakart.co.uk\/pl\/wp-json\/wp\/v2\/types\/page"}],"author":[{"embeddable":true,"href":"https:\/\/peakart.co.uk\/pl\/wp-json\/wp\/v2\/users\/1"}],"replies":[{"embeddable":true,"href":"https:\/\/peakart.co.uk\/pl\/wp-json\/wp\/v2\/comments?post=5692"}],"version-history":[{"count":1,"href":"https:\/\/peakart.co.uk\/pl\/wp-json\/wp\/v2\/pages\/5692\/revisions"}],"predecessor-version":[{"id":5693,"href":"https:\/\/peakart.co.uk\/pl\/wp-json\/wp\/v2\/pages\/5692\/revisions\/5693"}],"wp:attachment":[{"href":"https:\/\/peakart.co.uk\/pl\/wp-json\/wp\/v2\/media?parent=5692"}],"curies":[{"name":"wp","href":"https:\/\/api.w.org\/{rel}","templated":true}]}}