{"id":5574,"date":"2017-08-30T19:27:25","date_gmt":"2017-08-30T18:27:25","guid":{"rendered":"http:\/\/peakart.co.uk\/?page_id=5574\/"},"modified":"2023-03-22T09:54:34","modified_gmt":"2023-03-22T09:54:34","slug":"regulamin","status":"publish","type":"page","link":"https:\/\/peakart.co.uk\/pl\/regulamin\/","title":{"rendered":"Regulamin"},"content":{"rendered":"<h2>Sprzeda\u017c w Peak Art<\/h2>\n<p>Akceptuj\u0105c Warunki Umowy, klienci zgadzaj\u0105 si\u0119 przeczyta\u0107 wszystkie nasze zasady i procedury oraz zaakceptowa\u0107 nasz\u0105 polityk\u0119 dostaw i zwrotu.\u00a0Zawsze staramy si\u0119 zaoferowa\u0107 jak najlepsz\u0105 obs\u0142ug\u0119 klienta, a my zawsze ch\u0119tnie pomo\u017cemy, skontaktuj si\u0119 z nami, a my odpowiemy w ci\u0105gu 24 godzin.<\/p>\n<p>Kiedy z\u0142o\u017cysz zam\u00f3wienie, b\u0119dziemy potrzebowa\u0107 Twojego imienia, adresu e-mail, adresu dostawy i numeru telefonu. Bez tych informacji nie b\u0119dziemy mogli przetworzy\u0107 Twojego \u017c\u0105dania ani powiadomi\u0107 Ci\u0119 o przyj\u0119ciu zam\u00f3wienia.<\/p>\n<h2>\u015awiat\u0142o S\u0142oneczne, Ciep\u0142o i Wilgo\u0107<\/h2>\n<p>Nale\u017cy pami\u0119ta\u0107, \u017ce drewniany produkt mo\u017ce wyblakn\u0105\u0107, je\u015bli pozostanie w bezpo\u015brednim \u015bwietle s\u0142onecznym przez d\u0142u\u017cszy czas.<br \/>\nPodw\u00f3jne lub potr\u00f3jne przeszklone okna mog\u0105 spowolni\u0107 szybko\u015b\u0107 uszkodzenia spowodowane promieniowaniem UV, ale sugerujemy, aby chroni\u0107 podatne przedmioty przed bezpo\u015brednim dzia\u0142aniem promieni s\u0142onecznych.<\/p>\n<p>\u017bywotno\u015b\u0107 mechanizmu zegarowego zostanie zredukowana, je\u015bli zostanie umieszczony w pobli\u017cu \u017ar\u00f3de\u0142 ciep\u0142a lub b\u0119dzie nara\u017cony na dzia\u0142anie wilgoci.\u00a0Wszystkie zegary powinne by\u0107 umieszczone wewn\u0105trz budynku w temperaturze pokojowej i nie s\u0105 odporne na warunki atmosferyczne. Je\u015bli temperatura lub wilgotno\u015b\u0107 w pomieszczeniu zmienia si\u0119 znacznie, mo\u017ce to os\u0142abi\u0107 drewno i powodowa\u0107 p\u0119kni\u0119cia.<\/p>\n<h2>Ceny Produkt\u00f3w, Zdj\u0119cia i Opis<\/h2>\n<p>Wszystkie opublikowane ceny s\u0105 domy\u015blnie w <strong>PLN<\/strong>, ale planujemy rozszerzy\u0107 mo\u017cliwo\u015bci p\u0142atno\u015bci w <strong>USD, EUR, AUD, CHF, GBP<\/strong>\u00a0w zale\u017cno\u015bci od regionu. Wsp\u00f3\u0142czynnik konwersji b\u0119dzie automatyczny i mo\u017ce zmienia\u0107 si\u0119 codziennie. Klient jest zobowi\u0105zany do uiszczenia podatku importowego przy zakupie spoza Wielkiej Brytanii je\u017celi wymaga tego prawo. Wszystkie ceny zawieraj\u0105 podatek VAT (w stosownych przypadkach) wed\u0142ug aktualnych stawek i s\u0105 poprawne w chwili wprowadzania informacji do systemu. Ca\u0142kowity koszt zam\u00f3wienia to cena zam\u00f3wionych produkt\u00f3w plus dostawa.<\/p>\n<p>Ka\u017cdy zakupiony produkt jest sprzedawany na podstawie jego opisu. B\u0119dziemy dba\u0107 o to, aby wszystkie szczeg\u00f3\u0142y, opisy i ceny produkt\u00f3w pojawiaj\u0105ce si\u0119 w witrynie by\u0142y poprawne w momencie wprowadzenia odpowiednich informacji do systemu.<\/p>\n<p>Zdj\u0119cia s\u0142u\u017c\u0105 tylko do cel\u00f3w pogl\u0105dowych. Ka\u017cdy zegar ma indywidualne cechy dzi\u0119ki r\u0119cznie wykonanej pracy z og\u00f3lnym wygl\u0105dem, jak pokazano na zdj\u0119ciach. Nasze zegary s\u0105 wykonywane r\u0119cznie w zwi\u0105zku z tym nie jest mo\u017cliwe idealne powt\u00f3rzenie tego samego projektu. Ka\u017cdy zegar ma sw\u00f3j charakter co jest g\u0142\u00f3wn\u0105 cech\u0105 wyr\u00f3\u017cniaj\u0105c\u0105 Peak Art od konkurencji.<\/p>\n<h2>Dost\u0119pno\u015b\u0107<\/h2>\n<p>Ka\u017cdy zegar mo\u017ce by\u0107 &#8220;w magazynie&#8221; (5-10 dni roboczych, aby go wys\u0142a\u0107), &#8220;dost\u0119pny na zam\u00f3wienie&#8221; (w zale\u017cno\u015bci od aktualnego obci\u0105\u017cenia prac\u0105 mo\u017ce trwa\u0107 20-30 dni roboczych) lub &#8220;poza magazynem &#8220;. Prosimy o kontakt w celu ustalenia czasu wysy\u0142ki przed z\u0142o\u017ceniem zam\u00f3wienia na przedmioty, kt\u00f3re nie s\u0105 w &#8220;w magazynie&#8221;.<\/p>\n<h2>Dostawa<\/h2>\n<p>Obecnie Peak Art mo\u017ce dostarczy\u0107 do nast\u0119puj\u0105cych kraj\u00f3w podzielonych na 3 r\u00f3\u017cne regiony:<\/p>\n<div id=\"page\" class=\"hfeed site\">\n<p>Region 1 (UK &amp; Ireland)<\/p>\n<p>Region 2 (EMEA)<\/p>\n<p>Region 3 (AMERICAS + APAC)<\/p>\n<p>Waga zale\u017cy od rozmiaru zegara i projektu i mie\u015bci si\u0119 w nast\u0119puj\u0105cych przedzia\u0142ach:<\/p>\n<\/div>\n<ul>\n<li>Zegary 75 cm \u00a0&#8211; \u00a0 Waga 6-8 kg<\/li>\n<li>Zegary 100 cm \u00a0&#8211; Waga 8-12 kg<\/li>\n<li>Zegary 120 cm \u00a0&#8211; Waga 12-18 kg<\/li>\n<\/ul>\n<p>Uwaga: czasami oferujemy bezp\u0142atne lub obni\u017cone stawki za dostaw\u0119.<\/p>\n<h2>Zwroty i Gwarancja<\/h2>\n<p>Je\u015bli jeste\u015b niezadowolony z zegara, zwroty s\u0105 akceptowane, je\u015bli si\u0119 z nami skontaktujesz w ci\u0105gu 5 dni od otrzymania zegara. Zegar musi zosta\u0107 odebrany w ci\u0105gu 30 dni w oryginalnym opakowaniu. Otrzymasz zwrot minus dostawy minus 10% op\u0142aty manipulacyjnej za ponowne przetworzenie, rozpakowanie i ponowne reklamowanie.<\/p>\n<p><strong>Uwaga<\/strong>: Zegary z grawerem nie mog\u0105 by\u0107 zwracane.<\/p>\n<p>Je\u015bli mechanizm nie dzia\u0142a, nie wysy\u0142amy ca\u0142kiem nowego zegara, ale tylko nowego mechanizmu.<\/p>\n<p>Nale\u017cy zachowa\u0107 ostro\u017cno\u015b\u0107 podczas instalowania wskaz\u00f3wek zgodnie z dostarczonymi instrukcjami, poniewa\u017c roczna gwarancja na mechanizm nie obejmuje uszkodze\u0144 fizycznych spowodowanych niew\u0142a\u015bciwym u\u017cyciem. Musimy otrzymywa\u0107 oryginalny mechanizm, aby przes\u0142a\u0107 go do producenta do kontroli. Je\u015bli mechanizm jest uszkodzony, wy\u015blemy nowy i zwr\u00f3cimy wszelkie op\u0142aty poniesione w celu ich przes\u0142ania do nas.<\/p>\n<p>Drewno u\u017cywane do konstrukcji zegar\u00f3w pochodzi od starannie wyselekcjonowanych dostawc\u00f3w. W efekcie ka\u017cdy z naszych r\u0119cznie robionych zegar\u00f3w jest obj\u0119ty Gwarancj\u0105 Produktu obejmuj\u0105c\u0105 integralno\u015b\u0107 konstrukcji zegara przez trzy lata. Gwarancja nie obejmuje problem\u00f3w powsta\u0142ych w wyniku normalnego zu\u017cycia, niew\u0142a\u015bciwej piel\u0119gnacji lub przypadkowego uszkodzenia.<\/p>\n<h2>Depozyty i Anulowanie Zam\u00f3wie\u0144<\/h2>\n<p>Je\u015bli z\u0142o\u017cysz wst\u0119pne zam\u00f3wienie, zamiast pe\u0142nej ceny mo\u017cemy uzgodni\u0107 pierwszy depozyt. Po gotowo\u015bci zam\u00f3wienia oczekujemy otrzymania pe\u0142nej p\u0142atno\u015bci. Je\u015bli zmienisz zdanie i nie zamierzasz kontynuowa\u0107 zakupu, zastrzegamy sobie prawo do odliczenia do 25% ostatecznej ceny zakupu z Twojego depozytu.<\/p>\n<p>Na przyk\u0142ad mo\u017cesz zam\u00f3wi\u0107 zegar w cenie 5000 PLN i zap\u0142aci\u0107 zadatek w wysoko\u015bci 2500 PLN, a nast\u0119pnie, gdy zam\u00f3wienie zostanie zrealizowane, poprosi\u0107 o jego anulowanie. Odliczymy 25% (1250 PLN) od depozytu i zwr\u00f3cimy reszt\u0119 na pokrycie koszt\u00f3w materia\u0142\u00f3w, czasu i ponownej reklamy.<\/p>\n<p>Je\u015bli anulujesz zam\u00f3wienie na produkty, kt\u00f3re s\u0105 w magazynie, otrzymasz pe\u0142ny zwrot pieni\u0119dzy, o ile nie zosta\u0142 on jeszcze wys\u0142any, ale w takim przypadku zajrzyj do sekcji Zwroty.<\/p>\n<h2>Polityka Prywatno\u015bci<\/h2>\n<p><strong>Zbieranie Informacji<\/strong><\/p>\n<p>Informacje, kt\u00f3re przetwarzaj\u0105 nasze serwery pozwalaj\u0105 zidentyfikowa\u0107: (1) poziomy wykorzystania okre\u015blonych obszar\u00f3w naszej witryny, (2) lokalizacja naszych klient\u00f3w, a tak\u017ce (3) przegl\u0105darki i systemy operacyjne odwiedzaj\u0105cych witryn\u0119. Nie \u0142\u0105czymy adres\u00f3w IP osobom prywatnym. Z tego powodu sesje u\u017cytkownik\u00f3w b\u0119d\u0105 \u015bledzone, ale pozostan\u0105 anonimowe.<\/p>\n<p>W tej analizie mo\u017cna zebra\u0107 nast\u0119puj\u0105ce informacje, w tym mi\u0119dzy innymi:<\/p>\n<ul>\n<li>User client hostname \u2013 Nazwa Hosta.<\/li>\n<li>HTTP header, \u201cuser-agent\u201d \u2013 Informacje dotycz\u0105ce agenta u\u017cytkownika zawieraj\u0105 typ przegl\u0105darki, jego wersj\u0119 i uruchomiony system operacyjny.<\/li>\n<li>HTTP header, \u201creferrer\u201d \u2013 Odsy\u0142acz okre\u015bla stron\u0119, z kt\u00f3rej klient uzyska\u0142 dost\u0119p do bie\u017c\u0105cej strony.<\/li>\n<li>System date \u2013 Data i godzina w trakcie przegl\u0105dania strony.<\/li>\n<li>Status \u2013 Odpowied\u017a, kod kt\u00f3ry serwer przes\u0142a\u0142 do klienta.<\/li>\n<li>Content length \u2013 Wielko\u015b\u0107 przes\u0142\u0105nego pliku w Bajtach<\/li>\n<li>Method \u2013 Metoda zapytania o plik.<\/li>\n<li>Universal Resource Locator (URL) \u2013 Lokalizacja zasobu na serwerze.<\/li>\n<li>Query string of the URL \u2013 Wszystko po znaku zapytania w adresie URL.<\/li>\n<li>Protocol \u2013 Protok\u00f3\u0142 transportowy.<\/li>\n<li>Poza informacjami dobrowolnie dostarczanymi przez odwiedzaj\u0105cych, firma Peak Art nie zbiera informacji umo\u017cliwiaj\u0105cych identyfikacj\u0119 u\u017cytkownika (takich jak imi\u0119 i nazwisko, adres e-mail lub adres).<\/li>\n<\/ul>\n<p><strong>Informacje Udzielane Dobrowolnie<\/strong><\/p>\n<p>Korzystaj\u0105c z naszej witryny internetowej, mo\u017cesz poda\u0107 nam informacje poprzez formularze internetowe, poczt\u0119 elektroniczn\u0105 lub inne \u015brodki elektroniczne. Wszelkie przes\u0142ane dane osobowe zostan\u0105 wykorzystane tylko w celach wskazanych. \u017b\u0105dania informacji mog\u0105 by\u0107 rejestrowane, aby pom\u00f3c nam udoskonali\u0107 nasz\u0105 witryn\u0119 i lepiej odpowiada\u0107 na podobne pro\u015bby.<\/p>\n<p><strong>Korzystanie z Informacji<\/strong><\/p>\n<p>Firma Peak Art wykorzystuje informacje opisane powy\u017cej, aby dostosowa\u0107 tre\u015b\u0107 do u\u017cytkownik\u00f3w, zapewnia\u0107 szeroki dost\u0119p do naszej witryny, niezale\u017cnie od oprogramowania, monitorowa\u0107 wydajno\u015b\u0107 witryny, generowa\u0107 zbiorcze raporty statystyczne. Korzystamy ze zgromadzonych danych, aby zintegrowa\u0107 je z kampani\u0105 Google AdWords, kt\u00f3ra mo\u017ce wy\u015bwietla\u0107 dopasowane reklamy do naszych u\u017cytkownik\u00f3w. W \u017cadnym momencie nie ujawniamy u\u017cycia witryny przez poszczeg\u00f3lne adresy IP.<\/p>\n<p>Firma Peak Art nie b\u0119dzie sprzedawa\u0107, wymienia\u0142a ani w inny spos\u00f3b dystrybuowa\u0142a Twoich danych osobowych bez zgody u\u017cytkownika, chyba \u017ce jest to wymagane przez prawo. Ka\u017cda strona \u017c\u0105daj\u0105ca informacji ujawnia cel tych informacji. Osoby, kt\u00f3re nie chc\u0105 przekaza\u0107 informacji wykorzystywanych w ten spos\u00f3b, nie s\u0105 zobowi\u0105zane do ich dostarczenia.<\/p>\n<p><strong>Og\u00f3lne rozporz\u0105dzenie o ochronie danych<\/strong><\/p>\n<p>W przypadku zakupu od nas lub subskrypcji naszego Newslettera mo\u017cemy przechowywa\u0107 informacje w naszych systemach, kt\u00f3re s\u0105 wykorzystywane w celu u\u0142atwienia naszych relacji handlowych. Przy nowych przepisach dotycz\u0105cych GDPR jeste\u015bmy zobowi\u0105zani do poinformowania Pa\u0144stwa o posiadanych przez nas informacjach.<\/p>\n<p>Informacje, kt\u00f3re posiadamy obejmuj\u0105:<\/p>\n<ul>\n<li>Twoje imi\u0119 i adres e-mail, je\u015bli zapisa\u0142e\u015b si\u0119 do Newslettera<\/li>\n<li>Tw\u00f3j adres i numer telefonu, je\u015bli dokona\u0142e\u015b zakupu przez nasz\u0105 stron\u0119 internetow\u0105<\/li>\n<\/ul>\n<p>Informacje s\u0105 przechowywane w naszym systemie ksi\u0119gowym dla wszystkich zada\u0144 zwi\u0105zanych z kontami, w tym mi\u0119dzy innymi wystawiania faktur oraz w naszym systemie dla wszystkich zada\u0144 zwi\u0105zanych ze sprzeda\u017c\u0105, w tym, ale nie wy\u0142\u0105cznie, wystawiania ofert, docierania do ju\u017c wydanych ofert lub dalszych mo\u017cliwo\u015bci handlowych.<\/p>\n<p>Niekt\u00f3re z tych danych s\u0105 wydawane naszym kurierom zewn\u0119trznym, aby umo\u017cliwi\u0107 im dostarczanie przesy\u0142ek w naszym imieniu. Nie sprzedajemy ani nie udost\u0119pniamy \u017cadnej z tych informacji nikomu poza wymienionymi powy\u017cej.<br \/>\nMasz prawo dost\u0119pu do informacji, kt\u00f3re posiadamy o Tobie oraz do \u017c\u0105dania poprawienia lub usuni\u0119cia informacji. Je\u015bli chcesz uzyska\u0107 informacje, kt\u00f3re przechowujemy, napisz do nas.<\/p>\n","protected":false},"excerpt":{"rendered":"<p>Sprzeda\u017c w Peak Art Akceptuj\u0105c Warunki Umowy, klienci zgadzaj\u0105 si\u0119 przeczyta\u0107 wszystkie nasze zasady i procedury oraz zaakceptowa\u0107 nasz\u0105 polityk\u0119 dostaw i zwrotu.\u00a0Zawsze staramy si\u0119 zaoferowa\u0107 jak najlepsz\u0105 obs\u0142ug\u0119 klienta, a my zawsze ch\u0119tnie pomo\u017cemy, skontaktuj si\u0119 z nami, a my odpowiemy w ci\u0105gu 24 godzin. Kiedy z\u0142o\u017cysz zam\u00f3wienie, b\u0119dziemy potrzebowa\u0107 Twojego imienia, adresu e-mail, [&hellip;]<\/p>\n","protected":false},"author":1,"featured_media":0,"parent":0,"menu_order":60,"comment_status":"closed","ping_status":"closed","template":"","meta":{"footnotes":""},"class_list":["post-5574","page","type-page","status-publish","hentry"],"yoast_head":"<!-- This site is optimized with the Yoast SEO Premium plugin v27.2 (Yoast SEO v27.2) - https:\/\/yoast.com\/product\/yoast-seo-premium-wordpress\/ -->\n<title>Regulamin - Peak Art<\/title>\n<meta name=\"description\" content=\"Zasady i Warunki sprzeda\u017cy wysy\u0142kowej w Peak Art\" \/>\n<meta name=\"robots\" content=\"index, follow, max-snippet:-1, max-image-preview:large, max-video-preview:-1\" \/>\n<link rel=\"canonical\" href=\"https:\/\/peakart.co.uk\/pl\/regulamin\/\" \/>\n<meta property=\"og:locale\" content=\"pl_PL\" \/>\n<meta property=\"og:type\" content=\"article\" \/>\n<meta property=\"og:title\" content=\"Regulamin\" \/>\n<meta property=\"og:description\" content=\"Zasady i Warunki sprzeda\u017cy wysy\u0142kowej w Peak Art\" \/>\n<meta property=\"og:url\" content=\"https:\/\/peakart.co.uk\/pl\/regulamin\/\" \/>\n<meta property=\"og:site_name\" content=\"Peak Art\" \/>\n<meta property=\"article:publisher\" content=\"https:\/\/www.facebook.com\/PeakArtClocks\/\" \/>\n<meta property=\"article:modified_time\" content=\"2023-03-22T09:54:34+00:00\" \/>\n<meta name=\"twitter:card\" content=\"summary_large_image\" \/>\n<meta name=\"twitter:label1\" content=\"Szacowany czas czytania\" \/>\n\t<meta name=\"twitter:data1\" content=\"7 minut\" \/>\n<script type=\"application\/ld+json\" class=\"yoast-schema-graph\">{\"@context\":\"https:\/\/schema.org\",\"@graph\":[{\"@type\":\"WebPage\",\"@id\":\"https:\/\/peakart.co.uk\/pl\/regulamin\/\",\"url\":\"https:\/\/peakart.co.uk\/pl\/regulamin\/\",\"name\":\"Regulamin - Peak Art\",\"isPartOf\":{\"@id\":\"https:\/\/peakart.co.uk\/de\/#website\"},\"datePublished\":\"2017-08-30T18:27:25+00:00\",\"dateModified\":\"2023-03-22T09:54:34+00:00\",\"description\":\"Zasady i Warunki sprzeda\u017cy wysy\u0142kowej w Peak Art\",\"breadcrumb\":{\"@id\":\"https:\/\/peakart.co.uk\/pl\/regulamin\/#breadcrumb\"},\"inLanguage\":\"pl-PL\",\"potentialAction\":[{\"@type\":\"ReadAction\",\"target\":[\"https:\/\/peakart.co.uk\/pl\/regulamin\/\"]}]},{\"@type\":\"BreadcrumbList\",\"@id\":\"https:\/\/peakart.co.uk\/pl\/regulamin\/#breadcrumb\",\"itemListElement\":[{\"@type\":\"ListItem\",\"position\":1,\"name\":\"Home\",\"item\":\"https:\/\/peakart.co.uk\/pl\/\"},{\"@type\":\"ListItem\",\"position\":2,\"name\":\"Regulamin\"}]},{\"@type\":\"WebSite\",\"@id\":\"https:\/\/peakart.co.uk\/de\/#website\",\"url\":\"https:\/\/peakart.co.uk\/de\/\",\"name\":\"Peak Art\",\"description\":\"\",\"publisher\":{\"@id\":\"https:\/\/peakart.co.uk\/de\/#organization\"},\"potentialAction\":[{\"@type\":\"SearchAction\",\"target\":{\"@type\":\"EntryPoint\",\"urlTemplate\":\"https:\/\/peakart.co.uk\/de\/?s={search_term_string}\"},\"query-input\":{\"@type\":\"PropertyValueSpecification\",\"valueRequired\":true,\"valueName\":\"search_term_string\"}}],\"inLanguage\":\"pl-PL\"},{\"@type\":\"Organization\",\"@id\":\"https:\/\/peakart.co.uk\/de\/#organization\",\"name\":\"Peak Art\",\"url\":\"https:\/\/peakart.co.uk\/de\/\",\"logo\":{\"@type\":\"ImageObject\",\"inLanguage\":\"pl-PL\",\"@id\":\"https:\/\/peakart.co.uk\/de\/#\/schema\/logo\/image\/\",\"url\":\"https:\/\/peakart.co.uk\/wp-content\/uploads\/2023\/07\/logo-8.jpg\",\"contentUrl\":\"https:\/\/peakart.co.uk\/wp-content\/uploads\/2023\/07\/logo-8.jpg\",\"width\":666,\"height\":259,\"caption\":\"Peak Art\"},\"image\":{\"@id\":\"https:\/\/peakart.co.uk\/de\/#\/schema\/logo\/image\/\"},\"sameAs\":[\"https:\/\/www.facebook.com\/PeakArtClocks\/\"],\"hasMerchantReturnPolicy\":{\"@type\":\"MerchantReturnPolicy\",\"merchantReturnLink\":\"https:\/\/peakart.co.uk\/refund_returns\/\"}}]}<\/script>\n<!-- \/ Yoast SEO Premium plugin. -->","yoast_head_json":{"title":"Regulamin - Peak Art","description":"Zasady i Warunki sprzeda\u017cy wysy\u0142kowej w Peak Art","robots":{"index":"index","follow":"follow","max-snippet":"max-snippet:-1","max-image-preview":"max-image-preview:large","max-video-preview":"max-video-preview:-1"},"canonical":"https:\/\/peakart.co.uk\/pl\/regulamin\/","og_locale":"pl_PL","og_type":"article","og_title":"Regulamin","og_description":"Zasady i Warunki sprzeda\u017cy wysy\u0142kowej w Peak Art","og_url":"https:\/\/peakart.co.uk\/pl\/regulamin\/","og_site_name":"Peak Art","article_publisher":"https:\/\/www.facebook.com\/PeakArtClocks\/","article_modified_time":"2023-03-22T09:54:34+00:00","twitter_card":"summary_large_image","twitter_misc":{"Szacowany czas czytania":"7 minut"},"schema":{"@context":"https:\/\/schema.org","@graph":[{"@type":"WebPage","@id":"https:\/\/peakart.co.uk\/pl\/regulamin\/","url":"https:\/\/peakart.co.uk\/pl\/regulamin\/","name":"Regulamin - Peak Art","isPartOf":{"@id":"https:\/\/peakart.co.uk\/de\/#website"},"datePublished":"2017-08-30T18:27:25+00:00","dateModified":"2023-03-22T09:54:34+00:00","description":"Zasady i Warunki sprzeda\u017cy wysy\u0142kowej w Peak Art","breadcrumb":{"@id":"https:\/\/peakart.co.uk\/pl\/regulamin\/#breadcrumb"},"inLanguage":"pl-PL","potentialAction":[{"@type":"ReadAction","target":["https:\/\/peakart.co.uk\/pl\/regulamin\/"]}]},{"@type":"BreadcrumbList","@id":"https:\/\/peakart.co.uk\/pl\/regulamin\/#breadcrumb","itemListElement":[{"@type":"ListItem","position":1,"name":"Home","item":"https:\/\/peakart.co.uk\/pl\/"},{"@type":"ListItem","position":2,"name":"Regulamin"}]},{"@type":"WebSite","@id":"https:\/\/peakart.co.uk\/de\/#website","url":"https:\/\/peakart.co.uk\/de\/","name":"Peak Art","description":"","publisher":{"@id":"https:\/\/peakart.co.uk\/de\/#organization"},"potentialAction":[{"@type":"SearchAction","target":{"@type":"EntryPoint","urlTemplate":"https:\/\/peakart.co.uk\/de\/?s={search_term_string}"},"query-input":{"@type":"PropertyValueSpecification","valueRequired":true,"valueName":"search_term_string"}}],"inLanguage":"pl-PL"},{"@type":"Organization","@id":"https:\/\/peakart.co.uk\/de\/#organization","name":"Peak Art","url":"https:\/\/peakart.co.uk\/de\/","logo":{"@type":"ImageObject","inLanguage":"pl-PL","@id":"https:\/\/peakart.co.uk\/de\/#\/schema\/logo\/image\/","url":"https:\/\/peakart.co.uk\/wp-content\/uploads\/2023\/07\/logo-8.jpg","contentUrl":"https:\/\/peakart.co.uk\/wp-content\/uploads\/2023\/07\/logo-8.jpg","width":666,"height":259,"caption":"Peak Art"},"image":{"@id":"https:\/\/peakart.co.uk\/de\/#\/schema\/logo\/image\/"},"sameAs":["https:\/\/www.facebook.com\/PeakArtClocks\/"],"hasMerchantReturnPolicy":{"@type":"MerchantReturnPolicy","merchantReturnLink":"https:\/\/peakart.co.uk\/refund_returns\/"}}]}},"_links":{"self":[{"href":"https:\/\/peakart.co.uk\/pl\/wp-json\/wp\/v2\/pages\/5574","targetHints":{"allow":["GET"]}}],"collection":[{"href":"https:\/\/peakart.co.uk\/pl\/wp-json\/wp\/v2\/pages"}],"about":[{"href":"https:\/\/peakart.co.uk\/pl\/wp-json\/wp\/v2\/types\/page"}],"author":[{"embeddable":true,"href":"https:\/\/peakart.co.uk\/pl\/wp-json\/wp\/v2\/users\/1"}],"replies":[{"embeddable":true,"href":"https:\/\/peakart.co.uk\/pl\/wp-json\/wp\/v2\/comments?post=5574"}],"version-history":[{"count":25,"href":"https:\/\/peakart.co.uk\/pl\/wp-json\/wp\/v2\/pages\/5574\/revisions"}],"predecessor-version":[{"id":28482,"href":"https:\/\/peakart.co.uk\/pl\/wp-json\/wp\/v2\/pages\/5574\/revisions\/28482"}],"wp:attachment":[{"href":"https:\/\/peakart.co.uk\/pl\/wp-json\/wp\/v2\/media?parent=5574"}],"curies":[{"name":"wp","href":"https:\/\/api.w.org\/{rel}","templated":true}]}}