{"id":4271,"date":"2017-08-05T13:42:23","date_gmt":"2017-08-05T12:42:23","guid":{"rendered":"http:\/\/peakart.co.uk\/?page_id=4271\/"},"modified":"2025-01-23T18:44:14","modified_gmt":"2025-01-23T18:44:14","slug":"galeria","status":"publish","type":"page","link":"https:\/\/peakart.co.uk\/pl\/galeria\/","title":{"rendered":"Galeria"},"content":{"rendered":"<div class=\"wpb-content-wrapper\"><p>[vc_row][vc_column css_animation=&#8221;appear&#8221;][vc_empty_space][\/vc_column][\/vc_row][vc_row][vc_column css_animation=&#8221;appear&#8221; width=&#8221;1\/2&#8243;][vc_column_text]<\/p>\n<h1>Du\u017ce drewniany zegary jako element dekoracji<\/h1>\n<p style=\"text-align: justify;\">Mamy nadziej\u0119 przekona\u0107 Was, \u017ce nasze wyj\u0105tkowe drewniane zegary \u015bcienne to nie tylko urz\u0105dzenia do pomiaru czasu. Mog\u0105 by\u0107 centralnym punktem Twojego domu, restauracji, biura lub luksusowego apartamentu. Podczas gdy inne firmy produkuj\u0105c du\u017ce zegary koncentruj\u0105 si\u0119 na redukcji koszt\u00f3w, my chcemy zapewni\u0107 wyj\u0105tkowo\u015b\u0107 i niepowtarzalno\u015b\u0107. Ka\u017cdy z tych wspania\u0142ych zegar\u00f3w jest wykonywany na zam\u00f3wienie i mo\u017cemy je dostosowa\u0107 do Waszych potrzeb. Obejrzyj ten kr\u00f3tki film i daj nam zna\u0107, co my\u015blisz.<\/p>\n<p>[\/vc_column_text][\/vc_column][vc_column css_animation=&#8221;appear&#8221; width=&#8221;1\/2&#8243;][vc_column_text]<\/p>\n<div class=\"youtube-responsive-container\"><iframe loading=\"lazy\" src=\"https:\/\/www.youtube.com\/embed\/9zMrN6gZTl8\" width=\"560\" height=\"315\" frameborder=\"0\" allowfullscreen=\"allowfullscreen\"><\/iframe><\/div>\n<p>[\/vc_column_text][\/vc_column][\/vc_row][vc_row][vc_column css_animation=&#8221;bounceInLeft&#8221; width=&#8221;1\/2&#8243;][vc_column_text css=&#8221;&#8221;]<img loading=\"lazy\" decoding=\"async\" class=\"alignnone size-large wp-image-33680\" src=\"https:\/\/peakart.co.uk\/wp-content\/uploads\/2024\/12\/bespoke-designer-clock-1024x768.jpg\" alt=\"bespoke designer clock\" width=\"900\" height=\"675\" srcset=\"https:\/\/peakart.co.uk\/wp-content\/uploads\/2024\/12\/bespoke-designer-clock-1024x768.jpg 1024w, https:\/\/peakart.co.uk\/wp-content\/uploads\/2024\/12\/bespoke-designer-clock-700x525.jpg 700w, https:\/\/peakart.co.uk\/wp-content\/uploads\/2024\/12\/bespoke-designer-clock-300x225.jpg 300w, https:\/\/peakart.co.uk\/wp-content\/uploads\/2024\/12\/bespoke-designer-clock-225x169.jpg 225w, https:\/\/peakart.co.uk\/wp-content\/uploads\/2024\/12\/bespoke-designer-clock-768x576.jpg 768w, https:\/\/peakart.co.uk\/wp-content\/uploads\/2024\/12\/bespoke-designer-clock.jpg 1200w\" sizes=\"auto, (max-width: 900px) 100vw, 900px\" \/>[\/vc_column_text][\/vc_column][vc_column css_animation=&#8221;bounceInRight&#8221; width=&#8221;1\/2&#8243;][vc_column_text]<\/p>\n<h2>Pi\u0119kne zegary \u015bcienne w r\u00f3\u017cnych ods\u0142onach<\/h2>\n<p style=\"text-align: justify;\">Nasza kolekcja z ka\u017cdym miesi\u0105cem rozbudowuje si\u0119 o nowe pi\u0119kne zegary \u015bcienne w stylach shabby chic, rustykalnym, industrialnym i wielu innych. Tworzymy pi\u0119kne zegary, kt\u00f3re pasuj\u0105 zar\u00f3wno do nowoczesnych, designerskich, klasycznych jak stylizowanych na kilkusetletnie wn\u0119trz. Nasz kolekcja to unikalna propozycja, jakiej nie spotkacie w \u017cadnym innym miejscu. Czasomierze zaprojektowane zosta\u0142y by sta\u0107 si\u0119 centralnym punktem aran\u017cacji waszych wn\u0119trz. Idealnie sprawdz\u0105 si\u0119 w domu, eleganckim hotelu, ekskluzywnej restauracji czy miejscu pracy. \u00a0Zegary Peak Art zosta\u0142y wykonane i pomalowane r\u0119cznie wed\u0142ug autorskich projekt\u00f3w. Ka\u017cde dzie\u0142o ma niepowtarzalny, intryguj\u0105cy charakter. Wszystkie z tych unikalnych zegar\u00f3w s\u0105 dost\u0119pne w trzech rozmiarach 75 cm, 100 cm i 120 cm, a ich waga oscyluje pomi\u0119dzy 8kg a 18kg<\/p>\n<p>[\/vc_column_text][\/vc_column][\/vc_row][vc_row][vc_column css_animation=&#8221;appear&#8221; width=&#8221;1\/2&#8243;][vc_column_text]<\/p>\n<h2 style=\"text-align: left;\">Szukasz pi\u0119knych zegar\u00f3w \u015bciennych, kt\u00f3re nadadz\u0105 Twoim wn\u0119trzom charakteru?<\/h2>\n<p style=\"text-align: justify;\">W naszej kolekcji znajdziesz wiele wyj\u0105tkowych i niecodziennych projekt\u00f3w. Mo\u017cesz wybiera\u0107 z po\u015br\u00f3d szerokiej gamy styli, wzor\u00f3w i barw. Poni\u017csza lista pomo\u017ce Ci zapozna\u0107 si\u0119 z cz\u0119\u015bci\u0105 naszych prac:<\/p>\n<ul>\n<li><a href=\"https:\/\/peakart.co.uk\/pl\/tag-produktu\/duze-zegary-dekoracyjne-na-sciane\/\">Du\u017ce zegary dekoracyjne na \u015bcian\u0119<\/a><\/li>\n<li><a href=\"https:\/\/peakart.co.uk\/pl\/tag-produktu\/zegary-scienne-shabby-chic\/\">Zegary wisz\u0105ce w stylu shabby chic<\/a><\/li>\n<li><a href=\"https:\/\/peakart.co.uk\/pl\/tag-produktu\/duze-zegary-industrialne\/\">Wielki zegary w stylu industrialnym<\/a><\/li>\n<li><a href=\"https:\/\/peakart.co.uk\/pl\/tag-produktu\/drewniane-zegary-scienne-z-cyframi-rzymskimi\/\">Du\u017ce zegary rzymskie<\/a><\/li>\n<\/ul>\n<p style=\"text-align: justify;\">Niezmiennie od kilku lat tworzymy zegary z ogromn\u0105 pasj\u0105 i przywi\u0105zaniem uwagi do detali. Obecnie w naszej ofercie odnajd\u0105 Pa\u0144stwo ponad 50 unikalnych wzor\u00f3w. Ka\u017cdy z nich zachwyca innym, charakterystycznym stylem. Je\u015bli natomiast nie znajdziecie w naszej kolekcji zegara, kt\u00f3ry pasowa\u0142by do wn\u0119trz, przygotujemy dla Was indywidualny projekt. Tworz\u0105c nasze pi\u0119kne zegary dekoracyjne inspirujemy si\u0119 otaczaj\u0105cym \u015bwiatem, ale r\u00f3wnie\u017c czerpiemy pomys\u0142y od naszych klient\u00f3w. Ch\u0119tnie poznamy Pa\u0144stwa wizje, by razem stworzy\u0107 co\u015b niesamowitego. Serdecznie zapraszamy do <a href=\"https:\/\/peakart.co.uk\/pl\/kontakt\/\">kontaktu<\/a>!<\/p>\n<p>[\/vc_column_text][\/vc_column][vc_column css_animation=&#8221;appear&#8221; width=&#8221;1\/2&#8243;][vc_single_image image=&#8221;9097&#8243; img_size=&#8221;full&#8221;][\/vc_column][\/vc_row]<\/p>\n<\/div>","protected":false},"excerpt":{"rendered":"<p>[vc_row][vc_column css_animation=&#8221;appear&#8221;][vc_empty_space][\/vc_column][\/vc_row][vc_row][vc_column css_animation=&#8221;appear&#8221; width=&#8221;1\/2&#8243;][vc_column_text] Du\u017ce drewniany zegary jako element dekoracji Mamy nadziej\u0119 przekona\u0107 Was, \u017ce nasze wyj\u0105tkowe drewniane zegary \u015bcienne to nie tylko urz\u0105dzenia do pomiaru czasu. Mog\u0105 by\u0107 centralnym punktem Twojego domu, restauracji, biura lub luksusowego apartamentu. Podczas gdy inne firmy produkuj\u0105c du\u017ce zegary koncentruj\u0105 si\u0119 na redukcji koszt\u00f3w, my chcemy zapewni\u0107 wyj\u0105tkowo\u015b\u0107 i [&hellip;]<\/p>\n","protected":false},"author":1,"featured_media":0,"parent":0,"menu_order":1,"comment_status":"closed","ping_status":"closed","template":"","meta":{"footnotes":""},"class_list":["post-4271","page","type-page","status-publish","hentry"],"yoast_head":"<!-- This site is optimized with the Yoast SEO Premium plugin v27.2 (Yoast SEO v27.2) - https:\/\/yoast.com\/product\/yoast-seo-premium-wordpress\/ -->\n<title>Du\u017ce pi\u0119kne zegary \u015bcienne do salonu i dekoracji wn\u0119trz. R\u0119czna robota.<\/title>\n<meta name=\"description\" content=\"Tworz\u0105c nasze pi\u0119kne zegary \u015bcienne inspirujemy si\u0119 otaczaj\u0105cym \u015bwiatem, ale r\u00f3wnie\u017c czerpiemy pomys\u0142y od naszych klient\u00f3w.\" \/>\n<meta name=\"robots\" content=\"index, follow, max-snippet:-1, max-image-preview:large, max-video-preview:-1\" \/>\n<link rel=\"canonical\" href=\"https:\/\/peakart.co.uk\/pl\/galeria\/\" \/>\n<meta property=\"og:locale\" content=\"pl_PL\" \/>\n<meta property=\"og:type\" content=\"article\" \/>\n<meta property=\"og:title\" content=\"Galeria\" \/>\n<meta property=\"og:description\" content=\"Tworz\u0105c nasze pi\u0119kne zegary \u015bcienne inspirujemy si\u0119 otaczaj\u0105cym \u015bwiatem, ale r\u00f3wnie\u017c czerpiemy pomys\u0142y od naszych klient\u00f3w.\" \/>\n<meta property=\"og:url\" content=\"https:\/\/peakart.co.uk\/pl\/galeria\/\" \/>\n<meta property=\"og:site_name\" content=\"Peak Art\" \/>\n<meta property=\"article:publisher\" content=\"https:\/\/www.facebook.com\/PeakArtClocks\/\" \/>\n<meta property=\"article:modified_time\" content=\"2025-01-23T18:44:14+00:00\" \/>\n<meta property=\"og:image\" content=\"https:\/\/peakart.co.uk\/wp-content\/uploads\/2024\/12\/bespoke-designer-clock.jpg\" \/>\n\t<meta property=\"og:image:width\" content=\"1200\" \/>\n\t<meta property=\"og:image:height\" content=\"900\" \/>\n\t<meta property=\"og:image:type\" content=\"image\/jpeg\" \/>\n<meta name=\"twitter:card\" content=\"summary_large_image\" \/>\n<meta name=\"twitter:label1\" content=\"Szacowany czas czytania\" \/>\n\t<meta name=\"twitter:data1\" content=\"2 minuty\" \/>\n<script type=\"application\/ld+json\" class=\"yoast-schema-graph\">{\"@context\":\"https:\/\/schema.org\",\"@graph\":[{\"@type\":\"WebPage\",\"@id\":\"https:\/\/peakart.co.uk\/pl\/galeria\/\",\"url\":\"https:\/\/peakart.co.uk\/pl\/galeria\/\",\"name\":\"Du\u017ce pi\u0119kne zegary \u015bcienne do salonu i dekoracji wn\u0119trz. R\u0119czna robota.\",\"isPartOf\":{\"@id\":\"https:\/\/peakart.co.uk\/de\/#website\"},\"primaryImageOfPage\":{\"@id\":\"https:\/\/peakart.co.uk\/pl\/galeria\/#primaryimage\"},\"image\":{\"@id\":\"https:\/\/peakart.co.uk\/pl\/galeria\/#primaryimage\"},\"thumbnailUrl\":\"https:\/\/peakart.co.uk\/wp-content\/uploads\/2024\/12\/bespoke-designer-clock-1024x768.jpg\",\"datePublished\":\"2017-08-05T12:42:23+00:00\",\"dateModified\":\"2025-01-23T18:44:14+00:00\",\"description\":\"Tworz\u0105c nasze pi\u0119kne zegary \u015bcienne inspirujemy si\u0119 otaczaj\u0105cym \u015bwiatem, ale r\u00f3wnie\u017c czerpiemy pomys\u0142y od naszych klient\u00f3w.\",\"breadcrumb\":{\"@id\":\"https:\/\/peakart.co.uk\/pl\/galeria\/#breadcrumb\"},\"inLanguage\":\"pl-PL\",\"potentialAction\":[{\"@type\":\"ReadAction\",\"target\":[\"https:\/\/peakart.co.uk\/pl\/galeria\/\"]}]},{\"@type\":\"ImageObject\",\"inLanguage\":\"pl-PL\",\"@id\":\"https:\/\/peakart.co.uk\/pl\/galeria\/#primaryimage\",\"url\":\"https:\/\/peakart.co.uk\/wp-content\/uploads\/2024\/12\/bespoke-designer-clock-1024x768.jpg\",\"contentUrl\":\"https:\/\/peakart.co.uk\/wp-content\/uploads\/2024\/12\/bespoke-designer-clock-1024x768.jpg\"},{\"@type\":\"BreadcrumbList\",\"@id\":\"https:\/\/peakart.co.uk\/pl\/galeria\/#breadcrumb\",\"itemListElement\":[{\"@type\":\"ListItem\",\"position\":1,\"name\":\"Home\",\"item\":\"https:\/\/peakart.co.uk\/pl\/\"},{\"@type\":\"ListItem\",\"position\":2,\"name\":\"Galeria\"}]},{\"@type\":\"WebSite\",\"@id\":\"https:\/\/peakart.co.uk\/de\/#website\",\"url\":\"https:\/\/peakart.co.uk\/de\/\",\"name\":\"Peak Art\",\"description\":\"\",\"publisher\":{\"@id\":\"https:\/\/peakart.co.uk\/de\/#organization\"},\"potentialAction\":[{\"@type\":\"SearchAction\",\"target\":{\"@type\":\"EntryPoint\",\"urlTemplate\":\"https:\/\/peakart.co.uk\/de\/?s={search_term_string}\"},\"query-input\":{\"@type\":\"PropertyValueSpecification\",\"valueRequired\":true,\"valueName\":\"search_term_string\"}}],\"inLanguage\":\"pl-PL\"},{\"@type\":\"Organization\",\"@id\":\"https:\/\/peakart.co.uk\/de\/#organization\",\"name\":\"Peak Art\",\"url\":\"https:\/\/peakart.co.uk\/de\/\",\"logo\":{\"@type\":\"ImageObject\",\"inLanguage\":\"pl-PL\",\"@id\":\"https:\/\/peakart.co.uk\/de\/#\/schema\/logo\/image\/\",\"url\":\"https:\/\/peakart.co.uk\/wp-content\/uploads\/2023\/07\/logo-8.jpg\",\"contentUrl\":\"https:\/\/peakart.co.uk\/wp-content\/uploads\/2023\/07\/logo-8.jpg\",\"width\":666,\"height\":259,\"caption\":\"Peak Art\"},\"image\":{\"@id\":\"https:\/\/peakart.co.uk\/de\/#\/schema\/logo\/image\/\"},\"sameAs\":[\"https:\/\/www.facebook.com\/PeakArtClocks\/\"],\"hasMerchantReturnPolicy\":{\"@type\":\"MerchantReturnPolicy\",\"merchantReturnLink\":\"https:\/\/peakart.co.uk\/refund_returns\/\"}}]}<\/script>\n<!-- \/ Yoast SEO Premium plugin. -->","yoast_head_json":{"title":"Du\u017ce pi\u0119kne zegary \u015bcienne do salonu i dekoracji wn\u0119trz. R\u0119czna robota.","description":"Tworz\u0105c nasze pi\u0119kne zegary \u015bcienne inspirujemy si\u0119 otaczaj\u0105cym \u015bwiatem, ale r\u00f3wnie\u017c czerpiemy pomys\u0142y od naszych klient\u00f3w.","robots":{"index":"index","follow":"follow","max-snippet":"max-snippet:-1","max-image-preview":"max-image-preview:large","max-video-preview":"max-video-preview:-1"},"canonical":"https:\/\/peakart.co.uk\/pl\/galeria\/","og_locale":"pl_PL","og_type":"article","og_title":"Galeria","og_description":"Tworz\u0105c nasze pi\u0119kne zegary \u015bcienne inspirujemy si\u0119 otaczaj\u0105cym \u015bwiatem, ale r\u00f3wnie\u017c czerpiemy pomys\u0142y od naszych klient\u00f3w.","og_url":"https:\/\/peakart.co.uk\/pl\/galeria\/","og_site_name":"Peak Art","article_publisher":"https:\/\/www.facebook.com\/PeakArtClocks\/","article_modified_time":"2025-01-23T18:44:14+00:00","og_image":[{"width":1200,"height":900,"url":"https:\/\/peakart.co.uk\/wp-content\/uploads\/2024\/12\/bespoke-designer-clock.jpg","type":"image\/jpeg"}],"twitter_card":"summary_large_image","twitter_misc":{"Szacowany czas czytania":"2 minuty"},"schema":{"@context":"https:\/\/schema.org","@graph":[{"@type":"WebPage","@id":"https:\/\/peakart.co.uk\/pl\/galeria\/","url":"https:\/\/peakart.co.uk\/pl\/galeria\/","name":"Du\u017ce pi\u0119kne zegary \u015bcienne do salonu i dekoracji wn\u0119trz. R\u0119czna robota.","isPartOf":{"@id":"https:\/\/peakart.co.uk\/de\/#website"},"primaryImageOfPage":{"@id":"https:\/\/peakart.co.uk\/pl\/galeria\/#primaryimage"},"image":{"@id":"https:\/\/peakart.co.uk\/pl\/galeria\/#primaryimage"},"thumbnailUrl":"https:\/\/peakart.co.uk\/wp-content\/uploads\/2024\/12\/bespoke-designer-clock-1024x768.jpg","datePublished":"2017-08-05T12:42:23+00:00","dateModified":"2025-01-23T18:44:14+00:00","description":"Tworz\u0105c nasze pi\u0119kne zegary \u015bcienne inspirujemy si\u0119 otaczaj\u0105cym \u015bwiatem, ale r\u00f3wnie\u017c czerpiemy pomys\u0142y od naszych klient\u00f3w.","breadcrumb":{"@id":"https:\/\/peakart.co.uk\/pl\/galeria\/#breadcrumb"},"inLanguage":"pl-PL","potentialAction":[{"@type":"ReadAction","target":["https:\/\/peakart.co.uk\/pl\/galeria\/"]}]},{"@type":"ImageObject","inLanguage":"pl-PL","@id":"https:\/\/peakart.co.uk\/pl\/galeria\/#primaryimage","url":"https:\/\/peakart.co.uk\/wp-content\/uploads\/2024\/12\/bespoke-designer-clock-1024x768.jpg","contentUrl":"https:\/\/peakart.co.uk\/wp-content\/uploads\/2024\/12\/bespoke-designer-clock-1024x768.jpg"},{"@type":"BreadcrumbList","@id":"https:\/\/peakart.co.uk\/pl\/galeria\/#breadcrumb","itemListElement":[{"@type":"ListItem","position":1,"name":"Home","item":"https:\/\/peakart.co.uk\/pl\/"},{"@type":"ListItem","position":2,"name":"Galeria"}]},{"@type":"WebSite","@id":"https:\/\/peakart.co.uk\/de\/#website","url":"https:\/\/peakart.co.uk\/de\/","name":"Peak Art","description":"","publisher":{"@id":"https:\/\/peakart.co.uk\/de\/#organization"},"potentialAction":[{"@type":"SearchAction","target":{"@type":"EntryPoint","urlTemplate":"https:\/\/peakart.co.uk\/de\/?s={search_term_string}"},"query-input":{"@type":"PropertyValueSpecification","valueRequired":true,"valueName":"search_term_string"}}],"inLanguage":"pl-PL"},{"@type":"Organization","@id":"https:\/\/peakart.co.uk\/de\/#organization","name":"Peak Art","url":"https:\/\/peakart.co.uk\/de\/","logo":{"@type":"ImageObject","inLanguage":"pl-PL","@id":"https:\/\/peakart.co.uk\/de\/#\/schema\/logo\/image\/","url":"https:\/\/peakart.co.uk\/wp-content\/uploads\/2023\/07\/logo-8.jpg","contentUrl":"https:\/\/peakart.co.uk\/wp-content\/uploads\/2023\/07\/logo-8.jpg","width":666,"height":259,"caption":"Peak Art"},"image":{"@id":"https:\/\/peakart.co.uk\/de\/#\/schema\/logo\/image\/"},"sameAs":["https:\/\/www.facebook.com\/PeakArtClocks\/"],"hasMerchantReturnPolicy":{"@type":"MerchantReturnPolicy","merchantReturnLink":"https:\/\/peakart.co.uk\/refund_returns\/"}}]}},"_links":{"self":[{"href":"https:\/\/peakart.co.uk\/pl\/wp-json\/wp\/v2\/pages\/4271","targetHints":{"allow":["GET"]}}],"collection":[{"href":"https:\/\/peakart.co.uk\/pl\/wp-json\/wp\/v2\/pages"}],"about":[{"href":"https:\/\/peakart.co.uk\/pl\/wp-json\/wp\/v2\/types\/page"}],"author":[{"embeddable":true,"href":"https:\/\/peakart.co.uk\/pl\/wp-json\/wp\/v2\/users\/1"}],"replies":[{"embeddable":true,"href":"https:\/\/peakart.co.uk\/pl\/wp-json\/wp\/v2\/comments?post=4271"}],"version-history":[{"count":26,"href":"https:\/\/peakart.co.uk\/pl\/wp-json\/wp\/v2\/pages\/4271\/revisions"}],"predecessor-version":[{"id":33988,"href":"https:\/\/peakart.co.uk\/pl\/wp-json\/wp\/v2\/pages\/4271\/revisions\/33988"}],"wp:attachment":[{"href":"https:\/\/peakart.co.uk\/pl\/wp-json\/wp\/v2\/media?parent=4271"}],"curies":[{"name":"wp","href":"https:\/\/api.w.org\/{rel}","templated":true}]}}