{"id":9937,"date":"2019-02-24T21:16:56","date_gmt":"2019-02-24T21:16:59","guid":{"rendered":"https:\/\/peakart.co.uk\/?post_type=product&#038;p=9937"},"modified":"2023-03-18T20:53:53","modified_gmt":"2023-03-18T20:53:53","slug":"graue-wanduhr","status":"publish","type":"product","link":"https:\/\/peakart.co.uk\/de\/produkt\/graue-wanduhr\/","title":{"rendered":"Gro\u00dfe, aus Holz gefertigte Wanduhr"},"content":{"rendered":"<h2>Eine stilvolle graue Wanduhr \u2013 die perfekte Erg\u00e4nzung f\u00fcr Ihr Zuhause<\/h2>\n<p>Jede Uhr aus unserer Kollektion verf\u00fcgt \u00fcber ihre eigene Geschichte, und diese attraktive graue Wanduhr bildet keine Ausnahme. Wir dachten, dass wir den urspr\u00fcnglichen &#8220;Dark Horse&#8221;-Entwurf durch Hinzuf\u00fcgen von mehr Orange- und Graut\u00f6nen noch ansprechender gestalten k\u00f6nnten. Auf der Basis vorangegangener R\u00fcckmeldungen von Kunden haben wir auch einen Hauch Goldfarbe auf den Uhrzeigern erg\u00e4nzt, um das Ablesen der Zeit zu erleichtern.<\/p>\n<p>Unser Hauptziel besteht darin, daf\u00fcr zu sorgen, einen ma\u00dfgefertigten Uhrenentwurf zu liefern, der perfekt auf Ihre Bed\u00fcrfnisse zugeschnitten ist. Das ist der Hauptunterschied zwischen Peak Art Clocks und vielen anderen Unternehmen, die gro\u00dfe Uhren verkaufen. Wir haben verstanden, dass jeder Kunde einmalige Anforderungen stellen und stolz auf deren Erf\u00fcllung sein kann. Da unsere Kunstwerke von Hand gefertigt werden, liegt es in der Natur der Sache, dass keine zwei Uhren aus unserer Kollektion je v\u00f6llig gleich sind.<\/p>\n","protected":false},"excerpt":{"rendered":"<p>Wir wollen die j\u00fcngste gro\u00dfe graue Wanduhr unserer Kollektion vorstellen: Es ist die Nachfolgeversion einer <a href=\"https:\/\/peakart.co.uk\/de\/produkt\/riesige-zeitgenossische-statement-wanduhr\/\">extra gro\u00dfen Wanduhr<\/a>, die wir Ende 2018 eingestellt haben. &#8220;Dark Horse II&#8221; besitzt mehr Oranget\u00f6ne und goldene Uhrzeiger, welche das Ablesen der Zeit erleichtern. Wenn Sie auf der Suche nach einer gro\u00dfen Wanduhr ohne die traditionellen r\u00f6mischen Zahlzeichen sind, so k\u00f6nnte diese eine ideale Wahl darstellen.<\/p>\n<p><strong>Entworfen und handgefertigt durch<\/strong>: Anna Siodelska, Vereinigtes K\u00f6nigreich<\/p>\n<p><strong>Farbe des Zifferblattes<\/strong>: dunkelgrau mit Oranget\u00f6nen<\/p>\n<p><strong>Farbe des Hintergrundes<\/strong>: transparent \/ Farbe der Wand<\/p>\n","protected":false},"featured_media":30398,"comment_status":"closed","ping_status":"closed","template":"","meta":[],"product_brand":[],"product_cat":[80],"product_tag":[83,82,95],"class_list":{"0":"post-9937","1":"product","2":"type-product","3":"status-publish","4":"has-post-thumbnail","6":"product_cat-grosse-wanduhren-handgefertigt","7":"product_tag-grosse-dekorative-wanduhren","8":"product_tag-grosse-kuenstlerische-wanduhren","9":"product_tag-skelett-wanduhren","11":"first","12":"instock","13":"sale","14":"featured","15":"taxable","16":"shipping-taxable","17":"purchasable","18":"product-type-variable"},"yoast_head":"<!-- This site is optimized with the Yoast SEO Premium plugin v27.2 (Yoast SEO v27.2) - https:\/\/yoast.com\/product\/yoast-seo-premium-wordpress\/ -->\n<title>Extra gro\u00dfe graue Wanduhr, wundersch\u00f6n aus Holz gefertigt<\/title>\n<meta name=\"description\" content=\"Diese gro\u00dfe, graue Wanduhr ist ein faszinierendes und kostspieliges, von Hand gefertigtes Kunstwerk. Sie ist per Bestellung (Warteliste) in drei Gr\u00f6\u00dfen erh\u00e4ltlich: 75 cm, 100 cm oder 120 cm.\" \/>\n<meta name=\"robots\" content=\"index, follow, max-snippet:-1, max-image-preview:large, max-video-preview:-1\" \/>\n<link rel=\"canonical\" href=\"https:\/\/peakart.co.uk\/de\/produkt\/graue-wanduhr\/\" \/>\n<meta property=\"og:locale\" content=\"de_DE\" \/>\n<meta property=\"og:type\" content=\"article\" \/>\n<meta property=\"og:title\" content=\"Gro\u00dfe, aus Holz gefertigte Wanduhr\" \/>\n<meta property=\"og:description\" content=\"Diese gro\u00dfe, graue Wanduhr ist ein faszinierendes und kostspieliges, von Hand gefertigtes Kunstwerk. Sie ist per Bestellung (Warteliste) in drei Gr\u00f6\u00dfen erh\u00e4ltlich: 75 cm, 100 cm oder 120 cm.\" \/>\n<meta property=\"og:url\" content=\"https:\/\/peakart.co.uk\/de\/produkt\/graue-wanduhr\/\" \/>\n<meta property=\"og:site_name\" content=\"Peak Art\" \/>\n<meta property=\"article:publisher\" content=\"https:\/\/www.facebook.com\/PeakArtClocks\/\" \/>\n<meta property=\"article:modified_time\" content=\"2023-03-18T20:53:53+00:00\" \/>\n<meta property=\"og:image\" content=\"https:\/\/peakart.co.uk\/wp-content\/uploads\/2019\/02\/Extra-Large-Clock-Zoom2-scaled.jpg\" \/>\n\t<meta property=\"og:image:width\" content=\"2560\" \/>\n\t<meta property=\"og:image:height\" content=\"1707\" \/>\n\t<meta property=\"og:image:type\" content=\"image\/jpeg\" \/>\n<meta name=\"twitter:card\" content=\"summary_large_image\" \/>\n<meta name=\"twitter:label1\" content=\"Verf\u00fcgbarkeit\" \/>\n\t<meta name=\"twitter:data1\" content=\"Auf Lager\" \/>\n<script type=\"application\/ld+json\" class=\"yoast-schema-graph\">{\"@context\":\"https:\/\/schema.org\",\"@graph\":[{\"@type\":\"WebPage\",\"@id\":\"https:\/\/peakart.co.uk\/de\/produkt\/graue-wanduhr\/\",\"url\":\"https:\/\/peakart.co.uk\/de\/produkt\/graue-wanduhr\/\",\"name\":\"Extra gro\u00dfe graue Wanduhr, wundersch\u00f6n aus Holz gefertigt\",\"isPartOf\":{\"@id\":\"https:\/\/peakart.co.uk\/de\/#website\"},\"primaryImageOfPage\":{\"@id\":\"https:\/\/peakart.co.uk\/de\/produkt\/graue-wanduhr\/#primaryimage\"},\"image\":{\"@id\":\"https:\/\/peakart.co.uk\/de\/produkt\/graue-wanduhr\/#primaryimage\"},\"thumbnailUrl\":\"https:\/\/peakart.co.uk\/wp-content\/uploads\/2019\/02\/Extra-Large-Clock-Zoom2-scaled.jpg\",\"datePublished\":\"2019-02-24T21:16:59+00:00\",\"dateModified\":\"2023-03-18T20:53:53+00:00\",\"description\":\"Diese gro\u00dfe, graue Wanduhr ist ein faszinierendes und kostspieliges, von Hand gefertigtes Kunstwerk. Sie ist per Bestellung (Warteliste) in drei Gr\u00f6\u00dfen erh\u00e4ltlich: 75 cm, 100 cm oder 120 cm.\",\"breadcrumb\":{\"@id\":\"https:\/\/peakart.co.uk\/de\/produkt\/graue-wanduhr\/#breadcrumb\"},\"inLanguage\":\"de\",\"potentialAction\":[{\"@type\":\"ReadAction\",\"target\":[\"https:\/\/peakart.co.uk\/de\/produkt\/graue-wanduhr\/\"]}]},{\"@type\":\"ImageObject\",\"inLanguage\":\"de\",\"@id\":\"https:\/\/peakart.co.uk\/de\/produkt\/graue-wanduhr\/#primaryimage\",\"url\":\"https:\/\/peakart.co.uk\/wp-content\/uploads\/2019\/02\/Extra-Large-Clock-Zoom2-scaled.jpg\",\"contentUrl\":\"https:\/\/peakart.co.uk\/wp-content\/uploads\/2019\/02\/Extra-Large-Clock-Zoom2-scaled.jpg\",\"width\":2560,\"height\":1707,\"caption\":\"Peak Art - Dark Horse II\"},{\"@type\":\"BreadcrumbList\",\"@id\":\"https:\/\/peakart.co.uk\/de\/produkt\/graue-wanduhr\/#breadcrumb\",\"itemListElement\":[{\"@type\":\"ListItem\",\"position\":1,\"name\":\"Home\",\"item\":\"https:\/\/peakart.co.uk\/de\/\"},{\"@type\":\"ListItem\",\"position\":2,\"name\":\"Shop\",\"item\":\"https:\/\/peakart.co.uk\/de\/shop\/\"},{\"@type\":\"ListItem\",\"position\":3,\"name\":\"Gro\u00dfe, aus Holz gefertigte Wanduhr\"}]},{\"@type\":\"WebSite\",\"@id\":\"https:\/\/peakart.co.uk\/de\/#website\",\"url\":\"https:\/\/peakart.co.uk\/de\/\",\"name\":\"Peak Art\",\"description\":\"\",\"publisher\":{\"@id\":\"https:\/\/peakart.co.uk\/de\/#organization\"},\"potentialAction\":[{\"@type\":\"SearchAction\",\"target\":{\"@type\":\"EntryPoint\",\"urlTemplate\":\"https:\/\/peakart.co.uk\/de\/?s={search_term_string}\"},\"query-input\":{\"@type\":\"PropertyValueSpecification\",\"valueRequired\":true,\"valueName\":\"search_term_string\"}}],\"inLanguage\":\"de\"},{\"@type\":\"Organization\",\"@id\":\"https:\/\/peakart.co.uk\/de\/#organization\",\"name\":\"Peak Art\",\"url\":\"https:\/\/peakart.co.uk\/de\/\",\"logo\":{\"@type\":\"ImageObject\",\"inLanguage\":\"de\",\"@id\":\"https:\/\/peakart.co.uk\/de\/#\/schema\/logo\/image\/\",\"url\":\"https:\/\/peakart.co.uk\/wp-content\/uploads\/2023\/07\/logo-8.jpg\",\"contentUrl\":\"https:\/\/peakart.co.uk\/wp-content\/uploads\/2023\/07\/logo-8.jpg\",\"width\":666,\"height\":259,\"caption\":\"Peak Art\"},\"image\":{\"@id\":\"https:\/\/peakart.co.uk\/de\/#\/schema\/logo\/image\/\"},\"sameAs\":[\"https:\/\/www.facebook.com\/PeakArtClocks\/\"],\"hasMerchantReturnPolicy\":{\"@type\":\"MerchantReturnPolicy\",\"merchantReturnLink\":\"https:\/\/peakart.co.uk\/refund_returns\/\"}}]}<\/script>\n<meta property=\"og:availability\" content=\"instock\" \/>\n<meta property=\"product:availability\" content=\"instock\" \/>\n<meta property=\"product:retailer_item_id\" content=\"PEAKART-86546\" \/>\n<meta property=\"product:condition\" content=\"new\" \/>\n<!-- \/ Yoast SEO Premium plugin. -->","yoast_head_json":{"title":"Extra gro\u00dfe graue Wanduhr, wundersch\u00f6n aus Holz gefertigt","description":"Diese gro\u00dfe, graue Wanduhr ist ein faszinierendes und kostspieliges, von Hand gefertigtes Kunstwerk. Sie ist per Bestellung (Warteliste) in drei Gr\u00f6\u00dfen erh\u00e4ltlich: 75 cm, 100 cm oder 120 cm.","robots":{"index":"index","follow":"follow","max-snippet":"max-snippet:-1","max-image-preview":"max-image-preview:large","max-video-preview":"max-video-preview:-1"},"canonical":"https:\/\/peakart.co.uk\/de\/produkt\/graue-wanduhr\/","og_locale":"de_DE","og_type":"article","og_title":"Gro\u00dfe, aus Holz gefertigte Wanduhr","og_description":"Diese gro\u00dfe, graue Wanduhr ist ein faszinierendes und kostspieliges, von Hand gefertigtes Kunstwerk. Sie ist per Bestellung (Warteliste) in drei Gr\u00f6\u00dfen erh\u00e4ltlich: 75 cm, 100 cm oder 120 cm.","og_url":"https:\/\/peakart.co.uk\/de\/produkt\/graue-wanduhr\/","og_site_name":"Peak Art","article_publisher":"https:\/\/www.facebook.com\/PeakArtClocks\/","article_modified_time":"2023-03-18T20:53:53+00:00","og_image":[{"width":2560,"height":1707,"url":"https:\/\/peakart.co.uk\/wp-content\/uploads\/2019\/02\/Extra-Large-Clock-Zoom2-scaled.jpg","type":"image\/jpeg"}],"twitter_card":"summary_large_image","twitter_misc":{"Verf\u00fcgbarkeit":"Auf Lager"},"schema":{"@context":"https:\/\/schema.org","@graph":[{"@type":"WebPage","@id":"https:\/\/peakart.co.uk\/de\/produkt\/graue-wanduhr\/","url":"https:\/\/peakart.co.uk\/de\/produkt\/graue-wanduhr\/","name":"Extra gro\u00dfe graue Wanduhr, wundersch\u00f6n aus Holz gefertigt","isPartOf":{"@id":"https:\/\/peakart.co.uk\/de\/#website"},"primaryImageOfPage":{"@id":"https:\/\/peakart.co.uk\/de\/produkt\/graue-wanduhr\/#primaryimage"},"image":{"@id":"https:\/\/peakart.co.uk\/de\/produkt\/graue-wanduhr\/#primaryimage"},"thumbnailUrl":"https:\/\/peakart.co.uk\/wp-content\/uploads\/2019\/02\/Extra-Large-Clock-Zoom2-scaled.jpg","datePublished":"2019-02-24T21:16:59+00:00","dateModified":"2023-03-18T20:53:53+00:00","description":"Diese gro\u00dfe, graue Wanduhr ist ein faszinierendes und kostspieliges, von Hand gefertigtes Kunstwerk. Sie ist per Bestellung (Warteliste) in drei Gr\u00f6\u00dfen erh\u00e4ltlich: 75 cm, 100 cm oder 120 cm.","breadcrumb":{"@id":"https:\/\/peakart.co.uk\/de\/produkt\/graue-wanduhr\/#breadcrumb"},"inLanguage":"de","potentialAction":[{"@type":"ReadAction","target":["https:\/\/peakart.co.uk\/de\/produkt\/graue-wanduhr\/"]}]},{"@type":"ImageObject","inLanguage":"de","@id":"https:\/\/peakart.co.uk\/de\/produkt\/graue-wanduhr\/#primaryimage","url":"https:\/\/peakart.co.uk\/wp-content\/uploads\/2019\/02\/Extra-Large-Clock-Zoom2-scaled.jpg","contentUrl":"https:\/\/peakart.co.uk\/wp-content\/uploads\/2019\/02\/Extra-Large-Clock-Zoom2-scaled.jpg","width":2560,"height":1707,"caption":"Peak Art - Dark Horse II"},{"@type":"BreadcrumbList","@id":"https:\/\/peakart.co.uk\/de\/produkt\/graue-wanduhr\/#breadcrumb","itemListElement":[{"@type":"ListItem","position":1,"name":"Home","item":"https:\/\/peakart.co.uk\/de\/"},{"@type":"ListItem","position":2,"name":"Shop","item":"https:\/\/peakart.co.uk\/de\/shop\/"},{"@type":"ListItem","position":3,"name":"Gro\u00dfe, aus Holz gefertigte Wanduhr"}]},{"@type":"WebSite","@id":"https:\/\/peakart.co.uk\/de\/#website","url":"https:\/\/peakart.co.uk\/de\/","name":"Peak Art","description":"","publisher":{"@id":"https:\/\/peakart.co.uk\/de\/#organization"},"potentialAction":[{"@type":"SearchAction","target":{"@type":"EntryPoint","urlTemplate":"https:\/\/peakart.co.uk\/de\/?s={search_term_string}"},"query-input":{"@type":"PropertyValueSpecification","valueRequired":true,"valueName":"search_term_string"}}],"inLanguage":"de"},{"@type":"Organization","@id":"https:\/\/peakart.co.uk\/de\/#organization","name":"Peak Art","url":"https:\/\/peakart.co.uk\/de\/","logo":{"@type":"ImageObject","inLanguage":"de","@id":"https:\/\/peakart.co.uk\/de\/#\/schema\/logo\/image\/","url":"https:\/\/peakart.co.uk\/wp-content\/uploads\/2023\/07\/logo-8.jpg","contentUrl":"https:\/\/peakart.co.uk\/wp-content\/uploads\/2023\/07\/logo-8.jpg","width":666,"height":259,"caption":"Peak Art"},"image":{"@id":"https:\/\/peakart.co.uk\/de\/#\/schema\/logo\/image\/"},"sameAs":["https:\/\/www.facebook.com\/PeakArtClocks\/"],"hasMerchantReturnPolicy":{"@type":"MerchantReturnPolicy","merchantReturnLink":"https:\/\/peakart.co.uk\/refund_returns\/"}}]},"og_availability":"instock","product_availability":"instock","product_retailer_item_id":"PEAKART-86546","product_condition":"new"},"_links":{"self":[{"href":"https:\/\/peakart.co.uk\/de\/wp-json\/wp\/v2\/product\/9937","targetHints":{"allow":["GET"]}}],"collection":[{"href":"https:\/\/peakart.co.uk\/de\/wp-json\/wp\/v2\/product"}],"about":[{"href":"https:\/\/peakart.co.uk\/de\/wp-json\/wp\/v2\/types\/product"}],"replies":[{"embeddable":true,"href":"https:\/\/peakart.co.uk\/de\/wp-json\/wp\/v2\/comments?post=9937"}],"wp:featuredmedia":[{"embeddable":true,"href":"https:\/\/peakart.co.uk\/de\/wp-json\/wp\/v2\/media\/30398"}],"wp:attachment":[{"href":"https:\/\/peakart.co.uk\/de\/wp-json\/wp\/v2\/media?parent=9937"}],"wp:term":[{"taxonomy":"product_brand","embeddable":true,"href":"https:\/\/peakart.co.uk\/de\/wp-json\/wp\/v2\/product_brand?post=9937"},{"taxonomy":"product_cat","embeddable":true,"href":"https:\/\/peakart.co.uk\/de\/wp-json\/wp\/v2\/product_cat?post=9937"},{"taxonomy":"product_tag","embeddable":true,"href":"https:\/\/peakart.co.uk\/de\/wp-json\/wp\/v2\/product_tag?post=9937"}],"curies":[{"name":"wp","href":"https:\/\/api.w.org\/{rel}","templated":true}]}}