{"id":9909,"date":"2019-02-01T20:29:59","date_gmt":"2019-02-04T18:02:08","guid":{"rendered":"https:\/\/peakart.co.uk\/product\/grose-weise-wanduhr\/"},"modified":"2023-03-23T11:05:35","modified_gmt":"2023-03-23T11:05:35","slug":"weise-wanduhr","status":"publish","type":"product","link":"https:\/\/peakart.co.uk\/de\/produkt\/weise-wanduhr\/","title":{"rendered":"Gro\u00dfe wei\u00dfe Wanduhr"},"content":{"rendered":"<h2>Eine Wanduhr in Wei\u00df, die einen &#8220;Wow&#8221;-Effekt f\u00fcr Ihre G\u00e4ste und Besucher darstellen kann<\/h2>\n<p>Manchmal bitten uns unsere Kunden, einen der vorhandenen Entw\u00fcrfe so anzupassen, dass er zu ihrem Innenraum passt. Wir wissen solche Herausforderungen zu sch\u00e4tzen, denn genau das ist es, wodurch sich Peak Art von allen anderen Anbietern gro\u00dfer Uhren unterscheidet. Diese h\u00fcbsche wei\u00dfe Wanduhr geh\u00f6rt zwar vom Charakter her zum Shabby-Chic, besitzt jedoch Kanten, die scharf geschnitten wirken. Sie zeigt weniger Holz als viele andere rustikale Uhren unserer Kollektion.<\/p>\n<p>Urspr\u00fcnglich haben wir sie mit einem Durchmesser von 75 cm entworfen, da dies die beliebteste Gr\u00f6\u00dfe ist. Wenn Sie mehr Platz an der Wand zur Verf\u00fcgung haben, k\u00f6nnen Sie sich auch f\u00fcr 100 oder 120 cm entscheiden. Unabh\u00e4ngig von der Gr\u00f6\u00dfe k\u00f6nnen Sie versichert sein, dass diese wundervolle wei\u00dfe Uhr bei Ihren G\u00e4sten wahrhaft starken Eindruck macht.<\/p>\n<h2>Gro\u00dfe Wanduhren mit Zifferblatt in wei\u00dfem Shabby-Chic sehen vor dunklerem Hintergrund wunderbar aus<\/h2>\n<p>Der Hauptvorteil des Skelett-Entwurfes besteht darin, dass er sich deutlich leichter an verschiedene Innenr\u00e4ume anpassen kann. Diese spezielle Uhr passt am besten zu dunkleren Farben. Wir haben auch die Uhrzeiger so ausgew\u00e4hlt, dass man die Uhrzeit aus gr\u00f6\u00dferer Entfernung besser ablesen kann. Falls Sie nach einem St\u00fcck f\u00fcr Ihr Wohnzimmer suchen, k\u00f6nnte diese wunderbare wei\u00dfe Uhr perfekt f\u00fcr Sie sein.<\/p>\n<p>Wenn Sie zweifeln, ob dieser Entwurf zu Ihrem Innenraum passt, so <a href=\"https:\/\/peakart.co.uk\/de\/kontakt\/\">kontaktieren Sie uns<\/a> bitte und schicken uns einige Fotografien zu. Wir nehmen gerne ein paar \u00c4nderungen vor, um sicherzustellen, dass Sie damit zufrieden sind.<\/p>\n","protected":false},"excerpt":{"rendered":"<p>Wenn Sie nach einer wirklich einmaligen wei\u00dfen Wanduhr suchen, erf\u00fcllt vielleicht dieser Entwurf Ihre Erwartungen. Wir haben den urspr\u00fcnglichen <a href=\"https:\/\/peakart.co.uk\/de\/produkt\/weise-schabige-schicke-uhr\/\">wei\u00dfen Shabby-Chic<\/a> leicht ver\u00e4ndert, um besondere Anforderungen des Kunden zu erf\u00fcllen. Die f\u00fcr uns kennzeichnenden Skelett-Entw\u00fcrfe bieten dreidimensionale Anmutung und passen zu vielen unterschiedlichen Innenr\u00e4umen. Diese beeindruckende Uhr gibt es jetzt in drei verschiedenen Gr\u00f6\u00dfen, unter denen Sie in der Dropdown-Liste w\u00e4hlen k\u00f6nnen.<\/p>\n<p><strong>Entworfen und handgefertigt von<\/strong>: Anna Siodelska, Vereinigtes K\u00f6nigreich<\/p>\n<p><strong>Farbe des Zifferblattes<\/strong>: Wei\u00df \/ Shabby-Chic<\/p>\n<p><strong>Farbe des Hintergrundes<\/strong>: durchsichtig \/ Farbe der Wand<\/p>\n","protected":false},"featured_media":32393,"comment_status":"closed","ping_status":"closed","template":"","meta":[],"product_brand":[],"product_cat":[80],"product_tag":[83,90,87,2139,82,89,95],"class_list":{"0":"post-9909","1":"product","2":"type-product","3":"status-publish","4":"has-post-thumbnail","6":"product_cat-grosse-wanduhren-handgefertigt","7":"product_tag-grosse-dekorative-wanduhren","8":"product_tag-grosse-skelett-wanduhren-mit-roemischen-zahlzeichen","9":"product_tag-wanduhren-mit-roemischen-zahlzeichen","10":"product_tag-grose-wanduhren","11":"product_tag-grosse-kuenstlerische-wanduhren","12":"product_tag-schabige-schicke-wanduhren","13":"product_tag-skelett-wanduhren","15":"first","16":"instock","17":"sale","18":"taxable","19":"shipping-taxable","20":"purchasable","21":"product-type-variable"},"yoast_head":"<!-- This site is optimized with the Yoast SEO Premium plugin v27.2 (Yoast SEO v27.2) - https:\/\/yoast.com\/product\/yoast-seo-premium-wordpress\/ -->\n<title>Wei\u00dfe Wanduhr im Shabby-Chic-Stil, handgefertigt aus Holz<\/title>\n<meta name=\"description\" content=\"Eine h\u00fcbsche, handgefertigte wei\u00dfe Wanduhr, die ein ideales Dekorationselement in Ihrem Wohnzimmer darstellen kann. Sie ist auf Bestellung (Warteliste) in drei Gr\u00f6\u00dfen lieferbar.\" \/>\n<meta name=\"robots\" content=\"index, follow, max-snippet:-1, max-image-preview:large, max-video-preview:-1\" \/>\n<link rel=\"canonical\" href=\"https:\/\/peakart.co.uk\/de\/produkt\/weise-wanduhr\/\" \/>\n<meta property=\"og:locale\" content=\"de_DE\" \/>\n<meta property=\"og:type\" content=\"article\" \/>\n<meta property=\"og:title\" content=\"Gro\u00dfe wei\u00dfe Wanduhr\" \/>\n<meta property=\"og:description\" content=\"Eine h\u00fcbsche, handgefertigte wei\u00dfe Wanduhr, die ein ideales Dekorationselement in Ihrem Wohnzimmer darstellen kann. Sie ist auf Bestellung (Warteliste) in drei Gr\u00f6\u00dfen lieferbar.\" \/>\n<meta property=\"og:url\" content=\"https:\/\/peakart.co.uk\/de\/produkt\/weise-wanduhr\/\" \/>\n<meta property=\"og:site_name\" content=\"Peak Art\" \/>\n<meta property=\"article:publisher\" content=\"https:\/\/www.facebook.com\/PeakArtClocks\/\" \/>\n<meta property=\"article:modified_time\" content=\"2023-03-23T11:05:35+00:00\" \/>\n<meta property=\"og:image\" content=\"https:\/\/peakart.co.uk\/wp-content\/uploads\/2019\/02\/image1.jpeg\" \/>\n\t<meta property=\"og:image:width\" content=\"632\" \/>\n\t<meta property=\"og:image:height\" content=\"640\" \/>\n\t<meta property=\"og:image:type\" content=\"image\/jpeg\" \/>\n<meta name=\"twitter:card\" content=\"summary_large_image\" \/>\n<meta name=\"twitter:label1\" content=\"Verf\u00fcgbarkeit\" \/>\n\t<meta name=\"twitter:data1\" content=\"Auf Lager\" \/>\n<script type=\"application\/ld+json\" class=\"yoast-schema-graph\">{\"@context\":\"https:\/\/schema.org\",\"@graph\":[{\"@type\":\"WebPage\",\"@id\":\"https:\/\/peakart.co.uk\/de\/produkt\/weise-wanduhr\/\",\"url\":\"https:\/\/peakart.co.uk\/de\/produkt\/weise-wanduhr\/\",\"name\":\"Wei\u00dfe Wanduhr im Shabby-Chic-Stil, handgefertigt aus Holz\",\"isPartOf\":{\"@id\":\"https:\/\/peakart.co.uk\/de\/#website\"},\"primaryImageOfPage\":{\"@id\":\"https:\/\/peakart.co.uk\/de\/produkt\/weise-wanduhr\/#primaryimage\"},\"image\":{\"@id\":\"https:\/\/peakart.co.uk\/de\/produkt\/weise-wanduhr\/#primaryimage\"},\"thumbnailUrl\":\"https:\/\/peakart.co.uk\/wp-content\/uploads\/2019\/02\/image1.jpeg\",\"datePublished\":\"2019-02-04T18:02:08+00:00\",\"dateModified\":\"2023-03-23T11:05:35+00:00\",\"description\":\"Eine h\u00fcbsche, handgefertigte wei\u00dfe Wanduhr, die ein ideales Dekorationselement in Ihrem Wohnzimmer darstellen kann. Sie ist auf Bestellung (Warteliste) in drei Gr\u00f6\u00dfen lieferbar.\",\"breadcrumb\":{\"@id\":\"https:\/\/peakart.co.uk\/de\/produkt\/weise-wanduhr\/#breadcrumb\"},\"inLanguage\":\"de\",\"potentialAction\":[{\"@type\":\"ReadAction\",\"target\":[\"https:\/\/peakart.co.uk\/de\/produkt\/weise-wanduhr\/\"]}]},{\"@type\":\"ImageObject\",\"inLanguage\":\"de\",\"@id\":\"https:\/\/peakart.co.uk\/de\/produkt\/weise-wanduhr\/#primaryimage\",\"url\":\"https:\/\/peakart.co.uk\/wp-content\/uploads\/2019\/02\/image1.jpeg\",\"contentUrl\":\"https:\/\/peakart.co.uk\/wp-content\/uploads\/2019\/02\/image1.jpeg\",\"width\":632,\"height\":640},{\"@type\":\"BreadcrumbList\",\"@id\":\"https:\/\/peakart.co.uk\/de\/produkt\/weise-wanduhr\/#breadcrumb\",\"itemListElement\":[{\"@type\":\"ListItem\",\"position\":1,\"name\":\"Home\",\"item\":\"https:\/\/peakart.co.uk\/de\/\"},{\"@type\":\"ListItem\",\"position\":2,\"name\":\"Shop\",\"item\":\"https:\/\/peakart.co.uk\/de\/shop\/\"},{\"@type\":\"ListItem\",\"position\":3,\"name\":\"Gro\u00dfe wei\u00dfe Wanduhr\"}]},{\"@type\":\"WebSite\",\"@id\":\"https:\/\/peakart.co.uk\/de\/#website\",\"url\":\"https:\/\/peakart.co.uk\/de\/\",\"name\":\"Peak Art\",\"description\":\"\",\"publisher\":{\"@id\":\"https:\/\/peakart.co.uk\/de\/#organization\"},\"potentialAction\":[{\"@type\":\"SearchAction\",\"target\":{\"@type\":\"EntryPoint\",\"urlTemplate\":\"https:\/\/peakart.co.uk\/de\/?s={search_term_string}\"},\"query-input\":{\"@type\":\"PropertyValueSpecification\",\"valueRequired\":true,\"valueName\":\"search_term_string\"}}],\"inLanguage\":\"de\"},{\"@type\":\"Organization\",\"@id\":\"https:\/\/peakart.co.uk\/de\/#organization\",\"name\":\"Peak Art\",\"url\":\"https:\/\/peakart.co.uk\/de\/\",\"logo\":{\"@type\":\"ImageObject\",\"inLanguage\":\"de\",\"@id\":\"https:\/\/peakart.co.uk\/de\/#\/schema\/logo\/image\/\",\"url\":\"https:\/\/peakart.co.uk\/wp-content\/uploads\/2023\/07\/logo-8.jpg\",\"contentUrl\":\"https:\/\/peakart.co.uk\/wp-content\/uploads\/2023\/07\/logo-8.jpg\",\"width\":666,\"height\":259,\"caption\":\"Peak Art\"},\"image\":{\"@id\":\"https:\/\/peakart.co.uk\/de\/#\/schema\/logo\/image\/\"},\"sameAs\":[\"https:\/\/www.facebook.com\/PeakArtClocks\/\"],\"hasMerchantReturnPolicy\":{\"@type\":\"MerchantReturnPolicy\",\"merchantReturnLink\":\"https:\/\/peakart.co.uk\/refund_returns\/\"}}]}<\/script>\n<meta property=\"og:availability\" content=\"instock\" \/>\n<meta property=\"product:availability\" content=\"instock\" \/>\n<meta property=\"product:retailer_item_id\" content=\"PEAKART-86991\" \/>\n<meta property=\"product:condition\" content=\"new\" \/>\n<!-- \/ Yoast SEO Premium plugin. -->","yoast_head_json":{"title":"Wei\u00dfe Wanduhr im Shabby-Chic-Stil, handgefertigt aus Holz","description":"Eine h\u00fcbsche, handgefertigte wei\u00dfe Wanduhr, die ein ideales Dekorationselement in Ihrem Wohnzimmer darstellen kann. Sie ist auf Bestellung (Warteliste) in drei Gr\u00f6\u00dfen lieferbar.","robots":{"index":"index","follow":"follow","max-snippet":"max-snippet:-1","max-image-preview":"max-image-preview:large","max-video-preview":"max-video-preview:-1"},"canonical":"https:\/\/peakart.co.uk\/de\/produkt\/weise-wanduhr\/","og_locale":"de_DE","og_type":"article","og_title":"Gro\u00dfe wei\u00dfe Wanduhr","og_description":"Eine h\u00fcbsche, handgefertigte wei\u00dfe Wanduhr, die ein ideales Dekorationselement in Ihrem Wohnzimmer darstellen kann. Sie ist auf Bestellung (Warteliste) in drei Gr\u00f6\u00dfen lieferbar.","og_url":"https:\/\/peakart.co.uk\/de\/produkt\/weise-wanduhr\/","og_site_name":"Peak Art","article_publisher":"https:\/\/www.facebook.com\/PeakArtClocks\/","article_modified_time":"2023-03-23T11:05:35+00:00","og_image":[{"width":632,"height":640,"url":"https:\/\/peakart.co.uk\/wp-content\/uploads\/2019\/02\/image1.jpeg","type":"image\/jpeg"}],"twitter_card":"summary_large_image","twitter_misc":{"Verf\u00fcgbarkeit":"Auf Lager"},"schema":{"@context":"https:\/\/schema.org","@graph":[{"@type":"WebPage","@id":"https:\/\/peakart.co.uk\/de\/produkt\/weise-wanduhr\/","url":"https:\/\/peakart.co.uk\/de\/produkt\/weise-wanduhr\/","name":"Wei\u00dfe Wanduhr im Shabby-Chic-Stil, handgefertigt aus Holz","isPartOf":{"@id":"https:\/\/peakart.co.uk\/de\/#website"},"primaryImageOfPage":{"@id":"https:\/\/peakart.co.uk\/de\/produkt\/weise-wanduhr\/#primaryimage"},"image":{"@id":"https:\/\/peakart.co.uk\/de\/produkt\/weise-wanduhr\/#primaryimage"},"thumbnailUrl":"https:\/\/peakart.co.uk\/wp-content\/uploads\/2019\/02\/image1.jpeg","datePublished":"2019-02-04T18:02:08+00:00","dateModified":"2023-03-23T11:05:35+00:00","description":"Eine h\u00fcbsche, handgefertigte wei\u00dfe Wanduhr, die ein ideales Dekorationselement in Ihrem Wohnzimmer darstellen kann. Sie ist auf Bestellung (Warteliste) in drei Gr\u00f6\u00dfen lieferbar.","breadcrumb":{"@id":"https:\/\/peakart.co.uk\/de\/produkt\/weise-wanduhr\/#breadcrumb"},"inLanguage":"de","potentialAction":[{"@type":"ReadAction","target":["https:\/\/peakart.co.uk\/de\/produkt\/weise-wanduhr\/"]}]},{"@type":"ImageObject","inLanguage":"de","@id":"https:\/\/peakart.co.uk\/de\/produkt\/weise-wanduhr\/#primaryimage","url":"https:\/\/peakart.co.uk\/wp-content\/uploads\/2019\/02\/image1.jpeg","contentUrl":"https:\/\/peakart.co.uk\/wp-content\/uploads\/2019\/02\/image1.jpeg","width":632,"height":640},{"@type":"BreadcrumbList","@id":"https:\/\/peakart.co.uk\/de\/produkt\/weise-wanduhr\/#breadcrumb","itemListElement":[{"@type":"ListItem","position":1,"name":"Home","item":"https:\/\/peakart.co.uk\/de\/"},{"@type":"ListItem","position":2,"name":"Shop","item":"https:\/\/peakart.co.uk\/de\/shop\/"},{"@type":"ListItem","position":3,"name":"Gro\u00dfe wei\u00dfe Wanduhr"}]},{"@type":"WebSite","@id":"https:\/\/peakart.co.uk\/de\/#website","url":"https:\/\/peakart.co.uk\/de\/","name":"Peak Art","description":"","publisher":{"@id":"https:\/\/peakart.co.uk\/de\/#organization"},"potentialAction":[{"@type":"SearchAction","target":{"@type":"EntryPoint","urlTemplate":"https:\/\/peakart.co.uk\/de\/?s={search_term_string}"},"query-input":{"@type":"PropertyValueSpecification","valueRequired":true,"valueName":"search_term_string"}}],"inLanguage":"de"},{"@type":"Organization","@id":"https:\/\/peakart.co.uk\/de\/#organization","name":"Peak Art","url":"https:\/\/peakart.co.uk\/de\/","logo":{"@type":"ImageObject","inLanguage":"de","@id":"https:\/\/peakart.co.uk\/de\/#\/schema\/logo\/image\/","url":"https:\/\/peakart.co.uk\/wp-content\/uploads\/2023\/07\/logo-8.jpg","contentUrl":"https:\/\/peakart.co.uk\/wp-content\/uploads\/2023\/07\/logo-8.jpg","width":666,"height":259,"caption":"Peak Art"},"image":{"@id":"https:\/\/peakart.co.uk\/de\/#\/schema\/logo\/image\/"},"sameAs":["https:\/\/www.facebook.com\/PeakArtClocks\/"],"hasMerchantReturnPolicy":{"@type":"MerchantReturnPolicy","merchantReturnLink":"https:\/\/peakart.co.uk\/refund_returns\/"}}]},"og_availability":"instock","product_availability":"instock","product_retailer_item_id":"PEAKART-86991","product_condition":"new"},"_links":{"self":[{"href":"https:\/\/peakart.co.uk\/de\/wp-json\/wp\/v2\/product\/9909","targetHints":{"allow":["GET"]}}],"collection":[{"href":"https:\/\/peakart.co.uk\/de\/wp-json\/wp\/v2\/product"}],"about":[{"href":"https:\/\/peakart.co.uk\/de\/wp-json\/wp\/v2\/types\/product"}],"replies":[{"embeddable":true,"href":"https:\/\/peakart.co.uk\/de\/wp-json\/wp\/v2\/comments?post=9909"}],"wp:featuredmedia":[{"embeddable":true,"href":"https:\/\/peakart.co.uk\/de\/wp-json\/wp\/v2\/media\/32393"}],"wp:attachment":[{"href":"https:\/\/peakart.co.uk\/de\/wp-json\/wp\/v2\/media?parent=9909"}],"wp:term":[{"taxonomy":"product_brand","embeddable":true,"href":"https:\/\/peakart.co.uk\/de\/wp-json\/wp\/v2\/product_brand?post=9909"},{"taxonomy":"product_cat","embeddable":true,"href":"https:\/\/peakart.co.uk\/de\/wp-json\/wp\/v2\/product_cat?post=9909"},{"taxonomy":"product_tag","embeddable":true,"href":"https:\/\/peakart.co.uk\/de\/wp-json\/wp\/v2\/product_tag?post=9909"}],"curies":[{"name":"wp","href":"https:\/\/api.w.org\/{rel}","templated":true}]}}