{"id":8918,"date":"2018-11-03T09:16:37","date_gmt":"2018-11-03T09:16:41","guid":{"rendered":"https:\/\/peakart.co.uk\/?post_type=product&#038;p=8918"},"modified":"2023-03-18T21:04:49","modified_gmt":"2023-03-18T21:04:49","slug":"grose-uhr-fur-die-wand","status":"publish","type":"product","link":"https:\/\/peakart.co.uk\/de\/produkt\/grose-uhr-fur-die-wand\/","title":{"rendered":"Riesige Wanduhr f\u00fcr das Wohnzimmer"},"content":{"rendered":"<h2>Bei Peak Art bieten wir Ihnen riesige Wanduhren mit Durchmessern bis 120 cm<\/h2>\n<p>Viele unserer Kunden, die f\u00fcr die Ausf\u00fcllung eines leeren Platzes an ihrer Wohnzimmerwand nach einer gro\u00dfen Uhr suchen, m\u00f6chten etwas wirklich Herausragendes. Sie sind nicht an gro\u00dfen, aber unsoliden Uhren interessiert, die aus billiger mitteldichter Faserplatte hergestellt sind. Sie wollen auch keine der vielen Metall-Skelettuhren f\u00fcr die Wand, die von Hunderten Anbietern feilgeboten werden. Diese Kunden suchen eine gro\u00dfe Wanduhr, die ihrem Wohnzimmer einen Hauch von Luxus verleiht.<\/p>\n<p>Der Unterschied zwischen den Peak-Art-Uhren und gro\u00dfen Uhren von anderen Herstellern liegt in unserer Herangehensweise an die Erfordernisse der Kunden. Wir bieten keine Produkte von der Stange an, sondern sprechen mit unseren Kunden und k\u00f6nnen so viel besser auf ihre W\u00fcnsche eingehen. Wenn jemand sich entschlie\u00dft, eine riesige Uhr zu kaufen, so ist es recht offensichtlich, dass das Hauptinteresse am &#8220;Wow&#8221;-Effekt liegt, f\u00fcr den sie sorgen wird. Um zu sagen, wie sp\u00e4t es ist, br\u00e4uchten die Leute keine 120 cm gro\u00dfe Uhr, oder? Deshalb k\u00f6nnen wir die erw\u00e4hnten Entw\u00fcrfe anbieten, die auf ganz bestimmten Kundenw\u00fcnschen beruhen.<\/p>\n<p>Obwohl wir diese massive Uhr urspr\u00fcnglich nur f\u00fcr eine Gr\u00f6\u00dfe von 120 cm entworfen hatten, k\u00f6nnen wir sie auch in kleineren Gr\u00f6\u00dfen anbieten, die Sie im Dropdown-Men\u00fc finden. Dass wir unsere Uhren von Hand fertigen, bedeutet, dass niemals zwei Uhren v\u00f6llig identisch sind &#8211; doch stellt dies zugleich unseren gr\u00f6\u00dften Vorzug dar. Wenn Sie sich entscheiden, eine unserer riesigen Wanduhren zu bestellen, so wird diese den Fotografien hier so \u00e4hnlich werden wie m\u00f6glich.<\/p>\n","protected":false},"excerpt":{"rendered":"<p>Anders als Tausende \u00e4hnlich aussehender, im Internet erh\u00e4ltlicher Uhren ist diese riesige Wanduhr daf\u00fcr gemacht, eine starke Aussage abzugeben. Leute, die nach einer Uhr mit 120 cm Durchmesser Ausschau halten, wollen etwas mehr als nur ein Ding, das ihnen die Zeit anzeigt. Dieses St\u00fcck haben wir so gestaltet, dass es eine \u00e4hnliche Form hat wie eine andere <a href=\"https:\/\/peakart.co.uk\/de\/produkt\/riesige-zeitgenossische-statement-wanduhr\/\">extra gro\u00dfe Uhr<\/a> aus unserer Sammlung. Viele K\u00e4ufer interessieren sich f\u00fcr Alternativen zu den traditionellen r\u00f6mischen Ziffern. Darum, so glauben wir, passt sie zu jenen unter Ihnen, die originellere und einmalige Formen und Farben bevorzugen.<\/p>\n<p><strong>Entworfen und handgefertigt von:<\/strong> Anna Siodelska, Vereinigtes K\u00f6nigreich<\/p>\n<p><strong>Farbe des Zifferblattes &#8211;\u00a0<\/strong>Herbstblatt<\/p>\n<p><strong>Farbe des Hintergrundes &#8211; <\/strong>Transparent\/Farbe der Wand<\/p>\n","protected":false},"featured_media":32177,"comment_status":"closed","ping_status":"closed","template":"","meta":[],"product_brand":[],"product_cat":[80],"product_tag":[83,2139,82,89,95],"class_list":{"0":"post-8918","1":"product","2":"type-product","3":"status-publish","4":"has-post-thumbnail","6":"product_cat-grosse-wanduhren-handgefertigt","7":"product_tag-grosse-dekorative-wanduhren","8":"product_tag-grose-wanduhren","9":"product_tag-grosse-kuenstlerische-wanduhren","10":"product_tag-schabige-schicke-wanduhren","11":"product_tag-skelett-wanduhren","13":"first","14":"instock","15":"sale","16":"featured","17":"taxable","18":"shipping-taxable","19":"purchasable","20":"product-type-variable"},"yoast_head":"<!-- This site is optimized with the Yoast SEO Premium plugin v27.2 (Yoast SEO v27.2) - https:\/\/yoast.com\/product\/yoast-seo-premium-wordpress\/ -->\n<title>Riesige Wanduhr. Eine perfekte Attraktion f\u00fcr Ihr Wohnzimmer<\/title>\n<meta name=\"description\" content=\"Wenn Sie nach einer einmaligen, riesigen Uhr f\u00fcr Ihre Wand suchen, k\u00f6nnen wir Ihnen etliche h\u00fcbsche Entw\u00fcrfe anbieten. Alle unsere Uhren sind handgefertigt und haben Durchmesser bis zu 120 cm.\" \/>\n<meta name=\"robots\" content=\"index, follow, max-snippet:-1, max-image-preview:large, max-video-preview:-1\" \/>\n<link rel=\"canonical\" href=\"https:\/\/peakart.co.uk\/de\/produkt\/grose-uhr-fur-die-wand\/\" \/>\n<meta property=\"og:locale\" content=\"de_DE\" \/>\n<meta property=\"og:type\" content=\"article\" \/>\n<meta property=\"og:title\" content=\"Riesige Wanduhr f\u00fcr das Wohnzimmer\" \/>\n<meta property=\"og:description\" content=\"Wenn Sie nach einer einmaligen, riesigen Uhr f\u00fcr Ihre Wand suchen, k\u00f6nnen wir Ihnen etliche h\u00fcbsche Entw\u00fcrfe anbieten. Alle unsere Uhren sind handgefertigt und haben Durchmesser bis zu 120 cm.\" \/>\n<meta property=\"og:url\" content=\"https:\/\/peakart.co.uk\/de\/produkt\/grose-uhr-fur-die-wand\/\" \/>\n<meta property=\"og:site_name\" content=\"Peak Art\" \/>\n<meta property=\"article:publisher\" content=\"https:\/\/www.facebook.com\/PeakArtClocks\/\" \/>\n<meta property=\"article:modified_time\" content=\"2023-03-18T21:04:49+00:00\" \/>\n<meta property=\"og:image\" content=\"https:\/\/peakart.co.uk\/wp-content\/uploads\/2018\/11\/Giant-Clock-For-Wall-Zoom-1.jpg\" \/>\n\t<meta property=\"og:image:width\" content=\"1800\" \/>\n\t<meta property=\"og:image:height\" content=\"1200\" \/>\n\t<meta property=\"og:image:type\" content=\"image\/jpeg\" \/>\n<meta name=\"twitter:card\" content=\"summary_large_image\" \/>\n<meta name=\"twitter:label1\" content=\"Verf\u00fcgbarkeit\" \/>\n\t<meta name=\"twitter:data1\" content=\"Auf Lager\" \/>\n<script type=\"application\/ld+json\" class=\"yoast-schema-graph\">{\"@context\":\"https:\/\/schema.org\",\"@graph\":[{\"@type\":\"WebPage\",\"@id\":\"https:\/\/peakart.co.uk\/de\/produkt\/grose-uhr-fur-die-wand\/\",\"url\":\"https:\/\/peakart.co.uk\/de\/produkt\/grose-uhr-fur-die-wand\/\",\"name\":\"Riesige Wanduhr. Eine perfekte Attraktion f\u00fcr Ihr Wohnzimmer\",\"isPartOf\":{\"@id\":\"https:\/\/peakart.co.uk\/de\/#website\"},\"primaryImageOfPage\":{\"@id\":\"https:\/\/peakart.co.uk\/de\/produkt\/grose-uhr-fur-die-wand\/#primaryimage\"},\"image\":{\"@id\":\"https:\/\/peakart.co.uk\/de\/produkt\/grose-uhr-fur-die-wand\/#primaryimage\"},\"thumbnailUrl\":\"https:\/\/peakart.co.uk\/wp-content\/uploads\/2018\/11\/Giant-Clock-For-Wall-Zoom-1.jpg\",\"datePublished\":\"2018-11-03T09:16:41+00:00\",\"dateModified\":\"2023-03-18T21:04:49+00:00\",\"description\":\"Wenn Sie nach einer einmaligen, riesigen Uhr f\u00fcr Ihre Wand suchen, k\u00f6nnen wir Ihnen etliche h\u00fcbsche Entw\u00fcrfe anbieten. Alle unsere Uhren sind handgefertigt und haben Durchmesser bis zu 120 cm.\",\"breadcrumb\":{\"@id\":\"https:\/\/peakart.co.uk\/de\/produkt\/grose-uhr-fur-die-wand\/#breadcrumb\"},\"inLanguage\":\"de\",\"potentialAction\":[{\"@type\":\"ReadAction\",\"target\":[\"https:\/\/peakart.co.uk\/de\/produkt\/grose-uhr-fur-die-wand\/\"]}]},{\"@type\":\"ImageObject\",\"inLanguage\":\"de\",\"@id\":\"https:\/\/peakart.co.uk\/de\/produkt\/grose-uhr-fur-die-wand\/#primaryimage\",\"url\":\"https:\/\/peakart.co.uk\/wp-content\/uploads\/2018\/11\/Giant-Clock-For-Wall-Zoom-1.jpg\",\"contentUrl\":\"https:\/\/peakart.co.uk\/wp-content\/uploads\/2018\/11\/Giant-Clock-For-Wall-Zoom-1.jpg\",\"width\":1800,\"height\":1200},{\"@type\":\"BreadcrumbList\",\"@id\":\"https:\/\/peakart.co.uk\/de\/produkt\/grose-uhr-fur-die-wand\/#breadcrumb\",\"itemListElement\":[{\"@type\":\"ListItem\",\"position\":1,\"name\":\"Home\",\"item\":\"https:\/\/peakart.co.uk\/de\/\"},{\"@type\":\"ListItem\",\"position\":2,\"name\":\"Shop\",\"item\":\"https:\/\/peakart.co.uk\/de\/shop\/\"},{\"@type\":\"ListItem\",\"position\":3,\"name\":\"Riesige Wanduhr f\u00fcr das Wohnzimmer\"}]},{\"@type\":\"WebSite\",\"@id\":\"https:\/\/peakart.co.uk\/de\/#website\",\"url\":\"https:\/\/peakart.co.uk\/de\/\",\"name\":\"Peak Art\",\"description\":\"\",\"publisher\":{\"@id\":\"https:\/\/peakart.co.uk\/de\/#organization\"},\"potentialAction\":[{\"@type\":\"SearchAction\",\"target\":{\"@type\":\"EntryPoint\",\"urlTemplate\":\"https:\/\/peakart.co.uk\/de\/?s={search_term_string}\"},\"query-input\":{\"@type\":\"PropertyValueSpecification\",\"valueRequired\":true,\"valueName\":\"search_term_string\"}}],\"inLanguage\":\"de\"},{\"@type\":\"Organization\",\"@id\":\"https:\/\/peakart.co.uk\/de\/#organization\",\"name\":\"Peak Art\",\"url\":\"https:\/\/peakart.co.uk\/de\/\",\"logo\":{\"@type\":\"ImageObject\",\"inLanguage\":\"de\",\"@id\":\"https:\/\/peakart.co.uk\/de\/#\/schema\/logo\/image\/\",\"url\":\"https:\/\/peakart.co.uk\/wp-content\/uploads\/2023\/07\/logo-8.jpg\",\"contentUrl\":\"https:\/\/peakart.co.uk\/wp-content\/uploads\/2023\/07\/logo-8.jpg\",\"width\":666,\"height\":259,\"caption\":\"Peak Art\"},\"image\":{\"@id\":\"https:\/\/peakart.co.uk\/de\/#\/schema\/logo\/image\/\"},\"sameAs\":[\"https:\/\/www.facebook.com\/PeakArtClocks\/\"],\"hasMerchantReturnPolicy\":{\"@type\":\"MerchantReturnPolicy\",\"merchantReturnLink\":\"https:\/\/peakart.co.uk\/refund_returns\/\"}}]}<\/script>\n<meta property=\"og:availability\" content=\"instock\" \/>\n<meta property=\"product:availability\" content=\"instock\" \/>\n<meta property=\"product:retailer_item_id\" content=\"PEAKART-82386\" \/>\n<meta property=\"product:condition\" content=\"new\" \/>\n<!-- \/ Yoast SEO Premium plugin. -->","yoast_head_json":{"title":"Riesige Wanduhr. Eine perfekte Attraktion f\u00fcr Ihr Wohnzimmer","description":"Wenn Sie nach einer einmaligen, riesigen Uhr f\u00fcr Ihre Wand suchen, k\u00f6nnen wir Ihnen etliche h\u00fcbsche Entw\u00fcrfe anbieten. Alle unsere Uhren sind handgefertigt und haben Durchmesser bis zu 120 cm.","robots":{"index":"index","follow":"follow","max-snippet":"max-snippet:-1","max-image-preview":"max-image-preview:large","max-video-preview":"max-video-preview:-1"},"canonical":"https:\/\/peakart.co.uk\/de\/produkt\/grose-uhr-fur-die-wand\/","og_locale":"de_DE","og_type":"article","og_title":"Riesige Wanduhr f\u00fcr das Wohnzimmer","og_description":"Wenn Sie nach einer einmaligen, riesigen Uhr f\u00fcr Ihre Wand suchen, k\u00f6nnen wir Ihnen etliche h\u00fcbsche Entw\u00fcrfe anbieten. Alle unsere Uhren sind handgefertigt und haben Durchmesser bis zu 120 cm.","og_url":"https:\/\/peakart.co.uk\/de\/produkt\/grose-uhr-fur-die-wand\/","og_site_name":"Peak Art","article_publisher":"https:\/\/www.facebook.com\/PeakArtClocks\/","article_modified_time":"2023-03-18T21:04:49+00:00","og_image":[{"width":1800,"height":1200,"url":"https:\/\/peakart.co.uk\/wp-content\/uploads\/2018\/11\/Giant-Clock-For-Wall-Zoom-1.jpg","type":"image\/jpeg"}],"twitter_card":"summary_large_image","twitter_misc":{"Verf\u00fcgbarkeit":"Auf Lager"},"schema":{"@context":"https:\/\/schema.org","@graph":[{"@type":"WebPage","@id":"https:\/\/peakart.co.uk\/de\/produkt\/grose-uhr-fur-die-wand\/","url":"https:\/\/peakart.co.uk\/de\/produkt\/grose-uhr-fur-die-wand\/","name":"Riesige Wanduhr. Eine perfekte Attraktion f\u00fcr Ihr Wohnzimmer","isPartOf":{"@id":"https:\/\/peakart.co.uk\/de\/#website"},"primaryImageOfPage":{"@id":"https:\/\/peakart.co.uk\/de\/produkt\/grose-uhr-fur-die-wand\/#primaryimage"},"image":{"@id":"https:\/\/peakart.co.uk\/de\/produkt\/grose-uhr-fur-die-wand\/#primaryimage"},"thumbnailUrl":"https:\/\/peakart.co.uk\/wp-content\/uploads\/2018\/11\/Giant-Clock-For-Wall-Zoom-1.jpg","datePublished":"2018-11-03T09:16:41+00:00","dateModified":"2023-03-18T21:04:49+00:00","description":"Wenn Sie nach einer einmaligen, riesigen Uhr f\u00fcr Ihre Wand suchen, k\u00f6nnen wir Ihnen etliche h\u00fcbsche Entw\u00fcrfe anbieten. Alle unsere Uhren sind handgefertigt und haben Durchmesser bis zu 120 cm.","breadcrumb":{"@id":"https:\/\/peakart.co.uk\/de\/produkt\/grose-uhr-fur-die-wand\/#breadcrumb"},"inLanguage":"de","potentialAction":[{"@type":"ReadAction","target":["https:\/\/peakart.co.uk\/de\/produkt\/grose-uhr-fur-die-wand\/"]}]},{"@type":"ImageObject","inLanguage":"de","@id":"https:\/\/peakart.co.uk\/de\/produkt\/grose-uhr-fur-die-wand\/#primaryimage","url":"https:\/\/peakart.co.uk\/wp-content\/uploads\/2018\/11\/Giant-Clock-For-Wall-Zoom-1.jpg","contentUrl":"https:\/\/peakart.co.uk\/wp-content\/uploads\/2018\/11\/Giant-Clock-For-Wall-Zoom-1.jpg","width":1800,"height":1200},{"@type":"BreadcrumbList","@id":"https:\/\/peakart.co.uk\/de\/produkt\/grose-uhr-fur-die-wand\/#breadcrumb","itemListElement":[{"@type":"ListItem","position":1,"name":"Home","item":"https:\/\/peakart.co.uk\/de\/"},{"@type":"ListItem","position":2,"name":"Shop","item":"https:\/\/peakart.co.uk\/de\/shop\/"},{"@type":"ListItem","position":3,"name":"Riesige Wanduhr f\u00fcr das Wohnzimmer"}]},{"@type":"WebSite","@id":"https:\/\/peakart.co.uk\/de\/#website","url":"https:\/\/peakart.co.uk\/de\/","name":"Peak Art","description":"","publisher":{"@id":"https:\/\/peakart.co.uk\/de\/#organization"},"potentialAction":[{"@type":"SearchAction","target":{"@type":"EntryPoint","urlTemplate":"https:\/\/peakart.co.uk\/de\/?s={search_term_string}"},"query-input":{"@type":"PropertyValueSpecification","valueRequired":true,"valueName":"search_term_string"}}],"inLanguage":"de"},{"@type":"Organization","@id":"https:\/\/peakart.co.uk\/de\/#organization","name":"Peak Art","url":"https:\/\/peakart.co.uk\/de\/","logo":{"@type":"ImageObject","inLanguage":"de","@id":"https:\/\/peakart.co.uk\/de\/#\/schema\/logo\/image\/","url":"https:\/\/peakart.co.uk\/wp-content\/uploads\/2023\/07\/logo-8.jpg","contentUrl":"https:\/\/peakart.co.uk\/wp-content\/uploads\/2023\/07\/logo-8.jpg","width":666,"height":259,"caption":"Peak Art"},"image":{"@id":"https:\/\/peakart.co.uk\/de\/#\/schema\/logo\/image\/"},"sameAs":["https:\/\/www.facebook.com\/PeakArtClocks\/"],"hasMerchantReturnPolicy":{"@type":"MerchantReturnPolicy","merchantReturnLink":"https:\/\/peakart.co.uk\/refund_returns\/"}}]},"og_availability":"instock","product_availability":"instock","product_retailer_item_id":"PEAKART-82386","product_condition":"new"},"_links":{"self":[{"href":"https:\/\/peakart.co.uk\/de\/wp-json\/wp\/v2\/product\/8918","targetHints":{"allow":["GET"]}}],"collection":[{"href":"https:\/\/peakart.co.uk\/de\/wp-json\/wp\/v2\/product"}],"about":[{"href":"https:\/\/peakart.co.uk\/de\/wp-json\/wp\/v2\/types\/product"}],"replies":[{"embeddable":true,"href":"https:\/\/peakart.co.uk\/de\/wp-json\/wp\/v2\/comments?post=8918"}],"wp:featuredmedia":[{"embeddable":true,"href":"https:\/\/peakart.co.uk\/de\/wp-json\/wp\/v2\/media\/32177"}],"wp:attachment":[{"href":"https:\/\/peakart.co.uk\/de\/wp-json\/wp\/v2\/media?parent=8918"}],"wp:term":[{"taxonomy":"product_brand","embeddable":true,"href":"https:\/\/peakart.co.uk\/de\/wp-json\/wp\/v2\/product_brand?post=8918"},{"taxonomy":"product_cat","embeddable":true,"href":"https:\/\/peakart.co.uk\/de\/wp-json\/wp\/v2\/product_cat?post=8918"},{"taxonomy":"product_tag","embeddable":true,"href":"https:\/\/peakart.co.uk\/de\/wp-json\/wp\/v2\/product_tag?post=8918"}],"curies":[{"name":"wp","href":"https:\/\/api.w.org\/{rel}","templated":true}]}}