{"id":8622,"date":"2018-07-17T15:49:16","date_gmt":"2018-07-19T09:02:39","guid":{"rendered":"http:\/\/peakart.co.uk\/product\/eine-masgefertigte-designeruhr-furs-wohnzimmer\/"},"modified":"2024-12-09T23:00:05","modified_gmt":"2024-12-09T23:00:05","slug":"masgefertigte-designeruhr","status":"publish","type":"product","link":"https:\/\/peakart.co.uk\/de\/produkt\/masgefertigte-designeruhr\/","title":{"rendered":"Einzigartige Designeruhr f\u00fcr Wohnzimmer"},"content":{"rendered":"<h2>Suchen Sie nach einer ma\u00dfgefertigten Designeruhr f\u00fcr Ihr Wohnzimmer?<\/h2>\n<p>Als wir &#8220;Peak Art&#8221; im Jahr 2014 gr\u00fcndeten, war es unser Hauptanliegen, die Sichtweise der Leute auf gro\u00dfe Wanduhren als blo\u00dfe Zeitanzeiger zu \u00e4ndern. Als wir die ersten Entw\u00fcrfe auf die Webseite brachten, hatten wir eigentlich zu wenig Auswahl. Die ersten Projekte sahen zwar sch\u00f6n aus, waren aber auch ein wenig langweilig und lie\u00dfen es an pers\u00f6nlicher Note mangeln. Wir begriffen rasch, dass viele unserer Kunden zum Ausf\u00fcllen des gro\u00dfen leeren Platzes an der Wand eine Ma\u00dfanfertigung suchen. Sie w\u00fcnschten sich keine Standardware, die f\u00fcr jedermann erh\u00e4ltlich ist, sondern sind vielmehr an etwas mit st\u00e4rkerer Personalisierung interessiert.<\/p>\n<p>Jede Wanduhr aus unserer Kollektion wird zwar dank der reizvollen Vollendung per Hand etwas Einmaliges sein, doch wir gehen noch einen Schritt weiter. Wir bieten ma\u00dfgefertigte Entw\u00fcrfe an, die es bisher noch nicht gibt, und fragen unsere Kunden lediglich nach etwas Anleitung. Diese wunderbare Designeruhr basiert auf einer <a href=\"https:\/\/peakart.co.uk\/de\/produkt\/zeitgenossische-wanduhr\/\">zeitgen\u00f6ssischen Wanduhr<\/a>, bei der unser Kunde einige besondere Anspr\u00fcche an den Hintergrund stellte. Wir erhielten einige Fotografien und stimmten diesem Entwurf grunds\u00e4tzlich zu.<\/p>\n<h2>Produkte von der Stange oder einmalige Kunstwerke?<\/h2>\n<p>In einer Zeit, in der massengefertigte Billigware den Markt \u00fcberschwemmt, sticht Peak Art als kleiner Familienbetrieb hervor, der sich gegen die herrschenden Trends stellt. Wir k\u00f6nnen Ihnen ma\u00dfgefertigte Designeruhren anbieten, die wirklich weltweit ihresgleichen suchen und f\u00fcr einen starken &#8220;Wow&#8221;-Effekt sorgen. Wenn Sie sich entschlie\u00dfen, einen der bestehenden Entw\u00fcrfe zu kaufen, k\u00f6nnen Sie dennoch sicher sein, dass die Uhr aufgrund ihrer Anfertigung von Hand ihre eigenen spezifischen Merkmale hat. Wir m\u00f6chten Sie ermutigen, sich an uns zu wenden und Ihre Anforderungen bis in die Einzelheiten zu besprechen. Vielleicht k\u00f6nnen wir zusammenarbeiten und etwas wirklich Besonderes entwerfen, das besser zu Ihrer Inneneinrichtung passt als jeder Entwurf, den es bereits gibt?<\/p>\n<p>Im Laufe der Jahre haben wir Tausende von Fans auf unserer <a href=\"https:\/\/www.facebook.com\/PeakArtClocks\/\">Facebook-Seite<\/a> zusammengebracht und w\u00fcrden auch Sie gerne dort begr\u00fc\u00dfen. Wenn Sie uns folgen, k\u00f6nnen Sie die neuesten Entw\u00fcrfe und Sonderangebote betrachten &#8211; und das Wichtigste: Sie k\u00f6nnen Kommentare abgeben und sich mit anderen Mitgliedern unserer Community austauschen. Bitte geben Sie unseren Produkten ein Like und teilen Sie anderen davon mit, wenn Sie der Meinung sind, dass auch Ihre Freunde und Familienmitglieder daran Freude haben werden.<\/p>\n","protected":false},"excerpt":{"rendered":"<p>Unsere reizvolle, ma\u00dfgefertigte Designeruhr wird das Zentrum der Aufmerksamkeit in Ihrem Haus, Ihrem B\u00fcro oder Ihrem Luxusappartement werden. Wir k\u00f6nnen Sie in drei unterschiedlichen Gr\u00f6\u00dfen fertigen, je nach Ihren Anspr\u00fcchen und dem verf\u00fcgbaren Platz an der Wand. Wenn Sie nach etwas suchen, was Sie aus der Menge heraushebt, sind wir sicher, Ihnen mit etwas weiterhelfen zu k\u00f6nnen, das f\u00fcr einen starken &#8220;Wow&#8221;-Effekt sorgen wird.<\/p>\n<p><strong>Entworfen und handgefertigt<\/strong>: Anna Siodelska, Vereinigtes K\u00f6nigreich<\/p>\n<p><strong>Farbe des Zifferblattes<\/strong>: Fichte\/Orange\/Blau<\/p>\n<p><strong>Farbe des Hintergrundes<\/strong>: Kupfer\/Rosa<\/p>\n<p><strong>Anmerkung:<\/strong>Bei der Uhr mit Durchmesser 75 cm (30 Zoll) haben die Zahlzeichen eine geringf\u00fcgig andere Form, um sicherzustellen, dass sie nicht zu d\u00fcnn ausfallen. Ein Beispielbild mit diesem anderen Design finden Sie <a href=\"https:\/\/peakart.co.uk\/wp-content\/uploads\/2017\/09\/Unique-Large-Rustic-Grey-Wooden-Wall-Clock-Left.jpg\">hier<\/a><\/p>\n","protected":false},"featured_media":32293,"comment_status":"closed","ping_status":"closed","template":"","meta":[],"product_brand":[],"product_cat":[80],"product_tag":[83,87,2139,82],"class_list":{"0":"post-8622","1":"product","2":"type-product","3":"status-publish","4":"has-post-thumbnail","6":"product_cat-grosse-wanduhren-handgefertigt","7":"product_tag-grosse-dekorative-wanduhren","8":"product_tag-wanduhren-mit-roemischen-zahlzeichen","9":"product_tag-grose-wanduhren","10":"product_tag-grosse-kuenstlerische-wanduhren","12":"first","13":"instock","14":"sale","15":"featured","16":"taxable","17":"shipping-taxable","18":"purchasable","19":"product-type-variable"},"yoast_head":"<!-- This site is optimized with the Yoast SEO Premium plugin v27.2 (Yoast SEO v27.2) - https:\/\/yoast.com\/product\/yoast-seo-premium-wordpress\/ -->\n<title>Gro\u00dfe und dekorative ma\u00dfgefertigte Designeruhr mit r\u00f6mischen Zahlzeichen<\/title>\n<meta name=\"description\" content=\"Eine \u00e4u\u00dferst eindrucksvolle, nach Ma\u00df handgefertigte Designeruhr mit r\u00f6mischen Zahlzeichen, Kupfer und handbemaltem Hintergrund. Ein reizvolles Herzst\u00fcck f\u00fcr Ihre Lounge oder Ihr Wohnzimmer.\" \/>\n<meta name=\"robots\" content=\"index, follow, max-snippet:-1, max-image-preview:large, max-video-preview:-1\" \/>\n<link rel=\"canonical\" href=\"https:\/\/peakart.co.uk\/de\/produkt\/masgefertigte-designeruhr\/\" \/>\n<meta property=\"og:locale\" content=\"de_DE\" \/>\n<meta property=\"og:type\" content=\"article\" \/>\n<meta property=\"og:title\" content=\"Einzigartige Designeruhr f\u00fcr Wohnzimmer\" \/>\n<meta property=\"og:description\" content=\"Eine \u00e4u\u00dferst eindrucksvolle, nach Ma\u00df handgefertigte Designeruhr mit r\u00f6mischen Zahlzeichen, Kupfer und handbemaltem Hintergrund. Ein reizvolles Herzst\u00fcck f\u00fcr Ihre Lounge oder Ihr Wohnzimmer.\" \/>\n<meta property=\"og:url\" content=\"https:\/\/peakart.co.uk\/de\/produkt\/masgefertigte-designeruhr\/\" \/>\n<meta property=\"og:site_name\" content=\"Peak Art\" \/>\n<meta property=\"article:publisher\" content=\"https:\/\/www.facebook.com\/PeakArtClocks\/\" \/>\n<meta property=\"article:modified_time\" content=\"2024-12-09T23:00:05+00:00\" \/>\n<meta property=\"og:image\" content=\"https:\/\/peakart.co.uk\/wp-content\/uploads\/2018\/07\/oversized-kitchen-wall-clocks-e1714763462612.jpg\" \/>\n\t<meta property=\"og:image:width\" content=\"1200\" \/>\n\t<meta property=\"og:image:height\" content=\"675\" \/>\n\t<meta property=\"og:image:type\" content=\"image\/jpeg\" \/>\n<meta name=\"twitter:card\" content=\"summary_large_image\" \/>\n<meta name=\"twitter:label1\" content=\"Verf\u00fcgbarkeit\" \/>\n\t<meta name=\"twitter:data1\" content=\"Auf Lager\" \/>\n<script type=\"application\/ld+json\" class=\"yoast-schema-graph\">{\"@context\":\"https:\/\/schema.org\",\"@graph\":[{\"@type\":\"WebPage\",\"@id\":\"https:\/\/peakart.co.uk\/de\/produkt\/masgefertigte-designeruhr\/\",\"url\":\"https:\/\/peakart.co.uk\/de\/produkt\/masgefertigte-designeruhr\/\",\"name\":\"Gro\u00dfe und dekorative ma\u00dfgefertigte Designeruhr mit r\u00f6mischen Zahlzeichen\",\"isPartOf\":{\"@id\":\"https:\/\/peakart.co.uk\/de\/#website\"},\"primaryImageOfPage\":{\"@id\":\"https:\/\/peakart.co.uk\/de\/produkt\/masgefertigte-designeruhr\/#primaryimage\"},\"image\":{\"@id\":\"https:\/\/peakart.co.uk\/de\/produkt\/masgefertigte-designeruhr\/#primaryimage\"},\"thumbnailUrl\":\"https:\/\/peakart.co.uk\/wp-content\/uploads\/2018\/07\/oversized-kitchen-wall-clocks-e1714763462612.jpg\",\"datePublished\":\"2018-07-19T09:02:39+00:00\",\"dateModified\":\"2024-12-09T23:00:05+00:00\",\"description\":\"Eine \u00e4u\u00dferst eindrucksvolle, nach Ma\u00df handgefertigte Designeruhr mit r\u00f6mischen Zahlzeichen, Kupfer und handbemaltem Hintergrund. Ein reizvolles Herzst\u00fcck f\u00fcr Ihre Lounge oder Ihr Wohnzimmer.\",\"breadcrumb\":{\"@id\":\"https:\/\/peakart.co.uk\/de\/produkt\/masgefertigte-designeruhr\/#breadcrumb\"},\"inLanguage\":\"de\",\"potentialAction\":[{\"@type\":\"ReadAction\",\"target\":[\"https:\/\/peakart.co.uk\/de\/produkt\/masgefertigte-designeruhr\/\"]}]},{\"@type\":\"ImageObject\",\"inLanguage\":\"de\",\"@id\":\"https:\/\/peakart.co.uk\/de\/produkt\/masgefertigte-designeruhr\/#primaryimage\",\"url\":\"https:\/\/peakart.co.uk\/wp-content\/uploads\/2018\/07\/oversized-kitchen-wall-clocks-e1714763462612.jpg\",\"contentUrl\":\"https:\/\/peakart.co.uk\/wp-content\/uploads\/2018\/07\/oversized-kitchen-wall-clocks-e1714763462612.jpg\",\"width\":804,\"height\":676},{\"@type\":\"BreadcrumbList\",\"@id\":\"https:\/\/peakart.co.uk\/de\/produkt\/masgefertigte-designeruhr\/#breadcrumb\",\"itemListElement\":[{\"@type\":\"ListItem\",\"position\":1,\"name\":\"Home\",\"item\":\"https:\/\/peakart.co.uk\/de\/\"},{\"@type\":\"ListItem\",\"position\":2,\"name\":\"Shop\",\"item\":\"https:\/\/peakart.co.uk\/de\/shop\/\"},{\"@type\":\"ListItem\",\"position\":3,\"name\":\"Einzigartige Designeruhr f\u00fcr Wohnzimmer\"}]},{\"@type\":\"WebSite\",\"@id\":\"https:\/\/peakart.co.uk\/de\/#website\",\"url\":\"https:\/\/peakart.co.uk\/de\/\",\"name\":\"Peak Art\",\"description\":\"\",\"publisher\":{\"@id\":\"https:\/\/peakart.co.uk\/de\/#organization\"},\"potentialAction\":[{\"@type\":\"SearchAction\",\"target\":{\"@type\":\"EntryPoint\",\"urlTemplate\":\"https:\/\/peakart.co.uk\/de\/?s={search_term_string}\"},\"query-input\":{\"@type\":\"PropertyValueSpecification\",\"valueRequired\":true,\"valueName\":\"search_term_string\"}}],\"inLanguage\":\"de\"},{\"@type\":\"Organization\",\"@id\":\"https:\/\/peakart.co.uk\/de\/#organization\",\"name\":\"Peak Art\",\"url\":\"https:\/\/peakart.co.uk\/de\/\",\"logo\":{\"@type\":\"ImageObject\",\"inLanguage\":\"de\",\"@id\":\"https:\/\/peakart.co.uk\/de\/#\/schema\/logo\/image\/\",\"url\":\"https:\/\/peakart.co.uk\/wp-content\/uploads\/2023\/07\/logo-8.jpg\",\"contentUrl\":\"https:\/\/peakart.co.uk\/wp-content\/uploads\/2023\/07\/logo-8.jpg\",\"width\":666,\"height\":259,\"caption\":\"Peak Art\"},\"image\":{\"@id\":\"https:\/\/peakart.co.uk\/de\/#\/schema\/logo\/image\/\"},\"sameAs\":[\"https:\/\/www.facebook.com\/PeakArtClocks\/\"],\"hasMerchantReturnPolicy\":{\"@type\":\"MerchantReturnPolicy\",\"merchantReturnLink\":\"https:\/\/peakart.co.uk\/refund_returns\/\"}}]}<\/script>\n<meta property=\"og:availability\" content=\"instock\" \/>\n<meta property=\"product:availability\" content=\"instock\" \/>\n<meta property=\"product:retailer_item_id\" content=\"PEAKART-96654\" \/>\n<meta property=\"product:condition\" content=\"new\" \/>\n<!-- \/ Yoast SEO Premium plugin. -->","yoast_head_json":{"title":"Gro\u00dfe und dekorative ma\u00dfgefertigte Designeruhr mit r\u00f6mischen Zahlzeichen","description":"Eine \u00e4u\u00dferst eindrucksvolle, nach Ma\u00df handgefertigte Designeruhr mit r\u00f6mischen Zahlzeichen, Kupfer und handbemaltem Hintergrund. Ein reizvolles Herzst\u00fcck f\u00fcr Ihre Lounge oder Ihr Wohnzimmer.","robots":{"index":"index","follow":"follow","max-snippet":"max-snippet:-1","max-image-preview":"max-image-preview:large","max-video-preview":"max-video-preview:-1"},"canonical":"https:\/\/peakart.co.uk\/de\/produkt\/masgefertigte-designeruhr\/","og_locale":"de_DE","og_type":"article","og_title":"Einzigartige Designeruhr f\u00fcr Wohnzimmer","og_description":"Eine \u00e4u\u00dferst eindrucksvolle, nach Ma\u00df handgefertigte Designeruhr mit r\u00f6mischen Zahlzeichen, Kupfer und handbemaltem Hintergrund. Ein reizvolles Herzst\u00fcck f\u00fcr Ihre Lounge oder Ihr Wohnzimmer.","og_url":"https:\/\/peakart.co.uk\/de\/produkt\/masgefertigte-designeruhr\/","og_site_name":"Peak Art","article_publisher":"https:\/\/www.facebook.com\/PeakArtClocks\/","article_modified_time":"2024-12-09T23:00:05+00:00","og_image":[{"width":1200,"height":675,"url":"https:\/\/peakart.co.uk\/wp-content\/uploads\/2018\/07\/oversized-kitchen-wall-clocks-e1714763462612.jpg","type":"image\/jpeg"}],"twitter_card":"summary_large_image","twitter_misc":{"Verf\u00fcgbarkeit":"Auf Lager"},"schema":{"@context":"https:\/\/schema.org","@graph":[{"@type":"WebPage","@id":"https:\/\/peakart.co.uk\/de\/produkt\/masgefertigte-designeruhr\/","url":"https:\/\/peakart.co.uk\/de\/produkt\/masgefertigte-designeruhr\/","name":"Gro\u00dfe und dekorative ma\u00dfgefertigte Designeruhr mit r\u00f6mischen Zahlzeichen","isPartOf":{"@id":"https:\/\/peakart.co.uk\/de\/#website"},"primaryImageOfPage":{"@id":"https:\/\/peakart.co.uk\/de\/produkt\/masgefertigte-designeruhr\/#primaryimage"},"image":{"@id":"https:\/\/peakart.co.uk\/de\/produkt\/masgefertigte-designeruhr\/#primaryimage"},"thumbnailUrl":"https:\/\/peakart.co.uk\/wp-content\/uploads\/2018\/07\/oversized-kitchen-wall-clocks-e1714763462612.jpg","datePublished":"2018-07-19T09:02:39+00:00","dateModified":"2024-12-09T23:00:05+00:00","description":"Eine \u00e4u\u00dferst eindrucksvolle, nach Ma\u00df handgefertigte Designeruhr mit r\u00f6mischen Zahlzeichen, Kupfer und handbemaltem Hintergrund. Ein reizvolles Herzst\u00fcck f\u00fcr Ihre Lounge oder Ihr Wohnzimmer.","breadcrumb":{"@id":"https:\/\/peakart.co.uk\/de\/produkt\/masgefertigte-designeruhr\/#breadcrumb"},"inLanguage":"de","potentialAction":[{"@type":"ReadAction","target":["https:\/\/peakart.co.uk\/de\/produkt\/masgefertigte-designeruhr\/"]}]},{"@type":"ImageObject","inLanguage":"de","@id":"https:\/\/peakart.co.uk\/de\/produkt\/masgefertigte-designeruhr\/#primaryimage","url":"https:\/\/peakart.co.uk\/wp-content\/uploads\/2018\/07\/oversized-kitchen-wall-clocks-e1714763462612.jpg","contentUrl":"https:\/\/peakart.co.uk\/wp-content\/uploads\/2018\/07\/oversized-kitchen-wall-clocks-e1714763462612.jpg","width":804,"height":676},{"@type":"BreadcrumbList","@id":"https:\/\/peakart.co.uk\/de\/produkt\/masgefertigte-designeruhr\/#breadcrumb","itemListElement":[{"@type":"ListItem","position":1,"name":"Home","item":"https:\/\/peakart.co.uk\/de\/"},{"@type":"ListItem","position":2,"name":"Shop","item":"https:\/\/peakart.co.uk\/de\/shop\/"},{"@type":"ListItem","position":3,"name":"Einzigartige Designeruhr f\u00fcr Wohnzimmer"}]},{"@type":"WebSite","@id":"https:\/\/peakart.co.uk\/de\/#website","url":"https:\/\/peakart.co.uk\/de\/","name":"Peak Art","description":"","publisher":{"@id":"https:\/\/peakart.co.uk\/de\/#organization"},"potentialAction":[{"@type":"SearchAction","target":{"@type":"EntryPoint","urlTemplate":"https:\/\/peakart.co.uk\/de\/?s={search_term_string}"},"query-input":{"@type":"PropertyValueSpecification","valueRequired":true,"valueName":"search_term_string"}}],"inLanguage":"de"},{"@type":"Organization","@id":"https:\/\/peakart.co.uk\/de\/#organization","name":"Peak Art","url":"https:\/\/peakart.co.uk\/de\/","logo":{"@type":"ImageObject","inLanguage":"de","@id":"https:\/\/peakart.co.uk\/de\/#\/schema\/logo\/image\/","url":"https:\/\/peakart.co.uk\/wp-content\/uploads\/2023\/07\/logo-8.jpg","contentUrl":"https:\/\/peakart.co.uk\/wp-content\/uploads\/2023\/07\/logo-8.jpg","width":666,"height":259,"caption":"Peak Art"},"image":{"@id":"https:\/\/peakart.co.uk\/de\/#\/schema\/logo\/image\/"},"sameAs":["https:\/\/www.facebook.com\/PeakArtClocks\/"],"hasMerchantReturnPolicy":{"@type":"MerchantReturnPolicy","merchantReturnLink":"https:\/\/peakart.co.uk\/refund_returns\/"}}]},"og_availability":"instock","product_availability":"instock","product_retailer_item_id":"PEAKART-96654","product_condition":"new"},"_links":{"self":[{"href":"https:\/\/peakart.co.uk\/de\/wp-json\/wp\/v2\/product\/8622","targetHints":{"allow":["GET"]}}],"collection":[{"href":"https:\/\/peakart.co.uk\/de\/wp-json\/wp\/v2\/product"}],"about":[{"href":"https:\/\/peakart.co.uk\/de\/wp-json\/wp\/v2\/types\/product"}],"replies":[{"embeddable":true,"href":"https:\/\/peakart.co.uk\/de\/wp-json\/wp\/v2\/comments?post=8622"}],"wp:featuredmedia":[{"embeddable":true,"href":"https:\/\/peakart.co.uk\/de\/wp-json\/wp\/v2\/media\/32293"}],"wp:attachment":[{"href":"https:\/\/peakart.co.uk\/de\/wp-json\/wp\/v2\/media?parent=8622"}],"wp:term":[{"taxonomy":"product_brand","embeddable":true,"href":"https:\/\/peakart.co.uk\/de\/wp-json\/wp\/v2\/product_brand?post=8622"},{"taxonomy":"product_cat","embeddable":true,"href":"https:\/\/peakart.co.uk\/de\/wp-json\/wp\/v2\/product_cat?post=8622"},{"taxonomy":"product_tag","embeddable":true,"href":"https:\/\/peakart.co.uk\/de\/wp-json\/wp\/v2\/product_tag?post=8622"}],"curies":[{"name":"wp","href":"https:\/\/api.w.org\/{rel}","templated":true}]}}