{"id":8490,"date":"2018-06-15T19:48:46","date_gmt":"2018-06-15T18:48:48","guid":{"rendered":"http:\/\/peakart.co.uk\/?post_type=product&#038;p=8490"},"modified":"2023-03-18T21:13:49","modified_gmt":"2023-03-18T21:13:49","slug":"grose-moderne-wanduhr","status":"publish","type":"product","link":"https:\/\/peakart.co.uk\/de\/produkt\/grose-moderne-wanduhr\/","title":{"rendered":"Moderne Wanduhr mit r\u00f6mischen Zahlzeichen"},"content":{"rendered":"<h2>Eine einzigartige Wanduhr, aus Holz gefertigt und h\u00fcbsch handbemalt<\/h2>\n<p>Diese wundersch\u00f6ne, moderne Wanduhr steht f\u00fcr unser neues Skelett-Design mit r\u00f6mischen Ziffern. Unser Kunde hatte einige besondere Anforderungen an dieses Projekt, damit es zur Gestaltung seiner Lounge passte. Wir haben die urspr\u00fcngliche Gestaltung der <a href=\"https:\/\/peakart.co.uk\/de\/produkt\/grosse-moderne-uhr\/\">gro\u00dfen, modernen Uhr<\/a> modifiziert, um die Farben lebhafter zu machen und zu verhindern, dass die Holzmaserung zum Vorschein kommt. Die urspr\u00fcngliche Gr\u00f6\u00dfe dieser Uhr ist ein Durchmesser von 120 cm, wir k\u00f6nnen sie aber auch in 100 cm oder sogar in 75 cm herstellen, falls Ihr Platz an der Wand nicht ausreichen sollte.<\/p>\n<p>Die Uhr besitzt ein modernes Skelett-Design, das einen leichten und dreidimensionalen Eindruck macht. Der durchbrochene Hintergrund erleichtert ihre Anpassung an viele unterschiedliche Inneneinrichtungen. Sie k\u00f6nnen zwischen den Ziffern die Wand erkennen, doch zugleich ist der Bindfaden, an dem die Uhr fr\u00fcher aufgeh\u00e4ngt war, dem Blick verborgen. Unseren Skelett-Entwurf finden Sie weltweit kein zweites Mal und garantiert nicht im Schaufenster von Gesch\u00e4ften.<\/p>\n<h2>Altmodische Gem\u00e4lde und Wandspiegel oder gro\u00dfe, moderne Wanduhren<\/h2>\n<p>Wir haben Peak Art Clocks gegr\u00fcndet, um zu zeigen, dass eine gro\u00dfe Wanduhr ein sehr sch\u00f6nes Dekorationselement darstellen kann. Es ist allgemein \u00fcblich, freie Wandfl\u00e4chen mit Gem\u00e4lden oder Spiegeln zu f\u00fcllen, aber wenn Sie etwas Zeitgem\u00e4\u00dferes w\u00fcnschen, lohnt es sich, \u00fcber die Anschaffung einer unserer staunenswerten Uhren nachzudenken.<\/p>\n<p>Dank der handgefertigten Art jedes St\u00fccks erhalten Sie stets ein einmaliges und individuelles Exemplar mit Charakter. Treten Sie bitte den Tausenden unserer Follower bei, die <a href=\"https:\/\/www.facebook.com\/PeakArtClocks\/\">Peak Art<\/a> folgen, und werden Teil unserer Community. Folgen Sie nicht den ausgetretenen Pfaden und fordern das hergebrachte Denken in puncto Heimdekoration heraus.<\/p>\n","protected":false},"excerpt":{"rendered":"<p>Diese sehr sch\u00f6ne, moderne Wanduhr eignet sich ideal zur Dekoration Ihrer K\u00fcche, Ihrer Hotellobby oder Ihres Restaurants. Die Auswahl der Farben l\u00e4sst sie gut zu modernen Einrichtungen passen, in denen Sie eine wahrhaft einmalige Wanddekoration brauchen. Sie ist in drei verschiedenen Gr\u00f6\u00dfen lieferbar, die Sie \u00fcber das Dropdown-Men\u00fc weiter unten w\u00e4hlen k\u00f6nnen.<\/p>\n<p><strong>Entworfen und handgefertigt<\/strong>: Anna Siodelska, Vereinigtes K\u00f6nigreich<\/p>\n<p><strong>Farbe des Zifferblattes<\/strong>: Kleeblatt<\/p>\n<p><strong>Farbe des Hintergrundes<\/strong>: durchsichtig \/ Farbe der Wand<\/p>\n","protected":false},"featured_media":32180,"comment_status":"closed","ping_status":"closed","template":"","meta":[],"product_brand":[],"product_cat":[80],"product_tag":[83,90,87,2139,82,95],"class_list":{"0":"post-8490","1":"product","2":"type-product","3":"status-publish","4":"has-post-thumbnail","6":"product_cat-grosse-wanduhren-handgefertigt","7":"product_tag-grosse-dekorative-wanduhren","8":"product_tag-grosse-skelett-wanduhren-mit-roemischen-zahlzeichen","9":"product_tag-wanduhren-mit-roemischen-zahlzeichen","10":"product_tag-grose-wanduhren","11":"product_tag-grosse-kuenstlerische-wanduhren","12":"product_tag-skelett-wanduhren","14":"first","15":"instock","16":"sale","17":"taxable","18":"shipping-taxable","19":"purchasable","20":"product-type-variable"},"yoast_head":"<!-- This site is optimized with the Yoast SEO Premium plugin v27.2 (Yoast SEO v27.2) - https:\/\/yoast.com\/product\/yoast-seo-premium-wordpress\/ -->\n<title>Extra gro\u00dfe, moderne Wanduhr mit h\u00fcbschen r\u00f6mischen Zahlzeichen<\/title>\n<meta name=\"description\" content=\"Diese sehr beeindruckende moderne Wanduhr ist von uns aus Fichtenholz gefertigt und von Hand in ganz einmaliger Weise kunstvoll bemalt. Schauen Sie in unserem Online-Shop vorbei, um andere zeitgen\u00f6ssische Wanduhren aus unserer Kollektion anzusehen.\" \/>\n<meta name=\"robots\" content=\"index, follow, max-snippet:-1, max-image-preview:large, max-video-preview:-1\" \/>\n<link rel=\"canonical\" href=\"https:\/\/peakart.co.uk\/de\/produkt\/grose-moderne-wanduhr\/\" \/>\n<meta property=\"og:locale\" content=\"de_DE\" \/>\n<meta property=\"og:type\" content=\"article\" \/>\n<meta property=\"og:title\" content=\"Moderne Wanduhr mit r\u00f6mischen Zahlzeichen\" \/>\n<meta property=\"og:description\" content=\"Diese sehr beeindruckende moderne Wanduhr ist von uns aus Fichtenholz gefertigt und von Hand in ganz einmaliger Weise kunstvoll bemalt. Schauen Sie in unserem Online-Shop vorbei, um andere zeitgen\u00f6ssische Wanduhren aus unserer Kollektion anzusehen.\" \/>\n<meta property=\"og:url\" content=\"https:\/\/peakart.co.uk\/de\/produkt\/grose-moderne-wanduhr\/\" \/>\n<meta property=\"og:site_name\" content=\"Peak Art\" \/>\n<meta property=\"article:publisher\" content=\"https:\/\/www.facebook.com\/PeakArtClocks\/\" \/>\n<meta property=\"article:modified_time\" content=\"2023-03-18T21:13:49+00:00\" \/>\n<meta property=\"og:image\" content=\"https:\/\/peakart.co.uk\/wp-content\/uploads\/2018\/06\/Extra-Large-Modern-Wall-Clock-Lounge-Decor-Left-1-1.jpg\" \/>\n\t<meta property=\"og:image:width\" content=\"2000\" \/>\n\t<meta property=\"og:image:height\" content=\"2000\" \/>\n\t<meta property=\"og:image:type\" content=\"image\/jpeg\" \/>\n<meta name=\"twitter:card\" content=\"summary_large_image\" \/>\n<meta name=\"twitter:label1\" content=\"Verf\u00fcgbarkeit\" \/>\n\t<meta name=\"twitter:data1\" content=\"Auf Lager\" \/>\n<script type=\"application\/ld+json\" class=\"yoast-schema-graph\">{\"@context\":\"https:\/\/schema.org\",\"@graph\":[{\"@type\":\"WebPage\",\"@id\":\"https:\/\/peakart.co.uk\/de\/produkt\/grose-moderne-wanduhr\/\",\"url\":\"https:\/\/peakart.co.uk\/de\/produkt\/grose-moderne-wanduhr\/\",\"name\":\"Extra gro\u00dfe, moderne Wanduhr mit h\u00fcbschen r\u00f6mischen Zahlzeichen\",\"isPartOf\":{\"@id\":\"https:\/\/peakart.co.uk\/de\/#website\"},\"primaryImageOfPage\":{\"@id\":\"https:\/\/peakart.co.uk\/de\/produkt\/grose-moderne-wanduhr\/#primaryimage\"},\"image\":{\"@id\":\"https:\/\/peakart.co.uk\/de\/produkt\/grose-moderne-wanduhr\/#primaryimage\"},\"thumbnailUrl\":\"https:\/\/peakart.co.uk\/wp-content\/uploads\/2018\/06\/Extra-Large-Modern-Wall-Clock-Lounge-Decor-Left-1-1.jpg\",\"datePublished\":\"2018-06-15T18:48:48+00:00\",\"dateModified\":\"2023-03-18T21:13:49+00:00\",\"description\":\"Diese sehr beeindruckende moderne Wanduhr ist von uns aus Fichtenholz gefertigt und von Hand in ganz einmaliger Weise kunstvoll bemalt. Schauen Sie in unserem Online-Shop vorbei, um andere zeitgen\u00f6ssische Wanduhren aus unserer Kollektion anzusehen.\",\"breadcrumb\":{\"@id\":\"https:\/\/peakart.co.uk\/de\/produkt\/grose-moderne-wanduhr\/#breadcrumb\"},\"inLanguage\":\"de\",\"potentialAction\":[{\"@type\":\"ReadAction\",\"target\":[\"https:\/\/peakart.co.uk\/de\/produkt\/grose-moderne-wanduhr\/\"]}]},{\"@type\":\"ImageObject\",\"inLanguage\":\"de\",\"@id\":\"https:\/\/peakart.co.uk\/de\/produkt\/grose-moderne-wanduhr\/#primaryimage\",\"url\":\"https:\/\/peakart.co.uk\/wp-content\/uploads\/2018\/06\/Extra-Large-Modern-Wall-Clock-Lounge-Decor-Left-1-1.jpg\",\"contentUrl\":\"https:\/\/peakart.co.uk\/wp-content\/uploads\/2018\/06\/Extra-Large-Modern-Wall-Clock-Lounge-Decor-Left-1-1.jpg\",\"width\":2000,\"height\":2000},{\"@type\":\"BreadcrumbList\",\"@id\":\"https:\/\/peakart.co.uk\/de\/produkt\/grose-moderne-wanduhr\/#breadcrumb\",\"itemListElement\":[{\"@type\":\"ListItem\",\"position\":1,\"name\":\"Home\",\"item\":\"https:\/\/peakart.co.uk\/de\/\"},{\"@type\":\"ListItem\",\"position\":2,\"name\":\"Shop\",\"item\":\"https:\/\/peakart.co.uk\/de\/shop\/\"},{\"@type\":\"ListItem\",\"position\":3,\"name\":\"Moderne Wanduhr mit r\u00f6mischen Zahlzeichen\"}]},{\"@type\":\"WebSite\",\"@id\":\"https:\/\/peakart.co.uk\/de\/#website\",\"url\":\"https:\/\/peakart.co.uk\/de\/\",\"name\":\"Peak Art\",\"description\":\"\",\"publisher\":{\"@id\":\"https:\/\/peakart.co.uk\/de\/#organization\"},\"potentialAction\":[{\"@type\":\"SearchAction\",\"target\":{\"@type\":\"EntryPoint\",\"urlTemplate\":\"https:\/\/peakart.co.uk\/de\/?s={search_term_string}\"},\"query-input\":{\"@type\":\"PropertyValueSpecification\",\"valueRequired\":true,\"valueName\":\"search_term_string\"}}],\"inLanguage\":\"de\"},{\"@type\":\"Organization\",\"@id\":\"https:\/\/peakart.co.uk\/de\/#organization\",\"name\":\"Peak Art\",\"url\":\"https:\/\/peakart.co.uk\/de\/\",\"logo\":{\"@type\":\"ImageObject\",\"inLanguage\":\"de\",\"@id\":\"https:\/\/peakart.co.uk\/de\/#\/schema\/logo\/image\/\",\"url\":\"https:\/\/peakart.co.uk\/wp-content\/uploads\/2023\/07\/logo-8.jpg\",\"contentUrl\":\"https:\/\/peakart.co.uk\/wp-content\/uploads\/2023\/07\/logo-8.jpg\",\"width\":666,\"height\":259,\"caption\":\"Peak Art\"},\"image\":{\"@id\":\"https:\/\/peakart.co.uk\/de\/#\/schema\/logo\/image\/\"},\"sameAs\":[\"https:\/\/www.facebook.com\/PeakArtClocks\/\"],\"hasMerchantReturnPolicy\":{\"@type\":\"MerchantReturnPolicy\",\"merchantReturnLink\":\"https:\/\/peakart.co.uk\/refund_returns\/\"}}]}<\/script>\n<meta property=\"og:availability\" content=\"instock\" \/>\n<meta property=\"product:availability\" content=\"instock\" \/>\n<meta property=\"product:retailer_item_id\" content=\"PEAKART-47824\" \/>\n<meta property=\"product:condition\" content=\"new\" \/>\n<!-- \/ Yoast SEO Premium plugin. -->","yoast_head_json":{"title":"Extra gro\u00dfe, moderne Wanduhr mit h\u00fcbschen r\u00f6mischen Zahlzeichen","description":"Diese sehr beeindruckende moderne Wanduhr ist von uns aus Fichtenholz gefertigt und von Hand in ganz einmaliger Weise kunstvoll bemalt. Schauen Sie in unserem Online-Shop vorbei, um andere zeitgen\u00f6ssische Wanduhren aus unserer Kollektion anzusehen.","robots":{"index":"index","follow":"follow","max-snippet":"max-snippet:-1","max-image-preview":"max-image-preview:large","max-video-preview":"max-video-preview:-1"},"canonical":"https:\/\/peakart.co.uk\/de\/produkt\/grose-moderne-wanduhr\/","og_locale":"de_DE","og_type":"article","og_title":"Moderne Wanduhr mit r\u00f6mischen Zahlzeichen","og_description":"Diese sehr beeindruckende moderne Wanduhr ist von uns aus Fichtenholz gefertigt und von Hand in ganz einmaliger Weise kunstvoll bemalt. Schauen Sie in unserem Online-Shop vorbei, um andere zeitgen\u00f6ssische Wanduhren aus unserer Kollektion anzusehen.","og_url":"https:\/\/peakart.co.uk\/de\/produkt\/grose-moderne-wanduhr\/","og_site_name":"Peak Art","article_publisher":"https:\/\/www.facebook.com\/PeakArtClocks\/","article_modified_time":"2023-03-18T21:13:49+00:00","og_image":[{"width":2000,"height":2000,"url":"https:\/\/peakart.co.uk\/wp-content\/uploads\/2018\/06\/Extra-Large-Modern-Wall-Clock-Lounge-Decor-Left-1-1.jpg","type":"image\/jpeg"}],"twitter_card":"summary_large_image","twitter_misc":{"Verf\u00fcgbarkeit":"Auf Lager"},"schema":{"@context":"https:\/\/schema.org","@graph":[{"@type":"WebPage","@id":"https:\/\/peakart.co.uk\/de\/produkt\/grose-moderne-wanduhr\/","url":"https:\/\/peakart.co.uk\/de\/produkt\/grose-moderne-wanduhr\/","name":"Extra gro\u00dfe, moderne Wanduhr mit h\u00fcbschen r\u00f6mischen Zahlzeichen","isPartOf":{"@id":"https:\/\/peakart.co.uk\/de\/#website"},"primaryImageOfPage":{"@id":"https:\/\/peakart.co.uk\/de\/produkt\/grose-moderne-wanduhr\/#primaryimage"},"image":{"@id":"https:\/\/peakart.co.uk\/de\/produkt\/grose-moderne-wanduhr\/#primaryimage"},"thumbnailUrl":"https:\/\/peakart.co.uk\/wp-content\/uploads\/2018\/06\/Extra-Large-Modern-Wall-Clock-Lounge-Decor-Left-1-1.jpg","datePublished":"2018-06-15T18:48:48+00:00","dateModified":"2023-03-18T21:13:49+00:00","description":"Diese sehr beeindruckende moderne Wanduhr ist von uns aus Fichtenholz gefertigt und von Hand in ganz einmaliger Weise kunstvoll bemalt. Schauen Sie in unserem Online-Shop vorbei, um andere zeitgen\u00f6ssische Wanduhren aus unserer Kollektion anzusehen.","breadcrumb":{"@id":"https:\/\/peakart.co.uk\/de\/produkt\/grose-moderne-wanduhr\/#breadcrumb"},"inLanguage":"de","potentialAction":[{"@type":"ReadAction","target":["https:\/\/peakart.co.uk\/de\/produkt\/grose-moderne-wanduhr\/"]}]},{"@type":"ImageObject","inLanguage":"de","@id":"https:\/\/peakart.co.uk\/de\/produkt\/grose-moderne-wanduhr\/#primaryimage","url":"https:\/\/peakart.co.uk\/wp-content\/uploads\/2018\/06\/Extra-Large-Modern-Wall-Clock-Lounge-Decor-Left-1-1.jpg","contentUrl":"https:\/\/peakart.co.uk\/wp-content\/uploads\/2018\/06\/Extra-Large-Modern-Wall-Clock-Lounge-Decor-Left-1-1.jpg","width":2000,"height":2000},{"@type":"BreadcrumbList","@id":"https:\/\/peakart.co.uk\/de\/produkt\/grose-moderne-wanduhr\/#breadcrumb","itemListElement":[{"@type":"ListItem","position":1,"name":"Home","item":"https:\/\/peakart.co.uk\/de\/"},{"@type":"ListItem","position":2,"name":"Shop","item":"https:\/\/peakart.co.uk\/de\/shop\/"},{"@type":"ListItem","position":3,"name":"Moderne Wanduhr mit r\u00f6mischen Zahlzeichen"}]},{"@type":"WebSite","@id":"https:\/\/peakart.co.uk\/de\/#website","url":"https:\/\/peakart.co.uk\/de\/","name":"Peak Art","description":"","publisher":{"@id":"https:\/\/peakart.co.uk\/de\/#organization"},"potentialAction":[{"@type":"SearchAction","target":{"@type":"EntryPoint","urlTemplate":"https:\/\/peakart.co.uk\/de\/?s={search_term_string}"},"query-input":{"@type":"PropertyValueSpecification","valueRequired":true,"valueName":"search_term_string"}}],"inLanguage":"de"},{"@type":"Organization","@id":"https:\/\/peakart.co.uk\/de\/#organization","name":"Peak Art","url":"https:\/\/peakart.co.uk\/de\/","logo":{"@type":"ImageObject","inLanguage":"de","@id":"https:\/\/peakart.co.uk\/de\/#\/schema\/logo\/image\/","url":"https:\/\/peakart.co.uk\/wp-content\/uploads\/2023\/07\/logo-8.jpg","contentUrl":"https:\/\/peakart.co.uk\/wp-content\/uploads\/2023\/07\/logo-8.jpg","width":666,"height":259,"caption":"Peak Art"},"image":{"@id":"https:\/\/peakart.co.uk\/de\/#\/schema\/logo\/image\/"},"sameAs":["https:\/\/www.facebook.com\/PeakArtClocks\/"],"hasMerchantReturnPolicy":{"@type":"MerchantReturnPolicy","merchantReturnLink":"https:\/\/peakart.co.uk\/refund_returns\/"}}]},"og_availability":"instock","product_availability":"instock","product_retailer_item_id":"PEAKART-47824","product_condition":"new"},"_links":{"self":[{"href":"https:\/\/peakart.co.uk\/de\/wp-json\/wp\/v2\/product\/8490","targetHints":{"allow":["GET"]}}],"collection":[{"href":"https:\/\/peakart.co.uk\/de\/wp-json\/wp\/v2\/product"}],"about":[{"href":"https:\/\/peakart.co.uk\/de\/wp-json\/wp\/v2\/types\/product"}],"replies":[{"embeddable":true,"href":"https:\/\/peakart.co.uk\/de\/wp-json\/wp\/v2\/comments?post=8490"}],"wp:featuredmedia":[{"embeddable":true,"href":"https:\/\/peakart.co.uk\/de\/wp-json\/wp\/v2\/media\/32180"}],"wp:attachment":[{"href":"https:\/\/peakart.co.uk\/de\/wp-json\/wp\/v2\/media?parent=8490"}],"wp:term":[{"taxonomy":"product_brand","embeddable":true,"href":"https:\/\/peakart.co.uk\/de\/wp-json\/wp\/v2\/product_brand?post=8490"},{"taxonomy":"product_cat","embeddable":true,"href":"https:\/\/peakart.co.uk\/de\/wp-json\/wp\/v2\/product_cat?post=8490"},{"taxonomy":"product_tag","embeddable":true,"href":"https:\/\/peakart.co.uk\/de\/wp-json\/wp\/v2\/product_tag?post=8490"}],"curies":[{"name":"wp","href":"https:\/\/api.w.org\/{rel}","templated":true}]}}