{"id":8428,"date":"2018-05-16T19:57:49","date_gmt":"2018-05-17T21:21:03","guid":{"rendered":"http:\/\/peakart.co.uk\/product\/eine-erstaunliche-kunstler-wanduhr-in-gold-und-silber\/"},"modified":"2023-03-23T15:42:37","modified_gmt":"2023-03-23T15:42:37","slug":"wanduhr-von-kunstlerhand","status":"publish","type":"product","link":"https:\/\/peakart.co.uk\/de\/produkt\/wanduhr-von-kunstlerhand\/","title":{"rendered":"Eine erstaunliche K\u00fcnstler-Wanduhr in Gold und Silber"},"content":{"rendered":"<h2>Eine gro\u00dfe Wanduhr von K\u00fcnstlerhand kann das perfekte Dekorationselement in Ihrem Wohnzimmer bilden<\/h2>\n<p>Einer unserer Kundinnen war sehr an unserer <a href=\"https:\/\/peakart.co.uk\/de\/produkt\/tudor-uhr-mit-romischen-ziffern\/\">Tudor-Wanduhr mit r\u00f6mischen Ziffern<\/a> interessiert, da sie dachte, diese w\u00fcrde gut in ihr Wohnzimmer passen. Wir m\u00f6chten stets sicher sein, dass wir Sie bei der Produktwahl bestens beraten. Wanduhren von K\u00fcnstlerhand k\u00f6nnen anders als Fabrikware jederzeit so angepasst werden, dass sie allen Bed\u00fcrfnissen entsprechen. Sobald wir ein paar Fotografien von ihrer Inneneinrichtung bekommen hatten, dachten wir, es sei besser, den Originalentwurf etwas abzu\u00e4ndern. Wir haben zum vorhandenen Silber mehr Goldt\u00f6ne erg\u00e4nzt und die Vorderansicht etwas heller gemacht und hoffen, so den erw\u00fcnschten &#8220;Wow&#8221;-Effekt zu erzielen.<\/p>\n<p>Dieses h\u00fcbsche Design k\u00f6nnen wir in drei unterschiedlichen Gr\u00f6\u00dfen anbieten, um den meisten Anforderungen an eine Wanduhr von K\u00fcnstlerhand zu entsprechen 75 cm, 100 cm oder 120 cm. Wenn Sie die Farbt\u00f6ne etwas abge\u00e4ndert haben m\u00f6chten, kontaktieren Sie uns bitte und schicken ein paar Fotos. Unsere Sammlung von gro\u00dfen K\u00fcnstler-Wanduhren w\u00e4chst best\u00e4ndig dank Ihrer Ideen und Anregungen. Wir fertigen jede Uhr auf Bestellung, daher sind niemals zwei Exemplare v\u00f6llig gleich. Das unterscheidet Peak-Art-Uhren von all den anderen Unternehmen, die Fabrikware verkaufen.<\/p>\n<p>Die Uhr ben\u00f6tigt eine einzelne Babyzelle, um das leise arbeitende Quarzuhrwerk anzutreiben. Eine Batterie sollte 9 bis 12 Monate lang halten, so dass Sie sich darum lange Zeit nicht zu sorgen brauchen. Wir legen standardm\u00e4\u00dfig zwei Batterien zusammen mit einer Anleitung bei, wie man die korrekte Zeit einstellt. Wenn Sie Ihre Meinung mit tausenden unserer Follower teilen m\u00f6chten, so besuchen Sie bitte <a href=\"https:\/\/www.facebook.com\/PeakArtClocks\/\">unsere Facebookseite<\/a>. Sie k\u00f6nnen uns online oder telefonisch kontaktieren, je nachdem, was Ihnen mehr zusagt. Z\u00f6gern Sie nicht und wenden sich noch heute an uns, damit wir Ihnen eine Wanduhr von K\u00fcnstlerhand f\u00fcr Ihr Zuhause liefern k\u00f6nnen.<\/p>\n","protected":false},"excerpt":{"rendered":"<p>Eine h\u00fcbsche K\u00fcnstler-Wanduhr, die Ihre Heimdekoration erg\u00e4nzt. Sie ist aus Fichtenholz hergestellt und von Hand bemalt. Wir bieten drei unterschiedliche Gr\u00f6\u00dfen an, die Sie \u00fcber die Dropdown-Liste unten ausw\u00e4hlen k\u00f6nnen.<\/p>\n<p><strong>Entworfen und handgefertigt<\/strong> &#8211; Anna Siodelska, Vereinigtes K\u00f6nigreich<\/p>\n<p><strong>Farbe des Zifferblattes<\/strong>: Tudor mit Schattierungen<\/p>\n<p><strong>Farbe des Hintergrundes<\/strong>: Gold und Silber<\/p>\n","protected":false},"featured_media":32339,"comment_status":"closed","ping_status":"closed","template":"","meta":[],"product_brand":[],"product_cat":[80],"product_tag":[83,87,82],"class_list":{"0":"post-8428","1":"product","2":"type-product","3":"status-publish","4":"has-post-thumbnail","6":"product_cat-grosse-wanduhren-handgefertigt","7":"product_tag-grosse-dekorative-wanduhren","8":"product_tag-wanduhren-mit-roemischen-zahlzeichen","9":"product_tag-grosse-kuenstlerische-wanduhren","11":"first","12":"instock","13":"sale","14":"taxable","15":"shipping-taxable","16":"purchasable","17":"product-type-variable"},"yoast_head":"<!-- This site is optimized with the Yoast SEO Premium plugin v27.2 (Yoast SEO v27.2) - https:\/\/yoast.com\/product\/yoast-seo-premium-wordpress\/ -->\n<title>Eine sehr gro\u00dfe Wanduhr von K\u00fcnstlerhand mit Hintergrund in Gold und Silber<\/title>\n<meta name=\"description\" content=\"Eine der beeindruckendsten K\u00fcnstler-Wanduhren mit r\u00f6mischen Ziffern. Sie besitzt einen handbemalten Hintergrund in Gold und Silber. Das ideale Dekorationsst\u00fcck f\u00fcr Ihre Lounge oder Ihr Wohnzimmer.\" \/>\n<meta name=\"robots\" content=\"index, follow, max-snippet:-1, max-image-preview:large, max-video-preview:-1\" \/>\n<link rel=\"canonical\" href=\"https:\/\/peakart.co.uk\/de\/produkt\/wanduhr-von-kunstlerhand\/\" \/>\n<meta property=\"og:locale\" content=\"de_DE\" \/>\n<meta property=\"og:type\" content=\"article\" \/>\n<meta property=\"og:title\" content=\"Eine erstaunliche K\u00fcnstler-Wanduhr in Gold und Silber\" \/>\n<meta property=\"og:description\" content=\"Eine der beeindruckendsten K\u00fcnstler-Wanduhren mit r\u00f6mischen Ziffern. Sie besitzt einen handbemalten Hintergrund in Gold und Silber. Das ideale Dekorationsst\u00fcck f\u00fcr Ihre Lounge oder Ihr Wohnzimmer.\" \/>\n<meta property=\"og:url\" content=\"https:\/\/peakart.co.uk\/de\/produkt\/wanduhr-von-kunstlerhand\/\" \/>\n<meta property=\"og:site_name\" content=\"Peak Art\" \/>\n<meta property=\"article:publisher\" content=\"https:\/\/www.facebook.com\/PeakArtClocks\/\" \/>\n<meta property=\"article:modified_time\" content=\"2023-03-23T15:42:37+00:00\" \/>\n<meta property=\"og:image\" content=\"https:\/\/peakart.co.uk\/wp-content\/uploads\/2018\/05\/Artistic-Wall-Clock-Interiors-scaled.jpg\" \/>\n\t<meta property=\"og:image:width\" content=\"2560\" \/>\n\t<meta property=\"og:image:height\" content=\"1912\" \/>\n\t<meta property=\"og:image:type\" content=\"image\/jpeg\" \/>\n<meta name=\"twitter:card\" content=\"summary_large_image\" \/>\n<meta name=\"twitter:label1\" content=\"Verf\u00fcgbarkeit\" \/>\n\t<meta name=\"twitter:data1\" content=\"Auf Lager\" \/>\n<script type=\"application\/ld+json\" class=\"yoast-schema-graph\">{\"@context\":\"https:\/\/schema.org\",\"@graph\":[{\"@type\":\"WebPage\",\"@id\":\"https:\/\/peakart.co.uk\/de\/produkt\/wanduhr-von-kunstlerhand\/\",\"url\":\"https:\/\/peakart.co.uk\/de\/produkt\/wanduhr-von-kunstlerhand\/\",\"name\":\"Eine sehr gro\u00dfe Wanduhr von K\u00fcnstlerhand mit Hintergrund in Gold und Silber\",\"isPartOf\":{\"@id\":\"https:\/\/peakart.co.uk\/de\/#website\"},\"primaryImageOfPage\":{\"@id\":\"https:\/\/peakart.co.uk\/de\/produkt\/wanduhr-von-kunstlerhand\/#primaryimage\"},\"image\":{\"@id\":\"https:\/\/peakart.co.uk\/de\/produkt\/wanduhr-von-kunstlerhand\/#primaryimage\"},\"thumbnailUrl\":\"https:\/\/peakart.co.uk\/wp-content\/uploads\/2018\/05\/Artistic-Wall-Clock-Interiors-scaled.jpg\",\"datePublished\":\"2018-05-17T21:21:03+00:00\",\"dateModified\":\"2023-03-23T15:42:37+00:00\",\"description\":\"Eine der beeindruckendsten K\u00fcnstler-Wanduhren mit r\u00f6mischen Ziffern. Sie besitzt einen handbemalten Hintergrund in Gold und Silber. Das ideale Dekorationsst\u00fcck f\u00fcr Ihre Lounge oder Ihr Wohnzimmer.\",\"breadcrumb\":{\"@id\":\"https:\/\/peakart.co.uk\/de\/produkt\/wanduhr-von-kunstlerhand\/#breadcrumb\"},\"inLanguage\":\"de\",\"potentialAction\":[{\"@type\":\"ReadAction\",\"target\":[\"https:\/\/peakart.co.uk\/de\/produkt\/wanduhr-von-kunstlerhand\/\"]}]},{\"@type\":\"ImageObject\",\"inLanguage\":\"de\",\"@id\":\"https:\/\/peakart.co.uk\/de\/produkt\/wanduhr-von-kunstlerhand\/#primaryimage\",\"url\":\"https:\/\/peakart.co.uk\/wp-content\/uploads\/2018\/05\/Artistic-Wall-Clock-Interiors-scaled.jpg\",\"contentUrl\":\"https:\/\/peakart.co.uk\/wp-content\/uploads\/2018\/05\/Artistic-Wall-Clock-Interiors-scaled.jpg\",\"width\":2560,\"height\":1912},{\"@type\":\"BreadcrumbList\",\"@id\":\"https:\/\/peakart.co.uk\/de\/produkt\/wanduhr-von-kunstlerhand\/#breadcrumb\",\"itemListElement\":[{\"@type\":\"ListItem\",\"position\":1,\"name\":\"Home\",\"item\":\"https:\/\/peakart.co.uk\/de\/\"},{\"@type\":\"ListItem\",\"position\":2,\"name\":\"Shop\",\"item\":\"https:\/\/peakart.co.uk\/de\/shop\/\"},{\"@type\":\"ListItem\",\"position\":3,\"name\":\"Eine erstaunliche K\u00fcnstler-Wanduhr in Gold und Silber\"}]},{\"@type\":\"WebSite\",\"@id\":\"https:\/\/peakart.co.uk\/de\/#website\",\"url\":\"https:\/\/peakart.co.uk\/de\/\",\"name\":\"Peak Art\",\"description\":\"\",\"publisher\":{\"@id\":\"https:\/\/peakart.co.uk\/de\/#organization\"},\"potentialAction\":[{\"@type\":\"SearchAction\",\"target\":{\"@type\":\"EntryPoint\",\"urlTemplate\":\"https:\/\/peakart.co.uk\/de\/?s={search_term_string}\"},\"query-input\":{\"@type\":\"PropertyValueSpecification\",\"valueRequired\":true,\"valueName\":\"search_term_string\"}}],\"inLanguage\":\"de\"},{\"@type\":\"Organization\",\"@id\":\"https:\/\/peakart.co.uk\/de\/#organization\",\"name\":\"Peak Art\",\"url\":\"https:\/\/peakart.co.uk\/de\/\",\"logo\":{\"@type\":\"ImageObject\",\"inLanguage\":\"de\",\"@id\":\"https:\/\/peakart.co.uk\/de\/#\/schema\/logo\/image\/\",\"url\":\"https:\/\/peakart.co.uk\/wp-content\/uploads\/2023\/07\/logo-8.jpg\",\"contentUrl\":\"https:\/\/peakart.co.uk\/wp-content\/uploads\/2023\/07\/logo-8.jpg\",\"width\":666,\"height\":259,\"caption\":\"Peak Art\"},\"image\":{\"@id\":\"https:\/\/peakart.co.uk\/de\/#\/schema\/logo\/image\/\"},\"sameAs\":[\"https:\/\/www.facebook.com\/PeakArtClocks\/\"],\"hasMerchantReturnPolicy\":{\"@type\":\"MerchantReturnPolicy\",\"merchantReturnLink\":\"https:\/\/peakart.co.uk\/refund_returns\/\"}}]}<\/script>\n<meta property=\"og:availability\" content=\"instock\" \/>\n<meta property=\"product:availability\" content=\"instock\" \/>\n<meta property=\"product:retailer_item_id\" content=\"PEAKART-53118\" \/>\n<meta property=\"product:condition\" content=\"new\" \/>\n<!-- \/ Yoast SEO Premium plugin. -->","yoast_head_json":{"title":"Eine sehr gro\u00dfe Wanduhr von K\u00fcnstlerhand mit Hintergrund in Gold und Silber","description":"Eine der beeindruckendsten K\u00fcnstler-Wanduhren mit r\u00f6mischen Ziffern. Sie besitzt einen handbemalten Hintergrund in Gold und Silber. Das ideale Dekorationsst\u00fcck f\u00fcr Ihre Lounge oder Ihr Wohnzimmer.","robots":{"index":"index","follow":"follow","max-snippet":"max-snippet:-1","max-image-preview":"max-image-preview:large","max-video-preview":"max-video-preview:-1"},"canonical":"https:\/\/peakart.co.uk\/de\/produkt\/wanduhr-von-kunstlerhand\/","og_locale":"de_DE","og_type":"article","og_title":"Eine erstaunliche K\u00fcnstler-Wanduhr in Gold und Silber","og_description":"Eine der beeindruckendsten K\u00fcnstler-Wanduhren mit r\u00f6mischen Ziffern. Sie besitzt einen handbemalten Hintergrund in Gold und Silber. Das ideale Dekorationsst\u00fcck f\u00fcr Ihre Lounge oder Ihr Wohnzimmer.","og_url":"https:\/\/peakart.co.uk\/de\/produkt\/wanduhr-von-kunstlerhand\/","og_site_name":"Peak Art","article_publisher":"https:\/\/www.facebook.com\/PeakArtClocks\/","article_modified_time":"2023-03-23T15:42:37+00:00","og_image":[{"width":2560,"height":1912,"url":"https:\/\/peakart.co.uk\/wp-content\/uploads\/2018\/05\/Artistic-Wall-Clock-Interiors-scaled.jpg","type":"image\/jpeg"}],"twitter_card":"summary_large_image","twitter_misc":{"Verf\u00fcgbarkeit":"Auf Lager"},"schema":{"@context":"https:\/\/schema.org","@graph":[{"@type":"WebPage","@id":"https:\/\/peakart.co.uk\/de\/produkt\/wanduhr-von-kunstlerhand\/","url":"https:\/\/peakart.co.uk\/de\/produkt\/wanduhr-von-kunstlerhand\/","name":"Eine sehr gro\u00dfe Wanduhr von K\u00fcnstlerhand mit Hintergrund in Gold und Silber","isPartOf":{"@id":"https:\/\/peakart.co.uk\/de\/#website"},"primaryImageOfPage":{"@id":"https:\/\/peakart.co.uk\/de\/produkt\/wanduhr-von-kunstlerhand\/#primaryimage"},"image":{"@id":"https:\/\/peakart.co.uk\/de\/produkt\/wanduhr-von-kunstlerhand\/#primaryimage"},"thumbnailUrl":"https:\/\/peakart.co.uk\/wp-content\/uploads\/2018\/05\/Artistic-Wall-Clock-Interiors-scaled.jpg","datePublished":"2018-05-17T21:21:03+00:00","dateModified":"2023-03-23T15:42:37+00:00","description":"Eine der beeindruckendsten K\u00fcnstler-Wanduhren mit r\u00f6mischen Ziffern. Sie besitzt einen handbemalten Hintergrund in Gold und Silber. Das ideale Dekorationsst\u00fcck f\u00fcr Ihre Lounge oder Ihr Wohnzimmer.","breadcrumb":{"@id":"https:\/\/peakart.co.uk\/de\/produkt\/wanduhr-von-kunstlerhand\/#breadcrumb"},"inLanguage":"de","potentialAction":[{"@type":"ReadAction","target":["https:\/\/peakart.co.uk\/de\/produkt\/wanduhr-von-kunstlerhand\/"]}]},{"@type":"ImageObject","inLanguage":"de","@id":"https:\/\/peakart.co.uk\/de\/produkt\/wanduhr-von-kunstlerhand\/#primaryimage","url":"https:\/\/peakart.co.uk\/wp-content\/uploads\/2018\/05\/Artistic-Wall-Clock-Interiors-scaled.jpg","contentUrl":"https:\/\/peakart.co.uk\/wp-content\/uploads\/2018\/05\/Artistic-Wall-Clock-Interiors-scaled.jpg","width":2560,"height":1912},{"@type":"BreadcrumbList","@id":"https:\/\/peakart.co.uk\/de\/produkt\/wanduhr-von-kunstlerhand\/#breadcrumb","itemListElement":[{"@type":"ListItem","position":1,"name":"Home","item":"https:\/\/peakart.co.uk\/de\/"},{"@type":"ListItem","position":2,"name":"Shop","item":"https:\/\/peakart.co.uk\/de\/shop\/"},{"@type":"ListItem","position":3,"name":"Eine erstaunliche K\u00fcnstler-Wanduhr in Gold und Silber"}]},{"@type":"WebSite","@id":"https:\/\/peakart.co.uk\/de\/#website","url":"https:\/\/peakart.co.uk\/de\/","name":"Peak Art","description":"","publisher":{"@id":"https:\/\/peakart.co.uk\/de\/#organization"},"potentialAction":[{"@type":"SearchAction","target":{"@type":"EntryPoint","urlTemplate":"https:\/\/peakart.co.uk\/de\/?s={search_term_string}"},"query-input":{"@type":"PropertyValueSpecification","valueRequired":true,"valueName":"search_term_string"}}],"inLanguage":"de"},{"@type":"Organization","@id":"https:\/\/peakart.co.uk\/de\/#organization","name":"Peak Art","url":"https:\/\/peakart.co.uk\/de\/","logo":{"@type":"ImageObject","inLanguage":"de","@id":"https:\/\/peakart.co.uk\/de\/#\/schema\/logo\/image\/","url":"https:\/\/peakart.co.uk\/wp-content\/uploads\/2023\/07\/logo-8.jpg","contentUrl":"https:\/\/peakart.co.uk\/wp-content\/uploads\/2023\/07\/logo-8.jpg","width":666,"height":259,"caption":"Peak Art"},"image":{"@id":"https:\/\/peakart.co.uk\/de\/#\/schema\/logo\/image\/"},"sameAs":["https:\/\/www.facebook.com\/PeakArtClocks\/"],"hasMerchantReturnPolicy":{"@type":"MerchantReturnPolicy","merchantReturnLink":"https:\/\/peakart.co.uk\/refund_returns\/"}}]},"og_availability":"instock","product_availability":"instock","product_retailer_item_id":"PEAKART-53118","product_condition":"new"},"_links":{"self":[{"href":"https:\/\/peakart.co.uk\/de\/wp-json\/wp\/v2\/product\/8428","targetHints":{"allow":["GET"]}}],"collection":[{"href":"https:\/\/peakart.co.uk\/de\/wp-json\/wp\/v2\/product"}],"about":[{"href":"https:\/\/peakart.co.uk\/de\/wp-json\/wp\/v2\/types\/product"}],"replies":[{"embeddable":true,"href":"https:\/\/peakart.co.uk\/de\/wp-json\/wp\/v2\/comments?post=8428"}],"wp:featuredmedia":[{"embeddable":true,"href":"https:\/\/peakart.co.uk\/de\/wp-json\/wp\/v2\/media\/32339"}],"wp:attachment":[{"href":"https:\/\/peakart.co.uk\/de\/wp-json\/wp\/v2\/media?parent=8428"}],"wp:term":[{"taxonomy":"product_brand","embeddable":true,"href":"https:\/\/peakart.co.uk\/de\/wp-json\/wp\/v2\/product_brand?post=8428"},{"taxonomy":"product_cat","embeddable":true,"href":"https:\/\/peakart.co.uk\/de\/wp-json\/wp\/v2\/product_cat?post=8428"},{"taxonomy":"product_tag","embeddable":true,"href":"https:\/\/peakart.co.uk\/de\/wp-json\/wp\/v2\/product_tag?post=8428"}],"curies":[{"name":"wp","href":"https:\/\/api.w.org\/{rel}","templated":true}]}}