{"id":8209,"date":"2018-03-10T15:12:51","date_gmt":"2018-03-10T15:12:51","guid":{"rendered":"http:\/\/peakart.co.uk\/?post_type=product&#038;p=8209"},"modified":"2023-03-23T15:33:23","modified_gmt":"2023-03-23T15:33:23","slug":"wunderschone-wanduhr-fur-die-lounge","status":"publish","type":"product","link":"https:\/\/peakart.co.uk\/de\/produkt\/wunderschone-wanduhr-fur-die-lounge\/","title":{"rendered":"Wundersch\u00f6ne Wanduhr f\u00fcr den Wohnbereich"},"content":{"rendered":"<h2>Extragro\u00dfe Wanduhr f\u00fcr den Wohn- oder Essbereich in Ihrem Haus<\/h2>\n<p>Eines der Dinge, die Peak Art von der Masse abheben, ist unsere F\u00e4higkeit, unsere Wanduhren Ihren Anforderungen entsprechend anzupassen. Diese wundersch\u00f6ne Wanduhr f\u00fcr den Lounge-\/ Wohn- oder K\u00fcchenbereich ist ein klassisches Beispiel, das dies unter Beweis stellt. Eine unserer Kundinnen interessierte sich sehr f\u00fcr <a href=\"https:\/\/peakart.co.uk\/de\/produkt\/grose-designer-wanduhr\/\">gro\u00dfe Designer-Wanduhren<\/a>, die wir &#8220;Old Clipper&#8221; nannten. Sie schickte uns einige Fotos von ihrer K\u00fcche und wir waren uns einig, dass wir ein paar Anpassungen am urspr\u00fcnglichen Design vornehmen sollten. So entstand &#8220;Old Clipper Honey&#8221;. Es bedurfte einiger Ans\u00e4tze bis zu diesem Endergebnis.<\/p>\n<p>Wie Sie auf den Fotos sehen k\u00f6nnen, ist sie dem urspr\u00fcnglichen Design sehr \u00e4hnlich. Gleichzeitig bietet sie eine kunstvollere Holzoptik und generell hellere Braunt\u00f6ne. Wenn man genauer hinsieht oder sie aus einem anderen Blickwinkel betrachtet, kann man auch einige Gelb- und Oranget\u00f6ne sehen, die an einigen Stellen zum Vorschein kommen. Das ist genau der Look, den wir erreichen wollten, und er funktioniert hervorragend in dunkleren Innenr\u00e4umen.<\/p>\n<p>Diese bemerkenswerte Wanduhr ben\u00f6tigt, wie alle anderen Wanduhren aus unserem Online-Shop, nur eine einzige Babyzelle f\u00fcr den Betrieb. Wenn Sie vorhaben, sie in Ihrer Lounge zu platzieren, stellen Sie sicher, dass sie sich nicht in unmittelbarer N\u00e4he einer direkten W\u00e4rme- oder Feuchtigkeitsquelle befindet. Die Lebensdauer des Uhrwerks kann m\u00f6glicherweise verk\u00fcrzt werden, wenn er Feuchtigkeit ausgesetzt wird und das Holz k\u00f6nnte bei \u00fcberm\u00e4\u00dfiger Hitze trocknen.<\/p>\n<h2>Unsere Uhren sind nicht nur Zeiterfassungsger\u00e4te, sondern k\u00f6nnen auch der Blickfang in Ihrer Lounge sein.<\/h2>\n<p>Die Idee, eine Wanduhr als Aussageobjekt im Wohnbereich zu verwenden, ist nicht neu. Unsere Wanduhren bringen dieses Konzept jedoch auf eine v\u00f6llig neue Ebene. Jeder wundersch\u00f6ne Zeitmesser zeigt erstaunliche Handwerkskunst und zum Blickfang in Ihrem Haus werden. Deshalb kommen Kunden aus aller Welt zu uns, wenn sie etwas wirklich Au\u00dfergew\u00f6hnliches w\u00fcnschen. Die Wanduhr f\u00fcr Ihre Lounge muss nicht wie \u00fcbliche Angebote von Massenwaren bereits fertiggestellt sein. Sie k\u00f6nnen jetzt etwas kaufen, das wir speziell auf Ihre Bed\u00fcrfnisse zuschneiden.<\/p>\n<p>Wir k\u00f6nnen unsere Wanduhren an \u00fcber 30 verschiedene Orte liefern und haben eine internationale Community auf <a href=\"https:\/\/www.facebook.com\/PeakArtClocks\/\">Facebook<\/a> aufgebaut. Bitte schlie\u00dfen Sie sich uns dort an und teilen Sie Ihre Ansichten mit Tausenden unserer Anh\u00e4nger.<\/p>\n","protected":false},"excerpt":{"rendered":"<p>Dies ist eine atemberaubende Variante des originalen &#8220;Old Clipper&#8221;-Designs. Sie ist die perfekte Wahl, wenn Sie eine Wanduhr f\u00fcr den Loung-\/ Wohn- oder Essbereich suchen. Diese Wanduhr kann der sch\u00f6nste Mittelpunkt in Ihrem Haus werden. Wie gewohnt bieten wir drei verschiedene Gr\u00f6\u00dfen an, die Sie aus der Dropdown-Liste ausw\u00e4hlen k\u00f6nnen.<\/p>\n<p><strong>Design &amp; Handfertigung<\/strong> \u2013 Anna Siodelska, Vereinigtes K\u00f6nigreich<\/p>\n<p><strong>Farbe des Zifferblatts<\/strong> \u2013 Jakobiner Eiche\/ Honig<\/p>\n<p><strong>Hintergrundfarbe<\/strong> \u2013 Eiche<\/p>\n","protected":false},"featured_media":34290,"comment_status":"closed","ping_status":"closed","template":"","meta":[],"product_brand":[],"product_cat":[80],"product_tag":[2673,83,2139,82],"class_list":{"0":"post-8209","1":"product","2":"type-product","3":"status-publish","4":"has-post-thumbnail","6":"product_cat-grosse-wanduhren-handgefertigt","7":"product_tag-callback-der-datenloschungs-funktion-im-index-d-ist-ungultig","8":"product_tag-grosse-dekorative-wanduhren","9":"product_tag-grose-wanduhren","10":"product_tag-grosse-kuenstlerische-wanduhren","12":"first","13":"instock","14":"sale","15":"featured","16":"taxable","17":"shipping-taxable","18":"purchasable","19":"product-type-variable"},"yoast_head":"<!-- This site is optimized with the Yoast SEO Premium plugin v27.2 (Yoast SEO v27.2) - https:\/\/yoast.com\/product\/yoast-seo-premium-wordpress\/ -->\n<title>Gro\u00dfe Wanduhr f\u00fcr den Lounge. Handgefertigt und wundersch\u00f6n bemalt.<\/title>\n<meta name=\"description\" content=\"Die au\u00dfergew\u00f6hnlichste und sch\u00f6nste Wanduhr f\u00fcr die Lounge. Dies ist eine Sonderanfertigung, die einige Gravuren und beeindruckende Holzmerkmale bietet.\" \/>\n<meta name=\"robots\" content=\"index, follow, max-snippet:-1, max-image-preview:large, max-video-preview:-1\" \/>\n<link rel=\"canonical\" href=\"https:\/\/peakart.co.uk\/de\/produkt\/wunderschone-wanduhr-fur-die-lounge\/\" \/>\n<meta property=\"og:locale\" content=\"de_DE\" \/>\n<meta property=\"og:type\" content=\"article\" \/>\n<meta property=\"og:title\" content=\"Wundersch\u00f6ne Wanduhr f\u00fcr den Wohnbereich\" \/>\n<meta property=\"og:description\" content=\"Die au\u00dfergew\u00f6hnlichste und sch\u00f6nste Wanduhr f\u00fcr die Lounge. Dies ist eine Sonderanfertigung, die einige Gravuren und beeindruckende Holzmerkmale bietet.\" \/>\n<meta property=\"og:url\" content=\"https:\/\/peakart.co.uk\/de\/produkt\/wunderschone-wanduhr-fur-die-lounge\/\" \/>\n<meta property=\"og:site_name\" content=\"Peak Art\" \/>\n<meta property=\"article:publisher\" content=\"https:\/\/www.facebook.com\/PeakArtClocks\/\" \/>\n<meta property=\"article:modified_time\" content=\"2023-03-23T15:33:23+00:00\" \/>\n<meta property=\"og:image\" content=\"https:\/\/peakart.co.uk\/wp-content\/uploads\/2024\/05\/Wall-Clock-for-Lounge-Right.jpg\" \/>\n\t<meta property=\"og:image:width\" content=\"2000\" \/>\n\t<meta property=\"og:image:height\" content=\"2000\" \/>\n\t<meta property=\"og:image:type\" content=\"image\/jpeg\" \/>\n<meta name=\"twitter:card\" content=\"summary_large_image\" \/>\n<meta name=\"twitter:label1\" content=\"Verf\u00fcgbarkeit\" \/>\n\t<meta name=\"twitter:data1\" content=\"Auf Lager\" \/>\n<script type=\"application\/ld+json\" class=\"yoast-schema-graph\">{\"@context\":\"https:\/\/schema.org\",\"@graph\":[{\"@type\":\"WebPage\",\"@id\":\"https:\/\/peakart.co.uk\/de\/produkt\/wunderschone-wanduhr-fur-die-lounge\/\",\"url\":\"https:\/\/peakart.co.uk\/de\/produkt\/wunderschone-wanduhr-fur-die-lounge\/\",\"name\":\"Gro\u00dfe Wanduhr f\u00fcr den Lounge. Handgefertigt und wundersch\u00f6n bemalt.\",\"isPartOf\":{\"@id\":\"https:\/\/peakart.co.uk\/de\/#website\"},\"primaryImageOfPage\":{\"@id\":\"https:\/\/peakart.co.uk\/de\/produkt\/wunderschone-wanduhr-fur-die-lounge\/#primaryimage\"},\"image\":{\"@id\":\"https:\/\/peakart.co.uk\/de\/produkt\/wunderschone-wanduhr-fur-die-lounge\/#primaryimage\"},\"thumbnailUrl\":\"https:\/\/peakart.co.uk\/wp-content\/uploads\/2018\/03\/Large-Wooden-Clock.jpg\",\"datePublished\":\"2018-03-10T15:12:51+00:00\",\"dateModified\":\"2023-03-23T15:33:23+00:00\",\"description\":\"Die au\u00dfergew\u00f6hnlichste und sch\u00f6nste Wanduhr f\u00fcr die Lounge. Dies ist eine Sonderanfertigung, die einige Gravuren und beeindruckende Holzmerkmale bietet.\",\"breadcrumb\":{\"@id\":\"https:\/\/peakart.co.uk\/de\/produkt\/wunderschone-wanduhr-fur-die-lounge\/#breadcrumb\"},\"inLanguage\":\"de\",\"potentialAction\":[{\"@type\":\"ReadAction\",\"target\":[\"https:\/\/peakart.co.uk\/de\/produkt\/wunderschone-wanduhr-fur-die-lounge\/\"]}]},{\"@type\":\"ImageObject\",\"inLanguage\":\"de\",\"@id\":\"https:\/\/peakart.co.uk\/de\/produkt\/wunderschone-wanduhr-fur-die-lounge\/#primaryimage\",\"url\":\"https:\/\/peakart.co.uk\/wp-content\/uploads\/2018\/03\/Large-Wooden-Clock.jpg\",\"contentUrl\":\"https:\/\/peakart.co.uk\/wp-content\/uploads\/2018\/03\/Large-Wooden-Clock.jpg\",\"width\":1600,\"height\":1328,\"caption\":\"Large Wooden Clock\"},{\"@type\":\"BreadcrumbList\",\"@id\":\"https:\/\/peakart.co.uk\/de\/produkt\/wunderschone-wanduhr-fur-die-lounge\/#breadcrumb\",\"itemListElement\":[{\"@type\":\"ListItem\",\"position\":1,\"name\":\"Home\",\"item\":\"https:\/\/peakart.co.uk\/de\/\"},{\"@type\":\"ListItem\",\"position\":2,\"name\":\"Shop\",\"item\":\"https:\/\/peakart.co.uk\/de\/shop\/\"},{\"@type\":\"ListItem\",\"position\":3,\"name\":\"Wundersch\u00f6ne Wanduhr f\u00fcr den Wohnbereich\"}]},{\"@type\":\"WebSite\",\"@id\":\"https:\/\/peakart.co.uk\/de\/#website\",\"url\":\"https:\/\/peakart.co.uk\/de\/\",\"name\":\"Peak Art\",\"description\":\"\",\"publisher\":{\"@id\":\"https:\/\/peakart.co.uk\/de\/#organization\"},\"potentialAction\":[{\"@type\":\"SearchAction\",\"target\":{\"@type\":\"EntryPoint\",\"urlTemplate\":\"https:\/\/peakart.co.uk\/de\/?s={search_term_string}\"},\"query-input\":{\"@type\":\"PropertyValueSpecification\",\"valueRequired\":true,\"valueName\":\"search_term_string\"}}],\"inLanguage\":\"de\"},{\"@type\":\"Organization\",\"@id\":\"https:\/\/peakart.co.uk\/de\/#organization\",\"name\":\"Peak Art\",\"url\":\"https:\/\/peakart.co.uk\/de\/\",\"logo\":{\"@type\":\"ImageObject\",\"inLanguage\":\"de\",\"@id\":\"https:\/\/peakart.co.uk\/de\/#\/schema\/logo\/image\/\",\"url\":\"https:\/\/peakart.co.uk\/wp-content\/uploads\/2023\/07\/logo-8.jpg\",\"contentUrl\":\"https:\/\/peakart.co.uk\/wp-content\/uploads\/2023\/07\/logo-8.jpg\",\"width\":666,\"height\":259,\"caption\":\"Peak Art\"},\"image\":{\"@id\":\"https:\/\/peakart.co.uk\/de\/#\/schema\/logo\/image\/\"},\"sameAs\":[\"https:\/\/www.facebook.com\/PeakArtClocks\/\"],\"hasMerchantReturnPolicy\":{\"@type\":\"MerchantReturnPolicy\",\"merchantReturnLink\":\"https:\/\/peakart.co.uk\/refund_returns\/\"}}]}<\/script>\n<meta property=\"og:availability\" content=\"instock\" \/>\n<meta property=\"product:availability\" content=\"instock\" \/>\n<meta property=\"product:retailer_item_id\" content=\"PEAKART-44258\" \/>\n<meta property=\"product:condition\" content=\"new\" \/>\n<!-- \/ Yoast SEO Premium plugin. -->","yoast_head_json":{"title":"Gro\u00dfe Wanduhr f\u00fcr den Lounge. Handgefertigt und wundersch\u00f6n bemalt.","description":"Die au\u00dfergew\u00f6hnlichste und sch\u00f6nste Wanduhr f\u00fcr die Lounge. Dies ist eine Sonderanfertigung, die einige Gravuren und beeindruckende Holzmerkmale bietet.","robots":{"index":"index","follow":"follow","max-snippet":"max-snippet:-1","max-image-preview":"max-image-preview:large","max-video-preview":"max-video-preview:-1"},"canonical":"https:\/\/peakart.co.uk\/de\/produkt\/wunderschone-wanduhr-fur-die-lounge\/","og_locale":"de_DE","og_type":"article","og_title":"Wundersch\u00f6ne Wanduhr f\u00fcr den Wohnbereich","og_description":"Die au\u00dfergew\u00f6hnlichste und sch\u00f6nste Wanduhr f\u00fcr die Lounge. Dies ist eine Sonderanfertigung, die einige Gravuren und beeindruckende Holzmerkmale bietet.","og_url":"https:\/\/peakart.co.uk\/de\/produkt\/wunderschone-wanduhr-fur-die-lounge\/","og_site_name":"Peak Art","article_publisher":"https:\/\/www.facebook.com\/PeakArtClocks\/","article_modified_time":"2023-03-23T15:33:23+00:00","og_image":[{"width":2000,"height":2000,"url":"https:\/\/peakart.co.uk\/wp-content\/uploads\/2024\/05\/Wall-Clock-for-Lounge-Right.jpg","type":"image\/jpeg"}],"twitter_card":"summary_large_image","twitter_misc":{"Verf\u00fcgbarkeit":"Auf Lager"},"schema":{"@context":"https:\/\/schema.org","@graph":[{"@type":"WebPage","@id":"https:\/\/peakart.co.uk\/de\/produkt\/wunderschone-wanduhr-fur-die-lounge\/","url":"https:\/\/peakart.co.uk\/de\/produkt\/wunderschone-wanduhr-fur-die-lounge\/","name":"Gro\u00dfe Wanduhr f\u00fcr den Lounge. Handgefertigt und wundersch\u00f6n bemalt.","isPartOf":{"@id":"https:\/\/peakart.co.uk\/de\/#website"},"primaryImageOfPage":{"@id":"https:\/\/peakart.co.uk\/de\/produkt\/wunderschone-wanduhr-fur-die-lounge\/#primaryimage"},"image":{"@id":"https:\/\/peakart.co.uk\/de\/produkt\/wunderschone-wanduhr-fur-die-lounge\/#primaryimage"},"thumbnailUrl":"https:\/\/peakart.co.uk\/wp-content\/uploads\/2018\/03\/Large-Wooden-Clock.jpg","datePublished":"2018-03-10T15:12:51+00:00","dateModified":"2023-03-23T15:33:23+00:00","description":"Die au\u00dfergew\u00f6hnlichste und sch\u00f6nste Wanduhr f\u00fcr die Lounge. Dies ist eine Sonderanfertigung, die einige Gravuren und beeindruckende Holzmerkmale bietet.","breadcrumb":{"@id":"https:\/\/peakart.co.uk\/de\/produkt\/wunderschone-wanduhr-fur-die-lounge\/#breadcrumb"},"inLanguage":"de","potentialAction":[{"@type":"ReadAction","target":["https:\/\/peakart.co.uk\/de\/produkt\/wunderschone-wanduhr-fur-die-lounge\/"]}]},{"@type":"ImageObject","inLanguage":"de","@id":"https:\/\/peakart.co.uk\/de\/produkt\/wunderschone-wanduhr-fur-die-lounge\/#primaryimage","url":"https:\/\/peakart.co.uk\/wp-content\/uploads\/2018\/03\/Large-Wooden-Clock.jpg","contentUrl":"https:\/\/peakart.co.uk\/wp-content\/uploads\/2018\/03\/Large-Wooden-Clock.jpg","width":1600,"height":1328,"caption":"Large Wooden Clock"},{"@type":"BreadcrumbList","@id":"https:\/\/peakart.co.uk\/de\/produkt\/wunderschone-wanduhr-fur-die-lounge\/#breadcrumb","itemListElement":[{"@type":"ListItem","position":1,"name":"Home","item":"https:\/\/peakart.co.uk\/de\/"},{"@type":"ListItem","position":2,"name":"Shop","item":"https:\/\/peakart.co.uk\/de\/shop\/"},{"@type":"ListItem","position":3,"name":"Wundersch\u00f6ne Wanduhr f\u00fcr den Wohnbereich"}]},{"@type":"WebSite","@id":"https:\/\/peakart.co.uk\/de\/#website","url":"https:\/\/peakart.co.uk\/de\/","name":"Peak Art","description":"","publisher":{"@id":"https:\/\/peakart.co.uk\/de\/#organization"},"potentialAction":[{"@type":"SearchAction","target":{"@type":"EntryPoint","urlTemplate":"https:\/\/peakart.co.uk\/de\/?s={search_term_string}"},"query-input":{"@type":"PropertyValueSpecification","valueRequired":true,"valueName":"search_term_string"}}],"inLanguage":"de"},{"@type":"Organization","@id":"https:\/\/peakart.co.uk\/de\/#organization","name":"Peak Art","url":"https:\/\/peakart.co.uk\/de\/","logo":{"@type":"ImageObject","inLanguage":"de","@id":"https:\/\/peakart.co.uk\/de\/#\/schema\/logo\/image\/","url":"https:\/\/peakart.co.uk\/wp-content\/uploads\/2023\/07\/logo-8.jpg","contentUrl":"https:\/\/peakart.co.uk\/wp-content\/uploads\/2023\/07\/logo-8.jpg","width":666,"height":259,"caption":"Peak Art"},"image":{"@id":"https:\/\/peakart.co.uk\/de\/#\/schema\/logo\/image\/"},"sameAs":["https:\/\/www.facebook.com\/PeakArtClocks\/"],"hasMerchantReturnPolicy":{"@type":"MerchantReturnPolicy","merchantReturnLink":"https:\/\/peakart.co.uk\/refund_returns\/"}}]},"og_availability":"instock","product_availability":"instock","product_retailer_item_id":"PEAKART-44258","product_condition":"new"},"_links":{"self":[{"href":"https:\/\/peakart.co.uk\/de\/wp-json\/wp\/v2\/product\/8209","targetHints":{"allow":["GET"]}}],"collection":[{"href":"https:\/\/peakart.co.uk\/de\/wp-json\/wp\/v2\/product"}],"about":[{"href":"https:\/\/peakart.co.uk\/de\/wp-json\/wp\/v2\/types\/product"}],"replies":[{"embeddable":true,"href":"https:\/\/peakart.co.uk\/de\/wp-json\/wp\/v2\/comments?post=8209"}],"wp:featuredmedia":[{"embeddable":true,"href":"https:\/\/peakart.co.uk\/de\/wp-json\/wp\/v2\/media\/34290"}],"wp:attachment":[{"href":"https:\/\/peakart.co.uk\/de\/wp-json\/wp\/v2\/media?parent=8209"}],"wp:term":[{"taxonomy":"product_brand","embeddable":true,"href":"https:\/\/peakart.co.uk\/de\/wp-json\/wp\/v2\/product_brand?post=8209"},{"taxonomy":"product_cat","embeddable":true,"href":"https:\/\/peakart.co.uk\/de\/wp-json\/wp\/v2\/product_cat?post=8209"},{"taxonomy":"product_tag","embeddable":true,"href":"https:\/\/peakart.co.uk\/de\/wp-json\/wp\/v2\/product_tag?post=8209"}],"curies":[{"name":"wp","href":"https:\/\/api.w.org\/{rel}","templated":true}]}}