{"id":8125,"date":"2018-02-24T16:12:06","date_gmt":"2018-02-24T16:12:10","guid":{"rendered":"http:\/\/peakart.co.uk\/?post_type=product&#038;p=8125"},"modified":"2023-03-23T21:40:37","modified_gmt":"2023-03-23T21:40:37","slug":"wohnzimmer-wanduhr","status":"publish","type":"product","link":"https:\/\/peakart.co.uk\/de\/produkt\/wohnzimmer-wanduhr\/","title":{"rendered":"Gro\u00dfe k\u00fcnstlerische Wohnzimmer-Wanduhr"},"content":{"rendered":"<h2>Menschen, die auf der Suche nach einer gro\u00dfen Wohnzimmer-Wanduhr sind, brauchen Einzigartigkeit und Charakter.<\/h2>\n<p>Jede Woche erhalten wir jede Menge E-Mails und Fotos von unseren Kunden aus aller Welt. Sie alle suchen etwas Besonderes, das man im Schaufenster nicht finden kann. Obwohl wir Dutzende von verschiedenen Designs haben, passt manchmal keines davon perfekt zu Ihrem Interieur. So entstand diese atemberaubende gro\u00dfe Wohnzimmer-Wanduhr. Sie basiert auf dem Design der <a href=\"https:\/\/peakart.co.uk\/de\/produkt\/riesige-zeitgenossische-statement-wanduhr\/\">extragro\u00dfen Wanduhr<\/a>, jedoch in viel dunkleren T\u00f6nen und wir haben sie f\u00fcr einen unserer Kunden angepasst, um mehr Holz freizulegen.<\/p>\n<p>Dieser wundersch\u00f6ne Zeitmesser hat einen Durchmesser von 120 cm, wir k\u00f6nnen jedoch auch kleinere Versionen mit 75 cm oder 100 cm anbieten. Das leistungsst\u00e4rkste und leiseste Uhrwerk ben\u00f6tigt eine einzige Babyzelle, die von uns geliefert wird. Wie Sie auf den Fotos sehen k\u00f6nnen, hat diese herrliche Wanduhr eine hohle R\u00fcckseite und einen sehr nat\u00fcrlichen und dreidimensionalen Look. Wir k\u00f6nnen Ihnen versichern, dass keine Wanduhr von Peak Art wie die andere sein kann. Die handwerkliche Natur unserer Arbeit macht es unm\u00f6glich, jedes Design zu reproduzieren, doch das ist es, was unsere Kunden am meisten sch\u00e4tzen.<\/p>\n<h2>Dekorieren Sie Ihr Wohnzimmer mit einer gro\u00dfen Wanduhr<\/h2>\n<p>Unsere Mission bei Peak Art ist es, zu demonstrieren, dass gro\u00dfe Wanduhren nicht nur Zeiterfassungsger\u00e4te sind. Wir entwerfen und fertigen sie als Blickfang f\u00fcr Ihr Wohnzimmer, Hotel oder Restaurant. Wir sind bestrebt, der Welt einen Mehrwert zu bieten, indem wir einzigartige dreidimensionale Zeitmesser mit einem echten Wow-Effekt kreieren. Viele Designs, die Sie auf unserer Website sehen k\u00f6nnen, wurden von verschiedenen Anforderungen hinsichtlich Gr\u00f6\u00dfe, Farbe oder Form inspiriert. Deshalb empfehlen wir Ihnen, sich mit uns in Verbindung zu setzen, wenn Sie spezielle Bed\u00fcrfnisse haben und die passende Uhr nicht finden k\u00f6nnen.<\/p>\n<p>Bitte schlie\u00dfen Sie sich unserer <a href=\"https:\/\/www.facebook.com\/PeakArtClocks\/\">Facebook Community<\/a> an, um Ihr Feedback und Ihre Kommentare mit Tausenden von Peak Art-Anh\u00e4ngern zu teilen. Lassen Sie uns neue Ideen in die Raumgestaltung einbringen, statt alten Trends zu folgen.<\/p>\n","protected":false},"excerpt":{"rendered":"<p>Sch\u00f6nheit ist immer unvollkommen und deshalb macht diese atemberaubende Wohnzimmer-Wanduhr einen so starken Eindruck. Das urspr\u00fcngliche Design hat einen Durchmesser von 120 cm und eignet sich f\u00fcr Menschen mit gro\u00dfen leeren W\u00e4nden. Wir k\u00f6nnen diese Uhr auch in kleineren Gr\u00f6\u00dfen herstellen, die Sie aus der Dropdown-Liste ausw\u00e4hlen k\u00f6nnen. Machen Sie keine Kompromisse bei der Qualit\u00e4t, wenn es um die Dekoration Ihres Wohnzimmers geht. Wenn Sie sichergehen m\u00f6chten, dass Sie den perfekten &#8220;Wow&#8221; Effekt erzielen k\u00f6nnen, ist die Wahl einer jeden Uhr von Peak Art ein Garant daf\u00fcr.<\/p>\n<p><strong>Design &amp; Handfertigung<\/strong> \u2013 Anna Siodelska, Vereinigtes K\u00f6nigreich<\/p>\n<p><strong>Farbe des Zifferblatts<\/strong> \u2013 Dunkel\/ Vintage<\/p>\n<p><strong>Hintergrundfarbe<\/strong> \u2013 Transparent\/ Wandfarbe<\/p>\n","protected":false},"featured_media":33413,"comment_status":"closed","ping_status":"closed","template":"","meta":[],"product_brand":[],"product_cat":[80],"product_tag":[83,82,95],"class_list":{"0":"post-8125","1":"product","2":"type-product","3":"status-publish","4":"has-post-thumbnail","6":"product_cat-grosse-wanduhren-handgefertigt","7":"product_tag-grosse-dekorative-wanduhren","8":"product_tag-grosse-kuenstlerische-wanduhren","9":"product_tag-skelett-wanduhren","11":"first","12":"instock","13":"sale","14":"taxable","15":"shipping-taxable","16":"purchasable","17":"product-type-variable"},"yoast_head":"<!-- This site is optimized with the Yoast SEO Premium plugin v27.2 (Yoast SEO v27.2) - https:\/\/yoast.com\/product\/yoast-seo-premium-wordpress\/ -->\n<title>Wohnzimmer-Wanduhr aus Holz<\/title>\n<meta name=\"description\" content=\"Diese gro\u00dfe Wohnzimmer-Wanduhr ist ein erstaunlich kostbares St\u00fcck handgemachter Wandkunst. Mit einem Durchmesser von bis zu 120 cm und einem atemberaubenden Look ist sie ein echter Hingucker.\" \/>\n<meta name=\"robots\" content=\"index, follow, max-snippet:-1, max-image-preview:large, max-video-preview:-1\" \/>\n<link rel=\"canonical\" href=\"https:\/\/peakart.co.uk\/de\/produkt\/wohnzimmer-wanduhr\/\" \/>\n<meta property=\"og:locale\" content=\"de_DE\" \/>\n<meta property=\"og:type\" content=\"article\" \/>\n<meta property=\"og:title\" content=\"Gro\u00dfe k\u00fcnstlerische Wohnzimmer-Wanduhr\" \/>\n<meta property=\"og:description\" content=\"Diese gro\u00dfe Wohnzimmer-Wanduhr ist ein erstaunlich kostbares St\u00fcck handgemachter Wandkunst. Mit einem Durchmesser von bis zu 120 cm und einem atemberaubenden Look ist sie ein echter Hingucker.\" \/>\n<meta property=\"og:url\" content=\"https:\/\/peakart.co.uk\/de\/produkt\/wohnzimmer-wanduhr\/\" \/>\n<meta property=\"og:site_name\" content=\"Peak Art\" \/>\n<meta property=\"article:publisher\" content=\"https:\/\/www.facebook.com\/PeakArtClocks\/\" \/>\n<meta property=\"article:modified_time\" content=\"2023-03-23T21:40:37+00:00\" \/>\n<meta property=\"og:image\" content=\"https:\/\/peakart.co.uk\/wp-content\/uploads\/2018\/02\/living-room-wall-clock-1.jpg\" \/>\n\t<meta property=\"og:image:width\" content=\"2000\" \/>\n\t<meta property=\"og:image:height\" content=\"1817\" \/>\n\t<meta property=\"og:image:type\" content=\"image\/jpeg\" \/>\n<meta name=\"twitter:card\" content=\"summary_large_image\" \/>\n<meta name=\"twitter:label1\" content=\"Verf\u00fcgbarkeit\" \/>\n\t<meta name=\"twitter:data1\" content=\"Auf Lager\" \/>\n<script type=\"application\/ld+json\" class=\"yoast-schema-graph\">{\"@context\":\"https:\/\/schema.org\",\"@graph\":[{\"@type\":\"WebPage\",\"@id\":\"https:\/\/peakart.co.uk\/de\/produkt\/wohnzimmer-wanduhr\/\",\"url\":\"https:\/\/peakart.co.uk\/de\/produkt\/wohnzimmer-wanduhr\/\",\"name\":\"Wohnzimmer-Wanduhr aus Holz\",\"isPartOf\":{\"@id\":\"https:\/\/peakart.co.uk\/de\/#website\"},\"primaryImageOfPage\":{\"@id\":\"https:\/\/peakart.co.uk\/de\/produkt\/wohnzimmer-wanduhr\/#primaryimage\"},\"image\":{\"@id\":\"https:\/\/peakart.co.uk\/de\/produkt\/wohnzimmer-wanduhr\/#primaryimage\"},\"thumbnailUrl\":\"https:\/\/peakart.co.uk\/wp-content\/uploads\/2018\/02\/living-room-wall-clock-1.jpg\",\"datePublished\":\"2018-02-24T16:12:10+00:00\",\"dateModified\":\"2023-03-23T21:40:37+00:00\",\"description\":\"Diese gro\u00dfe Wohnzimmer-Wanduhr ist ein erstaunlich kostbares St\u00fcck handgemachter Wandkunst. Mit einem Durchmesser von bis zu 120 cm und einem atemberaubenden Look ist sie ein echter Hingucker.\",\"breadcrumb\":{\"@id\":\"https:\/\/peakart.co.uk\/de\/produkt\/wohnzimmer-wanduhr\/#breadcrumb\"},\"inLanguage\":\"de\",\"potentialAction\":[{\"@type\":\"ReadAction\",\"target\":[\"https:\/\/peakart.co.uk\/de\/produkt\/wohnzimmer-wanduhr\/\"]}]},{\"@type\":\"ImageObject\",\"inLanguage\":\"de\",\"@id\":\"https:\/\/peakart.co.uk\/de\/produkt\/wohnzimmer-wanduhr\/#primaryimage\",\"url\":\"https:\/\/peakart.co.uk\/wp-content\/uploads\/2018\/02\/living-room-wall-clock-1.jpg\",\"contentUrl\":\"https:\/\/peakart.co.uk\/wp-content\/uploads\/2018\/02\/living-room-wall-clock-1.jpg\",\"width\":2000,\"height\":1817},{\"@type\":\"BreadcrumbList\",\"@id\":\"https:\/\/peakart.co.uk\/de\/produkt\/wohnzimmer-wanduhr\/#breadcrumb\",\"itemListElement\":[{\"@type\":\"ListItem\",\"position\":1,\"name\":\"Home\",\"item\":\"https:\/\/peakart.co.uk\/de\/\"},{\"@type\":\"ListItem\",\"position\":2,\"name\":\"Shop\",\"item\":\"https:\/\/peakart.co.uk\/de\/shop\/\"},{\"@type\":\"ListItem\",\"position\":3,\"name\":\"Gro\u00dfe k\u00fcnstlerische Wohnzimmer-Wanduhr\"}]},{\"@type\":\"WebSite\",\"@id\":\"https:\/\/peakart.co.uk\/de\/#website\",\"url\":\"https:\/\/peakart.co.uk\/de\/\",\"name\":\"Peak Art\",\"description\":\"\",\"publisher\":{\"@id\":\"https:\/\/peakart.co.uk\/de\/#organization\"},\"potentialAction\":[{\"@type\":\"SearchAction\",\"target\":{\"@type\":\"EntryPoint\",\"urlTemplate\":\"https:\/\/peakart.co.uk\/de\/?s={search_term_string}\"},\"query-input\":{\"@type\":\"PropertyValueSpecification\",\"valueRequired\":true,\"valueName\":\"search_term_string\"}}],\"inLanguage\":\"de\"},{\"@type\":\"Organization\",\"@id\":\"https:\/\/peakart.co.uk\/de\/#organization\",\"name\":\"Peak Art\",\"url\":\"https:\/\/peakart.co.uk\/de\/\",\"logo\":{\"@type\":\"ImageObject\",\"inLanguage\":\"de\",\"@id\":\"https:\/\/peakart.co.uk\/de\/#\/schema\/logo\/image\/\",\"url\":\"https:\/\/peakart.co.uk\/wp-content\/uploads\/2023\/07\/logo-8.jpg\",\"contentUrl\":\"https:\/\/peakart.co.uk\/wp-content\/uploads\/2023\/07\/logo-8.jpg\",\"width\":666,\"height\":259,\"caption\":\"Peak Art\"},\"image\":{\"@id\":\"https:\/\/peakart.co.uk\/de\/#\/schema\/logo\/image\/\"},\"sameAs\":[\"https:\/\/www.facebook.com\/PeakArtClocks\/\"],\"hasMerchantReturnPolicy\":{\"@type\":\"MerchantReturnPolicy\",\"merchantReturnLink\":\"https:\/\/peakart.co.uk\/refund_returns\/\"}}]}<\/script>\n<meta property=\"og:availability\" content=\"instock\" \/>\n<meta property=\"product:availability\" content=\"instock\" \/>\n<meta property=\"product:retailer_item_id\" content=\"PEAKART-81927\" \/>\n<meta property=\"product:condition\" content=\"new\" \/>\n<!-- \/ Yoast SEO Premium plugin. -->","yoast_head_json":{"title":"Wohnzimmer-Wanduhr aus Holz","description":"Diese gro\u00dfe Wohnzimmer-Wanduhr ist ein erstaunlich kostbares St\u00fcck handgemachter Wandkunst. Mit einem Durchmesser von bis zu 120 cm und einem atemberaubenden Look ist sie ein echter Hingucker.","robots":{"index":"index","follow":"follow","max-snippet":"max-snippet:-1","max-image-preview":"max-image-preview:large","max-video-preview":"max-video-preview:-1"},"canonical":"https:\/\/peakart.co.uk\/de\/produkt\/wohnzimmer-wanduhr\/","og_locale":"de_DE","og_type":"article","og_title":"Gro\u00dfe k\u00fcnstlerische Wohnzimmer-Wanduhr","og_description":"Diese gro\u00dfe Wohnzimmer-Wanduhr ist ein erstaunlich kostbares St\u00fcck handgemachter Wandkunst. Mit einem Durchmesser von bis zu 120 cm und einem atemberaubenden Look ist sie ein echter Hingucker.","og_url":"https:\/\/peakart.co.uk\/de\/produkt\/wohnzimmer-wanduhr\/","og_site_name":"Peak Art","article_publisher":"https:\/\/www.facebook.com\/PeakArtClocks\/","article_modified_time":"2023-03-23T21:40:37+00:00","og_image":[{"width":2000,"height":1817,"url":"https:\/\/peakart.co.uk\/wp-content\/uploads\/2018\/02\/living-room-wall-clock-1.jpg","type":"image\/jpeg"}],"twitter_card":"summary_large_image","twitter_misc":{"Verf\u00fcgbarkeit":"Auf Lager"},"schema":{"@context":"https:\/\/schema.org","@graph":[{"@type":"WebPage","@id":"https:\/\/peakart.co.uk\/de\/produkt\/wohnzimmer-wanduhr\/","url":"https:\/\/peakart.co.uk\/de\/produkt\/wohnzimmer-wanduhr\/","name":"Wohnzimmer-Wanduhr aus Holz","isPartOf":{"@id":"https:\/\/peakart.co.uk\/de\/#website"},"primaryImageOfPage":{"@id":"https:\/\/peakart.co.uk\/de\/produkt\/wohnzimmer-wanduhr\/#primaryimage"},"image":{"@id":"https:\/\/peakart.co.uk\/de\/produkt\/wohnzimmer-wanduhr\/#primaryimage"},"thumbnailUrl":"https:\/\/peakart.co.uk\/wp-content\/uploads\/2018\/02\/living-room-wall-clock-1.jpg","datePublished":"2018-02-24T16:12:10+00:00","dateModified":"2023-03-23T21:40:37+00:00","description":"Diese gro\u00dfe Wohnzimmer-Wanduhr ist ein erstaunlich kostbares St\u00fcck handgemachter Wandkunst. Mit einem Durchmesser von bis zu 120 cm und einem atemberaubenden Look ist sie ein echter Hingucker.","breadcrumb":{"@id":"https:\/\/peakart.co.uk\/de\/produkt\/wohnzimmer-wanduhr\/#breadcrumb"},"inLanguage":"de","potentialAction":[{"@type":"ReadAction","target":["https:\/\/peakart.co.uk\/de\/produkt\/wohnzimmer-wanduhr\/"]}]},{"@type":"ImageObject","inLanguage":"de","@id":"https:\/\/peakart.co.uk\/de\/produkt\/wohnzimmer-wanduhr\/#primaryimage","url":"https:\/\/peakart.co.uk\/wp-content\/uploads\/2018\/02\/living-room-wall-clock-1.jpg","contentUrl":"https:\/\/peakart.co.uk\/wp-content\/uploads\/2018\/02\/living-room-wall-clock-1.jpg","width":2000,"height":1817},{"@type":"BreadcrumbList","@id":"https:\/\/peakart.co.uk\/de\/produkt\/wohnzimmer-wanduhr\/#breadcrumb","itemListElement":[{"@type":"ListItem","position":1,"name":"Home","item":"https:\/\/peakart.co.uk\/de\/"},{"@type":"ListItem","position":2,"name":"Shop","item":"https:\/\/peakart.co.uk\/de\/shop\/"},{"@type":"ListItem","position":3,"name":"Gro\u00dfe k\u00fcnstlerische Wohnzimmer-Wanduhr"}]},{"@type":"WebSite","@id":"https:\/\/peakart.co.uk\/de\/#website","url":"https:\/\/peakart.co.uk\/de\/","name":"Peak Art","description":"","publisher":{"@id":"https:\/\/peakart.co.uk\/de\/#organization"},"potentialAction":[{"@type":"SearchAction","target":{"@type":"EntryPoint","urlTemplate":"https:\/\/peakart.co.uk\/de\/?s={search_term_string}"},"query-input":{"@type":"PropertyValueSpecification","valueRequired":true,"valueName":"search_term_string"}}],"inLanguage":"de"},{"@type":"Organization","@id":"https:\/\/peakart.co.uk\/de\/#organization","name":"Peak Art","url":"https:\/\/peakart.co.uk\/de\/","logo":{"@type":"ImageObject","inLanguage":"de","@id":"https:\/\/peakart.co.uk\/de\/#\/schema\/logo\/image\/","url":"https:\/\/peakart.co.uk\/wp-content\/uploads\/2023\/07\/logo-8.jpg","contentUrl":"https:\/\/peakart.co.uk\/wp-content\/uploads\/2023\/07\/logo-8.jpg","width":666,"height":259,"caption":"Peak Art"},"image":{"@id":"https:\/\/peakart.co.uk\/de\/#\/schema\/logo\/image\/"},"sameAs":["https:\/\/www.facebook.com\/PeakArtClocks\/"],"hasMerchantReturnPolicy":{"@type":"MerchantReturnPolicy","merchantReturnLink":"https:\/\/peakart.co.uk\/refund_returns\/"}}]},"og_availability":"instock","product_availability":"instock","product_retailer_item_id":"PEAKART-81927","product_condition":"new"},"_links":{"self":[{"href":"https:\/\/peakart.co.uk\/de\/wp-json\/wp\/v2\/product\/8125","targetHints":{"allow":["GET"]}}],"collection":[{"href":"https:\/\/peakart.co.uk\/de\/wp-json\/wp\/v2\/product"}],"about":[{"href":"https:\/\/peakart.co.uk\/de\/wp-json\/wp\/v2\/types\/product"}],"replies":[{"embeddable":true,"href":"https:\/\/peakart.co.uk\/de\/wp-json\/wp\/v2\/comments?post=8125"}],"wp:featuredmedia":[{"embeddable":true,"href":"https:\/\/peakart.co.uk\/de\/wp-json\/wp\/v2\/media\/33413"}],"wp:attachment":[{"href":"https:\/\/peakart.co.uk\/de\/wp-json\/wp\/v2\/media?parent=8125"}],"wp:term":[{"taxonomy":"product_brand","embeddable":true,"href":"https:\/\/peakart.co.uk\/de\/wp-json\/wp\/v2\/product_brand?post=8125"},{"taxonomy":"product_cat","embeddable":true,"href":"https:\/\/peakart.co.uk\/de\/wp-json\/wp\/v2\/product_cat?post=8125"},{"taxonomy":"product_tag","embeddable":true,"href":"https:\/\/peakart.co.uk\/de\/wp-json\/wp\/v2\/product_tag?post=8125"}],"curies":[{"name":"wp","href":"https:\/\/api.w.org\/{rel}","templated":true}]}}