{"id":8078,"date":"2015-04-04T20:35:30","date_gmt":"2018-02-12T19:34:12","guid":{"rendered":"http:\/\/peakart.co.uk\/product\/antik-uhr-in-ubergrose-mit-romischen-ziffern\/"},"modified":"2023-03-27T08:55:58","modified_gmt":"2023-03-27T07:55:58","slug":"antike-uhr-mit-romischen-ziffern","status":"publish","type":"product","link":"https:\/\/peakart.co.uk\/de\/produkt\/antike-uhr-mit-romischen-ziffern\/","title":{"rendered":"Antik-Uhr in \u00dcbergr\u00f6\u00dfe mit r\u00f6mischen Ziffern"},"content":{"rendered":"<h2>&#8220;Antik klassisch&#8221;, eine Uhr mit r\u00f6mischen Ziffern f\u00fcr Ihre Wand<\/h2>\n<p>Diese Uhr ist die erste Antik-Uhr mit r\u00f6mischen Ziffern im Online-Laden von Peak Art. Seit sie Anfang 2015 erstmals verkauft wurde, wurden von diesem Modell in den letzten Monaten viele weitere Exemplare verkauft. Sie ist bei jenen Kunden beliebt geworden, denen eine gro\u00dfe Statement-Wanduhr zu einem etwas erschwinglicheren Preis gef\u00e4llt.<\/p>\n<p>Falls Sie das Internet wochenlang nach etwas Originellerem als den \u00fcblichen Fabrikprodukten durchsucht haben, k\u00f6nnen wir Ihnen versichern, dass Sie das Gesuchte hier finden werden. S\u00e4mtliche Uhren von Peak Art werden aus Holz gefertigt und sorgf\u00e4ltig von Hand bemalt, was sie weltweit so unverwechselbar macht. Sie werden alle durch ein sehr kraftvolles Quarz-Sweep-Uhrwerk per Batterie angetrieben.<\/p>\n<p>Sie brauchen nicht der Masse zu folgen und leeren Raum an der Wand mit Spiegeln und Gem\u00e4lden auszuf\u00fcllen. Denken Sie anders als andere und werden stolzer Besitzer der staunenswertesten \u00fcbergro\u00dfen Uhren dieses Planeten. Die Uhren von Peak Art sind in ihrer Art einmalig und geh\u00f6ren f\u00fcr viele Leute, die sie zu Gesicht bekommen haben, zu den brillantesten Ideen in der Heimdekoration. Warten Sie nicht l\u00e4nger und werden einer von Tausenden <a href=\"https:\/\/www.facebook.com\/PeakArtClocks\/\">Followern auf Facebook<\/a>, die diese Vision mit uns teilen.<\/p>\n<p>Schauen Sie in unseren <a href=\"https:\/\/www.youtube.com\/c\/PeakartUkClocks\">Youtube-Kanal<\/a> an, wenn Sie sich die zahlreichen Videos ansehen wollen, die diese recht ungew\u00f6hnlichen Uhren vorstellen. Setzen Sie sich mit uns in Verbindung, wenn Sie keinen passenden Uhrenentwurf finden k\u00f6nnen \u2013 wir sind sicher, dass wir zusammenarbeiten k\u00f6nnen, um die Riesen-Wanduhr zu schaffen, die perfekt zu Ihren Bed\u00fcrfnissen passt.<\/p>\n","protected":false},"excerpt":{"rendered":"<p>Die &#8220;Antik klassisch&#8221; ist eine Wanduhr mit r\u00f6mischen Zahlzeichen, die aus zwei gro\u00dfen Fichtenholzplatten aus nachhaltiger Holzwirtschaft gefertigt ist. Das Zifferblatt pr\u00e4sentiert sorgf\u00e4ltig gearbeitete r\u00f6mische Ziffern vor einem handbemalten goldfarbenen Hintergrund. Mit einem Gesamtdurchmesser von bis zu 120 cm und ihrem traditionellen Design d\u00fcrfte sich die Uhr &#8220;Antik klassisch&#8221; in die meisten Inneneinrichtungen bestens einf\u00fcgen.<\/p>\n<p><strong>Entworfen und handgefertigt<\/strong> &#8211; Anna Siodelska, Vereinigtes K\u00f6nigreich<\/p>\n<p><strong>Farbe des Zifferblattes<\/strong> \u2013 Eiche antik<\/p>\n<p><strong>Farbe des Hintergrundes<\/strong> \u2013 Gold patiniert<\/p>\n<p><strong>Beachten Sie:<\/strong> Bei der Uhr mit Durchmesser 75 cm (30 Zoll) haben die r\u00f6mischen Ziffern eine leicht abweichende Form, um daf\u00fcr zu sorgen, dass sie nicht zu d\u00fcnn ausfallen. Ein Beispielbild mit abweichendem Design finden Sie <a href=\"https:\/\/peakart.co.uk\/wp-content\/uploads\/2017\/09\/Unique-Large-Rustic-Grey-Wooden-Wall-Clock-Left.jpg\">hier<\/a><\/p>\n","protected":false},"featured_media":31266,"comment_status":"open","ping_status":"closed","template":"","meta":[],"product_brand":[],"product_cat":[80],"product_tag":[87],"class_list":{"0":"post-8078","1":"product","2":"type-product","3":"status-publish","4":"has-post-thumbnail","6":"product_cat-grosse-wanduhren-handgefertigt","7":"product_tag-wanduhren-mit-roemischen-zahlzeichen","9":"first","10":"outofstock","11":"taxable","12":"shipping-taxable","13":"product-type-variable"},"yoast_head":"<!-- This site is optimized with the Yoast SEO Premium plugin v27.2 (Yoast SEO v27.2) - https:\/\/yoast.com\/product\/yoast-seo-premium-wordpress\/ -->\n<title>Eine Extra Gro\u00dfe Klassische Uhr aus Holz mit R\u00f6mischen Ziffern<\/title>\n<meta name=\"description\" content=\"Diese gro\u00dfe, handbemalte antike Uhr mit r\u00f6mischen Ziffern wird einen reizvoller Mittelpunkt in Ihrem Heim, im Restaurant oder am Arbeitsplatz darstellen. Ein kostspieliges St\u00fcck Heimdekoration.\" \/>\n<meta name=\"robots\" content=\"index, follow, max-snippet:-1, max-image-preview:large, max-video-preview:-1\" \/>\n<link rel=\"canonical\" href=\"https:\/\/peakart.co.uk\/de\/produkt\/antike-uhr-mit-romischen-ziffern\/\" \/>\n<meta property=\"og:locale\" content=\"de_DE\" \/>\n<meta property=\"og:type\" content=\"article\" \/>\n<meta property=\"og:title\" content=\"Antik-Uhr in \u00dcbergr\u00f6\u00dfe mit r\u00f6mischen Ziffern\" \/>\n<meta property=\"og:description\" content=\"Diese gro\u00dfe, handbemalte antike Uhr mit r\u00f6mischen Ziffern wird einen reizvoller Mittelpunkt in Ihrem Heim, im Restaurant oder am Arbeitsplatz darstellen. Ein kostspieliges St\u00fcck Heimdekoration.\" \/>\n<meta property=\"og:url\" content=\"https:\/\/peakart.co.uk\/de\/produkt\/antike-uhr-mit-romischen-ziffern\/\" \/>\n<meta property=\"og:site_name\" content=\"Peak Art\" \/>\n<meta property=\"article:publisher\" content=\"https:\/\/www.facebook.com\/PeakArtClocks\/\" \/>\n<meta property=\"article:modified_time\" content=\"2023-03-27T07:55:58+00:00\" \/>\n<meta property=\"og:image\" content=\"https:\/\/peakart.co.uk\/wp-content\/uploads\/2015\/04\/Classic-Vintage-Front-400x400-1.jpg\" \/>\n\t<meta property=\"og:image:width\" content=\"400\" \/>\n\t<meta property=\"og:image:height\" content=\"400\" \/>\n\t<meta property=\"og:image:type\" content=\"image\/jpeg\" \/>\n<meta name=\"twitter:card\" content=\"summary_large_image\" \/>\n<meta name=\"twitter:label1\" content=\"Verf\u00fcgbarkeit\" \/>\n\t<meta name=\"twitter:data1\" content=\"ausverkauft\" \/>\n<script type=\"application\/ld+json\" class=\"yoast-schema-graph\">{\"@context\":\"https:\/\/schema.org\",\"@graph\":[{\"@type\":\"WebPage\",\"@id\":\"https:\/\/peakart.co.uk\/de\/produkt\/antike-uhr-mit-romischen-ziffern\/\",\"url\":\"https:\/\/peakart.co.uk\/de\/produkt\/antike-uhr-mit-romischen-ziffern\/\",\"name\":\"Eine Extra Gro\u00dfe Klassische Uhr aus Holz mit R\u00f6mischen Ziffern\",\"isPartOf\":{\"@id\":\"https:\/\/peakart.co.uk\/de\/#website\"},\"primaryImageOfPage\":{\"@id\":\"https:\/\/peakart.co.uk\/de\/produkt\/antike-uhr-mit-romischen-ziffern\/#primaryimage\"},\"image\":{\"@id\":\"https:\/\/peakart.co.uk\/de\/produkt\/antike-uhr-mit-romischen-ziffern\/#primaryimage\"},\"thumbnailUrl\":\"https:\/\/peakart.co.uk\/wp-content\/uploads\/2015\/04\/Classic-Vintage-Front-400x400-1.jpg\",\"datePublished\":\"2018-02-12T19:34:12+00:00\",\"dateModified\":\"2023-03-27T07:55:58+00:00\",\"description\":\"Diese gro\u00dfe, handbemalte antike Uhr mit r\u00f6mischen Ziffern wird einen reizvoller Mittelpunkt in Ihrem Heim, im Restaurant oder am Arbeitsplatz darstellen. Ein kostspieliges St\u00fcck Heimdekoration.\",\"breadcrumb\":{\"@id\":\"https:\/\/peakart.co.uk\/de\/produkt\/antike-uhr-mit-romischen-ziffern\/#breadcrumb\"},\"inLanguage\":\"de\",\"potentialAction\":[{\"@type\":\"ReadAction\",\"target\":[\"https:\/\/peakart.co.uk\/de\/produkt\/antike-uhr-mit-romischen-ziffern\/\"]}]},{\"@type\":\"ImageObject\",\"inLanguage\":\"de\",\"@id\":\"https:\/\/peakart.co.uk\/de\/produkt\/antike-uhr-mit-romischen-ziffern\/#primaryimage\",\"url\":\"https:\/\/peakart.co.uk\/wp-content\/uploads\/2015\/04\/Classic-Vintage-Front-400x400-1.jpg\",\"contentUrl\":\"https:\/\/peakart.co.uk\/wp-content\/uploads\/2015\/04\/Classic-Vintage-Front-400x400-1.jpg\",\"width\":400,\"height\":400,\"caption\":\"Peak Art - Classic Vintage\"},{\"@type\":\"BreadcrumbList\",\"@id\":\"https:\/\/peakart.co.uk\/de\/produkt\/antike-uhr-mit-romischen-ziffern\/#breadcrumb\",\"itemListElement\":[{\"@type\":\"ListItem\",\"position\":1,\"name\":\"Home\",\"item\":\"https:\/\/peakart.co.uk\/de\/\"},{\"@type\":\"ListItem\",\"position\":2,\"name\":\"Shop\",\"item\":\"https:\/\/peakart.co.uk\/de\/shop\/\"},{\"@type\":\"ListItem\",\"position\":3,\"name\":\"Antik-Uhr in \u00dcbergr\u00f6\u00dfe mit r\u00f6mischen Ziffern\"}]},{\"@type\":\"WebSite\",\"@id\":\"https:\/\/peakart.co.uk\/de\/#website\",\"url\":\"https:\/\/peakart.co.uk\/de\/\",\"name\":\"Peak Art\",\"description\":\"\",\"publisher\":{\"@id\":\"https:\/\/peakart.co.uk\/de\/#organization\"},\"potentialAction\":[{\"@type\":\"SearchAction\",\"target\":{\"@type\":\"EntryPoint\",\"urlTemplate\":\"https:\/\/peakart.co.uk\/de\/?s={search_term_string}\"},\"query-input\":{\"@type\":\"PropertyValueSpecification\",\"valueRequired\":true,\"valueName\":\"search_term_string\"}}],\"inLanguage\":\"de\"},{\"@type\":\"Organization\",\"@id\":\"https:\/\/peakart.co.uk\/de\/#organization\",\"name\":\"Peak Art\",\"url\":\"https:\/\/peakart.co.uk\/de\/\",\"logo\":{\"@type\":\"ImageObject\",\"inLanguage\":\"de\",\"@id\":\"https:\/\/peakart.co.uk\/de\/#\/schema\/logo\/image\/\",\"url\":\"https:\/\/peakart.co.uk\/wp-content\/uploads\/2023\/07\/logo-8.jpg\",\"contentUrl\":\"https:\/\/peakart.co.uk\/wp-content\/uploads\/2023\/07\/logo-8.jpg\",\"width\":666,\"height\":259,\"caption\":\"Peak Art\"},\"image\":{\"@id\":\"https:\/\/peakart.co.uk\/de\/#\/schema\/logo\/image\/\"},\"sameAs\":[\"https:\/\/www.facebook.com\/PeakArtClocks\/\"],\"hasMerchantReturnPolicy\":{\"@type\":\"MerchantReturnPolicy\",\"merchantReturnLink\":\"https:\/\/peakart.co.uk\/refund_returns\/\"}}]}<\/script>\n<meta property=\"og:availability\" content=\"out of stock\" \/>\n<meta property=\"product:availability\" content=\"out of stock\" \/>\n<meta property=\"product:retailer_item_id\" content=\"PEAKART-25627\" \/>\n<meta property=\"product:condition\" content=\"new\" \/>\n<!-- \/ Yoast SEO Premium plugin. -->","yoast_head_json":{"title":"Eine Extra Gro\u00dfe Klassische Uhr aus Holz mit R\u00f6mischen Ziffern","description":"Diese gro\u00dfe, handbemalte antike Uhr mit r\u00f6mischen Ziffern wird einen reizvoller Mittelpunkt in Ihrem Heim, im Restaurant oder am Arbeitsplatz darstellen. Ein kostspieliges St\u00fcck Heimdekoration.","robots":{"index":"index","follow":"follow","max-snippet":"max-snippet:-1","max-image-preview":"max-image-preview:large","max-video-preview":"max-video-preview:-1"},"canonical":"https:\/\/peakart.co.uk\/de\/produkt\/antike-uhr-mit-romischen-ziffern\/","og_locale":"de_DE","og_type":"article","og_title":"Antik-Uhr in \u00dcbergr\u00f6\u00dfe mit r\u00f6mischen Ziffern","og_description":"Diese gro\u00dfe, handbemalte antike Uhr mit r\u00f6mischen Ziffern wird einen reizvoller Mittelpunkt in Ihrem Heim, im Restaurant oder am Arbeitsplatz darstellen. Ein kostspieliges St\u00fcck Heimdekoration.","og_url":"https:\/\/peakart.co.uk\/de\/produkt\/antike-uhr-mit-romischen-ziffern\/","og_site_name":"Peak Art","article_publisher":"https:\/\/www.facebook.com\/PeakArtClocks\/","article_modified_time":"2023-03-27T07:55:58+00:00","og_image":[{"width":400,"height":400,"url":"https:\/\/peakart.co.uk\/wp-content\/uploads\/2015\/04\/Classic-Vintage-Front-400x400-1.jpg","type":"image\/jpeg"}],"twitter_card":"summary_large_image","twitter_misc":{"Verf\u00fcgbarkeit":"ausverkauft"},"schema":{"@context":"https:\/\/schema.org","@graph":[{"@type":"WebPage","@id":"https:\/\/peakart.co.uk\/de\/produkt\/antike-uhr-mit-romischen-ziffern\/","url":"https:\/\/peakart.co.uk\/de\/produkt\/antike-uhr-mit-romischen-ziffern\/","name":"Eine Extra Gro\u00dfe Klassische Uhr aus Holz mit R\u00f6mischen Ziffern","isPartOf":{"@id":"https:\/\/peakart.co.uk\/de\/#website"},"primaryImageOfPage":{"@id":"https:\/\/peakart.co.uk\/de\/produkt\/antike-uhr-mit-romischen-ziffern\/#primaryimage"},"image":{"@id":"https:\/\/peakart.co.uk\/de\/produkt\/antike-uhr-mit-romischen-ziffern\/#primaryimage"},"thumbnailUrl":"https:\/\/peakart.co.uk\/wp-content\/uploads\/2015\/04\/Classic-Vintage-Front-400x400-1.jpg","datePublished":"2018-02-12T19:34:12+00:00","dateModified":"2023-03-27T07:55:58+00:00","description":"Diese gro\u00dfe, handbemalte antike Uhr mit r\u00f6mischen Ziffern wird einen reizvoller Mittelpunkt in Ihrem Heim, im Restaurant oder am Arbeitsplatz darstellen. Ein kostspieliges St\u00fcck Heimdekoration.","breadcrumb":{"@id":"https:\/\/peakart.co.uk\/de\/produkt\/antike-uhr-mit-romischen-ziffern\/#breadcrumb"},"inLanguage":"de","potentialAction":[{"@type":"ReadAction","target":["https:\/\/peakart.co.uk\/de\/produkt\/antike-uhr-mit-romischen-ziffern\/"]}]},{"@type":"ImageObject","inLanguage":"de","@id":"https:\/\/peakart.co.uk\/de\/produkt\/antike-uhr-mit-romischen-ziffern\/#primaryimage","url":"https:\/\/peakart.co.uk\/wp-content\/uploads\/2015\/04\/Classic-Vintage-Front-400x400-1.jpg","contentUrl":"https:\/\/peakart.co.uk\/wp-content\/uploads\/2015\/04\/Classic-Vintage-Front-400x400-1.jpg","width":400,"height":400,"caption":"Peak Art - Classic Vintage"},{"@type":"BreadcrumbList","@id":"https:\/\/peakart.co.uk\/de\/produkt\/antike-uhr-mit-romischen-ziffern\/#breadcrumb","itemListElement":[{"@type":"ListItem","position":1,"name":"Home","item":"https:\/\/peakart.co.uk\/de\/"},{"@type":"ListItem","position":2,"name":"Shop","item":"https:\/\/peakart.co.uk\/de\/shop\/"},{"@type":"ListItem","position":3,"name":"Antik-Uhr in \u00dcbergr\u00f6\u00dfe mit r\u00f6mischen Ziffern"}]},{"@type":"WebSite","@id":"https:\/\/peakart.co.uk\/de\/#website","url":"https:\/\/peakart.co.uk\/de\/","name":"Peak Art","description":"","publisher":{"@id":"https:\/\/peakart.co.uk\/de\/#organization"},"potentialAction":[{"@type":"SearchAction","target":{"@type":"EntryPoint","urlTemplate":"https:\/\/peakart.co.uk\/de\/?s={search_term_string}"},"query-input":{"@type":"PropertyValueSpecification","valueRequired":true,"valueName":"search_term_string"}}],"inLanguage":"de"},{"@type":"Organization","@id":"https:\/\/peakart.co.uk\/de\/#organization","name":"Peak Art","url":"https:\/\/peakart.co.uk\/de\/","logo":{"@type":"ImageObject","inLanguage":"de","@id":"https:\/\/peakart.co.uk\/de\/#\/schema\/logo\/image\/","url":"https:\/\/peakart.co.uk\/wp-content\/uploads\/2023\/07\/logo-8.jpg","contentUrl":"https:\/\/peakart.co.uk\/wp-content\/uploads\/2023\/07\/logo-8.jpg","width":666,"height":259,"caption":"Peak Art"},"image":{"@id":"https:\/\/peakart.co.uk\/de\/#\/schema\/logo\/image\/"},"sameAs":["https:\/\/www.facebook.com\/PeakArtClocks\/"],"hasMerchantReturnPolicy":{"@type":"MerchantReturnPolicy","merchantReturnLink":"https:\/\/peakart.co.uk\/refund_returns\/"}}]},"og_availability":"out of stock","product_availability":"out of stock","product_retailer_item_id":"PEAKART-25627","product_condition":"new"},"_links":{"self":[{"href":"https:\/\/peakart.co.uk\/de\/wp-json\/wp\/v2\/product\/8078","targetHints":{"allow":["GET"]}}],"collection":[{"href":"https:\/\/peakart.co.uk\/de\/wp-json\/wp\/v2\/product"}],"about":[{"href":"https:\/\/peakart.co.uk\/de\/wp-json\/wp\/v2\/types\/product"}],"replies":[{"embeddable":true,"href":"https:\/\/peakart.co.uk\/de\/wp-json\/wp\/v2\/comments?post=8078"}],"wp:featuredmedia":[{"embeddable":true,"href":"https:\/\/peakart.co.uk\/de\/wp-json\/wp\/v2\/media\/31266"}],"wp:attachment":[{"href":"https:\/\/peakart.co.uk\/de\/wp-json\/wp\/v2\/media?parent=8078"}],"wp:term":[{"taxonomy":"product_brand","embeddable":true,"href":"https:\/\/peakart.co.uk\/de\/wp-json\/wp\/v2\/product_brand?post=8078"},{"taxonomy":"product_cat","embeddable":true,"href":"https:\/\/peakart.co.uk\/de\/wp-json\/wp\/v2\/product_cat?post=8078"},{"taxonomy":"product_tag","embeddable":true,"href":"https:\/\/peakart.co.uk\/de\/wp-json\/wp\/v2\/product_tag?post=8078"}],"curies":[{"name":"wp","href":"https:\/\/api.w.org\/{rel}","templated":true}]}}