{"id":8064,"date":"2015-04-04T19:29:29","date_gmt":"2018-02-12T19:32:33","guid":{"rendered":"http:\/\/peakart.co.uk\/product\/luxuriose-tudor-uhr-mit-romischen-ziffern\/"},"modified":"2023-03-27T08:50:20","modified_gmt":"2023-03-27T07:50:20","slug":"tudor-uhr-mit-romischen-ziffern","status":"publish","type":"product","link":"https:\/\/peakart.co.uk\/de\/produkt\/tudor-uhr-mit-romischen-ziffern\/","title":{"rendered":"Luxuri\u00f6se Tudor-Uhr mit r\u00f6mischen Ziffern"},"content":{"rendered":"<h2>Eine kostspielige Tudor-Uhr mit r\u00f6mischen Ziffern, aus Holz gefertigt<\/h2>\n<p>Dieses klassische, runde Kunstwerk ist eine gro\u00dfe Tudor-Uhr mit r\u00f6mischen Ziffern. Wir haben sie daf\u00fcr hergestellt, in Ihrem Wohnzimmer, einem exquisiten Restaurant oder einer Penthouse-Wohnung zum Mittelpunkt zu werden. Schauen Sie sich nur diese Bilder an, dann werden Sie zustimmen m\u00fcssen, dass diese beeindruckende Uhr mit ihrer subtilen Eleganz und dem \u00e4u\u00dferst charmanten Tudor-Zifferblatt selbst noch im stilvollsten Ambiente herausragt.<\/p>\n<p>Suchen Sie nach etwas, das v\u00f6llig anders ist als das, was der Markt sonst zu bieten hat? Vielleicht bes\u00e4\u00dfen Sie statt eines gro\u00dfen Spiegels oder Gem\u00e4ldes, wie sie bei allen anderen vorkommen, ein Kunstwerk, das Ihr Zuhause vom Rest der Welt abhebt? Die &#8220;Tudor klassisch&#8221; ist eine glanzvolle und kostspielige Uhr, die einen vollkommenen und andauernden &#8220;Wow&#8221;-Effekt auf alle aus\u00fcben wird, die sie zu Gesicht bekommen.<\/p>\n<p>Wir haben dieses enorme und eindrucksvolle Produkt aus zwei gro\u00dfen Fichtenholzplatten hergestellt. Es zeigt h\u00fcbsche, von Hand geschnitzte Zahlzeichen vor dem silberfarbenen, handbemalten Hintergrund. F\u00fcr den Antrieb sorgt das sehr starke und leise arbeitende Quarz-Sweep-Uhrwerk. Dieses ben\u00f6tigt nur eine einzelne Babyzelle. Wir liefern die Uhr mit abmontierten Zeigern, um Sch\u00e4den auf dem Transport zu vermeiden. Sie erhalten eine vollst\u00e4ndige Anleitung, wie Sie die Uhrzeiger anbringen und die Zeit korrekt einstellen. Sie k\u00f6nnen auch dieses <a href=\"https:\/\/www.youtube.com\/watch?v=08Tq0lKFs30\">Youtube-Video<\/a> anschauen, wenn Sie weitere Angaben wollen.<\/p>\n<h2>Setzen Sie ein starkes Statement mit einer sch\u00f6nen Uhr mit r\u00f6mischen Ziffern von Peak Art<\/h2>\n<p>Die Uhren von Peak Art sind ganz einzigartige Kunstwerke, die Ihnen wieder in den Sinn kommen werden, wenn Sie an die Neudekoration Ihres Hauses gehen. Unsere Uhren haben exklusives, handbemalters Finish und traditionelle runde Form und werden von Tausenden von Menschen in der <a href=\"https:\/\/www.facebook.com\/PeakArtClocks\/\">Facebook-Community von Peak Art<\/a> bewundert.<\/p>\n<p>Sie k\u00f6nnen die Uhr in jedem Raum Ihres Hauses aufh\u00e4ngen. F\u00fcr welchen Platz Sie sich aber auch entscheiden, Sie sollten versuchen, sie von direkten Hitze- oder Feuchtigkeitsquellen fernzuhalten. Andere ideale Orte f\u00fcr eine Uhr von Peak Art ist Ihr B\u00fcro, eine Hotelrezeption oder ein stilvolles Restaurant. Diese wunderbaren, charismatischen Uhren aus K\u00fcnstlerhand verfehlen auf niemanden, der sie zu Gesicht bekommt, ihre beeindruckende Wirkung.<\/p>\n<p>Folgen Sie nicht den \u00fcberkommenen Trends und fordern das allgemein akzeptierte Denken heraus. Helfen Sie uns dabei, die h\u00f6lzernen Wanduhren von Peak Art zum neuen Modetrend zu machen. Nur hier bei Peak Art finden Sie die wahre Einzigartigkeit dieser Marktnische. Sie k\u00f6nnen aus der Masse herausragen, indem Sie etwas so Besonderes besitzen.<\/p>\n","protected":false},"excerpt":{"rendered":"<p>Die &#8220;Tudor klassisch&#8221; ist eine glanzvolle Uhr mit r\u00f6mischen Ziffern, die aus zwei gro\u00dfen Platten nachhaltig erzeugten Fichtenholzes hergestellt wird. Das Zifferblatt pr\u00e4sentiert sorgf\u00e4ltig gearbeitete r\u00f6mische Zahlzeichen vor einem handbemalten silberfarbenen Hintergrund. Mit einem Gesamtdurchmesser von 75 cm bis 120 cm und ihrer subtilen Eleganz wird diese Uhr Ihrer Inneneinrichtung einzigartige Pers\u00f6nlichkeit einhauchen.<\/p>\n<p><strong>Entworfen und von Hand gefertigt<\/strong> &#8211; Anna Siodelska, Vereinigtes K\u00f6nigreich<\/p>\n<p><strong>Farbe des Zifferblattes<\/strong> &#8211; Tudor Eiche<\/p>\n<p><strong>Farbe des Hintergrundes<\/strong> &#8211; gr\u00fcn mit Gold-\/Silberfarbe<\/p>\n<p><strong>Beachten Sie &#8211; <\/strong> Bei der Uhr mit Durchmesser 75 cm (30 Zoll) haben die Zahlzeichen eine leicht andere Gestalt, um sicherzugehen, dass sie nicht zu d\u00fcnn ausfallen. Ein Beispielbild mit anderem Design finden Sie <a href=\"https:\/\/peakart.co.uk\/wp-content\/uploads\/2017\/09\/Unique-Large-Rustic-Grey-Wooden-Wall-Clock-Left.jpg\">hier<\/a><\/p>\n","protected":false},"featured_media":31246,"comment_status":"open","ping_status":"closed","template":"","meta":[],"product_brand":[],"product_cat":[80],"product_tag":[87],"class_list":{"0":"post-8064","1":"product","2":"type-product","3":"status-publish","4":"has-post-thumbnail","6":"product_cat-grosse-wanduhren-handgefertigt","7":"product_tag-wanduhren-mit-roemischen-zahlzeichen","9":"first","10":"outofstock","11":"taxable","12":"shipping-taxable","13":"product-type-variable"},"yoast_head":"<!-- This site is optimized with the Yoast SEO Premium plugin v27.2 (Yoast SEO v27.2) - https:\/\/yoast.com\/product\/yoast-seo-premium-wordpress\/ -->\n<title>Eine sehr gro\u00dfe (75 cm \u2013 120 cm) Tudor-Uhr mit r\u00f6mischen Ziffern aus Holz<\/title>\n<meta name=\"description\" content=\"Die Uhr &quot;Tudor klassisch&quot; mit r\u00f6mischen Ziffern, die entworfen wurde, um allen Leuten, die sie zu sehen bekommen, ein &quot;Wow!&quot; zu entlocken, das bleibt. In drei verschiedenen Gr\u00f6\u00dfen erh\u00e4ltlich.\" \/>\n<meta name=\"robots\" content=\"index, follow, max-snippet:-1, max-image-preview:large, max-video-preview:-1\" \/>\n<link rel=\"canonical\" href=\"https:\/\/peakart.co.uk\/de\/produkt\/tudor-uhr-mit-romischen-ziffern\/\" \/>\n<meta property=\"og:locale\" content=\"de_DE\" \/>\n<meta property=\"og:type\" content=\"article\" \/>\n<meta property=\"og:title\" content=\"Luxuri\u00f6se Tudor-Uhr mit r\u00f6mischen Ziffern\" \/>\n<meta property=\"og:description\" content=\"Die Uhr &quot;Tudor klassisch&quot; mit r\u00f6mischen Ziffern, die entworfen wurde, um allen Leuten, die sie zu sehen bekommen, ein &quot;Wow!&quot; zu entlocken, das bleibt. In drei verschiedenen Gr\u00f6\u00dfen erh\u00e4ltlich.\" \/>\n<meta property=\"og:url\" content=\"https:\/\/peakart.co.uk\/de\/produkt\/tudor-uhr-mit-romischen-ziffern\/\" \/>\n<meta property=\"og:site_name\" content=\"Peak Art\" \/>\n<meta property=\"article:publisher\" content=\"https:\/\/www.facebook.com\/PeakArtClocks\/\" \/>\n<meta property=\"article:modified_time\" content=\"2023-03-27T07:50:20+00:00\" \/>\n<meta property=\"og:image\" content=\"https:\/\/peakart.co.uk\/wp-content\/uploads\/2015\/04\/Classic-Tudor-Front1-400x400.jpg\" \/>\n\t<meta property=\"og:image:width\" content=\"400\" \/>\n\t<meta property=\"og:image:height\" content=\"400\" \/>\n\t<meta property=\"og:image:type\" content=\"image\/jpeg\" \/>\n<meta name=\"twitter:card\" content=\"summary_large_image\" \/>\n<meta name=\"twitter:label1\" content=\"Verf\u00fcgbarkeit\" \/>\n\t<meta name=\"twitter:data1\" content=\"ausverkauft\" \/>\n<script type=\"application\/ld+json\" class=\"yoast-schema-graph\">{\"@context\":\"https:\/\/schema.org\",\"@graph\":[{\"@type\":\"WebPage\",\"@id\":\"https:\/\/peakart.co.uk\/de\/produkt\/tudor-uhr-mit-romischen-ziffern\/\",\"url\":\"https:\/\/peakart.co.uk\/de\/produkt\/tudor-uhr-mit-romischen-ziffern\/\",\"name\":\"Eine sehr gro\u00dfe (75 cm \u2013 120 cm) Tudor-Uhr mit r\u00f6mischen Ziffern aus Holz\",\"isPartOf\":{\"@id\":\"https:\/\/peakart.co.uk\/de\/#website\"},\"primaryImageOfPage\":{\"@id\":\"https:\/\/peakart.co.uk\/de\/produkt\/tudor-uhr-mit-romischen-ziffern\/#primaryimage\"},\"image\":{\"@id\":\"https:\/\/peakart.co.uk\/de\/produkt\/tudor-uhr-mit-romischen-ziffern\/#primaryimage\"},\"thumbnailUrl\":\"https:\/\/peakart.co.uk\/wp-content\/uploads\/2015\/04\/Classic-Tudor-Front1-400x400.jpg\",\"datePublished\":\"2018-02-12T19:32:33+00:00\",\"dateModified\":\"2023-03-27T07:50:20+00:00\",\"description\":\"Die Uhr \\\"Tudor klassisch\\\" mit r\u00f6mischen Ziffern, die entworfen wurde, um allen Leuten, die sie zu sehen bekommen, ein \\\"Wow!\\\" zu entlocken, das bleibt. In drei verschiedenen Gr\u00f6\u00dfen erh\u00e4ltlich.\",\"breadcrumb\":{\"@id\":\"https:\/\/peakart.co.uk\/de\/produkt\/tudor-uhr-mit-romischen-ziffern\/#breadcrumb\"},\"inLanguage\":\"de\",\"potentialAction\":[{\"@type\":\"ReadAction\",\"target\":[\"https:\/\/peakart.co.uk\/de\/produkt\/tudor-uhr-mit-romischen-ziffern\/\"]}]},{\"@type\":\"ImageObject\",\"inLanguage\":\"de\",\"@id\":\"https:\/\/peakart.co.uk\/de\/produkt\/tudor-uhr-mit-romischen-ziffern\/#primaryimage\",\"url\":\"https:\/\/peakart.co.uk\/wp-content\/uploads\/2015\/04\/Classic-Tudor-Front1-400x400.jpg\",\"contentUrl\":\"https:\/\/peakart.co.uk\/wp-content\/uploads\/2015\/04\/Classic-Tudor-Front1-400x400.jpg\",\"width\":400,\"height\":400},{\"@type\":\"BreadcrumbList\",\"@id\":\"https:\/\/peakart.co.uk\/de\/produkt\/tudor-uhr-mit-romischen-ziffern\/#breadcrumb\",\"itemListElement\":[{\"@type\":\"ListItem\",\"position\":1,\"name\":\"Home\",\"item\":\"https:\/\/peakart.co.uk\/de\/\"},{\"@type\":\"ListItem\",\"position\":2,\"name\":\"Shop\",\"item\":\"https:\/\/peakart.co.uk\/de\/shop\/\"},{\"@type\":\"ListItem\",\"position\":3,\"name\":\"Luxuri\u00f6se Tudor-Uhr mit r\u00f6mischen Ziffern\"}]},{\"@type\":\"WebSite\",\"@id\":\"https:\/\/peakart.co.uk\/de\/#website\",\"url\":\"https:\/\/peakart.co.uk\/de\/\",\"name\":\"Peak Art\",\"description\":\"\",\"publisher\":{\"@id\":\"https:\/\/peakart.co.uk\/de\/#organization\"},\"potentialAction\":[{\"@type\":\"SearchAction\",\"target\":{\"@type\":\"EntryPoint\",\"urlTemplate\":\"https:\/\/peakart.co.uk\/de\/?s={search_term_string}\"},\"query-input\":{\"@type\":\"PropertyValueSpecification\",\"valueRequired\":true,\"valueName\":\"search_term_string\"}}],\"inLanguage\":\"de\"},{\"@type\":\"Organization\",\"@id\":\"https:\/\/peakart.co.uk\/de\/#organization\",\"name\":\"Peak Art\",\"url\":\"https:\/\/peakart.co.uk\/de\/\",\"logo\":{\"@type\":\"ImageObject\",\"inLanguage\":\"de\",\"@id\":\"https:\/\/peakart.co.uk\/de\/#\/schema\/logo\/image\/\",\"url\":\"https:\/\/peakart.co.uk\/wp-content\/uploads\/2023\/07\/logo-8.jpg\",\"contentUrl\":\"https:\/\/peakart.co.uk\/wp-content\/uploads\/2023\/07\/logo-8.jpg\",\"width\":666,\"height\":259,\"caption\":\"Peak Art\"},\"image\":{\"@id\":\"https:\/\/peakart.co.uk\/de\/#\/schema\/logo\/image\/\"},\"sameAs\":[\"https:\/\/www.facebook.com\/PeakArtClocks\/\"],\"hasMerchantReturnPolicy\":{\"@type\":\"MerchantReturnPolicy\",\"merchantReturnLink\":\"https:\/\/peakart.co.uk\/refund_returns\/\"}}]}<\/script>\n<meta property=\"og:availability\" content=\"out of stock\" \/>\n<meta property=\"product:availability\" content=\"out of stock\" \/>\n<meta property=\"product:retailer_item_id\" content=\"PEAKART-33829\" \/>\n<meta property=\"product:condition\" content=\"new\" \/>\n<!-- \/ Yoast SEO Premium plugin. -->","yoast_head_json":{"title":"Eine sehr gro\u00dfe (75 cm \u2013 120 cm) Tudor-Uhr mit r\u00f6mischen Ziffern aus Holz","description":"Die Uhr \"Tudor klassisch\" mit r\u00f6mischen Ziffern, die entworfen wurde, um allen Leuten, die sie zu sehen bekommen, ein \"Wow!\" zu entlocken, das bleibt. In drei verschiedenen Gr\u00f6\u00dfen erh\u00e4ltlich.","robots":{"index":"index","follow":"follow","max-snippet":"max-snippet:-1","max-image-preview":"max-image-preview:large","max-video-preview":"max-video-preview:-1"},"canonical":"https:\/\/peakart.co.uk\/de\/produkt\/tudor-uhr-mit-romischen-ziffern\/","og_locale":"de_DE","og_type":"article","og_title":"Luxuri\u00f6se Tudor-Uhr mit r\u00f6mischen Ziffern","og_description":"Die Uhr \"Tudor klassisch\" mit r\u00f6mischen Ziffern, die entworfen wurde, um allen Leuten, die sie zu sehen bekommen, ein \"Wow!\" zu entlocken, das bleibt. In drei verschiedenen Gr\u00f6\u00dfen erh\u00e4ltlich.","og_url":"https:\/\/peakart.co.uk\/de\/produkt\/tudor-uhr-mit-romischen-ziffern\/","og_site_name":"Peak Art","article_publisher":"https:\/\/www.facebook.com\/PeakArtClocks\/","article_modified_time":"2023-03-27T07:50:20+00:00","og_image":[{"width":400,"height":400,"url":"https:\/\/peakart.co.uk\/wp-content\/uploads\/2015\/04\/Classic-Tudor-Front1-400x400.jpg","type":"image\/jpeg"}],"twitter_card":"summary_large_image","twitter_misc":{"Verf\u00fcgbarkeit":"ausverkauft"},"schema":{"@context":"https:\/\/schema.org","@graph":[{"@type":"WebPage","@id":"https:\/\/peakart.co.uk\/de\/produkt\/tudor-uhr-mit-romischen-ziffern\/","url":"https:\/\/peakart.co.uk\/de\/produkt\/tudor-uhr-mit-romischen-ziffern\/","name":"Eine sehr gro\u00dfe (75 cm \u2013 120 cm) Tudor-Uhr mit r\u00f6mischen Ziffern aus Holz","isPartOf":{"@id":"https:\/\/peakart.co.uk\/de\/#website"},"primaryImageOfPage":{"@id":"https:\/\/peakart.co.uk\/de\/produkt\/tudor-uhr-mit-romischen-ziffern\/#primaryimage"},"image":{"@id":"https:\/\/peakart.co.uk\/de\/produkt\/tudor-uhr-mit-romischen-ziffern\/#primaryimage"},"thumbnailUrl":"https:\/\/peakart.co.uk\/wp-content\/uploads\/2015\/04\/Classic-Tudor-Front1-400x400.jpg","datePublished":"2018-02-12T19:32:33+00:00","dateModified":"2023-03-27T07:50:20+00:00","description":"Die Uhr \"Tudor klassisch\" mit r\u00f6mischen Ziffern, die entworfen wurde, um allen Leuten, die sie zu sehen bekommen, ein \"Wow!\" zu entlocken, das bleibt. In drei verschiedenen Gr\u00f6\u00dfen erh\u00e4ltlich.","breadcrumb":{"@id":"https:\/\/peakart.co.uk\/de\/produkt\/tudor-uhr-mit-romischen-ziffern\/#breadcrumb"},"inLanguage":"de","potentialAction":[{"@type":"ReadAction","target":["https:\/\/peakart.co.uk\/de\/produkt\/tudor-uhr-mit-romischen-ziffern\/"]}]},{"@type":"ImageObject","inLanguage":"de","@id":"https:\/\/peakart.co.uk\/de\/produkt\/tudor-uhr-mit-romischen-ziffern\/#primaryimage","url":"https:\/\/peakart.co.uk\/wp-content\/uploads\/2015\/04\/Classic-Tudor-Front1-400x400.jpg","contentUrl":"https:\/\/peakart.co.uk\/wp-content\/uploads\/2015\/04\/Classic-Tudor-Front1-400x400.jpg","width":400,"height":400},{"@type":"BreadcrumbList","@id":"https:\/\/peakart.co.uk\/de\/produkt\/tudor-uhr-mit-romischen-ziffern\/#breadcrumb","itemListElement":[{"@type":"ListItem","position":1,"name":"Home","item":"https:\/\/peakart.co.uk\/de\/"},{"@type":"ListItem","position":2,"name":"Shop","item":"https:\/\/peakart.co.uk\/de\/shop\/"},{"@type":"ListItem","position":3,"name":"Luxuri\u00f6se Tudor-Uhr mit r\u00f6mischen Ziffern"}]},{"@type":"WebSite","@id":"https:\/\/peakart.co.uk\/de\/#website","url":"https:\/\/peakart.co.uk\/de\/","name":"Peak Art","description":"","publisher":{"@id":"https:\/\/peakart.co.uk\/de\/#organization"},"potentialAction":[{"@type":"SearchAction","target":{"@type":"EntryPoint","urlTemplate":"https:\/\/peakart.co.uk\/de\/?s={search_term_string}"},"query-input":{"@type":"PropertyValueSpecification","valueRequired":true,"valueName":"search_term_string"}}],"inLanguage":"de"},{"@type":"Organization","@id":"https:\/\/peakart.co.uk\/de\/#organization","name":"Peak Art","url":"https:\/\/peakart.co.uk\/de\/","logo":{"@type":"ImageObject","inLanguage":"de","@id":"https:\/\/peakart.co.uk\/de\/#\/schema\/logo\/image\/","url":"https:\/\/peakart.co.uk\/wp-content\/uploads\/2023\/07\/logo-8.jpg","contentUrl":"https:\/\/peakart.co.uk\/wp-content\/uploads\/2023\/07\/logo-8.jpg","width":666,"height":259,"caption":"Peak Art"},"image":{"@id":"https:\/\/peakart.co.uk\/de\/#\/schema\/logo\/image\/"},"sameAs":["https:\/\/www.facebook.com\/PeakArtClocks\/"],"hasMerchantReturnPolicy":{"@type":"MerchantReturnPolicy","merchantReturnLink":"https:\/\/peakart.co.uk\/refund_returns\/"}}]},"og_availability":"out of stock","product_availability":"out of stock","product_retailer_item_id":"PEAKART-33829","product_condition":"new"},"_links":{"self":[{"href":"https:\/\/peakart.co.uk\/de\/wp-json\/wp\/v2\/product\/8064","targetHints":{"allow":["GET"]}}],"collection":[{"href":"https:\/\/peakart.co.uk\/de\/wp-json\/wp\/v2\/product"}],"about":[{"href":"https:\/\/peakart.co.uk\/de\/wp-json\/wp\/v2\/types\/product"}],"replies":[{"embeddable":true,"href":"https:\/\/peakart.co.uk\/de\/wp-json\/wp\/v2\/comments?post=8064"}],"wp:featuredmedia":[{"embeddable":true,"href":"https:\/\/peakart.co.uk\/de\/wp-json\/wp\/v2\/media\/31246"}],"wp:attachment":[{"href":"https:\/\/peakart.co.uk\/de\/wp-json\/wp\/v2\/media?parent=8064"}],"wp:term":[{"taxonomy":"product_brand","embeddable":true,"href":"https:\/\/peakart.co.uk\/de\/wp-json\/wp\/v2\/product_brand?post=8064"},{"taxonomy":"product_cat","embeddable":true,"href":"https:\/\/peakart.co.uk\/de\/wp-json\/wp\/v2\/product_cat?post=8064"},{"taxonomy":"product_tag","embeddable":true,"href":"https:\/\/peakart.co.uk\/de\/wp-json\/wp\/v2\/product_tag?post=8064"}],"curies":[{"name":"wp","href":"https:\/\/api.w.org\/{rel}","templated":true}]}}