{"id":8057,"date":"2015-11-18T19:42:36","date_gmt":"2018-02-12T19:27:22","guid":{"rendered":"http:\/\/peakart.co.uk\/product\/grose-handgefertigte-mosaik-wanduhr\/"},"modified":"2023-03-25T19:55:26","modified_gmt":"2023-03-25T19:55:26","slug":"mosaic-wanduhr","status":"publish","type":"product","link":"https:\/\/peakart.co.uk\/de\/produkt\/mosaic-wanduhr\/","title":{"rendered":"Gro\u00dfe handgefertigte Mosaik-Wanduhr"},"content":{"rendered":"<h2>\u00dcberdimensionale handbemalte Mosaik-Wanduhr als Zeitmesser und Dekoration<\/h2>\n<p>&#8220;Mosaic&#8221; ist eine gro\u00dfe k\u00fcnstlerische Wanduhr, die aus zwei massiven Kiefernholzplatten ausgeschnitten und zusammengef\u00fcgt ist. Sie k\u00f6nnen viele verschiedene Farbt\u00f6ne und Muster sehen, die sich in einer wundersch\u00f6nen Komposition kreuzen. Dies ist nicht nur ein au\u00dfergew\u00f6hnlicher und einzigartiger Zeitmesser, sondern auch ein einzigartiges Kunstwerk.<\/p>\n<p>M\u00f6chten Sie etwas anderes als gew\u00f6hnliche Bilder an der Wand? Vielleicht ist es an der Zeit, den Spiegel oder das gro\u00dfe Gem\u00e4lde durch eine neue frische Idee zu ersetzen? Haben Sie eine sch\u00f6ne Mosaik-Wanduhr in Betracht gezogen, durch die sich Ihr Wohnraum vom Rest der Welt abheben k\u00f6nnte? Werfen Sie einen Blick in <a href=\"https:\/\/peakart.co.uk\/de\/gallerie\/\">unsere Online-Galerie<\/a>, die unsere Uhren in verschiedenen Ausf\u00fchrungen zeigt. Sie werden mir zustimmen, dass jede einzelne von ihnen unglaublich beeindruckend und einzigartig ist.<\/p>\n<p>Der Mechanismus ist das st\u00e4rkste Sweep-Quartzuhrwerk. Es arbeitet ger\u00e4uschlos und ben\u00f6tigt nur eine einzige Babyzellen-Batterie. Die Uhr wird mit abnehmbaren Zeigern geliefert, um Transportsch\u00e4den zu vermeiden. Sie k\u00f6nnen sich auch das <a href=\"https:\/\/www.youtube.com\/watch?v=08Tq0lKFs30\">Kurzvideo<\/a> ansehen, in dem ich demonstriere, wie man die Uhrzeiger anbringt und die Uhrzeit einstellt.<\/p>\n<h2>Wanduhren von Peak Art sind nicht nur Objekte zum Anzeigen der Zeit<\/h2>\n<p>Alle Peak Art-Wanduhren sind wunderbare Kunstwerke mit einigen zeitgen\u00f6ssischen Akzenten. Die Wanduhren zeichnen sich durch ein charakteristisches handgefertigtes Design aus und haben eine traditionelle runde Form. Sie k\u00f6nnen sie in jedem Raum Ihres Zuhauses sowie in gro\u00dfen Hallen oder Eingangsbereichen montieren. Ein weiterer perfekter Ort f\u00fcr diese riesigen Uhren ist Ihr B\u00fcro, Ihre Hotelrezeption oder sogar Ihr Penthouse-Appartement. Wie in <a href=\"https:\/\/peakart.co.uk\/de\/agbs\/\">unseren Allgemeinen Gesch\u00e4ftsbedingungen<\/a> beschrieben, denken Sie daran, Hitze und Feuchtigkeit zu vermeiden und diese Uhren ausschlie\u00dflich in Innenbereichen anzubringen.<\/p>\n<p>Folgen Sie nicht der Masse, fordern Sie bew\u00e4hrte Mode heraus und machen Sie die massiven handgefertigten Wanduhren von Peak Art zum neuen Designtrend. Durchsuchen Sie Google nach <a href=\"https:\/\/www.google.co.uk\/search?q=large+handmade+clocks\">gro\u00dfen handgefertigten Uhren<\/a> und Sie werden sehen, dass Peak Art in diesem Nischenmarkt konkurrenzlos f\u00fchrend ist.<\/p>\n","protected":false},"excerpt":{"rendered":"<p>Die &#8220;Mosaik&#8221; wird aus zwei gro\u00dfen Platten aus nachhaltig gewonnenem Kiefernholz handgefertigt. Diese wundersch\u00f6ne Mosaik-Wanduhr ist Teil der neuen Kollektion k\u00fcnstlerischer Zeitmesser. Das Zifferblatt sieht mit seinen markanten Merkmalen auf dem handbemalten Hintergrund verbl\u00fcffend aus. Mit einem Gesamtdurchmesser von 100 cm wird die &#8220;Mosaik&#8221; Ihrem Wohnzimmer Einzigartigkeit und Charakter verleihen.<\/p>\n<p><strong>Design &amp; Handfertigung<\/strong> \u2013 Anna Siodelska, Vereinigtes K\u00f6nigreich<\/p>\n<p><strong>Farbe des Zifferblatts<\/strong> \u2013 Chateau-Grau<\/p>\n<p><strong>Hintergrundfarbe<\/strong> \u2013 Mosaik<\/p>\n","protected":false},"featured_media":31012,"comment_status":"open","ping_status":"closed","template":"","meta":[],"product_brand":[],"product_cat":[80],"product_tag":[82],"class_list":{"0":"post-8057","1":"product","2":"type-product","3":"status-publish","4":"has-post-thumbnail","6":"product_cat-grosse-wanduhren-handgefertigt","7":"product_tag-grosse-kuenstlerische-wanduhren","9":"first","10":"outofstock","11":"sale","12":"taxable","13":"shipping-taxable","14":"purchasable","15":"product-type-simple"},"yoast_head":"<!-- This site is optimized with the Yoast SEO Premium plugin v27.2 (Yoast SEO v27.2) - https:\/\/yoast.com\/product\/yoast-seo-premium-wordpress\/ -->\n<title>Gro\u00dfe handbemalte Mosaik-Wanduhr. Teure Statement-Kunst.<\/title>\n<meta name=\"description\" content=\"Gro\u00dfe und teure Mosaik-Wanduhr. Dies ist ein atemberaubendes Werk funktioneller Kunst f\u00fcr den exzentrischsten Geschmack.\" \/>\n<meta name=\"robots\" content=\"index, follow, max-snippet:-1, max-image-preview:large, max-video-preview:-1\" \/>\n<link rel=\"canonical\" href=\"https:\/\/peakart.co.uk\/de\/produkt\/mosaic-wanduhr\/\" \/>\n<meta property=\"og:locale\" content=\"de_DE\" \/>\n<meta property=\"og:type\" content=\"article\" \/>\n<meta property=\"og:title\" content=\"Gro\u00dfe handgefertigte Mosaik-Wanduhr\" \/>\n<meta property=\"og:description\" content=\"Gro\u00dfe und teure Mosaik-Wanduhr. Dies ist ein atemberaubendes Werk funktioneller Kunst f\u00fcr den exzentrischsten Geschmack.\" \/>\n<meta property=\"og:url\" content=\"https:\/\/peakart.co.uk\/de\/produkt\/mosaic-wanduhr\/\" \/>\n<meta property=\"og:site_name\" content=\"Peak Art\" \/>\n<meta property=\"article:publisher\" content=\"https:\/\/www.facebook.com\/PeakArtClocks\/\" \/>\n<meta property=\"article:modified_time\" content=\"2023-03-25T19:55:26+00:00\" \/>\n<meta property=\"og:image\" content=\"https:\/\/peakart.co.uk\/wp-content\/uploads\/2015\/11\/Mosaic-grey-front-transp-400x400-1.jpg\" \/>\n\t<meta property=\"og:image:width\" content=\"400\" \/>\n\t<meta property=\"og:image:height\" content=\"400\" \/>\n\t<meta property=\"og:image:type\" content=\"image\/jpeg\" \/>\n<meta name=\"twitter:card\" content=\"summary_large_image\" \/>\n<meta name=\"twitter:label1\" content=\"Preis\" \/>\n\t<meta name=\"twitter:data1\" content=\"&euro;890\" \/>\n\t<meta name=\"twitter:label2\" content=\"Verf\u00fcgbarkeit\" \/>\n\t<meta name=\"twitter:data2\" content=\"ausverkauft\" \/>\n<script type=\"application\/ld+json\" class=\"yoast-schema-graph\">{\"@context\":\"https:\/\/schema.org\",\"@graph\":[{\"@type\":\"WebPage\",\"@id\":\"https:\/\/peakart.co.uk\/de\/produkt\/mosaic-wanduhr\/\",\"url\":\"https:\/\/peakart.co.uk\/de\/produkt\/mosaic-wanduhr\/\",\"name\":\"Gro\u00dfe handbemalte Mosaik-Wanduhr. Teure Statement-Kunst.\",\"isPartOf\":{\"@id\":\"https:\/\/peakart.co.uk\/de\/#website\"},\"primaryImageOfPage\":{\"@id\":\"https:\/\/peakart.co.uk\/de\/produkt\/mosaic-wanduhr\/#primaryimage\"},\"image\":{\"@id\":\"https:\/\/peakart.co.uk\/de\/produkt\/mosaic-wanduhr\/#primaryimage\"},\"thumbnailUrl\":\"https:\/\/peakart.co.uk\/wp-content\/uploads\/2015\/11\/Mosaic-grey-front-transp-400x400-1.jpg\",\"datePublished\":\"2018-02-12T19:27:22+00:00\",\"dateModified\":\"2023-03-25T19:55:26+00:00\",\"description\":\"Gro\u00dfe und teure Mosaik-Wanduhr. Dies ist ein atemberaubendes Werk funktioneller Kunst f\u00fcr den exzentrischsten Geschmack.\",\"breadcrumb\":{\"@id\":\"https:\/\/peakart.co.uk\/de\/produkt\/mosaic-wanduhr\/#breadcrumb\"},\"inLanguage\":\"de\",\"potentialAction\":[{\"@type\":\"ReadAction\",\"target\":[\"https:\/\/peakart.co.uk\/de\/produkt\/mosaic-wanduhr\/\"]}]},{\"@type\":\"ImageObject\",\"inLanguage\":\"de\",\"@id\":\"https:\/\/peakart.co.uk\/de\/produkt\/mosaic-wanduhr\/#primaryimage\",\"url\":\"https:\/\/peakart.co.uk\/wp-content\/uploads\/2015\/11\/Mosaic-grey-front-transp-400x400-1.jpg\",\"contentUrl\":\"https:\/\/peakart.co.uk\/wp-content\/uploads\/2015\/11\/Mosaic-grey-front-transp-400x400-1.jpg\",\"width\":400,\"height\":400,\"caption\":\"Peak Art - Mosaic\"},{\"@type\":\"BreadcrumbList\",\"@id\":\"https:\/\/peakart.co.uk\/de\/produkt\/mosaic-wanduhr\/#breadcrumb\",\"itemListElement\":[{\"@type\":\"ListItem\",\"position\":1,\"name\":\"Home\",\"item\":\"https:\/\/peakart.co.uk\/de\/\"},{\"@type\":\"ListItem\",\"position\":2,\"name\":\"Shop\",\"item\":\"https:\/\/peakart.co.uk\/de\/shop\/\"},{\"@type\":\"ListItem\",\"position\":3,\"name\":\"Gro\u00dfe handgefertigte Mosaik-Wanduhr\"}]},{\"@type\":\"WebSite\",\"@id\":\"https:\/\/peakart.co.uk\/de\/#website\",\"url\":\"https:\/\/peakart.co.uk\/de\/\",\"name\":\"Peak Art\",\"description\":\"\",\"publisher\":{\"@id\":\"https:\/\/peakart.co.uk\/de\/#organization\"},\"potentialAction\":[{\"@type\":\"SearchAction\",\"target\":{\"@type\":\"EntryPoint\",\"urlTemplate\":\"https:\/\/peakart.co.uk\/de\/?s={search_term_string}\"},\"query-input\":{\"@type\":\"PropertyValueSpecification\",\"valueRequired\":true,\"valueName\":\"search_term_string\"}}],\"inLanguage\":\"de\"},{\"@type\":\"Organization\",\"@id\":\"https:\/\/peakart.co.uk\/de\/#organization\",\"name\":\"Peak Art\",\"url\":\"https:\/\/peakart.co.uk\/de\/\",\"logo\":{\"@type\":\"ImageObject\",\"inLanguage\":\"de\",\"@id\":\"https:\/\/peakart.co.uk\/de\/#\/schema\/logo\/image\/\",\"url\":\"https:\/\/peakart.co.uk\/wp-content\/uploads\/2023\/07\/logo-8.jpg\",\"contentUrl\":\"https:\/\/peakart.co.uk\/wp-content\/uploads\/2023\/07\/logo-8.jpg\",\"width\":666,\"height\":259,\"caption\":\"Peak Art\"},\"image\":{\"@id\":\"https:\/\/peakart.co.uk\/de\/#\/schema\/logo\/image\/\"},\"sameAs\":[\"https:\/\/www.facebook.com\/PeakArtClocks\/\"],\"hasMerchantReturnPolicy\":{\"@type\":\"MerchantReturnPolicy\",\"merchantReturnLink\":\"https:\/\/peakart.co.uk\/refund_returns\/\"}}]}<\/script>\n<meta property=\"product:price:amount\" content=\"890\" \/>\n<meta property=\"product:price:currency\" content=\"EUR\" \/>\n<meta property=\"og:availability\" content=\"out of stock\" \/>\n<meta property=\"product:availability\" content=\"out of stock\" \/>\n<meta property=\"product:retailer_item_id\" content=\"PEAKART-35121\" \/>\n<meta property=\"product:condition\" content=\"new\" \/>\n<!-- \/ Yoast SEO Premium plugin. -->","yoast_head_json":{"title":"Gro\u00dfe handbemalte Mosaik-Wanduhr. Teure Statement-Kunst.","description":"Gro\u00dfe und teure Mosaik-Wanduhr. Dies ist ein atemberaubendes Werk funktioneller Kunst f\u00fcr den exzentrischsten Geschmack.","robots":{"index":"index","follow":"follow","max-snippet":"max-snippet:-1","max-image-preview":"max-image-preview:large","max-video-preview":"max-video-preview:-1"},"canonical":"https:\/\/peakart.co.uk\/de\/produkt\/mosaic-wanduhr\/","og_locale":"de_DE","og_type":"article","og_title":"Gro\u00dfe handgefertigte Mosaik-Wanduhr","og_description":"Gro\u00dfe und teure Mosaik-Wanduhr. Dies ist ein atemberaubendes Werk funktioneller Kunst f\u00fcr den exzentrischsten Geschmack.","og_url":"https:\/\/peakart.co.uk\/de\/produkt\/mosaic-wanduhr\/","og_site_name":"Peak Art","article_publisher":"https:\/\/www.facebook.com\/PeakArtClocks\/","article_modified_time":"2023-03-25T19:55:26+00:00","og_image":[{"width":400,"height":400,"url":"https:\/\/peakart.co.uk\/wp-content\/uploads\/2015\/11\/Mosaic-grey-front-transp-400x400-1.jpg","type":"image\/jpeg"}],"twitter_card":"summary_large_image","twitter_misc":{"Preis":"&euro;890","Verf\u00fcgbarkeit":"ausverkauft"},"schema":{"@context":"https:\/\/schema.org","@graph":[{"@type":"WebPage","@id":"https:\/\/peakart.co.uk\/de\/produkt\/mosaic-wanduhr\/","url":"https:\/\/peakart.co.uk\/de\/produkt\/mosaic-wanduhr\/","name":"Gro\u00dfe handbemalte Mosaik-Wanduhr. Teure Statement-Kunst.","isPartOf":{"@id":"https:\/\/peakart.co.uk\/de\/#website"},"primaryImageOfPage":{"@id":"https:\/\/peakart.co.uk\/de\/produkt\/mosaic-wanduhr\/#primaryimage"},"image":{"@id":"https:\/\/peakart.co.uk\/de\/produkt\/mosaic-wanduhr\/#primaryimage"},"thumbnailUrl":"https:\/\/peakart.co.uk\/wp-content\/uploads\/2015\/11\/Mosaic-grey-front-transp-400x400-1.jpg","datePublished":"2018-02-12T19:27:22+00:00","dateModified":"2023-03-25T19:55:26+00:00","description":"Gro\u00dfe und teure Mosaik-Wanduhr. Dies ist ein atemberaubendes Werk funktioneller Kunst f\u00fcr den exzentrischsten Geschmack.","breadcrumb":{"@id":"https:\/\/peakart.co.uk\/de\/produkt\/mosaic-wanduhr\/#breadcrumb"},"inLanguage":"de","potentialAction":[{"@type":"ReadAction","target":["https:\/\/peakart.co.uk\/de\/produkt\/mosaic-wanduhr\/"]}]},{"@type":"ImageObject","inLanguage":"de","@id":"https:\/\/peakart.co.uk\/de\/produkt\/mosaic-wanduhr\/#primaryimage","url":"https:\/\/peakart.co.uk\/wp-content\/uploads\/2015\/11\/Mosaic-grey-front-transp-400x400-1.jpg","contentUrl":"https:\/\/peakart.co.uk\/wp-content\/uploads\/2015\/11\/Mosaic-grey-front-transp-400x400-1.jpg","width":400,"height":400,"caption":"Peak Art - Mosaic"},{"@type":"BreadcrumbList","@id":"https:\/\/peakart.co.uk\/de\/produkt\/mosaic-wanduhr\/#breadcrumb","itemListElement":[{"@type":"ListItem","position":1,"name":"Home","item":"https:\/\/peakart.co.uk\/de\/"},{"@type":"ListItem","position":2,"name":"Shop","item":"https:\/\/peakart.co.uk\/de\/shop\/"},{"@type":"ListItem","position":3,"name":"Gro\u00dfe handgefertigte Mosaik-Wanduhr"}]},{"@type":"WebSite","@id":"https:\/\/peakart.co.uk\/de\/#website","url":"https:\/\/peakart.co.uk\/de\/","name":"Peak Art","description":"","publisher":{"@id":"https:\/\/peakart.co.uk\/de\/#organization"},"potentialAction":[{"@type":"SearchAction","target":{"@type":"EntryPoint","urlTemplate":"https:\/\/peakart.co.uk\/de\/?s={search_term_string}"},"query-input":{"@type":"PropertyValueSpecification","valueRequired":true,"valueName":"search_term_string"}}],"inLanguage":"de"},{"@type":"Organization","@id":"https:\/\/peakart.co.uk\/de\/#organization","name":"Peak Art","url":"https:\/\/peakart.co.uk\/de\/","logo":{"@type":"ImageObject","inLanguage":"de","@id":"https:\/\/peakart.co.uk\/de\/#\/schema\/logo\/image\/","url":"https:\/\/peakart.co.uk\/wp-content\/uploads\/2023\/07\/logo-8.jpg","contentUrl":"https:\/\/peakart.co.uk\/wp-content\/uploads\/2023\/07\/logo-8.jpg","width":666,"height":259,"caption":"Peak Art"},"image":{"@id":"https:\/\/peakart.co.uk\/de\/#\/schema\/logo\/image\/"},"sameAs":["https:\/\/www.facebook.com\/PeakArtClocks\/"],"hasMerchantReturnPolicy":{"@type":"MerchantReturnPolicy","merchantReturnLink":"https:\/\/peakart.co.uk\/refund_returns\/"}}]},"product_price_amount":"890","product_price_currency":"EUR","og_availability":"out of stock","product_availability":"out of stock","product_retailer_item_id":"PEAKART-35121","product_condition":"new"},"_links":{"self":[{"href":"https:\/\/peakart.co.uk\/de\/wp-json\/wp\/v2\/product\/8057","targetHints":{"allow":["GET"]}}],"collection":[{"href":"https:\/\/peakart.co.uk\/de\/wp-json\/wp\/v2\/product"}],"about":[{"href":"https:\/\/peakart.co.uk\/de\/wp-json\/wp\/v2\/types\/product"}],"replies":[{"embeddable":true,"href":"https:\/\/peakart.co.uk\/de\/wp-json\/wp\/v2\/comments?post=8057"}],"wp:featuredmedia":[{"embeddable":true,"href":"https:\/\/peakart.co.uk\/de\/wp-json\/wp\/v2\/media\/31012"}],"wp:attachment":[{"href":"https:\/\/peakart.co.uk\/de\/wp-json\/wp\/v2\/media?parent=8057"}],"wp:term":[{"taxonomy":"product_brand","embeddable":true,"href":"https:\/\/peakart.co.uk\/de\/wp-json\/wp\/v2\/product_brand?post=8057"},{"taxonomy":"product_cat","embeddable":true,"href":"https:\/\/peakart.co.uk\/de\/wp-json\/wp\/v2\/product_cat?post=8057"},{"taxonomy":"product_tag","embeddable":true,"href":"https:\/\/peakart.co.uk\/de\/wp-json\/wp\/v2\/product_tag?post=8057"}],"curies":[{"name":"wp","href":"https:\/\/api.w.org\/{rel}","templated":true}]}}