{"id":8052,"date":"2016-03-02T12:34:50","date_gmt":"2018-02-12T19:26:58","guid":{"rendered":"http:\/\/peakart.co.uk\/product\/grose-skelett-wanduhr-mit-romischen-ziffern\/"},"modified":"2023-03-25T11:07:23","modified_gmt":"2023-03-25T11:07:23","slug":"grose-skelett-wanduhr","status":"publish","type":"product","link":"https:\/\/peakart.co.uk\/de\/produkt\/grose-skelett-wanduhr\/","title":{"rendered":"Gro\u00dfe Skelett-Wanduhr mit r\u00f6mischen Ziffern"},"content":{"rendered":"<h2>Gro\u00dfe Skelett-Wanduhr mit wundersch\u00f6nen handgeschnitzten Ziffern<\/h2>\n<p>Diese herrliche rustikale Skelett-Wanduhr ist wundersch\u00f6n gestaltet und handgefertigt, um ein Blickfang in Ihrem Wohnzimmer zu sein. Sie zeigt gro\u00dfe r\u00f6mische Holzziffern, zwischen denen man die Wand im Hintergrund sehen kann. Vielleicht sind Sie auf die Website von Peak Art gesto\u00dfen, weil Sie eine unvergleichliche Wanddekoration gesucht haben. Vielleicht hat Ihnen jemand von unseren einzigartigen <a href=\"https:\/\/peakart.co.uk\/de\/produkt-schlagwort\/skelett-wanduhren\/\">Skelett-Wanduhren<\/a> erz\u00e4hlt?<\/p>\n<p>Dieses bezaubernde Kunstwerk wird aus einer einzigen gro\u00dfen Kiefernholzplatte handgefertigt. Dadurch entsteht ein unverwechselbarer Charakter sowie ein Gef\u00fchl von Leichtigkeit. Die Uhr verf\u00fcgt \u00fcber einen schmalen kreisrunden Rand, der auf der R\u00fcckseite angebracht ist und f\u00fcr eine dreidimensionale Optik sorgt. Er dient auch dazu, den Uhrwerkmechanismus zu verstecken. Die &#8220;Light Rustic&#8221; ist eine der preisg\u00fcnstigsten Zeitmesser in unserer Kollektion, jedoch keineswegs billig.<\/p>\n<p>Der Mechanismus, das st\u00e4rkste Sweep-Quartzuhrwerk, wird von einer einzigen Babyzellen-Batterie betrieben. Die Uhr wird mit abnehmbaren Zeigern geliefert, um Transportsch\u00e4den zu vermeiden. Sie k\u00f6nnen sich auch das <a href=\"https:\/\/www.youtube.com\/watch?v=08Tq0lKFs30\">Kurzvideo<\/a> ansehen, in dem ich demonstriere, wie man die Uhrzeiger anbringt und die Uhrzeit einstellt.<\/p>\n<h2>Jede gro\u00dfe Skelett-Wanduhr von Peak Art garantiert einen starken &#8220;Wow&#8221;-Effekt.<\/h2>\n<p>Bei Peak Art bieten wir nur die beste Qualit\u00e4t bemerkenswerter Statement-Wanduhren, die jedem, der auf sie trifft, einen starken Wow-Effekt bieten. Unsere Produkte sind alle teure Kunstwerke, die Ihnen in den Sinn kommen werden, wenn Sie mit der Neudekoration Ihres Hauses beginnen oder die gro\u00dfe leere Fl\u00e4che an Ihrer Wand f\u00fcllen m\u00f6chten.<\/p>\n<p>Die Wanduhren zeichnen sich durch ein charakteristisches handgefertigtes Design aus und haben eine traditionelle runde Form. Sie k\u00f6nnen sie in Innenr\u00e4umen anbringen, sollten sie jedoch von direkten W\u00e4rme- oder Feuchtigkeitsquellen fernhalten. Jede gro\u00dfe Skelett-Wanduhr von Peak Art kann auch in gro\u00dfen Hallen, Eingangsbereichen, B\u00fcros oder an Hotelrezeptionen platziert werden.<\/p>\n<p>Folgen Sie nicht der alten Mode, fordern Sie bew\u00e4hrte Trends heraus und machen Sie unsere \u00fcberdimensionalen handgefertigten Wanduhren zur richtungsweisenden Inneneinrichtung. Nur bei Peak Art finden Sie die wahre Einzigartigkeit in dieser Nische und Sie k\u00f6nnen sich von der Masse abheben, indem Sie etwas so \u00dcberlegenes besitzen.<\/p>\n","protected":false},"excerpt":{"rendered":"<p>Die <b>&#8220;Light Rustic&#8221;<\/b> Skelett-Wanduhr wird in Handarbeit aus einer einzigen gro\u00dfen Kiefernholzplatte gefertigt und hat einen zus\u00e4tzlichen runden Rand auf der R\u00fcckseite. Sie geh\u00f6rt zur neuen Familie der Hohluhren. Das Zifferblatt zeigt gro\u00dfe r\u00f6mische Ziffern und die Wandfarbe ist im Hintergrund sichtbar. Mit einem Gesamtdurchmesser von <strong>100 cm<\/strong> und dem klassischen Design wird die <strong>&#8220;Light<\/strong> <b>Rustic&#8221;<\/b> in jedem Innenraum fantastisch aussehen.<\/p>\n<p><strong>Design &amp; Handfertigung<\/strong> \u2013 Anna Siodelska, Vereinigtes K\u00f6nigreich<\/p>\n<p><strong>Farbe des Zifferblatts<\/strong> \u2013 Rustikal-Kiefer<\/p>\n<p><strong>Hintergrundfarbe<\/strong> \u2013 Transparent\/ Wandfarbe<\/p>\n<p>&nbsp;<\/p>\n","protected":false},"featured_media":32299,"comment_status":"closed","ping_status":"closed","template":"","meta":[],"product_brand":[],"product_cat":[80],"product_tag":[83,90,87,82,95],"class_list":{"0":"post-8052","1":"product","2":"type-product","3":"status-publish","4":"has-post-thumbnail","6":"product_cat-grosse-wanduhren-handgefertigt","7":"product_tag-grosse-dekorative-wanduhren","8":"product_tag-grosse-skelett-wanduhren-mit-roemischen-zahlzeichen","9":"product_tag-wanduhren-mit-roemischen-zahlzeichen","10":"product_tag-grosse-kuenstlerische-wanduhren","11":"product_tag-skelett-wanduhren","13":"first","14":"instock","15":"sale","16":"taxable","17":"shipping-taxable","18":"purchasable","19":"product-type-variable"},"yoast_head":"<!-- This site is optimized with the Yoast SEO Premium plugin v27.2 (Yoast SEO v27.2) - https:\/\/yoast.com\/product\/yoast-seo-premium-wordpress\/ -->\n<title>Gro\u00dfe Skelett-Wanduhr. Wundersch\u00f6ne handgefertigte Wandkunst.<\/title>\n<meta name=\"description\" content=\"Diese pr\u00e4chtige gro\u00dfe Skelettuhr ist wundersch\u00f6n gestaltet, um ein Blickfang in Ihrem famili\u00e4ren Zuhause zu sein und jeden, der sie zu Gesicht bekommt, zu beeindrucken.\" \/>\n<meta name=\"robots\" content=\"index, follow, max-snippet:-1, max-image-preview:large, max-video-preview:-1\" \/>\n<link rel=\"canonical\" href=\"https:\/\/peakart.co.uk\/de\/produkt\/grose-skelett-wanduhr\/\" \/>\n<meta property=\"og:locale\" content=\"de_DE\" \/>\n<meta property=\"og:type\" content=\"article\" \/>\n<meta property=\"og:title\" content=\"Gro\u00dfe Skelett-Wanduhr mit r\u00f6mischen Ziffern\" \/>\n<meta property=\"og:description\" content=\"Diese pr\u00e4chtige gro\u00dfe Skelettuhr ist wundersch\u00f6n gestaltet, um ein Blickfang in Ihrem famili\u00e4ren Zuhause zu sein und jeden, der sie zu Gesicht bekommt, zu beeindrucken.\" \/>\n<meta property=\"og:url\" content=\"https:\/\/peakart.co.uk\/de\/produkt\/grose-skelett-wanduhr\/\" \/>\n<meta property=\"og:site_name\" content=\"Peak Art\" \/>\n<meta property=\"article:publisher\" content=\"https:\/\/www.facebook.com\/PeakArtClocks\/\" \/>\n<meta property=\"article:modified_time\" content=\"2023-03-25T11:07:23+00:00\" \/>\n<meta property=\"og:image\" content=\"https:\/\/peakart.co.uk\/wp-content\/uploads\/2016\/03\/Facebook-Ad-Rustic.jpg\" \/>\n\t<meta property=\"og:image:width\" content=\"1200\" \/>\n\t<meta property=\"og:image:height\" content=\"1200\" \/>\n\t<meta property=\"og:image:type\" content=\"image\/jpeg\" \/>\n<meta name=\"twitter:card\" content=\"summary_large_image\" \/>\n<meta name=\"twitter:label1\" content=\"Verf\u00fcgbarkeit\" \/>\n\t<meta name=\"twitter:data1\" content=\"Auf Lager\" \/>\n<script type=\"application\/ld+json\" class=\"yoast-schema-graph\">{\"@context\":\"https:\/\/schema.org\",\"@graph\":[{\"@type\":\"WebPage\",\"@id\":\"https:\/\/peakart.co.uk\/de\/produkt\/grose-skelett-wanduhr\/\",\"url\":\"https:\/\/peakart.co.uk\/de\/produkt\/grose-skelett-wanduhr\/\",\"name\":\"Gro\u00dfe Skelett-Wanduhr. Wundersch\u00f6ne handgefertigte Wandkunst.\",\"isPartOf\":{\"@id\":\"https:\/\/peakart.co.uk\/de\/#website\"},\"primaryImageOfPage\":{\"@id\":\"https:\/\/peakart.co.uk\/de\/produkt\/grose-skelett-wanduhr\/#primaryimage\"},\"image\":{\"@id\":\"https:\/\/peakart.co.uk\/de\/produkt\/grose-skelett-wanduhr\/#primaryimage\"},\"thumbnailUrl\":\"https:\/\/peakart.co.uk\/wp-content\/uploads\/2016\/03\/Facebook-Ad-Rustic.jpg\",\"datePublished\":\"2018-02-12T19:26:58+00:00\",\"dateModified\":\"2023-03-25T11:07:23+00:00\",\"description\":\"Diese pr\u00e4chtige gro\u00dfe Skelettuhr ist wundersch\u00f6n gestaltet, um ein Blickfang in Ihrem famili\u00e4ren Zuhause zu sein und jeden, der sie zu Gesicht bekommt, zu beeindrucken.\",\"breadcrumb\":{\"@id\":\"https:\/\/peakart.co.uk\/de\/produkt\/grose-skelett-wanduhr\/#breadcrumb\"},\"inLanguage\":\"de\",\"potentialAction\":[{\"@type\":\"ReadAction\",\"target\":[\"https:\/\/peakart.co.uk\/de\/produkt\/grose-skelett-wanduhr\/\"]}]},{\"@type\":\"ImageObject\",\"inLanguage\":\"de\",\"@id\":\"https:\/\/peakart.co.uk\/de\/produkt\/grose-skelett-wanduhr\/#primaryimage\",\"url\":\"https:\/\/peakart.co.uk\/wp-content\/uploads\/2016\/03\/Facebook-Ad-Rustic.jpg\",\"contentUrl\":\"https:\/\/peakart.co.uk\/wp-content\/uploads\/2016\/03\/Facebook-Ad-Rustic.jpg\",\"width\":1200,\"height\":1200},{\"@type\":\"BreadcrumbList\",\"@id\":\"https:\/\/peakart.co.uk\/de\/produkt\/grose-skelett-wanduhr\/#breadcrumb\",\"itemListElement\":[{\"@type\":\"ListItem\",\"position\":1,\"name\":\"Home\",\"item\":\"https:\/\/peakart.co.uk\/de\/\"},{\"@type\":\"ListItem\",\"position\":2,\"name\":\"Shop\",\"item\":\"https:\/\/peakart.co.uk\/de\/shop\/\"},{\"@type\":\"ListItem\",\"position\":3,\"name\":\"Gro\u00dfe Skelett-Wanduhr mit r\u00f6mischen Ziffern\"}]},{\"@type\":\"WebSite\",\"@id\":\"https:\/\/peakart.co.uk\/de\/#website\",\"url\":\"https:\/\/peakart.co.uk\/de\/\",\"name\":\"Peak Art\",\"description\":\"\",\"publisher\":{\"@id\":\"https:\/\/peakart.co.uk\/de\/#organization\"},\"potentialAction\":[{\"@type\":\"SearchAction\",\"target\":{\"@type\":\"EntryPoint\",\"urlTemplate\":\"https:\/\/peakart.co.uk\/de\/?s={search_term_string}\"},\"query-input\":{\"@type\":\"PropertyValueSpecification\",\"valueRequired\":true,\"valueName\":\"search_term_string\"}}],\"inLanguage\":\"de\"},{\"@type\":\"Organization\",\"@id\":\"https:\/\/peakart.co.uk\/de\/#organization\",\"name\":\"Peak Art\",\"url\":\"https:\/\/peakart.co.uk\/de\/\",\"logo\":{\"@type\":\"ImageObject\",\"inLanguage\":\"de\",\"@id\":\"https:\/\/peakart.co.uk\/de\/#\/schema\/logo\/image\/\",\"url\":\"https:\/\/peakart.co.uk\/wp-content\/uploads\/2023\/07\/logo-8.jpg\",\"contentUrl\":\"https:\/\/peakart.co.uk\/wp-content\/uploads\/2023\/07\/logo-8.jpg\",\"width\":666,\"height\":259,\"caption\":\"Peak Art\"},\"image\":{\"@id\":\"https:\/\/peakart.co.uk\/de\/#\/schema\/logo\/image\/\"},\"sameAs\":[\"https:\/\/www.facebook.com\/PeakArtClocks\/\"],\"hasMerchantReturnPolicy\":{\"@type\":\"MerchantReturnPolicy\",\"merchantReturnLink\":\"https:\/\/peakart.co.uk\/refund_returns\/\"}}]}<\/script>\n<meta property=\"og:availability\" content=\"instock\" \/>\n<meta property=\"product:availability\" content=\"instock\" \/>\n<meta property=\"product:retailer_item_id\" content=\"PEAKART-17369\" \/>\n<meta property=\"product:condition\" content=\"new\" \/>\n<!-- \/ Yoast SEO Premium plugin. -->","yoast_head_json":{"title":"Gro\u00dfe Skelett-Wanduhr. Wundersch\u00f6ne handgefertigte Wandkunst.","description":"Diese pr\u00e4chtige gro\u00dfe Skelettuhr ist wundersch\u00f6n gestaltet, um ein Blickfang in Ihrem famili\u00e4ren Zuhause zu sein und jeden, der sie zu Gesicht bekommt, zu beeindrucken.","robots":{"index":"index","follow":"follow","max-snippet":"max-snippet:-1","max-image-preview":"max-image-preview:large","max-video-preview":"max-video-preview:-1"},"canonical":"https:\/\/peakart.co.uk\/de\/produkt\/grose-skelett-wanduhr\/","og_locale":"de_DE","og_type":"article","og_title":"Gro\u00dfe Skelett-Wanduhr mit r\u00f6mischen Ziffern","og_description":"Diese pr\u00e4chtige gro\u00dfe Skelettuhr ist wundersch\u00f6n gestaltet, um ein Blickfang in Ihrem famili\u00e4ren Zuhause zu sein und jeden, der sie zu Gesicht bekommt, zu beeindrucken.","og_url":"https:\/\/peakart.co.uk\/de\/produkt\/grose-skelett-wanduhr\/","og_site_name":"Peak Art","article_publisher":"https:\/\/www.facebook.com\/PeakArtClocks\/","article_modified_time":"2023-03-25T11:07:23+00:00","og_image":[{"width":1200,"height":1200,"url":"https:\/\/peakart.co.uk\/wp-content\/uploads\/2016\/03\/Facebook-Ad-Rustic.jpg","type":"image\/jpeg"}],"twitter_card":"summary_large_image","twitter_misc":{"Verf\u00fcgbarkeit":"Auf Lager"},"schema":{"@context":"https:\/\/schema.org","@graph":[{"@type":"WebPage","@id":"https:\/\/peakart.co.uk\/de\/produkt\/grose-skelett-wanduhr\/","url":"https:\/\/peakart.co.uk\/de\/produkt\/grose-skelett-wanduhr\/","name":"Gro\u00dfe Skelett-Wanduhr. Wundersch\u00f6ne handgefertigte Wandkunst.","isPartOf":{"@id":"https:\/\/peakart.co.uk\/de\/#website"},"primaryImageOfPage":{"@id":"https:\/\/peakart.co.uk\/de\/produkt\/grose-skelett-wanduhr\/#primaryimage"},"image":{"@id":"https:\/\/peakart.co.uk\/de\/produkt\/grose-skelett-wanduhr\/#primaryimage"},"thumbnailUrl":"https:\/\/peakart.co.uk\/wp-content\/uploads\/2016\/03\/Facebook-Ad-Rustic.jpg","datePublished":"2018-02-12T19:26:58+00:00","dateModified":"2023-03-25T11:07:23+00:00","description":"Diese pr\u00e4chtige gro\u00dfe Skelettuhr ist wundersch\u00f6n gestaltet, um ein Blickfang in Ihrem famili\u00e4ren Zuhause zu sein und jeden, der sie zu Gesicht bekommt, zu beeindrucken.","breadcrumb":{"@id":"https:\/\/peakart.co.uk\/de\/produkt\/grose-skelett-wanduhr\/#breadcrumb"},"inLanguage":"de","potentialAction":[{"@type":"ReadAction","target":["https:\/\/peakart.co.uk\/de\/produkt\/grose-skelett-wanduhr\/"]}]},{"@type":"ImageObject","inLanguage":"de","@id":"https:\/\/peakart.co.uk\/de\/produkt\/grose-skelett-wanduhr\/#primaryimage","url":"https:\/\/peakart.co.uk\/wp-content\/uploads\/2016\/03\/Facebook-Ad-Rustic.jpg","contentUrl":"https:\/\/peakart.co.uk\/wp-content\/uploads\/2016\/03\/Facebook-Ad-Rustic.jpg","width":1200,"height":1200},{"@type":"BreadcrumbList","@id":"https:\/\/peakart.co.uk\/de\/produkt\/grose-skelett-wanduhr\/#breadcrumb","itemListElement":[{"@type":"ListItem","position":1,"name":"Home","item":"https:\/\/peakart.co.uk\/de\/"},{"@type":"ListItem","position":2,"name":"Shop","item":"https:\/\/peakart.co.uk\/de\/shop\/"},{"@type":"ListItem","position":3,"name":"Gro\u00dfe Skelett-Wanduhr mit r\u00f6mischen Ziffern"}]},{"@type":"WebSite","@id":"https:\/\/peakart.co.uk\/de\/#website","url":"https:\/\/peakart.co.uk\/de\/","name":"Peak Art","description":"","publisher":{"@id":"https:\/\/peakart.co.uk\/de\/#organization"},"potentialAction":[{"@type":"SearchAction","target":{"@type":"EntryPoint","urlTemplate":"https:\/\/peakart.co.uk\/de\/?s={search_term_string}"},"query-input":{"@type":"PropertyValueSpecification","valueRequired":true,"valueName":"search_term_string"}}],"inLanguage":"de"},{"@type":"Organization","@id":"https:\/\/peakart.co.uk\/de\/#organization","name":"Peak Art","url":"https:\/\/peakart.co.uk\/de\/","logo":{"@type":"ImageObject","inLanguage":"de","@id":"https:\/\/peakart.co.uk\/de\/#\/schema\/logo\/image\/","url":"https:\/\/peakart.co.uk\/wp-content\/uploads\/2023\/07\/logo-8.jpg","contentUrl":"https:\/\/peakart.co.uk\/wp-content\/uploads\/2023\/07\/logo-8.jpg","width":666,"height":259,"caption":"Peak Art"},"image":{"@id":"https:\/\/peakart.co.uk\/de\/#\/schema\/logo\/image\/"},"sameAs":["https:\/\/www.facebook.com\/PeakArtClocks\/"],"hasMerchantReturnPolicy":{"@type":"MerchantReturnPolicy","merchantReturnLink":"https:\/\/peakart.co.uk\/refund_returns\/"}}]},"og_availability":"instock","product_availability":"instock","product_retailer_item_id":"PEAKART-17369","product_condition":"new"},"_links":{"self":[{"href":"https:\/\/peakart.co.uk\/de\/wp-json\/wp\/v2\/product\/8052","targetHints":{"allow":["GET"]}}],"collection":[{"href":"https:\/\/peakart.co.uk\/de\/wp-json\/wp\/v2\/product"}],"about":[{"href":"https:\/\/peakart.co.uk\/de\/wp-json\/wp\/v2\/types\/product"}],"replies":[{"embeddable":true,"href":"https:\/\/peakart.co.uk\/de\/wp-json\/wp\/v2\/comments?post=8052"}],"wp:featuredmedia":[{"embeddable":true,"href":"https:\/\/peakart.co.uk\/de\/wp-json\/wp\/v2\/media\/32299"}],"wp:attachment":[{"href":"https:\/\/peakart.co.uk\/de\/wp-json\/wp\/v2\/media?parent=8052"}],"wp:term":[{"taxonomy":"product_brand","embeddable":true,"href":"https:\/\/peakart.co.uk\/de\/wp-json\/wp\/v2\/product_brand?post=8052"},{"taxonomy":"product_cat","embeddable":true,"href":"https:\/\/peakart.co.uk\/de\/wp-json\/wp\/v2\/product_cat?post=8052"},{"taxonomy":"product_tag","embeddable":true,"href":"https:\/\/peakart.co.uk\/de\/wp-json\/wp\/v2\/product_tag?post=8052"}],"curies":[{"name":"wp","href":"https:\/\/api.w.org\/{rel}","templated":true}]}}