{"id":8028,"date":"2015-07-11T19:47:46","date_gmt":"2018-02-09T08:16:18","guid":{"rendered":"http:\/\/peakart.co.uk\/product\/extra-grosse-handgefertigte-jeans-wanduhr\/"},"modified":"2023-03-26T21:30:44","modified_gmt":"2023-03-26T20:30:44","slug":"jeans-wanduhr","status":"publish","type":"product","link":"https:\/\/peakart.co.uk\/de\/produkt\/jeans-wanduhr\/","title":{"rendered":"Gro\u00dfe handgefertigte Jeans-Wanduhr"},"content":{"rendered":"<h2>Gro\u00dfe Statement-Wanduhr &#8220;Jeans&#8221; mit r\u00f6mischen Ziffern<\/h2>\n<p>Wir haben diese einmalige Jeans-Wanduhr zwar f\u00fcr eine maskuline Umgebung entworfen, aber sie d\u00fcrfte zu den meisten zeitgen\u00f6ssischen Inneneinrichtungen passen. M\u00f6chten Sie eine deutliche Aussage abgeben und Ihre Besucher mit diesem einzigartigen und verfeinerten St\u00fcck Wandkunst beeindrucken? Wir sind sicher, dass jede unserer <a href=\"https:\/\/peakart.co.uk\/de\/produkt-schlagwort\/wanduhren-mit-roemischen-zahlzeichen\/\">Uhren mit r\u00f6mischen Ziffern<\/a> noch den h\u00f6chsten Anspr\u00fcchen gen\u00fcgt.<\/p>\n<p>Wir haben dieses erstaunliche Uhrenkunstwerk aus zwei gro\u00dfen, zusammengeschraubten Fichtenholzplatten hergestellt. Das sorgt f\u00fcr einen sch\u00f6nen, nat\u00fcrlichen und dreidimensionalen Charakter. Die Vorderseite der Uhr zeigt schieferfarbene r\u00f6mische Ziffern, die wir mit einem tiefdunklen Hintergrund erg\u00e4nzt haben.<\/p>\n<p>F\u00fcr den Antrieb sorgt das sehr starke und leise arbeitende Quarz-Sweep-Uhrwerk. Es ben\u00f6tigt nur eine einzelne Babyzelle, die 9 Monate lang halten sollte. Wenn Sie die Uhr erhalten, m\u00fcssen Sie beide Zeiger anmontieren und die Zeit einstellen, wobei Sie sich nach folgender kurzer Demonstration auf <a href=\"https:\/\/www.youtube.com\/watch?v=08Tq0lKFs30\">Youtube<\/a> richten k\u00f6nnen.<\/p>\n<p>Die Wanduhren von Peak Art sind einmalige und kostspielige Kunstwerke. Sie werden an sie denken, wenn Sie die Renovierung Ihres Wohnzimmers in Angriff nehmen. Sie k\u00f6nnen Sie in jedem Raum Ihres Hauses, im B\u00fcro, Hotel oder im Luxus-Penthouse anbringen. Doch egal, wo Sie sich entscheiden, eines unserer Produkte vorzuzeigen: Halten Sie sie bitte von direkten W\u00e4rmequellen fern. Vermeiden Sie Feuchtigkeit bitte ebenso, da diese die Lebenszeit des Uhrwerks vermindern kann.<\/p>\n<p>Werden Sie in unserer <a href=\"https:\/\/www.facebook.com\/PeakArtClocks\/\">Facebook-Community<\/a> einer von Tausenden Menschen weltweit und teilen uns Ihre Kommentare mit. Wenn Sie auf Google nach <a href=\"https:\/\/www.google.de\/search?q=handgefertigten+statement-wanduhren\">handgefertigten Statement-Wanduhren<\/a> Ausschau halten, werden Sie erkennen, dass Peak Art in dieser Marktnische f\u00fchrend ist. Alle anderen Produkte dieser Gr\u00f6\u00dfe und Funktionalit\u00e4t sind typische Fabrikware aus Massenproduktion.<\/p>\n<p>&nbsp;<\/p>\n","protected":false},"excerpt":{"rendered":"<p>Diese klassische Wanduhr &#8220;Jeans&#8221; wurde aus zwei gro\u00dfen Fichtenholzplatten aus nachhaltiger Erzeugung hergestellt. Das Zifferblatt zeigt sorgf\u00e4ltig geschnitzte r\u00f6mische Zahlzeichen vor einem handbemalten, Jeansstoff \u00e4hnelnden Hintergrund. Mit einem Gesamtdurchmesser von 75 cm bis 120 cm (30 bis 48 Zoll) und ihren einzigartigen Merkmalen wird sie eine au\u00dfergew\u00f6hnliche und moderne Bereicherung in Ihrem Haus darstellen.<\/p>\n<p><strong>Entworfen und handgefertigt<\/strong> &#8211; Anna Siodelska, Vereinigtes K\u00f6nigreich<\/p>\n<p><strong>Farbe des Zifferblattes<\/strong> &#8211; Jeansstoff<\/p>\n<p><strong>Farbe des Hintergrundes<\/strong> &#8211; Jeansstoff<\/p>\n","protected":false},"featured_media":32348,"comment_status":"open","ping_status":"closed","template":"","meta":[],"product_brand":[],"product_cat":[80],"product_tag":[83,87,82],"class_list":{"0":"post-8028","1":"product","2":"type-product","3":"status-publish","4":"has-post-thumbnail","6":"product_cat-grosse-wanduhren-handgefertigt","7":"product_tag-grosse-dekorative-wanduhren","8":"product_tag-wanduhren-mit-roemischen-zahlzeichen","9":"product_tag-grosse-kuenstlerische-wanduhren","11":"first","12":"instock","13":"sale","14":"taxable","15":"shipping-taxable","16":"purchasable","17":"product-type-variable"},"yoast_head":"<!-- This site is optimized with the Yoast SEO Premium plugin v27.2 (Yoast SEO v27.2) - https:\/\/yoast.com\/product\/yoast-seo-premium-wordpress\/ -->\n<title>Gro\u00dfe, aussagekr\u00e4ftige Jeans-Wanduhr. Handgefertigt &amp; Handbemalt<\/title>\n<meta name=\"description\" content=\"Die gro\u00dfe, aussagekr\u00e4ftig Jeans-Wanduhr wird jeden mit ihrer einzigartigen Sch\u00f6nheit beeindrucken. Luxuri\u00f6se &amp; Edle Wandkunst in \u00dcbergr\u00f6\u00dfe.\" \/>\n<meta name=\"robots\" content=\"index, follow, max-snippet:-1, max-image-preview:large, max-video-preview:-1\" \/>\n<link rel=\"canonical\" href=\"https:\/\/peakart.co.uk\/de\/produkt\/jeans-wanduhr\/\" \/>\n<meta property=\"og:locale\" content=\"de_DE\" \/>\n<meta property=\"og:type\" content=\"article\" \/>\n<meta property=\"og:title\" content=\"Gro\u00dfe handgefertigte Jeans-Wanduhr\" \/>\n<meta property=\"og:description\" content=\"Die gro\u00dfe, aussagekr\u00e4ftig Jeans-Wanduhr wird jeden mit ihrer einzigartigen Sch\u00f6nheit beeindrucken. Luxuri\u00f6se &amp; Edle Wandkunst in \u00dcbergr\u00f6\u00dfe.\" \/>\n<meta property=\"og:url\" content=\"https:\/\/peakart.co.uk\/de\/produkt\/jeans-wanduhr\/\" \/>\n<meta property=\"og:site_name\" content=\"Peak Art\" \/>\n<meta property=\"article:publisher\" content=\"https:\/\/www.facebook.com\/PeakArtClocks\/\" \/>\n<meta property=\"article:modified_time\" content=\"2023-03-26T20:30:44+00:00\" \/>\n<meta property=\"og:image\" content=\"https:\/\/peakart.co.uk\/wp-content\/uploads\/2015\/07\/Classic-Denim-Scale1-1.jpg\" \/>\n\t<meta property=\"og:image:width\" content=\"500\" \/>\n\t<meta property=\"og:image:height\" content=\"500\" \/>\n\t<meta property=\"og:image:type\" content=\"image\/jpeg\" \/>\n<meta name=\"twitter:card\" content=\"summary_large_image\" \/>\n<meta name=\"twitter:label1\" content=\"Verf\u00fcgbarkeit\" \/>\n\t<meta name=\"twitter:data1\" content=\"Auf Lager\" \/>\n<script type=\"application\/ld+json\" class=\"yoast-schema-graph\">{\"@context\":\"https:\/\/schema.org\",\"@graph\":[{\"@type\":\"WebPage\",\"@id\":\"https:\/\/peakart.co.uk\/de\/produkt\/jeans-wanduhr\/\",\"url\":\"https:\/\/peakart.co.uk\/de\/produkt\/jeans-wanduhr\/\",\"name\":\"Gro\u00dfe, aussagekr\u00e4ftige Jeans-Wanduhr. Handgefertigt & Handbemalt\",\"isPartOf\":{\"@id\":\"https:\/\/peakart.co.uk\/de\/#website\"},\"primaryImageOfPage\":{\"@id\":\"https:\/\/peakart.co.uk\/de\/produkt\/jeans-wanduhr\/#primaryimage\"},\"image\":{\"@id\":\"https:\/\/peakart.co.uk\/de\/produkt\/jeans-wanduhr\/#primaryimage\"},\"thumbnailUrl\":\"https:\/\/peakart.co.uk\/wp-content\/uploads\/2015\/07\/Classic-Denim-Scale1-1.jpg\",\"datePublished\":\"2018-02-09T08:16:18+00:00\",\"dateModified\":\"2023-03-26T20:30:44+00:00\",\"description\":\"Die gro\u00dfe, aussagekr\u00e4ftig Jeans-Wanduhr wird jeden mit ihrer einzigartigen Sch\u00f6nheit beeindrucken. Luxuri\u00f6se & Edle Wandkunst in \u00dcbergr\u00f6\u00dfe.\",\"breadcrumb\":{\"@id\":\"https:\/\/peakart.co.uk\/de\/produkt\/jeans-wanduhr\/#breadcrumb\"},\"inLanguage\":\"de\",\"potentialAction\":[{\"@type\":\"ReadAction\",\"target\":[\"https:\/\/peakart.co.uk\/de\/produkt\/jeans-wanduhr\/\"]}]},{\"@type\":\"ImageObject\",\"inLanguage\":\"de\",\"@id\":\"https:\/\/peakart.co.uk\/de\/produkt\/jeans-wanduhr\/#primaryimage\",\"url\":\"https:\/\/peakart.co.uk\/wp-content\/uploads\/2015\/07\/Classic-Denim-Scale1-1.jpg\",\"contentUrl\":\"https:\/\/peakart.co.uk\/wp-content\/uploads\/2015\/07\/Classic-Denim-Scale1-1.jpg\",\"width\":500,\"height\":500},{\"@type\":\"BreadcrumbList\",\"@id\":\"https:\/\/peakart.co.uk\/de\/produkt\/jeans-wanduhr\/#breadcrumb\",\"itemListElement\":[{\"@type\":\"ListItem\",\"position\":1,\"name\":\"Home\",\"item\":\"https:\/\/peakart.co.uk\/de\/\"},{\"@type\":\"ListItem\",\"position\":2,\"name\":\"Shop\",\"item\":\"https:\/\/peakart.co.uk\/de\/shop\/\"},{\"@type\":\"ListItem\",\"position\":3,\"name\":\"Gro\u00dfe handgefertigte Jeans-Wanduhr\"}]},{\"@type\":\"WebSite\",\"@id\":\"https:\/\/peakart.co.uk\/de\/#website\",\"url\":\"https:\/\/peakart.co.uk\/de\/\",\"name\":\"Peak Art\",\"description\":\"\",\"publisher\":{\"@id\":\"https:\/\/peakart.co.uk\/de\/#organization\"},\"potentialAction\":[{\"@type\":\"SearchAction\",\"target\":{\"@type\":\"EntryPoint\",\"urlTemplate\":\"https:\/\/peakart.co.uk\/de\/?s={search_term_string}\"},\"query-input\":{\"@type\":\"PropertyValueSpecification\",\"valueRequired\":true,\"valueName\":\"search_term_string\"}}],\"inLanguage\":\"de\"},{\"@type\":\"Organization\",\"@id\":\"https:\/\/peakart.co.uk\/de\/#organization\",\"name\":\"Peak Art\",\"url\":\"https:\/\/peakart.co.uk\/de\/\",\"logo\":{\"@type\":\"ImageObject\",\"inLanguage\":\"de\",\"@id\":\"https:\/\/peakart.co.uk\/de\/#\/schema\/logo\/image\/\",\"url\":\"https:\/\/peakart.co.uk\/wp-content\/uploads\/2023\/07\/logo-8.jpg\",\"contentUrl\":\"https:\/\/peakart.co.uk\/wp-content\/uploads\/2023\/07\/logo-8.jpg\",\"width\":666,\"height\":259,\"caption\":\"Peak Art\"},\"image\":{\"@id\":\"https:\/\/peakart.co.uk\/de\/#\/schema\/logo\/image\/\"},\"sameAs\":[\"https:\/\/www.facebook.com\/PeakArtClocks\/\"],\"hasMerchantReturnPolicy\":{\"@type\":\"MerchantReturnPolicy\",\"merchantReturnLink\":\"https:\/\/peakart.co.uk\/refund_returns\/\"}}]}<\/script>\n<meta property=\"og:availability\" content=\"instock\" \/>\n<meta property=\"product:availability\" content=\"instock\" \/>\n<meta property=\"product:retailer_item_id\" content=\"PEAKART-82546\" \/>\n<meta property=\"product:condition\" content=\"new\" \/>\n<!-- \/ Yoast SEO Premium plugin. -->","yoast_head_json":{"title":"Gro\u00dfe, aussagekr\u00e4ftige Jeans-Wanduhr. Handgefertigt & Handbemalt","description":"Die gro\u00dfe, aussagekr\u00e4ftig Jeans-Wanduhr wird jeden mit ihrer einzigartigen Sch\u00f6nheit beeindrucken. Luxuri\u00f6se & Edle Wandkunst in \u00dcbergr\u00f6\u00dfe.","robots":{"index":"index","follow":"follow","max-snippet":"max-snippet:-1","max-image-preview":"max-image-preview:large","max-video-preview":"max-video-preview:-1"},"canonical":"https:\/\/peakart.co.uk\/de\/produkt\/jeans-wanduhr\/","og_locale":"de_DE","og_type":"article","og_title":"Gro\u00dfe handgefertigte Jeans-Wanduhr","og_description":"Die gro\u00dfe, aussagekr\u00e4ftig Jeans-Wanduhr wird jeden mit ihrer einzigartigen Sch\u00f6nheit beeindrucken. Luxuri\u00f6se & Edle Wandkunst in \u00dcbergr\u00f6\u00dfe.","og_url":"https:\/\/peakart.co.uk\/de\/produkt\/jeans-wanduhr\/","og_site_name":"Peak Art","article_publisher":"https:\/\/www.facebook.com\/PeakArtClocks\/","article_modified_time":"2023-03-26T20:30:44+00:00","og_image":[{"width":500,"height":500,"url":"https:\/\/peakart.co.uk\/wp-content\/uploads\/2015\/07\/Classic-Denim-Scale1-1.jpg","type":"image\/jpeg"}],"twitter_card":"summary_large_image","twitter_misc":{"Verf\u00fcgbarkeit":"Auf Lager"},"schema":{"@context":"https:\/\/schema.org","@graph":[{"@type":"WebPage","@id":"https:\/\/peakart.co.uk\/de\/produkt\/jeans-wanduhr\/","url":"https:\/\/peakart.co.uk\/de\/produkt\/jeans-wanduhr\/","name":"Gro\u00dfe, aussagekr\u00e4ftige Jeans-Wanduhr. Handgefertigt & Handbemalt","isPartOf":{"@id":"https:\/\/peakart.co.uk\/de\/#website"},"primaryImageOfPage":{"@id":"https:\/\/peakart.co.uk\/de\/produkt\/jeans-wanduhr\/#primaryimage"},"image":{"@id":"https:\/\/peakart.co.uk\/de\/produkt\/jeans-wanduhr\/#primaryimage"},"thumbnailUrl":"https:\/\/peakart.co.uk\/wp-content\/uploads\/2015\/07\/Classic-Denim-Scale1-1.jpg","datePublished":"2018-02-09T08:16:18+00:00","dateModified":"2023-03-26T20:30:44+00:00","description":"Die gro\u00dfe, aussagekr\u00e4ftig Jeans-Wanduhr wird jeden mit ihrer einzigartigen Sch\u00f6nheit beeindrucken. Luxuri\u00f6se & Edle Wandkunst in \u00dcbergr\u00f6\u00dfe.","breadcrumb":{"@id":"https:\/\/peakart.co.uk\/de\/produkt\/jeans-wanduhr\/#breadcrumb"},"inLanguage":"de","potentialAction":[{"@type":"ReadAction","target":["https:\/\/peakart.co.uk\/de\/produkt\/jeans-wanduhr\/"]}]},{"@type":"ImageObject","inLanguage":"de","@id":"https:\/\/peakart.co.uk\/de\/produkt\/jeans-wanduhr\/#primaryimage","url":"https:\/\/peakart.co.uk\/wp-content\/uploads\/2015\/07\/Classic-Denim-Scale1-1.jpg","contentUrl":"https:\/\/peakart.co.uk\/wp-content\/uploads\/2015\/07\/Classic-Denim-Scale1-1.jpg","width":500,"height":500},{"@type":"BreadcrumbList","@id":"https:\/\/peakart.co.uk\/de\/produkt\/jeans-wanduhr\/#breadcrumb","itemListElement":[{"@type":"ListItem","position":1,"name":"Home","item":"https:\/\/peakart.co.uk\/de\/"},{"@type":"ListItem","position":2,"name":"Shop","item":"https:\/\/peakart.co.uk\/de\/shop\/"},{"@type":"ListItem","position":3,"name":"Gro\u00dfe handgefertigte Jeans-Wanduhr"}]},{"@type":"WebSite","@id":"https:\/\/peakart.co.uk\/de\/#website","url":"https:\/\/peakart.co.uk\/de\/","name":"Peak Art","description":"","publisher":{"@id":"https:\/\/peakart.co.uk\/de\/#organization"},"potentialAction":[{"@type":"SearchAction","target":{"@type":"EntryPoint","urlTemplate":"https:\/\/peakart.co.uk\/de\/?s={search_term_string}"},"query-input":{"@type":"PropertyValueSpecification","valueRequired":true,"valueName":"search_term_string"}}],"inLanguage":"de"},{"@type":"Organization","@id":"https:\/\/peakart.co.uk\/de\/#organization","name":"Peak Art","url":"https:\/\/peakart.co.uk\/de\/","logo":{"@type":"ImageObject","inLanguage":"de","@id":"https:\/\/peakart.co.uk\/de\/#\/schema\/logo\/image\/","url":"https:\/\/peakart.co.uk\/wp-content\/uploads\/2023\/07\/logo-8.jpg","contentUrl":"https:\/\/peakart.co.uk\/wp-content\/uploads\/2023\/07\/logo-8.jpg","width":666,"height":259,"caption":"Peak Art"},"image":{"@id":"https:\/\/peakart.co.uk\/de\/#\/schema\/logo\/image\/"},"sameAs":["https:\/\/www.facebook.com\/PeakArtClocks\/"],"hasMerchantReturnPolicy":{"@type":"MerchantReturnPolicy","merchantReturnLink":"https:\/\/peakart.co.uk\/refund_returns\/"}}]},"og_availability":"instock","product_availability":"instock","product_retailer_item_id":"PEAKART-82546","product_condition":"new"},"_links":{"self":[{"href":"https:\/\/peakart.co.uk\/de\/wp-json\/wp\/v2\/product\/8028","targetHints":{"allow":["GET"]}}],"collection":[{"href":"https:\/\/peakart.co.uk\/de\/wp-json\/wp\/v2\/product"}],"about":[{"href":"https:\/\/peakart.co.uk\/de\/wp-json\/wp\/v2\/types\/product"}],"replies":[{"embeddable":true,"href":"https:\/\/peakart.co.uk\/de\/wp-json\/wp\/v2\/comments?post=8028"}],"wp:featuredmedia":[{"embeddable":true,"href":"https:\/\/peakart.co.uk\/de\/wp-json\/wp\/v2\/media\/32348"}],"wp:attachment":[{"href":"https:\/\/peakart.co.uk\/de\/wp-json\/wp\/v2\/media?parent=8028"}],"wp:term":[{"taxonomy":"product_brand","embeddable":true,"href":"https:\/\/peakart.co.uk\/de\/wp-json\/wp\/v2\/product_brand?post=8028"},{"taxonomy":"product_cat","embeddable":true,"href":"https:\/\/peakart.co.uk\/de\/wp-json\/wp\/v2\/product_cat?post=8028"},{"taxonomy":"product_tag","embeddable":true,"href":"https:\/\/peakart.co.uk\/de\/wp-json\/wp\/v2\/product_tag?post=8028"}],"curies":[{"name":"wp","href":"https:\/\/api.w.org\/{rel}","templated":true}]}}