{"id":8024,"date":"2015-11-07T07:47:18","date_gmt":"2018-02-09T08:16:06","guid":{"rendered":"http:\/\/peakart.co.uk\/product\/eine-extra-grosse-dekorative-schlafzimmer-wanduhr\/"},"modified":"2023-03-27T09:02:48","modified_gmt":"2023-03-27T08:02:48","slug":"schlafzimmer-wanduhr","status":"publish","type":"product","link":"https:\/\/peakart.co.uk\/de\/produkt\/schlafzimmer-wanduhr\/","title":{"rendered":"Gro\u00dfe dekorative Schlafzimmer-Wanduhr"},"content":{"rendered":"<h2>Eine \u00fcbergro\u00dfe Schlafzimmer-Wanduhr, handgefertigt und h\u00fcbsch bemalt<\/h2>\n<p>&#8220;Abendschatten&#8221; ist ein weiterer erstaunlicher Entwurf in unserer wachsenden Sammlung handgefertigter Uhren. Schauen Sie sich nur die Galerie <a style=\"font-size: 16px;\" href=\"https:\/\/peakart.co.uk\/de\/gallerie\/\">sch\u00f6ner Wanduhren<\/a> an, wenn Sie weitere Photographien sehen m\u00f6chten. Unsere liebenswerte Schlafzimmeruhr wird Ihrem Heim ein lebhaftes und erfrischendes Aussehen verleihen. Das nach Wunsch gestaltete Zifferblatt zeigt zwar keine r\u00f6mischen Ziffern, sorgt aber statt dessen f\u00fcr ein h\u00f6chst einzigartiges und ungew\u00f6hnliches Aussehen. Sie wird mit Sicherheit f\u00fcr jede Menge Gespr\u00e4chsstoff am Tisch sorgen.<\/p>\n<p>Die kurze Aufnahme unten zeigt die Uhr mit 100 cm (40 Zoll) Durchmesser, doch f\u00fcr Sie k\u00f6nnen wir sie auch in 75 cm (30 Zoll) oder 120 cm (48 Zoll) fertigen. W\u00e4hlen Sie einfach die gew\u00fcnschte Gr\u00f6\u00dfe aus einem Dropdown-Men\u00fc.<\/p>\n<p>Wir haben dieses St\u00fcck aus zwei Platten Fichten-Massivholz hergestellt, was f\u00fcr nat\u00fcrliche Sch\u00f6nheit und einen feinen Charakter sorgt. Dieses bunte und m\u00e4rchenhaft wirkende Zifferblatt bewirkt, dass die Uhr oft als reizvolle Zugabe f\u00fcr die Zimmer Ihrer Kinder gew\u00e4hlt wird. F\u00fcr den leise arbeitenden Antrieb sorgt ein sehr kr\u00e4ftiges, batteriebetriebenes Quarz-Sweep-Uhrwerk. Dieses ben\u00f6tigt eine einzelne Babyzelle, mit der es 9 Monate auskommen sollte. Bitte schauen Sie, sobald Sie die Uhr erhalten, dieses <a href=\"https:\/\/www.youtube.com\/watch?v=08Tq0lKFs30\">Youtube-Video<\/a> an, in dem ich zeige, wie man die Zeiger anmontiert und die Zeit einstellt.<\/p>\n<h2>Wenn Sie eine Schlafzimmer-Wanduhr brauchen, die mehr als nur ein Zeitanzeiger sein soll, dann kommen Sie zu uns.<\/h2>\n<p>Peak-Art-Uhren ist jetzt eine wohlbekannte Luxusmarke, der tausende von Leuten auf <a href=\"https:\/\/www.facebook.com\/PeakArtClocks\/\">Facebook<\/a> folgen. Falls Sie auf Google nach massiven, handgefertigten Uhren mit Aussage suchen, werden Sie erkennen, dass Peak Art diese Nische beherrscht. Es spielt keine Rolle, ob Sie nach einer Uhr f\u00fcr Ihr Schlafzimmer oder Ihr Wohnzimmer, einer f\u00fcr Ihre K\u00fcche oder f\u00fcr Ihre Lounge suchen. Hier bei Peak Art k\u00f6nnen Sie sicher sein, dass wir Ihnen nicht nur einen Zeitmesser verkaufen. Wir beweisen, dass unsere herausragenden, von Hand gefertigten Produkte auch extravagante dekorative Bestandteile in der Wanddekoration abgeben k\u00f6nnen.<\/p>\n","protected":false},"excerpt":{"rendered":"<p>Die Wanduhr &#8220;Abendschatten&#8221; w\u00fcrde perfekt in Ihr Schlafzimmer passen. Falls Sie, was Ihre Inneneinrichtung betrifft, schon immer aus der Masse hervorstechen und abseits ausgetretener Pfade gehen wollten, dann suchen Sie nicht weiter. Das Zifferblatt mit seinem eigenwilligen, begeisterungsf\u00e4higen Charme verleiht Ihrem Zimmer eine mysteri\u00f6se und frische Stimmung. Mit einem Gesamtdurchmesser von bis zu 120 cm (48 Zoll) wird sie jedermann beeindrucken, der sie zu Gesicht bekommt.<\/p>\n<p><strong>Video<\/strong> &#8211; <a href=\"https:\/\/www.youtube.com\/watch?v=ZgdoWZvIpD8\">Schlafzimmer-Wanduhr in \u00dcbergr\u00f6\u00dfe auf Youtube<\/a><\/p>\n<p><strong>Gestaltet und handgefertigt<\/strong> \u2013 Anna Siodelska, Vereinigtes K\u00f6nigreich<\/p>\n<p><strong>Farbe des Zifferblattes<\/strong> \u2013 Franz\u00f6sisches Leinen<\/p>\n<p><strong>Farbe des Hintergrundes<\/strong> \u2013 Farbenfroh<\/p>\n","protected":false},"featured_media":31282,"comment_status":"open","ping_status":"closed","template":"","meta":[],"product_brand":[],"product_cat":[80],"product_tag":[83,82],"class_list":{"0":"post-8024","1":"product","2":"type-product","3":"status-publish","4":"has-post-thumbnail","6":"product_cat-grosse-wanduhren-handgefertigt","7":"product_tag-grosse-dekorative-wanduhren","8":"product_tag-grosse-kuenstlerische-wanduhren","10":"first","11":"outofstock","12":"taxable","13":"shipping-taxable","14":"product-type-variable"},"yoast_head":"<!-- This site is optimized with the Yoast SEO Premium plugin v27.2 (Yoast SEO v27.2) - https:\/\/yoast.com\/product\/yoast-seo-premium-wordpress\/ -->\n<title>Gro\u00dfe dekorative Schlafzimmer-Wanduhr<\/title>\n<meta name=\"description\" content=\"&quot;Abendschatten&quot; ist eine einzigartige Wanduhr f\u00fcrs Schlafzimmer. Sie k\u00f6nnen sie in drei unterschiedlichen Gr\u00f6\u00dfen bestellen, je nachdem, wie viel Platz Sie an der Wand frei haben.\" \/>\n<meta name=\"robots\" content=\"index, follow, max-snippet:-1, max-image-preview:large, max-video-preview:-1\" \/>\n<link rel=\"canonical\" href=\"https:\/\/peakart.co.uk\/de\/produkt\/schlafzimmer-wanduhr\/\" \/>\n<meta property=\"og:locale\" content=\"de_DE\" \/>\n<meta property=\"og:type\" content=\"article\" \/>\n<meta property=\"og:title\" content=\"Gro\u00dfe dekorative Schlafzimmer-Wanduhr\" \/>\n<meta property=\"og:description\" content=\"&quot;Abendschatten&quot; ist eine einzigartige Wanduhr f\u00fcrs Schlafzimmer. Sie k\u00f6nnen sie in drei unterschiedlichen Gr\u00f6\u00dfen bestellen, je nachdem, wie viel Platz Sie an der Wand frei haben.\" \/>\n<meta property=\"og:url\" content=\"https:\/\/peakart.co.uk\/de\/produkt\/schlafzimmer-wanduhr\/\" \/>\n<meta property=\"og:site_name\" content=\"Peak Art\" \/>\n<meta property=\"article:publisher\" content=\"https:\/\/www.facebook.com\/PeakArtClocks\/\" \/>\n<meta property=\"article:modified_time\" content=\"2023-03-27T08:02:48+00:00\" \/>\n<meta property=\"og:image\" content=\"https:\/\/peakart.co.uk\/wp-content\/uploads\/2015\/11\/Twiligt-Shadows-Front-400x400.jpg\" \/>\n\t<meta property=\"og:image:width\" content=\"400\" \/>\n\t<meta property=\"og:image:height\" content=\"400\" \/>\n\t<meta property=\"og:image:type\" content=\"image\/jpeg\" \/>\n<meta name=\"twitter:card\" content=\"summary_large_image\" \/>\n<meta name=\"twitter:label1\" content=\"Verf\u00fcgbarkeit\" \/>\n\t<meta name=\"twitter:data1\" content=\"ausverkauft\" \/>\n<script type=\"application\/ld+json\" class=\"yoast-schema-graph\">{\"@context\":\"https:\/\/schema.org\",\"@graph\":[{\"@type\":\"WebPage\",\"@id\":\"https:\/\/peakart.co.uk\/de\/produkt\/schlafzimmer-wanduhr\/\",\"url\":\"https:\/\/peakart.co.uk\/de\/produkt\/schlafzimmer-wanduhr\/\",\"name\":\"Gro\u00dfe dekorative Schlafzimmer-Wanduhr\",\"isPartOf\":{\"@id\":\"https:\/\/peakart.co.uk\/de\/#website\"},\"primaryImageOfPage\":{\"@id\":\"https:\/\/peakart.co.uk\/de\/produkt\/schlafzimmer-wanduhr\/#primaryimage\"},\"image\":{\"@id\":\"https:\/\/peakart.co.uk\/de\/produkt\/schlafzimmer-wanduhr\/#primaryimage\"},\"thumbnailUrl\":\"https:\/\/peakart.co.uk\/wp-content\/uploads\/2015\/11\/Twiligt-Shadows-Front-400x400.jpg\",\"datePublished\":\"2018-02-09T08:16:06+00:00\",\"dateModified\":\"2023-03-27T08:02:48+00:00\",\"description\":\"\\\"Abendschatten\\\" ist eine einzigartige Wanduhr f\u00fcrs Schlafzimmer. Sie k\u00f6nnen sie in drei unterschiedlichen Gr\u00f6\u00dfen bestellen, je nachdem, wie viel Platz Sie an der Wand frei haben.\",\"breadcrumb\":{\"@id\":\"https:\/\/peakart.co.uk\/de\/produkt\/schlafzimmer-wanduhr\/#breadcrumb\"},\"inLanguage\":\"de\",\"potentialAction\":[{\"@type\":\"ReadAction\",\"target\":[\"https:\/\/peakart.co.uk\/de\/produkt\/schlafzimmer-wanduhr\/\"]}]},{\"@type\":\"ImageObject\",\"inLanguage\":\"de\",\"@id\":\"https:\/\/peakart.co.uk\/de\/produkt\/schlafzimmer-wanduhr\/#primaryimage\",\"url\":\"https:\/\/peakart.co.uk\/wp-content\/uploads\/2015\/11\/Twiligt-Shadows-Front-400x400.jpg\",\"contentUrl\":\"https:\/\/peakart.co.uk\/wp-content\/uploads\/2015\/11\/Twiligt-Shadows-Front-400x400.jpg\",\"width\":400,\"height\":400,\"caption\":\"Peak Art - Twilight Shadows\"},{\"@type\":\"BreadcrumbList\",\"@id\":\"https:\/\/peakart.co.uk\/de\/produkt\/schlafzimmer-wanduhr\/#breadcrumb\",\"itemListElement\":[{\"@type\":\"ListItem\",\"position\":1,\"name\":\"Home\",\"item\":\"https:\/\/peakart.co.uk\/de\/\"},{\"@type\":\"ListItem\",\"position\":2,\"name\":\"Shop\",\"item\":\"https:\/\/peakart.co.uk\/de\/shop\/\"},{\"@type\":\"ListItem\",\"position\":3,\"name\":\"Gro\u00dfe dekorative Schlafzimmer-Wanduhr\"}]},{\"@type\":\"WebSite\",\"@id\":\"https:\/\/peakart.co.uk\/de\/#website\",\"url\":\"https:\/\/peakart.co.uk\/de\/\",\"name\":\"Peak Art\",\"description\":\"\",\"publisher\":{\"@id\":\"https:\/\/peakart.co.uk\/de\/#organization\"},\"potentialAction\":[{\"@type\":\"SearchAction\",\"target\":{\"@type\":\"EntryPoint\",\"urlTemplate\":\"https:\/\/peakart.co.uk\/de\/?s={search_term_string}\"},\"query-input\":{\"@type\":\"PropertyValueSpecification\",\"valueRequired\":true,\"valueName\":\"search_term_string\"}}],\"inLanguage\":\"de\"},{\"@type\":\"Organization\",\"@id\":\"https:\/\/peakart.co.uk\/de\/#organization\",\"name\":\"Peak Art\",\"url\":\"https:\/\/peakart.co.uk\/de\/\",\"logo\":{\"@type\":\"ImageObject\",\"inLanguage\":\"de\",\"@id\":\"https:\/\/peakart.co.uk\/de\/#\/schema\/logo\/image\/\",\"url\":\"https:\/\/peakart.co.uk\/wp-content\/uploads\/2023\/07\/logo-8.jpg\",\"contentUrl\":\"https:\/\/peakart.co.uk\/wp-content\/uploads\/2023\/07\/logo-8.jpg\",\"width\":666,\"height\":259,\"caption\":\"Peak Art\"},\"image\":{\"@id\":\"https:\/\/peakart.co.uk\/de\/#\/schema\/logo\/image\/\"},\"sameAs\":[\"https:\/\/www.facebook.com\/PeakArtClocks\/\"],\"hasMerchantReturnPolicy\":{\"@type\":\"MerchantReturnPolicy\",\"merchantReturnLink\":\"https:\/\/peakart.co.uk\/refund_returns\/\"}}]}<\/script>\n<meta property=\"og:availability\" content=\"out of stock\" \/>\n<meta property=\"product:availability\" content=\"out of stock\" \/>\n<meta property=\"product:retailer_item_id\" content=\"PEAKART-18419\" \/>\n<meta property=\"product:condition\" content=\"new\" \/>\n<!-- \/ Yoast SEO Premium plugin. -->","yoast_head_json":{"title":"Gro\u00dfe dekorative Schlafzimmer-Wanduhr","description":"\"Abendschatten\" ist eine einzigartige Wanduhr f\u00fcrs Schlafzimmer. Sie k\u00f6nnen sie in drei unterschiedlichen Gr\u00f6\u00dfen bestellen, je nachdem, wie viel Platz Sie an der Wand frei haben.","robots":{"index":"index","follow":"follow","max-snippet":"max-snippet:-1","max-image-preview":"max-image-preview:large","max-video-preview":"max-video-preview:-1"},"canonical":"https:\/\/peakart.co.uk\/de\/produkt\/schlafzimmer-wanduhr\/","og_locale":"de_DE","og_type":"article","og_title":"Gro\u00dfe dekorative Schlafzimmer-Wanduhr","og_description":"\"Abendschatten\" ist eine einzigartige Wanduhr f\u00fcrs Schlafzimmer. Sie k\u00f6nnen sie in drei unterschiedlichen Gr\u00f6\u00dfen bestellen, je nachdem, wie viel Platz Sie an der Wand frei haben.","og_url":"https:\/\/peakart.co.uk\/de\/produkt\/schlafzimmer-wanduhr\/","og_site_name":"Peak Art","article_publisher":"https:\/\/www.facebook.com\/PeakArtClocks\/","article_modified_time":"2023-03-27T08:02:48+00:00","og_image":[{"width":400,"height":400,"url":"https:\/\/peakart.co.uk\/wp-content\/uploads\/2015\/11\/Twiligt-Shadows-Front-400x400.jpg","type":"image\/jpeg"}],"twitter_card":"summary_large_image","twitter_misc":{"Verf\u00fcgbarkeit":"ausverkauft"},"schema":{"@context":"https:\/\/schema.org","@graph":[{"@type":"WebPage","@id":"https:\/\/peakart.co.uk\/de\/produkt\/schlafzimmer-wanduhr\/","url":"https:\/\/peakart.co.uk\/de\/produkt\/schlafzimmer-wanduhr\/","name":"Gro\u00dfe dekorative Schlafzimmer-Wanduhr","isPartOf":{"@id":"https:\/\/peakart.co.uk\/de\/#website"},"primaryImageOfPage":{"@id":"https:\/\/peakart.co.uk\/de\/produkt\/schlafzimmer-wanduhr\/#primaryimage"},"image":{"@id":"https:\/\/peakart.co.uk\/de\/produkt\/schlafzimmer-wanduhr\/#primaryimage"},"thumbnailUrl":"https:\/\/peakart.co.uk\/wp-content\/uploads\/2015\/11\/Twiligt-Shadows-Front-400x400.jpg","datePublished":"2018-02-09T08:16:06+00:00","dateModified":"2023-03-27T08:02:48+00:00","description":"\"Abendschatten\" ist eine einzigartige Wanduhr f\u00fcrs Schlafzimmer. Sie k\u00f6nnen sie in drei unterschiedlichen Gr\u00f6\u00dfen bestellen, je nachdem, wie viel Platz Sie an der Wand frei haben.","breadcrumb":{"@id":"https:\/\/peakart.co.uk\/de\/produkt\/schlafzimmer-wanduhr\/#breadcrumb"},"inLanguage":"de","potentialAction":[{"@type":"ReadAction","target":["https:\/\/peakart.co.uk\/de\/produkt\/schlafzimmer-wanduhr\/"]}]},{"@type":"ImageObject","inLanguage":"de","@id":"https:\/\/peakart.co.uk\/de\/produkt\/schlafzimmer-wanduhr\/#primaryimage","url":"https:\/\/peakart.co.uk\/wp-content\/uploads\/2015\/11\/Twiligt-Shadows-Front-400x400.jpg","contentUrl":"https:\/\/peakart.co.uk\/wp-content\/uploads\/2015\/11\/Twiligt-Shadows-Front-400x400.jpg","width":400,"height":400,"caption":"Peak Art - Twilight Shadows"},{"@type":"BreadcrumbList","@id":"https:\/\/peakart.co.uk\/de\/produkt\/schlafzimmer-wanduhr\/#breadcrumb","itemListElement":[{"@type":"ListItem","position":1,"name":"Home","item":"https:\/\/peakart.co.uk\/de\/"},{"@type":"ListItem","position":2,"name":"Shop","item":"https:\/\/peakart.co.uk\/de\/shop\/"},{"@type":"ListItem","position":3,"name":"Gro\u00dfe dekorative Schlafzimmer-Wanduhr"}]},{"@type":"WebSite","@id":"https:\/\/peakart.co.uk\/de\/#website","url":"https:\/\/peakart.co.uk\/de\/","name":"Peak Art","description":"","publisher":{"@id":"https:\/\/peakart.co.uk\/de\/#organization"},"potentialAction":[{"@type":"SearchAction","target":{"@type":"EntryPoint","urlTemplate":"https:\/\/peakart.co.uk\/de\/?s={search_term_string}"},"query-input":{"@type":"PropertyValueSpecification","valueRequired":true,"valueName":"search_term_string"}}],"inLanguage":"de"},{"@type":"Organization","@id":"https:\/\/peakart.co.uk\/de\/#organization","name":"Peak Art","url":"https:\/\/peakart.co.uk\/de\/","logo":{"@type":"ImageObject","inLanguage":"de","@id":"https:\/\/peakart.co.uk\/de\/#\/schema\/logo\/image\/","url":"https:\/\/peakart.co.uk\/wp-content\/uploads\/2023\/07\/logo-8.jpg","contentUrl":"https:\/\/peakart.co.uk\/wp-content\/uploads\/2023\/07\/logo-8.jpg","width":666,"height":259,"caption":"Peak Art"},"image":{"@id":"https:\/\/peakart.co.uk\/de\/#\/schema\/logo\/image\/"},"sameAs":["https:\/\/www.facebook.com\/PeakArtClocks\/"],"hasMerchantReturnPolicy":{"@type":"MerchantReturnPolicy","merchantReturnLink":"https:\/\/peakart.co.uk\/refund_returns\/"}}]},"og_availability":"out of stock","product_availability":"out of stock","product_retailer_item_id":"PEAKART-18419","product_condition":"new"},"_links":{"self":[{"href":"https:\/\/peakart.co.uk\/de\/wp-json\/wp\/v2\/product\/8024","targetHints":{"allow":["GET"]}}],"collection":[{"href":"https:\/\/peakart.co.uk\/de\/wp-json\/wp\/v2\/product"}],"about":[{"href":"https:\/\/peakart.co.uk\/de\/wp-json\/wp\/v2\/types\/product"}],"replies":[{"embeddable":true,"href":"https:\/\/peakart.co.uk\/de\/wp-json\/wp\/v2\/comments?post=8024"}],"wp:featuredmedia":[{"embeddable":true,"href":"https:\/\/peakart.co.uk\/de\/wp-json\/wp\/v2\/media\/31282"}],"wp:attachment":[{"href":"https:\/\/peakart.co.uk\/de\/wp-json\/wp\/v2\/media?parent=8024"}],"wp:term":[{"taxonomy":"product_brand","embeddable":true,"href":"https:\/\/peakart.co.uk\/de\/wp-json\/wp\/v2\/product_brand?post=8024"},{"taxonomy":"product_cat","embeddable":true,"href":"https:\/\/peakart.co.uk\/de\/wp-json\/wp\/v2\/product_cat?post=8024"},{"taxonomy":"product_tag","embeddable":true,"href":"https:\/\/peakart.co.uk\/de\/wp-json\/wp\/v2\/product_tag?post=8024"}],"curies":[{"name":"wp","href":"https:\/\/api.w.org\/{rel}","templated":true}]}}