{"id":8017,"date":"2016-01-26T16:01:38","date_gmt":"2018-02-07T08:37:06","guid":{"rendered":"http:\/\/peakart.co.uk\/product\/sehr-grose-handbemalte-wanduhr\/"},"modified":"2023-03-25T20:31:59","modified_gmt":"2023-03-25T20:31:59","slug":"handbemalte-wanduhr","status":"publish","type":"product","link":"https:\/\/peakart.co.uk\/de\/produkt\/handbemalte-wanduhr\/","title":{"rendered":"Sehr gro\u00dfe, handbemalte Wanduhr"},"content":{"rendered":"<h2>Wundersch\u00f6ne und einzigartige, handbemalte Wanduhr<\/h2>\n<p>Diese abstrakte, handbemalte Wanduhr ist ein erstaunliches Werk dreidimensionaler Wandkunst, das niemals repliziert werden kann, auf Grund seiner Einzigartigkeit. Sie k\u00f6nnen sehen, wie die verschiedenen Farben und Muster eine wundersch\u00f6ne Komposition erstellen. Finden Sie, dass es Ihrem Wohnzimmer an Charakter fehlt? Suchen Sie nach einem einzigartigen Dekoartikel, den Sie nicht im Schaufenster finden k\u00f6nnen?<\/p>\n<p>Haben Sie schon \u00fcber ein gro\u00dfen Kernst\u00fcck nachgedacht, das Ihre Wohnung vom Rest der Welt absetzen w\u00fcrde? Die &#8220;Abstrakt&#8221; wird ihrer stylischen Umgebung eine lebhafte und erfrischende Atmosph\u00e4re verpassen. Au\u00dferdem ist sie sehr aussagekr\u00e4ftig, allen Betrachtern gegen\u00fcber.<\/p>\n<p>Diese massive handbemalte Uhr ist eine von vielen <a href=\"https:\/\/peakart.co.uk\/de\/produkt-schlagwort\/grosse-kuenstlerische-wanduhren\/\">k\u00fcnstlerischen Wanduhren<\/a> in der Kollektion von Peak Art. Wenn Sie sich das feine und originelle Design genauer ansehen, m\u00fcssen Sie zustimmen, dass es unm\u00f6glich w\u00e4re, es zu replizieren.<\/p>\n<p>Der Taktgeber ist ein elektronischer Quarzoszillator, der mit einer einzelnen C-Zellen-Batterie angetrieben wird. Wir nehmen beide Zeiger vor dem Versand ab, um Transportsch\u00e4den zu vermeiden. Sehen Sie sich dieses <a href=\"https:\/\/www.youtube.com\/watch?v=08Tq0lKFs30\">kurze Video<\/a> an, in dem ich Ihnen zeige, wie man die Uhrzeiger anbringt und die Zeit einstellt.<\/p>\n<h2>Handgefertigte und handbemalte Wanduhr von Peak Art, die Ihren G\u00e4sten ein &#8220;Wow&#8221; entlocken wird<\/h2>\n<p>Sie k\u00f6nnen Peak Art-Uhren in jedem Raum Ihres Hauses, B\u00fcros, Restaurants oder stilvollen Penthouse-Apartments anbringen. Unabh\u00e4ngig davon, f\u00fcr welchen Ort Sie sich entscheiden, um diese wunderbaren St\u00fccke zur Schau zu stellen, vermeiden Sie es bitte, die Uhr in der N\u00e4he von direkten W\u00e4rme- oder Feuchtigkeitsquellen zu platzieren.<\/p>\n<p>Bei Peak Art sind wir darauf spezialisiert, die weltweit einzigartigsten Wanduhren herzustellen. Als Familienunternehmen bem\u00fchen wir uns, die besten handgefertigten Produkte zu liefern, die Sie nie von gro\u00dfen Einzelh\u00e4ndlern erhalten w\u00fcrden. Wir legen unser Herz in alles, was wir tun, und wenn Sie bei uns einkaufen, werden Sie nicht entt\u00e4uscht sein.<\/p>\n<p>Schlie\u00dfen Sie sich Tausenden von Leuten an, die <a href=\"https:\/\/www.facebook.com\/PeakArtClocks\/\">Peak Art Clocks auf Facebook abonniert haben<\/a> und helfen Sie uns dabei, Trends der Innenarchitektur auf der ganzen Welt zu beeinflussen.<\/p>\n","protected":false},"excerpt":{"rendered":"<p>Die &#8220;Abstrakt&#8221; ist eine handgefertigte &#038; handbemalte, k\u00fcnstlerische Wanduhr. Sie k\u00f6nnen mehrere Farben und Muster sehen, die sich in einer wundersch\u00f6nen Komposition kreuzen. Wenn Sie ein Kernst\u00fcck wollen, das Ihre Wohnung vom Rest der Welt absetzt, brauchen Sie nicht weiter zu suchen. Mit einem Gesamtdurchmesser von 100 cm wird diese Uhr Ihrer stylischen Umgebung eine lebhafte und erfrischende Atmosph\u00e4re verpassen und trifft eine kr\u00e4ftige Aussage gegen\u00fcber allen Betrachtern.<\/p>\n<p><strong>Video<\/strong> &#8211; <a href=\"https:\/\/www.youtube.com\/watch?v=Eb-TILM6n60\">Handbemalte Wanduhr auf Youtube<\/a><\/p>\n<p><strong>Designt &amp; Handgefertigt<\/strong> &#8211; Anna Siodelska, Gro\u00dfbritannien<\/p>\n<p><strong>Zifferblattfarbe<\/strong> \u2013 Abstrakt<\/p>\n<p><strong>Hintergrundfarbe<\/strong> \u2013 Abstrakt<\/p>\n","protected":false},"featured_media":31082,"comment_status":"open","ping_status":"closed","template":"","meta":[],"product_brand":[],"product_cat":[80],"product_tag":[82],"class_list":{"0":"post-8017","1":"product","2":"type-product","3":"status-publish","4":"has-post-thumbnail","6":"product_cat-grosse-wanduhren-handgefertigt","7":"product_tag-grosse-kuenstlerische-wanduhren","9":"first","10":"outofstock","11":"sale","12":"sold-individually","13":"taxable","14":"shipping-taxable","15":"purchasable","16":"product-type-simple"},"yoast_head":"<!-- This site is optimized with the Yoast SEO Premium plugin v27.2 (Yoast SEO v27.2) - https:\/\/yoast.com\/product\/yoast-seo-premium-wordpress\/ -->\n<title>Gro\u00dfe, handbemalte Wanduhr. Einzigartige Wanddekoration.<\/title>\n<meta name=\"description\" content=\"Die abstrakte, handbemalte Wanduhr ist ein wunderbares St\u00fcck Wandkunst, das auf Grund seiner Einzigartigkeit niemals repliziert werden kann. 100 cm Durchmesser und 12 kg Gewicht.\" \/>\n<meta name=\"robots\" content=\"index, follow, max-snippet:-1, max-image-preview:large, max-video-preview:-1\" \/>\n<link rel=\"canonical\" href=\"https:\/\/peakart.co.uk\/de\/produkt\/handbemalte-wanduhr\/\" \/>\n<meta property=\"og:locale\" content=\"de_DE\" \/>\n<meta property=\"og:type\" content=\"article\" \/>\n<meta property=\"og:title\" content=\"Sehr gro\u00dfe, handbemalte Wanduhr\" \/>\n<meta property=\"og:description\" content=\"Die abstrakte, handbemalte Wanduhr ist ein wunderbares St\u00fcck Wandkunst, das auf Grund seiner Einzigartigkeit niemals repliziert werden kann. 100 cm Durchmesser und 12 kg Gewicht.\" \/>\n<meta property=\"og:url\" content=\"https:\/\/peakart.co.uk\/de\/produkt\/handbemalte-wanduhr\/\" \/>\n<meta property=\"og:site_name\" content=\"Peak Art\" \/>\n<meta property=\"article:publisher\" content=\"https:\/\/www.facebook.com\/PeakArtClocks\/\" \/>\n<meta property=\"article:modified_time\" content=\"2023-03-25T20:31:59+00:00\" \/>\n<meta property=\"og:image\" content=\"https:\/\/peakart.co.uk\/wp-content\/uploads\/2016\/01\/Abstract-Front-400x400.jpg\" \/>\n\t<meta property=\"og:image:width\" content=\"400\" \/>\n\t<meta property=\"og:image:height\" content=\"400\" \/>\n\t<meta property=\"og:image:type\" content=\"image\/jpeg\" \/>\n<meta name=\"twitter:card\" content=\"summary_large_image\" \/>\n<meta name=\"twitter:label1\" content=\"Preis\" \/>\n\t<meta name=\"twitter:data1\" content=\"&euro;680\" \/>\n\t<meta name=\"twitter:label2\" content=\"Verf\u00fcgbarkeit\" \/>\n\t<meta name=\"twitter:data2\" content=\"ausverkauft\" \/>\n<script type=\"application\/ld+json\" class=\"yoast-schema-graph\">{\"@context\":\"https:\/\/schema.org\",\"@graph\":[{\"@type\":\"WebPage\",\"@id\":\"https:\/\/peakart.co.uk\/de\/produkt\/handbemalte-wanduhr\/\",\"url\":\"https:\/\/peakart.co.uk\/de\/produkt\/handbemalte-wanduhr\/\",\"name\":\"Gro\u00dfe, handbemalte Wanduhr. Einzigartige Wanddekoration.\",\"isPartOf\":{\"@id\":\"https:\/\/peakart.co.uk\/de\/#website\"},\"primaryImageOfPage\":{\"@id\":\"https:\/\/peakart.co.uk\/de\/produkt\/handbemalte-wanduhr\/#primaryimage\"},\"image\":{\"@id\":\"https:\/\/peakart.co.uk\/de\/produkt\/handbemalte-wanduhr\/#primaryimage\"},\"thumbnailUrl\":\"https:\/\/peakart.co.uk\/wp-content\/uploads\/2016\/01\/Abstract-Front-400x400.jpg\",\"datePublished\":\"2018-02-07T08:37:06+00:00\",\"dateModified\":\"2023-03-25T20:31:59+00:00\",\"description\":\"Die abstrakte, handbemalte Wanduhr ist ein wunderbares St\u00fcck Wandkunst, das auf Grund seiner Einzigartigkeit niemals repliziert werden kann. 100 cm Durchmesser und 12 kg Gewicht.\",\"breadcrumb\":{\"@id\":\"https:\/\/peakart.co.uk\/de\/produkt\/handbemalte-wanduhr\/#breadcrumb\"},\"inLanguage\":\"de\",\"potentialAction\":[{\"@type\":\"ReadAction\",\"target\":[\"https:\/\/peakart.co.uk\/de\/produkt\/handbemalte-wanduhr\/\"]}]},{\"@type\":\"ImageObject\",\"inLanguage\":\"de\",\"@id\":\"https:\/\/peakart.co.uk\/de\/produkt\/handbemalte-wanduhr\/#primaryimage\",\"url\":\"https:\/\/peakart.co.uk\/wp-content\/uploads\/2016\/01\/Abstract-Front-400x400.jpg\",\"contentUrl\":\"https:\/\/peakart.co.uk\/wp-content\/uploads\/2016\/01\/Abstract-Front-400x400.jpg\",\"width\":400,\"height\":400,\"caption\":\"Peak Art - Abstract\"},{\"@type\":\"BreadcrumbList\",\"@id\":\"https:\/\/peakart.co.uk\/de\/produkt\/handbemalte-wanduhr\/#breadcrumb\",\"itemListElement\":[{\"@type\":\"ListItem\",\"position\":1,\"name\":\"Home\",\"item\":\"https:\/\/peakart.co.uk\/de\/\"},{\"@type\":\"ListItem\",\"position\":2,\"name\":\"Shop\",\"item\":\"https:\/\/peakart.co.uk\/de\/shop\/\"},{\"@type\":\"ListItem\",\"position\":3,\"name\":\"Sehr gro\u00dfe, handbemalte Wanduhr\"}]},{\"@type\":\"WebSite\",\"@id\":\"https:\/\/peakart.co.uk\/de\/#website\",\"url\":\"https:\/\/peakart.co.uk\/de\/\",\"name\":\"Peak Art\",\"description\":\"\",\"publisher\":{\"@id\":\"https:\/\/peakart.co.uk\/de\/#organization\"},\"potentialAction\":[{\"@type\":\"SearchAction\",\"target\":{\"@type\":\"EntryPoint\",\"urlTemplate\":\"https:\/\/peakart.co.uk\/de\/?s={search_term_string}\"},\"query-input\":{\"@type\":\"PropertyValueSpecification\",\"valueRequired\":true,\"valueName\":\"search_term_string\"}}],\"inLanguage\":\"de\"},{\"@type\":\"Organization\",\"@id\":\"https:\/\/peakart.co.uk\/de\/#organization\",\"name\":\"Peak Art\",\"url\":\"https:\/\/peakart.co.uk\/de\/\",\"logo\":{\"@type\":\"ImageObject\",\"inLanguage\":\"de\",\"@id\":\"https:\/\/peakart.co.uk\/de\/#\/schema\/logo\/image\/\",\"url\":\"https:\/\/peakart.co.uk\/wp-content\/uploads\/2023\/07\/logo-8.jpg\",\"contentUrl\":\"https:\/\/peakart.co.uk\/wp-content\/uploads\/2023\/07\/logo-8.jpg\",\"width\":666,\"height\":259,\"caption\":\"Peak Art\"},\"image\":{\"@id\":\"https:\/\/peakart.co.uk\/de\/#\/schema\/logo\/image\/\"},\"sameAs\":[\"https:\/\/www.facebook.com\/PeakArtClocks\/\"],\"hasMerchantReturnPolicy\":{\"@type\":\"MerchantReturnPolicy\",\"merchantReturnLink\":\"https:\/\/peakart.co.uk\/refund_returns\/\"}}]}<\/script>\n<meta property=\"product:price:amount\" content=\"680\" \/>\n<meta property=\"product:price:currency\" content=\"EUR\" \/>\n<meta property=\"og:availability\" content=\"out of stock\" \/>\n<meta property=\"product:availability\" content=\"out of stock\" \/>\n<meta property=\"product:retailer_item_id\" content=\"PEAKART-82854\" \/>\n<meta property=\"product:condition\" content=\"new\" \/>\n<!-- \/ Yoast SEO Premium plugin. -->","yoast_head_json":{"title":"Gro\u00dfe, handbemalte Wanduhr. Einzigartige Wanddekoration.","description":"Die abstrakte, handbemalte Wanduhr ist ein wunderbares St\u00fcck Wandkunst, das auf Grund seiner Einzigartigkeit niemals repliziert werden kann. 100 cm Durchmesser und 12 kg Gewicht.","robots":{"index":"index","follow":"follow","max-snippet":"max-snippet:-1","max-image-preview":"max-image-preview:large","max-video-preview":"max-video-preview:-1"},"canonical":"https:\/\/peakart.co.uk\/de\/produkt\/handbemalte-wanduhr\/","og_locale":"de_DE","og_type":"article","og_title":"Sehr gro\u00dfe, handbemalte Wanduhr","og_description":"Die abstrakte, handbemalte Wanduhr ist ein wunderbares St\u00fcck Wandkunst, das auf Grund seiner Einzigartigkeit niemals repliziert werden kann. 100 cm Durchmesser und 12 kg Gewicht.","og_url":"https:\/\/peakart.co.uk\/de\/produkt\/handbemalte-wanduhr\/","og_site_name":"Peak Art","article_publisher":"https:\/\/www.facebook.com\/PeakArtClocks\/","article_modified_time":"2023-03-25T20:31:59+00:00","og_image":[{"width":400,"height":400,"url":"https:\/\/peakart.co.uk\/wp-content\/uploads\/2016\/01\/Abstract-Front-400x400.jpg","type":"image\/jpeg"}],"twitter_card":"summary_large_image","twitter_misc":{"Preis":"&euro;680","Verf\u00fcgbarkeit":"ausverkauft"},"schema":{"@context":"https:\/\/schema.org","@graph":[{"@type":"WebPage","@id":"https:\/\/peakart.co.uk\/de\/produkt\/handbemalte-wanduhr\/","url":"https:\/\/peakart.co.uk\/de\/produkt\/handbemalte-wanduhr\/","name":"Gro\u00dfe, handbemalte Wanduhr. Einzigartige Wanddekoration.","isPartOf":{"@id":"https:\/\/peakart.co.uk\/de\/#website"},"primaryImageOfPage":{"@id":"https:\/\/peakart.co.uk\/de\/produkt\/handbemalte-wanduhr\/#primaryimage"},"image":{"@id":"https:\/\/peakart.co.uk\/de\/produkt\/handbemalte-wanduhr\/#primaryimage"},"thumbnailUrl":"https:\/\/peakart.co.uk\/wp-content\/uploads\/2016\/01\/Abstract-Front-400x400.jpg","datePublished":"2018-02-07T08:37:06+00:00","dateModified":"2023-03-25T20:31:59+00:00","description":"Die abstrakte, handbemalte Wanduhr ist ein wunderbares St\u00fcck Wandkunst, das auf Grund seiner Einzigartigkeit niemals repliziert werden kann. 100 cm Durchmesser und 12 kg Gewicht.","breadcrumb":{"@id":"https:\/\/peakart.co.uk\/de\/produkt\/handbemalte-wanduhr\/#breadcrumb"},"inLanguage":"de","potentialAction":[{"@type":"ReadAction","target":["https:\/\/peakart.co.uk\/de\/produkt\/handbemalte-wanduhr\/"]}]},{"@type":"ImageObject","inLanguage":"de","@id":"https:\/\/peakart.co.uk\/de\/produkt\/handbemalte-wanduhr\/#primaryimage","url":"https:\/\/peakart.co.uk\/wp-content\/uploads\/2016\/01\/Abstract-Front-400x400.jpg","contentUrl":"https:\/\/peakart.co.uk\/wp-content\/uploads\/2016\/01\/Abstract-Front-400x400.jpg","width":400,"height":400,"caption":"Peak Art - Abstract"},{"@type":"BreadcrumbList","@id":"https:\/\/peakart.co.uk\/de\/produkt\/handbemalte-wanduhr\/#breadcrumb","itemListElement":[{"@type":"ListItem","position":1,"name":"Home","item":"https:\/\/peakart.co.uk\/de\/"},{"@type":"ListItem","position":2,"name":"Shop","item":"https:\/\/peakart.co.uk\/de\/shop\/"},{"@type":"ListItem","position":3,"name":"Sehr gro\u00dfe, handbemalte Wanduhr"}]},{"@type":"WebSite","@id":"https:\/\/peakart.co.uk\/de\/#website","url":"https:\/\/peakart.co.uk\/de\/","name":"Peak Art","description":"","publisher":{"@id":"https:\/\/peakart.co.uk\/de\/#organization"},"potentialAction":[{"@type":"SearchAction","target":{"@type":"EntryPoint","urlTemplate":"https:\/\/peakart.co.uk\/de\/?s={search_term_string}"},"query-input":{"@type":"PropertyValueSpecification","valueRequired":true,"valueName":"search_term_string"}}],"inLanguage":"de"},{"@type":"Organization","@id":"https:\/\/peakart.co.uk\/de\/#organization","name":"Peak Art","url":"https:\/\/peakart.co.uk\/de\/","logo":{"@type":"ImageObject","inLanguage":"de","@id":"https:\/\/peakart.co.uk\/de\/#\/schema\/logo\/image\/","url":"https:\/\/peakart.co.uk\/wp-content\/uploads\/2023\/07\/logo-8.jpg","contentUrl":"https:\/\/peakart.co.uk\/wp-content\/uploads\/2023\/07\/logo-8.jpg","width":666,"height":259,"caption":"Peak Art"},"image":{"@id":"https:\/\/peakart.co.uk\/de\/#\/schema\/logo\/image\/"},"sameAs":["https:\/\/www.facebook.com\/PeakArtClocks\/"],"hasMerchantReturnPolicy":{"@type":"MerchantReturnPolicy","merchantReturnLink":"https:\/\/peakart.co.uk\/refund_returns\/"}}]},"product_price_amount":"680","product_price_currency":"EUR","og_availability":"out of stock","product_availability":"out of stock","product_retailer_item_id":"PEAKART-82854","product_condition":"new"},"_links":{"self":[{"href":"https:\/\/peakart.co.uk\/de\/wp-json\/wp\/v2\/product\/8017","targetHints":{"allow":["GET"]}}],"collection":[{"href":"https:\/\/peakart.co.uk\/de\/wp-json\/wp\/v2\/product"}],"about":[{"href":"https:\/\/peakart.co.uk\/de\/wp-json\/wp\/v2\/types\/product"}],"replies":[{"embeddable":true,"href":"https:\/\/peakart.co.uk\/de\/wp-json\/wp\/v2\/comments?post=8017"}],"wp:featuredmedia":[{"embeddable":true,"href":"https:\/\/peakart.co.uk\/de\/wp-json\/wp\/v2\/media\/31082"}],"wp:attachment":[{"href":"https:\/\/peakart.co.uk\/de\/wp-json\/wp\/v2\/media?parent=8017"}],"wp:term":[{"taxonomy":"product_brand","embeddable":true,"href":"https:\/\/peakart.co.uk\/de\/wp-json\/wp\/v2\/product_brand?post=8017"},{"taxonomy":"product_cat","embeddable":true,"href":"https:\/\/peakart.co.uk\/de\/wp-json\/wp\/v2\/product_cat?post=8017"},{"taxonomy":"product_tag","embeddable":true,"href":"https:\/\/peakart.co.uk\/de\/wp-json\/wp\/v2\/product_tag?post=8017"}],"curies":[{"name":"wp","href":"https:\/\/api.w.org\/{rel}","templated":true}]}}