{"id":7969,"date":"2018-02-05T18:54:11","date_gmt":"2018-02-05T18:54:14","guid":{"rendered":"http:\/\/peakart.co.uk\/?post_type=product&#038;p=7969"},"modified":"2023-03-23T15:38:58","modified_gmt":"2023-03-23T15:38:58","slug":"kuchen-wanduhr","status":"publish","type":"product","link":"https:\/\/peakart.co.uk\/de\/produkt\/kuchen-wanduhr\/","title":{"rendered":"K\u00fcchen-Wanduhr mit r\u00f6mischen Zahlzeichen"},"content":{"rendered":"<h2>Eine staunenswerte Wanduhr f\u00fcr die K\u00fcche mit gro\u00dfen, handbemalten r\u00f6mischen Ziffern<\/h2>\n<p>Wir m\u00f6chten diese bemerkenswerte K\u00fcchen-Wanduhr vorstellen, die wir auf Grundlage der Photos eines Kunden gestaltet haben. Wie viele andere Skelettuhren mit r\u00f6mischen Ziffern erscheint diese erstaunliche Uhr leicht und dreidimensional. Das Zifferblatt ist \u00e4hnlich wie die <a href=\"https:\/\/peakart.co.uk\/de\/produkt\/extra-grose-skelett-wanduhr\/\">Skelett-Wanduhr Graphit<\/a> bemalt, zeigt aber mehr Holz und hat ein (beabsichtigt) sch\u00e4biges Aussehen.<\/p>\n<p>Nach Wunsch gestaltete Wanduhren, die zu den Bed\u00fcrfnissen unserer Kunden passen, stehen im Zentrum dessen, was wir tun. Peak Art stellt keine schablonenartigen L\u00f6sungen her, um die gro\u00dfe freie Fl\u00e4che an der Wand auszuf\u00fcllen. Wir streben danach, jede Wanduhr einzigartig zu gestalten, damit sie die individuellen Bed\u00fcrfnisse unseres Kunden erf\u00fcllt. Wenn Sie nach einer gro\u00dfen K\u00fcchen-Wanduhr suchen, mit der Sie Ihre Freunde oder G\u00e4ste zum Staunen bringen k\u00f6nnen, m\u00fcssen Sie sich nicht l\u00e4nger f\u00fcr einen der vielen identischen, massenproduzierten Artikel entscheiden.<\/p>\n<p>Diese wundersch\u00f6ne, dekorative Uhr ist aus Fichtenholz hergestellt und handbemalt. Wenn Sie genauer hinschauen, f\u00e4llt Ihnen die erstaunliche Kunstfertigkeit ins Auge. Bevor wir eine Uhr verschicken, montieren wir immer die beiden Zeiger ab, damit sie auf dem Transport keinen Schaden erleiden. Wir legen ferner zwei Babyzellen bei, die das leise arbeitende Uhrwerk mit Strom versorgen. Sie erhalten eine vollst\u00e4ndige Anleitung, die Ihnen erkl\u00e4rt, wie Sie die Zeiger montieren und die Zeit einstellen.<\/p>\n<h2>Eine K\u00fcchen-Wanduhr von Peak Art, die eine starke Aussage macht<\/h2>\n<p>Es gibt da drau\u00dfen jede Menge Unternehmen, die gro\u00dfe Uhren f\u00fcr Ihre K\u00fcche in Massen fertigen. Alle diese Unternehmen haben nur eine Sache, woran man sie unterscheiden kann \u2013 den Preis. Den massenproduzierten Wanduhren fehlt es an Einzigartigkeit und Charakter. Wenn das vordringliche Ziel ist, Ihre Konkurrenz zu unterbieten, k\u00f6nnen Sie Ecken und Kanten nicht brauchen.<\/p>\n<p>Wir hier bei Peak Art verfolgen einen anderen Ansatz und konzentrieren uns nicht auf gro\u00dfe St\u00fcckzahlen, sondern auf Qualit\u00e4t. Jede unserer Wanduhren ist viel mehr als nur ein Zeitanzeiger. Zwar sind Uhren sicherlich Gebrauchsartikel, aber wenn Sie nach etwas suchen, das anders ist und dennoch Charakter in Ihre Stube bringt, dann ist Peak Art der Marktf\u00fchrer in dieser Nische. Bitte treten Sie uns auf <a href=\"https:\/\/www.facebook.com\/PeakArtClocks\/\">Facebook<\/a> bei, um uns Ihre Meinungen und Kommentare mitzuteilen.<\/p>\n<p>&nbsp;<\/p>\n","protected":false},"excerpt":{"rendered":"<p>Eine h\u00fcbsche Wanduhr f\u00fcr die K\u00fcche, handgefertigt aus Holz und von Hand bemalt. Diese erstaunliche Uhr ist ein weiteres Mitglied unserer Skelettuhren-Sammlung. Sie zeigt h\u00f6lzerne r\u00f6mische Ziffern vor transparentem Hintergrund. Wir k\u00f6nnen sie in drei unterschiedlichen Gr\u00f6\u00dfen herstellen, je nachdem, wie viel Platz an Ihrer Wand frei ist. W\u00e4hlen Sie einfach den gew\u00fcnschten Durchmesser aus dem Dropdown-Men\u00fc.<\/p>\n<p><strong>Entworfen und von Hand gefertigt<\/strong> \u2013 Anna Siodelska, Vereinigtes K\u00f6nigreich<\/p>\n<p><strong>Farbe des Zifferblattes<\/strong> \u2013 Graphit sch\u00e4big<\/p>\n<p><strong>Farbe des Hintergrundes<\/strong> \u2013 transparent \/ Farbe der Wand<\/p>\n<p><strong>Beachten Sie:<\/strong> Bei der Uhr mit 75 cm Durchmesser (30 Zoll) sind die Zahlzeichen leicht anders gestaltet, um sicherzustellen, dass sie nicht zu d\u00fcnn ausfallen. Ein Beispielbild mit unterschiedlichem Design finden Sie <a href=\"https:\/\/peakart.co.uk\/wp-content\/uploads\/2017\/09\/Unique-Large-Rustic-Grey-Wooden-Wall-Clock-Left.jpg\">hier<\/a><\/p>\n","protected":false},"featured_media":32240,"comment_status":"closed","ping_status":"closed","template":"","meta":[],"product_brand":[],"product_cat":[80],"product_tag":[83,90,87,82,95],"class_list":{"0":"post-7969","1":"product","2":"type-product","3":"status-publish","4":"has-post-thumbnail","6":"product_cat-grosse-wanduhren-handgefertigt","7":"product_tag-grosse-dekorative-wanduhren","8":"product_tag-grosse-skelett-wanduhren-mit-roemischen-zahlzeichen","9":"product_tag-wanduhren-mit-roemischen-zahlzeichen","10":"product_tag-grosse-kuenstlerische-wanduhren","11":"product_tag-skelett-wanduhren","13":"first","14":"instock","15":"sale","16":"taxable","17":"shipping-taxable","18":"purchasable","19":"product-type-variable"},"yoast_head":"<!-- This site is optimized with the Yoast SEO Premium plugin v27.2 (Yoast SEO v27.2) - https:\/\/yoast.com\/product\/yoast-seo-premium-wordpress\/ -->\n<title>Eine sch\u00f6ne, handgefertigte K\u00fcchen-Wanduhr mit r\u00f6mischen Zahlzeichen<\/title>\n<meta name=\"description\" content=\"Eine K\u00fcchenwanduhr in Skelettausf\u00fchrung ergibt eine sehr h\u00fcbsche Erg\u00e4nzung Ihrer Wohnumgebung mit Ausstrahlung. Gestaltung nach Wunsch, um zu beeindrucken. Ein staunenswerter Wandschmuck.\" \/>\n<meta name=\"robots\" content=\"index, follow, max-snippet:-1, max-image-preview:large, max-video-preview:-1\" \/>\n<link rel=\"canonical\" href=\"https:\/\/peakart.co.uk\/de\/produkt\/kuchen-wanduhr\/\" \/>\n<meta property=\"og:locale\" content=\"de_DE\" \/>\n<meta property=\"og:type\" content=\"article\" \/>\n<meta property=\"og:title\" content=\"K\u00fcchen-Wanduhr mit r\u00f6mischen Zahlzeichen\" \/>\n<meta property=\"og:description\" content=\"Eine K\u00fcchenwanduhr in Skelettausf\u00fchrung ergibt eine sehr h\u00fcbsche Erg\u00e4nzung Ihrer Wohnumgebung mit Ausstrahlung. Gestaltung nach Wunsch, um zu beeindrucken. Ein staunenswerter Wandschmuck.\" \/>\n<meta property=\"og:url\" content=\"https:\/\/peakart.co.uk\/de\/produkt\/kuchen-wanduhr\/\" \/>\n<meta property=\"og:site_name\" content=\"Peak Art\" \/>\n<meta property=\"article:publisher\" content=\"https:\/\/www.facebook.com\/PeakArtClocks\/\" \/>\n<meta property=\"article:modified_time\" content=\"2023-03-23T15:38:58+00:00\" \/>\n<meta property=\"og:image\" content=\"https:\/\/peakart.co.uk\/wp-content\/uploads\/2018\/02\/Shabby-Grafite-Zoom-Photoshop-scaled.jpg\" \/>\n\t<meta property=\"og:image:width\" content=\"2560\" \/>\n\t<meta property=\"og:image:height\" content=\"1707\" \/>\n\t<meta property=\"og:image:type\" content=\"image\/jpeg\" \/>\n<meta name=\"twitter:card\" content=\"summary_large_image\" \/>\n<meta name=\"twitter:label1\" content=\"Verf\u00fcgbarkeit\" \/>\n\t<meta name=\"twitter:data1\" content=\"Auf Lager\" \/>\n<script type=\"application\/ld+json\" class=\"yoast-schema-graph\">{\"@context\":\"https:\/\/schema.org\",\"@graph\":[{\"@type\":\"WebPage\",\"@id\":\"https:\/\/peakart.co.uk\/de\/produkt\/kuchen-wanduhr\/\",\"url\":\"https:\/\/peakart.co.uk\/de\/produkt\/kuchen-wanduhr\/\",\"name\":\"Eine sch\u00f6ne, handgefertigte K\u00fcchen-Wanduhr mit r\u00f6mischen Zahlzeichen\",\"isPartOf\":{\"@id\":\"https:\/\/peakart.co.uk\/de\/#website\"},\"primaryImageOfPage\":{\"@id\":\"https:\/\/peakart.co.uk\/de\/produkt\/kuchen-wanduhr\/#primaryimage\"},\"image\":{\"@id\":\"https:\/\/peakart.co.uk\/de\/produkt\/kuchen-wanduhr\/#primaryimage\"},\"thumbnailUrl\":\"https:\/\/peakart.co.uk\/wp-content\/uploads\/2018\/02\/Shabby-Grafite-Zoom-Photoshop-scaled.jpg\",\"datePublished\":\"2018-02-05T18:54:14+00:00\",\"dateModified\":\"2023-03-23T15:38:58+00:00\",\"description\":\"Eine K\u00fcchenwanduhr in Skelettausf\u00fchrung ergibt eine sehr h\u00fcbsche Erg\u00e4nzung Ihrer Wohnumgebung mit Ausstrahlung. Gestaltung nach Wunsch, um zu beeindrucken. Ein staunenswerter Wandschmuck.\",\"breadcrumb\":{\"@id\":\"https:\/\/peakart.co.uk\/de\/produkt\/kuchen-wanduhr\/#breadcrumb\"},\"inLanguage\":\"de\",\"potentialAction\":[{\"@type\":\"ReadAction\",\"target\":[\"https:\/\/peakart.co.uk\/de\/produkt\/kuchen-wanduhr\/\"]}]},{\"@type\":\"ImageObject\",\"inLanguage\":\"de\",\"@id\":\"https:\/\/peakart.co.uk\/de\/produkt\/kuchen-wanduhr\/#primaryimage\",\"url\":\"https:\/\/peakart.co.uk\/wp-content\/uploads\/2018\/02\/Shabby-Grafite-Zoom-Photoshop-scaled.jpg\",\"contentUrl\":\"https:\/\/peakart.co.uk\/wp-content\/uploads\/2018\/02\/Shabby-Grafite-Zoom-Photoshop-scaled.jpg\",\"width\":2560,\"height\":1707},{\"@type\":\"BreadcrumbList\",\"@id\":\"https:\/\/peakart.co.uk\/de\/produkt\/kuchen-wanduhr\/#breadcrumb\",\"itemListElement\":[{\"@type\":\"ListItem\",\"position\":1,\"name\":\"Home\",\"item\":\"https:\/\/peakart.co.uk\/de\/\"},{\"@type\":\"ListItem\",\"position\":2,\"name\":\"Shop\",\"item\":\"https:\/\/peakart.co.uk\/de\/shop\/\"},{\"@type\":\"ListItem\",\"position\":3,\"name\":\"K\u00fcchen-Wanduhr mit r\u00f6mischen Zahlzeichen\"}]},{\"@type\":\"WebSite\",\"@id\":\"https:\/\/peakart.co.uk\/de\/#website\",\"url\":\"https:\/\/peakart.co.uk\/de\/\",\"name\":\"Peak Art\",\"description\":\"\",\"publisher\":{\"@id\":\"https:\/\/peakart.co.uk\/de\/#organization\"},\"potentialAction\":[{\"@type\":\"SearchAction\",\"target\":{\"@type\":\"EntryPoint\",\"urlTemplate\":\"https:\/\/peakart.co.uk\/de\/?s={search_term_string}\"},\"query-input\":{\"@type\":\"PropertyValueSpecification\",\"valueRequired\":true,\"valueName\":\"search_term_string\"}}],\"inLanguage\":\"de\"},{\"@type\":\"Organization\",\"@id\":\"https:\/\/peakart.co.uk\/de\/#organization\",\"name\":\"Peak Art\",\"url\":\"https:\/\/peakart.co.uk\/de\/\",\"logo\":{\"@type\":\"ImageObject\",\"inLanguage\":\"de\",\"@id\":\"https:\/\/peakart.co.uk\/de\/#\/schema\/logo\/image\/\",\"url\":\"https:\/\/peakart.co.uk\/wp-content\/uploads\/2023\/07\/logo-8.jpg\",\"contentUrl\":\"https:\/\/peakart.co.uk\/wp-content\/uploads\/2023\/07\/logo-8.jpg\",\"width\":666,\"height\":259,\"caption\":\"Peak Art\"},\"image\":{\"@id\":\"https:\/\/peakart.co.uk\/de\/#\/schema\/logo\/image\/\"},\"sameAs\":[\"https:\/\/www.facebook.com\/PeakArtClocks\/\"],\"hasMerchantReturnPolicy\":{\"@type\":\"MerchantReturnPolicy\",\"merchantReturnLink\":\"https:\/\/peakart.co.uk\/refund_returns\/\"}}]}<\/script>\n<meta property=\"og:availability\" content=\"instock\" \/>\n<meta property=\"product:availability\" content=\"instock\" \/>\n<meta property=\"product:retailer_item_id\" content=\"PEAKART-14533\" \/>\n<meta property=\"product:condition\" content=\"new\" \/>\n<!-- \/ Yoast SEO Premium plugin. -->","yoast_head_json":{"title":"Eine sch\u00f6ne, handgefertigte K\u00fcchen-Wanduhr mit r\u00f6mischen Zahlzeichen","description":"Eine K\u00fcchenwanduhr in Skelettausf\u00fchrung ergibt eine sehr h\u00fcbsche Erg\u00e4nzung Ihrer Wohnumgebung mit Ausstrahlung. Gestaltung nach Wunsch, um zu beeindrucken. Ein staunenswerter Wandschmuck.","robots":{"index":"index","follow":"follow","max-snippet":"max-snippet:-1","max-image-preview":"max-image-preview:large","max-video-preview":"max-video-preview:-1"},"canonical":"https:\/\/peakart.co.uk\/de\/produkt\/kuchen-wanduhr\/","og_locale":"de_DE","og_type":"article","og_title":"K\u00fcchen-Wanduhr mit r\u00f6mischen Zahlzeichen","og_description":"Eine K\u00fcchenwanduhr in Skelettausf\u00fchrung ergibt eine sehr h\u00fcbsche Erg\u00e4nzung Ihrer Wohnumgebung mit Ausstrahlung. Gestaltung nach Wunsch, um zu beeindrucken. Ein staunenswerter Wandschmuck.","og_url":"https:\/\/peakart.co.uk\/de\/produkt\/kuchen-wanduhr\/","og_site_name":"Peak Art","article_publisher":"https:\/\/www.facebook.com\/PeakArtClocks\/","article_modified_time":"2023-03-23T15:38:58+00:00","og_image":[{"width":2560,"height":1707,"url":"https:\/\/peakart.co.uk\/wp-content\/uploads\/2018\/02\/Shabby-Grafite-Zoom-Photoshop-scaled.jpg","type":"image\/jpeg"}],"twitter_card":"summary_large_image","twitter_misc":{"Verf\u00fcgbarkeit":"Auf Lager"},"schema":{"@context":"https:\/\/schema.org","@graph":[{"@type":"WebPage","@id":"https:\/\/peakart.co.uk\/de\/produkt\/kuchen-wanduhr\/","url":"https:\/\/peakart.co.uk\/de\/produkt\/kuchen-wanduhr\/","name":"Eine sch\u00f6ne, handgefertigte K\u00fcchen-Wanduhr mit r\u00f6mischen Zahlzeichen","isPartOf":{"@id":"https:\/\/peakart.co.uk\/de\/#website"},"primaryImageOfPage":{"@id":"https:\/\/peakart.co.uk\/de\/produkt\/kuchen-wanduhr\/#primaryimage"},"image":{"@id":"https:\/\/peakart.co.uk\/de\/produkt\/kuchen-wanduhr\/#primaryimage"},"thumbnailUrl":"https:\/\/peakart.co.uk\/wp-content\/uploads\/2018\/02\/Shabby-Grafite-Zoom-Photoshop-scaled.jpg","datePublished":"2018-02-05T18:54:14+00:00","dateModified":"2023-03-23T15:38:58+00:00","description":"Eine K\u00fcchenwanduhr in Skelettausf\u00fchrung ergibt eine sehr h\u00fcbsche Erg\u00e4nzung Ihrer Wohnumgebung mit Ausstrahlung. Gestaltung nach Wunsch, um zu beeindrucken. Ein staunenswerter Wandschmuck.","breadcrumb":{"@id":"https:\/\/peakart.co.uk\/de\/produkt\/kuchen-wanduhr\/#breadcrumb"},"inLanguage":"de","potentialAction":[{"@type":"ReadAction","target":["https:\/\/peakart.co.uk\/de\/produkt\/kuchen-wanduhr\/"]}]},{"@type":"ImageObject","inLanguage":"de","@id":"https:\/\/peakart.co.uk\/de\/produkt\/kuchen-wanduhr\/#primaryimage","url":"https:\/\/peakart.co.uk\/wp-content\/uploads\/2018\/02\/Shabby-Grafite-Zoom-Photoshop-scaled.jpg","contentUrl":"https:\/\/peakart.co.uk\/wp-content\/uploads\/2018\/02\/Shabby-Grafite-Zoom-Photoshop-scaled.jpg","width":2560,"height":1707},{"@type":"BreadcrumbList","@id":"https:\/\/peakart.co.uk\/de\/produkt\/kuchen-wanduhr\/#breadcrumb","itemListElement":[{"@type":"ListItem","position":1,"name":"Home","item":"https:\/\/peakart.co.uk\/de\/"},{"@type":"ListItem","position":2,"name":"Shop","item":"https:\/\/peakart.co.uk\/de\/shop\/"},{"@type":"ListItem","position":3,"name":"K\u00fcchen-Wanduhr mit r\u00f6mischen Zahlzeichen"}]},{"@type":"WebSite","@id":"https:\/\/peakart.co.uk\/de\/#website","url":"https:\/\/peakart.co.uk\/de\/","name":"Peak Art","description":"","publisher":{"@id":"https:\/\/peakart.co.uk\/de\/#organization"},"potentialAction":[{"@type":"SearchAction","target":{"@type":"EntryPoint","urlTemplate":"https:\/\/peakart.co.uk\/de\/?s={search_term_string}"},"query-input":{"@type":"PropertyValueSpecification","valueRequired":true,"valueName":"search_term_string"}}],"inLanguage":"de"},{"@type":"Organization","@id":"https:\/\/peakart.co.uk\/de\/#organization","name":"Peak Art","url":"https:\/\/peakart.co.uk\/de\/","logo":{"@type":"ImageObject","inLanguage":"de","@id":"https:\/\/peakart.co.uk\/de\/#\/schema\/logo\/image\/","url":"https:\/\/peakart.co.uk\/wp-content\/uploads\/2023\/07\/logo-8.jpg","contentUrl":"https:\/\/peakart.co.uk\/wp-content\/uploads\/2023\/07\/logo-8.jpg","width":666,"height":259,"caption":"Peak Art"},"image":{"@id":"https:\/\/peakart.co.uk\/de\/#\/schema\/logo\/image\/"},"sameAs":["https:\/\/www.facebook.com\/PeakArtClocks\/"],"hasMerchantReturnPolicy":{"@type":"MerchantReturnPolicy","merchantReturnLink":"https:\/\/peakart.co.uk\/refund_returns\/"}}]},"og_availability":"instock","product_availability":"instock","product_retailer_item_id":"PEAKART-14533","product_condition":"new"},"_links":{"self":[{"href":"https:\/\/peakart.co.uk\/de\/wp-json\/wp\/v2\/product\/7969","targetHints":{"allow":["GET"]}}],"collection":[{"href":"https:\/\/peakart.co.uk\/de\/wp-json\/wp\/v2\/product"}],"about":[{"href":"https:\/\/peakart.co.uk\/de\/wp-json\/wp\/v2\/types\/product"}],"replies":[{"embeddable":true,"href":"https:\/\/peakart.co.uk\/de\/wp-json\/wp\/v2\/comments?post=7969"}],"wp:featuredmedia":[{"embeddable":true,"href":"https:\/\/peakart.co.uk\/de\/wp-json\/wp\/v2\/media\/32240"}],"wp:attachment":[{"href":"https:\/\/peakart.co.uk\/de\/wp-json\/wp\/v2\/media?parent=7969"}],"wp:term":[{"taxonomy":"product_brand","embeddable":true,"href":"https:\/\/peakart.co.uk\/de\/wp-json\/wp\/v2\/product_brand?post=7969"},{"taxonomy":"product_cat","embeddable":true,"href":"https:\/\/peakart.co.uk\/de\/wp-json\/wp\/v2\/product_cat?post=7969"},{"taxonomy":"product_tag","embeddable":true,"href":"https:\/\/peakart.co.uk\/de\/wp-json\/wp\/v2\/product_tag?post=7969"}],"curies":[{"name":"wp","href":"https:\/\/api.w.org\/{rel}","templated":true}]}}