{"id":7948,"date":"2015-10-24T11:15:41","date_gmt":"2018-01-27T15:08:58","guid":{"rendered":"http:\/\/peakart.co.uk\/product\/grose-handgefertigte-industrial-uhr-aus-holz\/"},"modified":"2023-03-25T11:52:41","modified_gmt":"2023-03-25T11:52:41","slug":"industrial-wanduhr","status":"publish","type":"product","link":"https:\/\/peakart.co.uk\/de\/produkt\/industrial-wanduhr\/","title":{"rendered":"Gro\u00dfe, handgefertigte Industrial-Uhr aus Holz"},"content":{"rendered":"<h2>Gro\u00dfe Industrial-Uhr, aus Holz gefertigt<\/h2>\n<p>Die Uhr &#8220;Heavy Metal&#8221; ist ein einmaliges Industrial-Kunstwerk, das wir als Hingucker in Ihrem Wohnzimmer gestaltet haben. Sie zeigt ein paar metallische Elemente vor einem handbemalten, graphitfarbenen Hintergrund. Suchen Sie nach etwas anderem als dem, was irgendein anderer an der Wand h\u00e4ngen haben k\u00f6nnte? Vielleicht m\u00f6chten Sie den Spiegel oder das gro\u00dfe Gem\u00e4lde durch etwas sehr Ungew\u00f6hnliches ersetzen? Wenn Sie ein St\u00fcck mit starker Aussage w\u00fcnschen, der Ihr Heim vom Rest der Welt abhebt, dann suchen Sie nicht weiter. Die Uhr &#8220;Heavy Metal&#8221; wird alle beeindrucken, die sie zu sehen bekommen, und zu einer Menge Fragen f\u00fchren, die \u00fcber sie gestellt werden.<\/p>\n<p>Diese staunenswerte Industrial-Uhr ist aus zwei gro\u00dfen Platten aus Fichtenholz ges\u00e4gt, was ihr die einmalige Sch\u00f6nheit und den Charakter verleiht. Sie hat ein ganz einzigartiges Design mit ein paar metallischen Elementen und einem unregelm\u00e4\u00dfigen Zifferblatt. F\u00fcr den Antrieb sorgt ein \u00e4u\u00dferst kr\u00e4ftiges Quarz-Sweep-Uhrwerk, das eine einzelne Babyzelle ben\u00f6tigt (2 Batterien liegen bei). Wir liefern die Uhr mit abmontierten Zeigern, um jegliche Sch\u00e4den auf dem Transport zu verh\u00fcten. F\u00fcr eine volle Anleitung, wie die Uhrzeiger sicher anzubringen sind, wird gesorgt. Sie k\u00f6nnen au\u00dferdem dieses kurze Video <a href=\"https:\/\/www.youtube.com\/watch?v=08Tq0lKFs30\">hier<\/a> anschauen, in dem ich die Anbringung der Uhrzeiger demonstriere.<\/p>\n<p>Die Uhren von Peak Art sind einzigartige und kostspielige Kunstwerke. An sie werden Sie sich erinnern, wenn Sie mit der Neudekoration Ihres Heims beginnen. S\u00e4mtliche Peak-Art-Uhren sind staunenswert dank der traditionellen Akzente. Sie haben ein einmaliges, von Hand aufgetragenes Finish und eine traditionell runde Form. Alle Industrial-Uhren von Peak Art k\u00f6nnen aufgrund ihrer Gr\u00f6\u00dfe und Funktionalit\u00e4t auch in gro\u00dfen Fluren oder Eingangshallen aufgeh\u00e4ngt werden. Ein anderer Platz, der ideal ist, um unsere Uhren anzubringen, ist in Ihrem B\u00fcro oder an Ihrer Hotelrezeption. Diese wundervollen und begeisternden Produkte, die von K\u00fcnstlerhand gefertigt sind, werden auf niemanden, der sie zu sehen bekommt, ihre Wirkung verfehlen.<\/p>\n","protected":false},"excerpt":{"rendered":"<p>Die Uhr<strong> &#8220;<\/strong>Heavy Industrial&#8221; ist ein Mitglied der neuen Auswahl von Industrial-Uhren aus K\u00fcnstlerhand. Sie wird von Hand aus zwei Fichtenholzplatten aus nachhaltiger Erzeugung gefertigt. Das Zifferblatt mit seinem auf Wunsch gestalteten Design und seinen metallischen Elementen sieht faszinierend aus und zieht die Aufmerksamkeit jedes Betrachters auf sich, der sie zu sehen bekommt. Mit einem Gesamtdurchmesser von 75 cm bis 120 cm gibt die Uhr in Ihrer Wohnumgebung ein kraftvolles Statement ab.<\/p>\n<p><strong>Gestaltet und handgefertigt<\/strong> \u2013 Anna Siodelska, Vereinigtes K\u00f6nigreich<\/p>\n<p><strong>Farbe des Zifferblattes<\/strong> \u2013 Jacobian-Eiche<\/p>\n<p><strong>Farbe des Hintergrundes<\/strong> \u2013 Graphit<\/p>\n","protected":false},"featured_media":32505,"comment_status":"open","ping_status":"closed","template":"","meta":[],"product_brand":[],"product_cat":[80],"product_tag":[83,86,82],"class_list":{"0":"post-7948","1":"product","2":"type-product","3":"status-publish","4":"has-post-thumbnail","6":"product_cat-grosse-wanduhren-handgefertigt","7":"product_tag-grosse-dekorative-wanduhren","8":"product_tag-industrielle-wanduhren","9":"product_tag-grosse-kuenstlerische-wanduhren","11":"first","12":"instock","13":"sale","14":"taxable","15":"shipping-taxable","16":"purchasable","17":"product-type-variable"},"yoast_head":"<!-- This site is optimized with the Yoast SEO Premium plugin v27.2 (Yoast SEO v27.2) - https:\/\/yoast.com\/product\/yoast-seo-premium-wordpress\/ -->\n<title>Gro\u00dfe, handgefertigte Industrial-Uhr f\u00fcr Ihre Wohnzimmerwand<\/title>\n<meta name=\"description\" content=\"Unsere Industrial-Uhr ist ein erstaunliches Kunstwerk, das den gro\u00dfen leeren Fleck an Ihrer Wand ausf\u00fcllen wird. Sie verf\u00fcgt \u00fcber ein paar metallische Elemente, die ihr mehr Charakter verleihen.\" \/>\n<meta name=\"robots\" content=\"index, follow, max-snippet:-1, max-image-preview:large, max-video-preview:-1\" \/>\n<link rel=\"canonical\" href=\"https:\/\/peakart.co.uk\/de\/produkt\/industrial-wanduhr\/\" \/>\n<meta property=\"og:locale\" content=\"de_DE\" \/>\n<meta property=\"og:type\" content=\"article\" \/>\n<meta property=\"og:title\" content=\"Gro\u00dfe, handgefertigte Industrial-Uhr aus Holz\" \/>\n<meta property=\"og:description\" content=\"Unsere Industrial-Uhr ist ein erstaunliches Kunstwerk, das den gro\u00dfen leeren Fleck an Ihrer Wand ausf\u00fcllen wird. Sie verf\u00fcgt \u00fcber ein paar metallische Elemente, die ihr mehr Charakter verleihen.\" \/>\n<meta property=\"og:url\" content=\"https:\/\/peakart.co.uk\/de\/produkt\/industrial-wanduhr\/\" \/>\n<meta property=\"og:site_name\" content=\"Peak Art\" \/>\n<meta property=\"article:publisher\" content=\"https:\/\/www.facebook.com\/PeakArtClocks\/\" \/>\n<meta property=\"article:modified_time\" content=\"2023-03-25T11:52:41+00:00\" \/>\n<meta property=\"og:image\" content=\"https:\/\/peakart.co.uk\/wp-content\/uploads\/2015\/10\/Industrial-zoom-1.jpg\" \/>\n\t<meta property=\"og:image:width\" content=\"2183\" \/>\n\t<meta property=\"og:image:height\" content=\"2183\" \/>\n\t<meta property=\"og:image:type\" content=\"image\/jpeg\" \/>\n<meta name=\"twitter:card\" content=\"summary_large_image\" \/>\n<meta name=\"twitter:label1\" content=\"Verf\u00fcgbarkeit\" \/>\n\t<meta name=\"twitter:data1\" content=\"Auf Lager\" \/>\n<script type=\"application\/ld+json\" class=\"yoast-schema-graph\">{\"@context\":\"https:\/\/schema.org\",\"@graph\":[{\"@type\":\"WebPage\",\"@id\":\"https:\/\/peakart.co.uk\/de\/produkt\/industrial-wanduhr\/\",\"url\":\"https:\/\/peakart.co.uk\/de\/produkt\/industrial-wanduhr\/\",\"name\":\"Gro\u00dfe, handgefertigte Industrial-Uhr f\u00fcr Ihre Wohnzimmerwand\",\"isPartOf\":{\"@id\":\"https:\/\/peakart.co.uk\/de\/#website\"},\"primaryImageOfPage\":{\"@id\":\"https:\/\/peakart.co.uk\/de\/produkt\/industrial-wanduhr\/#primaryimage\"},\"image\":{\"@id\":\"https:\/\/peakart.co.uk\/de\/produkt\/industrial-wanduhr\/#primaryimage\"},\"thumbnailUrl\":\"https:\/\/peakart.co.uk\/wp-content\/uploads\/2015\/10\/Industrial-zoom-1.jpg\",\"datePublished\":\"2018-01-27T15:08:58+00:00\",\"dateModified\":\"2023-03-25T11:52:41+00:00\",\"description\":\"Unsere Industrial-Uhr ist ein erstaunliches Kunstwerk, das den gro\u00dfen leeren Fleck an Ihrer Wand ausf\u00fcllen wird. Sie verf\u00fcgt \u00fcber ein paar metallische Elemente, die ihr mehr Charakter verleihen.\",\"breadcrumb\":{\"@id\":\"https:\/\/peakart.co.uk\/de\/produkt\/industrial-wanduhr\/#breadcrumb\"},\"inLanguage\":\"de\",\"potentialAction\":[{\"@type\":\"ReadAction\",\"target\":[\"https:\/\/peakart.co.uk\/de\/produkt\/industrial-wanduhr\/\"]}]},{\"@type\":\"ImageObject\",\"inLanguage\":\"de\",\"@id\":\"https:\/\/peakart.co.uk\/de\/produkt\/industrial-wanduhr\/#primaryimage\",\"url\":\"https:\/\/peakart.co.uk\/wp-content\/uploads\/2015\/10\/Industrial-zoom-1.jpg\",\"contentUrl\":\"https:\/\/peakart.co.uk\/wp-content\/uploads\/2015\/10\/Industrial-zoom-1.jpg\",\"width\":2183,\"height\":2183},{\"@type\":\"BreadcrumbList\",\"@id\":\"https:\/\/peakart.co.uk\/de\/produkt\/industrial-wanduhr\/#breadcrumb\",\"itemListElement\":[{\"@type\":\"ListItem\",\"position\":1,\"name\":\"Home\",\"item\":\"https:\/\/peakart.co.uk\/de\/\"},{\"@type\":\"ListItem\",\"position\":2,\"name\":\"Shop\",\"item\":\"https:\/\/peakart.co.uk\/de\/shop\/\"},{\"@type\":\"ListItem\",\"position\":3,\"name\":\"Gro\u00dfe, handgefertigte Industrial-Uhr aus Holz\"}]},{\"@type\":\"WebSite\",\"@id\":\"https:\/\/peakart.co.uk\/de\/#website\",\"url\":\"https:\/\/peakart.co.uk\/de\/\",\"name\":\"Peak Art\",\"description\":\"\",\"publisher\":{\"@id\":\"https:\/\/peakart.co.uk\/de\/#organization\"},\"potentialAction\":[{\"@type\":\"SearchAction\",\"target\":{\"@type\":\"EntryPoint\",\"urlTemplate\":\"https:\/\/peakart.co.uk\/de\/?s={search_term_string}\"},\"query-input\":{\"@type\":\"PropertyValueSpecification\",\"valueRequired\":true,\"valueName\":\"search_term_string\"}}],\"inLanguage\":\"de\"},{\"@type\":\"Organization\",\"@id\":\"https:\/\/peakart.co.uk\/de\/#organization\",\"name\":\"Peak Art\",\"url\":\"https:\/\/peakart.co.uk\/de\/\",\"logo\":{\"@type\":\"ImageObject\",\"inLanguage\":\"de\",\"@id\":\"https:\/\/peakart.co.uk\/de\/#\/schema\/logo\/image\/\",\"url\":\"https:\/\/peakart.co.uk\/wp-content\/uploads\/2023\/07\/logo-8.jpg\",\"contentUrl\":\"https:\/\/peakart.co.uk\/wp-content\/uploads\/2023\/07\/logo-8.jpg\",\"width\":666,\"height\":259,\"caption\":\"Peak Art\"},\"image\":{\"@id\":\"https:\/\/peakart.co.uk\/de\/#\/schema\/logo\/image\/\"},\"sameAs\":[\"https:\/\/www.facebook.com\/PeakArtClocks\/\"],\"hasMerchantReturnPolicy\":{\"@type\":\"MerchantReturnPolicy\",\"merchantReturnLink\":\"https:\/\/peakart.co.uk\/refund_returns\/\"}}]}<\/script>\n<meta property=\"og:availability\" content=\"instock\" \/>\n<meta property=\"product:availability\" content=\"instock\" \/>\n<meta property=\"product:retailer_item_id\" content=\"PEAKART-36739\" \/>\n<meta property=\"product:condition\" content=\"new\" \/>\n<!-- \/ Yoast SEO Premium plugin. -->","yoast_head_json":{"title":"Gro\u00dfe, handgefertigte Industrial-Uhr f\u00fcr Ihre Wohnzimmerwand","description":"Unsere Industrial-Uhr ist ein erstaunliches Kunstwerk, das den gro\u00dfen leeren Fleck an Ihrer Wand ausf\u00fcllen wird. Sie verf\u00fcgt \u00fcber ein paar metallische Elemente, die ihr mehr Charakter verleihen.","robots":{"index":"index","follow":"follow","max-snippet":"max-snippet:-1","max-image-preview":"max-image-preview:large","max-video-preview":"max-video-preview:-1"},"canonical":"https:\/\/peakart.co.uk\/de\/produkt\/industrial-wanduhr\/","og_locale":"de_DE","og_type":"article","og_title":"Gro\u00dfe, handgefertigte Industrial-Uhr aus Holz","og_description":"Unsere Industrial-Uhr ist ein erstaunliches Kunstwerk, das den gro\u00dfen leeren Fleck an Ihrer Wand ausf\u00fcllen wird. Sie verf\u00fcgt \u00fcber ein paar metallische Elemente, die ihr mehr Charakter verleihen.","og_url":"https:\/\/peakart.co.uk\/de\/produkt\/industrial-wanduhr\/","og_site_name":"Peak Art","article_publisher":"https:\/\/www.facebook.com\/PeakArtClocks\/","article_modified_time":"2023-03-25T11:52:41+00:00","og_image":[{"width":2183,"height":2183,"url":"https:\/\/peakart.co.uk\/wp-content\/uploads\/2015\/10\/Industrial-zoom-1.jpg","type":"image\/jpeg"}],"twitter_card":"summary_large_image","twitter_misc":{"Verf\u00fcgbarkeit":"Auf Lager"},"schema":{"@context":"https:\/\/schema.org","@graph":[{"@type":"WebPage","@id":"https:\/\/peakart.co.uk\/de\/produkt\/industrial-wanduhr\/","url":"https:\/\/peakart.co.uk\/de\/produkt\/industrial-wanduhr\/","name":"Gro\u00dfe, handgefertigte Industrial-Uhr f\u00fcr Ihre Wohnzimmerwand","isPartOf":{"@id":"https:\/\/peakart.co.uk\/de\/#website"},"primaryImageOfPage":{"@id":"https:\/\/peakart.co.uk\/de\/produkt\/industrial-wanduhr\/#primaryimage"},"image":{"@id":"https:\/\/peakart.co.uk\/de\/produkt\/industrial-wanduhr\/#primaryimage"},"thumbnailUrl":"https:\/\/peakart.co.uk\/wp-content\/uploads\/2015\/10\/Industrial-zoom-1.jpg","datePublished":"2018-01-27T15:08:58+00:00","dateModified":"2023-03-25T11:52:41+00:00","description":"Unsere Industrial-Uhr ist ein erstaunliches Kunstwerk, das den gro\u00dfen leeren Fleck an Ihrer Wand ausf\u00fcllen wird. Sie verf\u00fcgt \u00fcber ein paar metallische Elemente, die ihr mehr Charakter verleihen.","breadcrumb":{"@id":"https:\/\/peakart.co.uk\/de\/produkt\/industrial-wanduhr\/#breadcrumb"},"inLanguage":"de","potentialAction":[{"@type":"ReadAction","target":["https:\/\/peakart.co.uk\/de\/produkt\/industrial-wanduhr\/"]}]},{"@type":"ImageObject","inLanguage":"de","@id":"https:\/\/peakart.co.uk\/de\/produkt\/industrial-wanduhr\/#primaryimage","url":"https:\/\/peakart.co.uk\/wp-content\/uploads\/2015\/10\/Industrial-zoom-1.jpg","contentUrl":"https:\/\/peakart.co.uk\/wp-content\/uploads\/2015\/10\/Industrial-zoom-1.jpg","width":2183,"height":2183},{"@type":"BreadcrumbList","@id":"https:\/\/peakart.co.uk\/de\/produkt\/industrial-wanduhr\/#breadcrumb","itemListElement":[{"@type":"ListItem","position":1,"name":"Home","item":"https:\/\/peakart.co.uk\/de\/"},{"@type":"ListItem","position":2,"name":"Shop","item":"https:\/\/peakart.co.uk\/de\/shop\/"},{"@type":"ListItem","position":3,"name":"Gro\u00dfe, handgefertigte Industrial-Uhr aus Holz"}]},{"@type":"WebSite","@id":"https:\/\/peakart.co.uk\/de\/#website","url":"https:\/\/peakart.co.uk\/de\/","name":"Peak Art","description":"","publisher":{"@id":"https:\/\/peakart.co.uk\/de\/#organization"},"potentialAction":[{"@type":"SearchAction","target":{"@type":"EntryPoint","urlTemplate":"https:\/\/peakart.co.uk\/de\/?s={search_term_string}"},"query-input":{"@type":"PropertyValueSpecification","valueRequired":true,"valueName":"search_term_string"}}],"inLanguage":"de"},{"@type":"Organization","@id":"https:\/\/peakart.co.uk\/de\/#organization","name":"Peak Art","url":"https:\/\/peakart.co.uk\/de\/","logo":{"@type":"ImageObject","inLanguage":"de","@id":"https:\/\/peakart.co.uk\/de\/#\/schema\/logo\/image\/","url":"https:\/\/peakart.co.uk\/wp-content\/uploads\/2023\/07\/logo-8.jpg","contentUrl":"https:\/\/peakart.co.uk\/wp-content\/uploads\/2023\/07\/logo-8.jpg","width":666,"height":259,"caption":"Peak Art"},"image":{"@id":"https:\/\/peakart.co.uk\/de\/#\/schema\/logo\/image\/"},"sameAs":["https:\/\/www.facebook.com\/PeakArtClocks\/"],"hasMerchantReturnPolicy":{"@type":"MerchantReturnPolicy","merchantReturnLink":"https:\/\/peakart.co.uk\/refund_returns\/"}}]},"og_availability":"instock","product_availability":"instock","product_retailer_item_id":"PEAKART-36739","product_condition":"new"},"_links":{"self":[{"href":"https:\/\/peakart.co.uk\/de\/wp-json\/wp\/v2\/product\/7948","targetHints":{"allow":["GET"]}}],"collection":[{"href":"https:\/\/peakart.co.uk\/de\/wp-json\/wp\/v2\/product"}],"about":[{"href":"https:\/\/peakart.co.uk\/de\/wp-json\/wp\/v2\/types\/product"}],"replies":[{"embeddable":true,"href":"https:\/\/peakart.co.uk\/de\/wp-json\/wp\/v2\/comments?post=7948"}],"wp:featuredmedia":[{"embeddable":true,"href":"https:\/\/peakart.co.uk\/de\/wp-json\/wp\/v2\/media\/32505"}],"wp:attachment":[{"href":"https:\/\/peakart.co.uk\/de\/wp-json\/wp\/v2\/media?parent=7948"}],"wp:term":[{"taxonomy":"product_brand","embeddable":true,"href":"https:\/\/peakart.co.uk\/de\/wp-json\/wp\/v2\/product_brand?post=7948"},{"taxonomy":"product_cat","embeddable":true,"href":"https:\/\/peakart.co.uk\/de\/wp-json\/wp\/v2\/product_cat?post=7948"},{"taxonomy":"product_tag","embeddable":true,"href":"https:\/\/peakart.co.uk\/de\/wp-json\/wp\/v2\/product_tag?post=7948"}],"curies":[{"name":"wp","href":"https:\/\/api.w.org\/{rel}","templated":true}]}}