{"id":7942,"date":"2015-10-09T11:55:13","date_gmt":"2018-01-25T21:42:36","guid":{"rendered":"http:\/\/peakart.co.uk\/product\/grose-antike-skelettuhr-aus-holz\/"},"modified":"2023-03-25T19:45:29","modified_gmt":"2023-03-25T19:45:29","slug":"antike-skelettuhr","status":"publish","type":"product","link":"https:\/\/peakart.co.uk\/de\/produkt\/antike-skelettuhr\/","title":{"rendered":"Gro\u00dfe antike Skelettuhr aus Holz"},"content":{"rendered":"<h2>Handgefertigte antike Skelettuhr mit r\u00f6mischen Ziffern<\/h2>\n<p>Diese antike Skelettuhr w\u00fcrde in Ihrem Wohnzimmer den idealen Hingucker abgeben. Haben Sie jemals eine Uhr mit 100 cm Durchmesser gesehen, die eine so wunderbar nat\u00fcrliche Erscheinung bietet? Anders als die \u00fcberw\u00e4ltigende Mehrheit der Skelettuhren, die auf dem Markt sind, werden unsere Produkte aus einzelnen gro\u00dfen Fichtenholzplatten von Hand gefertigt. Der zus\u00e4tzliche schmale Rand wird an der R\u00fcckseite angef\u00fcgt, um f\u00fcr einen besseren dreidimensionalen Eindruck zu sorgen.<\/p>\n<p>Das Uhrwerk ben\u00f6tigt eine einzelne Babyzelle, um zu laufen. Wir liefern die Uhr mit zun\u00e4chst abmontierten Zeigern, um jegliche Sch\u00e4den auf dem Transport zu verh\u00fcten. Wir haben eine komplette Demonstration aufgenommen und auf <a href=\"https:\/\/www.youtube.com\/watch?v=08Tq0lKFs30\">YouTube<\/a> gestellt, die zeigt, wie man die Uhrzeiger sicher anbaut.<\/p>\n<p>Die Uhren von Peak Art sind in ihrer Art einmalige, \u1e31ostspielige Kunstwerke, die selbst den anspruchsvollsten Geschmack zufriedenstellen. Wir sind das erste Unternehmen, das ein gro\u00dfes Zifferblatt f\u00fcr eine Uhr entworfen hat, das aus einer einzelnen Holzplatte ges\u00e4gt ist. Die Zahlzeichen sind nicht einfach aufgebracht oder gemalt, sondern ein integraler Teil dieser h\u00f6lzernen Skulptur. Mit so einer famosen Skelettuhr an der Wand brauchen Sie kein gro\u00dfes Bild und keinen Spiegel mehr, um den gro\u00dfen leeren Fleck auszuf\u00fcllen.<\/p>\n<p>Uhren von Peak Art werden seit Fr\u00fchjahr 2015 online angeboten, und seitdem haben wir Tausende von <a href=\"https:\/\/www.facebook.com\/PeakArtClocks\/\">Facebook-Followern<\/a> und <a href=\"https:\/\/twitter.com\/peakartclocks\">Twitter-Fans<\/a> gewonnen. Bitte treten Sie uns online bei und schreiben uns Ihre R\u00fcckmeldungen und Kommentare. Als weltweites Familienunternehmen machen wir alles mit Herz und Seele. Falls Sie mit Google nach <a href=\"https:\/\/www.google.co.uk\/search?q=Extra+Large+Handmade+Wall+Clocks\">extra gro\u00dfen, handgefertigten Wanduhren<\/a> suchen, werden Sie erkennen, dass wir konkurrenzlos dastehen.<\/p>\n<p>&nbsp;<\/p>\n","protected":false},"excerpt":{"rendered":"<p>Die Skelettuhr <b>Antik hell<\/b> ist von Hand aus einer einzelnen, gro\u00dfen Fichtenholzplatte aus nachhaltiger Erzeugung hergestellt. Sie ist ein Mitglied der neuen Familie &#8220;hohler&#8221; Uhren. Das Zifferblatt zeigt sorgf\u00e4ltig gearbeitete r\u00f6mische Zahlzeichen, und die Farbe der Wand bildet den Hintergrund. Mit einem gesamten Durchmesser von 100 cm (40 Zoll) und ihrem klassischen Design f\u00fcgt sie sich in die meisten Inneneinrichtungen gut ein. Wir bieten jetzt auch zwei weitere Gr\u00f6\u00dfen an \u2013 75 cm (30 Zoll) oder 120 cm (48 Zoll), um Ihre Bed\u00fcrfnisse besser zu erf\u00fcllen.<\/p>\n<p><strong>Gestaltet und handgefertigt<\/strong> \u2013 Anna Siodelska, Vereinigtes K\u00f6nigreich<\/p>\n<p><strong>Farbe des Zifferblattes<\/strong> \u2013 Eiche antik<\/p>\n<p><strong>Farbe des Hintergrundes<\/strong> \u2013 durchsichtig \/ Farbe der Wand<\/p>\n<p><strong>Beachten Sie \u2013<\/strong>Bei der Uhr mit Durchmesser 75 cm (30 Zoll) haben die Zahlzeichen eine leicht andere Form, um sicherzustellen, dass sie nicht zu d\u00fcnn ausfallen. Ein Beispielbild mit der anderen Form finden Sie <a href=\"https:\/\/peakart.co.uk\/wp-content\/uploads\/2017\/09\/Unique-Large-Rustic-Grey-Wooden-Wall-Clock-Left.jpg\">hier<\/a><\/p>\n","protected":false},"featured_media":30992,"comment_status":"open","ping_status":"closed","template":"","meta":[],"product_brand":[],"product_cat":[80],"product_tag":[90,87,95],"class_list":{"0":"post-7942","1":"product","2":"type-product","3":"status-publish","4":"has-post-thumbnail","6":"product_cat-grosse-wanduhren-handgefertigt","7":"product_tag-grosse-skelett-wanduhren-mit-roemischen-zahlzeichen","8":"product_tag-wanduhren-mit-roemischen-zahlzeichen","9":"product_tag-skelett-wanduhren","11":"first","12":"outofstock","13":"taxable","14":"shipping-taxable","15":"product-type-variable"},"yoast_head":"<!-- This site is optimized with the Yoast SEO Premium plugin v27.2 (Yoast SEO v27.2) - https:\/\/yoast.com\/product\/yoast-seo-premium-wordpress\/ -->\n<title>Gro\u00dfe Antik-Skelettuhr mit r\u00f6mischen Ziffern. In 3 Gr\u00f6\u00dfen erh\u00e4ltlich.<\/title>\n<meta name=\"description\" content=\"Die Skelettuhr &quot;Antik hell&quot; ist ein hochfeines zeitgen\u00f6ssisches Kunstwerk f\u00fcr die Wand. Handgefertigt und handbemalt, zeigt sie traditionelle r\u00f6mische Zahlzeichen.\" \/>\n<meta name=\"robots\" content=\"index, follow, max-snippet:-1, max-image-preview:large, max-video-preview:-1\" \/>\n<link rel=\"canonical\" href=\"https:\/\/peakart.co.uk\/de\/produkt\/antike-skelettuhr\/\" \/>\n<meta property=\"og:locale\" content=\"de_DE\" \/>\n<meta property=\"og:type\" content=\"article\" \/>\n<meta property=\"og:title\" content=\"Gro\u00dfe antike Skelettuhr aus Holz\" \/>\n<meta property=\"og:description\" content=\"Die Skelettuhr &quot;Antik hell&quot; ist ein hochfeines zeitgen\u00f6ssisches Kunstwerk f\u00fcr die Wand. Handgefertigt und handbemalt, zeigt sie traditionelle r\u00f6mische Zahlzeichen.\" \/>\n<meta property=\"og:url\" content=\"https:\/\/peakart.co.uk\/de\/produkt\/antike-skelettuhr\/\" \/>\n<meta property=\"og:site_name\" content=\"Peak Art\" \/>\n<meta property=\"article:publisher\" content=\"https:\/\/www.facebook.com\/PeakArtClocks\/\" \/>\n<meta property=\"article:modified_time\" content=\"2023-03-25T19:45:29+00:00\" \/>\n<meta property=\"og:image\" content=\"https:\/\/peakart.co.uk\/wp-content\/uploads\/2015\/10\/Light-Vintage-Front-500x500-e1444472366501.jpg\" \/>\n\t<meta property=\"og:image:width\" content=\"400\" \/>\n\t<meta property=\"og:image:height\" content=\"400\" \/>\n\t<meta property=\"og:image:type\" content=\"image\/jpeg\" \/>\n<meta name=\"twitter:card\" content=\"summary_large_image\" \/>\n<meta name=\"twitter:label1\" content=\"Verf\u00fcgbarkeit\" \/>\n\t<meta name=\"twitter:data1\" content=\"ausverkauft\" \/>\n<script type=\"application\/ld+json\" class=\"yoast-schema-graph\">{\"@context\":\"https:\/\/schema.org\",\"@graph\":[{\"@type\":\"WebPage\",\"@id\":\"https:\/\/peakart.co.uk\/de\/produkt\/antike-skelettuhr\/\",\"url\":\"https:\/\/peakart.co.uk\/de\/produkt\/antike-skelettuhr\/\",\"name\":\"Gro\u00dfe Antik-Skelettuhr mit r\u00f6mischen Ziffern. In 3 Gr\u00f6\u00dfen erh\u00e4ltlich.\",\"isPartOf\":{\"@id\":\"https:\/\/peakart.co.uk\/de\/#website\"},\"primaryImageOfPage\":{\"@id\":\"https:\/\/peakart.co.uk\/de\/produkt\/antike-skelettuhr\/#primaryimage\"},\"image\":{\"@id\":\"https:\/\/peakart.co.uk\/de\/produkt\/antike-skelettuhr\/#primaryimage\"},\"thumbnailUrl\":\"https:\/\/peakart.co.uk\/wp-content\/uploads\/2015\/10\/Light-Vintage-Front-500x500-e1444472366501.jpg\",\"datePublished\":\"2018-01-25T21:42:36+00:00\",\"dateModified\":\"2023-03-25T19:45:29+00:00\",\"description\":\"Die Skelettuhr \\\"Antik hell\\\" ist ein hochfeines zeitgen\u00f6ssisches Kunstwerk f\u00fcr die Wand. Handgefertigt und handbemalt, zeigt sie traditionelle r\u00f6mische Zahlzeichen.\",\"breadcrumb\":{\"@id\":\"https:\/\/peakart.co.uk\/de\/produkt\/antike-skelettuhr\/#breadcrumb\"},\"inLanguage\":\"de\",\"potentialAction\":[{\"@type\":\"ReadAction\",\"target\":[\"https:\/\/peakart.co.uk\/de\/produkt\/antike-skelettuhr\/\"]}]},{\"@type\":\"ImageObject\",\"inLanguage\":\"de\",\"@id\":\"https:\/\/peakart.co.uk\/de\/produkt\/antike-skelettuhr\/#primaryimage\",\"url\":\"https:\/\/peakart.co.uk\/wp-content\/uploads\/2015\/10\/Light-Vintage-Front-500x500-e1444472366501.jpg\",\"contentUrl\":\"https:\/\/peakart.co.uk\/wp-content\/uploads\/2015\/10\/Light-Vintage-Front-500x500-e1444472366501.jpg\",\"width\":400,\"height\":400,\"caption\":\"Peak Art - Light Vintage\"},{\"@type\":\"BreadcrumbList\",\"@id\":\"https:\/\/peakart.co.uk\/de\/produkt\/antike-skelettuhr\/#breadcrumb\",\"itemListElement\":[{\"@type\":\"ListItem\",\"position\":1,\"name\":\"Home\",\"item\":\"https:\/\/peakart.co.uk\/de\/\"},{\"@type\":\"ListItem\",\"position\":2,\"name\":\"Shop\",\"item\":\"https:\/\/peakart.co.uk\/de\/shop\/\"},{\"@type\":\"ListItem\",\"position\":3,\"name\":\"Gro\u00dfe antike Skelettuhr aus Holz\"}]},{\"@type\":\"WebSite\",\"@id\":\"https:\/\/peakart.co.uk\/de\/#website\",\"url\":\"https:\/\/peakart.co.uk\/de\/\",\"name\":\"Peak Art\",\"description\":\"\",\"publisher\":{\"@id\":\"https:\/\/peakart.co.uk\/de\/#organization\"},\"potentialAction\":[{\"@type\":\"SearchAction\",\"target\":{\"@type\":\"EntryPoint\",\"urlTemplate\":\"https:\/\/peakart.co.uk\/de\/?s={search_term_string}\"},\"query-input\":{\"@type\":\"PropertyValueSpecification\",\"valueRequired\":true,\"valueName\":\"search_term_string\"}}],\"inLanguage\":\"de\"},{\"@type\":\"Organization\",\"@id\":\"https:\/\/peakart.co.uk\/de\/#organization\",\"name\":\"Peak Art\",\"url\":\"https:\/\/peakart.co.uk\/de\/\",\"logo\":{\"@type\":\"ImageObject\",\"inLanguage\":\"de\",\"@id\":\"https:\/\/peakart.co.uk\/de\/#\/schema\/logo\/image\/\",\"url\":\"https:\/\/peakart.co.uk\/wp-content\/uploads\/2023\/07\/logo-8.jpg\",\"contentUrl\":\"https:\/\/peakart.co.uk\/wp-content\/uploads\/2023\/07\/logo-8.jpg\",\"width\":666,\"height\":259,\"caption\":\"Peak Art\"},\"image\":{\"@id\":\"https:\/\/peakart.co.uk\/de\/#\/schema\/logo\/image\/\"},\"sameAs\":[\"https:\/\/www.facebook.com\/PeakArtClocks\/\"],\"hasMerchantReturnPolicy\":{\"@type\":\"MerchantReturnPolicy\",\"merchantReturnLink\":\"https:\/\/peakart.co.uk\/refund_returns\/\"}}]}<\/script>\n<meta property=\"og:availability\" content=\"out of stock\" \/>\n<meta property=\"product:availability\" content=\"out of stock\" \/>\n<meta property=\"product:retailer_item_id\" content=\"PEAKART-84251\" \/>\n<meta property=\"product:condition\" content=\"new\" \/>\n<!-- \/ Yoast SEO Premium plugin. -->","yoast_head_json":{"title":"Gro\u00dfe Antik-Skelettuhr mit r\u00f6mischen Ziffern. In 3 Gr\u00f6\u00dfen erh\u00e4ltlich.","description":"Die Skelettuhr \"Antik hell\" ist ein hochfeines zeitgen\u00f6ssisches Kunstwerk f\u00fcr die Wand. Handgefertigt und handbemalt, zeigt sie traditionelle r\u00f6mische Zahlzeichen.","robots":{"index":"index","follow":"follow","max-snippet":"max-snippet:-1","max-image-preview":"max-image-preview:large","max-video-preview":"max-video-preview:-1"},"canonical":"https:\/\/peakart.co.uk\/de\/produkt\/antike-skelettuhr\/","og_locale":"de_DE","og_type":"article","og_title":"Gro\u00dfe antike Skelettuhr aus Holz","og_description":"Die Skelettuhr \"Antik hell\" ist ein hochfeines zeitgen\u00f6ssisches Kunstwerk f\u00fcr die Wand. Handgefertigt und handbemalt, zeigt sie traditionelle r\u00f6mische Zahlzeichen.","og_url":"https:\/\/peakart.co.uk\/de\/produkt\/antike-skelettuhr\/","og_site_name":"Peak Art","article_publisher":"https:\/\/www.facebook.com\/PeakArtClocks\/","article_modified_time":"2023-03-25T19:45:29+00:00","og_image":[{"width":400,"height":400,"url":"https:\/\/peakart.co.uk\/wp-content\/uploads\/2015\/10\/Light-Vintage-Front-500x500-e1444472366501.jpg","type":"image\/jpeg"}],"twitter_card":"summary_large_image","twitter_misc":{"Verf\u00fcgbarkeit":"ausverkauft"},"schema":{"@context":"https:\/\/schema.org","@graph":[{"@type":"WebPage","@id":"https:\/\/peakart.co.uk\/de\/produkt\/antike-skelettuhr\/","url":"https:\/\/peakart.co.uk\/de\/produkt\/antike-skelettuhr\/","name":"Gro\u00dfe Antik-Skelettuhr mit r\u00f6mischen Ziffern. In 3 Gr\u00f6\u00dfen erh\u00e4ltlich.","isPartOf":{"@id":"https:\/\/peakart.co.uk\/de\/#website"},"primaryImageOfPage":{"@id":"https:\/\/peakart.co.uk\/de\/produkt\/antike-skelettuhr\/#primaryimage"},"image":{"@id":"https:\/\/peakart.co.uk\/de\/produkt\/antike-skelettuhr\/#primaryimage"},"thumbnailUrl":"https:\/\/peakart.co.uk\/wp-content\/uploads\/2015\/10\/Light-Vintage-Front-500x500-e1444472366501.jpg","datePublished":"2018-01-25T21:42:36+00:00","dateModified":"2023-03-25T19:45:29+00:00","description":"Die Skelettuhr \"Antik hell\" ist ein hochfeines zeitgen\u00f6ssisches Kunstwerk f\u00fcr die Wand. Handgefertigt und handbemalt, zeigt sie traditionelle r\u00f6mische Zahlzeichen.","breadcrumb":{"@id":"https:\/\/peakart.co.uk\/de\/produkt\/antike-skelettuhr\/#breadcrumb"},"inLanguage":"de","potentialAction":[{"@type":"ReadAction","target":["https:\/\/peakart.co.uk\/de\/produkt\/antike-skelettuhr\/"]}]},{"@type":"ImageObject","inLanguage":"de","@id":"https:\/\/peakart.co.uk\/de\/produkt\/antike-skelettuhr\/#primaryimage","url":"https:\/\/peakart.co.uk\/wp-content\/uploads\/2015\/10\/Light-Vintage-Front-500x500-e1444472366501.jpg","contentUrl":"https:\/\/peakart.co.uk\/wp-content\/uploads\/2015\/10\/Light-Vintage-Front-500x500-e1444472366501.jpg","width":400,"height":400,"caption":"Peak Art - Light Vintage"},{"@type":"BreadcrumbList","@id":"https:\/\/peakart.co.uk\/de\/produkt\/antike-skelettuhr\/#breadcrumb","itemListElement":[{"@type":"ListItem","position":1,"name":"Home","item":"https:\/\/peakart.co.uk\/de\/"},{"@type":"ListItem","position":2,"name":"Shop","item":"https:\/\/peakart.co.uk\/de\/shop\/"},{"@type":"ListItem","position":3,"name":"Gro\u00dfe antike Skelettuhr aus Holz"}]},{"@type":"WebSite","@id":"https:\/\/peakart.co.uk\/de\/#website","url":"https:\/\/peakart.co.uk\/de\/","name":"Peak Art","description":"","publisher":{"@id":"https:\/\/peakart.co.uk\/de\/#organization"},"potentialAction":[{"@type":"SearchAction","target":{"@type":"EntryPoint","urlTemplate":"https:\/\/peakart.co.uk\/de\/?s={search_term_string}"},"query-input":{"@type":"PropertyValueSpecification","valueRequired":true,"valueName":"search_term_string"}}],"inLanguage":"de"},{"@type":"Organization","@id":"https:\/\/peakart.co.uk\/de\/#organization","name":"Peak Art","url":"https:\/\/peakart.co.uk\/de\/","logo":{"@type":"ImageObject","inLanguage":"de","@id":"https:\/\/peakart.co.uk\/de\/#\/schema\/logo\/image\/","url":"https:\/\/peakart.co.uk\/wp-content\/uploads\/2023\/07\/logo-8.jpg","contentUrl":"https:\/\/peakart.co.uk\/wp-content\/uploads\/2023\/07\/logo-8.jpg","width":666,"height":259,"caption":"Peak Art"},"image":{"@id":"https:\/\/peakart.co.uk\/de\/#\/schema\/logo\/image\/"},"sameAs":["https:\/\/www.facebook.com\/PeakArtClocks\/"],"hasMerchantReturnPolicy":{"@type":"MerchantReturnPolicy","merchantReturnLink":"https:\/\/peakart.co.uk\/refund_returns\/"}}]},"og_availability":"out of stock","product_availability":"out of stock","product_retailer_item_id":"PEAKART-84251","product_condition":"new"},"_links":{"self":[{"href":"https:\/\/peakart.co.uk\/de\/wp-json\/wp\/v2\/product\/7942","targetHints":{"allow":["GET"]}}],"collection":[{"href":"https:\/\/peakart.co.uk\/de\/wp-json\/wp\/v2\/product"}],"about":[{"href":"https:\/\/peakart.co.uk\/de\/wp-json\/wp\/v2\/types\/product"}],"replies":[{"embeddable":true,"href":"https:\/\/peakart.co.uk\/de\/wp-json\/wp\/v2\/comments?post=7942"}],"wp:featuredmedia":[{"embeddable":true,"href":"https:\/\/peakart.co.uk\/de\/wp-json\/wp\/v2\/media\/30992"}],"wp:attachment":[{"href":"https:\/\/peakart.co.uk\/de\/wp-json\/wp\/v2\/media?parent=7942"}],"wp:term":[{"taxonomy":"product_brand","embeddable":true,"href":"https:\/\/peakart.co.uk\/de\/wp-json\/wp\/v2\/product_brand?post=7942"},{"taxonomy":"product_cat","embeddable":true,"href":"https:\/\/peakart.co.uk\/de\/wp-json\/wp\/v2\/product_cat?post=7942"},{"taxonomy":"product_tag","embeddable":true,"href":"https:\/\/peakart.co.uk\/de\/wp-json\/wp\/v2\/product_tag?post=7942"}],"curies":[{"name":"wp","href":"https:\/\/api.w.org\/{rel}","templated":true}]}}