{"id":7937,"date":"2016-03-03T17:37:51","date_gmt":"2018-01-25T21:42:19","guid":{"rendered":"http:\/\/peakart.co.uk\/product\/grose-runde-wanduhr-aus-holz\/"},"modified":"2023-03-25T20:10:03","modified_gmt":"2023-03-25T20:10:03","slug":"grose-runde-wanduhr","status":"publish","type":"product","link":"https:\/\/peakart.co.uk\/de\/produkt\/grose-runde-wanduhr\/","title":{"rendered":"Gro\u00dfe runde Wanduhr aus Holz"},"content":{"rendered":"<h2>Gro\u00dfe runde Wanduhr im Skelettdesign, aus Holz gefertigt<\/h2>\n<p>Im Gegensatz zu den meisten unserer Uhren weist die &#8220;Ocean Shell&#8221; keine traditionellen r\u00f6mischen Ziffern auf. Stattdessen hat sie ein au\u00dfergew\u00f6hnliches und zeitgen\u00f6ssisches Design mit Erdt\u00f6nen und bernsteinfarbenen Kanten. Wir schneiden sie aus einem einzigen St\u00fcck Kiefernholz und befestigen den schmalen Holzrand auf der R\u00fcckseite. Das sorgt f\u00fcr eine dreidimensionale Optik. Haben Sie schon einmal dar\u00fcber nachgedacht, solch eine gro\u00dfe runde Wanduhr in Ihrem Wohnzimmer aufzuh\u00e4ngen? Schlie\u00dfen Sie sich unserer wachsenden <a href=\"https:\/\/www.facebook.com\/PeakArtClocks\/\">Facebook Community<\/a> an, wo Tausende von Menschen bereits unsere <a href=\"https:\/\/peakart.co.uk\/de\/produkt-schlagwort\/grosse-kuenstlerische-wanduhren\/\">gro\u00dfen k\u00fcnstlerischen Wanduhren<\/a> bewundern.<\/p>\n<p>Es gibt viele gute Gr\u00fcnde, bei uns einzukaufen. M\u00f6glicherweise m\u00f6chten Sie diese gro\u00dfe leere Wandfl\u00e4che in Ihrer Lounge f\u00fcllen oder hoffen, die Kunden, die in Ihr B\u00fcro kommen, mit einer bemerkenswerten Statement-Wanduhr zu beeindrucken? M\u00f6glicherweise versuchen Sie, ein einzigartiges Geschenk f\u00fcr eine geliebte oder nahestehende Person zu finden? Was auch immer Ihr Vorhaben ist, erinnern Sie sich einfach daran, dass diese wunderbaren Zeitmesser entworfen wurden, um im Innenbereich montiert zu werden. Bitte halten Sie den Abstand zu W\u00e4rme- oder Feuchtigkeitsquellen ein, da diese die Lebensdauer der Mechanik verk\u00fcrzen und das Holz austrocknen lassen k\u00f6nnen.<\/p>\n<p>Das Uhrwerk ist das leistungsf\u00e4higste Quartz Sweep-Werk, das nur eine einzige Babyzelle ben\u00f6tigt. Wir liefern die Wanduhr mit demontierten Zeigern, um Transportsch\u00e4den zu vermeiden. In diesem <a href=\"https:\/\/www.youtube.com\/watch?v=08Tq0lKFs30\">Kurzvideo<\/a> zeige ich Ihnen, wie Sie die Uhrzeiger anbringen und die Uhrzeit einstellen k\u00f6nnen.<\/p>\n<p>Verfallen Sie nicht den alten Gewohnheiten, erweitern Sie Ihr bisheriges Denken und machen Sie unsere sch\u00f6nen Zeitmesser zur neuen Mode. Wenn Sie sich Einzigartigkeit und Charakter w\u00fcnschen, ist Peak Art \u2013 mit unserem Aush\u00e4ngeschild, dem Design gro\u00dfer runder Wanduhren, das nirgendwo sonst erh\u00e4ltlich ist \u2013 f\u00fchrend in diesem Nischenmarkt.<\/p>\n","protected":false},"excerpt":{"rendered":"<p>Die gro\u00dfe runde Wanduhr &#8220;Ocean Shell&#8221; wird in Handarbeit aus zwei Platten aus nachhaltig gewonnenem Kiefernholz gefertigt. Im Gegensatz zu den meisten unserer Uhren weist die &#8220;Ocean Shell&#8221; keine traditionellen r\u00f6mischen Ziffern auf. Stattdessen hat sie ein sehr modernes und ungew\u00f6hnliches Zifferblattdesign. Der schmale, r\u00fcckseitig angebrachte Holzrand sorgt f\u00fcr eine dreidimensionale Optik. Wir k\u00f6nnen diese Wanduhr in drei verschiedenen Gr\u00f6\u00dfen herstellen und so den unterschiedlichsten Bed\u00fcrfnissen entsprechen.<\/p>\n<p><strong>Video<\/strong> \u2013 <a href=\"https:\/\/www.youtube.com\/watch?v=oWBGgR3dxsA\">Gro\u00dfe runde Wanduhr<\/a><\/p>\n<p><strong>Design &amp; Handfertigung<\/strong> \u2013 Anna Siodelska, Vereinigtes K\u00f6nigreich<\/p>\n<p><strong>Farbe des Zifferblatts<\/strong> \u2013 Antike Kiefer\/ Dunkle Eiche<\/p>\n<p><strong>Hintergrundfarbe<\/strong> \u2013 Wandfarbe\/ Transparent<\/p>\n<p>&nbsp;<\/p>\n","protected":false},"featured_media":31058,"comment_status":"closed","ping_status":"closed","template":"","meta":[],"product_brand":[],"product_cat":[80],"product_tag":[83,82,95],"class_list":{"0":"post-7937","1":"product","2":"type-product","3":"status-publish","4":"has-post-thumbnail","6":"product_cat-grosse-wanduhren-handgefertigt","7":"product_tag-grosse-dekorative-wanduhren","8":"product_tag-grosse-kuenstlerische-wanduhren","9":"product_tag-skelett-wanduhren","11":"first","12":"instock","13":"sale","14":"taxable","15":"shipping-taxable","16":"purchasable","17":"product-type-variable"},"yoast_head":"<!-- This site is optimized with the Yoast SEO Premium plugin v27.2 (Yoast SEO v27.2) - https:\/\/yoast.com\/product\/yoast-seo-premium-wordpress\/ -->\n<title>\u00dcberdimensionale runde Wanduhr. Aus Holz gefertigt und handbemalt.<\/title>\n<meta name=\"description\" content=\"Die &quot;Ocean Shell&quot; ist eine gro\u00dfe runde Wanduhr. Das Zifferblatt ist aus einem einzigen St\u00fcck Holz geschnitten. Sie passt gut in traditionelle oder zeitgen\u00f6ssische Interieurs.\" \/>\n<meta name=\"robots\" content=\"index, follow, max-snippet:-1, max-image-preview:large, max-video-preview:-1\" \/>\n<link rel=\"canonical\" href=\"https:\/\/peakart.co.uk\/de\/produkt\/grose-runde-wanduhr\/\" \/>\n<meta property=\"og:locale\" content=\"de_DE\" \/>\n<meta property=\"og:type\" content=\"article\" \/>\n<meta property=\"og:title\" content=\"Gro\u00dfe runde Wanduhr aus Holz\" \/>\n<meta property=\"og:description\" content=\"Die &quot;Ocean Shell&quot; ist eine gro\u00dfe runde Wanduhr. Das Zifferblatt ist aus einem einzigen St\u00fcck Holz geschnitten. Sie passt gut in traditionelle oder zeitgen\u00f6ssische Interieurs.\" \/>\n<meta property=\"og:url\" content=\"https:\/\/peakart.co.uk\/de\/produkt\/grose-runde-wanduhr\/\" \/>\n<meta property=\"og:site_name\" content=\"Peak Art\" \/>\n<meta property=\"article:publisher\" content=\"https:\/\/www.facebook.com\/PeakArtClocks\/\" \/>\n<meta property=\"article:modified_time\" content=\"2023-03-25T20:10:03+00:00\" \/>\n<meta property=\"og:image\" content=\"https:\/\/peakart.co.uk\/wp-content\/uploads\/2016\/03\/Hollow-Unique-Wall-Clock-Shell-F1.jpg\" \/>\n\t<meta property=\"og:image:width\" content=\"400\" \/>\n\t<meta property=\"og:image:height\" content=\"400\" \/>\n\t<meta property=\"og:image:type\" content=\"image\/jpeg\" \/>\n<meta name=\"twitter:card\" content=\"summary_large_image\" \/>\n<meta name=\"twitter:label1\" content=\"Verf\u00fcgbarkeit\" \/>\n\t<meta name=\"twitter:data1\" content=\"Auf Lager\" \/>\n<script type=\"application\/ld+json\" class=\"yoast-schema-graph\">{\"@context\":\"https:\/\/schema.org\",\"@graph\":[{\"@type\":\"WebPage\",\"@id\":\"https:\/\/peakart.co.uk\/de\/produkt\/grose-runde-wanduhr\/\",\"url\":\"https:\/\/peakart.co.uk\/de\/produkt\/grose-runde-wanduhr\/\",\"name\":\"\u00dcberdimensionale runde Wanduhr. Aus Holz gefertigt und handbemalt.\",\"isPartOf\":{\"@id\":\"https:\/\/peakart.co.uk\/de\/#website\"},\"primaryImageOfPage\":{\"@id\":\"https:\/\/peakart.co.uk\/de\/produkt\/grose-runde-wanduhr\/#primaryimage\"},\"image\":{\"@id\":\"https:\/\/peakart.co.uk\/de\/produkt\/grose-runde-wanduhr\/#primaryimage\"},\"thumbnailUrl\":\"https:\/\/peakart.co.uk\/wp-content\/uploads\/2016\/03\/Hollow-Unique-Wall-Clock-Shell-F1.jpg\",\"datePublished\":\"2018-01-25T21:42:19+00:00\",\"dateModified\":\"2023-03-25T20:10:03+00:00\",\"description\":\"Die \\\"Ocean Shell\\\" ist eine gro\u00dfe runde Wanduhr. Das Zifferblatt ist aus einem einzigen St\u00fcck Holz geschnitten. Sie passt gut in traditionelle oder zeitgen\u00f6ssische Interieurs.\",\"breadcrumb\":{\"@id\":\"https:\/\/peakart.co.uk\/de\/produkt\/grose-runde-wanduhr\/#breadcrumb\"},\"inLanguage\":\"de\",\"potentialAction\":[{\"@type\":\"ReadAction\",\"target\":[\"https:\/\/peakart.co.uk\/de\/produkt\/grose-runde-wanduhr\/\"]}]},{\"@type\":\"ImageObject\",\"inLanguage\":\"de\",\"@id\":\"https:\/\/peakart.co.uk\/de\/produkt\/grose-runde-wanduhr\/#primaryimage\",\"url\":\"https:\/\/peakart.co.uk\/wp-content\/uploads\/2016\/03\/Hollow-Unique-Wall-Clock-Shell-F1.jpg\",\"contentUrl\":\"https:\/\/peakart.co.uk\/wp-content\/uploads\/2016\/03\/Hollow-Unique-Wall-Clock-Shell-F1.jpg\",\"width\":400,\"height\":400,\"caption\":\"Peak Art - Ocean Shell\"},{\"@type\":\"BreadcrumbList\",\"@id\":\"https:\/\/peakart.co.uk\/de\/produkt\/grose-runde-wanduhr\/#breadcrumb\",\"itemListElement\":[{\"@type\":\"ListItem\",\"position\":1,\"name\":\"Home\",\"item\":\"https:\/\/peakart.co.uk\/de\/\"},{\"@type\":\"ListItem\",\"position\":2,\"name\":\"Shop\",\"item\":\"https:\/\/peakart.co.uk\/de\/shop\/\"},{\"@type\":\"ListItem\",\"position\":3,\"name\":\"Gro\u00dfe runde Wanduhr aus Holz\"}]},{\"@type\":\"WebSite\",\"@id\":\"https:\/\/peakart.co.uk\/de\/#website\",\"url\":\"https:\/\/peakart.co.uk\/de\/\",\"name\":\"Peak Art\",\"description\":\"\",\"publisher\":{\"@id\":\"https:\/\/peakart.co.uk\/de\/#organization\"},\"potentialAction\":[{\"@type\":\"SearchAction\",\"target\":{\"@type\":\"EntryPoint\",\"urlTemplate\":\"https:\/\/peakart.co.uk\/de\/?s={search_term_string}\"},\"query-input\":{\"@type\":\"PropertyValueSpecification\",\"valueRequired\":true,\"valueName\":\"search_term_string\"}}],\"inLanguage\":\"de\"},{\"@type\":\"Organization\",\"@id\":\"https:\/\/peakart.co.uk\/de\/#organization\",\"name\":\"Peak Art\",\"url\":\"https:\/\/peakart.co.uk\/de\/\",\"logo\":{\"@type\":\"ImageObject\",\"inLanguage\":\"de\",\"@id\":\"https:\/\/peakart.co.uk\/de\/#\/schema\/logo\/image\/\",\"url\":\"https:\/\/peakart.co.uk\/wp-content\/uploads\/2023\/07\/logo-8.jpg\",\"contentUrl\":\"https:\/\/peakart.co.uk\/wp-content\/uploads\/2023\/07\/logo-8.jpg\",\"width\":666,\"height\":259,\"caption\":\"Peak Art\"},\"image\":{\"@id\":\"https:\/\/peakart.co.uk\/de\/#\/schema\/logo\/image\/\"},\"sameAs\":[\"https:\/\/www.facebook.com\/PeakArtClocks\/\"],\"hasMerchantReturnPolicy\":{\"@type\":\"MerchantReturnPolicy\",\"merchantReturnLink\":\"https:\/\/peakart.co.uk\/refund_returns\/\"}}]}<\/script>\n<meta property=\"og:availability\" content=\"instock\" \/>\n<meta property=\"product:availability\" content=\"instock\" \/>\n<meta property=\"product:retailer_item_id\" content=\"PEAKART-65464\" \/>\n<meta property=\"product:condition\" content=\"new\" \/>\n<!-- \/ Yoast SEO Premium plugin. -->","yoast_head_json":{"title":"\u00dcberdimensionale runde Wanduhr. Aus Holz gefertigt und handbemalt.","description":"Die \"Ocean Shell\" ist eine gro\u00dfe runde Wanduhr. Das Zifferblatt ist aus einem einzigen St\u00fcck Holz geschnitten. Sie passt gut in traditionelle oder zeitgen\u00f6ssische Interieurs.","robots":{"index":"index","follow":"follow","max-snippet":"max-snippet:-1","max-image-preview":"max-image-preview:large","max-video-preview":"max-video-preview:-1"},"canonical":"https:\/\/peakart.co.uk\/de\/produkt\/grose-runde-wanduhr\/","og_locale":"de_DE","og_type":"article","og_title":"Gro\u00dfe runde Wanduhr aus Holz","og_description":"Die \"Ocean Shell\" ist eine gro\u00dfe runde Wanduhr. Das Zifferblatt ist aus einem einzigen St\u00fcck Holz geschnitten. Sie passt gut in traditionelle oder zeitgen\u00f6ssische Interieurs.","og_url":"https:\/\/peakart.co.uk\/de\/produkt\/grose-runde-wanduhr\/","og_site_name":"Peak Art","article_publisher":"https:\/\/www.facebook.com\/PeakArtClocks\/","article_modified_time":"2023-03-25T20:10:03+00:00","og_image":[{"width":400,"height":400,"url":"https:\/\/peakart.co.uk\/wp-content\/uploads\/2016\/03\/Hollow-Unique-Wall-Clock-Shell-F1.jpg","type":"image\/jpeg"}],"twitter_card":"summary_large_image","twitter_misc":{"Verf\u00fcgbarkeit":"Auf Lager"},"schema":{"@context":"https:\/\/schema.org","@graph":[{"@type":"WebPage","@id":"https:\/\/peakart.co.uk\/de\/produkt\/grose-runde-wanduhr\/","url":"https:\/\/peakart.co.uk\/de\/produkt\/grose-runde-wanduhr\/","name":"\u00dcberdimensionale runde Wanduhr. Aus Holz gefertigt und handbemalt.","isPartOf":{"@id":"https:\/\/peakart.co.uk\/de\/#website"},"primaryImageOfPage":{"@id":"https:\/\/peakart.co.uk\/de\/produkt\/grose-runde-wanduhr\/#primaryimage"},"image":{"@id":"https:\/\/peakart.co.uk\/de\/produkt\/grose-runde-wanduhr\/#primaryimage"},"thumbnailUrl":"https:\/\/peakart.co.uk\/wp-content\/uploads\/2016\/03\/Hollow-Unique-Wall-Clock-Shell-F1.jpg","datePublished":"2018-01-25T21:42:19+00:00","dateModified":"2023-03-25T20:10:03+00:00","description":"Die \"Ocean Shell\" ist eine gro\u00dfe runde Wanduhr. Das Zifferblatt ist aus einem einzigen St\u00fcck Holz geschnitten. Sie passt gut in traditionelle oder zeitgen\u00f6ssische Interieurs.","breadcrumb":{"@id":"https:\/\/peakart.co.uk\/de\/produkt\/grose-runde-wanduhr\/#breadcrumb"},"inLanguage":"de","potentialAction":[{"@type":"ReadAction","target":["https:\/\/peakart.co.uk\/de\/produkt\/grose-runde-wanduhr\/"]}]},{"@type":"ImageObject","inLanguage":"de","@id":"https:\/\/peakart.co.uk\/de\/produkt\/grose-runde-wanduhr\/#primaryimage","url":"https:\/\/peakart.co.uk\/wp-content\/uploads\/2016\/03\/Hollow-Unique-Wall-Clock-Shell-F1.jpg","contentUrl":"https:\/\/peakart.co.uk\/wp-content\/uploads\/2016\/03\/Hollow-Unique-Wall-Clock-Shell-F1.jpg","width":400,"height":400,"caption":"Peak Art - Ocean Shell"},{"@type":"BreadcrumbList","@id":"https:\/\/peakart.co.uk\/de\/produkt\/grose-runde-wanduhr\/#breadcrumb","itemListElement":[{"@type":"ListItem","position":1,"name":"Home","item":"https:\/\/peakart.co.uk\/de\/"},{"@type":"ListItem","position":2,"name":"Shop","item":"https:\/\/peakart.co.uk\/de\/shop\/"},{"@type":"ListItem","position":3,"name":"Gro\u00dfe runde Wanduhr aus Holz"}]},{"@type":"WebSite","@id":"https:\/\/peakart.co.uk\/de\/#website","url":"https:\/\/peakart.co.uk\/de\/","name":"Peak Art","description":"","publisher":{"@id":"https:\/\/peakart.co.uk\/de\/#organization"},"potentialAction":[{"@type":"SearchAction","target":{"@type":"EntryPoint","urlTemplate":"https:\/\/peakart.co.uk\/de\/?s={search_term_string}"},"query-input":{"@type":"PropertyValueSpecification","valueRequired":true,"valueName":"search_term_string"}}],"inLanguage":"de"},{"@type":"Organization","@id":"https:\/\/peakart.co.uk\/de\/#organization","name":"Peak Art","url":"https:\/\/peakart.co.uk\/de\/","logo":{"@type":"ImageObject","inLanguage":"de","@id":"https:\/\/peakart.co.uk\/de\/#\/schema\/logo\/image\/","url":"https:\/\/peakart.co.uk\/wp-content\/uploads\/2023\/07\/logo-8.jpg","contentUrl":"https:\/\/peakart.co.uk\/wp-content\/uploads\/2023\/07\/logo-8.jpg","width":666,"height":259,"caption":"Peak Art"},"image":{"@id":"https:\/\/peakart.co.uk\/de\/#\/schema\/logo\/image\/"},"sameAs":["https:\/\/www.facebook.com\/PeakArtClocks\/"],"hasMerchantReturnPolicy":{"@type":"MerchantReturnPolicy","merchantReturnLink":"https:\/\/peakart.co.uk\/refund_returns\/"}}]},"og_availability":"instock","product_availability":"instock","product_retailer_item_id":"PEAKART-65464","product_condition":"new"},"_links":{"self":[{"href":"https:\/\/peakart.co.uk\/de\/wp-json\/wp\/v2\/product\/7937","targetHints":{"allow":["GET"]}}],"collection":[{"href":"https:\/\/peakart.co.uk\/de\/wp-json\/wp\/v2\/product"}],"about":[{"href":"https:\/\/peakart.co.uk\/de\/wp-json\/wp\/v2\/types\/product"}],"replies":[{"embeddable":true,"href":"https:\/\/peakart.co.uk\/de\/wp-json\/wp\/v2\/comments?post=7937"}],"wp:featuredmedia":[{"embeddable":true,"href":"https:\/\/peakart.co.uk\/de\/wp-json\/wp\/v2\/media\/31058"}],"wp:attachment":[{"href":"https:\/\/peakart.co.uk\/de\/wp-json\/wp\/v2\/media?parent=7937"}],"wp:term":[{"taxonomy":"product_brand","embeddable":true,"href":"https:\/\/peakart.co.uk\/de\/wp-json\/wp\/v2\/product_brand?post=7937"},{"taxonomy":"product_cat","embeddable":true,"href":"https:\/\/peakart.co.uk\/de\/wp-json\/wp\/v2\/product_cat?post=7937"},{"taxonomy":"product_tag","embeddable":true,"href":"https:\/\/peakart.co.uk\/de\/wp-json\/wp\/v2\/product_tag?post=7937"}],"curies":[{"name":"wp","href":"https:\/\/api.w.org\/{rel}","templated":true}]}}