{"id":7740,"date":"2017-12-21T13:23:26","date_gmt":"2017-12-21T13:23:28","guid":{"rendered":"http:\/\/peakart.co.uk\/?post_type=product&#038;p=7740"},"modified":"2023-03-23T21:46:12","modified_gmt":"2023-03-23T21:46:12","slug":"klassische-wanduhr","status":"publish","type":"product","link":"https:\/\/peakart.co.uk\/de\/produkt\/klassische-wanduhr\/","title":{"rendered":"Gro\u00dfe handgefertigte klassische Wanduhr"},"content":{"rendered":"<h2>H\u00fcbsche klassische Wanduhr aus Holz mit handgeschnitzten r\u00f6mischen Zahlzeichen<\/h2>\n<p>Unsere bemerkenswerte Sammlung handgefertigter Uhren wurde soeben um dieses Mitglied erweitert. Die klassische Wanduhr ist eine neuere Variante, die auf der vorherigen <a href=\"https:\/\/peakart.co.uk\/de\/produkt\/antike-skelettuhr\/\">klassischen Skelettuhr<\/a> basiert. Eine Reihe von Kunden hat uns nach einem Entwurf in dunklen Farbt\u00f6nen und mit r\u00f6mischen Ziffern gefragt, die unser Kennzeichen geworden sind. Wie alle Skelett-Wanduhren in unserem Online-Shop ist ihre Erscheinung echt dreidimensional und bewirkt einen starken &#8220;Wow&#8221;-Effekt.<\/p>\n<p>Seit Mitte 2017 bieten wir alle unsere handgefertigten Uhren in drei unterschiedlichen Gr\u00f6\u00dfen an. Obwohl die beliebtesten 100 cm Durchmesser haben, stehen f\u00fcr Sie auch solche mit 75 cm oder 120 cm zur Auswahl. Wir denken, dass diese M\u00f6glichkeiten Ihnen gen\u00fcgend Auswahl f\u00fcr jede Wandgr\u00f6\u00dfe bieten. Schlie\u00dflich k\u00f6nnen Sie, wenn Sie nach einer Uhr mit echter Aussage suchen, nicht wirklich eine w\u00e4hlen, die kleiner als 75 cm ist. Andererseits w\u00fcrde alles, was gr\u00f6\u00dfer ist als 120 cm, sicher ein anderes Uhrwerk und mehr Energie ben\u00f6tigen. Unsere Wanduhren brauchen lediglich eine einzelne Babyzelle (C-Zelle); Sie brauchen sich nicht m\u00fchen, die Wand aufzubohren, um eine Stromleitung zu legen. Sie sind mit einem leisen und starken Uhrwerk ausgestattet, das mit einer Batterie ca. 9 Monate auskommen sollte.<\/p>\n<h2>Eine klassische Wanduhr von Peak Art, die Ihre Inneneinrichtung aufpeppt<\/h2>\n<p>Wir meinen, dass alle unsere Kunden nach etwas Einzigartigem und Neuem suchen, das ihrem Wohnzimmer Charakter verleiht. Der Hauptgrund, weshalb Peak Art diese Marktl\u00fccke f\u00fcllt, ist, dass wir nicht einfach ein Uhrenhersteller sind wie andere Unternehmen. In den meisten F\u00e4llen machen wir die Uhr auf Wunsch des Kunden und bleiben mit jedem von ihnen w\u00e4hrend des Herstellungsprozesses in Verbindung. Manchmal verlangen die Leute ein Design, das es noch nicht gibt, oder w\u00fcnschen eine leichte \u00c4nderung an einem, das wir vorr\u00e4tig haben. Wir streben immer danach, Wertarbeit zu liefern, also z\u00f6gern Sie nicht und kontaktieren uns noch heute.<\/p>\n<p>Egal welche Gr\u00f6\u00dfe oder welchen Entwurf Sie ausw\u00e4hlen: Sie k\u00f6nnen sich darauf verlassen, dass Sie ein erstaunliches Kunstwerk erhalten werden. Ob es eine klassische Wanduhr oder eine der zeitgem\u00e4\u00dfen Uhren ist: Qualit\u00e4t und Kundendienst bleiben bei uns Weltspitze.<\/p>\n","protected":false},"excerpt":{"rendered":"<p>H\u00fcbsche klassische Wanduhr, handgefertigt aus Holz und von Hand bemalt. Dieses St\u00fcck ist ein neues Mitglied unserer Sammlung von Skelettuhren. Die Uhr zeigt gro\u00dfe r\u00f6mische Ziffern mit durchsichtigem Hintergrund. Wir k\u00f6nnen sie in drei unterschiedlichen Gr\u00f6\u00dfen herstellen, je nachdem, wieviel Platz an der Wand Sie f\u00fcllen k\u00f6nnen.<\/p>\n<p><strong>Entworfen und von Hand gefertigt<\/strong> &#8211; Anna Siodelska, Vereinigtes K\u00f6nigreich<\/p>\n<p><strong>Farbe des Zifferblattes<\/strong> \u2013 klassische Eiche<\/p>\n<p><strong>Farbe des Hintergrundes<\/strong> \u2013 durchsichtig \/ Farbe der Wand<\/p>\n<p><strong>Beachten Sie &#8211; <\/strong>Bei der Uhr mit 75 cm (30 Zoll) Durchmesser haben die r\u00f6mischen Zahlzeichen eine leicht abweichende Form, damit sie nicht zu d\u00fcnn ausfallen. Ein Beispielbild mit abweichendem Design finden Sie <a href=\"https:\/\/peakart.co.uk\/wp-content\/uploads\/2017\/09\/Unique-Large-Rustic-Grey-Wooden-Wall-Clock-Left.jpg\">hier<\/a><\/p>\n","protected":false},"featured_media":32237,"comment_status":"closed","ping_status":"closed","template":"","meta":[],"product_brand":[],"product_cat":[80],"product_tag":[83,90,87,2139,82,89,95],"class_list":{"0":"post-7740","1":"product","2":"type-product","3":"status-publish","4":"has-post-thumbnail","6":"product_cat-grosse-wanduhren-handgefertigt","7":"product_tag-grosse-dekorative-wanduhren","8":"product_tag-grosse-skelett-wanduhren-mit-roemischen-zahlzeichen","9":"product_tag-wanduhren-mit-roemischen-zahlzeichen","10":"product_tag-grose-wanduhren","11":"product_tag-grosse-kuenstlerische-wanduhren","12":"product_tag-schabige-schicke-wanduhren","13":"product_tag-skelett-wanduhren","15":"first","16":"instock","17":"sale","18":"taxable","19":"shipping-taxable","20":"purchasable","21":"product-type-variable"},"yoast_head":"<!-- This site is optimized with the Yoast SEO Premium plugin v27.2 (Yoast SEO v27.2) - https:\/\/yoast.com\/product\/yoast-seo-premium-wordpress\/ -->\n<title>Gro\u00dfe handgefertigte klassische Wanduhr mit r\u00f6mischen Ziffern<\/title>\n<meta name=\"description\" content=\"Eine extra gro\u00dfe, klassische Skelett-Wanduhr, die eine h\u00f6chst erstaunliche und begeisternde Erg\u00e4nzung Ihrer Wohnumgebung darstellen wird. Entworfen, um Eindruck zu machen. Wandkunst, die erstaunen l\u00e4\u00dft.\" \/>\n<meta name=\"robots\" content=\"index, follow, max-snippet:-1, max-image-preview:large, max-video-preview:-1\" \/>\n<link rel=\"canonical\" href=\"https:\/\/peakart.co.uk\/de\/produkt\/klassische-wanduhr\/\" \/>\n<meta property=\"og:locale\" content=\"de_DE\" \/>\n<meta property=\"og:type\" content=\"article\" \/>\n<meta property=\"og:title\" content=\"Gro\u00dfe handgefertigte klassische Wanduhr\" \/>\n<meta property=\"og:description\" content=\"Eine extra gro\u00dfe, klassische Skelett-Wanduhr, die eine h\u00f6chst erstaunliche und begeisternde Erg\u00e4nzung Ihrer Wohnumgebung darstellen wird. Entworfen, um Eindruck zu machen. Wandkunst, die erstaunen l\u00e4\u00dft.\" \/>\n<meta property=\"og:url\" content=\"https:\/\/peakart.co.uk\/de\/produkt\/klassische-wanduhr\/\" \/>\n<meta property=\"og:site_name\" content=\"Peak Art\" \/>\n<meta property=\"article:publisher\" content=\"https:\/\/www.facebook.com\/PeakArtClocks\/\" \/>\n<meta property=\"article:modified_time\" content=\"2023-03-23T21:46:12+00:00\" \/>\n<meta property=\"og:image\" content=\"https:\/\/peakart.co.uk\/wp-content\/uploads\/2017\/12\/Vintage-Wall-Clock-Right-700x700-1.jpg\" \/>\n\t<meta property=\"og:image:width\" content=\"700\" \/>\n\t<meta property=\"og:image:height\" content=\"700\" \/>\n\t<meta property=\"og:image:type\" content=\"image\/jpeg\" \/>\n<meta name=\"twitter:card\" content=\"summary_large_image\" \/>\n<meta name=\"twitter:label1\" content=\"Verf\u00fcgbarkeit\" \/>\n\t<meta name=\"twitter:data1\" content=\"Auf Lager\" \/>\n<script type=\"application\/ld+json\" class=\"yoast-schema-graph\">{\"@context\":\"https:\/\/schema.org\",\"@graph\":[{\"@type\":\"WebPage\",\"@id\":\"https:\/\/peakart.co.uk\/de\/produkt\/klassische-wanduhr\/\",\"url\":\"https:\/\/peakart.co.uk\/de\/produkt\/klassische-wanduhr\/\",\"name\":\"Gro\u00dfe handgefertigte klassische Wanduhr mit r\u00f6mischen Ziffern\",\"isPartOf\":{\"@id\":\"https:\/\/peakart.co.uk\/de\/#website\"},\"primaryImageOfPage\":{\"@id\":\"https:\/\/peakart.co.uk\/de\/produkt\/klassische-wanduhr\/#primaryimage\"},\"image\":{\"@id\":\"https:\/\/peakart.co.uk\/de\/produkt\/klassische-wanduhr\/#primaryimage\"},\"thumbnailUrl\":\"https:\/\/peakart.co.uk\/wp-content\/uploads\/2017\/12\/Vintage-Wall-Clock-Right-700x700-1.jpg\",\"datePublished\":\"2017-12-21T13:23:28+00:00\",\"dateModified\":\"2023-03-23T21:46:12+00:00\",\"description\":\"Eine extra gro\u00dfe, klassische Skelett-Wanduhr, die eine h\u00f6chst erstaunliche und begeisternde Erg\u00e4nzung Ihrer Wohnumgebung darstellen wird. Entworfen, um Eindruck zu machen. Wandkunst, die erstaunen l\u00e4\u00dft.\",\"breadcrumb\":{\"@id\":\"https:\/\/peakart.co.uk\/de\/produkt\/klassische-wanduhr\/#breadcrumb\"},\"inLanguage\":\"de\",\"potentialAction\":[{\"@type\":\"ReadAction\",\"target\":[\"https:\/\/peakart.co.uk\/de\/produkt\/klassische-wanduhr\/\"]}]},{\"@type\":\"ImageObject\",\"inLanguage\":\"de\",\"@id\":\"https:\/\/peakart.co.uk\/de\/produkt\/klassische-wanduhr\/#primaryimage\",\"url\":\"https:\/\/peakart.co.uk\/wp-content\/uploads\/2017\/12\/Vintage-Wall-Clock-Right-700x700-1.jpg\",\"contentUrl\":\"https:\/\/peakart.co.uk\/wp-content\/uploads\/2017\/12\/Vintage-Wall-Clock-Right-700x700-1.jpg\",\"width\":700,\"height\":700},{\"@type\":\"BreadcrumbList\",\"@id\":\"https:\/\/peakart.co.uk\/de\/produkt\/klassische-wanduhr\/#breadcrumb\",\"itemListElement\":[{\"@type\":\"ListItem\",\"position\":1,\"name\":\"Home\",\"item\":\"https:\/\/peakart.co.uk\/de\/\"},{\"@type\":\"ListItem\",\"position\":2,\"name\":\"Shop\",\"item\":\"https:\/\/peakart.co.uk\/de\/shop\/\"},{\"@type\":\"ListItem\",\"position\":3,\"name\":\"Gro\u00dfe handgefertigte klassische Wanduhr\"}]},{\"@type\":\"WebSite\",\"@id\":\"https:\/\/peakart.co.uk\/de\/#website\",\"url\":\"https:\/\/peakart.co.uk\/de\/\",\"name\":\"Peak Art\",\"description\":\"\",\"publisher\":{\"@id\":\"https:\/\/peakart.co.uk\/de\/#organization\"},\"potentialAction\":[{\"@type\":\"SearchAction\",\"target\":{\"@type\":\"EntryPoint\",\"urlTemplate\":\"https:\/\/peakart.co.uk\/de\/?s={search_term_string}\"},\"query-input\":{\"@type\":\"PropertyValueSpecification\",\"valueRequired\":true,\"valueName\":\"search_term_string\"}}],\"inLanguage\":\"de\"},{\"@type\":\"Organization\",\"@id\":\"https:\/\/peakart.co.uk\/de\/#organization\",\"name\":\"Peak Art\",\"url\":\"https:\/\/peakart.co.uk\/de\/\",\"logo\":{\"@type\":\"ImageObject\",\"inLanguage\":\"de\",\"@id\":\"https:\/\/peakart.co.uk\/de\/#\/schema\/logo\/image\/\",\"url\":\"https:\/\/peakart.co.uk\/wp-content\/uploads\/2023\/07\/logo-8.jpg\",\"contentUrl\":\"https:\/\/peakart.co.uk\/wp-content\/uploads\/2023\/07\/logo-8.jpg\",\"width\":666,\"height\":259,\"caption\":\"Peak Art\"},\"image\":{\"@id\":\"https:\/\/peakart.co.uk\/de\/#\/schema\/logo\/image\/\"},\"sameAs\":[\"https:\/\/www.facebook.com\/PeakArtClocks\/\"],\"hasMerchantReturnPolicy\":{\"@type\":\"MerchantReturnPolicy\",\"merchantReturnLink\":\"https:\/\/peakart.co.uk\/refund_returns\/\"}}]}<\/script>\n<meta property=\"og:availability\" content=\"instock\" \/>\n<meta property=\"product:availability\" content=\"instock\" \/>\n<meta property=\"product:retailer_item_id\" content=\"PEAKART-42454\" \/>\n<meta property=\"product:condition\" content=\"new\" \/>\n<!-- \/ Yoast SEO Premium plugin. -->","yoast_head_json":{"title":"Gro\u00dfe handgefertigte klassische Wanduhr mit r\u00f6mischen Ziffern","description":"Eine extra gro\u00dfe, klassische Skelett-Wanduhr, die eine h\u00f6chst erstaunliche und begeisternde Erg\u00e4nzung Ihrer Wohnumgebung darstellen wird. Entworfen, um Eindruck zu machen. Wandkunst, die erstaunen l\u00e4\u00dft.","robots":{"index":"index","follow":"follow","max-snippet":"max-snippet:-1","max-image-preview":"max-image-preview:large","max-video-preview":"max-video-preview:-1"},"canonical":"https:\/\/peakart.co.uk\/de\/produkt\/klassische-wanduhr\/","og_locale":"de_DE","og_type":"article","og_title":"Gro\u00dfe handgefertigte klassische Wanduhr","og_description":"Eine extra gro\u00dfe, klassische Skelett-Wanduhr, die eine h\u00f6chst erstaunliche und begeisternde Erg\u00e4nzung Ihrer Wohnumgebung darstellen wird. Entworfen, um Eindruck zu machen. Wandkunst, die erstaunen l\u00e4\u00dft.","og_url":"https:\/\/peakart.co.uk\/de\/produkt\/klassische-wanduhr\/","og_site_name":"Peak Art","article_publisher":"https:\/\/www.facebook.com\/PeakArtClocks\/","article_modified_time":"2023-03-23T21:46:12+00:00","og_image":[{"width":700,"height":700,"url":"https:\/\/peakart.co.uk\/wp-content\/uploads\/2017\/12\/Vintage-Wall-Clock-Right-700x700-1.jpg","type":"image\/jpeg"}],"twitter_card":"summary_large_image","twitter_misc":{"Verf\u00fcgbarkeit":"Auf Lager"},"schema":{"@context":"https:\/\/schema.org","@graph":[{"@type":"WebPage","@id":"https:\/\/peakart.co.uk\/de\/produkt\/klassische-wanduhr\/","url":"https:\/\/peakart.co.uk\/de\/produkt\/klassische-wanduhr\/","name":"Gro\u00dfe handgefertigte klassische Wanduhr mit r\u00f6mischen Ziffern","isPartOf":{"@id":"https:\/\/peakart.co.uk\/de\/#website"},"primaryImageOfPage":{"@id":"https:\/\/peakart.co.uk\/de\/produkt\/klassische-wanduhr\/#primaryimage"},"image":{"@id":"https:\/\/peakart.co.uk\/de\/produkt\/klassische-wanduhr\/#primaryimage"},"thumbnailUrl":"https:\/\/peakart.co.uk\/wp-content\/uploads\/2017\/12\/Vintage-Wall-Clock-Right-700x700-1.jpg","datePublished":"2017-12-21T13:23:28+00:00","dateModified":"2023-03-23T21:46:12+00:00","description":"Eine extra gro\u00dfe, klassische Skelett-Wanduhr, die eine h\u00f6chst erstaunliche und begeisternde Erg\u00e4nzung Ihrer Wohnumgebung darstellen wird. Entworfen, um Eindruck zu machen. Wandkunst, die erstaunen l\u00e4\u00dft.","breadcrumb":{"@id":"https:\/\/peakart.co.uk\/de\/produkt\/klassische-wanduhr\/#breadcrumb"},"inLanguage":"de","potentialAction":[{"@type":"ReadAction","target":["https:\/\/peakart.co.uk\/de\/produkt\/klassische-wanduhr\/"]}]},{"@type":"ImageObject","inLanguage":"de","@id":"https:\/\/peakart.co.uk\/de\/produkt\/klassische-wanduhr\/#primaryimage","url":"https:\/\/peakart.co.uk\/wp-content\/uploads\/2017\/12\/Vintage-Wall-Clock-Right-700x700-1.jpg","contentUrl":"https:\/\/peakart.co.uk\/wp-content\/uploads\/2017\/12\/Vintage-Wall-Clock-Right-700x700-1.jpg","width":700,"height":700},{"@type":"BreadcrumbList","@id":"https:\/\/peakart.co.uk\/de\/produkt\/klassische-wanduhr\/#breadcrumb","itemListElement":[{"@type":"ListItem","position":1,"name":"Home","item":"https:\/\/peakart.co.uk\/de\/"},{"@type":"ListItem","position":2,"name":"Shop","item":"https:\/\/peakart.co.uk\/de\/shop\/"},{"@type":"ListItem","position":3,"name":"Gro\u00dfe handgefertigte klassische Wanduhr"}]},{"@type":"WebSite","@id":"https:\/\/peakart.co.uk\/de\/#website","url":"https:\/\/peakart.co.uk\/de\/","name":"Peak Art","description":"","publisher":{"@id":"https:\/\/peakart.co.uk\/de\/#organization"},"potentialAction":[{"@type":"SearchAction","target":{"@type":"EntryPoint","urlTemplate":"https:\/\/peakart.co.uk\/de\/?s={search_term_string}"},"query-input":{"@type":"PropertyValueSpecification","valueRequired":true,"valueName":"search_term_string"}}],"inLanguage":"de"},{"@type":"Organization","@id":"https:\/\/peakart.co.uk\/de\/#organization","name":"Peak Art","url":"https:\/\/peakart.co.uk\/de\/","logo":{"@type":"ImageObject","inLanguage":"de","@id":"https:\/\/peakart.co.uk\/de\/#\/schema\/logo\/image\/","url":"https:\/\/peakart.co.uk\/wp-content\/uploads\/2023\/07\/logo-8.jpg","contentUrl":"https:\/\/peakart.co.uk\/wp-content\/uploads\/2023\/07\/logo-8.jpg","width":666,"height":259,"caption":"Peak Art"},"image":{"@id":"https:\/\/peakart.co.uk\/de\/#\/schema\/logo\/image\/"},"sameAs":["https:\/\/www.facebook.com\/PeakArtClocks\/"],"hasMerchantReturnPolicy":{"@type":"MerchantReturnPolicy","merchantReturnLink":"https:\/\/peakart.co.uk\/refund_returns\/"}}]},"og_availability":"instock","product_availability":"instock","product_retailer_item_id":"PEAKART-42454","product_condition":"new"},"_links":{"self":[{"href":"https:\/\/peakart.co.uk\/de\/wp-json\/wp\/v2\/product\/7740","targetHints":{"allow":["GET"]}}],"collection":[{"href":"https:\/\/peakart.co.uk\/de\/wp-json\/wp\/v2\/product"}],"about":[{"href":"https:\/\/peakart.co.uk\/de\/wp-json\/wp\/v2\/types\/product"}],"replies":[{"embeddable":true,"href":"https:\/\/peakart.co.uk\/de\/wp-json\/wp\/v2\/comments?post=7740"}],"wp:featuredmedia":[{"embeddable":true,"href":"https:\/\/peakart.co.uk\/de\/wp-json\/wp\/v2\/media\/32237"}],"wp:attachment":[{"href":"https:\/\/peakart.co.uk\/de\/wp-json\/wp\/v2\/media?parent=7740"}],"wp:term":[{"taxonomy":"product_brand","embeddable":true,"href":"https:\/\/peakart.co.uk\/de\/wp-json\/wp\/v2\/product_brand?post=7740"},{"taxonomy":"product_cat","embeddable":true,"href":"https:\/\/peakart.co.uk\/de\/wp-json\/wp\/v2\/product_cat?post=7740"},{"taxonomy":"product_tag","embeddable":true,"href":"https:\/\/peakart.co.uk\/de\/wp-json\/wp\/v2\/product_tag?post=7740"}],"curies":[{"name":"wp","href":"https:\/\/api.w.org\/{rel}","templated":true}]}}