{"id":7518,"date":"2015-04-04T21:00:58","date_gmt":"2017-11-12T12:53:25","guid":{"rendered":"http:\/\/peakart.co.uk\/product\/franzosische-wanduhr-mit-romischen-zahlzeichen\/"},"modified":"2023-03-26T21:19:04","modified_gmt":"2023-03-26T20:19:04","slug":"franzosische-wanduhr-handgefertigt","status":"publish","type":"product","link":"https:\/\/peakart.co.uk\/de\/produkt\/franzosische-wanduhr-handgefertigt\/","title":{"rendered":"Franz\u00f6sische Wanduhr Handgefertigt"},"content":{"rendered":"<h2>Franz\u00f6sische Wanduhr, von Hand gefertigt, mit gro\u00dfen r\u00f6mischen Zahlzeichen<\/h2>\n<p>Die &#8220;klassische sch\u00e4big-schicke&#8221; Wanduhr von Peak Art ist die einnehmendste franz\u00f6sische Wanduhr f\u00fcr Ihr Esszimmer. Das Zifferblatt dieser famosen franz\u00f6sischen Uhr zeigt gro\u00dfe, von Hand geschnitzte r\u00f6mische Ziffern, w\u00e4hrend der gealterte, goldfarbene Hintergrund die ideale Erg\u00e4nzung zum rustikalen Look bildet. Wenn Sie andere sch\u00e4big-schicke Inneneinrichtungen sehen, werden Sie bemerken, dass &#8220;die Sch\u00f6nheit in der Unvollkommenheit liegt&#8221;. Unsere franz\u00f6sische Wanduhr, die Sie hier sehen, bildet in dieser Hinsicht keine Ausnahme.<\/p>\n<p>Haben Sie bei der Heimdekoration einen anspruchsvollen und au\u00dfergew\u00f6hnlichen Geschmack? Wir k\u00f6nnen Ihnen versichern, dass alle unsere Produkte viel Charakter in Ihr Haus bringen werden. Sie entlocken sogar noch den anspruchsvollsten Kunstfreunden ein &#8220;Wow&#8221;. Alle diese Uhren sind von Hand aus zwei massiven Fichtenholzplatten geschnitten, handbemalt und zusammengeschraubt. Jedes Design gibt es so nur einmal, und alle stellen f\u00fcr die verschiedensten Inneneinrichtungen eine Alternative dar.<\/p>\n<p>Jede Uhr verf\u00fcgt \u00fcber ein sehr leistungsf\u00e4higes Quarz-Sweep-Uhrwerk und ben\u00f6tigt eine Babyzelle. Sie wird mit abmontierten Zeigern geliefert, um Besch\u00e4digungen auf dem Transport vorzubeugen. Sie k\u00f6nnen sich auch das <a href=\"https:\/\/www.youtube.com\/watch?v=08Tq0lKFs30\">Kurzvideo<\/a> anschauen, in dem ich die Anbringung der Zeiger und die Einstellung der Zeit vorf\u00fchre.<\/p>\n<h2>Sie k\u00f6nnen mit einer franz\u00f6sischen Uhr Einfluss auf Ihre Innenr\u00e4ume nehmen<\/h2>\n<p>Unsere Wanduhren sind gro\u00dfe und kostspielige Kunstwerke. Sie werden Ihnen in Erinnerung bleiben, wenn Sie Ihr Wohnzimmer neu gestalten m\u00f6chten. Das liegt daran, dass Sie sie in Ihrem Haus, B\u00fcro, Restaurant oder Luxus-Penthouse anbringen k\u00f6nnen. Wo immer Sie sie aufzuh\u00e4ngen w\u00fcnschen, sorgen Sie nur daf\u00fcr, dass es nicht zu nahe an direkter Hitze- oder Feuchtigkeitseinwirkung ist. Alle unsere Produkte sind ausschlie\u00dflich zum Gebrauch in Innenr\u00e4umen gedacht und nicht wetterbest\u00e4ndig.<\/p>\n<p>Folgen Sie, wenn Sie nach einer <a href=\"https:\/\/peakart.co.uk\/de\/produkt\/grosse-wanduhr-fur-wohnzimmer\/\">gro\u00dfen Uhr f\u00fcr Ihr Wohnzimmer<\/a> suchen, nicht den alten Gewohnheiten. Sie haben nun die Wahl zwischen einem hochwertigen Wandkunstwerk und billiger Massenfertigung. Lassen Sie uns also die gro\u00dfen h\u00f6lzernen Wanduhren von Peak Art zu einem neuen Trend in der Mode und der Inneneinrichtung machen. Wir haben Tausende von Followern auf unserer <a href=\"https:\/\/www.facebook.com\/PeakArtClocks\/\">Facebook-Seite<\/a>. Machen Sie also dort mit und schreiben Sie uns Ihre Gedanken.<\/p>\n","protected":false},"excerpt":{"rendered":"<p>Die <strong>klassische in sch\u00e4big-schick\u00a0<\/strong>ist eine franz\u00f6sische Wanduhr, die von Hand aus zwei gro\u00dfen Fichtenholzplatten aus nachhaltiger Holzwirtschaft hergestellt ist. Das Zifferblatt der Uhr zeigt sorgf\u00e4ltig handgearbeitete r\u00f6mische Zahlzeichen vor einem handbemalten Hintergrund. Mit einem Gesamtdurchmesser von 100 cm und ihrem einzigartigen Charakter kommt diese Uhr am besten in Wohnr\u00e4umen zur Geltung, die im &#8220;sch\u00e4big-schicken&#8221; Stil eingerichtet sind.<\/p>\n<p><strong>Entworfen und handgefertigt<\/strong> \u2013 Anna Siodelska, Vereinigtes K\u00f6nigreich<\/p>\n<p><strong>Farbe des Zifferblatts<\/strong> \u2013 Chateau-Grau<\/p>\n<p><strong>Farbe des Hintergrundes<\/strong> \u2013 Gealtertes Gold<\/p>\n<p><strong>Beachten Sie:<\/strong> Bei den Uhren im Durchmesser 75 cm (30 Zoll) haben die Ziffern eine leicht abge\u00e4nderte Form, um sicherzustellen, dass sie nicht zu d\u00fcnn ausfallen. Ein Beispielbild mit anderem Design finden Sie <a href=\"https:\/\/peakart.co.uk\/wp-content\/uploads\/2017\/09\/Unique-Large-Rustic-Grey-Wooden-Wall-Clock-Left.jpg\">hier<\/a><\/p>\n","protected":false},"featured_media":32447,"comment_status":"open","ping_status":"closed","template":"","meta":[],"product_brand":[],"product_cat":[80],"product_tag":[83,87,82,89],"class_list":{"0":"post-7518","1":"product","2":"type-product","3":"status-publish","4":"has-post-thumbnail","6":"product_cat-grosse-wanduhren-handgefertigt","7":"product_tag-grosse-dekorative-wanduhren","8":"product_tag-wanduhren-mit-roemischen-zahlzeichen","9":"product_tag-grosse-kuenstlerische-wanduhren","10":"product_tag-schabige-schicke-wanduhren","12":"first","13":"instock","14":"sale","15":"taxable","16":"shipping-taxable","17":"purchasable","18":"product-type-variable"},"yoast_head":"<!-- This site is optimized with the Yoast SEO Premium plugin v27.2 (Yoast SEO v27.2) - https:\/\/yoast.com\/product\/yoast-seo-premium-wordpress\/ -->\n<title>Franz\u00f6sische Wanduhr im Stil sch\u00e4big-schick<\/title>\n<meta name=\"description\" content=\"Werfen Sie bitte einen Blick auf das Flaggschiff unserer franz\u00f6sischen Wanduhren. Diese war die erste Uhr im sch\u00e4big-schicken Stil, die wir in unsere Sammlung aufgenommen haben.\" \/>\n<meta name=\"robots\" content=\"index, follow, max-snippet:-1, max-image-preview:large, max-video-preview:-1\" \/>\n<link rel=\"canonical\" href=\"https:\/\/peakart.co.uk\/de\/produkt\/franzosische-wanduhr-handgefertigt\/\" \/>\n<meta property=\"og:locale\" content=\"de_DE\" \/>\n<meta property=\"og:type\" content=\"article\" \/>\n<meta property=\"og:title\" content=\"Franz\u00f6sische Wanduhr Handgefertigt\" \/>\n<meta property=\"og:description\" content=\"Werfen Sie bitte einen Blick auf das Flaggschiff unserer franz\u00f6sischen Wanduhren. Diese war die erste Uhr im sch\u00e4big-schicken Stil, die wir in unsere Sammlung aufgenommen haben.\" \/>\n<meta property=\"og:url\" content=\"https:\/\/peakart.co.uk\/de\/produkt\/franzosische-wanduhr-handgefertigt\/\" \/>\n<meta property=\"og:site_name\" content=\"Peak Art\" \/>\n<meta property=\"article:publisher\" content=\"https:\/\/www.facebook.com\/PeakArtClocks\/\" \/>\n<meta property=\"article:modified_time\" content=\"2023-03-26T20:19:04+00:00\" \/>\n<meta property=\"og:image\" content=\"https:\/\/peakart.co.uk\/wp-content\/uploads\/2015\/04\/IMG_1313-scaled.jpg\" \/>\n\t<meta property=\"og:image:width\" content=\"2560\" \/>\n\t<meta property=\"og:image:height\" content=\"1707\" \/>\n\t<meta property=\"og:image:type\" content=\"image\/jpeg\" \/>\n<meta name=\"twitter:card\" content=\"summary_large_image\" \/>\n<meta name=\"twitter:label1\" content=\"Verf\u00fcgbarkeit\" \/>\n\t<meta name=\"twitter:data1\" content=\"Auf Lager\" \/>\n<script type=\"application\/ld+json\" class=\"yoast-schema-graph\">{\"@context\":\"https:\/\/schema.org\",\"@graph\":[{\"@type\":\"WebPage\",\"@id\":\"https:\/\/peakart.co.uk\/de\/produkt\/franzosische-wanduhr-handgefertigt\/\",\"url\":\"https:\/\/peakart.co.uk\/de\/produkt\/franzosische-wanduhr-handgefertigt\/\",\"name\":\"Franz\u00f6sische Wanduhr im Stil sch\u00e4big-schick\",\"isPartOf\":{\"@id\":\"https:\/\/peakart.co.uk\/de\/#website\"},\"primaryImageOfPage\":{\"@id\":\"https:\/\/peakart.co.uk\/de\/produkt\/franzosische-wanduhr-handgefertigt\/#primaryimage\"},\"image\":{\"@id\":\"https:\/\/peakart.co.uk\/de\/produkt\/franzosische-wanduhr-handgefertigt\/#primaryimage\"},\"thumbnailUrl\":\"https:\/\/peakart.co.uk\/wp-content\/uploads\/2015\/04\/IMG_1313-scaled.jpg\",\"datePublished\":\"2017-11-12T12:53:25+00:00\",\"dateModified\":\"2023-03-26T20:19:04+00:00\",\"description\":\"Werfen Sie bitte einen Blick auf das Flaggschiff unserer franz\u00f6sischen Wanduhren. Diese war die erste Uhr im sch\u00e4big-schicken Stil, die wir in unsere Sammlung aufgenommen haben.\",\"breadcrumb\":{\"@id\":\"https:\/\/peakart.co.uk\/de\/produkt\/franzosische-wanduhr-handgefertigt\/#breadcrumb\"},\"inLanguage\":\"de\",\"potentialAction\":[{\"@type\":\"ReadAction\",\"target\":[\"https:\/\/peakart.co.uk\/de\/produkt\/franzosische-wanduhr-handgefertigt\/\"]}]},{\"@type\":\"ImageObject\",\"inLanguage\":\"de\",\"@id\":\"https:\/\/peakart.co.uk\/de\/produkt\/franzosische-wanduhr-handgefertigt\/#primaryimage\",\"url\":\"https:\/\/peakart.co.uk\/wp-content\/uploads\/2015\/04\/IMG_1313-scaled.jpg\",\"contentUrl\":\"https:\/\/peakart.co.uk\/wp-content\/uploads\/2015\/04\/IMG_1313-scaled.jpg\",\"width\":2560,\"height\":1707},{\"@type\":\"BreadcrumbList\",\"@id\":\"https:\/\/peakart.co.uk\/de\/produkt\/franzosische-wanduhr-handgefertigt\/#breadcrumb\",\"itemListElement\":[{\"@type\":\"ListItem\",\"position\":1,\"name\":\"Home\",\"item\":\"https:\/\/peakart.co.uk\/de\/\"},{\"@type\":\"ListItem\",\"position\":2,\"name\":\"Shop\",\"item\":\"https:\/\/peakart.co.uk\/de\/shop\/\"},{\"@type\":\"ListItem\",\"position\":3,\"name\":\"Franz\u00f6sische Wanduhr Handgefertigt\"}]},{\"@type\":\"WebSite\",\"@id\":\"https:\/\/peakart.co.uk\/de\/#website\",\"url\":\"https:\/\/peakart.co.uk\/de\/\",\"name\":\"Peak Art\",\"description\":\"\",\"publisher\":{\"@id\":\"https:\/\/peakart.co.uk\/de\/#organization\"},\"potentialAction\":[{\"@type\":\"SearchAction\",\"target\":{\"@type\":\"EntryPoint\",\"urlTemplate\":\"https:\/\/peakart.co.uk\/de\/?s={search_term_string}\"},\"query-input\":{\"@type\":\"PropertyValueSpecification\",\"valueRequired\":true,\"valueName\":\"search_term_string\"}}],\"inLanguage\":\"de\"},{\"@type\":\"Organization\",\"@id\":\"https:\/\/peakart.co.uk\/de\/#organization\",\"name\":\"Peak Art\",\"url\":\"https:\/\/peakart.co.uk\/de\/\",\"logo\":{\"@type\":\"ImageObject\",\"inLanguage\":\"de\",\"@id\":\"https:\/\/peakart.co.uk\/de\/#\/schema\/logo\/image\/\",\"url\":\"https:\/\/peakart.co.uk\/wp-content\/uploads\/2023\/07\/logo-8.jpg\",\"contentUrl\":\"https:\/\/peakart.co.uk\/wp-content\/uploads\/2023\/07\/logo-8.jpg\",\"width\":666,\"height\":259,\"caption\":\"Peak Art\"},\"image\":{\"@id\":\"https:\/\/peakart.co.uk\/de\/#\/schema\/logo\/image\/\"},\"sameAs\":[\"https:\/\/www.facebook.com\/PeakArtClocks\/\"],\"hasMerchantReturnPolicy\":{\"@type\":\"MerchantReturnPolicy\",\"merchantReturnLink\":\"https:\/\/peakart.co.uk\/refund_returns\/\"}}]}<\/script>\n<meta property=\"og:availability\" content=\"instock\" \/>\n<meta property=\"product:availability\" content=\"instock\" \/>\n<meta property=\"product:retailer_item_id\" content=\"PEAKART-86342\" \/>\n<meta property=\"product:condition\" content=\"new\" \/>\n<!-- \/ Yoast SEO Premium plugin. -->","yoast_head_json":{"title":"Franz\u00f6sische Wanduhr im Stil sch\u00e4big-schick","description":"Werfen Sie bitte einen Blick auf das Flaggschiff unserer franz\u00f6sischen Wanduhren. Diese war die erste Uhr im sch\u00e4big-schicken Stil, die wir in unsere Sammlung aufgenommen haben.","robots":{"index":"index","follow":"follow","max-snippet":"max-snippet:-1","max-image-preview":"max-image-preview:large","max-video-preview":"max-video-preview:-1"},"canonical":"https:\/\/peakart.co.uk\/de\/produkt\/franzosische-wanduhr-handgefertigt\/","og_locale":"de_DE","og_type":"article","og_title":"Franz\u00f6sische Wanduhr Handgefertigt","og_description":"Werfen Sie bitte einen Blick auf das Flaggschiff unserer franz\u00f6sischen Wanduhren. Diese war die erste Uhr im sch\u00e4big-schicken Stil, die wir in unsere Sammlung aufgenommen haben.","og_url":"https:\/\/peakart.co.uk\/de\/produkt\/franzosische-wanduhr-handgefertigt\/","og_site_name":"Peak Art","article_publisher":"https:\/\/www.facebook.com\/PeakArtClocks\/","article_modified_time":"2023-03-26T20:19:04+00:00","og_image":[{"width":2560,"height":1707,"url":"https:\/\/peakart.co.uk\/wp-content\/uploads\/2015\/04\/IMG_1313-scaled.jpg","type":"image\/jpeg"}],"twitter_card":"summary_large_image","twitter_misc":{"Verf\u00fcgbarkeit":"Auf Lager"},"schema":{"@context":"https:\/\/schema.org","@graph":[{"@type":"WebPage","@id":"https:\/\/peakart.co.uk\/de\/produkt\/franzosische-wanduhr-handgefertigt\/","url":"https:\/\/peakart.co.uk\/de\/produkt\/franzosische-wanduhr-handgefertigt\/","name":"Franz\u00f6sische Wanduhr im Stil sch\u00e4big-schick","isPartOf":{"@id":"https:\/\/peakart.co.uk\/de\/#website"},"primaryImageOfPage":{"@id":"https:\/\/peakart.co.uk\/de\/produkt\/franzosische-wanduhr-handgefertigt\/#primaryimage"},"image":{"@id":"https:\/\/peakart.co.uk\/de\/produkt\/franzosische-wanduhr-handgefertigt\/#primaryimage"},"thumbnailUrl":"https:\/\/peakart.co.uk\/wp-content\/uploads\/2015\/04\/IMG_1313-scaled.jpg","datePublished":"2017-11-12T12:53:25+00:00","dateModified":"2023-03-26T20:19:04+00:00","description":"Werfen Sie bitte einen Blick auf das Flaggschiff unserer franz\u00f6sischen Wanduhren. Diese war die erste Uhr im sch\u00e4big-schicken Stil, die wir in unsere Sammlung aufgenommen haben.","breadcrumb":{"@id":"https:\/\/peakart.co.uk\/de\/produkt\/franzosische-wanduhr-handgefertigt\/#breadcrumb"},"inLanguage":"de","potentialAction":[{"@type":"ReadAction","target":["https:\/\/peakart.co.uk\/de\/produkt\/franzosische-wanduhr-handgefertigt\/"]}]},{"@type":"ImageObject","inLanguage":"de","@id":"https:\/\/peakart.co.uk\/de\/produkt\/franzosische-wanduhr-handgefertigt\/#primaryimage","url":"https:\/\/peakart.co.uk\/wp-content\/uploads\/2015\/04\/IMG_1313-scaled.jpg","contentUrl":"https:\/\/peakart.co.uk\/wp-content\/uploads\/2015\/04\/IMG_1313-scaled.jpg","width":2560,"height":1707},{"@type":"BreadcrumbList","@id":"https:\/\/peakart.co.uk\/de\/produkt\/franzosische-wanduhr-handgefertigt\/#breadcrumb","itemListElement":[{"@type":"ListItem","position":1,"name":"Home","item":"https:\/\/peakart.co.uk\/de\/"},{"@type":"ListItem","position":2,"name":"Shop","item":"https:\/\/peakart.co.uk\/de\/shop\/"},{"@type":"ListItem","position":3,"name":"Franz\u00f6sische Wanduhr Handgefertigt"}]},{"@type":"WebSite","@id":"https:\/\/peakart.co.uk\/de\/#website","url":"https:\/\/peakart.co.uk\/de\/","name":"Peak Art","description":"","publisher":{"@id":"https:\/\/peakart.co.uk\/de\/#organization"},"potentialAction":[{"@type":"SearchAction","target":{"@type":"EntryPoint","urlTemplate":"https:\/\/peakart.co.uk\/de\/?s={search_term_string}"},"query-input":{"@type":"PropertyValueSpecification","valueRequired":true,"valueName":"search_term_string"}}],"inLanguage":"de"},{"@type":"Organization","@id":"https:\/\/peakart.co.uk\/de\/#organization","name":"Peak Art","url":"https:\/\/peakart.co.uk\/de\/","logo":{"@type":"ImageObject","inLanguage":"de","@id":"https:\/\/peakart.co.uk\/de\/#\/schema\/logo\/image\/","url":"https:\/\/peakart.co.uk\/wp-content\/uploads\/2023\/07\/logo-8.jpg","contentUrl":"https:\/\/peakart.co.uk\/wp-content\/uploads\/2023\/07\/logo-8.jpg","width":666,"height":259,"caption":"Peak Art"},"image":{"@id":"https:\/\/peakart.co.uk\/de\/#\/schema\/logo\/image\/"},"sameAs":["https:\/\/www.facebook.com\/PeakArtClocks\/"],"hasMerchantReturnPolicy":{"@type":"MerchantReturnPolicy","merchantReturnLink":"https:\/\/peakart.co.uk\/refund_returns\/"}}]},"og_availability":"instock","product_availability":"instock","product_retailer_item_id":"PEAKART-86342","product_condition":"new"},"_links":{"self":[{"href":"https:\/\/peakart.co.uk\/de\/wp-json\/wp\/v2\/product\/7518","targetHints":{"allow":["GET"]}}],"collection":[{"href":"https:\/\/peakart.co.uk\/de\/wp-json\/wp\/v2\/product"}],"about":[{"href":"https:\/\/peakart.co.uk\/de\/wp-json\/wp\/v2\/types\/product"}],"replies":[{"embeddable":true,"href":"https:\/\/peakart.co.uk\/de\/wp-json\/wp\/v2\/comments?post=7518"}],"wp:featuredmedia":[{"embeddable":true,"href":"https:\/\/peakart.co.uk\/de\/wp-json\/wp\/v2\/media\/32447"}],"wp:attachment":[{"href":"https:\/\/peakart.co.uk\/de\/wp-json\/wp\/v2\/media?parent=7518"}],"wp:term":[{"taxonomy":"product_brand","embeddable":true,"href":"https:\/\/peakart.co.uk\/de\/wp-json\/wp\/v2\/product_brand?post=7518"},{"taxonomy":"product_cat","embeddable":true,"href":"https:\/\/peakart.co.uk\/de\/wp-json\/wp\/v2\/product_cat?post=7518"},{"taxonomy":"product_tag","embeddable":true,"href":"https:\/\/peakart.co.uk\/de\/wp-json\/wp\/v2\/product_tag?post=7518"}],"curies":[{"name":"wp","href":"https:\/\/api.w.org\/{rel}","templated":true}]}}