{"id":7439,"date":"2017-11-10T17:58:46","date_gmt":"2017-11-10T17:58:48","guid":{"rendered":"http:\/\/peakart.co.uk\/?post_type=product&#038;p=7439"},"modified":"2023-03-23T22:08:36","modified_gmt":"2023-03-23T22:08:36","slug":"graue-schabig-schicke-wanduhr","status":"publish","type":"product","link":"https:\/\/peakart.co.uk\/de\/produkt\/graue-schabig-schicke-wanduhr\/","title":{"rendered":"Handgefertigte Wanduhr in sch\u00e4big-schick"},"content":{"rendered":"<h2>Wodurch werden alle Wanduhren in sch\u00e4big-schick so attraktiv?<\/h2>\n<p>Unsere Kunden sind stets die wichtigste Adresse f\u00fcr tolle Ideen und neue Entw\u00fcrfe. Die sch\u00e4big-schicke Wanduhr ist dieser Tage eines der gefragtesten Modelle. Weshalb lieben so viele Menschen diesen Trend in der Inneneinrichtung? Wir haben etlice sch\u00e4big-schicke Uhren in unserem Laden, tun aber st\u00e4ndig neue dazu. Der Grund, warum so viele Leute nach der sch\u00e4big-schicken Wanduhr fragen, ist, dass sie wissen, dass sie etwas h\u00f6chst Einzigartiges ist. Es ist mir schlicht unm\u00f6glich, zweimal die gleichen Muster und Farben hinzubekommen. Beim sch\u00e4big-schicken Stil geht es um das Altern und um Charakter, und wir wissen, dass dies in jedem Fall der Garant f\u00fcr ein bemerkenswertes Aussehen ist.<\/p>\n<p>Jedesmal, wenn wir eine sch\u00e4big-schicke Uhr verkaufen und die n\u00e4chste Bestellung f\u00fcr das gleiche Muster hereinkommt, streben wir nicht danach, sie absolut gleich zu machen. Die Hauptsache ist, zwar verschiedene Farben, Muster oder Schrammen gleich zu halten, doch die Ergebnisse unterscheiden sich immer. Dadurch wird Peak Art in diesem Nischenmarkt zu einer so starken Marke. Wir m\u00f6chten nicht andere Anbieter hinsichtlich Preis oder Angebot unterbieten. Wir \u00fcbertreffen daf\u00fcr alle anderen in puncto Einmaligkeit. Es ist schon eine Weile her, seit der erste Vertreter der <a href=\"https:\/\/peakart.co.uk\/de\/blog-post\/schaebig-schicke-wanduhren\/\">gro\u00dfen sch\u00e4big-schicken Wanduhren<\/a> auf unserer Webseite pr\u00e4sentiert wurde. Seit damals sind diese h\u00fcbschen Uhren immer beliebter geworden.<\/p>\n<p>Sie k\u00f6nnen uns entweder mitteilen, was Sie denken, indem Sie uns direkt ansprechen \u2013 oder, noch besser, indem Sie Ihren Kommentar auf unserer <a href=\"https:\/\/www.facebook.com\/PeakArtClocks\/\">Facebookseite<\/a> hinterlassen. Wir haben Tausende Fans und Follower, die nicht nur mit uns in Kontakt stehen, sondern uns auch begeistern. Warum treten Sie nicht unserer Community bei und werden Teil von etwas Neuem? Wir wollen gemeinsam den modischen Geschmack \u00e4ndern und mit einer \u00fcbergro\u00dfen, handgefertigten Uhr anstelle gro\u00dfer Gem\u00e4lde Ihre Wand verzieren.<\/p>\n","protected":false},"excerpt":{"rendered":"<p>Die sch\u00e4big-schicke Wanduhr, die den erw\u00fcnschten &#8220;Wow&#8221;-Effekt auf Ihre Freunde und Familie machen wird. Sie ist von Hand aus Fichtenholz gefertigt, handbemalt und batteriebetrieben. Sie k\u00f6nnen unter drei verschiedenen Gr\u00f6\u00dfen w\u00e4hlen, je nachdem, welche am besten zum verf\u00fcgbaren Platz an Ihrer Wand passt.<\/p>\n<p><strong>Entworfen und handgefertigt<\/strong> \u2013 Anna Siodelska, Vereinigtes K\u00f6nigreich<\/p>\n<p><strong>Farbe des Zifferblatts<\/strong> \u2013 Grau und Gold<\/p>\n<p><strong>Farbe des Hintergrundes<\/strong> \u2013 transparent \/ Farbe der Wand<\/p>\n<p><strong>Beachten Sie \u2013 <\/strong> Bei der Uhr mit 75 cm (30 Zoll) Durchmesser haben die Ziffern eine leicht andere Form, um sicherzustellen, dass sie nicht zu d\u00fcnn ausfallen. Ein Beispielbild f\u00fcr das andere Design finden Sie <a href=\"https:\/\/peakart.co.uk\/wp-content\/uploads\/2017\/09\/Unique-Large-Rustic-Grey-Wooden-Wall-Clock-Left.jpg\">hier<\/a><\/p>\n","protected":false},"featured_media":33404,"comment_status":"closed","ping_status":"closed","template":"","meta":[],"product_brand":[],"product_cat":[80],"product_tag":[83,90,87,2139,82,89,95],"class_list":{"0":"post-7439","1":"product","2":"type-product","3":"status-publish","4":"has-post-thumbnail","6":"product_cat-grosse-wanduhren-handgefertigt","7":"product_tag-grosse-dekorative-wanduhren","8":"product_tag-grosse-skelett-wanduhren-mit-roemischen-zahlzeichen","9":"product_tag-wanduhren-mit-roemischen-zahlzeichen","10":"product_tag-grose-wanduhren","11":"product_tag-grosse-kuenstlerische-wanduhren","12":"product_tag-schabige-schicke-wanduhren","13":"product_tag-skelett-wanduhren","15":"first","16":"instock","17":"sale","18":"taxable","19":"shipping-taxable","20":"purchasable","21":"product-type-variable"},"yoast_head":"<!-- This site is optimized with the Yoast SEO Premium plugin v27.2 (Yoast SEO v27.2) - https:\/\/yoast.com\/product\/yoast-seo-premium-wordpress\/ -->\n<title>Handgefertigte, sch\u00e4big-schicke Wanduhr. Skelettdesign. Grauschattierungen.<\/title>\n<meta name=\"description\" content=\"Die sch\u00e4big-schicke Wanduhr ist eines der gefragtesten Modelle dieser Tage. Die Leute suchen nach Einzigartigkeit und Charakter, und wir bieten beides.\" \/>\n<meta name=\"robots\" content=\"index, follow, max-snippet:-1, max-image-preview:large, max-video-preview:-1\" \/>\n<link rel=\"canonical\" href=\"https:\/\/peakart.co.uk\/de\/produkt\/graue-schabig-schicke-wanduhr\/\" \/>\n<meta property=\"og:locale\" content=\"de_DE\" \/>\n<meta property=\"og:type\" content=\"article\" \/>\n<meta property=\"og:title\" content=\"Handgefertigte Wanduhr in sch\u00e4big-schick\" \/>\n<meta property=\"og:description\" content=\"Die sch\u00e4big-schicke Wanduhr ist eines der gefragtesten Modelle dieser Tage. Die Leute suchen nach Einzigartigkeit und Charakter, und wir bieten beides.\" \/>\n<meta property=\"og:url\" content=\"https:\/\/peakart.co.uk\/de\/produkt\/graue-schabig-schicke-wanduhr\/\" \/>\n<meta property=\"og:site_name\" content=\"Peak Art\" \/>\n<meta property=\"article:publisher\" content=\"https:\/\/www.facebook.com\/PeakArtClocks\/\" \/>\n<meta property=\"article:modified_time\" content=\"2023-03-23T22:08:36+00:00\" \/>\n<meta property=\"og:image\" content=\"https:\/\/peakart.co.uk\/wp-content\/uploads\/2017\/11\/Shabby-Chic-Wall-Clock-right-1.jpg\" \/>\n\t<meta property=\"og:image:width\" content=\"1200\" \/>\n\t<meta property=\"og:image:height\" content=\"1099\" \/>\n\t<meta property=\"og:image:type\" content=\"image\/jpeg\" \/>\n<meta name=\"twitter:card\" content=\"summary_large_image\" \/>\n<meta name=\"twitter:label1\" content=\"Verf\u00fcgbarkeit\" \/>\n\t<meta name=\"twitter:data1\" content=\"Auf Lager\" \/>\n<script type=\"application\/ld+json\" class=\"yoast-schema-graph\">{\"@context\":\"https:\/\/schema.org\",\"@graph\":[{\"@type\":\"WebPage\",\"@id\":\"https:\/\/peakart.co.uk\/de\/produkt\/graue-schabig-schicke-wanduhr\/\",\"url\":\"https:\/\/peakart.co.uk\/de\/produkt\/graue-schabig-schicke-wanduhr\/\",\"name\":\"Handgefertigte, sch\u00e4big-schicke Wanduhr. Skelettdesign. Grauschattierungen.\",\"isPartOf\":{\"@id\":\"https:\/\/peakart.co.uk\/de\/#website\"},\"primaryImageOfPage\":{\"@id\":\"https:\/\/peakart.co.uk\/de\/produkt\/graue-schabig-schicke-wanduhr\/#primaryimage\"},\"image\":{\"@id\":\"https:\/\/peakart.co.uk\/de\/produkt\/graue-schabig-schicke-wanduhr\/#primaryimage\"},\"thumbnailUrl\":\"https:\/\/peakart.co.uk\/wp-content\/uploads\/2017\/11\/Shabby-Chic-Wall-Clock-right-1.jpg\",\"datePublished\":\"2017-11-10T17:58:48+00:00\",\"dateModified\":\"2023-03-23T22:08:36+00:00\",\"description\":\"Die sch\u00e4big-schicke Wanduhr ist eines der gefragtesten Modelle dieser Tage. Die Leute suchen nach Einzigartigkeit und Charakter, und wir bieten beides.\",\"breadcrumb\":{\"@id\":\"https:\/\/peakart.co.uk\/de\/produkt\/graue-schabig-schicke-wanduhr\/#breadcrumb\"},\"inLanguage\":\"de\",\"potentialAction\":[{\"@type\":\"ReadAction\",\"target\":[\"https:\/\/peakart.co.uk\/de\/produkt\/graue-schabig-schicke-wanduhr\/\"]}]},{\"@type\":\"ImageObject\",\"inLanguage\":\"de\",\"@id\":\"https:\/\/peakart.co.uk\/de\/produkt\/graue-schabig-schicke-wanduhr\/#primaryimage\",\"url\":\"https:\/\/peakart.co.uk\/wp-content\/uploads\/2017\/11\/Shabby-Chic-Wall-Clock-right-1.jpg\",\"contentUrl\":\"https:\/\/peakart.co.uk\/wp-content\/uploads\/2017\/11\/Shabby-Chic-Wall-Clock-right-1.jpg\",\"width\":1200,\"height\":1099,\"caption\":\"shabby chic wall clock\"},{\"@type\":\"BreadcrumbList\",\"@id\":\"https:\/\/peakart.co.uk\/de\/produkt\/graue-schabig-schicke-wanduhr\/#breadcrumb\",\"itemListElement\":[{\"@type\":\"ListItem\",\"position\":1,\"name\":\"Home\",\"item\":\"https:\/\/peakart.co.uk\/de\/\"},{\"@type\":\"ListItem\",\"position\":2,\"name\":\"Shop\",\"item\":\"https:\/\/peakart.co.uk\/de\/shop\/\"},{\"@type\":\"ListItem\",\"position\":3,\"name\":\"Handgefertigte Wanduhr in sch\u00e4big-schick\"}]},{\"@type\":\"WebSite\",\"@id\":\"https:\/\/peakart.co.uk\/de\/#website\",\"url\":\"https:\/\/peakart.co.uk\/de\/\",\"name\":\"Peak Art\",\"description\":\"\",\"publisher\":{\"@id\":\"https:\/\/peakart.co.uk\/de\/#organization\"},\"potentialAction\":[{\"@type\":\"SearchAction\",\"target\":{\"@type\":\"EntryPoint\",\"urlTemplate\":\"https:\/\/peakart.co.uk\/de\/?s={search_term_string}\"},\"query-input\":{\"@type\":\"PropertyValueSpecification\",\"valueRequired\":true,\"valueName\":\"search_term_string\"}}],\"inLanguage\":\"de\"},{\"@type\":\"Organization\",\"@id\":\"https:\/\/peakart.co.uk\/de\/#organization\",\"name\":\"Peak Art\",\"url\":\"https:\/\/peakart.co.uk\/de\/\",\"logo\":{\"@type\":\"ImageObject\",\"inLanguage\":\"de\",\"@id\":\"https:\/\/peakart.co.uk\/de\/#\/schema\/logo\/image\/\",\"url\":\"https:\/\/peakart.co.uk\/wp-content\/uploads\/2023\/07\/logo-8.jpg\",\"contentUrl\":\"https:\/\/peakart.co.uk\/wp-content\/uploads\/2023\/07\/logo-8.jpg\",\"width\":666,\"height\":259,\"caption\":\"Peak Art\"},\"image\":{\"@id\":\"https:\/\/peakart.co.uk\/de\/#\/schema\/logo\/image\/\"},\"sameAs\":[\"https:\/\/www.facebook.com\/PeakArtClocks\/\"],\"hasMerchantReturnPolicy\":{\"@type\":\"MerchantReturnPolicy\",\"merchantReturnLink\":\"https:\/\/peakart.co.uk\/refund_returns\/\"}}]}<\/script>\n<meta property=\"og:availability\" content=\"instock\" \/>\n<meta property=\"product:availability\" content=\"instock\" \/>\n<meta property=\"product:retailer_item_id\" content=\"PEAKART-85545\" \/>\n<meta property=\"product:condition\" content=\"new\" \/>\n<!-- \/ Yoast SEO Premium plugin. -->","yoast_head_json":{"title":"Handgefertigte, sch\u00e4big-schicke Wanduhr. Skelettdesign. Grauschattierungen.","description":"Die sch\u00e4big-schicke Wanduhr ist eines der gefragtesten Modelle dieser Tage. Die Leute suchen nach Einzigartigkeit und Charakter, und wir bieten beides.","robots":{"index":"index","follow":"follow","max-snippet":"max-snippet:-1","max-image-preview":"max-image-preview:large","max-video-preview":"max-video-preview:-1"},"canonical":"https:\/\/peakart.co.uk\/de\/produkt\/graue-schabig-schicke-wanduhr\/","og_locale":"de_DE","og_type":"article","og_title":"Handgefertigte Wanduhr in sch\u00e4big-schick","og_description":"Die sch\u00e4big-schicke Wanduhr ist eines der gefragtesten Modelle dieser Tage. Die Leute suchen nach Einzigartigkeit und Charakter, und wir bieten beides.","og_url":"https:\/\/peakart.co.uk\/de\/produkt\/graue-schabig-schicke-wanduhr\/","og_site_name":"Peak Art","article_publisher":"https:\/\/www.facebook.com\/PeakArtClocks\/","article_modified_time":"2023-03-23T22:08:36+00:00","og_image":[{"width":1200,"height":1099,"url":"https:\/\/peakart.co.uk\/wp-content\/uploads\/2017\/11\/Shabby-Chic-Wall-Clock-right-1.jpg","type":"image\/jpeg"}],"twitter_card":"summary_large_image","twitter_misc":{"Verf\u00fcgbarkeit":"Auf Lager"},"schema":{"@context":"https:\/\/schema.org","@graph":[{"@type":"WebPage","@id":"https:\/\/peakart.co.uk\/de\/produkt\/graue-schabig-schicke-wanduhr\/","url":"https:\/\/peakart.co.uk\/de\/produkt\/graue-schabig-schicke-wanduhr\/","name":"Handgefertigte, sch\u00e4big-schicke Wanduhr. Skelettdesign. Grauschattierungen.","isPartOf":{"@id":"https:\/\/peakart.co.uk\/de\/#website"},"primaryImageOfPage":{"@id":"https:\/\/peakart.co.uk\/de\/produkt\/graue-schabig-schicke-wanduhr\/#primaryimage"},"image":{"@id":"https:\/\/peakart.co.uk\/de\/produkt\/graue-schabig-schicke-wanduhr\/#primaryimage"},"thumbnailUrl":"https:\/\/peakart.co.uk\/wp-content\/uploads\/2017\/11\/Shabby-Chic-Wall-Clock-right-1.jpg","datePublished":"2017-11-10T17:58:48+00:00","dateModified":"2023-03-23T22:08:36+00:00","description":"Die sch\u00e4big-schicke Wanduhr ist eines der gefragtesten Modelle dieser Tage. Die Leute suchen nach Einzigartigkeit und Charakter, und wir bieten beides.","breadcrumb":{"@id":"https:\/\/peakart.co.uk\/de\/produkt\/graue-schabig-schicke-wanduhr\/#breadcrumb"},"inLanguage":"de","potentialAction":[{"@type":"ReadAction","target":["https:\/\/peakart.co.uk\/de\/produkt\/graue-schabig-schicke-wanduhr\/"]}]},{"@type":"ImageObject","inLanguage":"de","@id":"https:\/\/peakart.co.uk\/de\/produkt\/graue-schabig-schicke-wanduhr\/#primaryimage","url":"https:\/\/peakart.co.uk\/wp-content\/uploads\/2017\/11\/Shabby-Chic-Wall-Clock-right-1.jpg","contentUrl":"https:\/\/peakart.co.uk\/wp-content\/uploads\/2017\/11\/Shabby-Chic-Wall-Clock-right-1.jpg","width":1200,"height":1099,"caption":"shabby chic wall clock"},{"@type":"BreadcrumbList","@id":"https:\/\/peakart.co.uk\/de\/produkt\/graue-schabig-schicke-wanduhr\/#breadcrumb","itemListElement":[{"@type":"ListItem","position":1,"name":"Home","item":"https:\/\/peakart.co.uk\/de\/"},{"@type":"ListItem","position":2,"name":"Shop","item":"https:\/\/peakart.co.uk\/de\/shop\/"},{"@type":"ListItem","position":3,"name":"Handgefertigte Wanduhr in sch\u00e4big-schick"}]},{"@type":"WebSite","@id":"https:\/\/peakart.co.uk\/de\/#website","url":"https:\/\/peakart.co.uk\/de\/","name":"Peak Art","description":"","publisher":{"@id":"https:\/\/peakart.co.uk\/de\/#organization"},"potentialAction":[{"@type":"SearchAction","target":{"@type":"EntryPoint","urlTemplate":"https:\/\/peakart.co.uk\/de\/?s={search_term_string}"},"query-input":{"@type":"PropertyValueSpecification","valueRequired":true,"valueName":"search_term_string"}}],"inLanguage":"de"},{"@type":"Organization","@id":"https:\/\/peakart.co.uk\/de\/#organization","name":"Peak Art","url":"https:\/\/peakart.co.uk\/de\/","logo":{"@type":"ImageObject","inLanguage":"de","@id":"https:\/\/peakart.co.uk\/de\/#\/schema\/logo\/image\/","url":"https:\/\/peakart.co.uk\/wp-content\/uploads\/2023\/07\/logo-8.jpg","contentUrl":"https:\/\/peakart.co.uk\/wp-content\/uploads\/2023\/07\/logo-8.jpg","width":666,"height":259,"caption":"Peak Art"},"image":{"@id":"https:\/\/peakart.co.uk\/de\/#\/schema\/logo\/image\/"},"sameAs":["https:\/\/www.facebook.com\/PeakArtClocks\/"],"hasMerchantReturnPolicy":{"@type":"MerchantReturnPolicy","merchantReturnLink":"https:\/\/peakart.co.uk\/refund_returns\/"}}]},"og_availability":"instock","product_availability":"instock","product_retailer_item_id":"PEAKART-85545","product_condition":"new"},"_links":{"self":[{"href":"https:\/\/peakart.co.uk\/de\/wp-json\/wp\/v2\/product\/7439","targetHints":{"allow":["GET"]}}],"collection":[{"href":"https:\/\/peakart.co.uk\/de\/wp-json\/wp\/v2\/product"}],"about":[{"href":"https:\/\/peakart.co.uk\/de\/wp-json\/wp\/v2\/types\/product"}],"replies":[{"embeddable":true,"href":"https:\/\/peakart.co.uk\/de\/wp-json\/wp\/v2\/comments?post=7439"}],"wp:featuredmedia":[{"embeddable":true,"href":"https:\/\/peakart.co.uk\/de\/wp-json\/wp\/v2\/media\/33404"}],"wp:attachment":[{"href":"https:\/\/peakart.co.uk\/de\/wp-json\/wp\/v2\/media?parent=7439"}],"wp:term":[{"taxonomy":"product_brand","embeddable":true,"href":"https:\/\/peakart.co.uk\/de\/wp-json\/wp\/v2\/product_brand?post=7439"},{"taxonomy":"product_cat","embeddable":true,"href":"https:\/\/peakart.co.uk\/de\/wp-json\/wp\/v2\/product_cat?post=7439"},{"taxonomy":"product_tag","embeddable":true,"href":"https:\/\/peakart.co.uk\/de\/wp-json\/wp\/v2\/product_tag?post=7439"}],"curies":[{"name":"wp","href":"https:\/\/api.w.org\/{rel}","templated":true}]}}