{"id":7124,"date":"2017-10-22T14:23:48","date_gmt":"2017-10-27T20:18:20","guid":{"rendered":"http:\/\/peakart.co.uk\/product\/industrial-wanduhr-aus-metall-mit-holzernem-rand\/"},"modified":"2023-03-23T22:16:47","modified_gmt":"2023-03-23T22:16:47","slug":"industrial-wanduhr-metall-und-holz","status":"publish","type":"product","link":"https:\/\/peakart.co.uk\/de\/produkt\/industrial-wanduhr-metall-und-holz\/","title":{"rendered":"Industrial-Wanduhr aus Metall h\u00f6lzernem Rand"},"content":{"rendered":"<h2>Gro\u00dfe Wanduhr im Industrial-Stil aus vermischten Materialien<\/h2>\n<p>Wir brachten die erste Uhr im Industrial-Stil vor etwa 2 Jahren in den Peak-Art-Laden. Dabei handelte es sich um eine <a href=\"https:\/\/peakart.co.uk\/de\/produkt\/industrial-wanduhr\/\">Wanduhr aus Holz<\/a> mit einigen Metallelementen. Seit damals habe ich mich mehr auf traditionelle Designs konzentriert. Ich glaube, dass ich f\u00fcr die ganze Sammlung nur eine weitere Industrial-Wanduhr angefertigt habe. Warum habe ich mich entschlossen, etwas v\u00f6llig anderes zu machen als die Wanduhr mit klassischen r\u00f6mischen Ziffern? Als K\u00fcnstlerin brauche ich stets neue Herausforderungen, und dies war keine Ausnahme. Es ist nicht leicht, diesem Trend im Design zu folgen, da er sehr viel mit dem Mischen und Zusammenpassen zu tun hat. Solche Schwierigkeiten machen es aber nur interessanter, wenn man mit Leidenschaft an seine Arbeit geht. So wurde diese bemerkenswerte Industrial-Wanduhr geschaffen.<\/p>\n<p>Das Gesamtmuster beinhaltet alle wesentlichen Elemente des Industrial-Stils. Es zeigt scharfe, metallische Kanten und scheint unfertig, aber dennoch zusammenh\u00e4ngend. Die Wanduhren im Industrial-Design wie diese d\u00fcrfte sicher f\u00fcr ein starkes &#8220;Wow&#8221;-Erlebnis sorgen und Ihren Raum so viel attraktiver machen. Ich habe in meinem Blogbereich noch eine Menge weiterer Informationen \u00fcber die <a href=\"https:\/\/peakart.co.uk\/de\/blog-post\/industrie-wanduhren\/\">Industrial-Wanduhr<\/a> beigef\u00fcgt.<\/p>\n<p>Vom praktischen Standpunkt gesehen Die Uhr verwendet ein sehr starkes Quarz-Sweep-Uhrwerk. Dieses ben\u00f6tigt eine einzelne Babyzelle, die f\u00fcr 9 bis 12 Monate ohne Wechsel halten sollte. F\u00fcr die Lieferung m\u00fcssen wir die Uhrzeiger abmontieren, um Sch\u00e4den auf dem Transport zu vermeiden. Sie bekommen eine vollst\u00e4ndige Anleitung, wie man beide Zeiger anbaut und die Zeit einstellt, in einem <a href=\"https:\/\/www.youtube.com\/watch?v=08Tq0lKFs30\">kurzen Youtube-Video<\/a>.<\/p>\n<p>Hat es Sie auf unsere Webseite verschlagen, weil Sie nach etwas Besonderem suchen? Vielleicht wollen Sie nicht alten Trends folgen oder Artikel aus Massenproduktion kaufen. Sch\u00e4tzen Sie neue Trends in der Inneneinrichtung und w\u00e4ren daran interessiert, Ihr geschmackvoll eingerichtetes Wohnzimmer um eine gro\u00dfe Industrial-Wanduhr zu bereichern? Falls Sie Fragen haben, teilen Sie es uns bitte mit; wir helfen immer gern.<\/p>\n","protected":false},"excerpt":{"rendered":"<p>Industrial-Wanduhr, gefertigt aus gro\u00dfen Metallelementen und einem h\u00f6lzernen \u00e4u\u00dferen Ring. Ideal als \u00fcbergro\u00dfes Kunstwerk f\u00fcr die Wand, die sich toll in Industrial-Umgebungen einf\u00fcgen w\u00fcrde. Diese beeindruckende Uhr wurde urspr\u00fcnglich f\u00fcr einen Durchmesser von 100 cm entworfen, doch es sind auch andere Gr\u00f6\u00dfen erh\u00e4ltlich.<\/p>\n<p><strong>Gestaltet und handgefertigt<\/strong> \u2013 Anna Siodelska, Vereinigtes K\u00f6nigreich<\/p>\n<p><strong>Farbe des Zifferblattes<\/strong> \u2013 Metall und Holz<\/p>\n<p><strong>Farbe des Hintergrundes<\/strong> \u2013 Metall<\/p>\n","protected":false},"featured_media":32216,"comment_status":"closed","ping_status":"closed","template":"","meta":[],"product_brand":[],"product_cat":[80],"product_tag":[83,86,2139,82],"class_list":{"0":"post-7124","1":"product","2":"type-product","3":"status-publish","4":"has-post-thumbnail","6":"product_cat-grosse-wanduhren-handgefertigt","7":"product_tag-grosse-dekorative-wanduhren","8":"product_tag-industrielle-wanduhren","9":"product_tag-grose-wanduhren","10":"product_tag-grosse-kuenstlerische-wanduhren","12":"first","13":"instock","14":"sale","15":"featured","16":"taxable","17":"shipping-taxable","18":"purchasable","19":"product-type-variable"},"yoast_head":"<!-- This site is optimized with the Yoast SEO Premium plugin v27.2 (Yoast SEO v27.2) - https:\/\/yoast.com\/product\/yoast-seo-premium-wordpress\/ -->\n<title>Gro\u00dfe, handgefertigte Industrial-Wanduhr aus Metall und Holz<\/title>\n<meta name=\"description\" content=\"Die bemerkenswerteste Industrial-Wanduhr. Sie ist von Hand aus Metall- und Holzelementen gefertigt. Die ideale Erg\u00e4nzung f\u00fcr die edelsten Industrial-Raum.\" \/>\n<meta name=\"robots\" content=\"index, follow, max-snippet:-1, max-image-preview:large, max-video-preview:-1\" \/>\n<link rel=\"canonical\" href=\"https:\/\/peakart.co.uk\/de\/produkt\/industrial-wanduhr-metall-und-holz\/\" \/>\n<meta property=\"og:locale\" content=\"de_DE\" \/>\n<meta property=\"og:type\" content=\"article\" \/>\n<meta property=\"og:title\" content=\"Industrial-Wanduhr aus Metall h\u00f6lzernem Rand\" \/>\n<meta property=\"og:description\" content=\"Die bemerkenswerteste Industrial-Wanduhr. Sie ist von Hand aus Metall- und Holzelementen gefertigt. Die ideale Erg\u00e4nzung f\u00fcr die edelsten Industrial-Raum.\" \/>\n<meta property=\"og:url\" content=\"https:\/\/peakart.co.uk\/de\/produkt\/industrial-wanduhr-metall-und-holz\/\" \/>\n<meta property=\"og:site_name\" content=\"Peak Art\" \/>\n<meta property=\"article:publisher\" content=\"https:\/\/www.facebook.com\/PeakArtClocks\/\" \/>\n<meta property=\"article:modified_time\" content=\"2023-03-23T22:16:47+00:00\" \/>\n<meta property=\"og:image\" content=\"https:\/\/peakart.co.uk\/wp-content\/uploads\/2017\/10\/Heavy-Industrial-100-cm-wall-clock-interiors-scaled.jpg\" \/>\n\t<meta property=\"og:image:width\" content=\"2560\" \/>\n\t<meta property=\"og:image:height\" content=\"1920\" \/>\n\t<meta property=\"og:image:type\" content=\"image\/jpeg\" \/>\n<meta name=\"twitter:card\" content=\"summary_large_image\" \/>\n<meta name=\"twitter:label1\" content=\"Verf\u00fcgbarkeit\" \/>\n\t<meta name=\"twitter:data1\" content=\"Auf Lager\" \/>\n<script type=\"application\/ld+json\" class=\"yoast-schema-graph\">{\"@context\":\"https:\/\/schema.org\",\"@graph\":[{\"@type\":\"WebPage\",\"@id\":\"https:\/\/peakart.co.uk\/de\/produkt\/industrial-wanduhr-metall-und-holz\/\",\"url\":\"https:\/\/peakart.co.uk\/de\/produkt\/industrial-wanduhr-metall-und-holz\/\",\"name\":\"Gro\u00dfe, handgefertigte Industrial-Wanduhr aus Metall und Holz\",\"isPartOf\":{\"@id\":\"https:\/\/peakart.co.uk\/de\/#website\"},\"primaryImageOfPage\":{\"@id\":\"https:\/\/peakart.co.uk\/de\/produkt\/industrial-wanduhr-metall-und-holz\/#primaryimage\"},\"image\":{\"@id\":\"https:\/\/peakart.co.uk\/de\/produkt\/industrial-wanduhr-metall-und-holz\/#primaryimage\"},\"thumbnailUrl\":\"https:\/\/peakart.co.uk\/wp-content\/uploads\/2017\/10\/Heavy-Industrial-100-cm-wall-clock-interiors-scaled.jpg\",\"datePublished\":\"2017-10-27T20:18:20+00:00\",\"dateModified\":\"2023-03-23T22:16:47+00:00\",\"description\":\"Die bemerkenswerteste Industrial-Wanduhr. Sie ist von Hand aus Metall- und Holzelementen gefertigt. Die ideale Erg\u00e4nzung f\u00fcr die edelsten Industrial-Raum.\",\"breadcrumb\":{\"@id\":\"https:\/\/peakart.co.uk\/de\/produkt\/industrial-wanduhr-metall-und-holz\/#breadcrumb\"},\"inLanguage\":\"de\",\"potentialAction\":[{\"@type\":\"ReadAction\",\"target\":[\"https:\/\/peakart.co.uk\/de\/produkt\/industrial-wanduhr-metall-und-holz\/\"]}]},{\"@type\":\"ImageObject\",\"inLanguage\":\"de\",\"@id\":\"https:\/\/peakart.co.uk\/de\/produkt\/industrial-wanduhr-metall-und-holz\/#primaryimage\",\"url\":\"https:\/\/peakart.co.uk\/wp-content\/uploads\/2017\/10\/Heavy-Industrial-100-cm-wall-clock-interiors-scaled.jpg\",\"contentUrl\":\"https:\/\/peakart.co.uk\/wp-content\/uploads\/2017\/10\/Heavy-Industrial-100-cm-wall-clock-interiors-scaled.jpg\",\"width\":2560,\"height\":1920},{\"@type\":\"BreadcrumbList\",\"@id\":\"https:\/\/peakart.co.uk\/de\/produkt\/industrial-wanduhr-metall-und-holz\/#breadcrumb\",\"itemListElement\":[{\"@type\":\"ListItem\",\"position\":1,\"name\":\"Home\",\"item\":\"https:\/\/peakart.co.uk\/de\/\"},{\"@type\":\"ListItem\",\"position\":2,\"name\":\"Shop\",\"item\":\"https:\/\/peakart.co.uk\/de\/shop\/\"},{\"@type\":\"ListItem\",\"position\":3,\"name\":\"Industrial-Wanduhr aus Metall h\u00f6lzernem Rand\"}]},{\"@type\":\"WebSite\",\"@id\":\"https:\/\/peakart.co.uk\/de\/#website\",\"url\":\"https:\/\/peakart.co.uk\/de\/\",\"name\":\"Peak Art\",\"description\":\"\",\"publisher\":{\"@id\":\"https:\/\/peakart.co.uk\/de\/#organization\"},\"potentialAction\":[{\"@type\":\"SearchAction\",\"target\":{\"@type\":\"EntryPoint\",\"urlTemplate\":\"https:\/\/peakart.co.uk\/de\/?s={search_term_string}\"},\"query-input\":{\"@type\":\"PropertyValueSpecification\",\"valueRequired\":true,\"valueName\":\"search_term_string\"}}],\"inLanguage\":\"de\"},{\"@type\":\"Organization\",\"@id\":\"https:\/\/peakart.co.uk\/de\/#organization\",\"name\":\"Peak Art\",\"url\":\"https:\/\/peakart.co.uk\/de\/\",\"logo\":{\"@type\":\"ImageObject\",\"inLanguage\":\"de\",\"@id\":\"https:\/\/peakart.co.uk\/de\/#\/schema\/logo\/image\/\",\"url\":\"https:\/\/peakart.co.uk\/wp-content\/uploads\/2023\/07\/logo-8.jpg\",\"contentUrl\":\"https:\/\/peakart.co.uk\/wp-content\/uploads\/2023\/07\/logo-8.jpg\",\"width\":666,\"height\":259,\"caption\":\"Peak Art\"},\"image\":{\"@id\":\"https:\/\/peakart.co.uk\/de\/#\/schema\/logo\/image\/\"},\"sameAs\":[\"https:\/\/www.facebook.com\/PeakArtClocks\/\"],\"hasMerchantReturnPolicy\":{\"@type\":\"MerchantReturnPolicy\",\"merchantReturnLink\":\"https:\/\/peakart.co.uk\/refund_returns\/\"}}]}<\/script>\n<meta property=\"og:availability\" content=\"instock\" \/>\n<meta property=\"product:availability\" content=\"instock\" \/>\n<meta property=\"product:retailer_item_id\" content=\"PEAKART-62263\" \/>\n<meta property=\"product:condition\" content=\"new\" \/>\n<!-- \/ Yoast SEO Premium plugin. -->","yoast_head_json":{"title":"Gro\u00dfe, handgefertigte Industrial-Wanduhr aus Metall und Holz","description":"Die bemerkenswerteste Industrial-Wanduhr. Sie ist von Hand aus Metall- und Holzelementen gefertigt. Die ideale Erg\u00e4nzung f\u00fcr die edelsten Industrial-Raum.","robots":{"index":"index","follow":"follow","max-snippet":"max-snippet:-1","max-image-preview":"max-image-preview:large","max-video-preview":"max-video-preview:-1"},"canonical":"https:\/\/peakart.co.uk\/de\/produkt\/industrial-wanduhr-metall-und-holz\/","og_locale":"de_DE","og_type":"article","og_title":"Industrial-Wanduhr aus Metall h\u00f6lzernem Rand","og_description":"Die bemerkenswerteste Industrial-Wanduhr. Sie ist von Hand aus Metall- und Holzelementen gefertigt. Die ideale Erg\u00e4nzung f\u00fcr die edelsten Industrial-Raum.","og_url":"https:\/\/peakart.co.uk\/de\/produkt\/industrial-wanduhr-metall-und-holz\/","og_site_name":"Peak Art","article_publisher":"https:\/\/www.facebook.com\/PeakArtClocks\/","article_modified_time":"2023-03-23T22:16:47+00:00","og_image":[{"width":2560,"height":1920,"url":"https:\/\/peakart.co.uk\/wp-content\/uploads\/2017\/10\/Heavy-Industrial-100-cm-wall-clock-interiors-scaled.jpg","type":"image\/jpeg"}],"twitter_card":"summary_large_image","twitter_misc":{"Verf\u00fcgbarkeit":"Auf Lager"},"schema":{"@context":"https:\/\/schema.org","@graph":[{"@type":"WebPage","@id":"https:\/\/peakart.co.uk\/de\/produkt\/industrial-wanduhr-metall-und-holz\/","url":"https:\/\/peakart.co.uk\/de\/produkt\/industrial-wanduhr-metall-und-holz\/","name":"Gro\u00dfe, handgefertigte Industrial-Wanduhr aus Metall und Holz","isPartOf":{"@id":"https:\/\/peakart.co.uk\/de\/#website"},"primaryImageOfPage":{"@id":"https:\/\/peakart.co.uk\/de\/produkt\/industrial-wanduhr-metall-und-holz\/#primaryimage"},"image":{"@id":"https:\/\/peakart.co.uk\/de\/produkt\/industrial-wanduhr-metall-und-holz\/#primaryimage"},"thumbnailUrl":"https:\/\/peakart.co.uk\/wp-content\/uploads\/2017\/10\/Heavy-Industrial-100-cm-wall-clock-interiors-scaled.jpg","datePublished":"2017-10-27T20:18:20+00:00","dateModified":"2023-03-23T22:16:47+00:00","description":"Die bemerkenswerteste Industrial-Wanduhr. Sie ist von Hand aus Metall- und Holzelementen gefertigt. Die ideale Erg\u00e4nzung f\u00fcr die edelsten Industrial-Raum.","breadcrumb":{"@id":"https:\/\/peakart.co.uk\/de\/produkt\/industrial-wanduhr-metall-und-holz\/#breadcrumb"},"inLanguage":"de","potentialAction":[{"@type":"ReadAction","target":["https:\/\/peakart.co.uk\/de\/produkt\/industrial-wanduhr-metall-und-holz\/"]}]},{"@type":"ImageObject","inLanguage":"de","@id":"https:\/\/peakart.co.uk\/de\/produkt\/industrial-wanduhr-metall-und-holz\/#primaryimage","url":"https:\/\/peakart.co.uk\/wp-content\/uploads\/2017\/10\/Heavy-Industrial-100-cm-wall-clock-interiors-scaled.jpg","contentUrl":"https:\/\/peakart.co.uk\/wp-content\/uploads\/2017\/10\/Heavy-Industrial-100-cm-wall-clock-interiors-scaled.jpg","width":2560,"height":1920},{"@type":"BreadcrumbList","@id":"https:\/\/peakart.co.uk\/de\/produkt\/industrial-wanduhr-metall-und-holz\/#breadcrumb","itemListElement":[{"@type":"ListItem","position":1,"name":"Home","item":"https:\/\/peakart.co.uk\/de\/"},{"@type":"ListItem","position":2,"name":"Shop","item":"https:\/\/peakart.co.uk\/de\/shop\/"},{"@type":"ListItem","position":3,"name":"Industrial-Wanduhr aus Metall h\u00f6lzernem Rand"}]},{"@type":"WebSite","@id":"https:\/\/peakart.co.uk\/de\/#website","url":"https:\/\/peakart.co.uk\/de\/","name":"Peak Art","description":"","publisher":{"@id":"https:\/\/peakart.co.uk\/de\/#organization"},"potentialAction":[{"@type":"SearchAction","target":{"@type":"EntryPoint","urlTemplate":"https:\/\/peakart.co.uk\/de\/?s={search_term_string}"},"query-input":{"@type":"PropertyValueSpecification","valueRequired":true,"valueName":"search_term_string"}}],"inLanguage":"de"},{"@type":"Organization","@id":"https:\/\/peakart.co.uk\/de\/#organization","name":"Peak Art","url":"https:\/\/peakart.co.uk\/de\/","logo":{"@type":"ImageObject","inLanguage":"de","@id":"https:\/\/peakart.co.uk\/de\/#\/schema\/logo\/image\/","url":"https:\/\/peakart.co.uk\/wp-content\/uploads\/2023\/07\/logo-8.jpg","contentUrl":"https:\/\/peakart.co.uk\/wp-content\/uploads\/2023\/07\/logo-8.jpg","width":666,"height":259,"caption":"Peak Art"},"image":{"@id":"https:\/\/peakart.co.uk\/de\/#\/schema\/logo\/image\/"},"sameAs":["https:\/\/www.facebook.com\/PeakArtClocks\/"],"hasMerchantReturnPolicy":{"@type":"MerchantReturnPolicy","merchantReturnLink":"https:\/\/peakart.co.uk\/refund_returns\/"}}]},"og_availability":"instock","product_availability":"instock","product_retailer_item_id":"PEAKART-62263","product_condition":"new"},"_links":{"self":[{"href":"https:\/\/peakart.co.uk\/de\/wp-json\/wp\/v2\/product\/7124","targetHints":{"allow":["GET"]}}],"collection":[{"href":"https:\/\/peakart.co.uk\/de\/wp-json\/wp\/v2\/product"}],"about":[{"href":"https:\/\/peakart.co.uk\/de\/wp-json\/wp\/v2\/types\/product"}],"replies":[{"embeddable":true,"href":"https:\/\/peakart.co.uk\/de\/wp-json\/wp\/v2\/comments?post=7124"}],"wp:featuredmedia":[{"embeddable":true,"href":"https:\/\/peakart.co.uk\/de\/wp-json\/wp\/v2\/media\/32216"}],"wp:attachment":[{"href":"https:\/\/peakart.co.uk\/de\/wp-json\/wp\/v2\/media?parent=7124"}],"wp:term":[{"taxonomy":"product_brand","embeddable":true,"href":"https:\/\/peakart.co.uk\/de\/wp-json\/wp\/v2\/product_brand?post=7124"},{"taxonomy":"product_cat","embeddable":true,"href":"https:\/\/peakart.co.uk\/de\/wp-json\/wp\/v2\/product_cat?post=7124"},{"taxonomy":"product_tag","embeddable":true,"href":"https:\/\/peakart.co.uk\/de\/wp-json\/wp\/v2\/product_tag?post=7124"}],"curies":[{"name":"wp","href":"https:\/\/api.w.org\/{rel}","templated":true}]}}