{"id":7081,"date":"2015-07-17T17:07:55","date_gmt":"2017-10-26T19:43:08","guid":{"rendered":"http:\/\/peakart.co.uk\/product\/riesige-rustikale-handgefertigte-statement-wanduhr\/"},"modified":"2023-03-25T22:04:21","modified_gmt":"2023-03-25T22:04:21","slug":"rustikale-statement-wanduhr","status":"publish","type":"product","link":"https:\/\/peakart.co.uk\/de\/produkt\/rustikale-statement-wanduhr\/","title":{"rendered":"Rustikale handgemachte Statement Wanduhr"},"content":{"rendered":"<h2>Statement-Wanduhr &#8211; Rustikales Ziffernblatt | Graphit-Hintergrund | r\u00f6mische Ziffern<\/h2>\n<p>Die &#8220;Klassik Rustikal&#8221; ist eine gro\u00dfe, handgefertigte Statement-Wanduhr mit r\u00f6mischen Ziffern, die entworfen wurde, um der Mittelpunkt der Aufmerksamkeit in Ihrem Wohnzimmer zu sein. Sie stellt sorgf\u00e4ltig handgeschnitzte, gro\u00dfe Ziffern auf dem handbemalten &#8220;rustikalen&#8221; Hintergrund zur Schau.Wie die meisten Holzprodukte, verleiht auch diese fantastische Uhr ihrem Umfeld W\u00e4rme und einen nat\u00fcrlichen Charakter. Mit ihrem bemerkenswertem, rustikalem Design, passt sie gut zu den meisten stylischen und Shabby-Chic Inneneinrichtungen.<\/p>\n<p>Suchen Sie etwas Exzentrischeres, das sich von dem unterscheidet, was andere an ihrer Wand haben? Vielleicht m\u00f6chten Sie einen Spiegel oder ein gro\u00dfes Gem\u00e4lde mit etwas wirklich Einzigartigem ersetzen? Wenn Sie ein Statement-Kunstwerk wollen, das Ihre Wohnung vom Rest der Welt abhebt, suchen Sie nicht weiter. Die &#8220;Klassik Rustikal&#8221; wird sicherlich auch die anspruchsvollsten Kritiker beeindrucken.<\/p>\n<p>Dieses atemberaubende extra gro\u00dfe Kernst\u00fcck wird aus zwei Kiefernholzplatten handgefertigt, was ihm seinen unglaublich nat\u00fcrlichen Charakter verleiht. Der Uhr-Mechanismus ist mit einem starken, batteriebetriebenen Quarzoszillator ausgestattet. Wenn die Uhr geliefert wird, m\u00fcssen Sie beide Zeiger anbringen, indem Sie dieser <a href=\"https:\/\/www.youtube.com\/watch?v=08Tq0lKFs30\">kurzen Anleitung auf Youtube folgen.<\/a><\/p>\n<p>Alle extra gro\u00dfen Peak Art Statement-Wanduhren sind einzigartig und kostbare Kunstwerke an die Sie denken werden, wenn Sie Ihr Wohnzimmer neu dekorieren. Wir sind weltweit die Ersten, die sich das Design einer massiven, h\u00f6lzernen Uhr mit r\u00f6mischen Ziffern hatten, also treten Sie doch bitte unserer wachsenden <a href=\"https:\/\/www.facebook.com\/PeakArtClocks\/\">Facebook Community<\/a> bei und erz\u00e4hlen Sie anderen von uns.<\/p>\n<p>Es gibt noch viele weitere <a href=\"https:\/\/www.pinterest.co.uk\/PeakArtClocks\/shabby-chic-wall-clocks\/\">Shabby-Chic Wanduhren in franz\u00f6sischem Stil von Peak Art<\/a>, die Sie auch auf Pinterest bewundern k\u00f6nnen. Also verfallen Sie nicht in alte Gewohnheiten, teilen Sie diese Ideen mit Ihren Freunden und lassen Sie uns wissen was Sie denken.<\/p>\n","protected":false},"excerpt":{"rendered":"<p>Die Klassik Rustikal ist eine sehr gro\u00dfe Statement-Wanduhr, handgefertigt aus zwei nachhaltig bezogenen Kiefernholzplatten. Das Ziffernblatt zeigt sorgf\u00e4ltig gefertigte r\u00f6mische Ziffern auf einem handbemalten Hintergrund. Mit einem Gesamtdurchmesser von 100 cm und ihrem einzigartigem Charakter, wird die Klassik Rustikal ihrer Umgebung einen beinahe mittelalterlichen Touch geben.<\/p>\n<p><strong>Entworfen &amp; handgefertigt<\/strong> &#8211; Anna Siodelska, Vereinigtes K\u00f6nigreich<\/p>\n<p><strong> Ziffernblattfarbe<\/strong> &#8211; Rustikal<\/p>\n<p><strong> Hintergrundfarbe<\/strong> &#8211; Graphit<\/p>\n<p><strong>Hinweis<br \/>\n&#8211; <\/strong> Die 30 Zoll (75 cm) Uhr hat eine etwas andere Ziffernblattform, um sicherzustellen, dass diese nicht zu d\u00fcnn sind. Ein Beispielbild mit dem anderen Design ist <a href=\"https:\/\/peakart.co.uk\/wp-content\/uploads\/2017\/09\/Unique-Large-Rustic-Grey-Wooden-Wall-Clock-Left.jpg\">hier<\/a><\/p>\n","protected":false},"featured_media":32345,"comment_status":"open","ping_status":"closed","template":"","meta":[],"product_brand":[],"product_cat":[80],"product_tag":[83,87,82],"class_list":{"0":"post-7081","1":"product","2":"type-product","3":"status-publish","4":"has-post-thumbnail","6":"product_cat-grosse-wanduhren-handgefertigt","7":"product_tag-grosse-dekorative-wanduhren","8":"product_tag-wanduhren-mit-roemischen-zahlzeichen","9":"product_tag-grosse-kuenstlerische-wanduhren","11":"first","12":"instock","13":"sale","14":"taxable","15":"shipping-taxable","16":"purchasable","17":"product-type-variable"},"yoast_head":"<!-- This site is optimized with the Yoast SEO Premium plugin v27.2 (Yoast SEO v27.2) - https:\/\/yoast.com\/product\/yoast-seo-premium-wordpress\/ -->\n<title>40 Zoll Statement-Wanduhr Klassik Rustikal mit r\u00f6mischen Ziffern<\/title>\n<meta name=\"description\" content=\"Die Klassik Rustikal ist eine handgefertigte Statement-Wanduhr mit r\u00f6mischen Ziffern, die entworfen wurde, um ein Kernst\u00fcck in Ihrem Wohnzimmer zu sein, das ihm Einzigartigkeit und Charakter verleiht\" \/>\n<meta name=\"robots\" content=\"index, follow, max-snippet:-1, max-image-preview:large, max-video-preview:-1\" \/>\n<link rel=\"canonical\" href=\"https:\/\/peakart.co.uk\/de\/produkt\/rustikale-statement-wanduhr\/\" \/>\n<meta property=\"og:locale\" content=\"de_DE\" \/>\n<meta property=\"og:type\" content=\"article\" \/>\n<meta property=\"og:title\" content=\"Rustikale handgemachte Statement Wanduhr\" \/>\n<meta property=\"og:description\" content=\"Die Klassik Rustikal ist eine handgefertigte Statement-Wanduhr mit r\u00f6mischen Ziffern, die entworfen wurde, um ein Kernst\u00fcck in Ihrem Wohnzimmer zu sein, das ihm Einzigartigkeit und Charakter verleiht\" \/>\n<meta property=\"og:url\" content=\"https:\/\/peakart.co.uk\/de\/produkt\/rustikale-statement-wanduhr\/\" \/>\n<meta property=\"og:site_name\" content=\"Peak Art\" \/>\n<meta property=\"article:publisher\" content=\"https:\/\/www.facebook.com\/PeakArtClocks\/\" \/>\n<meta property=\"article:modified_time\" content=\"2023-03-25T22:04:21+00:00\" \/>\n<meta property=\"og:image\" content=\"https:\/\/peakart.co.uk\/wp-content\/uploads\/2015\/07\/Rustic-zoom-1.jpg\" \/>\n\t<meta property=\"og:image:width\" content=\"500\" \/>\n\t<meta property=\"og:image:height\" content=\"500\" \/>\n\t<meta property=\"og:image:type\" content=\"image\/jpeg\" \/>\n<meta name=\"twitter:card\" content=\"summary_large_image\" \/>\n<meta name=\"twitter:label1\" content=\"Verf\u00fcgbarkeit\" \/>\n\t<meta name=\"twitter:data1\" content=\"Auf Lager\" \/>\n<script type=\"application\/ld+json\" class=\"yoast-schema-graph\">{\"@context\":\"https:\/\/schema.org\",\"@graph\":[{\"@type\":\"WebPage\",\"@id\":\"https:\/\/peakart.co.uk\/de\/produkt\/rustikale-statement-wanduhr\/\",\"url\":\"https:\/\/peakart.co.uk\/de\/produkt\/rustikale-statement-wanduhr\/\",\"name\":\"40 Zoll Statement-Wanduhr Klassik Rustikal mit r\u00f6mischen Ziffern\",\"isPartOf\":{\"@id\":\"https:\/\/peakart.co.uk\/de\/#website\"},\"primaryImageOfPage\":{\"@id\":\"https:\/\/peakart.co.uk\/de\/produkt\/rustikale-statement-wanduhr\/#primaryimage\"},\"image\":{\"@id\":\"https:\/\/peakart.co.uk\/de\/produkt\/rustikale-statement-wanduhr\/#primaryimage\"},\"thumbnailUrl\":\"https:\/\/peakart.co.uk\/wp-content\/uploads\/2015\/07\/Rustic-zoom-1.jpg\",\"datePublished\":\"2017-10-26T19:43:08+00:00\",\"dateModified\":\"2023-03-25T22:04:21+00:00\",\"description\":\"Die Klassik Rustikal ist eine handgefertigte Statement-Wanduhr mit r\u00f6mischen Ziffern, die entworfen wurde, um ein Kernst\u00fcck in Ihrem Wohnzimmer zu sein, das ihm Einzigartigkeit und Charakter verleiht\",\"breadcrumb\":{\"@id\":\"https:\/\/peakart.co.uk\/de\/produkt\/rustikale-statement-wanduhr\/#breadcrumb\"},\"inLanguage\":\"de\",\"potentialAction\":[{\"@type\":\"ReadAction\",\"target\":[\"https:\/\/peakart.co.uk\/de\/produkt\/rustikale-statement-wanduhr\/\"]}]},{\"@type\":\"ImageObject\",\"inLanguage\":\"de\",\"@id\":\"https:\/\/peakart.co.uk\/de\/produkt\/rustikale-statement-wanduhr\/#primaryimage\",\"url\":\"https:\/\/peakart.co.uk\/wp-content\/uploads\/2015\/07\/Rustic-zoom-1.jpg\",\"contentUrl\":\"https:\/\/peakart.co.uk\/wp-content\/uploads\/2015\/07\/Rustic-zoom-1.jpg\",\"width\":500,\"height\":500},{\"@type\":\"BreadcrumbList\",\"@id\":\"https:\/\/peakart.co.uk\/de\/produkt\/rustikale-statement-wanduhr\/#breadcrumb\",\"itemListElement\":[{\"@type\":\"ListItem\",\"position\":1,\"name\":\"Home\",\"item\":\"https:\/\/peakart.co.uk\/de\/\"},{\"@type\":\"ListItem\",\"position\":2,\"name\":\"Shop\",\"item\":\"https:\/\/peakart.co.uk\/de\/shop\/\"},{\"@type\":\"ListItem\",\"position\":3,\"name\":\"Rustikale handgemachte Statement Wanduhr\"}]},{\"@type\":\"WebSite\",\"@id\":\"https:\/\/peakart.co.uk\/de\/#website\",\"url\":\"https:\/\/peakart.co.uk\/de\/\",\"name\":\"Peak Art\",\"description\":\"\",\"publisher\":{\"@id\":\"https:\/\/peakart.co.uk\/de\/#organization\"},\"potentialAction\":[{\"@type\":\"SearchAction\",\"target\":{\"@type\":\"EntryPoint\",\"urlTemplate\":\"https:\/\/peakart.co.uk\/de\/?s={search_term_string}\"},\"query-input\":{\"@type\":\"PropertyValueSpecification\",\"valueRequired\":true,\"valueName\":\"search_term_string\"}}],\"inLanguage\":\"de\"},{\"@type\":\"Organization\",\"@id\":\"https:\/\/peakart.co.uk\/de\/#organization\",\"name\":\"Peak Art\",\"url\":\"https:\/\/peakart.co.uk\/de\/\",\"logo\":{\"@type\":\"ImageObject\",\"inLanguage\":\"de\",\"@id\":\"https:\/\/peakart.co.uk\/de\/#\/schema\/logo\/image\/\",\"url\":\"https:\/\/peakart.co.uk\/wp-content\/uploads\/2023\/07\/logo-8.jpg\",\"contentUrl\":\"https:\/\/peakart.co.uk\/wp-content\/uploads\/2023\/07\/logo-8.jpg\",\"width\":666,\"height\":259,\"caption\":\"Peak Art\"},\"image\":{\"@id\":\"https:\/\/peakart.co.uk\/de\/#\/schema\/logo\/image\/\"},\"sameAs\":[\"https:\/\/www.facebook.com\/PeakArtClocks\/\"],\"hasMerchantReturnPolicy\":{\"@type\":\"MerchantReturnPolicy\",\"merchantReturnLink\":\"https:\/\/peakart.co.uk\/refund_returns\/\"}}]}<\/script>\n<meta property=\"og:availability\" content=\"instock\" \/>\n<meta property=\"product:availability\" content=\"instock\" \/>\n<meta property=\"product:retailer_item_id\" content=\"PEAKART-86513\" \/>\n<meta property=\"product:condition\" content=\"new\" \/>\n<!-- \/ Yoast SEO Premium plugin. -->","yoast_head_json":{"title":"40 Zoll Statement-Wanduhr Klassik Rustikal mit r\u00f6mischen Ziffern","description":"Die Klassik Rustikal ist eine handgefertigte Statement-Wanduhr mit r\u00f6mischen Ziffern, die entworfen wurde, um ein Kernst\u00fcck in Ihrem Wohnzimmer zu sein, das ihm Einzigartigkeit und Charakter verleiht","robots":{"index":"index","follow":"follow","max-snippet":"max-snippet:-1","max-image-preview":"max-image-preview:large","max-video-preview":"max-video-preview:-1"},"canonical":"https:\/\/peakart.co.uk\/de\/produkt\/rustikale-statement-wanduhr\/","og_locale":"de_DE","og_type":"article","og_title":"Rustikale handgemachte Statement Wanduhr","og_description":"Die Klassik Rustikal ist eine handgefertigte Statement-Wanduhr mit r\u00f6mischen Ziffern, die entworfen wurde, um ein Kernst\u00fcck in Ihrem Wohnzimmer zu sein, das ihm Einzigartigkeit und Charakter verleiht","og_url":"https:\/\/peakart.co.uk\/de\/produkt\/rustikale-statement-wanduhr\/","og_site_name":"Peak Art","article_publisher":"https:\/\/www.facebook.com\/PeakArtClocks\/","article_modified_time":"2023-03-25T22:04:21+00:00","og_image":[{"width":500,"height":500,"url":"https:\/\/peakart.co.uk\/wp-content\/uploads\/2015\/07\/Rustic-zoom-1.jpg","type":"image\/jpeg"}],"twitter_card":"summary_large_image","twitter_misc":{"Verf\u00fcgbarkeit":"Auf Lager"},"schema":{"@context":"https:\/\/schema.org","@graph":[{"@type":"WebPage","@id":"https:\/\/peakart.co.uk\/de\/produkt\/rustikale-statement-wanduhr\/","url":"https:\/\/peakart.co.uk\/de\/produkt\/rustikale-statement-wanduhr\/","name":"40 Zoll Statement-Wanduhr Klassik Rustikal mit r\u00f6mischen Ziffern","isPartOf":{"@id":"https:\/\/peakart.co.uk\/de\/#website"},"primaryImageOfPage":{"@id":"https:\/\/peakart.co.uk\/de\/produkt\/rustikale-statement-wanduhr\/#primaryimage"},"image":{"@id":"https:\/\/peakart.co.uk\/de\/produkt\/rustikale-statement-wanduhr\/#primaryimage"},"thumbnailUrl":"https:\/\/peakart.co.uk\/wp-content\/uploads\/2015\/07\/Rustic-zoom-1.jpg","datePublished":"2017-10-26T19:43:08+00:00","dateModified":"2023-03-25T22:04:21+00:00","description":"Die Klassik Rustikal ist eine handgefertigte Statement-Wanduhr mit r\u00f6mischen Ziffern, die entworfen wurde, um ein Kernst\u00fcck in Ihrem Wohnzimmer zu sein, das ihm Einzigartigkeit und Charakter verleiht","breadcrumb":{"@id":"https:\/\/peakart.co.uk\/de\/produkt\/rustikale-statement-wanduhr\/#breadcrumb"},"inLanguage":"de","potentialAction":[{"@type":"ReadAction","target":["https:\/\/peakart.co.uk\/de\/produkt\/rustikale-statement-wanduhr\/"]}]},{"@type":"ImageObject","inLanguage":"de","@id":"https:\/\/peakart.co.uk\/de\/produkt\/rustikale-statement-wanduhr\/#primaryimage","url":"https:\/\/peakart.co.uk\/wp-content\/uploads\/2015\/07\/Rustic-zoom-1.jpg","contentUrl":"https:\/\/peakart.co.uk\/wp-content\/uploads\/2015\/07\/Rustic-zoom-1.jpg","width":500,"height":500},{"@type":"BreadcrumbList","@id":"https:\/\/peakart.co.uk\/de\/produkt\/rustikale-statement-wanduhr\/#breadcrumb","itemListElement":[{"@type":"ListItem","position":1,"name":"Home","item":"https:\/\/peakart.co.uk\/de\/"},{"@type":"ListItem","position":2,"name":"Shop","item":"https:\/\/peakart.co.uk\/de\/shop\/"},{"@type":"ListItem","position":3,"name":"Rustikale handgemachte Statement Wanduhr"}]},{"@type":"WebSite","@id":"https:\/\/peakart.co.uk\/de\/#website","url":"https:\/\/peakart.co.uk\/de\/","name":"Peak Art","description":"","publisher":{"@id":"https:\/\/peakart.co.uk\/de\/#organization"},"potentialAction":[{"@type":"SearchAction","target":{"@type":"EntryPoint","urlTemplate":"https:\/\/peakart.co.uk\/de\/?s={search_term_string}"},"query-input":{"@type":"PropertyValueSpecification","valueRequired":true,"valueName":"search_term_string"}}],"inLanguage":"de"},{"@type":"Organization","@id":"https:\/\/peakart.co.uk\/de\/#organization","name":"Peak Art","url":"https:\/\/peakart.co.uk\/de\/","logo":{"@type":"ImageObject","inLanguage":"de","@id":"https:\/\/peakart.co.uk\/de\/#\/schema\/logo\/image\/","url":"https:\/\/peakart.co.uk\/wp-content\/uploads\/2023\/07\/logo-8.jpg","contentUrl":"https:\/\/peakart.co.uk\/wp-content\/uploads\/2023\/07\/logo-8.jpg","width":666,"height":259,"caption":"Peak Art"},"image":{"@id":"https:\/\/peakart.co.uk\/de\/#\/schema\/logo\/image\/"},"sameAs":["https:\/\/www.facebook.com\/PeakArtClocks\/"],"hasMerchantReturnPolicy":{"@type":"MerchantReturnPolicy","merchantReturnLink":"https:\/\/peakart.co.uk\/refund_returns\/"}}]},"og_availability":"instock","product_availability":"instock","product_retailer_item_id":"PEAKART-86513","product_condition":"new"},"_links":{"self":[{"href":"https:\/\/peakart.co.uk\/de\/wp-json\/wp\/v2\/product\/7081","targetHints":{"allow":["GET"]}}],"collection":[{"href":"https:\/\/peakart.co.uk\/de\/wp-json\/wp\/v2\/product"}],"about":[{"href":"https:\/\/peakart.co.uk\/de\/wp-json\/wp\/v2\/types\/product"}],"replies":[{"embeddable":true,"href":"https:\/\/peakart.co.uk\/de\/wp-json\/wp\/v2\/comments?post=7081"}],"wp:featuredmedia":[{"embeddable":true,"href":"https:\/\/peakart.co.uk\/de\/wp-json\/wp\/v2\/media\/32345"}],"wp:attachment":[{"href":"https:\/\/peakart.co.uk\/de\/wp-json\/wp\/v2\/media?parent=7081"}],"wp:term":[{"taxonomy":"product_brand","embeddable":true,"href":"https:\/\/peakart.co.uk\/de\/wp-json\/wp\/v2\/product_brand?post=7081"},{"taxonomy":"product_cat","embeddable":true,"href":"https:\/\/peakart.co.uk\/de\/wp-json\/wp\/v2\/product_cat?post=7081"},{"taxonomy":"product_tag","embeddable":true,"href":"https:\/\/peakart.co.uk\/de\/wp-json\/wp\/v2\/product_tag?post=7081"}],"curies":[{"name":"wp","href":"https:\/\/api.w.org\/{rel}","templated":true}]}}