{"id":6849,"date":"2015-10-01T10:52:28","date_gmt":"2017-10-16T13:13:33","guid":{"rendered":"http:\/\/peakart.co.uk\/product\/grose-und-einzigartige-designer-wanduhr-aus-kunstlerhand\/"},"modified":"2023-03-25T22:01:56","modified_gmt":"2023-03-25T22:01:56","slug":"grose-designer-wanduhr","status":"publish","type":"product","link":"https:\/\/peakart.co.uk\/de\/produkt\/grose-designer-wanduhr\/","title":{"rendered":"Gro\u00dfe Designer-Wanduhr aus Holz"},"content":{"rendered":"<h2>Gro\u00dfe Designer-Wanduhr &#8211; handgefertigt | k\u00fcnstlerisch | aus Holz<\/h2>\n<p>Der &#8220;Alte Segler&#8221; ist die au\u00dfergew\u00f6hnlichste Designeruhr, die von Hand durch eine leidenschaftliche K\u00fcnstlerin gefertigt wurde. Diese sch\u00f6ne, in ihrer Art einmalige Uhr ist aus zwei gro\u00dfen Fichtenholzplatten ges\u00e4gt, was ihr nat\u00fcrliche Sch\u00f6nheit und Charakter verleiht. Diese Uhr hat keine herk\u00f6mmlichen r\u00f6mischen Ziffern, statt dessen k\u00f6nnen Sie ihre geschnitzten Formen und nach Wunsch gefertigtes Zifferblatt bestaunen.<\/p>\n<p>Suchen Sie nach einer Alternative zu gew\u00f6hnlichen Bildern an der Wand? Etwas, das unglaublich eindrucksvoll, dreidimensional und in seiner Art einmalig ist? Haben Sie eine extra gro\u00dfe, handgefertigte Wanduhr in Erw\u00e4gung gezogen, die das besagte Design und einen distinguierten Charakter besitzt?<\/p>\n<p>Die &#8220;Alter Segler&#8221; ist nicht nur ein einzigartiges Kunstwerk mit Aussage, sondern auch eine au\u00dfergew\u00f6hnliche und frische Idee zur Dekoration Ihres Heims. Sie k\u00f6nnen in diesem <a href=\"https:\/\/peakart.co.uk\/de\/blog-post\/designer-wanduhren\/\">Artikel \u00fcber gro\u00dfe Designer-Uhren<\/a> dar\u00fcber lesen und Ihre Kommentare hinterlassen.<\/p>\n<p>Der Antrieb besteht aus einem sehr starken Sweep-Quarzuhrwerk, das durch eine einzelne Babyzelle gespeist wird. Die Uhr wird mit abmontierten Zeigern geliefert, um jegliche Besch\u00e4digungen auf dem Transport zu vermeiden. Eine vollst\u00e4ndige Anleitung, wie man die Zeiger anbringt und die Zeit einstellt, liegt bei. Sie k\u00f6nnen auch dieses kurze <a href=\"https:\/\/www.youtube.com\/watch?v=08Tq0lKFs30\">Video anschauen, in dem ich die Einstellung der Zeit demonstriere<\/a>.<\/p>\n<p>Alle unsere stilvollen Wanduhren sind von Hand gefertigt und einzeln handbemalt, was sie dazu pr\u00e4destiniert, zu Attraktionen der Aufmerksamkeit in Ihrem Zuhause, B\u00fcro oder Luxushotel zu werden. Egal wo Sie sich entscheiden, sie aufzuh\u00e4ngen: Jede dieser Uhren wird jeden beeindrucken, der sie zu sehen bekommt.<\/p>\n<p>Folgen Sie nicht den alten Gewohnheiten &#8211; fordern Sie die bestehenden modischen Trends heraus und machen Sie die \u00fcbergro\u00dfen Designer-Wanduhren von Peak Art zur neuen Mode. Peak Art ist F\u00fchrer auf diesem Nischenmarkt und garantiert Ihnen die beste Qualit\u00e4t seiner Produkte und einen hervorragenden Kundendienst, wenn Sie bei uns kaufen.<\/p>\n","protected":false},"excerpt":{"rendered":"<p>Die einzigartige Designeruhr Alter Segler istt von Hand aus zwei gro\u00dfen Fichtenholzplatten gefertigt. Das Zifferblatt mit seinem distinguierten Charakter und einmaligen Figuren sieht auf handbemaltem und geschnitztem Hintergrund erstaunlich aus. Mit einem Gesamtdurchmesser von 100 cm wird der Alte Segler der Mittelpunkt aller Aufmerksamkeit Ihrer stilvollen Einrichtung werden.<\/p>\n<p><strong>Video<\/strong> &#8211; <a href=\"https:\/\/www.youtube.com\/watch?v=fxvz5YXXGWI\">Die gro\u00dfe Designer-Wanduhr auf Youtube<\/a><\/p>\n<p><strong>Entworfen und handgefertigt<\/strong> &#8211; Anna Siodelska, Vereinigtes K\u00f6nigreich<\/p>\n<p><strong>Farbe des Zifferblatts<\/strong> &#8211; Jacobi-Eiche<\/p>\n<p><strong>Hintergrundfarbe<\/strong> &#8211; Eiche<\/p>\n","protected":false},"featured_media":31095,"comment_status":"open","ping_status":"closed","template":"","meta":[],"product_brand":[],"product_cat":[80],"product_tag":[83,82],"class_list":{"0":"post-6849","1":"product","2":"type-product","3":"status-publish","4":"has-post-thumbnail","6":"product_cat-grosse-wanduhren-handgefertigt","7":"product_tag-grosse-dekorative-wanduhren","8":"product_tag-grosse-kuenstlerische-wanduhren","10":"first","11":"outofstock","12":"taxable","13":"shipping-taxable","14":"product-type-variable"},"yoast_head":"<!-- This site is optimized with the Yoast SEO Premium plugin v27.2 (Yoast SEO v27.2) - https:\/\/yoast.com\/product\/yoast-seo-premium-wordpress\/ -->\n<title>Gro\u00dfe, einmalige Designer-Uhr | Handgefertigter, luxuri\u00f6ser Zeitmesser<\/title>\n<meta name=\"description\" content=\"Diese sehr gro\u00dfe und ungew\u00f6hnliche Designeruhr wird Gegenstand zahlreicher Gespr\u00e4che mit Ihren G\u00e4sten werden, die ihre nat\u00fcrliche Sch\u00f6nheit und Einzigartigkeit bewundern.\" \/>\n<meta name=\"robots\" content=\"index, follow, max-snippet:-1, max-image-preview:large, max-video-preview:-1\" \/>\n<link rel=\"canonical\" href=\"https:\/\/peakart.co.uk\/de\/produkt\/grose-designer-wanduhr\/\" \/>\n<meta property=\"og:locale\" content=\"de_DE\" \/>\n<meta property=\"og:type\" content=\"article\" \/>\n<meta property=\"og:title\" content=\"Gro\u00dfe Designer-Wanduhr aus Holz\" \/>\n<meta property=\"og:description\" content=\"Diese sehr gro\u00dfe und ungew\u00f6hnliche Designeruhr wird Gegenstand zahlreicher Gespr\u00e4che mit Ihren G\u00e4sten werden, die ihre nat\u00fcrliche Sch\u00f6nheit und Einzigartigkeit bewundern.\" \/>\n<meta property=\"og:url\" content=\"https:\/\/peakart.co.uk\/de\/produkt\/grose-designer-wanduhr\/\" \/>\n<meta property=\"og:site_name\" content=\"Peak Art\" \/>\n<meta property=\"article:publisher\" content=\"https:\/\/www.facebook.com\/PeakArtClocks\/\" \/>\n<meta property=\"article:modified_time\" content=\"2023-03-25T22:01:56+00:00\" \/>\n<meta property=\"og:image\" content=\"https:\/\/peakart.co.uk\/wp-content\/uploads\/2015\/10\/Large-Designer-Wall-Clock-Front.jpg\" \/>\n\t<meta property=\"og:image:width\" content=\"500\" \/>\n\t<meta property=\"og:image:height\" content=\"500\" \/>\n\t<meta property=\"og:image:type\" content=\"image\/jpeg\" \/>\n<meta name=\"twitter:card\" content=\"summary_large_image\" \/>\n<meta name=\"twitter:label1\" content=\"Verf\u00fcgbarkeit\" \/>\n\t<meta name=\"twitter:data1\" content=\"ausverkauft\" \/>\n<script type=\"application\/ld+json\" class=\"yoast-schema-graph\">{\"@context\":\"https:\/\/schema.org\",\"@graph\":[{\"@type\":\"WebPage\",\"@id\":\"https:\/\/peakart.co.uk\/de\/produkt\/grose-designer-wanduhr\/\",\"url\":\"https:\/\/peakart.co.uk\/de\/produkt\/grose-designer-wanduhr\/\",\"name\":\"Gro\u00dfe, einmalige Designer-Uhr | Handgefertigter, luxuri\u00f6ser Zeitmesser\",\"isPartOf\":{\"@id\":\"https:\/\/peakart.co.uk\/de\/#website\"},\"primaryImageOfPage\":{\"@id\":\"https:\/\/peakart.co.uk\/de\/produkt\/grose-designer-wanduhr\/#primaryimage\"},\"image\":{\"@id\":\"https:\/\/peakart.co.uk\/de\/produkt\/grose-designer-wanduhr\/#primaryimage\"},\"thumbnailUrl\":\"https:\/\/peakart.co.uk\/wp-content\/uploads\/2015\/10\/Large-Designer-Wall-Clock-Front.jpg\",\"datePublished\":\"2017-10-16T13:13:33+00:00\",\"dateModified\":\"2023-03-25T22:01:56+00:00\",\"description\":\"Diese sehr gro\u00dfe und ungew\u00f6hnliche Designeruhr wird Gegenstand zahlreicher Gespr\u00e4che mit Ihren G\u00e4sten werden, die ihre nat\u00fcrliche Sch\u00f6nheit und Einzigartigkeit bewundern.\",\"breadcrumb\":{\"@id\":\"https:\/\/peakart.co.uk\/de\/produkt\/grose-designer-wanduhr\/#breadcrumb\"},\"inLanguage\":\"de\",\"potentialAction\":[{\"@type\":\"ReadAction\",\"target\":[\"https:\/\/peakart.co.uk\/de\/produkt\/grose-designer-wanduhr\/\"]}]},{\"@type\":\"ImageObject\",\"inLanguage\":\"de\",\"@id\":\"https:\/\/peakart.co.uk\/de\/produkt\/grose-designer-wanduhr\/#primaryimage\",\"url\":\"https:\/\/peakart.co.uk\/wp-content\/uploads\/2015\/10\/Large-Designer-Wall-Clock-Front.jpg\",\"contentUrl\":\"https:\/\/peakart.co.uk\/wp-content\/uploads\/2015\/10\/Large-Designer-Wall-Clock-Front.jpg\",\"width\":500,\"height\":500,\"caption\":\"Peak Art - Old Clipper\"},{\"@type\":\"BreadcrumbList\",\"@id\":\"https:\/\/peakart.co.uk\/de\/produkt\/grose-designer-wanduhr\/#breadcrumb\",\"itemListElement\":[{\"@type\":\"ListItem\",\"position\":1,\"name\":\"Home\",\"item\":\"https:\/\/peakart.co.uk\/de\/\"},{\"@type\":\"ListItem\",\"position\":2,\"name\":\"Shop\",\"item\":\"https:\/\/peakart.co.uk\/de\/shop\/\"},{\"@type\":\"ListItem\",\"position\":3,\"name\":\"Gro\u00dfe Designer-Wanduhr aus Holz\"}]},{\"@type\":\"WebSite\",\"@id\":\"https:\/\/peakart.co.uk\/de\/#website\",\"url\":\"https:\/\/peakart.co.uk\/de\/\",\"name\":\"Peak Art\",\"description\":\"\",\"publisher\":{\"@id\":\"https:\/\/peakart.co.uk\/de\/#organization\"},\"potentialAction\":[{\"@type\":\"SearchAction\",\"target\":{\"@type\":\"EntryPoint\",\"urlTemplate\":\"https:\/\/peakart.co.uk\/de\/?s={search_term_string}\"},\"query-input\":{\"@type\":\"PropertyValueSpecification\",\"valueRequired\":true,\"valueName\":\"search_term_string\"}}],\"inLanguage\":\"de\"},{\"@type\":\"Organization\",\"@id\":\"https:\/\/peakart.co.uk\/de\/#organization\",\"name\":\"Peak Art\",\"url\":\"https:\/\/peakart.co.uk\/de\/\",\"logo\":{\"@type\":\"ImageObject\",\"inLanguage\":\"de\",\"@id\":\"https:\/\/peakart.co.uk\/de\/#\/schema\/logo\/image\/\",\"url\":\"https:\/\/peakart.co.uk\/wp-content\/uploads\/2023\/07\/logo-8.jpg\",\"contentUrl\":\"https:\/\/peakart.co.uk\/wp-content\/uploads\/2023\/07\/logo-8.jpg\",\"width\":666,\"height\":259,\"caption\":\"Peak Art\"},\"image\":{\"@id\":\"https:\/\/peakart.co.uk\/de\/#\/schema\/logo\/image\/\"},\"sameAs\":[\"https:\/\/www.facebook.com\/PeakArtClocks\/\"],\"hasMerchantReturnPolicy\":{\"@type\":\"MerchantReturnPolicy\",\"merchantReturnLink\":\"https:\/\/peakart.co.uk\/refund_returns\/\"}}]}<\/script>\n<meta property=\"og:availability\" content=\"out of stock\" \/>\n<meta property=\"product:availability\" content=\"out of stock\" \/>\n<meta property=\"product:retailer_item_id\" content=\"PEAKART-39973\" \/>\n<meta property=\"product:condition\" content=\"new\" \/>\n<!-- \/ Yoast SEO Premium plugin. -->","yoast_head_json":{"title":"Gro\u00dfe, einmalige Designer-Uhr | Handgefertigter, luxuri\u00f6ser Zeitmesser","description":"Diese sehr gro\u00dfe und ungew\u00f6hnliche Designeruhr wird Gegenstand zahlreicher Gespr\u00e4che mit Ihren G\u00e4sten werden, die ihre nat\u00fcrliche Sch\u00f6nheit und Einzigartigkeit bewundern.","robots":{"index":"index","follow":"follow","max-snippet":"max-snippet:-1","max-image-preview":"max-image-preview:large","max-video-preview":"max-video-preview:-1"},"canonical":"https:\/\/peakart.co.uk\/de\/produkt\/grose-designer-wanduhr\/","og_locale":"de_DE","og_type":"article","og_title":"Gro\u00dfe Designer-Wanduhr aus Holz","og_description":"Diese sehr gro\u00dfe und ungew\u00f6hnliche Designeruhr wird Gegenstand zahlreicher Gespr\u00e4che mit Ihren G\u00e4sten werden, die ihre nat\u00fcrliche Sch\u00f6nheit und Einzigartigkeit bewundern.","og_url":"https:\/\/peakart.co.uk\/de\/produkt\/grose-designer-wanduhr\/","og_site_name":"Peak Art","article_publisher":"https:\/\/www.facebook.com\/PeakArtClocks\/","article_modified_time":"2023-03-25T22:01:56+00:00","og_image":[{"width":500,"height":500,"url":"https:\/\/peakart.co.uk\/wp-content\/uploads\/2015\/10\/Large-Designer-Wall-Clock-Front.jpg","type":"image\/jpeg"}],"twitter_card":"summary_large_image","twitter_misc":{"Verf\u00fcgbarkeit":"ausverkauft"},"schema":{"@context":"https:\/\/schema.org","@graph":[{"@type":"WebPage","@id":"https:\/\/peakart.co.uk\/de\/produkt\/grose-designer-wanduhr\/","url":"https:\/\/peakart.co.uk\/de\/produkt\/grose-designer-wanduhr\/","name":"Gro\u00dfe, einmalige Designer-Uhr | Handgefertigter, luxuri\u00f6ser Zeitmesser","isPartOf":{"@id":"https:\/\/peakart.co.uk\/de\/#website"},"primaryImageOfPage":{"@id":"https:\/\/peakart.co.uk\/de\/produkt\/grose-designer-wanduhr\/#primaryimage"},"image":{"@id":"https:\/\/peakart.co.uk\/de\/produkt\/grose-designer-wanduhr\/#primaryimage"},"thumbnailUrl":"https:\/\/peakart.co.uk\/wp-content\/uploads\/2015\/10\/Large-Designer-Wall-Clock-Front.jpg","datePublished":"2017-10-16T13:13:33+00:00","dateModified":"2023-03-25T22:01:56+00:00","description":"Diese sehr gro\u00dfe und ungew\u00f6hnliche Designeruhr wird Gegenstand zahlreicher Gespr\u00e4che mit Ihren G\u00e4sten werden, die ihre nat\u00fcrliche Sch\u00f6nheit und Einzigartigkeit bewundern.","breadcrumb":{"@id":"https:\/\/peakart.co.uk\/de\/produkt\/grose-designer-wanduhr\/#breadcrumb"},"inLanguage":"de","potentialAction":[{"@type":"ReadAction","target":["https:\/\/peakart.co.uk\/de\/produkt\/grose-designer-wanduhr\/"]}]},{"@type":"ImageObject","inLanguage":"de","@id":"https:\/\/peakart.co.uk\/de\/produkt\/grose-designer-wanduhr\/#primaryimage","url":"https:\/\/peakart.co.uk\/wp-content\/uploads\/2015\/10\/Large-Designer-Wall-Clock-Front.jpg","contentUrl":"https:\/\/peakart.co.uk\/wp-content\/uploads\/2015\/10\/Large-Designer-Wall-Clock-Front.jpg","width":500,"height":500,"caption":"Peak Art - Old Clipper"},{"@type":"BreadcrumbList","@id":"https:\/\/peakart.co.uk\/de\/produkt\/grose-designer-wanduhr\/#breadcrumb","itemListElement":[{"@type":"ListItem","position":1,"name":"Home","item":"https:\/\/peakart.co.uk\/de\/"},{"@type":"ListItem","position":2,"name":"Shop","item":"https:\/\/peakart.co.uk\/de\/shop\/"},{"@type":"ListItem","position":3,"name":"Gro\u00dfe Designer-Wanduhr aus Holz"}]},{"@type":"WebSite","@id":"https:\/\/peakart.co.uk\/de\/#website","url":"https:\/\/peakart.co.uk\/de\/","name":"Peak Art","description":"","publisher":{"@id":"https:\/\/peakart.co.uk\/de\/#organization"},"potentialAction":[{"@type":"SearchAction","target":{"@type":"EntryPoint","urlTemplate":"https:\/\/peakart.co.uk\/de\/?s={search_term_string}"},"query-input":{"@type":"PropertyValueSpecification","valueRequired":true,"valueName":"search_term_string"}}],"inLanguage":"de"},{"@type":"Organization","@id":"https:\/\/peakart.co.uk\/de\/#organization","name":"Peak Art","url":"https:\/\/peakart.co.uk\/de\/","logo":{"@type":"ImageObject","inLanguage":"de","@id":"https:\/\/peakart.co.uk\/de\/#\/schema\/logo\/image\/","url":"https:\/\/peakart.co.uk\/wp-content\/uploads\/2023\/07\/logo-8.jpg","contentUrl":"https:\/\/peakart.co.uk\/wp-content\/uploads\/2023\/07\/logo-8.jpg","width":666,"height":259,"caption":"Peak Art"},"image":{"@id":"https:\/\/peakart.co.uk\/de\/#\/schema\/logo\/image\/"},"sameAs":["https:\/\/www.facebook.com\/PeakArtClocks\/"],"hasMerchantReturnPolicy":{"@type":"MerchantReturnPolicy","merchantReturnLink":"https:\/\/peakart.co.uk\/refund_returns\/"}}]},"og_availability":"out of stock","product_availability":"out of stock","product_retailer_item_id":"PEAKART-39973","product_condition":"new"},"_links":{"self":[{"href":"https:\/\/peakart.co.uk\/de\/wp-json\/wp\/v2\/product\/6849","targetHints":{"allow":["GET"]}}],"collection":[{"href":"https:\/\/peakart.co.uk\/de\/wp-json\/wp\/v2\/product"}],"about":[{"href":"https:\/\/peakart.co.uk\/de\/wp-json\/wp\/v2\/types\/product"}],"replies":[{"embeddable":true,"href":"https:\/\/peakart.co.uk\/de\/wp-json\/wp\/v2\/comments?post=6849"}],"wp:featuredmedia":[{"embeddable":true,"href":"https:\/\/peakart.co.uk\/de\/wp-json\/wp\/v2\/media\/31095"}],"wp:attachment":[{"href":"https:\/\/peakart.co.uk\/de\/wp-json\/wp\/v2\/media?parent=6849"}],"wp:term":[{"taxonomy":"product_brand","embeddable":true,"href":"https:\/\/peakart.co.uk\/de\/wp-json\/wp\/v2\/product_brand?post=6849"},{"taxonomy":"product_cat","embeddable":true,"href":"https:\/\/peakart.co.uk\/de\/wp-json\/wp\/v2\/product_cat?post=6849"},{"taxonomy":"product_tag","embeddable":true,"href":"https:\/\/peakart.co.uk\/de\/wp-json\/wp\/v2\/product_tag?post=6849"}],"curies":[{"name":"wp","href":"https:\/\/api.w.org\/{rel}","templated":true}]}}