{"id":6800,"date":"2017-10-13T10:04:38","date_gmt":"2017-10-13T09:04:43","guid":{"rendered":"http:\/\/peakart.co.uk\/?post_type=product&#038;p=6800"},"modified":"2023-03-23T22:20:31","modified_gmt":"2023-03-23T22:20:31","slug":"grose-dekorative-wanduhr","status":"publish","type":"product","link":"https:\/\/peakart.co.uk\/de\/produkt\/grose-dekorative-wanduhr\/","title":{"rendered":"Sch\u00f6ne gro\u00dfe dekorative Wanduhr"},"content":{"rendered":"<h2>Sch\u00f6ne gro\u00dfe dekorative Wanduhr mit r\u00f6mischen Zahlzeichen<\/h2>\n<p>W\u00e4hrend der Online-Markt mit billigen Produkten aus der Fabrik \u00fcberschwemmt wird, die alle gleich aussehen, und verschiedene Hersteller um den g\u00fcnstigsten Preis konkurrieren, gehen wir bei Peak Art in die andere Richtung. Jede der gro\u00dfen Wanduhren aus unserer Sammlung wird als Einzelst\u00fcck gefertigt, damit Sie aus der Menge herausragen k\u00f6nnen. Diese rustikal wirkende Uhr ist aus zwei gro\u00dfen Fichtenholzplatten gefertigt, handgeschnitzt, handbemalt und zusammengeschraubt, um f\u00fcr einen starken &#8220;Wow!&#8221;-Effekt zu sorgen.<\/p>\n<p>Die sehr eindrucksvollen, gro\u00dfen r\u00f6mischen Ziffern wurden in dunkler Graphitfarbe bemalt, um gut mit dem \u00fcppigen goldenen Hintergrund zu kontrastieren. Sie m\u00fcssen keine Sorge haben, dass Sie die Wand aufbohren m\u00fcssen, um eine Stromversorgung zu legen \u2013 diese Uhr braucht lediglich eine einzige Babyzelle, die problemlos 9\u201312 Monate halten sollte.<\/p>\n<p>Was Peak Art im Vergleich zu allen anderen Herstellern der Welt herausragen l\u00e4\u00dft, die gro\u00dfe, dekorative Wanduhren anbieten? Unser haupts\u00e4chliches Ziel ist kein hoher Umsatz oder Kostensenkung, um den Profit zu steigern. Wir wollen einfach die Art \u00e4ndern, wie Leute \u00fcber Uhren als blo\u00dfe Zeitanzeiger denken. Wir wollen, dass die Leute unsere massiven, handgefertigten Uhren als alternative Art sehen, einen gro\u00dfen Raum an der Wand mit einem dreidimensionalen, funktionalen Kunstwerk zu schm\u00fccken.<\/p>\n<p>&nbsp;<\/p>\n<p>&nbsp;<\/p>\n","protected":false},"excerpt":{"rendered":"<p>Eine sehr beeindruckende <strong>rustikale Wanduhr in Gold und Graphit<\/strong>, die distinguierte Aussagekraft in Ihre Wohnungseinrichtung bringt. Eines der schwelgerischsten Designs in unserem Online-Shop, das sehr gut zu Leuten mit erlesenem und teurem Geschmack passen w\u00fcrde. Gro\u00dfe, dunkle r\u00f6mische Zahlzeichen kontrastieren h\u00fcbsch mit dem \u00fcppigen goldenen Hintergrund.<\/p>\n<p><strong>Entworfen und handgefertigt<\/strong> \u2013 Anna Siodelska, Vereinigtes K\u00f6nigreich<\/p>\n<p><strong>Farbe des Zifferblattes<\/strong> \u2013 rustikal Graphit \/ Eibe<\/p>\n<p><strong>Farbe des Hintergrundes<\/strong> \u2013 rustikal, goldfarben<\/p>\n<p><strong>Anmerkung \u2013 <\/strong> Bei der Uhr mit Durchmesser 75 cm (30 Zoll) haben die Zahlzeichen eine leicht abweichende Form, damit sie nicht zu d\u00fcnn werden. Ein Beispielbild mit abweichendem Design finden Sie <a href=\"https:\/\/peakart.co.uk\/wp-content\/uploads\/2017\/09\/Unique-Large-Rustic-Grey-Wooden-Wall-Clock-Left.jpg\">hier<\/a><\/p>\n","protected":false},"featured_media":32683,"comment_status":"closed","ping_status":"closed","template":"","meta":[],"product_brand":[],"product_cat":[80],"product_tag":[83,87,2139,82,89],"class_list":{"0":"post-6800","1":"product","2":"type-product","3":"status-publish","4":"has-post-thumbnail","6":"product_cat-grosse-wanduhren-handgefertigt","7":"product_tag-grosse-dekorative-wanduhren","8":"product_tag-wanduhren-mit-roemischen-zahlzeichen","9":"product_tag-grose-wanduhren","10":"product_tag-grosse-kuenstlerische-wanduhren","11":"product_tag-schabige-schicke-wanduhren","13":"first","14":"instock","15":"sale","16":"featured","17":"taxable","18":"shipping-taxable","19":"purchasable","20":"product-type-variable"},"yoast_head":"<!-- This site is optimized with the Yoast SEO Premium plugin v27.2 (Yoast SEO v27.2) - https:\/\/yoast.com\/product\/yoast-seo-premium-wordpress\/ -->\n<title>Gro\u00dfe, rustikale Wanduhr in Gold und Graphit | R\u00f6mische Zahlzeichen<\/title>\n<meta name=\"description\" content=\"Diese beeindruckende, handgefertigte Uhr ist gedacht f\u00fcr Leute mit kostspieligem Geschmack, wenn es um Wanddekoration geht. Sie zeigt gro\u00dfe r\u00f6mische Zahlzeichen vor goldenem Hintergrund\" \/>\n<meta name=\"robots\" content=\"index, follow, max-snippet:-1, max-image-preview:large, max-video-preview:-1\" \/>\n<link rel=\"canonical\" href=\"https:\/\/peakart.co.uk\/de\/produkt\/grose-dekorative-wanduhr\/\" \/>\n<meta property=\"og:locale\" content=\"de_DE\" \/>\n<meta property=\"og:type\" content=\"article\" \/>\n<meta property=\"og:title\" content=\"Sch\u00f6ne gro\u00dfe dekorative Wanduhr\" \/>\n<meta property=\"og:description\" content=\"Diese beeindruckende, handgefertigte Uhr ist gedacht f\u00fcr Leute mit kostspieligem Geschmack, wenn es um Wanddekoration geht. Sie zeigt gro\u00dfe r\u00f6mische Zahlzeichen vor goldenem Hintergrund\" \/>\n<meta property=\"og:url\" content=\"https:\/\/peakart.co.uk\/de\/produkt\/grose-dekorative-wanduhr\/\" \/>\n<meta property=\"og:site_name\" content=\"Peak Art\" \/>\n<meta property=\"article:publisher\" content=\"https:\/\/www.facebook.com\/PeakArtClocks\/\" \/>\n<meta property=\"article:modified_time\" content=\"2023-03-23T22:20:31+00:00\" \/>\n<meta property=\"og:image\" content=\"https:\/\/peakart.co.uk\/wp-content\/uploads\/2017\/10\/Large-Rustic-Handmade-Roman-Numeral-Wooden-Wall-Clock-Rustic-Gold-Graphite-Right-1.jpg\" \/>\n\t<meta property=\"og:image:width\" content=\"2000\" \/>\n\t<meta property=\"og:image:height\" content=\"2129\" \/>\n\t<meta property=\"og:image:type\" content=\"image\/jpeg\" \/>\n<meta name=\"twitter:card\" content=\"summary_large_image\" \/>\n<meta name=\"twitter:label1\" content=\"Verf\u00fcgbarkeit\" \/>\n\t<meta name=\"twitter:data1\" content=\"Auf Lager\" \/>\n<script type=\"application\/ld+json\" class=\"yoast-schema-graph\">{\"@context\":\"https:\/\/schema.org\",\"@graph\":[{\"@type\":\"WebPage\",\"@id\":\"https:\/\/peakart.co.uk\/de\/produkt\/grose-dekorative-wanduhr\/\",\"url\":\"https:\/\/peakart.co.uk\/de\/produkt\/grose-dekorative-wanduhr\/\",\"name\":\"Gro\u00dfe, rustikale Wanduhr in Gold und Graphit | R\u00f6mische Zahlzeichen\",\"isPartOf\":{\"@id\":\"https:\/\/peakart.co.uk\/de\/#website\"},\"primaryImageOfPage\":{\"@id\":\"https:\/\/peakart.co.uk\/de\/produkt\/grose-dekorative-wanduhr\/#primaryimage\"},\"image\":{\"@id\":\"https:\/\/peakart.co.uk\/de\/produkt\/grose-dekorative-wanduhr\/#primaryimage\"},\"thumbnailUrl\":\"https:\/\/peakart.co.uk\/wp-content\/uploads\/2017\/10\/Large-Rustic-Handmade-Roman-Numeral-Wooden-Wall-Clock-Rustic-Gold-Graphite-Right-1.jpg\",\"datePublished\":\"2017-10-13T09:04:43+00:00\",\"dateModified\":\"2023-03-23T22:20:31+00:00\",\"description\":\"Diese beeindruckende, handgefertigte Uhr ist gedacht f\u00fcr Leute mit kostspieligem Geschmack, wenn es um Wanddekoration geht. Sie zeigt gro\u00dfe r\u00f6mische Zahlzeichen vor goldenem Hintergrund\",\"breadcrumb\":{\"@id\":\"https:\/\/peakart.co.uk\/de\/produkt\/grose-dekorative-wanduhr\/#breadcrumb\"},\"inLanguage\":\"de\",\"potentialAction\":[{\"@type\":\"ReadAction\",\"target\":[\"https:\/\/peakart.co.uk\/de\/produkt\/grose-dekorative-wanduhr\/\"]}]},{\"@type\":\"ImageObject\",\"inLanguage\":\"de\",\"@id\":\"https:\/\/peakart.co.uk\/de\/produkt\/grose-dekorative-wanduhr\/#primaryimage\",\"url\":\"https:\/\/peakart.co.uk\/wp-content\/uploads\/2017\/10\/Large-Rustic-Handmade-Roman-Numeral-Wooden-Wall-Clock-Rustic-Gold-Graphite-Right-1.jpg\",\"contentUrl\":\"https:\/\/peakart.co.uk\/wp-content\/uploads\/2017\/10\/Large-Rustic-Handmade-Roman-Numeral-Wooden-Wall-Clock-Rustic-Gold-Graphite-Right-1.jpg\",\"width\":2000,\"height\":2129,\"caption\":\"Large Rustic Handmade Roman Numeral Wooden Wall Clock - Rustic Gold & Graphite Right\"},{\"@type\":\"BreadcrumbList\",\"@id\":\"https:\/\/peakart.co.uk\/de\/produkt\/grose-dekorative-wanduhr\/#breadcrumb\",\"itemListElement\":[{\"@type\":\"ListItem\",\"position\":1,\"name\":\"Home\",\"item\":\"https:\/\/peakart.co.uk\/de\/\"},{\"@type\":\"ListItem\",\"position\":2,\"name\":\"Shop\",\"item\":\"https:\/\/peakart.co.uk\/de\/shop\/\"},{\"@type\":\"ListItem\",\"position\":3,\"name\":\"Sch\u00f6ne gro\u00dfe dekorative Wanduhr\"}]},{\"@type\":\"WebSite\",\"@id\":\"https:\/\/peakart.co.uk\/de\/#website\",\"url\":\"https:\/\/peakart.co.uk\/de\/\",\"name\":\"Peak Art\",\"description\":\"\",\"publisher\":{\"@id\":\"https:\/\/peakart.co.uk\/de\/#organization\"},\"potentialAction\":[{\"@type\":\"SearchAction\",\"target\":{\"@type\":\"EntryPoint\",\"urlTemplate\":\"https:\/\/peakart.co.uk\/de\/?s={search_term_string}\"},\"query-input\":{\"@type\":\"PropertyValueSpecification\",\"valueRequired\":true,\"valueName\":\"search_term_string\"}}],\"inLanguage\":\"de\"},{\"@type\":\"Organization\",\"@id\":\"https:\/\/peakart.co.uk\/de\/#organization\",\"name\":\"Peak Art\",\"url\":\"https:\/\/peakart.co.uk\/de\/\",\"logo\":{\"@type\":\"ImageObject\",\"inLanguage\":\"de\",\"@id\":\"https:\/\/peakart.co.uk\/de\/#\/schema\/logo\/image\/\",\"url\":\"https:\/\/peakart.co.uk\/wp-content\/uploads\/2023\/07\/logo-8.jpg\",\"contentUrl\":\"https:\/\/peakart.co.uk\/wp-content\/uploads\/2023\/07\/logo-8.jpg\",\"width\":666,\"height\":259,\"caption\":\"Peak Art\"},\"image\":{\"@id\":\"https:\/\/peakart.co.uk\/de\/#\/schema\/logo\/image\/\"},\"sameAs\":[\"https:\/\/www.facebook.com\/PeakArtClocks\/\"],\"hasMerchantReturnPolicy\":{\"@type\":\"MerchantReturnPolicy\",\"merchantReturnLink\":\"https:\/\/peakart.co.uk\/refund_returns\/\"}}]}<\/script>\n<meta property=\"og:availability\" content=\"instock\" \/>\n<meta property=\"product:availability\" content=\"instock\" \/>\n<meta property=\"product:retailer_item_id\" content=\"PEAKART-56517\" \/>\n<meta property=\"product:condition\" content=\"new\" \/>\n<!-- \/ Yoast SEO Premium plugin. -->","yoast_head_json":{"title":"Gro\u00dfe, rustikale Wanduhr in Gold und Graphit | R\u00f6mische Zahlzeichen","description":"Diese beeindruckende, handgefertigte Uhr ist gedacht f\u00fcr Leute mit kostspieligem Geschmack, wenn es um Wanddekoration geht. Sie zeigt gro\u00dfe r\u00f6mische Zahlzeichen vor goldenem Hintergrund","robots":{"index":"index","follow":"follow","max-snippet":"max-snippet:-1","max-image-preview":"max-image-preview:large","max-video-preview":"max-video-preview:-1"},"canonical":"https:\/\/peakart.co.uk\/de\/produkt\/grose-dekorative-wanduhr\/","og_locale":"de_DE","og_type":"article","og_title":"Sch\u00f6ne gro\u00dfe dekorative Wanduhr","og_description":"Diese beeindruckende, handgefertigte Uhr ist gedacht f\u00fcr Leute mit kostspieligem Geschmack, wenn es um Wanddekoration geht. Sie zeigt gro\u00dfe r\u00f6mische Zahlzeichen vor goldenem Hintergrund","og_url":"https:\/\/peakart.co.uk\/de\/produkt\/grose-dekorative-wanduhr\/","og_site_name":"Peak Art","article_publisher":"https:\/\/www.facebook.com\/PeakArtClocks\/","article_modified_time":"2023-03-23T22:20:31+00:00","og_image":[{"width":2000,"height":2129,"url":"https:\/\/peakart.co.uk\/wp-content\/uploads\/2017\/10\/Large-Rustic-Handmade-Roman-Numeral-Wooden-Wall-Clock-Rustic-Gold-Graphite-Right-1.jpg","type":"image\/jpeg"}],"twitter_card":"summary_large_image","twitter_misc":{"Verf\u00fcgbarkeit":"Auf Lager"},"schema":{"@context":"https:\/\/schema.org","@graph":[{"@type":"WebPage","@id":"https:\/\/peakart.co.uk\/de\/produkt\/grose-dekorative-wanduhr\/","url":"https:\/\/peakart.co.uk\/de\/produkt\/grose-dekorative-wanduhr\/","name":"Gro\u00dfe, rustikale Wanduhr in Gold und Graphit | R\u00f6mische Zahlzeichen","isPartOf":{"@id":"https:\/\/peakart.co.uk\/de\/#website"},"primaryImageOfPage":{"@id":"https:\/\/peakart.co.uk\/de\/produkt\/grose-dekorative-wanduhr\/#primaryimage"},"image":{"@id":"https:\/\/peakart.co.uk\/de\/produkt\/grose-dekorative-wanduhr\/#primaryimage"},"thumbnailUrl":"https:\/\/peakart.co.uk\/wp-content\/uploads\/2017\/10\/Large-Rustic-Handmade-Roman-Numeral-Wooden-Wall-Clock-Rustic-Gold-Graphite-Right-1.jpg","datePublished":"2017-10-13T09:04:43+00:00","dateModified":"2023-03-23T22:20:31+00:00","description":"Diese beeindruckende, handgefertigte Uhr ist gedacht f\u00fcr Leute mit kostspieligem Geschmack, wenn es um Wanddekoration geht. Sie zeigt gro\u00dfe r\u00f6mische Zahlzeichen vor goldenem Hintergrund","breadcrumb":{"@id":"https:\/\/peakart.co.uk\/de\/produkt\/grose-dekorative-wanduhr\/#breadcrumb"},"inLanguage":"de","potentialAction":[{"@type":"ReadAction","target":["https:\/\/peakart.co.uk\/de\/produkt\/grose-dekorative-wanduhr\/"]}]},{"@type":"ImageObject","inLanguage":"de","@id":"https:\/\/peakart.co.uk\/de\/produkt\/grose-dekorative-wanduhr\/#primaryimage","url":"https:\/\/peakart.co.uk\/wp-content\/uploads\/2017\/10\/Large-Rustic-Handmade-Roman-Numeral-Wooden-Wall-Clock-Rustic-Gold-Graphite-Right-1.jpg","contentUrl":"https:\/\/peakart.co.uk\/wp-content\/uploads\/2017\/10\/Large-Rustic-Handmade-Roman-Numeral-Wooden-Wall-Clock-Rustic-Gold-Graphite-Right-1.jpg","width":2000,"height":2129,"caption":"Large Rustic Handmade Roman Numeral Wooden Wall Clock - Rustic Gold & Graphite Right"},{"@type":"BreadcrumbList","@id":"https:\/\/peakart.co.uk\/de\/produkt\/grose-dekorative-wanduhr\/#breadcrumb","itemListElement":[{"@type":"ListItem","position":1,"name":"Home","item":"https:\/\/peakart.co.uk\/de\/"},{"@type":"ListItem","position":2,"name":"Shop","item":"https:\/\/peakart.co.uk\/de\/shop\/"},{"@type":"ListItem","position":3,"name":"Sch\u00f6ne gro\u00dfe dekorative Wanduhr"}]},{"@type":"WebSite","@id":"https:\/\/peakart.co.uk\/de\/#website","url":"https:\/\/peakart.co.uk\/de\/","name":"Peak Art","description":"","publisher":{"@id":"https:\/\/peakart.co.uk\/de\/#organization"},"potentialAction":[{"@type":"SearchAction","target":{"@type":"EntryPoint","urlTemplate":"https:\/\/peakart.co.uk\/de\/?s={search_term_string}"},"query-input":{"@type":"PropertyValueSpecification","valueRequired":true,"valueName":"search_term_string"}}],"inLanguage":"de"},{"@type":"Organization","@id":"https:\/\/peakart.co.uk\/de\/#organization","name":"Peak Art","url":"https:\/\/peakart.co.uk\/de\/","logo":{"@type":"ImageObject","inLanguage":"de","@id":"https:\/\/peakart.co.uk\/de\/#\/schema\/logo\/image\/","url":"https:\/\/peakart.co.uk\/wp-content\/uploads\/2023\/07\/logo-8.jpg","contentUrl":"https:\/\/peakart.co.uk\/wp-content\/uploads\/2023\/07\/logo-8.jpg","width":666,"height":259,"caption":"Peak Art"},"image":{"@id":"https:\/\/peakart.co.uk\/de\/#\/schema\/logo\/image\/"},"sameAs":["https:\/\/www.facebook.com\/PeakArtClocks\/"],"hasMerchantReturnPolicy":{"@type":"MerchantReturnPolicy","merchantReturnLink":"https:\/\/peakart.co.uk\/refund_returns\/"}}]},"og_availability":"instock","product_availability":"instock","product_retailer_item_id":"PEAKART-56517","product_condition":"new"},"_links":{"self":[{"href":"https:\/\/peakart.co.uk\/de\/wp-json\/wp\/v2\/product\/6800","targetHints":{"allow":["GET"]}}],"collection":[{"href":"https:\/\/peakart.co.uk\/de\/wp-json\/wp\/v2\/product"}],"about":[{"href":"https:\/\/peakart.co.uk\/de\/wp-json\/wp\/v2\/types\/product"}],"replies":[{"embeddable":true,"href":"https:\/\/peakart.co.uk\/de\/wp-json\/wp\/v2\/comments?post=6800"}],"wp:featuredmedia":[{"embeddable":true,"href":"https:\/\/peakart.co.uk\/de\/wp-json\/wp\/v2\/media\/32683"}],"wp:attachment":[{"href":"https:\/\/peakart.co.uk\/de\/wp-json\/wp\/v2\/media?parent=6800"}],"wp:term":[{"taxonomy":"product_brand","embeddable":true,"href":"https:\/\/peakart.co.uk\/de\/wp-json\/wp\/v2\/product_brand?post=6800"},{"taxonomy":"product_cat","embeddable":true,"href":"https:\/\/peakart.co.uk\/de\/wp-json\/wp\/v2\/product_cat?post=6800"},{"taxonomy":"product_tag","embeddable":true,"href":"https:\/\/peakart.co.uk\/de\/wp-json\/wp\/v2\/product_tag?post=6800"}],"curies":[{"name":"wp","href":"https:\/\/api.w.org\/{rel}","templated":true}]}}