{"id":6766,"date":"2016-04-23T13:16:21","date_gmt":"2017-10-10T11:47:57","guid":{"rendered":"http:\/\/peakart.co.uk\/product\/riesige-zeitgenossische-statement-wanduhr\/"},"modified":"2023-03-25T11:32:53","modified_gmt":"2023-03-25T11:32:53","slug":"riesige-zeitgenossische-statement-wanduhr","status":"publish","type":"product","link":"https:\/\/peakart.co.uk\/de\/produkt\/riesige-zeitgenossische-statement-wanduhr\/","title":{"rendered":"Riesige zeitgen\u00f6ssische Statement-Wanduhr"},"content":{"rendered":"<h2>Riesige moderne Wanduhr. Designer Statement-Wandkunst<\/h2>\n<p>Die &#8220;Dark Horse&#8221; ist eine Massive, zeitgen\u00f6ssische Wanduhr , die urspr\u00fcnglich als <a href=\"https:\/\/peakart.co.uk\/de\/produkt\/riesigen-wanduhr\/\"> ein weiteres Designerst\u00fcck unserer Kollektion<\/a>\u00a0 gebaut wurde &#8211; &#8220;Alter Klipper&#8221;. Beide tollen, dekorativen Uhr haben eine \u00e4hnliche Ziffernblattform und einen atemberaubenden &#8220;Wow&#8221;-Faktor. Im Gegensatz zum &#8220;Alten Schlepper&#8221; hat die sch\u00f6ne &#8220;Dark Horse&#8221; jedoch keinen vollen Hintergrund, sondern nur einen schmalen Holzrand, der einen atemberaubenden dreidimensionalen Look und ein leichteres Gef\u00fchl bietet. Das 48-Zoll-Ziffernblatt ist in dunklen T\u00f6nen gehalten und mit einzigartigen handgeschnitzten Elementen gestaltet. Es sieht sehr mysteri\u00f6s und faszinierend aus und wird f\u00fcr viele Gespr\u00e4che rund um den Tisch ein gro\u00dfartiges Thema sein.<\/p>\n<p>Der Uhrmechanismus ist ein leistungsstarker, batteriebetriebener Quarzoszillator, der von einer einzelnen C-Zellenbatterie betrieben wird. Wir senden sie niemals mit den Zeigern, um Transportsch\u00e4den zu vermeiden. Wenn Sie die Uhr erhalten, empfehlen wir Ihnen, dieses <a href=\"https:\/\/www.youtube.com\/watch?v=08Tq0lKFs30\"> kurze Video anzusehen, in dem ich demonstriere, wie Sie die Zeiger anbringen und die Zeit einstellen k\u00f6nnen. <\/a><\/p>\n<p>Alle Peak Art Riesen Wanduhren sind handgefertigt &amp; handbemalt und werden Ihnen sicherlich einfallen, wenn Sie anfangen, Ihr Haus zu renovieren oder eine neue Erweiterung zu bauen. Sie k\u00f6nnen diese Uhren in jedem Raum in Ihrem Haus abringen, solange sie nicht direkter Hitze oder Feuchtigkeit ausgesetzt sind.<\/p>\n<p>Egal, ob Sie eine gro\u00dfe leere Fl\u00e4che an Ihrer Wand f\u00fcllen wollen, nach etwas einzigartigem suchen oder einfach Kunstwerke bewundern wollen, empfehlen wir Ihnen, der <a href=\"https:\/\/www.facebook.com\/PeakArtClocks\/\"> Peak Art Facebook Community<\/a>\u00a0beizutreten. Tausende von Menschen folgen uns, posten Kommentare und Vorschl\u00e4ge und wir m\u00f6chten, dass Sie einer davon sind.<\/p>\n","protected":false},"excerpt":{"rendered":"<p>Die Uhr &#8220;Dark Horse XL&#8221;\u00a0 ist aus zwei gro\u00dfen Tafeln aus nachhaltigem Kiefernholz handgefertigt. Das Zifferblatt mit seinem ausgepr\u00e4gten Charakter und Eigenschaften sieht auf einem handgemalten und geschnitzten Hintergrund erstaunlich aus. Mit einem Gesamtdurchmesser von 120 cm ist die &#8220;Dark Horse XL&#8221;\u00a0 das Kernst\u00fcck der Aufmerksamkeit in Ihrer stilvollen Umgebung.<\/p>\n<p><strong> Video <\/strong> &#8211; <a href=\"https:\/\/www.youtube.com\/watch?v=dLktUDNR0lI\"> Gro\u00dfe zeitgen\u00f6ssische Wanduhr aus Holz auf Youtube <\/a><\/p>\n<p><strong> Entworfen &amp; handgefertigt <\/strong> &#8211; Anna Siodelska, Vereinigtes K\u00f6nigreich<\/p>\n<p><strong> Ziffernblattfarbe <\/strong> &#8211; Dunkel<\/p>\n<p><strong> Hintergrundfarbe <\/strong> &#8211; Transparent \/ Wand<\/p>\n","protected":false},"featured_media":32284,"comment_status":"closed","ping_status":"closed","template":"","meta":[],"product_brand":[],"product_cat":[80],"product_tag":[83,82,95],"class_list":{"0":"post-6766","1":"product","2":"type-product","3":"status-publish","4":"has-post-thumbnail","6":"product_cat-grosse-wanduhren-handgefertigt","7":"product_tag-grosse-dekorative-wanduhren","8":"product_tag-grosse-kuenstlerische-wanduhren","9":"product_tag-skelett-wanduhren","11":"first","12":"instock","13":"sale","14":"taxable","15":"shipping-taxable","16":"purchasable","17":"product-type-variable"},"yoast_head":"<!-- This site is optimized with the Yoast SEO Premium plugin v27.2 (Yoast SEO v27.2) - https:\/\/yoast.com\/product\/yoast-seo-premium-wordpress\/ -->\n<title>Massive zeitgen\u00f6ssische Wanduhr | ein handgefertigtes Kunstwerk<\/title>\n<meta name=\"description\" content=\"Diese extra gro\u00dfe, zeitgen\u00f6ssische Wanduhr ist ein wundervolles, kostbares St\u00fcck handgemachter Wandkunst. Mit einem Durchmesser von 48 Zoll und das nat\u00fcrliche Holz-Design ist beeindruckend.\" \/>\n<meta name=\"robots\" content=\"index, follow, max-snippet:-1, max-image-preview:large, max-video-preview:-1\" \/>\n<link rel=\"canonical\" href=\"https:\/\/peakart.co.uk\/de\/produkt\/riesige-zeitgenossische-statement-wanduhr\/\" \/>\n<meta property=\"og:locale\" content=\"de_DE\" \/>\n<meta property=\"og:type\" content=\"article\" \/>\n<meta property=\"og:title\" content=\"Riesige zeitgen\u00f6ssische Statement-Wanduhr\" \/>\n<meta property=\"og:description\" content=\"Diese extra gro\u00dfe, zeitgen\u00f6ssische Wanduhr ist ein wundervolles, kostbares St\u00fcck handgemachter Wandkunst. Mit einem Durchmesser von 48 Zoll und das nat\u00fcrliche Holz-Design ist beeindruckend.\" \/>\n<meta property=\"og:url\" content=\"https:\/\/peakart.co.uk\/de\/produkt\/riesige-zeitgenossische-statement-wanduhr\/\" \/>\n<meta property=\"og:site_name\" content=\"Peak Art\" \/>\n<meta property=\"article:publisher\" content=\"https:\/\/www.facebook.com\/PeakArtClocks\/\" \/>\n<meta property=\"article:modified_time\" content=\"2023-03-25T11:32:53+00:00\" \/>\n<meta property=\"og:image\" content=\"https:\/\/peakart.co.uk\/wp-content\/uploads\/2016\/04\/Giant-Handmade-Designer-Statement-Wall-Clock-Dark-Horse-2.jpg\" \/>\n\t<meta property=\"og:image:width\" content=\"900\" \/>\n\t<meta property=\"og:image:height\" content=\"874\" \/>\n\t<meta property=\"og:image:type\" content=\"image\/jpeg\" \/>\n<meta name=\"twitter:card\" content=\"summary_large_image\" \/>\n<meta name=\"twitter:label1\" content=\"Verf\u00fcgbarkeit\" \/>\n\t<meta name=\"twitter:data1\" content=\"Auf Lager\" \/>\n<script type=\"application\/ld+json\" class=\"yoast-schema-graph\">{\"@context\":\"https:\/\/schema.org\",\"@graph\":[{\"@type\":\"WebPage\",\"@id\":\"https:\/\/peakart.co.uk\/de\/produkt\/riesige-zeitgenossische-statement-wanduhr\/\",\"url\":\"https:\/\/peakart.co.uk\/de\/produkt\/riesige-zeitgenossische-statement-wanduhr\/\",\"name\":\"Massive zeitgen\u00f6ssische Wanduhr | ein handgefertigtes Kunstwerk\",\"isPartOf\":{\"@id\":\"https:\/\/peakart.co.uk\/de\/#website\"},\"primaryImageOfPage\":{\"@id\":\"https:\/\/peakart.co.uk\/de\/produkt\/riesige-zeitgenossische-statement-wanduhr\/#primaryimage\"},\"image\":{\"@id\":\"https:\/\/peakart.co.uk\/de\/produkt\/riesige-zeitgenossische-statement-wanduhr\/#primaryimage\"},\"thumbnailUrl\":\"https:\/\/peakart.co.uk\/wp-content\/uploads\/2016\/04\/Giant-Handmade-Designer-Statement-Wall-Clock-Dark-Horse-2.jpg\",\"datePublished\":\"2017-10-10T11:47:57+00:00\",\"dateModified\":\"2023-03-25T11:32:53+00:00\",\"description\":\"Diese extra gro\u00dfe, zeitgen\u00f6ssische Wanduhr ist ein wundervolles, kostbares St\u00fcck handgemachter Wandkunst. Mit einem Durchmesser von 48 Zoll und das nat\u00fcrliche Holz-Design ist beeindruckend.\",\"breadcrumb\":{\"@id\":\"https:\/\/peakart.co.uk\/de\/produkt\/riesige-zeitgenossische-statement-wanduhr\/#breadcrumb\"},\"inLanguage\":\"de\",\"potentialAction\":[{\"@type\":\"ReadAction\",\"target\":[\"https:\/\/peakart.co.uk\/de\/produkt\/riesige-zeitgenossische-statement-wanduhr\/\"]}]},{\"@type\":\"ImageObject\",\"inLanguage\":\"de\",\"@id\":\"https:\/\/peakart.co.uk\/de\/produkt\/riesige-zeitgenossische-statement-wanduhr\/#primaryimage\",\"url\":\"https:\/\/peakart.co.uk\/wp-content\/uploads\/2016\/04\/Giant-Handmade-Designer-Statement-Wall-Clock-Dark-Horse-2.jpg\",\"contentUrl\":\"https:\/\/peakart.co.uk\/wp-content\/uploads\/2016\/04\/Giant-Handmade-Designer-Statement-Wall-Clock-Dark-Horse-2.jpg\",\"width\":900,\"height\":874},{\"@type\":\"BreadcrumbList\",\"@id\":\"https:\/\/peakart.co.uk\/de\/produkt\/riesige-zeitgenossische-statement-wanduhr\/#breadcrumb\",\"itemListElement\":[{\"@type\":\"ListItem\",\"position\":1,\"name\":\"Home\",\"item\":\"https:\/\/peakart.co.uk\/de\/\"},{\"@type\":\"ListItem\",\"position\":2,\"name\":\"Shop\",\"item\":\"https:\/\/peakart.co.uk\/de\/shop\/\"},{\"@type\":\"ListItem\",\"position\":3,\"name\":\"Riesige zeitgen\u00f6ssische Statement-Wanduhr\"}]},{\"@type\":\"WebSite\",\"@id\":\"https:\/\/peakart.co.uk\/de\/#website\",\"url\":\"https:\/\/peakart.co.uk\/de\/\",\"name\":\"Peak Art\",\"description\":\"\",\"publisher\":{\"@id\":\"https:\/\/peakart.co.uk\/de\/#organization\"},\"potentialAction\":[{\"@type\":\"SearchAction\",\"target\":{\"@type\":\"EntryPoint\",\"urlTemplate\":\"https:\/\/peakart.co.uk\/de\/?s={search_term_string}\"},\"query-input\":{\"@type\":\"PropertyValueSpecification\",\"valueRequired\":true,\"valueName\":\"search_term_string\"}}],\"inLanguage\":\"de\"},{\"@type\":\"Organization\",\"@id\":\"https:\/\/peakart.co.uk\/de\/#organization\",\"name\":\"Peak Art\",\"url\":\"https:\/\/peakart.co.uk\/de\/\",\"logo\":{\"@type\":\"ImageObject\",\"inLanguage\":\"de\",\"@id\":\"https:\/\/peakart.co.uk\/de\/#\/schema\/logo\/image\/\",\"url\":\"https:\/\/peakart.co.uk\/wp-content\/uploads\/2023\/07\/logo-8.jpg\",\"contentUrl\":\"https:\/\/peakart.co.uk\/wp-content\/uploads\/2023\/07\/logo-8.jpg\",\"width\":666,\"height\":259,\"caption\":\"Peak Art\"},\"image\":{\"@id\":\"https:\/\/peakart.co.uk\/de\/#\/schema\/logo\/image\/\"},\"sameAs\":[\"https:\/\/www.facebook.com\/PeakArtClocks\/\"],\"hasMerchantReturnPolicy\":{\"@type\":\"MerchantReturnPolicy\",\"merchantReturnLink\":\"https:\/\/peakart.co.uk\/refund_returns\/\"}}]}<\/script>\n<meta property=\"og:availability\" content=\"instock\" \/>\n<meta property=\"product:availability\" content=\"instock\" \/>\n<meta property=\"product:retailer_item_id\" content=\"PEAKART-96538\" \/>\n<meta property=\"product:condition\" content=\"new\" \/>\n<!-- \/ Yoast SEO Premium plugin. -->","yoast_head_json":{"title":"Massive zeitgen\u00f6ssische Wanduhr | ein handgefertigtes Kunstwerk","description":"Diese extra gro\u00dfe, zeitgen\u00f6ssische Wanduhr ist ein wundervolles, kostbares St\u00fcck handgemachter Wandkunst. Mit einem Durchmesser von 48 Zoll und das nat\u00fcrliche Holz-Design ist beeindruckend.","robots":{"index":"index","follow":"follow","max-snippet":"max-snippet:-1","max-image-preview":"max-image-preview:large","max-video-preview":"max-video-preview:-1"},"canonical":"https:\/\/peakart.co.uk\/de\/produkt\/riesige-zeitgenossische-statement-wanduhr\/","og_locale":"de_DE","og_type":"article","og_title":"Riesige zeitgen\u00f6ssische Statement-Wanduhr","og_description":"Diese extra gro\u00dfe, zeitgen\u00f6ssische Wanduhr ist ein wundervolles, kostbares St\u00fcck handgemachter Wandkunst. Mit einem Durchmesser von 48 Zoll und das nat\u00fcrliche Holz-Design ist beeindruckend.","og_url":"https:\/\/peakart.co.uk\/de\/produkt\/riesige-zeitgenossische-statement-wanduhr\/","og_site_name":"Peak Art","article_publisher":"https:\/\/www.facebook.com\/PeakArtClocks\/","article_modified_time":"2023-03-25T11:32:53+00:00","og_image":[{"width":900,"height":874,"url":"https:\/\/peakart.co.uk\/wp-content\/uploads\/2016\/04\/Giant-Handmade-Designer-Statement-Wall-Clock-Dark-Horse-2.jpg","type":"image\/jpeg"}],"twitter_card":"summary_large_image","twitter_misc":{"Verf\u00fcgbarkeit":"Auf Lager"},"schema":{"@context":"https:\/\/schema.org","@graph":[{"@type":"WebPage","@id":"https:\/\/peakart.co.uk\/de\/produkt\/riesige-zeitgenossische-statement-wanduhr\/","url":"https:\/\/peakart.co.uk\/de\/produkt\/riesige-zeitgenossische-statement-wanduhr\/","name":"Massive zeitgen\u00f6ssische Wanduhr | ein handgefertigtes Kunstwerk","isPartOf":{"@id":"https:\/\/peakart.co.uk\/de\/#website"},"primaryImageOfPage":{"@id":"https:\/\/peakart.co.uk\/de\/produkt\/riesige-zeitgenossische-statement-wanduhr\/#primaryimage"},"image":{"@id":"https:\/\/peakart.co.uk\/de\/produkt\/riesige-zeitgenossische-statement-wanduhr\/#primaryimage"},"thumbnailUrl":"https:\/\/peakart.co.uk\/wp-content\/uploads\/2016\/04\/Giant-Handmade-Designer-Statement-Wall-Clock-Dark-Horse-2.jpg","datePublished":"2017-10-10T11:47:57+00:00","dateModified":"2023-03-25T11:32:53+00:00","description":"Diese extra gro\u00dfe, zeitgen\u00f6ssische Wanduhr ist ein wundervolles, kostbares St\u00fcck handgemachter Wandkunst. Mit einem Durchmesser von 48 Zoll und das nat\u00fcrliche Holz-Design ist beeindruckend.","breadcrumb":{"@id":"https:\/\/peakart.co.uk\/de\/produkt\/riesige-zeitgenossische-statement-wanduhr\/#breadcrumb"},"inLanguage":"de","potentialAction":[{"@type":"ReadAction","target":["https:\/\/peakart.co.uk\/de\/produkt\/riesige-zeitgenossische-statement-wanduhr\/"]}]},{"@type":"ImageObject","inLanguage":"de","@id":"https:\/\/peakart.co.uk\/de\/produkt\/riesige-zeitgenossische-statement-wanduhr\/#primaryimage","url":"https:\/\/peakart.co.uk\/wp-content\/uploads\/2016\/04\/Giant-Handmade-Designer-Statement-Wall-Clock-Dark-Horse-2.jpg","contentUrl":"https:\/\/peakart.co.uk\/wp-content\/uploads\/2016\/04\/Giant-Handmade-Designer-Statement-Wall-Clock-Dark-Horse-2.jpg","width":900,"height":874},{"@type":"BreadcrumbList","@id":"https:\/\/peakart.co.uk\/de\/produkt\/riesige-zeitgenossische-statement-wanduhr\/#breadcrumb","itemListElement":[{"@type":"ListItem","position":1,"name":"Home","item":"https:\/\/peakart.co.uk\/de\/"},{"@type":"ListItem","position":2,"name":"Shop","item":"https:\/\/peakart.co.uk\/de\/shop\/"},{"@type":"ListItem","position":3,"name":"Riesige zeitgen\u00f6ssische Statement-Wanduhr"}]},{"@type":"WebSite","@id":"https:\/\/peakart.co.uk\/de\/#website","url":"https:\/\/peakart.co.uk\/de\/","name":"Peak Art","description":"","publisher":{"@id":"https:\/\/peakart.co.uk\/de\/#organization"},"potentialAction":[{"@type":"SearchAction","target":{"@type":"EntryPoint","urlTemplate":"https:\/\/peakart.co.uk\/de\/?s={search_term_string}"},"query-input":{"@type":"PropertyValueSpecification","valueRequired":true,"valueName":"search_term_string"}}],"inLanguage":"de"},{"@type":"Organization","@id":"https:\/\/peakart.co.uk\/de\/#organization","name":"Peak Art","url":"https:\/\/peakart.co.uk\/de\/","logo":{"@type":"ImageObject","inLanguage":"de","@id":"https:\/\/peakart.co.uk\/de\/#\/schema\/logo\/image\/","url":"https:\/\/peakart.co.uk\/wp-content\/uploads\/2023\/07\/logo-8.jpg","contentUrl":"https:\/\/peakart.co.uk\/wp-content\/uploads\/2023\/07\/logo-8.jpg","width":666,"height":259,"caption":"Peak Art"},"image":{"@id":"https:\/\/peakart.co.uk\/de\/#\/schema\/logo\/image\/"},"sameAs":["https:\/\/www.facebook.com\/PeakArtClocks\/"],"hasMerchantReturnPolicy":{"@type":"MerchantReturnPolicy","merchantReturnLink":"https:\/\/peakart.co.uk\/refund_returns\/"}}]},"og_availability":"instock","product_availability":"instock","product_retailer_item_id":"PEAKART-96538","product_condition":"new"},"_links":{"self":[{"href":"https:\/\/peakart.co.uk\/de\/wp-json\/wp\/v2\/product\/6766","targetHints":{"allow":["GET"]}}],"collection":[{"href":"https:\/\/peakart.co.uk\/de\/wp-json\/wp\/v2\/product"}],"about":[{"href":"https:\/\/peakart.co.uk\/de\/wp-json\/wp\/v2\/types\/product"}],"replies":[{"embeddable":true,"href":"https:\/\/peakart.co.uk\/de\/wp-json\/wp\/v2\/comments?post=6766"}],"wp:featuredmedia":[{"embeddable":true,"href":"https:\/\/peakart.co.uk\/de\/wp-json\/wp\/v2\/media\/32284"}],"wp:attachment":[{"href":"https:\/\/peakart.co.uk\/de\/wp-json\/wp\/v2\/media?parent=6766"}],"wp:term":[{"taxonomy":"product_brand","embeddable":true,"href":"https:\/\/peakart.co.uk\/de\/wp-json\/wp\/v2\/product_brand?post=6766"},{"taxonomy":"product_cat","embeddable":true,"href":"https:\/\/peakart.co.uk\/de\/wp-json\/wp\/v2\/product_cat?post=6766"},{"taxonomy":"product_tag","embeddable":true,"href":"https:\/\/peakart.co.uk\/de\/wp-json\/wp\/v2\/product_tag?post=6766"}],"curies":[{"name":"wp","href":"https:\/\/api.w.org\/{rel}","templated":true}]}}