{"id":6758,"date":"2016-10-10T19:31:45","date_gmt":"2017-10-09T19:57:32","guid":{"rendered":"http:\/\/peakart.co.uk\/product\/grose-handgefertigte-kunstlerische-designer-wanduhr\/"},"modified":"2023-03-24T20:03:16","modified_gmt":"2023-03-24T20:03:16","slug":"dekorative-uhr-fur-die-lounge","status":"publish","type":"product","link":"https:\/\/peakart.co.uk\/de\/produkt\/dekorative-uhr-fur-die-lounge\/","title":{"rendered":"Extra Gro\u00dfe Dekorative Uhr f\u00fcr die Lounge"},"content":{"rendered":"<h2>Atemberaubende dekorative uhr f\u00fcr die lounge<\/h2>\n<p>Wenn Sie nach der ungew\u00f6hnlichsten 30 Zoll K\u00fcnstlerischen Wanduhr suchen, sind Sie definitiv am richtigen Ort. Peak Art bietet die einzigartigsten, kostbarsten und seltensten Uhren, die gebaut wurden, um zu beeindrucken. Jedes von unseren Produkten ist ein handgefertigtes und handbemaltes Kunstwerk, das Sie nirgendwo anders im Internet finden k\u00f6nnen.<\/p>\n<p>Wenn Sie sich die atemberaubende Wanduhr ansehen, k\u00f6nnen Sie sich diese in einer teuren Kunstgalerie, einem noblen Restaurant oder einer Penthouse-Wohnung vorstellen, aber hier k\u00f6nnen Sie sie online kaufen und damit eine kr\u00e4ftige Aussage an Ihrer Familie &amp; Freunde senden. Sehen Sie sich dieses kurze Video an, um mich \u00fcber dieses allererste 30 Zoll Peak Art Uhr-Design sprechen zu h\u00f6ren.<\/p>\n<p>Jede Uhr verf\u00fcgt \u00fcber einen batteriebetriebenen Mechanismus, der leise ist und f\u00fcr zwischen 6 und 9 Monaten problemlos funktionieren sollte. Alle Designeruhren sind in verschiedenen Formen und Gr\u00f6\u00dfen erh\u00e4ltlich und Sie k\u00f6nnen verschiedene Kombinationen im Abschnitt personalisierte Wanduhr-Designs unseres Online-Shops ausw\u00e4hlen.<\/p>\n<p>&nbsp;<\/p>\n","protected":false},"excerpt":{"rendered":"<p><strong>Video<\/strong> &#8211; <a href=\"https:\/\/www.youtube.com\/watch?v=5rFeWZUl8KE\"> 30 Zoll K\u00fcnstlerische handgefertigte Wanduhr auf Youtube<\/a><\/p>\n<p><strong> Entworfen &amp; Handgefertigt <\/strong> &#8211; Anna Siodelska, Gro\u00dfbritannien<\/p>\n<p><strong> Ziffernblattfarbe <\/strong> &#8211; Tribal<\/p>\n<p><strong> Hintergrundfarbe <\/strong> &#8211; Wand \/ Transparent<\/p>\n<p>&nbsp;<\/p>\n","protected":false},"featured_media":32372,"comment_status":"closed","ping_status":"closed","template":"","meta":[],"product_brand":[],"product_cat":[80],"product_tag":[83,82,95],"class_list":{"0":"post-6758","1":"product","2":"type-product","3":"status-publish","4":"has-post-thumbnail","6":"product_cat-grosse-wanduhren-handgefertigt","7":"product_tag-grosse-dekorative-wanduhren","8":"product_tag-grosse-kuenstlerische-wanduhren","9":"product_tag-skelett-wanduhren","11":"first","12":"instock","13":"sale","14":"taxable","15":"shipping-taxable","16":"purchasable","17":"product-type-variable"},"yoast_head":"<!-- This site is optimized with the Yoast SEO Premium plugin v27.2 (Yoast SEO v27.2) - https:\/\/yoast.com\/product\/yoast-seo-premium-wordpress\/ -->\n<title>30 Zoll gro\u00dfe k\u00fcnstlerische Wanduhr | Zeitgen\u00f6ssisches Kunstwerk<\/title>\n<meta name=\"description\" content=\"Diese atemberaubende, 30 Zoll gro\u00dfe, k\u00fcnstlerische Wanduhr ist aus zwei miteinander verschraubten Holzst\u00fccken geschnitten und auf einzigartige und ungew\u00f6hnliche Weise handbemalt.\" \/>\n<meta name=\"robots\" content=\"index, follow, max-snippet:-1, max-image-preview:large, max-video-preview:-1\" \/>\n<link rel=\"canonical\" href=\"https:\/\/peakart.co.uk\/de\/produkt\/dekorative-uhr-fur-die-lounge\/\" \/>\n<meta property=\"og:locale\" content=\"de_DE\" \/>\n<meta property=\"og:type\" content=\"article\" \/>\n<meta property=\"og:title\" content=\"Extra Gro\u00dfe Dekorative Uhr f\u00fcr die Lounge\" \/>\n<meta property=\"og:description\" content=\"Diese atemberaubende, 30 Zoll gro\u00dfe, k\u00fcnstlerische Wanduhr ist aus zwei miteinander verschraubten Holzst\u00fccken geschnitten und auf einzigartige und ungew\u00f6hnliche Weise handbemalt.\" \/>\n<meta property=\"og:url\" content=\"https:\/\/peakart.co.uk\/de\/produkt\/dekorative-uhr-fur-die-lounge\/\" \/>\n<meta property=\"og:site_name\" content=\"Peak Art\" \/>\n<meta property=\"article:publisher\" content=\"https:\/\/www.facebook.com\/PeakArtClocks\/\" \/>\n<meta property=\"article:modified_time\" content=\"2023-03-24T20:03:16+00:00\" \/>\n<meta property=\"og:image\" content=\"https:\/\/peakart.co.uk\/wp-content\/uploads\/2016\/10\/Large-Contemporary-30-inch-Wooden-Skeleton-Wall-Clock-Mystery-Interiors-1.jpg\" \/>\n\t<meta property=\"og:image:width\" content=\"900\" \/>\n\t<meta property=\"og:image:height\" content=\"719\" \/>\n\t<meta property=\"og:image:type\" content=\"image\/jpeg\" \/>\n<meta name=\"twitter:card\" content=\"summary_large_image\" \/>\n<meta name=\"twitter:label1\" content=\"Verf\u00fcgbarkeit\" \/>\n\t<meta name=\"twitter:data1\" content=\"Auf Lager\" \/>\n<script type=\"application\/ld+json\" class=\"yoast-schema-graph\">{\"@context\":\"https:\/\/schema.org\",\"@graph\":[{\"@type\":\"WebPage\",\"@id\":\"https:\/\/peakart.co.uk\/de\/produkt\/dekorative-uhr-fur-die-lounge\/\",\"url\":\"https:\/\/peakart.co.uk\/de\/produkt\/dekorative-uhr-fur-die-lounge\/\",\"name\":\"30 Zoll gro\u00dfe k\u00fcnstlerische Wanduhr | Zeitgen\u00f6ssisches Kunstwerk\",\"isPartOf\":{\"@id\":\"https:\/\/peakart.co.uk\/de\/#website\"},\"primaryImageOfPage\":{\"@id\":\"https:\/\/peakart.co.uk\/de\/produkt\/dekorative-uhr-fur-die-lounge\/#primaryimage\"},\"image\":{\"@id\":\"https:\/\/peakart.co.uk\/de\/produkt\/dekorative-uhr-fur-die-lounge\/#primaryimage\"},\"thumbnailUrl\":\"https:\/\/peakart.co.uk\/wp-content\/uploads\/2016\/10\/Large-Contemporary-30-inch-Wooden-Skeleton-Wall-Clock-Mystery-Interiors-1.jpg\",\"datePublished\":\"2017-10-09T19:57:32+00:00\",\"dateModified\":\"2023-03-24T20:03:16+00:00\",\"description\":\"Diese atemberaubende, 30 Zoll gro\u00dfe, k\u00fcnstlerische Wanduhr ist aus zwei miteinander verschraubten Holzst\u00fccken geschnitten und auf einzigartige und ungew\u00f6hnliche Weise handbemalt.\",\"breadcrumb\":{\"@id\":\"https:\/\/peakart.co.uk\/de\/produkt\/dekorative-uhr-fur-die-lounge\/#breadcrumb\"},\"inLanguage\":\"de\",\"potentialAction\":[{\"@type\":\"ReadAction\",\"target\":[\"https:\/\/peakart.co.uk\/de\/produkt\/dekorative-uhr-fur-die-lounge\/\"]}]},{\"@type\":\"ImageObject\",\"inLanguage\":\"de\",\"@id\":\"https:\/\/peakart.co.uk\/de\/produkt\/dekorative-uhr-fur-die-lounge\/#primaryimage\",\"url\":\"https:\/\/peakart.co.uk\/wp-content\/uploads\/2016\/10\/Large-Contemporary-30-inch-Wooden-Skeleton-Wall-Clock-Mystery-Interiors-1.jpg\",\"contentUrl\":\"https:\/\/peakart.co.uk\/wp-content\/uploads\/2016\/10\/Large-Contemporary-30-inch-Wooden-Skeleton-Wall-Clock-Mystery-Interiors-1.jpg\",\"width\":900,\"height\":719},{\"@type\":\"BreadcrumbList\",\"@id\":\"https:\/\/peakart.co.uk\/de\/produkt\/dekorative-uhr-fur-die-lounge\/#breadcrumb\",\"itemListElement\":[{\"@type\":\"ListItem\",\"position\":1,\"name\":\"Home\",\"item\":\"https:\/\/peakart.co.uk\/de\/\"},{\"@type\":\"ListItem\",\"position\":2,\"name\":\"Shop\",\"item\":\"https:\/\/peakart.co.uk\/de\/shop\/\"},{\"@type\":\"ListItem\",\"position\":3,\"name\":\"Extra Gro\u00dfe Dekorative Uhr f\u00fcr die Lounge\"}]},{\"@type\":\"WebSite\",\"@id\":\"https:\/\/peakart.co.uk\/de\/#website\",\"url\":\"https:\/\/peakart.co.uk\/de\/\",\"name\":\"Peak Art\",\"description\":\"\",\"publisher\":{\"@id\":\"https:\/\/peakart.co.uk\/de\/#organization\"},\"potentialAction\":[{\"@type\":\"SearchAction\",\"target\":{\"@type\":\"EntryPoint\",\"urlTemplate\":\"https:\/\/peakart.co.uk\/de\/?s={search_term_string}\"},\"query-input\":{\"@type\":\"PropertyValueSpecification\",\"valueRequired\":true,\"valueName\":\"search_term_string\"}}],\"inLanguage\":\"de\"},{\"@type\":\"Organization\",\"@id\":\"https:\/\/peakart.co.uk\/de\/#organization\",\"name\":\"Peak Art\",\"url\":\"https:\/\/peakart.co.uk\/de\/\",\"logo\":{\"@type\":\"ImageObject\",\"inLanguage\":\"de\",\"@id\":\"https:\/\/peakart.co.uk\/de\/#\/schema\/logo\/image\/\",\"url\":\"https:\/\/peakart.co.uk\/wp-content\/uploads\/2023\/07\/logo-8.jpg\",\"contentUrl\":\"https:\/\/peakart.co.uk\/wp-content\/uploads\/2023\/07\/logo-8.jpg\",\"width\":666,\"height\":259,\"caption\":\"Peak Art\"},\"image\":{\"@id\":\"https:\/\/peakart.co.uk\/de\/#\/schema\/logo\/image\/\"},\"sameAs\":[\"https:\/\/www.facebook.com\/PeakArtClocks\/\"],\"hasMerchantReturnPolicy\":{\"@type\":\"MerchantReturnPolicy\",\"merchantReturnLink\":\"https:\/\/peakart.co.uk\/refund_returns\/\"}}]}<\/script>\n<meta property=\"og:availability\" content=\"instock\" \/>\n<meta property=\"product:availability\" content=\"instock\" \/>\n<meta property=\"product:retailer_item_id\" content=\"PEAKART-57912\" \/>\n<meta property=\"product:condition\" content=\"new\" \/>\n<!-- \/ Yoast SEO Premium plugin. -->","yoast_head_json":{"title":"30 Zoll gro\u00dfe k\u00fcnstlerische Wanduhr | Zeitgen\u00f6ssisches Kunstwerk","description":"Diese atemberaubende, 30 Zoll gro\u00dfe, k\u00fcnstlerische Wanduhr ist aus zwei miteinander verschraubten Holzst\u00fccken geschnitten und auf einzigartige und ungew\u00f6hnliche Weise handbemalt.","robots":{"index":"index","follow":"follow","max-snippet":"max-snippet:-1","max-image-preview":"max-image-preview:large","max-video-preview":"max-video-preview:-1"},"canonical":"https:\/\/peakart.co.uk\/de\/produkt\/dekorative-uhr-fur-die-lounge\/","og_locale":"de_DE","og_type":"article","og_title":"Extra Gro\u00dfe Dekorative Uhr f\u00fcr die Lounge","og_description":"Diese atemberaubende, 30 Zoll gro\u00dfe, k\u00fcnstlerische Wanduhr ist aus zwei miteinander verschraubten Holzst\u00fccken geschnitten und auf einzigartige und ungew\u00f6hnliche Weise handbemalt.","og_url":"https:\/\/peakart.co.uk\/de\/produkt\/dekorative-uhr-fur-die-lounge\/","og_site_name":"Peak Art","article_publisher":"https:\/\/www.facebook.com\/PeakArtClocks\/","article_modified_time":"2023-03-24T20:03:16+00:00","og_image":[{"width":900,"height":719,"url":"https:\/\/peakart.co.uk\/wp-content\/uploads\/2016\/10\/Large-Contemporary-30-inch-Wooden-Skeleton-Wall-Clock-Mystery-Interiors-1.jpg","type":"image\/jpeg"}],"twitter_card":"summary_large_image","twitter_misc":{"Verf\u00fcgbarkeit":"Auf Lager"},"schema":{"@context":"https:\/\/schema.org","@graph":[{"@type":"WebPage","@id":"https:\/\/peakart.co.uk\/de\/produkt\/dekorative-uhr-fur-die-lounge\/","url":"https:\/\/peakart.co.uk\/de\/produkt\/dekorative-uhr-fur-die-lounge\/","name":"30 Zoll gro\u00dfe k\u00fcnstlerische Wanduhr | Zeitgen\u00f6ssisches Kunstwerk","isPartOf":{"@id":"https:\/\/peakart.co.uk\/de\/#website"},"primaryImageOfPage":{"@id":"https:\/\/peakart.co.uk\/de\/produkt\/dekorative-uhr-fur-die-lounge\/#primaryimage"},"image":{"@id":"https:\/\/peakart.co.uk\/de\/produkt\/dekorative-uhr-fur-die-lounge\/#primaryimage"},"thumbnailUrl":"https:\/\/peakart.co.uk\/wp-content\/uploads\/2016\/10\/Large-Contemporary-30-inch-Wooden-Skeleton-Wall-Clock-Mystery-Interiors-1.jpg","datePublished":"2017-10-09T19:57:32+00:00","dateModified":"2023-03-24T20:03:16+00:00","description":"Diese atemberaubende, 30 Zoll gro\u00dfe, k\u00fcnstlerische Wanduhr ist aus zwei miteinander verschraubten Holzst\u00fccken geschnitten und auf einzigartige und ungew\u00f6hnliche Weise handbemalt.","breadcrumb":{"@id":"https:\/\/peakart.co.uk\/de\/produkt\/dekorative-uhr-fur-die-lounge\/#breadcrumb"},"inLanguage":"de","potentialAction":[{"@type":"ReadAction","target":["https:\/\/peakart.co.uk\/de\/produkt\/dekorative-uhr-fur-die-lounge\/"]}]},{"@type":"ImageObject","inLanguage":"de","@id":"https:\/\/peakart.co.uk\/de\/produkt\/dekorative-uhr-fur-die-lounge\/#primaryimage","url":"https:\/\/peakart.co.uk\/wp-content\/uploads\/2016\/10\/Large-Contemporary-30-inch-Wooden-Skeleton-Wall-Clock-Mystery-Interiors-1.jpg","contentUrl":"https:\/\/peakart.co.uk\/wp-content\/uploads\/2016\/10\/Large-Contemporary-30-inch-Wooden-Skeleton-Wall-Clock-Mystery-Interiors-1.jpg","width":900,"height":719},{"@type":"BreadcrumbList","@id":"https:\/\/peakart.co.uk\/de\/produkt\/dekorative-uhr-fur-die-lounge\/#breadcrumb","itemListElement":[{"@type":"ListItem","position":1,"name":"Home","item":"https:\/\/peakart.co.uk\/de\/"},{"@type":"ListItem","position":2,"name":"Shop","item":"https:\/\/peakart.co.uk\/de\/shop\/"},{"@type":"ListItem","position":3,"name":"Extra Gro\u00dfe Dekorative Uhr f\u00fcr die Lounge"}]},{"@type":"WebSite","@id":"https:\/\/peakart.co.uk\/de\/#website","url":"https:\/\/peakart.co.uk\/de\/","name":"Peak Art","description":"","publisher":{"@id":"https:\/\/peakart.co.uk\/de\/#organization"},"potentialAction":[{"@type":"SearchAction","target":{"@type":"EntryPoint","urlTemplate":"https:\/\/peakart.co.uk\/de\/?s={search_term_string}"},"query-input":{"@type":"PropertyValueSpecification","valueRequired":true,"valueName":"search_term_string"}}],"inLanguage":"de"},{"@type":"Organization","@id":"https:\/\/peakart.co.uk\/de\/#organization","name":"Peak Art","url":"https:\/\/peakart.co.uk\/de\/","logo":{"@type":"ImageObject","inLanguage":"de","@id":"https:\/\/peakart.co.uk\/de\/#\/schema\/logo\/image\/","url":"https:\/\/peakart.co.uk\/wp-content\/uploads\/2023\/07\/logo-8.jpg","contentUrl":"https:\/\/peakart.co.uk\/wp-content\/uploads\/2023\/07\/logo-8.jpg","width":666,"height":259,"caption":"Peak Art"},"image":{"@id":"https:\/\/peakart.co.uk\/de\/#\/schema\/logo\/image\/"},"sameAs":["https:\/\/www.facebook.com\/PeakArtClocks\/"],"hasMerchantReturnPolicy":{"@type":"MerchantReturnPolicy","merchantReturnLink":"https:\/\/peakart.co.uk\/refund_returns\/"}}]},"og_availability":"instock","product_availability":"instock","product_retailer_item_id":"PEAKART-57912","product_condition":"new"},"_links":{"self":[{"href":"https:\/\/peakart.co.uk\/de\/wp-json\/wp\/v2\/product\/6758","targetHints":{"allow":["GET"]}}],"collection":[{"href":"https:\/\/peakart.co.uk\/de\/wp-json\/wp\/v2\/product"}],"about":[{"href":"https:\/\/peakart.co.uk\/de\/wp-json\/wp\/v2\/types\/product"}],"replies":[{"embeddable":true,"href":"https:\/\/peakart.co.uk\/de\/wp-json\/wp\/v2\/comments?post=6758"}],"wp:featuredmedia":[{"embeddable":true,"href":"https:\/\/peakart.co.uk\/de\/wp-json\/wp\/v2\/media\/32372"}],"wp:attachment":[{"href":"https:\/\/peakart.co.uk\/de\/wp-json\/wp\/v2\/media?parent=6758"}],"wp:term":[{"taxonomy":"product_brand","embeddable":true,"href":"https:\/\/peakart.co.uk\/de\/wp-json\/wp\/v2\/product_brand?post=6758"},{"taxonomy":"product_cat","embeddable":true,"href":"https:\/\/peakart.co.uk\/de\/wp-json\/wp\/v2\/product_cat?post=6758"},{"taxonomy":"product_tag","embeddable":true,"href":"https:\/\/peakart.co.uk\/de\/wp-json\/wp\/v2\/product_tag?post=6758"}],"curies":[{"name":"wp","href":"https:\/\/api.w.org\/{rel}","templated":true}]}}