{"id":6743,"date":"2016-04-26T20:42:52","date_gmt":"2017-10-09T19:40:48","guid":{"rendered":"http:\/\/peakart.co.uk\/product\/zeitgenossische-designer-skelett-wanduhr\/"},"modified":"2023-03-24T17:32:25","modified_gmt":"2023-03-24T17:32:25","slug":"zeitgenossische-wanduhr","status":"publish","type":"product","link":"https:\/\/peakart.co.uk\/de\/produkt\/zeitgenossische-wanduhr\/","title":{"rendered":"Zeitgen\u00f6ssische Wanduhr mit R\u00f6mische Ziffern"},"content":{"rendered":"<h2>Zeitgen\u00f6ssische Designeruhr &#8211; Skelett | R\u00f6mische Ziffern | Handgefertigt<\/h2>\n<p>Der &#8220;Sommersturm&#8221; Die zeitgen\u00f6ssische Designeruhr ist eine der einzigartigsten Uhren in der <a href=\"https:\/\/peakart.co.uk\/de\/produkt-schlagwort\/grosse-skelett-wanduhren-mit-roemischen-zahlzeichen\/\">Uhrenkollektion<\/a>. Sie w\u00fcrde sowohl gut in modernen als auch zeitgen\u00f6ssischen Inneneinrichtungen passen. Das Liebe zum Detail und die Handgefertigtkeit dieses Au\u00dfergew\u00f6hnlichen St\u00fcckes der Wandkunst wird ein Thema f\u00fcr viele Gespr\u00e4che mit Ihren G\u00e4sten sein.<\/p>\n<p>Suchen Sie ein einzigartiges Geschenk f\u00fcr jemanden, den Sie lieben oder versuchen Sie, einen gro\u00dfen leeren Platz an einer Wand mit etwas zu f\u00fcllen, das nicht nur auff\u00e4llig, sondern auch praktisch ist? Die fabelhafte, handgefertigte &#8220;Sommersturm&#8221; Wanduhr k\u00f6nnte genau das sein, was Sie gesucht haben!<\/p>\n<p><a href=\"https:\/\/peakart.co.uk\/de\/blog-post\/skelett-wanduhren-aus-holz\/\"> Unsere Holz-Skelett-Uhren <\/a> sind sehr beliebt, seit wir sie Ende 2015 auf den Markt gebracht haben. Jede Uhr wird aus einer gro\u00dfen Kiefernholzplatte handgeschnitten. Wenn Sie genau hinsehen, sehen Sie einen zus\u00e4tzlichen schmalen Rand, der hinten angebracht ist und einen dreidimensionalen Effekt hinzuf\u00fcgt. Der Mechanismus ist ein starker Quarzoszillator, der von einer einzelnen C-Zellen-Batterie betrieben wird. Wir haben ein <a href=\"https:\/\/www.youtube.com\/watch?v=08Tq0lKFs30\"> kurzes Video<\/a> aufgenommen, das zeigt, wie Sie die Zeiger anbringen und die Zeit einstellen k\u00f6nnen.<\/p>\n<p>Die zeitgen\u00f6ssischen Designeruhren von Peak Art sind Luxuri\u00f6se und kostbare St\u00fccke , die Ihnen einfallen, wenn Sie Ihren Wohnraum neu gestalten. Die Uhren haben eine deutliche, handbemalte und sch\u00f6ne runde Form. Sie k\u00f6nnen sie in jedem Raum in Ihrem Haus anbringen, solange Sie daran denken, direkte W\u00e4rmequellen und Feuchtigkeit zu vermeiden.<\/p>\n<p>&#8220;Wenn du etwas einzigartiges willst, das du nicht in einem Schaufenster findest und das von jemandem mit Leidenschaft von Hand hergestellt wird, wirst du nicht entt\u00e4uscht sein.&#8221;<\/p>\n","protected":false},"excerpt":{"rendered":"<p>Die zeitgen\u00f6ssische <b> Sommersturm<\/b> Skelett-Uhr ist handgefertigt aus einer einzigen gro\u00dfen Kiefernholzplatte. Sie ist ein Mitglied der neuen Familie der hohlen Uhren. Das Zifferblatt zeigt sorgf\u00e4ltig geschnitzte r\u00f6mische Ziffern auf einem Holzrahmen und Sie k\u00f6nnen die Wand zwischen den Zahlen hindurchsehen. Mit einem Gesamtdurchmesser von <strong>75-120 cm <\/strong> und ihrem einzigartigen, zeitgem\u00e4\u00dfen Design wird die<strong> Sommersturm<\/strong> in allen Innenr\u00e4umen fantastisch aussehen.<\/p>\n<p><strong> Video <\/strong> &#8211; <a href=\"https:\/\/www.youtube.com\/watch?v=t8Uyba4vgvw\"> Sommersturm Moderne Kunstuhr auf Youtube <\/a><\/p>\n<p><strong> Entworfen &amp; Handgefertigt<\/strong> &#8211; Anna Siodelska, Gro\u00dfbritannien<\/p>\n<p><strong> Ziffernblattfarbe<\/strong> &#8211; Elektrischer Sturm<\/p>\n<p><strong> Hintergrundfarbe <\/strong> &#8211; Transparent \/ Wand<\/p>\n<p><strong> Hinweis &#8211; <\/strong> Die 30 Zoll (75 cm) Uhr hat eine etwas andere Ziffernform, um sicher zu stellen, dass sie nicht zu d\u00fcnn sind. Ein Bild mit einem Beispiel f\u00fcr dieses Design, finden Sie <a href=\"https:\/\/peakart.co.uk\/wp-content\/uploads\/2017\/09\/Unique-Large-Rustic-Grey-Wooden-Wall-Clock-Left.jpg\">hier<\/a><\/p>\n<p>&nbsp;<\/p>\n","protected":false},"featured_media":32302,"comment_status":"closed","ping_status":"closed","template":"","meta":[],"product_brand":[],"product_cat":[80],"product_tag":[83,90,87,82,95],"class_list":{"0":"post-6743","1":"product","2":"type-product","3":"status-publish","4":"has-post-thumbnail","6":"product_cat-grosse-wanduhren-handgefertigt","7":"product_tag-grosse-dekorative-wanduhren","8":"product_tag-grosse-skelett-wanduhren-mit-roemischen-zahlzeichen","9":"product_tag-wanduhren-mit-roemischen-zahlzeichen","10":"product_tag-grosse-kuenstlerische-wanduhren","11":"product_tag-skelett-wanduhren","13":"first","14":"instock","15":"sale","16":"taxable","17":"shipping-taxable","18":"purchasable","19":"product-type-variable"},"yoast_head":"<!-- This site is optimized with the Yoast SEO Premium plugin v27.2 (Yoast SEO v27.2) - https:\/\/yoast.com\/product\/yoast-seo-premium-wordpress\/ -->\n<title>Gro\u00dfe 40 Zoll zeitgen\u00f6ssische Designer-Uhr | Holz Skelett<\/title>\n<meta name=\"description\" content=\"Die gro\u00dfe, zeitgen\u00f6ssische &quot;Sommersturm&quot; Designer-Uhr ist eine sch\u00f6ne, moderne Erg\u00e4nzung in ihrer einzigartigen Umgebung. Ein Kernst\u00fcck entworfen, um zu beeindrucken.\" \/>\n<meta name=\"robots\" content=\"index, follow, max-snippet:-1, max-image-preview:large, max-video-preview:-1\" \/>\n<link rel=\"canonical\" href=\"https:\/\/peakart.co.uk\/de\/produkt\/zeitgenossische-wanduhr\/\" \/>\n<meta property=\"og:locale\" content=\"de_DE\" \/>\n<meta property=\"og:type\" content=\"article\" \/>\n<meta property=\"og:title\" content=\"Zeitgen\u00f6ssische Wanduhr mit R\u00f6mische Ziffern\" \/>\n<meta property=\"og:description\" content=\"Die gro\u00dfe, zeitgen\u00f6ssische &quot;Sommersturm&quot; Designer-Uhr ist eine sch\u00f6ne, moderne Erg\u00e4nzung in ihrer einzigartigen Umgebung. Ein Kernst\u00fcck entworfen, um zu beeindrucken.\" \/>\n<meta property=\"og:url\" content=\"https:\/\/peakart.co.uk\/de\/produkt\/zeitgenossische-wanduhr\/\" \/>\n<meta property=\"og:site_name\" content=\"Peak Art\" \/>\n<meta property=\"article:publisher\" content=\"https:\/\/www.facebook.com\/PeakArtClocks\/\" \/>\n<meta property=\"article:modified_time\" content=\"2023-03-24T17:32:25+00:00\" \/>\n<meta property=\"og:image\" content=\"https:\/\/peakart.co.uk\/wp-content\/uploads\/2016\/04\/IMG_2269-scaled.jpg\" \/>\n\t<meta property=\"og:image:width\" content=\"2560\" \/>\n\t<meta property=\"og:image:height\" content=\"1707\" \/>\n\t<meta property=\"og:image:type\" content=\"image\/jpeg\" \/>\n<meta name=\"twitter:card\" content=\"summary_large_image\" \/>\n<meta name=\"twitter:label1\" content=\"Verf\u00fcgbarkeit\" \/>\n\t<meta name=\"twitter:data1\" content=\"Auf Lager\" \/>\n<script type=\"application\/ld+json\" class=\"yoast-schema-graph\">{\"@context\":\"https:\/\/schema.org\",\"@graph\":[{\"@type\":\"WebPage\",\"@id\":\"https:\/\/peakart.co.uk\/de\/produkt\/zeitgenossische-wanduhr\/\",\"url\":\"https:\/\/peakart.co.uk\/de\/produkt\/zeitgenossische-wanduhr\/\",\"name\":\"Gro\u00dfe 40 Zoll zeitgen\u00f6ssische Designer-Uhr | Holz Skelett\",\"isPartOf\":{\"@id\":\"https:\/\/peakart.co.uk\/de\/#website\"},\"primaryImageOfPage\":{\"@id\":\"https:\/\/peakart.co.uk\/de\/produkt\/zeitgenossische-wanduhr\/#primaryimage\"},\"image\":{\"@id\":\"https:\/\/peakart.co.uk\/de\/produkt\/zeitgenossische-wanduhr\/#primaryimage\"},\"thumbnailUrl\":\"https:\/\/peakart.co.uk\/wp-content\/uploads\/2016\/04\/IMG_2269-scaled.jpg\",\"datePublished\":\"2017-10-09T19:40:48+00:00\",\"dateModified\":\"2023-03-24T17:32:25+00:00\",\"description\":\"Die gro\u00dfe, zeitgen\u00f6ssische \\\"Sommersturm\\\" Designer-Uhr ist eine sch\u00f6ne, moderne Erg\u00e4nzung in ihrer einzigartigen Umgebung. Ein Kernst\u00fcck entworfen, um zu beeindrucken.\",\"breadcrumb\":{\"@id\":\"https:\/\/peakart.co.uk\/de\/produkt\/zeitgenossische-wanduhr\/#breadcrumb\"},\"inLanguage\":\"de\",\"potentialAction\":[{\"@type\":\"ReadAction\",\"target\":[\"https:\/\/peakart.co.uk\/de\/produkt\/zeitgenossische-wanduhr\/\"]}]},{\"@type\":\"ImageObject\",\"inLanguage\":\"de\",\"@id\":\"https:\/\/peakart.co.uk\/de\/produkt\/zeitgenossische-wanduhr\/#primaryimage\",\"url\":\"https:\/\/peakart.co.uk\/wp-content\/uploads\/2016\/04\/IMG_2269-scaled.jpg\",\"contentUrl\":\"https:\/\/peakart.co.uk\/wp-content\/uploads\/2016\/04\/IMG_2269-scaled.jpg\",\"width\":2560,\"height\":1707},{\"@type\":\"BreadcrumbList\",\"@id\":\"https:\/\/peakart.co.uk\/de\/produkt\/zeitgenossische-wanduhr\/#breadcrumb\",\"itemListElement\":[{\"@type\":\"ListItem\",\"position\":1,\"name\":\"Home\",\"item\":\"https:\/\/peakart.co.uk\/de\/\"},{\"@type\":\"ListItem\",\"position\":2,\"name\":\"Shop\",\"item\":\"https:\/\/peakart.co.uk\/de\/shop\/\"},{\"@type\":\"ListItem\",\"position\":3,\"name\":\"Zeitgen\u00f6ssische Wanduhr mit R\u00f6mische Ziffern\"}]},{\"@type\":\"WebSite\",\"@id\":\"https:\/\/peakart.co.uk\/de\/#website\",\"url\":\"https:\/\/peakart.co.uk\/de\/\",\"name\":\"Peak Art\",\"description\":\"\",\"publisher\":{\"@id\":\"https:\/\/peakart.co.uk\/de\/#organization\"},\"potentialAction\":[{\"@type\":\"SearchAction\",\"target\":{\"@type\":\"EntryPoint\",\"urlTemplate\":\"https:\/\/peakart.co.uk\/de\/?s={search_term_string}\"},\"query-input\":{\"@type\":\"PropertyValueSpecification\",\"valueRequired\":true,\"valueName\":\"search_term_string\"}}],\"inLanguage\":\"de\"},{\"@type\":\"Organization\",\"@id\":\"https:\/\/peakart.co.uk\/de\/#organization\",\"name\":\"Peak Art\",\"url\":\"https:\/\/peakart.co.uk\/de\/\",\"logo\":{\"@type\":\"ImageObject\",\"inLanguage\":\"de\",\"@id\":\"https:\/\/peakart.co.uk\/de\/#\/schema\/logo\/image\/\",\"url\":\"https:\/\/peakart.co.uk\/wp-content\/uploads\/2023\/07\/logo-8.jpg\",\"contentUrl\":\"https:\/\/peakart.co.uk\/wp-content\/uploads\/2023\/07\/logo-8.jpg\",\"width\":666,\"height\":259,\"caption\":\"Peak Art\"},\"image\":{\"@id\":\"https:\/\/peakart.co.uk\/de\/#\/schema\/logo\/image\/\"},\"sameAs\":[\"https:\/\/www.facebook.com\/PeakArtClocks\/\"],\"hasMerchantReturnPolicy\":{\"@type\":\"MerchantReturnPolicy\",\"merchantReturnLink\":\"https:\/\/peakart.co.uk\/refund_returns\/\"}}]}<\/script>\n<meta property=\"og:availability\" content=\"instock\" \/>\n<meta property=\"product:availability\" content=\"instock\" \/>\n<meta property=\"product:retailer_item_id\" content=\"PEAKART-18424\" \/>\n<meta property=\"product:condition\" content=\"new\" \/>\n<!-- \/ Yoast SEO Premium plugin. -->","yoast_head_json":{"title":"Gro\u00dfe 40 Zoll zeitgen\u00f6ssische Designer-Uhr | Holz Skelett","description":"Die gro\u00dfe, zeitgen\u00f6ssische \"Sommersturm\" Designer-Uhr ist eine sch\u00f6ne, moderne Erg\u00e4nzung in ihrer einzigartigen Umgebung. Ein Kernst\u00fcck entworfen, um zu beeindrucken.","robots":{"index":"index","follow":"follow","max-snippet":"max-snippet:-1","max-image-preview":"max-image-preview:large","max-video-preview":"max-video-preview:-1"},"canonical":"https:\/\/peakart.co.uk\/de\/produkt\/zeitgenossische-wanduhr\/","og_locale":"de_DE","og_type":"article","og_title":"Zeitgen\u00f6ssische Wanduhr mit R\u00f6mische Ziffern","og_description":"Die gro\u00dfe, zeitgen\u00f6ssische \"Sommersturm\" Designer-Uhr ist eine sch\u00f6ne, moderne Erg\u00e4nzung in ihrer einzigartigen Umgebung. Ein Kernst\u00fcck entworfen, um zu beeindrucken.","og_url":"https:\/\/peakart.co.uk\/de\/produkt\/zeitgenossische-wanduhr\/","og_site_name":"Peak Art","article_publisher":"https:\/\/www.facebook.com\/PeakArtClocks\/","article_modified_time":"2023-03-24T17:32:25+00:00","og_image":[{"width":2560,"height":1707,"url":"https:\/\/peakart.co.uk\/wp-content\/uploads\/2016\/04\/IMG_2269-scaled.jpg","type":"image\/jpeg"}],"twitter_card":"summary_large_image","twitter_misc":{"Verf\u00fcgbarkeit":"Auf Lager"},"schema":{"@context":"https:\/\/schema.org","@graph":[{"@type":"WebPage","@id":"https:\/\/peakart.co.uk\/de\/produkt\/zeitgenossische-wanduhr\/","url":"https:\/\/peakart.co.uk\/de\/produkt\/zeitgenossische-wanduhr\/","name":"Gro\u00dfe 40 Zoll zeitgen\u00f6ssische Designer-Uhr | Holz Skelett","isPartOf":{"@id":"https:\/\/peakart.co.uk\/de\/#website"},"primaryImageOfPage":{"@id":"https:\/\/peakart.co.uk\/de\/produkt\/zeitgenossische-wanduhr\/#primaryimage"},"image":{"@id":"https:\/\/peakart.co.uk\/de\/produkt\/zeitgenossische-wanduhr\/#primaryimage"},"thumbnailUrl":"https:\/\/peakart.co.uk\/wp-content\/uploads\/2016\/04\/IMG_2269-scaled.jpg","datePublished":"2017-10-09T19:40:48+00:00","dateModified":"2023-03-24T17:32:25+00:00","description":"Die gro\u00dfe, zeitgen\u00f6ssische \"Sommersturm\" Designer-Uhr ist eine sch\u00f6ne, moderne Erg\u00e4nzung in ihrer einzigartigen Umgebung. Ein Kernst\u00fcck entworfen, um zu beeindrucken.","breadcrumb":{"@id":"https:\/\/peakart.co.uk\/de\/produkt\/zeitgenossische-wanduhr\/#breadcrumb"},"inLanguage":"de","potentialAction":[{"@type":"ReadAction","target":["https:\/\/peakart.co.uk\/de\/produkt\/zeitgenossische-wanduhr\/"]}]},{"@type":"ImageObject","inLanguage":"de","@id":"https:\/\/peakart.co.uk\/de\/produkt\/zeitgenossische-wanduhr\/#primaryimage","url":"https:\/\/peakart.co.uk\/wp-content\/uploads\/2016\/04\/IMG_2269-scaled.jpg","contentUrl":"https:\/\/peakart.co.uk\/wp-content\/uploads\/2016\/04\/IMG_2269-scaled.jpg","width":2560,"height":1707},{"@type":"BreadcrumbList","@id":"https:\/\/peakart.co.uk\/de\/produkt\/zeitgenossische-wanduhr\/#breadcrumb","itemListElement":[{"@type":"ListItem","position":1,"name":"Home","item":"https:\/\/peakart.co.uk\/de\/"},{"@type":"ListItem","position":2,"name":"Shop","item":"https:\/\/peakart.co.uk\/de\/shop\/"},{"@type":"ListItem","position":3,"name":"Zeitgen\u00f6ssische Wanduhr mit R\u00f6mische Ziffern"}]},{"@type":"WebSite","@id":"https:\/\/peakart.co.uk\/de\/#website","url":"https:\/\/peakart.co.uk\/de\/","name":"Peak Art","description":"","publisher":{"@id":"https:\/\/peakart.co.uk\/de\/#organization"},"potentialAction":[{"@type":"SearchAction","target":{"@type":"EntryPoint","urlTemplate":"https:\/\/peakart.co.uk\/de\/?s={search_term_string}"},"query-input":{"@type":"PropertyValueSpecification","valueRequired":true,"valueName":"search_term_string"}}],"inLanguage":"de"},{"@type":"Organization","@id":"https:\/\/peakart.co.uk\/de\/#organization","name":"Peak Art","url":"https:\/\/peakart.co.uk\/de\/","logo":{"@type":"ImageObject","inLanguage":"de","@id":"https:\/\/peakart.co.uk\/de\/#\/schema\/logo\/image\/","url":"https:\/\/peakart.co.uk\/wp-content\/uploads\/2023\/07\/logo-8.jpg","contentUrl":"https:\/\/peakart.co.uk\/wp-content\/uploads\/2023\/07\/logo-8.jpg","width":666,"height":259,"caption":"Peak Art"},"image":{"@id":"https:\/\/peakart.co.uk\/de\/#\/schema\/logo\/image\/"},"sameAs":["https:\/\/www.facebook.com\/PeakArtClocks\/"],"hasMerchantReturnPolicy":{"@type":"MerchantReturnPolicy","merchantReturnLink":"https:\/\/peakart.co.uk\/refund_returns\/"}}]},"og_availability":"instock","product_availability":"instock","product_retailer_item_id":"PEAKART-18424","product_condition":"new"},"_links":{"self":[{"href":"https:\/\/peakart.co.uk\/de\/wp-json\/wp\/v2\/product\/6743","targetHints":{"allow":["GET"]}}],"collection":[{"href":"https:\/\/peakart.co.uk\/de\/wp-json\/wp\/v2\/product"}],"about":[{"href":"https:\/\/peakart.co.uk\/de\/wp-json\/wp\/v2\/types\/product"}],"replies":[{"embeddable":true,"href":"https:\/\/peakart.co.uk\/de\/wp-json\/wp\/v2\/comments?post=6743"}],"wp:featuredmedia":[{"embeddable":true,"href":"https:\/\/peakart.co.uk\/de\/wp-json\/wp\/v2\/media\/32302"}],"wp:attachment":[{"href":"https:\/\/peakart.co.uk\/de\/wp-json\/wp\/v2\/media?parent=6743"}],"wp:term":[{"taxonomy":"product_brand","embeddable":true,"href":"https:\/\/peakart.co.uk\/de\/wp-json\/wp\/v2\/product_brand?post=6743"},{"taxonomy":"product_cat","embeddable":true,"href":"https:\/\/peakart.co.uk\/de\/wp-json\/wp\/v2\/product_cat?post=6743"},{"taxonomy":"product_tag","embeddable":true,"href":"https:\/\/peakart.co.uk\/de\/wp-json\/wp\/v2\/product_tag?post=6743"}],"curies":[{"name":"wp","href":"https:\/\/api.w.org\/{rel}","templated":true}]}}