{"id":6716,"date":"2016-05-03T09:30:34","date_gmt":"2017-10-09T07:45:38","guid":{"rendered":"http:\/\/peakart.co.uk\/product\/extra-grose-moderne-skelettuhr-handgefertigt\/"},"modified":"2023-03-23T22:50:12","modified_gmt":"2023-03-23T22:50:12","slug":"grosse-moderne-uhr","status":"publish","type":"product","link":"https:\/\/peakart.co.uk\/de\/produkt\/grosse-moderne-uhr\/","title":{"rendered":"Handgefertigte extra gro\u00dfe moderne Uhr"},"content":{"rendered":"<h2>Gro\u00dfe moderne Uhr &#8211; Skelettdesign | r\u00f6mische Zahlzeichen | Aus Holz<\/h2>\n<p>Macht Sie dieser ungew\u00f6hnliche Name f\u00fcr die gro\u00dfe moderne uhr neugierig? Wie alle anderen modernen Wanduhren von Peak Art ist die &#8220;Marihuana&#8221; daf\u00fcr gemacht, Eindruck zu hinterlassen. Sie zeigt h\u00fcbsch von Hand gearbeitete r\u00f6mische Zahlzeichen, und mit ihrem durchsichtigen Hintergrund wird sich diese zauberhafte Uhr gut in die meisten Wohnungseinrichtungen einf\u00fcgen. Das Zifferblatt dieser Uhr ist in seiner Art einmalig, erfrischend und h\u00fcbsch von Hand bemalt mit einzigartigen Motiven, um ihr mehr Charakter zu verleihen.<\/p>\n<p>Suchen Sie nach einem modernen, kostspieligen Geschenk f\u00fcr jemanden, den Sie lieben oder der Ihnen wichtig ist? M\u00f6chten Sie sie mit etwas entz\u00fccken, was es nicht in jedem Laden zu finden gibt? Diese sehr beachtliche zeitgen\u00f6ssische Uhr k\u00f6nnte genau das sein, wonach Sie suchen!<\/p>\n<p>Das Zifferblatt der Uhr ist aus einer einzelnen Fichtenholzplatte ges\u00e4gt und sorgt f\u00fcr eine sehr nat\u00fcrliche Erscheinung. Es ist von Hand bemalt,<br \/>\num zierlichen Bl\u00e4ttern in verschiedenen Gr\u00fcnt\u00f6nen zu \u00e4hneln. Die <a href=\"https:\/\/peakart.co.uk\/de\/blog-post\/skelett-wanduhren-aus-holz\/\">Gestaltung als Uhr mit durchbrochenem Zifferblatt<\/a> l\u00e4\u00dft dieses fabelhafte Kunstwerk sich harmonisch in die meisten modernen oder zeitgen\u00f6ssischen Inneneinrichtungen einf\u00fcgen.<\/p>\n<p>Das kr\u00e4ftige, batteriebetriebene Uhrwerk ben\u00f6tigt eine einzelne Babyzelle, die 6 bis 9 Monate halten sollte. Die Uhr wird mit abmontierten Zeigern geliefert, um jegliche Sch\u00e4den auf dem Transport zu vermeiden. Sobald Sie sie erhalten, schauen Sie bitte dieses <a href=\"https:\/\/www.youtube.com\/watch?v=08Tq0lKFs30\">kurze Video<\/a>\u00a0 an, das erkl\u00e4rt, wie man die Zeit einstellt.<\/p>\n<p>Bei Peak Art haben wir uns auf \u00fcbergro\u00dfe Uhren mit Aussage spezialisiert,<br \/>\nund unsere Sammlung von Uhren <a href=\"https:\/\/peakart.co.uk\/de\/produkt-schlagwort\/grosse-skelett-wanduhren-mit-roemischen-zahlzeichen\/\">im Skelett-Design mit r\u00f6mischen Ziffern<\/a> ist bei unseren Kunden sehr begehrt. Sie k\u00f6nnen diese wunderbaren Uhren nur innen aufh\u00e4ngen; sie sind nicht wetterbest\u00e4ndig. Ob Sie sie in Ihrem Zuhause, B\u00fcro oder Luxus-Penthouse anbringen wollen \u2013 achten Sie darauf, dass sie nicht der direkten Einwirkung von W\u00e4rme oder Feuchtigkeit ausgesetzt wird, die die Lebensdauer des Uhrwerks mindern oder das Holz austrocknen lassen w\u00fcrden.<\/p>\n<p>Treten Sie der\u00a0<a href=\"https:\/\/www.facebook.com\/PeakArtClocks\/\">Facebook-Community von Peak Art<\/a> bei, und wir \u00e4ndern gemeinsam das \u00fcberkommene Denken \u00fcber die Dekoration leerer W\u00e4nde. Sie m\u00fcssen nicht den ausgetretenen Pfaden mit gro\u00dfen Gem\u00e4lden oder Wandspiegeln folgen und k\u00f6nnen sich von der Menge absetzen, indem Sie etwas weltweit Einmaliges besitzen.<\/p>\n","protected":false},"excerpt":{"rendered":"<p>Die moderne, \u00fcbergro\u00dfe Skelettuhr <b>Marihuana<\/b> wurde von Hand aus einer einzelnen gro\u00dfen Fichtenholzplatte aus nachhaltiger Holzwirtschaft gefertigt. Sie ist h\u00fcbsch von Hand bemalt, um ihr Einzigartigkeit und Charakter zu verleihen. Das beeindruckende Zifferblatt zeigt sorgf\u00e4ltig gearbeitete r\u00f6mische Zahlzeichen auf h\u00f6lzernem, handbemaltem Rahmen, zwischen denen Sie die Wand erkennen k\u00f6nnen. Keine zwei Uhren gleichen sich v\u00f6llig, sogar wenn sie von \u00e4hnlicher Machart sind, und auch die <strong>Marihuana<\/strong> ist in ihrer Art einmalig. Mit einem Gesamtdurchmesser von <strong>100 cm<\/strong> und ihrem einmaligen und erfrischenden Look wird die <strong>Marihuana<\/strong> in den meisten gehobenen Inneneinrichtungen einen phantastischen Eindruck machen.<\/p>\n<p><strong>Video<\/strong> &#8211; <a href=\"https:\/\/www.youtube.com\/watch?v=_Gay_wgrMKE\">Massive, zeitgen\u00f6ssische Wanduhr &#8220;Marihuana&#8221; auf Youtube<\/a><\/p>\n<p><strong>Gestaltet und von Hand gefertigt<\/strong> \u2013 Anna Siodelska, Vereinigtes K\u00f6nigreich<\/p>\n<p><strong>Farbe des Zifferblatts<\/strong> \u2013 Marihuana<\/p>\n<p><strong>Farbe des Hintergrundes<\/strong> \u2013 durchsichtig \/ Farbe der Wand<\/p>\n<p><strong>Anmerkung \u2013 <\/strong>Bei der Uhr mit Durchmesser 75 cm (30 Zoll) sind die Zahlzeichen leicht abweichend gestaltet, um sicherzustellen,<br \/>\ndass sie nicht zu d\u00fcnn werden. Ein Beispielbild mit abweichendem Design finden Sie <a href=\"https:\/\/peakart.co.uk\/wp-content\/uploads\/2017\/09\/Unique-Large-Rustic-Grey-Wooden-Wall-Clock-Left.jpg\">hier<\/a><\/p>\n","protected":false},"featured_media":33423,"comment_status":"closed","ping_status":"closed","template":"","meta":[],"product_brand":[],"product_cat":[80],"product_tag":[83,90,87,82,95],"class_list":{"0":"post-6716","1":"product","2":"type-product","3":"status-publish","4":"has-post-thumbnail","6":"product_cat-grosse-wanduhren-handgefertigt","7":"product_tag-grosse-dekorative-wanduhren","8":"product_tag-grosse-skelett-wanduhren-mit-roemischen-zahlzeichen","9":"product_tag-wanduhren-mit-roemischen-zahlzeichen","10":"product_tag-grosse-kuenstlerische-wanduhren","11":"product_tag-skelett-wanduhren","13":"first","14":"instock","15":"sale","16":"taxable","17":"shipping-taxable","18":"purchasable","19":"product-type-variable"},"yoast_head":"<!-- This site is optimized with the Yoast SEO Premium plugin v27.2 (Yoast SEO v27.2) - https:\/\/yoast.com\/product\/yoast-seo-premium-wordpress\/ -->\n<title>Sehr gro\u00dfe moderne Wanduhren | handgefertigt, Durchmesser 100 cm<\/title>\n<meta name=\"description\" content=\"Wie all die anderen modernen Wanduhren von Peak Art ist die &quot;Marihuana&quot; gemacht, um zu beeindrucken. Handgefertigte und handbemalte Uhr im Skelett-Design mit r\u00f6mischen Zahlzeichen.\" \/>\n<meta name=\"robots\" content=\"index, follow, max-snippet:-1, max-image-preview:large, max-video-preview:-1\" \/>\n<link rel=\"canonical\" href=\"https:\/\/peakart.co.uk\/de\/produkt\/grosse-moderne-uhr\/\" \/>\n<meta property=\"og:locale\" content=\"de_DE\" \/>\n<meta property=\"og:type\" content=\"article\" \/>\n<meta property=\"og:title\" content=\"Handgefertigte extra gro\u00dfe moderne Uhr\" \/>\n<meta property=\"og:description\" content=\"Wie all die anderen modernen Wanduhren von Peak Art ist die &quot;Marihuana&quot; gemacht, um zu beeindrucken. Handgefertigte und handbemalte Uhr im Skelett-Design mit r\u00f6mischen Zahlzeichen.\" \/>\n<meta property=\"og:url\" content=\"https:\/\/peakart.co.uk\/de\/produkt\/grosse-moderne-uhr\/\" \/>\n<meta property=\"og:site_name\" content=\"Peak Art\" \/>\n<meta property=\"article:publisher\" content=\"https:\/\/www.facebook.com\/PeakArtClocks\/\" \/>\n<meta property=\"article:modified_time\" content=\"2023-03-23T22:50:12+00:00\" \/>\n<meta property=\"og:image\" content=\"https:\/\/peakart.co.uk\/wp-content\/uploads\/2016\/05\/Very-Large-Modern-Wall-Clocks-Home-Decor-Scale-1.jpg\" \/>\n\t<meta property=\"og:image:width\" content=\"900\" \/>\n\t<meta property=\"og:image:height\" content=\"600\" \/>\n\t<meta property=\"og:image:type\" content=\"image\/jpeg\" \/>\n<meta name=\"twitter:card\" content=\"summary_large_image\" \/>\n<meta name=\"twitter:label1\" content=\"Verf\u00fcgbarkeit\" \/>\n\t<meta name=\"twitter:data1\" content=\"Auf Lager\" \/>\n<script type=\"application\/ld+json\" class=\"yoast-schema-graph\">{\"@context\":\"https:\/\/schema.org\",\"@graph\":[{\"@type\":\"WebPage\",\"@id\":\"https:\/\/peakart.co.uk\/de\/produkt\/grosse-moderne-uhr\/\",\"url\":\"https:\/\/peakart.co.uk\/de\/produkt\/grosse-moderne-uhr\/\",\"name\":\"Sehr gro\u00dfe moderne Wanduhren | handgefertigt, Durchmesser 100 cm\",\"isPartOf\":{\"@id\":\"https:\/\/peakart.co.uk\/de\/#website\"},\"primaryImageOfPage\":{\"@id\":\"https:\/\/peakart.co.uk\/de\/produkt\/grosse-moderne-uhr\/#primaryimage\"},\"image\":{\"@id\":\"https:\/\/peakart.co.uk\/de\/produkt\/grosse-moderne-uhr\/#primaryimage\"},\"thumbnailUrl\":\"https:\/\/peakart.co.uk\/wp-content\/uploads\/2016\/05\/Very-Large-Modern-Wall-Clocks-Home-Decor-Scale-1.jpg\",\"datePublished\":\"2017-10-09T07:45:38+00:00\",\"dateModified\":\"2023-03-23T22:50:12+00:00\",\"description\":\"Wie all die anderen modernen Wanduhren von Peak Art ist die \\\"Marihuana\\\" gemacht, um zu beeindrucken. Handgefertigte und handbemalte Uhr im Skelett-Design mit r\u00f6mischen Zahlzeichen.\",\"breadcrumb\":{\"@id\":\"https:\/\/peakart.co.uk\/de\/produkt\/grosse-moderne-uhr\/#breadcrumb\"},\"inLanguage\":\"de\",\"potentialAction\":[{\"@type\":\"ReadAction\",\"target\":[\"https:\/\/peakart.co.uk\/de\/produkt\/grosse-moderne-uhr\/\"]}]},{\"@type\":\"ImageObject\",\"inLanguage\":\"de\",\"@id\":\"https:\/\/peakart.co.uk\/de\/produkt\/grosse-moderne-uhr\/#primaryimage\",\"url\":\"https:\/\/peakart.co.uk\/wp-content\/uploads\/2016\/05\/Very-Large-Modern-Wall-Clocks-Home-Decor-Scale-1.jpg\",\"contentUrl\":\"https:\/\/peakart.co.uk\/wp-content\/uploads\/2016\/05\/Very-Large-Modern-Wall-Clocks-Home-Decor-Scale-1.jpg\",\"width\":900,\"height\":600},{\"@type\":\"BreadcrumbList\",\"@id\":\"https:\/\/peakart.co.uk\/de\/produkt\/grosse-moderne-uhr\/#breadcrumb\",\"itemListElement\":[{\"@type\":\"ListItem\",\"position\":1,\"name\":\"Home\",\"item\":\"https:\/\/peakart.co.uk\/de\/\"},{\"@type\":\"ListItem\",\"position\":2,\"name\":\"Shop\",\"item\":\"https:\/\/peakart.co.uk\/de\/shop\/\"},{\"@type\":\"ListItem\",\"position\":3,\"name\":\"Handgefertigte extra gro\u00dfe moderne Uhr\"}]},{\"@type\":\"WebSite\",\"@id\":\"https:\/\/peakart.co.uk\/de\/#website\",\"url\":\"https:\/\/peakart.co.uk\/de\/\",\"name\":\"Peak Art\",\"description\":\"\",\"publisher\":{\"@id\":\"https:\/\/peakart.co.uk\/de\/#organization\"},\"potentialAction\":[{\"@type\":\"SearchAction\",\"target\":{\"@type\":\"EntryPoint\",\"urlTemplate\":\"https:\/\/peakart.co.uk\/de\/?s={search_term_string}\"},\"query-input\":{\"@type\":\"PropertyValueSpecification\",\"valueRequired\":true,\"valueName\":\"search_term_string\"}}],\"inLanguage\":\"de\"},{\"@type\":\"Organization\",\"@id\":\"https:\/\/peakart.co.uk\/de\/#organization\",\"name\":\"Peak Art\",\"url\":\"https:\/\/peakart.co.uk\/de\/\",\"logo\":{\"@type\":\"ImageObject\",\"inLanguage\":\"de\",\"@id\":\"https:\/\/peakart.co.uk\/de\/#\/schema\/logo\/image\/\",\"url\":\"https:\/\/peakart.co.uk\/wp-content\/uploads\/2023\/07\/logo-8.jpg\",\"contentUrl\":\"https:\/\/peakart.co.uk\/wp-content\/uploads\/2023\/07\/logo-8.jpg\",\"width\":666,\"height\":259,\"caption\":\"Peak Art\"},\"image\":{\"@id\":\"https:\/\/peakart.co.uk\/de\/#\/schema\/logo\/image\/\"},\"sameAs\":[\"https:\/\/www.facebook.com\/PeakArtClocks\/\"],\"hasMerchantReturnPolicy\":{\"@type\":\"MerchantReturnPolicy\",\"merchantReturnLink\":\"https:\/\/peakart.co.uk\/refund_returns\/\"}}]}<\/script>\n<meta property=\"og:availability\" content=\"instock\" \/>\n<meta property=\"product:availability\" content=\"instock\" \/>\n<meta property=\"product:retailer_item_id\" content=\"PEAKART-33896\" \/>\n<meta property=\"product:condition\" content=\"new\" \/>\n<!-- \/ Yoast SEO Premium plugin. -->","yoast_head_json":{"title":"Sehr gro\u00dfe moderne Wanduhren | handgefertigt, Durchmesser 100 cm","description":"Wie all die anderen modernen Wanduhren von Peak Art ist die \"Marihuana\" gemacht, um zu beeindrucken. Handgefertigte und handbemalte Uhr im Skelett-Design mit r\u00f6mischen Zahlzeichen.","robots":{"index":"index","follow":"follow","max-snippet":"max-snippet:-1","max-image-preview":"max-image-preview:large","max-video-preview":"max-video-preview:-1"},"canonical":"https:\/\/peakart.co.uk\/de\/produkt\/grosse-moderne-uhr\/","og_locale":"de_DE","og_type":"article","og_title":"Handgefertigte extra gro\u00dfe moderne Uhr","og_description":"Wie all die anderen modernen Wanduhren von Peak Art ist die \"Marihuana\" gemacht, um zu beeindrucken. Handgefertigte und handbemalte Uhr im Skelett-Design mit r\u00f6mischen Zahlzeichen.","og_url":"https:\/\/peakart.co.uk\/de\/produkt\/grosse-moderne-uhr\/","og_site_name":"Peak Art","article_publisher":"https:\/\/www.facebook.com\/PeakArtClocks\/","article_modified_time":"2023-03-23T22:50:12+00:00","og_image":[{"width":900,"height":600,"url":"https:\/\/peakart.co.uk\/wp-content\/uploads\/2016\/05\/Very-Large-Modern-Wall-Clocks-Home-Decor-Scale-1.jpg","type":"image\/jpeg"}],"twitter_card":"summary_large_image","twitter_misc":{"Verf\u00fcgbarkeit":"Auf Lager"},"schema":{"@context":"https:\/\/schema.org","@graph":[{"@type":"WebPage","@id":"https:\/\/peakart.co.uk\/de\/produkt\/grosse-moderne-uhr\/","url":"https:\/\/peakart.co.uk\/de\/produkt\/grosse-moderne-uhr\/","name":"Sehr gro\u00dfe moderne Wanduhren | handgefertigt, Durchmesser 100 cm","isPartOf":{"@id":"https:\/\/peakart.co.uk\/de\/#website"},"primaryImageOfPage":{"@id":"https:\/\/peakart.co.uk\/de\/produkt\/grosse-moderne-uhr\/#primaryimage"},"image":{"@id":"https:\/\/peakart.co.uk\/de\/produkt\/grosse-moderne-uhr\/#primaryimage"},"thumbnailUrl":"https:\/\/peakart.co.uk\/wp-content\/uploads\/2016\/05\/Very-Large-Modern-Wall-Clocks-Home-Decor-Scale-1.jpg","datePublished":"2017-10-09T07:45:38+00:00","dateModified":"2023-03-23T22:50:12+00:00","description":"Wie all die anderen modernen Wanduhren von Peak Art ist die \"Marihuana\" gemacht, um zu beeindrucken. Handgefertigte und handbemalte Uhr im Skelett-Design mit r\u00f6mischen Zahlzeichen.","breadcrumb":{"@id":"https:\/\/peakart.co.uk\/de\/produkt\/grosse-moderne-uhr\/#breadcrumb"},"inLanguage":"de","potentialAction":[{"@type":"ReadAction","target":["https:\/\/peakart.co.uk\/de\/produkt\/grosse-moderne-uhr\/"]}]},{"@type":"ImageObject","inLanguage":"de","@id":"https:\/\/peakart.co.uk\/de\/produkt\/grosse-moderne-uhr\/#primaryimage","url":"https:\/\/peakart.co.uk\/wp-content\/uploads\/2016\/05\/Very-Large-Modern-Wall-Clocks-Home-Decor-Scale-1.jpg","contentUrl":"https:\/\/peakart.co.uk\/wp-content\/uploads\/2016\/05\/Very-Large-Modern-Wall-Clocks-Home-Decor-Scale-1.jpg","width":900,"height":600},{"@type":"BreadcrumbList","@id":"https:\/\/peakart.co.uk\/de\/produkt\/grosse-moderne-uhr\/#breadcrumb","itemListElement":[{"@type":"ListItem","position":1,"name":"Home","item":"https:\/\/peakart.co.uk\/de\/"},{"@type":"ListItem","position":2,"name":"Shop","item":"https:\/\/peakart.co.uk\/de\/shop\/"},{"@type":"ListItem","position":3,"name":"Handgefertigte extra gro\u00dfe moderne Uhr"}]},{"@type":"WebSite","@id":"https:\/\/peakart.co.uk\/de\/#website","url":"https:\/\/peakart.co.uk\/de\/","name":"Peak Art","description":"","publisher":{"@id":"https:\/\/peakart.co.uk\/de\/#organization"},"potentialAction":[{"@type":"SearchAction","target":{"@type":"EntryPoint","urlTemplate":"https:\/\/peakart.co.uk\/de\/?s={search_term_string}"},"query-input":{"@type":"PropertyValueSpecification","valueRequired":true,"valueName":"search_term_string"}}],"inLanguage":"de"},{"@type":"Organization","@id":"https:\/\/peakart.co.uk\/de\/#organization","name":"Peak Art","url":"https:\/\/peakart.co.uk\/de\/","logo":{"@type":"ImageObject","inLanguage":"de","@id":"https:\/\/peakart.co.uk\/de\/#\/schema\/logo\/image\/","url":"https:\/\/peakart.co.uk\/wp-content\/uploads\/2023\/07\/logo-8.jpg","contentUrl":"https:\/\/peakart.co.uk\/wp-content\/uploads\/2023\/07\/logo-8.jpg","width":666,"height":259,"caption":"Peak Art"},"image":{"@id":"https:\/\/peakart.co.uk\/de\/#\/schema\/logo\/image\/"},"sameAs":["https:\/\/www.facebook.com\/PeakArtClocks\/"],"hasMerchantReturnPolicy":{"@type":"MerchantReturnPolicy","merchantReturnLink":"https:\/\/peakart.co.uk\/refund_returns\/"}}]},"og_availability":"instock","product_availability":"instock","product_retailer_item_id":"PEAKART-33896","product_condition":"new"},"_links":{"self":[{"href":"https:\/\/peakart.co.uk\/de\/wp-json\/wp\/v2\/product\/6716","targetHints":{"allow":["GET"]}}],"collection":[{"href":"https:\/\/peakart.co.uk\/de\/wp-json\/wp\/v2\/product"}],"about":[{"href":"https:\/\/peakart.co.uk\/de\/wp-json\/wp\/v2\/types\/product"}],"replies":[{"embeddable":true,"href":"https:\/\/peakart.co.uk\/de\/wp-json\/wp\/v2\/comments?post=6716"}],"wp:featuredmedia":[{"embeddable":true,"href":"https:\/\/peakart.co.uk\/de\/wp-json\/wp\/v2\/media\/33423"}],"wp:attachment":[{"href":"https:\/\/peakart.co.uk\/de\/wp-json\/wp\/v2\/media?parent=6716"}],"wp:term":[{"taxonomy":"product_brand","embeddable":true,"href":"https:\/\/peakart.co.uk\/de\/wp-json\/wp\/v2\/product_brand?post=6716"},{"taxonomy":"product_cat","embeddable":true,"href":"https:\/\/peakart.co.uk\/de\/wp-json\/wp\/v2\/product_cat?post=6716"},{"taxonomy":"product_tag","embeddable":true,"href":"https:\/\/peakart.co.uk\/de\/wp-json\/wp\/v2\/product_tag?post=6716"}],"curies":[{"name":"wp","href":"https:\/\/api.w.org\/{rel}","templated":true}]}}