{"id":6707,"date":"2016-10-03T13:57:47","date_gmt":"2017-10-09T07:45:23","guid":{"rendered":"http:\/\/peakart.co.uk\/product\/hochst-delikate-einzigartige-und-extra-grose-wanduhr\/"},"modified":"2023-03-25T11:23:50","modified_gmt":"2023-03-25T11:23:50","slug":"einzigartige-handgefertigte-wanduhr","status":"publish","type":"product","link":"https:\/\/peakart.co.uk\/de\/produkt\/einzigartige-handgefertigte-wanduhr\/","title":{"rendered":"Einzigartige und Extra Gro\u00dfe Wanduhr"},"content":{"rendered":"<h2>Einmalige, extra gro\u00dfe Uhr f\u00fcr die Wand &#8211; Feines, handgearbeitetes Kunstwerk<\/h2>\n<p>Die Uhr &#8220;Korallenriff&#8221; ist eine der einzigartigsten extra gro\u00dfen Wanduhren in unserem Online-Shop. Dieses feine Kunstwerk ist inspiriert von den verschiedenen unterseeischen \u00d6kosystemen, die das Gro\u00dfe Barriereriff bilden. Ein einziger Blick auf dieses rare und zauberhafte Kunstwerk sollte ausreichen, um sagen zu k\u00f6nnen, dass es weltweit keine andere K\u00fcnstler-Wanduhr gleichen Aussehens und gleicher Ausdruckskraft zu kaufen gibt.<\/p>\n<p>M\u00f6chten Sie stolzer Besitzer von etwas so Bemerkenswerten und Einzigartigen sein? Diese atemberaubende Statement-Uhr bereichert Ihr Zuhause mit begeisterndem Charme und f\u00fcllt es mit Magie und nat\u00fcrlicher Sch\u00f6nheit. Falls Sie nach dem wirklich Au\u00dfergew\u00f6hnlichen suchen, das es nirgends sonst zu kaufen gibt, so treten Sie unserer <a href=\"https:\/\/www.facebook.com\/PeakArtClocks\/\">Facebook-Community<\/a> bei, dann sehen wir weiter, wie wir Ihnen helfen k\u00f6nnen.<\/p>\n<p>Peak Art ist zwar eine kostspielige Uhrenmarke, doch die Pers\u00f6nlichkeit und der Charakter, welche Sie mit jedem unserer Produkte erwerben, ist in Geld nicht zu messen. Wenn Sie im Internet suchen, finden Sie niemanden, der Uhren solcher Gr\u00f6\u00dfe mit solcher Leidenschaft, Einzigartigkeit und Vielfalt herstellt. Wir sind weltweit die Ersten, die Uhren in Kunstwerke verwandeln.<\/p>\n<p>&nbsp;<\/p>\n","protected":false},"excerpt":{"rendered":"<p>Die Uhr &#8220;Korallenriff&#8221; ist der j\u00fcngste Zuwachs in unserem Angebot k\u00fcnstlerischer Uhren. Wie alle Uhren von Peak Art ist sie ein handgefertigtes und handbemaltes Kunstwerk mit einmaliger Pers\u00f6nlichkeit. Wenn Sie nach etwas wahrhaft Besonderem suchen, das es nicht im Laden an der Ecke zu kaufen gibt, dann ist diese Uhr f\u00fcr Sie.<\/p>\n<p><strong>Gestaltet und handgefertigt<\/strong> \u2013 Anna Siodelska, Vereinigtes K\u00f6nigreich<\/p>\n<p><strong>Farbe des Zifferblattes<\/strong> \u2013 Korallenriff<\/p>\n<p><strong>Farbe des Hintergrundes<\/strong> \u2013 durchsichtig<\/p>\n","protected":false},"featured_media":32378,"comment_status":"closed","ping_status":"closed","template":"","meta":[],"product_brand":[],"product_cat":[80],"product_tag":[83,82,95],"class_list":{"0":"post-6707","1":"product","2":"type-product","3":"status-publish","4":"has-post-thumbnail","6":"product_cat-grosse-wanduhren-handgefertigt","7":"product_tag-grosse-dekorative-wanduhren","8":"product_tag-grosse-kuenstlerische-wanduhren","9":"product_tag-skelett-wanduhren","11":"first","12":"instock","13":"sale","14":"taxable","15":"shipping-taxable","16":"purchasable","17":"product-type-variable"},"yoast_head":"<!-- This site is optimized with the Yoast SEO Premium plugin v27.2 (Yoast SEO v27.2) - https:\/\/yoast.com\/product\/yoast-seo-premium-wordpress\/ -->\n<title>Einzigartige und Extra Gro\u00dfe Wanduhr 75-120cm<\/title>\n<meta name=\"description\" content=\"Die Uhr &quot;Korallenriff&quot; ist das erstaunlichste Wanduhr-Unikat, das Sie \u00fcberhaupt finden k\u00f6nnten. Sie ist handgefertigt, handbemalt und ein 100 cm gro\u00dfes, kostspieliges Kunstwerk mit Aussage.\" \/>\n<meta name=\"robots\" content=\"index, follow, max-snippet:-1, max-image-preview:large, max-video-preview:-1\" \/>\n<link rel=\"canonical\" href=\"https:\/\/peakart.co.uk\/de\/produkt\/einzigartige-handgefertigte-wanduhr\/\" \/>\n<meta property=\"og:locale\" content=\"de_DE\" \/>\n<meta property=\"og:type\" content=\"article\" \/>\n<meta property=\"og:title\" content=\"Einzigartige und Extra Gro\u00dfe Wanduhr\" \/>\n<meta property=\"og:description\" content=\"Die Uhr &quot;Korallenriff&quot; ist das erstaunlichste Wanduhr-Unikat, das Sie \u00fcberhaupt finden k\u00f6nnten. Sie ist handgefertigt, handbemalt und ein 100 cm gro\u00dfes, kostspieliges Kunstwerk mit Aussage.\" \/>\n<meta property=\"og:url\" content=\"https:\/\/peakart.co.uk\/de\/produkt\/einzigartige-handgefertigte-wanduhr\/\" \/>\n<meta property=\"og:site_name\" content=\"Peak Art\" \/>\n<meta property=\"article:publisher\" content=\"https:\/\/www.facebook.com\/PeakArtClocks\/\" \/>\n<meta property=\"article:modified_time\" content=\"2023-03-25T11:23:50+00:00\" \/>\n<meta property=\"og:image\" content=\"https:\/\/peakart.co.uk\/wp-content\/uploads\/2016\/10\/Oversize-Skeleton-Artistic-Wall-Clock-Coral-Reef-Zoom-1-scaled.jpg\" \/>\n\t<meta property=\"og:image:width\" content=\"2560\" \/>\n\t<meta property=\"og:image:height\" content=\"1764\" \/>\n\t<meta property=\"og:image:type\" content=\"image\/jpeg\" \/>\n<meta name=\"twitter:card\" content=\"summary_large_image\" \/>\n<meta name=\"twitter:label1\" content=\"Verf\u00fcgbarkeit\" \/>\n\t<meta name=\"twitter:data1\" content=\"Auf Lager\" \/>\n<script type=\"application\/ld+json\" class=\"yoast-schema-graph\">{\"@context\":\"https:\/\/schema.org\",\"@graph\":[{\"@type\":\"WebPage\",\"@id\":\"https:\/\/peakart.co.uk\/de\/produkt\/einzigartige-handgefertigte-wanduhr\/\",\"url\":\"https:\/\/peakart.co.uk\/de\/produkt\/einzigartige-handgefertigte-wanduhr\/\",\"name\":\"Einzigartige und Extra Gro\u00dfe Wanduhr 75-120cm\",\"isPartOf\":{\"@id\":\"https:\/\/peakart.co.uk\/de\/#website\"},\"primaryImageOfPage\":{\"@id\":\"https:\/\/peakart.co.uk\/de\/produkt\/einzigartige-handgefertigte-wanduhr\/#primaryimage\"},\"image\":{\"@id\":\"https:\/\/peakart.co.uk\/de\/produkt\/einzigartige-handgefertigte-wanduhr\/#primaryimage\"},\"thumbnailUrl\":\"https:\/\/peakart.co.uk\/wp-content\/uploads\/2016\/10\/Oversize-Skeleton-Artistic-Wall-Clock-Coral-Reef-Zoom-1-scaled.jpg\",\"datePublished\":\"2017-10-09T07:45:23+00:00\",\"dateModified\":\"2023-03-25T11:23:50+00:00\",\"description\":\"Die Uhr \\\"Korallenriff\\\" ist das erstaunlichste Wanduhr-Unikat, das Sie \u00fcberhaupt finden k\u00f6nnten. Sie ist handgefertigt, handbemalt und ein 100 cm gro\u00dfes, kostspieliges Kunstwerk mit Aussage.\",\"breadcrumb\":{\"@id\":\"https:\/\/peakart.co.uk\/de\/produkt\/einzigartige-handgefertigte-wanduhr\/#breadcrumb\"},\"inLanguage\":\"de\",\"potentialAction\":[{\"@type\":\"ReadAction\",\"target\":[\"https:\/\/peakart.co.uk\/de\/produkt\/einzigartige-handgefertigte-wanduhr\/\"]}]},{\"@type\":\"ImageObject\",\"inLanguage\":\"de\",\"@id\":\"https:\/\/peakart.co.uk\/de\/produkt\/einzigartige-handgefertigte-wanduhr\/#primaryimage\",\"url\":\"https:\/\/peakart.co.uk\/wp-content\/uploads\/2016\/10\/Oversize-Skeleton-Artistic-Wall-Clock-Coral-Reef-Zoom-1-scaled.jpg\",\"contentUrl\":\"https:\/\/peakart.co.uk\/wp-content\/uploads\/2016\/10\/Oversize-Skeleton-Artistic-Wall-Clock-Coral-Reef-Zoom-1-scaled.jpg\",\"width\":2560,\"height\":1764},{\"@type\":\"BreadcrumbList\",\"@id\":\"https:\/\/peakart.co.uk\/de\/produkt\/einzigartige-handgefertigte-wanduhr\/#breadcrumb\",\"itemListElement\":[{\"@type\":\"ListItem\",\"position\":1,\"name\":\"Home\",\"item\":\"https:\/\/peakart.co.uk\/de\/\"},{\"@type\":\"ListItem\",\"position\":2,\"name\":\"Shop\",\"item\":\"https:\/\/peakart.co.uk\/de\/shop\/\"},{\"@type\":\"ListItem\",\"position\":3,\"name\":\"Einzigartige und Extra Gro\u00dfe Wanduhr\"}]},{\"@type\":\"WebSite\",\"@id\":\"https:\/\/peakart.co.uk\/de\/#website\",\"url\":\"https:\/\/peakart.co.uk\/de\/\",\"name\":\"Peak Art\",\"description\":\"\",\"publisher\":{\"@id\":\"https:\/\/peakart.co.uk\/de\/#organization\"},\"potentialAction\":[{\"@type\":\"SearchAction\",\"target\":{\"@type\":\"EntryPoint\",\"urlTemplate\":\"https:\/\/peakart.co.uk\/de\/?s={search_term_string}\"},\"query-input\":{\"@type\":\"PropertyValueSpecification\",\"valueRequired\":true,\"valueName\":\"search_term_string\"}}],\"inLanguage\":\"de\"},{\"@type\":\"Organization\",\"@id\":\"https:\/\/peakart.co.uk\/de\/#organization\",\"name\":\"Peak Art\",\"url\":\"https:\/\/peakart.co.uk\/de\/\",\"logo\":{\"@type\":\"ImageObject\",\"inLanguage\":\"de\",\"@id\":\"https:\/\/peakart.co.uk\/de\/#\/schema\/logo\/image\/\",\"url\":\"https:\/\/peakart.co.uk\/wp-content\/uploads\/2023\/07\/logo-8.jpg\",\"contentUrl\":\"https:\/\/peakart.co.uk\/wp-content\/uploads\/2023\/07\/logo-8.jpg\",\"width\":666,\"height\":259,\"caption\":\"Peak Art\"},\"image\":{\"@id\":\"https:\/\/peakart.co.uk\/de\/#\/schema\/logo\/image\/\"},\"sameAs\":[\"https:\/\/www.facebook.com\/PeakArtClocks\/\"],\"hasMerchantReturnPolicy\":{\"@type\":\"MerchantReturnPolicy\",\"merchantReturnLink\":\"https:\/\/peakart.co.uk\/refund_returns\/\"}}]}<\/script>\n<meta property=\"og:availability\" content=\"instock\" \/>\n<meta property=\"product:availability\" content=\"instock\" \/>\n<meta property=\"product:retailer_item_id\" content=\"PEAKART-17262\" \/>\n<meta property=\"product:condition\" content=\"new\" \/>\n<!-- \/ Yoast SEO Premium plugin. -->","yoast_head_json":{"title":"Einzigartige und Extra Gro\u00dfe Wanduhr 75-120cm","description":"Die Uhr \"Korallenriff\" ist das erstaunlichste Wanduhr-Unikat, das Sie \u00fcberhaupt finden k\u00f6nnten. Sie ist handgefertigt, handbemalt und ein 100 cm gro\u00dfes, kostspieliges Kunstwerk mit Aussage.","robots":{"index":"index","follow":"follow","max-snippet":"max-snippet:-1","max-image-preview":"max-image-preview:large","max-video-preview":"max-video-preview:-1"},"canonical":"https:\/\/peakart.co.uk\/de\/produkt\/einzigartige-handgefertigte-wanduhr\/","og_locale":"de_DE","og_type":"article","og_title":"Einzigartige und Extra Gro\u00dfe Wanduhr","og_description":"Die Uhr \"Korallenriff\" ist das erstaunlichste Wanduhr-Unikat, das Sie \u00fcberhaupt finden k\u00f6nnten. Sie ist handgefertigt, handbemalt und ein 100 cm gro\u00dfes, kostspieliges Kunstwerk mit Aussage.","og_url":"https:\/\/peakart.co.uk\/de\/produkt\/einzigartige-handgefertigte-wanduhr\/","og_site_name":"Peak Art","article_publisher":"https:\/\/www.facebook.com\/PeakArtClocks\/","article_modified_time":"2023-03-25T11:23:50+00:00","og_image":[{"width":2560,"height":1764,"url":"https:\/\/peakart.co.uk\/wp-content\/uploads\/2016\/10\/Oversize-Skeleton-Artistic-Wall-Clock-Coral-Reef-Zoom-1-scaled.jpg","type":"image\/jpeg"}],"twitter_card":"summary_large_image","twitter_misc":{"Verf\u00fcgbarkeit":"Auf Lager"},"schema":{"@context":"https:\/\/schema.org","@graph":[{"@type":"WebPage","@id":"https:\/\/peakart.co.uk\/de\/produkt\/einzigartige-handgefertigte-wanduhr\/","url":"https:\/\/peakart.co.uk\/de\/produkt\/einzigartige-handgefertigte-wanduhr\/","name":"Einzigartige und Extra Gro\u00dfe Wanduhr 75-120cm","isPartOf":{"@id":"https:\/\/peakart.co.uk\/de\/#website"},"primaryImageOfPage":{"@id":"https:\/\/peakart.co.uk\/de\/produkt\/einzigartige-handgefertigte-wanduhr\/#primaryimage"},"image":{"@id":"https:\/\/peakart.co.uk\/de\/produkt\/einzigartige-handgefertigte-wanduhr\/#primaryimage"},"thumbnailUrl":"https:\/\/peakart.co.uk\/wp-content\/uploads\/2016\/10\/Oversize-Skeleton-Artistic-Wall-Clock-Coral-Reef-Zoom-1-scaled.jpg","datePublished":"2017-10-09T07:45:23+00:00","dateModified":"2023-03-25T11:23:50+00:00","description":"Die Uhr \"Korallenriff\" ist das erstaunlichste Wanduhr-Unikat, das Sie \u00fcberhaupt finden k\u00f6nnten. Sie ist handgefertigt, handbemalt und ein 100 cm gro\u00dfes, kostspieliges Kunstwerk mit Aussage.","breadcrumb":{"@id":"https:\/\/peakart.co.uk\/de\/produkt\/einzigartige-handgefertigte-wanduhr\/#breadcrumb"},"inLanguage":"de","potentialAction":[{"@type":"ReadAction","target":["https:\/\/peakart.co.uk\/de\/produkt\/einzigartige-handgefertigte-wanduhr\/"]}]},{"@type":"ImageObject","inLanguage":"de","@id":"https:\/\/peakart.co.uk\/de\/produkt\/einzigartige-handgefertigte-wanduhr\/#primaryimage","url":"https:\/\/peakart.co.uk\/wp-content\/uploads\/2016\/10\/Oversize-Skeleton-Artistic-Wall-Clock-Coral-Reef-Zoom-1-scaled.jpg","contentUrl":"https:\/\/peakart.co.uk\/wp-content\/uploads\/2016\/10\/Oversize-Skeleton-Artistic-Wall-Clock-Coral-Reef-Zoom-1-scaled.jpg","width":2560,"height":1764},{"@type":"BreadcrumbList","@id":"https:\/\/peakart.co.uk\/de\/produkt\/einzigartige-handgefertigte-wanduhr\/#breadcrumb","itemListElement":[{"@type":"ListItem","position":1,"name":"Home","item":"https:\/\/peakart.co.uk\/de\/"},{"@type":"ListItem","position":2,"name":"Shop","item":"https:\/\/peakart.co.uk\/de\/shop\/"},{"@type":"ListItem","position":3,"name":"Einzigartige und Extra Gro\u00dfe Wanduhr"}]},{"@type":"WebSite","@id":"https:\/\/peakart.co.uk\/de\/#website","url":"https:\/\/peakart.co.uk\/de\/","name":"Peak Art","description":"","publisher":{"@id":"https:\/\/peakart.co.uk\/de\/#organization"},"potentialAction":[{"@type":"SearchAction","target":{"@type":"EntryPoint","urlTemplate":"https:\/\/peakart.co.uk\/de\/?s={search_term_string}"},"query-input":{"@type":"PropertyValueSpecification","valueRequired":true,"valueName":"search_term_string"}}],"inLanguage":"de"},{"@type":"Organization","@id":"https:\/\/peakart.co.uk\/de\/#organization","name":"Peak Art","url":"https:\/\/peakart.co.uk\/de\/","logo":{"@type":"ImageObject","inLanguage":"de","@id":"https:\/\/peakart.co.uk\/de\/#\/schema\/logo\/image\/","url":"https:\/\/peakart.co.uk\/wp-content\/uploads\/2023\/07\/logo-8.jpg","contentUrl":"https:\/\/peakart.co.uk\/wp-content\/uploads\/2023\/07\/logo-8.jpg","width":666,"height":259,"caption":"Peak Art"},"image":{"@id":"https:\/\/peakart.co.uk\/de\/#\/schema\/logo\/image\/"},"sameAs":["https:\/\/www.facebook.com\/PeakArtClocks\/"],"hasMerchantReturnPolicy":{"@type":"MerchantReturnPolicy","merchantReturnLink":"https:\/\/peakart.co.uk\/refund_returns\/"}}]},"og_availability":"instock","product_availability":"instock","product_retailer_item_id":"PEAKART-17262","product_condition":"new"},"_links":{"self":[{"href":"https:\/\/peakart.co.uk\/de\/wp-json\/wp\/v2\/product\/6707","targetHints":{"allow":["GET"]}}],"collection":[{"href":"https:\/\/peakart.co.uk\/de\/wp-json\/wp\/v2\/product"}],"about":[{"href":"https:\/\/peakart.co.uk\/de\/wp-json\/wp\/v2\/types\/product"}],"replies":[{"embeddable":true,"href":"https:\/\/peakart.co.uk\/de\/wp-json\/wp\/v2\/comments?post=6707"}],"wp:featuredmedia":[{"embeddable":true,"href":"https:\/\/peakart.co.uk\/de\/wp-json\/wp\/v2\/media\/32378"}],"wp:attachment":[{"href":"https:\/\/peakart.co.uk\/de\/wp-json\/wp\/v2\/media?parent=6707"}],"wp:term":[{"taxonomy":"product_brand","embeddable":true,"href":"https:\/\/peakart.co.uk\/de\/wp-json\/wp\/v2\/product_brand?post=6707"},{"taxonomy":"product_cat","embeddable":true,"href":"https:\/\/peakart.co.uk\/de\/wp-json\/wp\/v2\/product_cat?post=6707"},{"taxonomy":"product_tag","embeddable":true,"href":"https:\/\/peakart.co.uk\/de\/wp-json\/wp\/v2\/product_tag?post=6707"}],"curies":[{"name":"wp","href":"https:\/\/api.w.org\/{rel}","templated":true}]}}