{"id":6697,"date":"2017-02-10T17:16:39","date_gmt":"2017-10-09T07:45:14","guid":{"rendered":"http:\/\/peakart.co.uk\/product\/extravagante-handgefertigte-wanduhr-im-landhausstil\/"},"modified":"2023-03-27T08:59:33","modified_gmt":"2023-03-27T07:59:33","slug":"handgefertigte-wanduhr-im-landhausstil","status":"publish","type":"product","link":"https:\/\/peakart.co.uk\/de\/produkt\/handgefertigte-wanduhr-im-landhausstil\/","title":{"rendered":"Handgefertigte Wanduhr im Landhausstil"},"content":{"rendered":"<h2>Extravagante Wanduhr im Landhausstil.<\/h2>\n<p>Von Zeit zu Zeit muss ich etwas ausprobieren und etwas g\u00e4nzlich Neues und Ungew\u00f6hnliches schaffen. Diese exzentrische handgefertigte Uhr aus Holz ist das Ergebnis meiner langandauernden Faszination von altem, angelaufenem Kupfer. Ich wollte eine Uhr schaffen, die in einem alten Bauernhaus oder schicken Landhaus klasse aussehen w\u00fcrde.<\/p>\n<p>Jede k\u00fcnstlerische Wanduhr aus unserer Kollektion hinterl\u00e4\u00dft bei den Leuten, die sie zu sehen bekommen, einen nachhaltigen Eindruck, doch diejenige, die hier zu sehen ist, ist so einmalig und ungew\u00f6hnlich, dass sie beinahe unm\u00f6glich zu reproduzieren ist. W\u00fcrden Sie etwas so Bemerkenswertes in Ihrem Hausflur aufh\u00e4ngen? Stellen Sie sich nur alls Gespr\u00e4che rund um den Esstisch mit Ihren G\u00e4sten vor, die dieses Kunstwerk bestaunen.<\/p>\n<p>Peak Art Clocks sind ein kleiner, wachsender Familienbetrieb mit Tausenden von Followern in seiner <a href=\"https:\/\/www.facebook.com\/PeakArtClocks\/\">Facebook-Community<\/a>. Durch die Einf\u00fchrung einer breiten Palette h\u00fcbscher,\u00a0handgefertigter Wanduhren auf dem Online-Markt hoffen wir, weltweite Trends bei der Inneneinrichtung zu \u00e4ndern. Ist es nicht viel stilvoller, ein beeindruckendes Kunstwerk anstelle des \u00fcblichen gro\u00dfen Spiegels als Vorzeigeobjekt zu haben?<\/p>\n","protected":false},"excerpt":{"rendered":"<p><strong>Gestaltet und von Hand gefertigt<\/strong> \u2013 Anna Siodelska, Vereinigtes K\u00f6nigreich<\/p>\n<p><strong>Farbe des Zifferblattes<\/strong> \u2013 schwarz \/ blau<\/p>\n<p><strong>Farbe des Hintergrundes<\/strong> \u2013 kupferfarben \/ transparent \/ Farbe der Wand<\/p>\n","protected":false},"featured_media":31276,"comment_status":"closed","ping_status":"closed","template":"","meta":[],"product_brand":[],"product_cat":[80],"product_tag":[83,82],"class_list":{"0":"post-6697","1":"product","2":"type-product","3":"status-publish","4":"has-post-thumbnail","6":"product_cat-grosse-wanduhren-handgefertigt","7":"product_tag-grosse-dekorative-wanduhren","8":"product_tag-grosse-kuenstlerische-wanduhren","10":"first","11":"outofstock","12":"taxable","13":"shipping-taxable","14":"product-type-variable"},"yoast_head":"<!-- This site is optimized with the Yoast SEO Premium plugin v27.2 (Yoast SEO v27.2) - https:\/\/yoast.com\/product\/yoast-seo-premium-wordpress\/ -->\n<title>\u00dcbergro\u00dfe und extravagante Wanduhr, 75 cm, dunkel und kupferfarben<\/title>\n<meta name=\"description\" content=\"Diese h\u00f6chst extravagante Wanduhr ist von Hand gefertigt und mit kupferfarbenem Hintergrund und dunklem Zifferblatt bemalt. Ideal f\u00fcr ein stilvolles Landhaus oder ein ungew\u00f6hnliches Bauernhaus.\" \/>\n<meta name=\"robots\" content=\"index, follow, max-snippet:-1, max-image-preview:large, max-video-preview:-1\" \/>\n<link rel=\"canonical\" href=\"https:\/\/peakart.co.uk\/de\/produkt\/handgefertigte-wanduhr-im-landhausstil\/\" \/>\n<meta property=\"og:locale\" content=\"de_DE\" \/>\n<meta property=\"og:type\" content=\"article\" \/>\n<meta property=\"og:title\" content=\"Handgefertigte Wanduhr im Landhausstil\" \/>\n<meta property=\"og:description\" content=\"Diese h\u00f6chst extravagante Wanduhr ist von Hand gefertigt und mit kupferfarbenem Hintergrund und dunklem Zifferblatt bemalt. Ideal f\u00fcr ein stilvolles Landhaus oder ein ungew\u00f6hnliches Bauernhaus.\" \/>\n<meta property=\"og:url\" content=\"https:\/\/peakart.co.uk\/de\/produkt\/handgefertigte-wanduhr-im-landhausstil\/\" \/>\n<meta property=\"og:site_name\" content=\"Peak Art\" \/>\n<meta property=\"article:publisher\" content=\"https:\/\/www.facebook.com\/PeakArtClocks\/\" \/>\n<meta property=\"article:modified_time\" content=\"2023-03-27T07:59:33+00:00\" \/>\n<meta property=\"og:image\" content=\"https:\/\/peakart.co.uk\/wp-content\/uploads\/2017\/02\/Large-Handmade-Shabby-Wall-Clock-Cottage-Black-Front-400x400-1.jpg\" \/>\n\t<meta property=\"og:image:width\" content=\"392\" \/>\n\t<meta property=\"og:image:height\" content=\"392\" \/>\n\t<meta property=\"og:image:type\" content=\"image\/jpeg\" \/>\n<meta name=\"twitter:card\" content=\"summary_large_image\" \/>\n<meta name=\"twitter:label1\" content=\"Verf\u00fcgbarkeit\" \/>\n\t<meta name=\"twitter:data1\" content=\"ausverkauft\" \/>\n<script type=\"application\/ld+json\" class=\"yoast-schema-graph\">{\"@context\":\"https:\/\/schema.org\",\"@graph\":[{\"@type\":\"WebPage\",\"@id\":\"https:\/\/peakart.co.uk\/de\/produkt\/handgefertigte-wanduhr-im-landhausstil\/\",\"url\":\"https:\/\/peakart.co.uk\/de\/produkt\/handgefertigte-wanduhr-im-landhausstil\/\",\"name\":\"\u00dcbergro\u00dfe und extravagante Wanduhr, 75 cm, dunkel und kupferfarben\",\"isPartOf\":{\"@id\":\"https:\/\/peakart.co.uk\/de\/#website\"},\"primaryImageOfPage\":{\"@id\":\"https:\/\/peakart.co.uk\/de\/produkt\/handgefertigte-wanduhr-im-landhausstil\/#primaryimage\"},\"image\":{\"@id\":\"https:\/\/peakart.co.uk\/de\/produkt\/handgefertigte-wanduhr-im-landhausstil\/#primaryimage\"},\"thumbnailUrl\":\"https:\/\/peakart.co.uk\/wp-content\/uploads\/2017\/02\/Large-Handmade-Shabby-Wall-Clock-Cottage-Black-Front-400x400-1.jpg\",\"datePublished\":\"2017-10-09T07:45:14+00:00\",\"dateModified\":\"2023-03-27T07:59:33+00:00\",\"description\":\"Diese h\u00f6chst extravagante Wanduhr ist von Hand gefertigt und mit kupferfarbenem Hintergrund und dunklem Zifferblatt bemalt. Ideal f\u00fcr ein stilvolles Landhaus oder ein ungew\u00f6hnliches Bauernhaus.\",\"breadcrumb\":{\"@id\":\"https:\/\/peakart.co.uk\/de\/produkt\/handgefertigte-wanduhr-im-landhausstil\/#breadcrumb\"},\"inLanguage\":\"de\",\"potentialAction\":[{\"@type\":\"ReadAction\",\"target\":[\"https:\/\/peakart.co.uk\/de\/produkt\/handgefertigte-wanduhr-im-landhausstil\/\"]}]},{\"@type\":\"ImageObject\",\"inLanguage\":\"de\",\"@id\":\"https:\/\/peakart.co.uk\/de\/produkt\/handgefertigte-wanduhr-im-landhausstil\/#primaryimage\",\"url\":\"https:\/\/peakart.co.uk\/wp-content\/uploads\/2017\/02\/Large-Handmade-Shabby-Wall-Clock-Cottage-Black-Front-400x400-1.jpg\",\"contentUrl\":\"https:\/\/peakart.co.uk\/wp-content\/uploads\/2017\/02\/Large-Handmade-Shabby-Wall-Clock-Cottage-Black-Front-400x400-1.jpg\",\"width\":392,\"height\":392,\"caption\":\"Peak Art - Cottage\"},{\"@type\":\"BreadcrumbList\",\"@id\":\"https:\/\/peakart.co.uk\/de\/produkt\/handgefertigte-wanduhr-im-landhausstil\/#breadcrumb\",\"itemListElement\":[{\"@type\":\"ListItem\",\"position\":1,\"name\":\"Home\",\"item\":\"https:\/\/peakart.co.uk\/de\/\"},{\"@type\":\"ListItem\",\"position\":2,\"name\":\"Shop\",\"item\":\"https:\/\/peakart.co.uk\/de\/shop\/\"},{\"@type\":\"ListItem\",\"position\":3,\"name\":\"Handgefertigte Wanduhr im Landhausstil\"}]},{\"@type\":\"WebSite\",\"@id\":\"https:\/\/peakart.co.uk\/de\/#website\",\"url\":\"https:\/\/peakart.co.uk\/de\/\",\"name\":\"Peak Art\",\"description\":\"\",\"publisher\":{\"@id\":\"https:\/\/peakart.co.uk\/de\/#organization\"},\"potentialAction\":[{\"@type\":\"SearchAction\",\"target\":{\"@type\":\"EntryPoint\",\"urlTemplate\":\"https:\/\/peakart.co.uk\/de\/?s={search_term_string}\"},\"query-input\":{\"@type\":\"PropertyValueSpecification\",\"valueRequired\":true,\"valueName\":\"search_term_string\"}}],\"inLanguage\":\"de\"},{\"@type\":\"Organization\",\"@id\":\"https:\/\/peakart.co.uk\/de\/#organization\",\"name\":\"Peak Art\",\"url\":\"https:\/\/peakart.co.uk\/de\/\",\"logo\":{\"@type\":\"ImageObject\",\"inLanguage\":\"de\",\"@id\":\"https:\/\/peakart.co.uk\/de\/#\/schema\/logo\/image\/\",\"url\":\"https:\/\/peakart.co.uk\/wp-content\/uploads\/2023\/07\/logo-8.jpg\",\"contentUrl\":\"https:\/\/peakart.co.uk\/wp-content\/uploads\/2023\/07\/logo-8.jpg\",\"width\":666,\"height\":259,\"caption\":\"Peak Art\"},\"image\":{\"@id\":\"https:\/\/peakart.co.uk\/de\/#\/schema\/logo\/image\/\"},\"sameAs\":[\"https:\/\/www.facebook.com\/PeakArtClocks\/\"],\"hasMerchantReturnPolicy\":{\"@type\":\"MerchantReturnPolicy\",\"merchantReturnLink\":\"https:\/\/peakart.co.uk\/refund_returns\/\"}}]}<\/script>\n<meta property=\"og:availability\" content=\"out of stock\" \/>\n<meta property=\"product:availability\" content=\"out of stock\" \/>\n<meta property=\"product:retailer_item_id\" content=\"PEAKART-91267\" \/>\n<meta property=\"product:condition\" content=\"new\" \/>\n<!-- \/ Yoast SEO Premium plugin. -->","yoast_head_json":{"title":"\u00dcbergro\u00dfe und extravagante Wanduhr, 75 cm, dunkel und kupferfarben","description":"Diese h\u00f6chst extravagante Wanduhr ist von Hand gefertigt und mit kupferfarbenem Hintergrund und dunklem Zifferblatt bemalt. Ideal f\u00fcr ein stilvolles Landhaus oder ein ungew\u00f6hnliches Bauernhaus.","robots":{"index":"index","follow":"follow","max-snippet":"max-snippet:-1","max-image-preview":"max-image-preview:large","max-video-preview":"max-video-preview:-1"},"canonical":"https:\/\/peakart.co.uk\/de\/produkt\/handgefertigte-wanduhr-im-landhausstil\/","og_locale":"de_DE","og_type":"article","og_title":"Handgefertigte Wanduhr im Landhausstil","og_description":"Diese h\u00f6chst extravagante Wanduhr ist von Hand gefertigt und mit kupferfarbenem Hintergrund und dunklem Zifferblatt bemalt. Ideal f\u00fcr ein stilvolles Landhaus oder ein ungew\u00f6hnliches Bauernhaus.","og_url":"https:\/\/peakart.co.uk\/de\/produkt\/handgefertigte-wanduhr-im-landhausstil\/","og_site_name":"Peak Art","article_publisher":"https:\/\/www.facebook.com\/PeakArtClocks\/","article_modified_time":"2023-03-27T07:59:33+00:00","og_image":[{"width":392,"height":392,"url":"https:\/\/peakart.co.uk\/wp-content\/uploads\/2017\/02\/Large-Handmade-Shabby-Wall-Clock-Cottage-Black-Front-400x400-1.jpg","type":"image\/jpeg"}],"twitter_card":"summary_large_image","twitter_misc":{"Verf\u00fcgbarkeit":"ausverkauft"},"schema":{"@context":"https:\/\/schema.org","@graph":[{"@type":"WebPage","@id":"https:\/\/peakart.co.uk\/de\/produkt\/handgefertigte-wanduhr-im-landhausstil\/","url":"https:\/\/peakart.co.uk\/de\/produkt\/handgefertigte-wanduhr-im-landhausstil\/","name":"\u00dcbergro\u00dfe und extravagante Wanduhr, 75 cm, dunkel und kupferfarben","isPartOf":{"@id":"https:\/\/peakart.co.uk\/de\/#website"},"primaryImageOfPage":{"@id":"https:\/\/peakart.co.uk\/de\/produkt\/handgefertigte-wanduhr-im-landhausstil\/#primaryimage"},"image":{"@id":"https:\/\/peakart.co.uk\/de\/produkt\/handgefertigte-wanduhr-im-landhausstil\/#primaryimage"},"thumbnailUrl":"https:\/\/peakart.co.uk\/wp-content\/uploads\/2017\/02\/Large-Handmade-Shabby-Wall-Clock-Cottage-Black-Front-400x400-1.jpg","datePublished":"2017-10-09T07:45:14+00:00","dateModified":"2023-03-27T07:59:33+00:00","description":"Diese h\u00f6chst extravagante Wanduhr ist von Hand gefertigt und mit kupferfarbenem Hintergrund und dunklem Zifferblatt bemalt. Ideal f\u00fcr ein stilvolles Landhaus oder ein ungew\u00f6hnliches Bauernhaus.","breadcrumb":{"@id":"https:\/\/peakart.co.uk\/de\/produkt\/handgefertigte-wanduhr-im-landhausstil\/#breadcrumb"},"inLanguage":"de","potentialAction":[{"@type":"ReadAction","target":["https:\/\/peakart.co.uk\/de\/produkt\/handgefertigte-wanduhr-im-landhausstil\/"]}]},{"@type":"ImageObject","inLanguage":"de","@id":"https:\/\/peakart.co.uk\/de\/produkt\/handgefertigte-wanduhr-im-landhausstil\/#primaryimage","url":"https:\/\/peakart.co.uk\/wp-content\/uploads\/2017\/02\/Large-Handmade-Shabby-Wall-Clock-Cottage-Black-Front-400x400-1.jpg","contentUrl":"https:\/\/peakart.co.uk\/wp-content\/uploads\/2017\/02\/Large-Handmade-Shabby-Wall-Clock-Cottage-Black-Front-400x400-1.jpg","width":392,"height":392,"caption":"Peak Art - Cottage"},{"@type":"BreadcrumbList","@id":"https:\/\/peakart.co.uk\/de\/produkt\/handgefertigte-wanduhr-im-landhausstil\/#breadcrumb","itemListElement":[{"@type":"ListItem","position":1,"name":"Home","item":"https:\/\/peakart.co.uk\/de\/"},{"@type":"ListItem","position":2,"name":"Shop","item":"https:\/\/peakart.co.uk\/de\/shop\/"},{"@type":"ListItem","position":3,"name":"Handgefertigte Wanduhr im Landhausstil"}]},{"@type":"WebSite","@id":"https:\/\/peakart.co.uk\/de\/#website","url":"https:\/\/peakart.co.uk\/de\/","name":"Peak Art","description":"","publisher":{"@id":"https:\/\/peakart.co.uk\/de\/#organization"},"potentialAction":[{"@type":"SearchAction","target":{"@type":"EntryPoint","urlTemplate":"https:\/\/peakart.co.uk\/de\/?s={search_term_string}"},"query-input":{"@type":"PropertyValueSpecification","valueRequired":true,"valueName":"search_term_string"}}],"inLanguage":"de"},{"@type":"Organization","@id":"https:\/\/peakart.co.uk\/de\/#organization","name":"Peak Art","url":"https:\/\/peakart.co.uk\/de\/","logo":{"@type":"ImageObject","inLanguage":"de","@id":"https:\/\/peakart.co.uk\/de\/#\/schema\/logo\/image\/","url":"https:\/\/peakart.co.uk\/wp-content\/uploads\/2023\/07\/logo-8.jpg","contentUrl":"https:\/\/peakart.co.uk\/wp-content\/uploads\/2023\/07\/logo-8.jpg","width":666,"height":259,"caption":"Peak Art"},"image":{"@id":"https:\/\/peakart.co.uk\/de\/#\/schema\/logo\/image\/"},"sameAs":["https:\/\/www.facebook.com\/PeakArtClocks\/"],"hasMerchantReturnPolicy":{"@type":"MerchantReturnPolicy","merchantReturnLink":"https:\/\/peakart.co.uk\/refund_returns\/"}}]},"og_availability":"out of stock","product_availability":"out of stock","product_retailer_item_id":"PEAKART-91267","product_condition":"new"},"_links":{"self":[{"href":"https:\/\/peakart.co.uk\/de\/wp-json\/wp\/v2\/product\/6697","targetHints":{"allow":["GET"]}}],"collection":[{"href":"https:\/\/peakart.co.uk\/de\/wp-json\/wp\/v2\/product"}],"about":[{"href":"https:\/\/peakart.co.uk\/de\/wp-json\/wp\/v2\/types\/product"}],"replies":[{"embeddable":true,"href":"https:\/\/peakart.co.uk\/de\/wp-json\/wp\/v2\/comments?post=6697"}],"wp:featuredmedia":[{"embeddable":true,"href":"https:\/\/peakart.co.uk\/de\/wp-json\/wp\/v2\/media\/31276"}],"wp:attachment":[{"href":"https:\/\/peakart.co.uk\/de\/wp-json\/wp\/v2\/media?parent=6697"}],"wp:term":[{"taxonomy":"product_brand","embeddable":true,"href":"https:\/\/peakart.co.uk\/de\/wp-json\/wp\/v2\/product_brand?post=6697"},{"taxonomy":"product_cat","embeddable":true,"href":"https:\/\/peakart.co.uk\/de\/wp-json\/wp\/v2\/product_cat?post=6697"},{"taxonomy":"product_tag","embeddable":true,"href":"https:\/\/peakart.co.uk\/de\/wp-json\/wp\/v2\/product_tag?post=6697"}],"curies":[{"name":"wp","href":"https:\/\/api.w.org\/{rel}","templated":true}]}}