{"id":6687,"date":"2017-02-22T19:55:23","date_gmt":"2017-10-09T07:45:06","guid":{"rendered":"http:\/\/peakart.co.uk\/product\/massive-dekorative-skelett-wanduhr-mit-starker-aussage\/"},"modified":"2023-03-25T10:23:30","modified_gmt":"2023-03-25T10:23:30","slug":"massive-dekorative-skelett-wanduhr","status":"publish","type":"product","link":"https:\/\/peakart.co.uk\/de\/produkt\/massive-dekorative-skelett-wanduhr\/","title":{"rendered":"Massive Dekorative Skelett-Wanduhr"},"content":{"rendered":"<h2>Massive Skelett-Wanduhr &#8211; Ein St\u00fcck Designer-Wandkunst mit starker Aussage<\/h2>\n<p>Die extra gro\u00dfe, massive Skelett-Wanduhr &#8220;Savanne&#8221; ist eine au\u00dferordentliche Uhr mit subtilen Farbt\u00f6nen wie aus dem sonnenverw\u00f6hnten Grasland Afrikas. Das Zifferblatt und der Rand an der Hintergrundfll\u00e4che sind mit Schnitzereien im Stil afrikanischer Volksst\u00e4mme und einer verwaschenen Maserung verziert. Farben und Stoff dieses einmaligen Kunstwerkes lassen die sonnenverblichene, windgepeitsche Savanne und die Geheimnisse ihrer V\u00f6lker erahnen.<\/p>\n<p>Diese massive Skelett-Wanduhr ist aus zwei Fichtenholzplatten aus nachhaltiger Holzwirtschaft hergestellt. Holzfarben und Wachs wurden verwendet, um die gew\u00fcnschten Farbschattierungen zu erzielen. Den Antrieb der Uhr bildet ein starkes, mit einer Babyzelle betriebenes Quarzuhrwerk mit 43 cm langen Metallzeigern in Spatenform. Diese dekorative Wanduhr ist &#8211; anders als ihre Konkurrenz auf dem Markt &#8211; von echter Substanz und h\u00f6chster Qualit\u00e4t.<\/p>\n","protected":false},"excerpt":{"rendered":"<p><strong>Gestaltet und handgefertigt<\/strong> \u2013 Anna Siodelska, Vereinigtes K\u00f6nigreich<\/p>\n<p><strong>Farbe des Zifferblattes<\/strong> \u2013 Helle Eiche \/ Grau Laviert<\/p>\n<p><strong>Farbe des Hintergrundes<\/strong> \u2013 Durchsichtig \/ Farbe der Wand<\/p>\n","protected":false},"featured_media":30854,"comment_status":"closed","ping_status":"closed","template":"","meta":[],"product_brand":[],"product_cat":[80],"product_tag":[83,82,95],"class_list":{"0":"post-6687","1":"product","2":"type-product","3":"status-publish","4":"has-post-thumbnail","6":"product_cat-grosse-wanduhren-handgefertigt","7":"product_tag-grosse-dekorative-wanduhren","8":"product_tag-grosse-kuenstlerische-wanduhren","9":"product_tag-skelett-wanduhren","11":"first","12":"outofstock","13":"taxable","14":"shipping-taxable","15":"product-type-variable"},"yoast_head":"<!-- This site is optimized with the Yoast SEO Premium plugin v27.2 (Yoast SEO v27.2) - https:\/\/yoast.com\/product\/yoast-seo-premium-wordpress\/ -->\n<title>Massive Skelett-Wanduhr | Handgefertigtes Kunstwerk<\/title>\n<meta name=\"description\" content=\"Diese besonders gro\u00dfe zeitgen\u00f6ssische Wanduhr ist ein herausragendes und teures, handgefertigtes Kunstwerk f\u00fcr die Wand. Mit 120 cm Durchmesser und ihrem nat\u00fcrlichen Holzlook ist sie gemacht, um Eindruck zu hinterlassen.\" \/>\n<meta name=\"robots\" content=\"index, follow, max-snippet:-1, max-image-preview:large, max-video-preview:-1\" \/>\n<link rel=\"canonical\" href=\"https:\/\/peakart.co.uk\/de\/produkt\/massive-dekorative-skelett-wanduhr\/\" \/>\n<meta property=\"og:locale\" content=\"de_DE\" \/>\n<meta property=\"og:type\" content=\"article\" \/>\n<meta property=\"og:title\" content=\"Massive Dekorative Skelett-Wanduhr\" \/>\n<meta property=\"og:description\" content=\"Diese besonders gro\u00dfe zeitgen\u00f6ssische Wanduhr ist ein herausragendes und teures, handgefertigtes Kunstwerk f\u00fcr die Wand. Mit 120 cm Durchmesser und ihrem nat\u00fcrlichen Holzlook ist sie gemacht, um Eindruck zu hinterlassen.\" \/>\n<meta property=\"og:url\" content=\"https:\/\/peakart.co.uk\/de\/produkt\/massive-dekorative-skelett-wanduhr\/\" \/>\n<meta property=\"og:site_name\" content=\"Peak Art\" \/>\n<meta property=\"article:publisher\" content=\"https:\/\/www.facebook.com\/PeakArtClocks\/\" \/>\n<meta property=\"article:modified_time\" content=\"2023-03-25T10:23:30+00:00\" \/>\n<meta property=\"og:image\" content=\"https:\/\/peakart.co.uk\/wp-content\/uploads\/2017\/02\/Massive-Skeleton-Decorative-Wooden-Wall-Clock-Sawannah-XL-1.jpg\" \/>\n\t<meta property=\"og:image:width\" content=\"500\" \/>\n\t<meta property=\"og:image:height\" content=\"500\" \/>\n\t<meta property=\"og:image:type\" content=\"image\/jpeg\" \/>\n<meta name=\"twitter:card\" content=\"summary_large_image\" \/>\n<meta name=\"twitter:label1\" content=\"Verf\u00fcgbarkeit\" \/>\n\t<meta name=\"twitter:data1\" content=\"ausverkauft\" \/>\n<script type=\"application\/ld+json\" class=\"yoast-schema-graph\">{\"@context\":\"https:\/\/schema.org\",\"@graph\":[{\"@type\":\"WebPage\",\"@id\":\"https:\/\/peakart.co.uk\/de\/produkt\/massive-dekorative-skelett-wanduhr\/\",\"url\":\"https:\/\/peakart.co.uk\/de\/produkt\/massive-dekorative-skelett-wanduhr\/\",\"name\":\"Massive Skelett-Wanduhr | Handgefertigtes Kunstwerk\",\"isPartOf\":{\"@id\":\"https:\/\/peakart.co.uk\/de\/#website\"},\"primaryImageOfPage\":{\"@id\":\"https:\/\/peakart.co.uk\/de\/produkt\/massive-dekorative-skelett-wanduhr\/#primaryimage\"},\"image\":{\"@id\":\"https:\/\/peakart.co.uk\/de\/produkt\/massive-dekorative-skelett-wanduhr\/#primaryimage\"},\"thumbnailUrl\":\"https:\/\/peakart.co.uk\/wp-content\/uploads\/2017\/02\/Massive-Skeleton-Decorative-Wooden-Wall-Clock-Sawannah-XL-1.jpg\",\"datePublished\":\"2017-10-09T07:45:06+00:00\",\"dateModified\":\"2023-03-25T10:23:30+00:00\",\"description\":\"Diese besonders gro\u00dfe zeitgen\u00f6ssische Wanduhr ist ein herausragendes und teures, handgefertigtes Kunstwerk f\u00fcr die Wand. Mit 120 cm Durchmesser und ihrem nat\u00fcrlichen Holzlook ist sie gemacht, um Eindruck zu hinterlassen.\",\"breadcrumb\":{\"@id\":\"https:\/\/peakart.co.uk\/de\/produkt\/massive-dekorative-skelett-wanduhr\/#breadcrumb\"},\"inLanguage\":\"de\",\"potentialAction\":[{\"@type\":\"ReadAction\",\"target\":[\"https:\/\/peakart.co.uk\/de\/produkt\/massive-dekorative-skelett-wanduhr\/\"]}]},{\"@type\":\"ImageObject\",\"inLanguage\":\"de\",\"@id\":\"https:\/\/peakart.co.uk\/de\/produkt\/massive-dekorative-skelett-wanduhr\/#primaryimage\",\"url\":\"https:\/\/peakart.co.uk\/wp-content\/uploads\/2017\/02\/Massive-Skeleton-Decorative-Wooden-Wall-Clock-Sawannah-XL-1.jpg\",\"contentUrl\":\"https:\/\/peakart.co.uk\/wp-content\/uploads\/2017\/02\/Massive-Skeleton-Decorative-Wooden-Wall-Clock-Sawannah-XL-1.jpg\",\"width\":500,\"height\":500,\"caption\":\"Peak Art - Savannah\"},{\"@type\":\"BreadcrumbList\",\"@id\":\"https:\/\/peakart.co.uk\/de\/produkt\/massive-dekorative-skelett-wanduhr\/#breadcrumb\",\"itemListElement\":[{\"@type\":\"ListItem\",\"position\":1,\"name\":\"Home\",\"item\":\"https:\/\/peakart.co.uk\/de\/\"},{\"@type\":\"ListItem\",\"position\":2,\"name\":\"Shop\",\"item\":\"https:\/\/peakart.co.uk\/de\/shop\/\"},{\"@type\":\"ListItem\",\"position\":3,\"name\":\"Massive Dekorative Skelett-Wanduhr\"}]},{\"@type\":\"WebSite\",\"@id\":\"https:\/\/peakart.co.uk\/de\/#website\",\"url\":\"https:\/\/peakart.co.uk\/de\/\",\"name\":\"Peak Art\",\"description\":\"\",\"publisher\":{\"@id\":\"https:\/\/peakart.co.uk\/de\/#organization\"},\"potentialAction\":[{\"@type\":\"SearchAction\",\"target\":{\"@type\":\"EntryPoint\",\"urlTemplate\":\"https:\/\/peakart.co.uk\/de\/?s={search_term_string}\"},\"query-input\":{\"@type\":\"PropertyValueSpecification\",\"valueRequired\":true,\"valueName\":\"search_term_string\"}}],\"inLanguage\":\"de\"},{\"@type\":\"Organization\",\"@id\":\"https:\/\/peakart.co.uk\/de\/#organization\",\"name\":\"Peak Art\",\"url\":\"https:\/\/peakart.co.uk\/de\/\",\"logo\":{\"@type\":\"ImageObject\",\"inLanguage\":\"de\",\"@id\":\"https:\/\/peakart.co.uk\/de\/#\/schema\/logo\/image\/\",\"url\":\"https:\/\/peakart.co.uk\/wp-content\/uploads\/2023\/07\/logo-8.jpg\",\"contentUrl\":\"https:\/\/peakart.co.uk\/wp-content\/uploads\/2023\/07\/logo-8.jpg\",\"width\":666,\"height\":259,\"caption\":\"Peak Art\"},\"image\":{\"@id\":\"https:\/\/peakart.co.uk\/de\/#\/schema\/logo\/image\/\"},\"sameAs\":[\"https:\/\/www.facebook.com\/PeakArtClocks\/\"],\"hasMerchantReturnPolicy\":{\"@type\":\"MerchantReturnPolicy\",\"merchantReturnLink\":\"https:\/\/peakart.co.uk\/refund_returns\/\"}}]}<\/script>\n<meta property=\"og:availability\" content=\"out of stock\" \/>\n<meta property=\"product:availability\" content=\"out of stock\" \/>\n<meta property=\"product:retailer_item_id\" content=\"PEAKART-92887\" \/>\n<meta property=\"product:condition\" content=\"new\" \/>\n<!-- \/ Yoast SEO Premium plugin. -->","yoast_head_json":{"title":"Massive Skelett-Wanduhr | Handgefertigtes Kunstwerk","description":"Diese besonders gro\u00dfe zeitgen\u00f6ssische Wanduhr ist ein herausragendes und teures, handgefertigtes Kunstwerk f\u00fcr die Wand. Mit 120 cm Durchmesser und ihrem nat\u00fcrlichen Holzlook ist sie gemacht, um Eindruck zu hinterlassen.","robots":{"index":"index","follow":"follow","max-snippet":"max-snippet:-1","max-image-preview":"max-image-preview:large","max-video-preview":"max-video-preview:-1"},"canonical":"https:\/\/peakart.co.uk\/de\/produkt\/massive-dekorative-skelett-wanduhr\/","og_locale":"de_DE","og_type":"article","og_title":"Massive Dekorative Skelett-Wanduhr","og_description":"Diese besonders gro\u00dfe zeitgen\u00f6ssische Wanduhr ist ein herausragendes und teures, handgefertigtes Kunstwerk f\u00fcr die Wand. Mit 120 cm Durchmesser und ihrem nat\u00fcrlichen Holzlook ist sie gemacht, um Eindruck zu hinterlassen.","og_url":"https:\/\/peakart.co.uk\/de\/produkt\/massive-dekorative-skelett-wanduhr\/","og_site_name":"Peak Art","article_publisher":"https:\/\/www.facebook.com\/PeakArtClocks\/","article_modified_time":"2023-03-25T10:23:30+00:00","og_image":[{"width":500,"height":500,"url":"https:\/\/peakart.co.uk\/wp-content\/uploads\/2017\/02\/Massive-Skeleton-Decorative-Wooden-Wall-Clock-Sawannah-XL-1.jpg","type":"image\/jpeg"}],"twitter_card":"summary_large_image","twitter_misc":{"Verf\u00fcgbarkeit":"ausverkauft"},"schema":{"@context":"https:\/\/schema.org","@graph":[{"@type":"WebPage","@id":"https:\/\/peakart.co.uk\/de\/produkt\/massive-dekorative-skelett-wanduhr\/","url":"https:\/\/peakart.co.uk\/de\/produkt\/massive-dekorative-skelett-wanduhr\/","name":"Massive Skelett-Wanduhr | Handgefertigtes Kunstwerk","isPartOf":{"@id":"https:\/\/peakart.co.uk\/de\/#website"},"primaryImageOfPage":{"@id":"https:\/\/peakart.co.uk\/de\/produkt\/massive-dekorative-skelett-wanduhr\/#primaryimage"},"image":{"@id":"https:\/\/peakart.co.uk\/de\/produkt\/massive-dekorative-skelett-wanduhr\/#primaryimage"},"thumbnailUrl":"https:\/\/peakart.co.uk\/wp-content\/uploads\/2017\/02\/Massive-Skeleton-Decorative-Wooden-Wall-Clock-Sawannah-XL-1.jpg","datePublished":"2017-10-09T07:45:06+00:00","dateModified":"2023-03-25T10:23:30+00:00","description":"Diese besonders gro\u00dfe zeitgen\u00f6ssische Wanduhr ist ein herausragendes und teures, handgefertigtes Kunstwerk f\u00fcr die Wand. Mit 120 cm Durchmesser und ihrem nat\u00fcrlichen Holzlook ist sie gemacht, um Eindruck zu hinterlassen.","breadcrumb":{"@id":"https:\/\/peakart.co.uk\/de\/produkt\/massive-dekorative-skelett-wanduhr\/#breadcrumb"},"inLanguage":"de","potentialAction":[{"@type":"ReadAction","target":["https:\/\/peakart.co.uk\/de\/produkt\/massive-dekorative-skelett-wanduhr\/"]}]},{"@type":"ImageObject","inLanguage":"de","@id":"https:\/\/peakart.co.uk\/de\/produkt\/massive-dekorative-skelett-wanduhr\/#primaryimage","url":"https:\/\/peakart.co.uk\/wp-content\/uploads\/2017\/02\/Massive-Skeleton-Decorative-Wooden-Wall-Clock-Sawannah-XL-1.jpg","contentUrl":"https:\/\/peakart.co.uk\/wp-content\/uploads\/2017\/02\/Massive-Skeleton-Decorative-Wooden-Wall-Clock-Sawannah-XL-1.jpg","width":500,"height":500,"caption":"Peak Art - Savannah"},{"@type":"BreadcrumbList","@id":"https:\/\/peakart.co.uk\/de\/produkt\/massive-dekorative-skelett-wanduhr\/#breadcrumb","itemListElement":[{"@type":"ListItem","position":1,"name":"Home","item":"https:\/\/peakart.co.uk\/de\/"},{"@type":"ListItem","position":2,"name":"Shop","item":"https:\/\/peakart.co.uk\/de\/shop\/"},{"@type":"ListItem","position":3,"name":"Massive Dekorative Skelett-Wanduhr"}]},{"@type":"WebSite","@id":"https:\/\/peakart.co.uk\/de\/#website","url":"https:\/\/peakart.co.uk\/de\/","name":"Peak Art","description":"","publisher":{"@id":"https:\/\/peakart.co.uk\/de\/#organization"},"potentialAction":[{"@type":"SearchAction","target":{"@type":"EntryPoint","urlTemplate":"https:\/\/peakart.co.uk\/de\/?s={search_term_string}"},"query-input":{"@type":"PropertyValueSpecification","valueRequired":true,"valueName":"search_term_string"}}],"inLanguage":"de"},{"@type":"Organization","@id":"https:\/\/peakart.co.uk\/de\/#organization","name":"Peak Art","url":"https:\/\/peakart.co.uk\/de\/","logo":{"@type":"ImageObject","inLanguage":"de","@id":"https:\/\/peakart.co.uk\/de\/#\/schema\/logo\/image\/","url":"https:\/\/peakart.co.uk\/wp-content\/uploads\/2023\/07\/logo-8.jpg","contentUrl":"https:\/\/peakart.co.uk\/wp-content\/uploads\/2023\/07\/logo-8.jpg","width":666,"height":259,"caption":"Peak Art"},"image":{"@id":"https:\/\/peakart.co.uk\/de\/#\/schema\/logo\/image\/"},"sameAs":["https:\/\/www.facebook.com\/PeakArtClocks\/"],"hasMerchantReturnPolicy":{"@type":"MerchantReturnPolicy","merchantReturnLink":"https:\/\/peakart.co.uk\/refund_returns\/"}}]},"og_availability":"out of stock","product_availability":"out of stock","product_retailer_item_id":"PEAKART-92887","product_condition":"new"},"_links":{"self":[{"href":"https:\/\/peakart.co.uk\/de\/wp-json\/wp\/v2\/product\/6687","targetHints":{"allow":["GET"]}}],"collection":[{"href":"https:\/\/peakart.co.uk\/de\/wp-json\/wp\/v2\/product"}],"about":[{"href":"https:\/\/peakart.co.uk\/de\/wp-json\/wp\/v2\/types\/product"}],"replies":[{"embeddable":true,"href":"https:\/\/peakart.co.uk\/de\/wp-json\/wp\/v2\/comments?post=6687"}],"wp:featuredmedia":[{"embeddable":true,"href":"https:\/\/peakart.co.uk\/de\/wp-json\/wp\/v2\/media\/30854"}],"wp:attachment":[{"href":"https:\/\/peakart.co.uk\/de\/wp-json\/wp\/v2\/media?parent=6687"}],"wp:term":[{"taxonomy":"product_brand","embeddable":true,"href":"https:\/\/peakart.co.uk\/de\/wp-json\/wp\/v2\/product_brand?post=6687"},{"taxonomy":"product_cat","embeddable":true,"href":"https:\/\/peakart.co.uk\/de\/wp-json\/wp\/v2\/product_cat?post=6687"},{"taxonomy":"product_tag","embeddable":true,"href":"https:\/\/peakart.co.uk\/de\/wp-json\/wp\/v2\/product_tag?post=6687"}],"curies":[{"name":"wp","href":"https:\/\/api.w.org\/{rel}","templated":true}]}}