{"id":6662,"date":"2015-10-12T12:07:55","date_gmt":"2017-10-08T12:54:23","guid":{"rendered":"http:\/\/peakart.co.uk\/product\/sehr-grose-schwarze-skelett-wanduhr-aus-holz\/"},"modified":"2023-03-25T11:47:48","modified_gmt":"2023-03-25T11:47:48","slug":"schwarze-skelett-wanduhr","status":"publish","type":"product","link":"https:\/\/peakart.co.uk\/de\/produkt\/schwarze-skelett-wanduhr\/","title":{"rendered":"Schwarze Skelett Wanduhr mit r\u00f6mischen Ziffern"},"content":{"rendered":"<h2>Schwarze Skelett Wanduhr mit r\u00f6mischen Ziffern &#8211; Holz | Handgefertigt<\/h2>\n<p>Diese unglaublich beeindruckende Uhr aus schwarzem Holz ist eine der erschwinglichsten in unserer <a href=\"https:\/\/peakart.co.uk\/de\/produkt-schlagwort\/grosse-skelett-wanduhren-mit-roemischen-zahlzeichen\/\">Sammlung von Skelettuhren<\/a>. Falls Sie nach einem tollen Kunstwerk suchen, die allen Ihren G\u00e4sten ein &#8220;Wow&#8221; entlockt, und das Einfache und doch Elegante bevorzugen, dann ist die &#8220;Leichte Ebenholz&#8221; das Richtige f\u00fcr Sie.<\/p>\n<p>Wie die anderen Wanduhren von Peak Art ist sie von Hand aus Holz gefertigt, was f\u00fcr eine einmalig nat\u00fcrliche Erscheinung sorgt. Die Vorderseite zeigt gro\u00dfe, schwarze r\u00f6mische Ziffern, und der schmale Rand auf der R\u00fcckseite bewirkt einen dreidimensionalen Eindruck.<\/p>\n<p>Den Antrieb bildet das sehr starke, batteriebetriebene Sweep-Quarzuhrwerk. Sie wird mit abmontierten Zeigern geliefert, damit jede Besch\u00e4digung auf dem Transport vermieden wird. Sobald Sie sie erhalten, k\u00f6nnen Sie die beiliegende Anleitung lesen und dieses <a href=\"https:\/\/www.youtube.com\/watch?v=08Tq0lKFs30\">kurze Video auf Youtube<\/a>\u00a0 ansehen, in dem ich erkl\u00e4re, wie man die Zeit einstellt.<\/p>\n<p>Sie k\u00f6nnen diese fabelhafte Uhr in jedem Raum Ihres Hauses, im B\u00fcro oder einem luxuri\u00f6sen Restaurant aufh\u00e4ngen; lesen Sie aber die <a href=\"https:\/\/peakart.co.uk\/de\/agbs\/\">Gesch\u00e4ftsbedingungen<\/a> und vermeiden Sie die direkte Einwirkung von W\u00e4rme oder Feuchtigkeit. Bitte besuchen Sie unseren Blogbereich, um mehr \u00fcber die <a href=\"https:\/\/peakart.co.uk\/de\/blog-post\/skelett-wanduhren-aus-holz\/\">Geschichte des Designs von Peak-Art-Skelettuhren<\/a> zu erfahren, und treten Sie der <a href=\"https:\/\/www.facebook.com\/PeakArtClocks\/\">Facebook-Community von Peak Art<\/a> bei, um Kommentare und Feedback mitzuteilen.<\/p>\n<p>Falls Sie einen gehobeneren Anspruch haben und das Besondere suchen \u2013 etwas, das Sie nicht im Laden an der Ecke kaufen k\u00f6nnen \u2013, dann suchen Sie nicht weiter! Sie werden nicht entt\u00e4uscht sein.<\/p>\n","protected":false},"excerpt":{"rendered":"<p>Die dekorative Skelett-Wanduhr Leichtes Ebenholz wird von Hand aus einer einzelnen gro\u00dfen Fichtenholzplatte aus nachhaltiger Holzwirtschaft gefertigt. Sie geh\u00f6rt zur neuen Familie der Uhren mit durchbrochenem Zifferblatt. Dieses zeigt sch\u00f6ne, handgeschnitzte r\u00f6mische Ziffern, zwischen denen die Farbe der Wand sichtbar bleibt. Mit einem Gesamtdurchmesser von 100 cm und ihrem klassischen Design d\u00fcrfte die Leichte Ebenholz sich in die meisten Inneneinrichtungen h\u00fcbsch einf\u00fcgen.<\/p>\n<p><strong>Gestaltet und handgefertigt<\/strong> &#8211; Anna Siodelska, Vereinigtes K\u00f6nigreich<\/p>\n<p><strong>Farbe des Zifferblattes<\/strong> \u2013 Ebenholz \/ schwarz<\/p>\n<p><strong>Farbe des Hintergrundes<\/strong> \u2013 durchsichtig \/ Farbe der Wand<\/p>\n<p><strong>Anmerkung &#8211; <\/strong>Bei der Uhr mit Durchmesser 75 cm (30 Zoll) haben die Ziffern eine leicht abweichende Form, um zu versichern, dass sie nicht zu d\u00fcnn sind. Ein Beispielbild des abweichenden Designs finden Sie <a href=\"https:\/\/peakart.co.uk\/wp-content\/uploads\/2017\/09\/Unique-Large-Rustic-Grey-Wooden-Wall-Clock-Left.jpg\">hier<\/a><\/p>\n","protected":false},"featured_media":30976,"comment_status":"open","ping_status":"closed","template":"","meta":[],"product_brand":[],"product_cat":[80],"product_tag":[90,87,95],"class_list":{"0":"post-6662","1":"product","2":"type-product","3":"status-publish","4":"has-post-thumbnail","6":"product_cat-grosse-wanduhren-handgefertigt","7":"product_tag-grosse-skelett-wanduhren-mit-roemischen-zahlzeichen","8":"product_tag-wanduhren-mit-roemischen-zahlzeichen","9":"product_tag-skelett-wanduhren","11":"first","12":"outofstock","13":"taxable","14":"shipping-taxable","15":"product-type-variable"},"yoast_head":"<!-- This site is optimized with the Yoast SEO Premium plugin v27.2 (Yoast SEO v27.2) - https:\/\/yoast.com\/product\/yoast-seo-premium-wordpress\/ -->\n<title>Schwarze Skelett-Wanduhr | Gro\u00dfe, dekorative Wandkunst | Holz<\/title>\n<meta name=\"description\" content=\"Eine 100-cm-Skelett-Wanduhr \u2013 gemacht, um ein St\u00fcck Wandkunst mit klarer Aussage in Ihrem Wohnzimmer darzustellen. Ein kostspieliger Wandschmuck f\u00fcr h\u00f6chste Anspr\u00fcche.\" \/>\n<meta name=\"robots\" content=\"index, follow, max-snippet:-1, max-image-preview:large, max-video-preview:-1\" \/>\n<link rel=\"canonical\" href=\"https:\/\/peakart.co.uk\/de\/produkt\/schwarze-skelett-wanduhr\/\" \/>\n<meta property=\"og:locale\" content=\"de_DE\" \/>\n<meta property=\"og:type\" content=\"article\" \/>\n<meta property=\"og:title\" content=\"Schwarze Skelett Wanduhr mit r\u00f6mischen Ziffern\" \/>\n<meta property=\"og:description\" content=\"Eine 100-cm-Skelett-Wanduhr \u2013 gemacht, um ein St\u00fcck Wandkunst mit klarer Aussage in Ihrem Wohnzimmer darzustellen. Ein kostspieliger Wandschmuck f\u00fcr h\u00f6chste Anspr\u00fcche.\" \/>\n<meta property=\"og:url\" content=\"https:\/\/peakart.co.uk\/de\/produkt\/schwarze-skelett-wanduhr\/\" \/>\n<meta property=\"og:site_name\" content=\"Peak Art\" \/>\n<meta property=\"article:publisher\" content=\"https:\/\/www.facebook.com\/PeakArtClocks\/\" \/>\n<meta property=\"article:modified_time\" content=\"2023-03-25T11:47:48+00:00\" \/>\n<meta property=\"og:image\" content=\"https:\/\/peakart.co.uk\/wp-content\/uploads\/2015\/10\/Light-Heban-Front-400x400.jpg\" \/>\n\t<meta property=\"og:image:width\" content=\"400\" \/>\n\t<meta property=\"og:image:height\" content=\"400\" \/>\n\t<meta property=\"og:image:type\" content=\"image\/jpeg\" \/>\n<meta name=\"twitter:card\" content=\"summary_large_image\" \/>\n<meta name=\"twitter:label1\" content=\"Verf\u00fcgbarkeit\" \/>\n\t<meta name=\"twitter:data1\" content=\"ausverkauft\" \/>\n<script type=\"application\/ld+json\" class=\"yoast-schema-graph\">{\"@context\":\"https:\/\/schema.org\",\"@graph\":[{\"@type\":\"WebPage\",\"@id\":\"https:\/\/peakart.co.uk\/de\/produkt\/schwarze-skelett-wanduhr\/\",\"url\":\"https:\/\/peakart.co.uk\/de\/produkt\/schwarze-skelett-wanduhr\/\",\"name\":\"Schwarze Skelett-Wanduhr | Gro\u00dfe, dekorative Wandkunst | Holz\",\"isPartOf\":{\"@id\":\"https:\/\/peakart.co.uk\/de\/#website\"},\"primaryImageOfPage\":{\"@id\":\"https:\/\/peakart.co.uk\/de\/produkt\/schwarze-skelett-wanduhr\/#primaryimage\"},\"image\":{\"@id\":\"https:\/\/peakart.co.uk\/de\/produkt\/schwarze-skelett-wanduhr\/#primaryimage\"},\"thumbnailUrl\":\"https:\/\/peakart.co.uk\/wp-content\/uploads\/2015\/10\/Light-Heban-Front-400x400.jpg\",\"datePublished\":\"2017-10-08T12:54:23+00:00\",\"dateModified\":\"2023-03-25T11:47:48+00:00\",\"description\":\"Eine 100-cm-Skelett-Wanduhr \u2013 gemacht, um ein St\u00fcck Wandkunst mit klarer Aussage in Ihrem Wohnzimmer darzustellen. Ein kostspieliger Wandschmuck f\u00fcr h\u00f6chste Anspr\u00fcche.\",\"breadcrumb\":{\"@id\":\"https:\/\/peakart.co.uk\/de\/produkt\/schwarze-skelett-wanduhr\/#breadcrumb\"},\"inLanguage\":\"de\",\"potentialAction\":[{\"@type\":\"ReadAction\",\"target\":[\"https:\/\/peakart.co.uk\/de\/produkt\/schwarze-skelett-wanduhr\/\"]}]},{\"@type\":\"ImageObject\",\"inLanguage\":\"de\",\"@id\":\"https:\/\/peakart.co.uk\/de\/produkt\/schwarze-skelett-wanduhr\/#primaryimage\",\"url\":\"https:\/\/peakart.co.uk\/wp-content\/uploads\/2015\/10\/Light-Heban-Front-400x400.jpg\",\"contentUrl\":\"https:\/\/peakart.co.uk\/wp-content\/uploads\/2015\/10\/Light-Heban-Front-400x400.jpg\",\"width\":400,\"height\":400,\"caption\":\"Peak Art - Light Heban\"},{\"@type\":\"BreadcrumbList\",\"@id\":\"https:\/\/peakart.co.uk\/de\/produkt\/schwarze-skelett-wanduhr\/#breadcrumb\",\"itemListElement\":[{\"@type\":\"ListItem\",\"position\":1,\"name\":\"Home\",\"item\":\"https:\/\/peakart.co.uk\/de\/\"},{\"@type\":\"ListItem\",\"position\":2,\"name\":\"Shop\",\"item\":\"https:\/\/peakart.co.uk\/de\/shop\/\"},{\"@type\":\"ListItem\",\"position\":3,\"name\":\"Schwarze Skelett Wanduhr mit r\u00f6mischen Ziffern\"}]},{\"@type\":\"WebSite\",\"@id\":\"https:\/\/peakart.co.uk\/de\/#website\",\"url\":\"https:\/\/peakart.co.uk\/de\/\",\"name\":\"Peak Art\",\"description\":\"\",\"publisher\":{\"@id\":\"https:\/\/peakart.co.uk\/de\/#organization\"},\"potentialAction\":[{\"@type\":\"SearchAction\",\"target\":{\"@type\":\"EntryPoint\",\"urlTemplate\":\"https:\/\/peakart.co.uk\/de\/?s={search_term_string}\"},\"query-input\":{\"@type\":\"PropertyValueSpecification\",\"valueRequired\":true,\"valueName\":\"search_term_string\"}}],\"inLanguage\":\"de\"},{\"@type\":\"Organization\",\"@id\":\"https:\/\/peakart.co.uk\/de\/#organization\",\"name\":\"Peak Art\",\"url\":\"https:\/\/peakart.co.uk\/de\/\",\"logo\":{\"@type\":\"ImageObject\",\"inLanguage\":\"de\",\"@id\":\"https:\/\/peakart.co.uk\/de\/#\/schema\/logo\/image\/\",\"url\":\"https:\/\/peakart.co.uk\/wp-content\/uploads\/2023\/07\/logo-8.jpg\",\"contentUrl\":\"https:\/\/peakart.co.uk\/wp-content\/uploads\/2023\/07\/logo-8.jpg\",\"width\":666,\"height\":259,\"caption\":\"Peak Art\"},\"image\":{\"@id\":\"https:\/\/peakart.co.uk\/de\/#\/schema\/logo\/image\/\"},\"sameAs\":[\"https:\/\/www.facebook.com\/PeakArtClocks\/\"],\"hasMerchantReturnPolicy\":{\"@type\":\"MerchantReturnPolicy\",\"merchantReturnLink\":\"https:\/\/peakart.co.uk\/refund_returns\/\"}}]}<\/script>\n<meta property=\"og:availability\" content=\"out of stock\" \/>\n<meta property=\"product:availability\" content=\"out of stock\" \/>\n<meta property=\"product:retailer_item_id\" content=\"PEAKART-73488\" \/>\n<meta property=\"product:condition\" content=\"new\" \/>\n<!-- \/ Yoast SEO Premium plugin. -->","yoast_head_json":{"title":"Schwarze Skelett-Wanduhr | Gro\u00dfe, dekorative Wandkunst | Holz","description":"Eine 100-cm-Skelett-Wanduhr \u2013 gemacht, um ein St\u00fcck Wandkunst mit klarer Aussage in Ihrem Wohnzimmer darzustellen. Ein kostspieliger Wandschmuck f\u00fcr h\u00f6chste Anspr\u00fcche.","robots":{"index":"index","follow":"follow","max-snippet":"max-snippet:-1","max-image-preview":"max-image-preview:large","max-video-preview":"max-video-preview:-1"},"canonical":"https:\/\/peakart.co.uk\/de\/produkt\/schwarze-skelett-wanduhr\/","og_locale":"de_DE","og_type":"article","og_title":"Schwarze Skelett Wanduhr mit r\u00f6mischen Ziffern","og_description":"Eine 100-cm-Skelett-Wanduhr \u2013 gemacht, um ein St\u00fcck Wandkunst mit klarer Aussage in Ihrem Wohnzimmer darzustellen. Ein kostspieliger Wandschmuck f\u00fcr h\u00f6chste Anspr\u00fcche.","og_url":"https:\/\/peakart.co.uk\/de\/produkt\/schwarze-skelett-wanduhr\/","og_site_name":"Peak Art","article_publisher":"https:\/\/www.facebook.com\/PeakArtClocks\/","article_modified_time":"2023-03-25T11:47:48+00:00","og_image":[{"width":400,"height":400,"url":"https:\/\/peakart.co.uk\/wp-content\/uploads\/2015\/10\/Light-Heban-Front-400x400.jpg","type":"image\/jpeg"}],"twitter_card":"summary_large_image","twitter_misc":{"Verf\u00fcgbarkeit":"ausverkauft"},"schema":{"@context":"https:\/\/schema.org","@graph":[{"@type":"WebPage","@id":"https:\/\/peakart.co.uk\/de\/produkt\/schwarze-skelett-wanduhr\/","url":"https:\/\/peakart.co.uk\/de\/produkt\/schwarze-skelett-wanduhr\/","name":"Schwarze Skelett-Wanduhr | Gro\u00dfe, dekorative Wandkunst | Holz","isPartOf":{"@id":"https:\/\/peakart.co.uk\/de\/#website"},"primaryImageOfPage":{"@id":"https:\/\/peakart.co.uk\/de\/produkt\/schwarze-skelett-wanduhr\/#primaryimage"},"image":{"@id":"https:\/\/peakart.co.uk\/de\/produkt\/schwarze-skelett-wanduhr\/#primaryimage"},"thumbnailUrl":"https:\/\/peakart.co.uk\/wp-content\/uploads\/2015\/10\/Light-Heban-Front-400x400.jpg","datePublished":"2017-10-08T12:54:23+00:00","dateModified":"2023-03-25T11:47:48+00:00","description":"Eine 100-cm-Skelett-Wanduhr \u2013 gemacht, um ein St\u00fcck Wandkunst mit klarer Aussage in Ihrem Wohnzimmer darzustellen. Ein kostspieliger Wandschmuck f\u00fcr h\u00f6chste Anspr\u00fcche.","breadcrumb":{"@id":"https:\/\/peakart.co.uk\/de\/produkt\/schwarze-skelett-wanduhr\/#breadcrumb"},"inLanguage":"de","potentialAction":[{"@type":"ReadAction","target":["https:\/\/peakart.co.uk\/de\/produkt\/schwarze-skelett-wanduhr\/"]}]},{"@type":"ImageObject","inLanguage":"de","@id":"https:\/\/peakart.co.uk\/de\/produkt\/schwarze-skelett-wanduhr\/#primaryimage","url":"https:\/\/peakart.co.uk\/wp-content\/uploads\/2015\/10\/Light-Heban-Front-400x400.jpg","contentUrl":"https:\/\/peakart.co.uk\/wp-content\/uploads\/2015\/10\/Light-Heban-Front-400x400.jpg","width":400,"height":400,"caption":"Peak Art - Light Heban"},{"@type":"BreadcrumbList","@id":"https:\/\/peakart.co.uk\/de\/produkt\/schwarze-skelett-wanduhr\/#breadcrumb","itemListElement":[{"@type":"ListItem","position":1,"name":"Home","item":"https:\/\/peakart.co.uk\/de\/"},{"@type":"ListItem","position":2,"name":"Shop","item":"https:\/\/peakart.co.uk\/de\/shop\/"},{"@type":"ListItem","position":3,"name":"Schwarze Skelett Wanduhr mit r\u00f6mischen Ziffern"}]},{"@type":"WebSite","@id":"https:\/\/peakart.co.uk\/de\/#website","url":"https:\/\/peakart.co.uk\/de\/","name":"Peak Art","description":"","publisher":{"@id":"https:\/\/peakart.co.uk\/de\/#organization"},"potentialAction":[{"@type":"SearchAction","target":{"@type":"EntryPoint","urlTemplate":"https:\/\/peakart.co.uk\/de\/?s={search_term_string}"},"query-input":{"@type":"PropertyValueSpecification","valueRequired":true,"valueName":"search_term_string"}}],"inLanguage":"de"},{"@type":"Organization","@id":"https:\/\/peakart.co.uk\/de\/#organization","name":"Peak Art","url":"https:\/\/peakart.co.uk\/de\/","logo":{"@type":"ImageObject","inLanguage":"de","@id":"https:\/\/peakart.co.uk\/de\/#\/schema\/logo\/image\/","url":"https:\/\/peakart.co.uk\/wp-content\/uploads\/2023\/07\/logo-8.jpg","contentUrl":"https:\/\/peakart.co.uk\/wp-content\/uploads\/2023\/07\/logo-8.jpg","width":666,"height":259,"caption":"Peak Art"},"image":{"@id":"https:\/\/peakart.co.uk\/de\/#\/schema\/logo\/image\/"},"sameAs":["https:\/\/www.facebook.com\/PeakArtClocks\/"],"hasMerchantReturnPolicy":{"@type":"MerchantReturnPolicy","merchantReturnLink":"https:\/\/peakart.co.uk\/refund_returns\/"}}]},"og_availability":"out of stock","product_availability":"out of stock","product_retailer_item_id":"PEAKART-73488","product_condition":"new"},"_links":{"self":[{"href":"https:\/\/peakart.co.uk\/de\/wp-json\/wp\/v2\/product\/6662","targetHints":{"allow":["GET"]}}],"collection":[{"href":"https:\/\/peakart.co.uk\/de\/wp-json\/wp\/v2\/product"}],"about":[{"href":"https:\/\/peakart.co.uk\/de\/wp-json\/wp\/v2\/types\/product"}],"replies":[{"embeddable":true,"href":"https:\/\/peakart.co.uk\/de\/wp-json\/wp\/v2\/comments?post=6662"}],"wp:featuredmedia":[{"embeddable":true,"href":"https:\/\/peakart.co.uk\/de\/wp-json\/wp\/v2\/media\/30976"}],"wp:attachment":[{"href":"https:\/\/peakart.co.uk\/de\/wp-json\/wp\/v2\/media?parent=6662"}],"wp:term":[{"taxonomy":"product_brand","embeddable":true,"href":"https:\/\/peakart.co.uk\/de\/wp-json\/wp\/v2\/product_brand?post=6662"},{"taxonomy":"product_cat","embeddable":true,"href":"https:\/\/peakart.co.uk\/de\/wp-json\/wp\/v2\/product_cat?post=6662"},{"taxonomy":"product_tag","embeddable":true,"href":"https:\/\/peakart.co.uk\/de\/wp-json\/wp\/v2\/product_tag?post=6662"}],"curies":[{"name":"wp","href":"https:\/\/api.w.org\/{rel}","templated":true}]}}