{"id":6649,"date":"2016-03-06T18:57:38","date_gmt":"2017-10-08T12:54:12","guid":{"rendered":"http:\/\/peakart.co.uk\/product\/weise-schabig-schicke-wanduhr-mit-romischen-zahlzeichen\/"},"modified":"2023-03-24T17:21:50","modified_gmt":"2023-03-24T17:21:50","slug":"weise-schabige-schicke-uhr","status":"publish","type":"product","link":"https:\/\/peakart.co.uk\/de\/produkt\/weise-schabige-schicke-uhr\/","title":{"rendered":"Wei\u00dfe sch\u00e4bige schicke Uhr mit r\u00f6mischen Ziffern"},"content":{"rendered":"<h2><span lang=\"de\">Wei\u00dfe sch\u00e4bige schicke Uhr <\/span>| Skelett-Design | r\u00f6mische Zahlzeichen<\/h2>\n<p>Haben Sie M\u00fche, den unsch\u00f6nen leeren Raum an Ihrer Wohnzimmerwand mit etwas zu f\u00fcllen, das sowohl Aufmerksamkeit erregt als auch eine Funktion hat? Diese fabelhafte Uhr, die Sie hier sehen, k\u00f6nnte das sein, was Sie brauchen! Die Wanduhr Sch\u00e4big-schick, wei\u00df von Peak Art ist daf\u00fcr gestaltet, einen riesigen Mittelpunkt f\u00fcr Ihre Wohnumgebung darzustellen. Sie ist ein erstaunliches Dekorationsst\u00fcck und wird zu zahlreichen Unterhaltungen am Tisch f\u00fchren.<\/p>\n<p>Das Zifferblatt dieser atemberaubenden gro\u00dfen Skelettuhr ist aus einer einzigen Fichtenholzplatte ges\u00e4gt, was f\u00fcr einen au\u00dferordentlich nat\u00fcrlichen Charakter sorgt. Auf der R\u00fcckseite k\u00f6nnen Sie einen schmalen runden Rand erkennen, der einen substantiellen, dreidimensionalen Eindruck bewirkt.<\/p>\n<p>Der Antrieb besteht aus einem sehr kr\u00e4ftigen Sweep-Quarzuhrwerk, das von einer einzelnen Babyzelle gespeist wird. Sie wird mit abmontierten Zeigern geliefert, um jegliche Sch\u00e4den auf dem Transport zu vermeiden. Obwohl eine vollst\u00e4ndige schriftliche Anleitung beiliegt, wie man die Uhrzeiger sicher anbringt und die Zeit einstellt, k\u00f6nnen Sie auch dieses <a href=\"https:\/\/www.youtube.com\/watch?v=08Tq0lKFs30\">kurze Video hier<\/a>\u00a0ansehen, in dem ich die Zeiteinstellung demonstriere.<\/p>\n<p>Falls Sie weitere Angaben zur Geschichte der Skelettuhren von Peak Art suchen, besuchen Sie bitte diesen <a href=\"https:\/\/peakart.co.uk\/de\/blog-post\/skelett-wanduhren-aus-holz\/\">Blog<\/a>, und hinterlassen Sie Ihr Feedback oder einen Kommentar. Sie k\u00f6nnen auch sehen, was unsere handgefertigten Uhren von den wohlbekannten Massenprodukten aus der Fabrik unterscheidet.<\/p>\n<p>Die sch\u00e4big-schicken Wanduhren von Peak Art sind einmalige und kostspielige Kunstwerke, die Ihnen wieder einfallen werden, wenn Sie beginnen, Ihre Inneneinrichtung aufzum\u00f6beln. Sie k\u00f6nnen sie in Ihrem Haus, B\u00fcro, Hotel oder Penthouse-Appartement anbringen, doch achten Sie darauf, dass sie keiner direkten W\u00e4rme oder Feuchtigkeit ausgesetzt wird. Wo immer Sie eine dieser bemerkenswerten Uhren aufh\u00e4ngen, k\u00f6nnen Sie davon ausgehen, dass sie f\u00fcr einen starken und bleibenden &#8220;Wow&#8221;-Eindruck bei jedem sorgen, der sie zu sehen bekommt.<\/p>\n<p>Diese h\u00f6chst eindr\u00fccklichen und raren, handgefertigten Produkte f\u00fcgen sich gut in die meisten stilvoll eingerichteten Innenr\u00e4ume ein und machen Sie zum stolzen Besitzer von etwas, das man nicht an jeder Ecke kaufen kann.<\/p>\n<p>&nbsp;<\/p>\n","protected":false},"excerpt":{"rendered":"<p>Die Skelettuhr <b>sch\u00e4big-schick, wei\u00df<\/b> wird von Hand aus einer einzelnen, gro\u00dfen Fichtenholzplatte aus nachhaltiger Forstwirtschaft gefertigt. Sie wurde h\u00fcbsch von Hand bemalt, um ihr Einzigartigkeit und Ausdruckskraft zu verleihen. Das h\u00f6chst beachtliche Zifferblatt zeigt sorgf\u00e4ltig gearbeitete r\u00f6mische Zahlzeichen auf einem sch\u00e4big-schicken Holzrahmen, und zwischen den Ziffern k\u00f6nnen Sie die Wand sehen. Mit einem Gesamtdurchmesser von <strong>100 cm<\/strong> und ihrem einzigartigen zeitgen\u00f6ssischen Design wird die Uhr <strong>Sch\u00e4big-schick, wei\u00df<\/strong> in jedem Innenraum beeindruckend aussehen.<\/p>\n<p><strong>Video<\/strong> &#8211; <a href=\"https:\/\/www.youtube.com\/watch?v=1gwL4F1aRQw\">Die Skelett-Wanduhr &#8220;Sch\u00e4big-schick, wei\u00df&#8221; auf Youtube<\/a><\/p>\n<p><strong>Gestaltet und handgefertigt<\/strong> &#8211; Anna Siodelska, Vereinigtes K\u00f6nigreich<\/p>\n<p><strong>Farbe des Zifferblattes<\/strong> \u2013 Sch\u00e4big-schick, wei\u00df<\/p>\n<p><strong>Hintergrundfarbe<\/strong> \u2013 Transparent \/ Farbe der Wand<\/p>\n<p><strong>Anmerkung &#8211; <\/strong> Bei der Uhr mit Durchmesser 75 cm (30 Zoll) haben die Zahlzeichen eine leicht abweichende Form, um sicherzustellen, dass diese nicht zu d\u00fcnn werden. Ein Beispielbild des abweichenden Designs finden Sie <a href=\"https:\/\/peakart.co.uk\/wp-content\/uploads\/2017\/09\/Unique-Large-Rustic-Grey-Wooden-Wall-Clock-Left.jpg\">hier<\/a><\/p>\n","protected":false},"featured_media":33389,"comment_status":"closed","ping_status":"closed","template":"","meta":[],"product_brand":[],"product_cat":[80],"product_tag":[83,90,87,2139,82,89,95],"class_list":{"0":"post-6649","1":"product","2":"type-product","3":"status-publish","4":"has-post-thumbnail","6":"product_cat-grosse-wanduhren-handgefertigt","7":"product_tag-grosse-dekorative-wanduhren","8":"product_tag-grosse-skelett-wanduhren-mit-roemischen-zahlzeichen","9":"product_tag-wanduhren-mit-roemischen-zahlzeichen","10":"product_tag-grose-wanduhren","11":"product_tag-grosse-kuenstlerische-wanduhren","12":"product_tag-schabige-schicke-wanduhren","13":"product_tag-skelett-wanduhren","15":"first","16":"instock","17":"sale","18":"taxable","19":"shipping-taxable","20":"purchasable","21":"product-type-variable"},"yoast_head":"<!-- This site is optimized with the Yoast SEO Premium plugin v27.2 (Yoast SEO v27.2) - https:\/\/yoast.com\/product\/yoast-seo-premium-wordpress\/ -->\n<title>Wei\u00dfe sch\u00e4bige-schicke Wanduhr mit r\u00f6mischen Ziffern<\/title>\n<meta name=\"description\" content=\"Die wei\u00dfe, sch\u00e4big-schicke Skelett-Wanduhr ist exklusiv daf\u00fcr gestaltet, ein Mittelpunkt in Ihrem Heim, B\u00fcro, Hotel oder Penthouse-Appartement zu werden.\" \/>\n<meta name=\"robots\" content=\"index, follow, max-snippet:-1, max-image-preview:large, max-video-preview:-1\" \/>\n<link rel=\"canonical\" href=\"https:\/\/peakart.co.uk\/de\/produkt\/weise-schabige-schicke-uhr\/\" \/>\n<meta property=\"og:locale\" content=\"de_DE\" \/>\n<meta property=\"og:type\" content=\"article\" \/>\n<meta property=\"og:title\" content=\"Wei\u00dfe sch\u00e4bige schicke Uhr mit r\u00f6mischen Ziffern\" \/>\n<meta property=\"og:description\" content=\"Die wei\u00dfe, sch\u00e4big-schicke Skelett-Wanduhr ist exklusiv daf\u00fcr gestaltet, ein Mittelpunkt in Ihrem Heim, B\u00fcro, Hotel oder Penthouse-Appartement zu werden.\" \/>\n<meta property=\"og:url\" content=\"https:\/\/peakart.co.uk\/de\/produkt\/weise-schabige-schicke-uhr\/\" \/>\n<meta property=\"og:site_name\" content=\"Peak Art\" \/>\n<meta property=\"article:publisher\" content=\"https:\/\/www.facebook.com\/PeakArtClocks\/\" \/>\n<meta property=\"article:modified_time\" content=\"2023-03-24T17:21:50+00:00\" \/>\n<meta property=\"og:image\" content=\"https:\/\/peakart.co.uk\/wp-content\/uploads\/2016\/03\/Facebook-Ad.jpg\" \/>\n\t<meta property=\"og:image:width\" content=\"1200\" \/>\n\t<meta property=\"og:image:height\" content=\"1200\" \/>\n\t<meta property=\"og:image:type\" content=\"image\/jpeg\" \/>\n<meta name=\"twitter:card\" content=\"summary_large_image\" \/>\n<meta name=\"twitter:label1\" content=\"Verf\u00fcgbarkeit\" \/>\n\t<meta name=\"twitter:data1\" content=\"Auf Lager\" \/>\n<script type=\"application\/ld+json\" class=\"yoast-schema-graph\">{\"@context\":\"https:\/\/schema.org\",\"@graph\":[{\"@type\":\"WebPage\",\"@id\":\"https:\/\/peakart.co.uk\/de\/produkt\/weise-schabige-schicke-uhr\/\",\"url\":\"https:\/\/peakart.co.uk\/de\/produkt\/weise-schabige-schicke-uhr\/\",\"name\":\"Wei\u00dfe sch\u00e4bige-schicke Wanduhr mit r\u00f6mischen Ziffern\",\"isPartOf\":{\"@id\":\"https:\/\/peakart.co.uk\/de\/#website\"},\"primaryImageOfPage\":{\"@id\":\"https:\/\/peakart.co.uk\/de\/produkt\/weise-schabige-schicke-uhr\/#primaryimage\"},\"image\":{\"@id\":\"https:\/\/peakart.co.uk\/de\/produkt\/weise-schabige-schicke-uhr\/#primaryimage\"},\"thumbnailUrl\":\"https:\/\/peakart.co.uk\/wp-content\/uploads\/2016\/03\/Facebook-Ad.jpg\",\"datePublished\":\"2017-10-08T12:54:12+00:00\",\"dateModified\":\"2023-03-24T17:21:50+00:00\",\"description\":\"Die wei\u00dfe, sch\u00e4big-schicke Skelett-Wanduhr ist exklusiv daf\u00fcr gestaltet, ein Mittelpunkt in Ihrem Heim, B\u00fcro, Hotel oder Penthouse-Appartement zu werden.\",\"breadcrumb\":{\"@id\":\"https:\/\/peakart.co.uk\/de\/produkt\/weise-schabige-schicke-uhr\/#breadcrumb\"},\"inLanguage\":\"de\",\"potentialAction\":[{\"@type\":\"ReadAction\",\"target\":[\"https:\/\/peakart.co.uk\/de\/produkt\/weise-schabige-schicke-uhr\/\"]}]},{\"@type\":\"ImageObject\",\"inLanguage\":\"de\",\"@id\":\"https:\/\/peakart.co.uk\/de\/produkt\/weise-schabige-schicke-uhr\/#primaryimage\",\"url\":\"https:\/\/peakart.co.uk\/wp-content\/uploads\/2016\/03\/Facebook-Ad.jpg\",\"contentUrl\":\"https:\/\/peakart.co.uk\/wp-content\/uploads\/2016\/03\/Facebook-Ad.jpg\",\"width\":1200,\"height\":1200},{\"@type\":\"BreadcrumbList\",\"@id\":\"https:\/\/peakart.co.uk\/de\/produkt\/weise-schabige-schicke-uhr\/#breadcrumb\",\"itemListElement\":[{\"@type\":\"ListItem\",\"position\":1,\"name\":\"Home\",\"item\":\"https:\/\/peakart.co.uk\/de\/\"},{\"@type\":\"ListItem\",\"position\":2,\"name\":\"Shop\",\"item\":\"https:\/\/peakart.co.uk\/de\/shop\/\"},{\"@type\":\"ListItem\",\"position\":3,\"name\":\"Wei\u00dfe sch\u00e4bige schicke Uhr mit r\u00f6mischen Ziffern\"}]},{\"@type\":\"WebSite\",\"@id\":\"https:\/\/peakart.co.uk\/de\/#website\",\"url\":\"https:\/\/peakart.co.uk\/de\/\",\"name\":\"Peak Art\",\"description\":\"\",\"publisher\":{\"@id\":\"https:\/\/peakart.co.uk\/de\/#organization\"},\"potentialAction\":[{\"@type\":\"SearchAction\",\"target\":{\"@type\":\"EntryPoint\",\"urlTemplate\":\"https:\/\/peakart.co.uk\/de\/?s={search_term_string}\"},\"query-input\":{\"@type\":\"PropertyValueSpecification\",\"valueRequired\":true,\"valueName\":\"search_term_string\"}}],\"inLanguage\":\"de\"},{\"@type\":\"Organization\",\"@id\":\"https:\/\/peakart.co.uk\/de\/#organization\",\"name\":\"Peak Art\",\"url\":\"https:\/\/peakart.co.uk\/de\/\",\"logo\":{\"@type\":\"ImageObject\",\"inLanguage\":\"de\",\"@id\":\"https:\/\/peakart.co.uk\/de\/#\/schema\/logo\/image\/\",\"url\":\"https:\/\/peakart.co.uk\/wp-content\/uploads\/2023\/07\/logo-8.jpg\",\"contentUrl\":\"https:\/\/peakart.co.uk\/wp-content\/uploads\/2023\/07\/logo-8.jpg\",\"width\":666,\"height\":259,\"caption\":\"Peak Art\"},\"image\":{\"@id\":\"https:\/\/peakart.co.uk\/de\/#\/schema\/logo\/image\/\"},\"sameAs\":[\"https:\/\/www.facebook.com\/PeakArtClocks\/\"],\"hasMerchantReturnPolicy\":{\"@type\":\"MerchantReturnPolicy\",\"merchantReturnLink\":\"https:\/\/peakart.co.uk\/refund_returns\/\"}}]}<\/script>\n<meta property=\"og:availability\" content=\"instock\" \/>\n<meta property=\"product:availability\" content=\"instock\" \/>\n<meta property=\"product:retailer_item_id\" content=\"PEAKART-49219\" \/>\n<meta property=\"product:condition\" content=\"new\" \/>\n<!-- \/ Yoast SEO Premium plugin. -->","yoast_head_json":{"title":"Wei\u00dfe sch\u00e4bige-schicke Wanduhr mit r\u00f6mischen Ziffern","description":"Die wei\u00dfe, sch\u00e4big-schicke Skelett-Wanduhr ist exklusiv daf\u00fcr gestaltet, ein Mittelpunkt in Ihrem Heim, B\u00fcro, Hotel oder Penthouse-Appartement zu werden.","robots":{"index":"index","follow":"follow","max-snippet":"max-snippet:-1","max-image-preview":"max-image-preview:large","max-video-preview":"max-video-preview:-1"},"canonical":"https:\/\/peakart.co.uk\/de\/produkt\/weise-schabige-schicke-uhr\/","og_locale":"de_DE","og_type":"article","og_title":"Wei\u00dfe sch\u00e4bige schicke Uhr mit r\u00f6mischen Ziffern","og_description":"Die wei\u00dfe, sch\u00e4big-schicke Skelett-Wanduhr ist exklusiv daf\u00fcr gestaltet, ein Mittelpunkt in Ihrem Heim, B\u00fcro, Hotel oder Penthouse-Appartement zu werden.","og_url":"https:\/\/peakart.co.uk\/de\/produkt\/weise-schabige-schicke-uhr\/","og_site_name":"Peak Art","article_publisher":"https:\/\/www.facebook.com\/PeakArtClocks\/","article_modified_time":"2023-03-24T17:21:50+00:00","og_image":[{"width":1200,"height":1200,"url":"https:\/\/peakart.co.uk\/wp-content\/uploads\/2016\/03\/Facebook-Ad.jpg","type":"image\/jpeg"}],"twitter_card":"summary_large_image","twitter_misc":{"Verf\u00fcgbarkeit":"Auf Lager"},"schema":{"@context":"https:\/\/schema.org","@graph":[{"@type":"WebPage","@id":"https:\/\/peakart.co.uk\/de\/produkt\/weise-schabige-schicke-uhr\/","url":"https:\/\/peakart.co.uk\/de\/produkt\/weise-schabige-schicke-uhr\/","name":"Wei\u00dfe sch\u00e4bige-schicke Wanduhr mit r\u00f6mischen Ziffern","isPartOf":{"@id":"https:\/\/peakart.co.uk\/de\/#website"},"primaryImageOfPage":{"@id":"https:\/\/peakart.co.uk\/de\/produkt\/weise-schabige-schicke-uhr\/#primaryimage"},"image":{"@id":"https:\/\/peakart.co.uk\/de\/produkt\/weise-schabige-schicke-uhr\/#primaryimage"},"thumbnailUrl":"https:\/\/peakart.co.uk\/wp-content\/uploads\/2016\/03\/Facebook-Ad.jpg","datePublished":"2017-10-08T12:54:12+00:00","dateModified":"2023-03-24T17:21:50+00:00","description":"Die wei\u00dfe, sch\u00e4big-schicke Skelett-Wanduhr ist exklusiv daf\u00fcr gestaltet, ein Mittelpunkt in Ihrem Heim, B\u00fcro, Hotel oder Penthouse-Appartement zu werden.","breadcrumb":{"@id":"https:\/\/peakart.co.uk\/de\/produkt\/weise-schabige-schicke-uhr\/#breadcrumb"},"inLanguage":"de","potentialAction":[{"@type":"ReadAction","target":["https:\/\/peakart.co.uk\/de\/produkt\/weise-schabige-schicke-uhr\/"]}]},{"@type":"ImageObject","inLanguage":"de","@id":"https:\/\/peakart.co.uk\/de\/produkt\/weise-schabige-schicke-uhr\/#primaryimage","url":"https:\/\/peakart.co.uk\/wp-content\/uploads\/2016\/03\/Facebook-Ad.jpg","contentUrl":"https:\/\/peakart.co.uk\/wp-content\/uploads\/2016\/03\/Facebook-Ad.jpg","width":1200,"height":1200},{"@type":"BreadcrumbList","@id":"https:\/\/peakart.co.uk\/de\/produkt\/weise-schabige-schicke-uhr\/#breadcrumb","itemListElement":[{"@type":"ListItem","position":1,"name":"Home","item":"https:\/\/peakart.co.uk\/de\/"},{"@type":"ListItem","position":2,"name":"Shop","item":"https:\/\/peakart.co.uk\/de\/shop\/"},{"@type":"ListItem","position":3,"name":"Wei\u00dfe sch\u00e4bige schicke Uhr mit r\u00f6mischen Ziffern"}]},{"@type":"WebSite","@id":"https:\/\/peakart.co.uk\/de\/#website","url":"https:\/\/peakart.co.uk\/de\/","name":"Peak Art","description":"","publisher":{"@id":"https:\/\/peakart.co.uk\/de\/#organization"},"potentialAction":[{"@type":"SearchAction","target":{"@type":"EntryPoint","urlTemplate":"https:\/\/peakart.co.uk\/de\/?s={search_term_string}"},"query-input":{"@type":"PropertyValueSpecification","valueRequired":true,"valueName":"search_term_string"}}],"inLanguage":"de"},{"@type":"Organization","@id":"https:\/\/peakart.co.uk\/de\/#organization","name":"Peak Art","url":"https:\/\/peakart.co.uk\/de\/","logo":{"@type":"ImageObject","inLanguage":"de","@id":"https:\/\/peakart.co.uk\/de\/#\/schema\/logo\/image\/","url":"https:\/\/peakart.co.uk\/wp-content\/uploads\/2023\/07\/logo-8.jpg","contentUrl":"https:\/\/peakart.co.uk\/wp-content\/uploads\/2023\/07\/logo-8.jpg","width":666,"height":259,"caption":"Peak Art"},"image":{"@id":"https:\/\/peakart.co.uk\/de\/#\/schema\/logo\/image\/"},"sameAs":["https:\/\/www.facebook.com\/PeakArtClocks\/"],"hasMerchantReturnPolicy":{"@type":"MerchantReturnPolicy","merchantReturnLink":"https:\/\/peakart.co.uk\/refund_returns\/"}}]},"og_availability":"instock","product_availability":"instock","product_retailer_item_id":"PEAKART-49219","product_condition":"new"},"_links":{"self":[{"href":"https:\/\/peakart.co.uk\/de\/wp-json\/wp\/v2\/product\/6649","targetHints":{"allow":["GET"]}}],"collection":[{"href":"https:\/\/peakart.co.uk\/de\/wp-json\/wp\/v2\/product"}],"about":[{"href":"https:\/\/peakart.co.uk\/de\/wp-json\/wp\/v2\/types\/product"}],"replies":[{"embeddable":true,"href":"https:\/\/peakart.co.uk\/de\/wp-json\/wp\/v2\/comments?post=6649"}],"wp:featuredmedia":[{"embeddable":true,"href":"https:\/\/peakart.co.uk\/de\/wp-json\/wp\/v2\/media\/33389"}],"wp:attachment":[{"href":"https:\/\/peakart.co.uk\/de\/wp-json\/wp\/v2\/media?parent=6649"}],"wp:term":[{"taxonomy":"product_brand","embeddable":true,"href":"https:\/\/peakart.co.uk\/de\/wp-json\/wp\/v2\/product_brand?post=6649"},{"taxonomy":"product_cat","embeddable":true,"href":"https:\/\/peakart.co.uk\/de\/wp-json\/wp\/v2\/product_cat?post=6649"},{"taxonomy":"product_tag","embeddable":true,"href":"https:\/\/peakart.co.uk\/de\/wp-json\/wp\/v2\/product_tag?post=6649"}],"curies":[{"name":"wp","href":"https:\/\/api.w.org\/{rel}","templated":true}]}}