{"id":6637,"date":"2016-04-28T18:11:51","date_gmt":"2017-10-07T07:29:27","guid":{"rendered":"http:\/\/peakart.co.uk\/product\/massive-zeitgenossische-skelett-wanduhr\/"},"modified":"2023-03-25T10:59:36","modified_gmt":"2023-03-25T10:59:36","slug":"grosen-zeitgenossischen-wanduhr","status":"publish","type":"product","link":"https:\/\/peakart.co.uk\/de\/produkt\/grosen-zeitgenossischen-wanduhr\/","title":{"rendered":"Gro\u00dfen Zeitgen\u00f6ssischen Wanduhr"},"content":{"rendered":"<h2>Gro\u00dfen Zeitgen\u00f6ssischen Wanduhr &#8211; Handgefertigt | R\u00f6mische Zahlzeichen | Holz<\/h2>\n<p>Der &#8220;Alte Schamane&#8221; ist wahrscheinlich die staunenswerteste zeitgen\u00f6ssische Wanduhr, die Sie je gesehen haben. Normalerweise erwartet man ein solches Produkt in einer prestigetr\u00e4chtigen Kunstausstellung oder einem Luxushotel. Das Zifferblatt dieser atemberaubenden Uhr ist aus einer einzelnen Fichtenholzplatte ges\u00e4gt und zeigt gro\u00dfe r\u00f6mische Ziffern vor durchsichtigem Hintergrund. Falls Sie ganz genau hinschauen, bemerken Sie einen schmalen, kreisrunden Rand an der R\u00fcckseite, der f\u00fcr eine dreidimensionale Erscheinung sorgt. K\u00f6nnen Sie sich vorstellen, am Tisch zu sitzen und Ihre G\u00e4ste zu unterhalten, indem Sie ihnen <a href=\"https:\/\/peakart.co.uk\/de\/blog-post\/skelett-wanduhren-aus-holz\/\">die Geschichte der Skelettuhren von Peak Art<\/a> erz\u00e4hlen?<\/p>\n<p>Der Antrieb besteht aus dem st\u00e4rksten Sweep-Quarzuhrwerk und ben\u00f6tigt eine einzelne Babyzelle. Die Uhr wird mit abmontierten Zeigern geliefert, um eventuelle Besch\u00e4digungen auf dem Transport zu vermeiden.\u00a0Eine vollst\u00e4ndige Anleitung zum sicheren Anbau der Uhrzeiger und zur Einstellung der Zeit finden Sie in diesem\u00a0<a href=\"https:\/\/www.youtube.com\/watch?v=08Tq0lKFs30\">Video<\/a>.<\/p>\n<p>Die 100 cm gro\u00dfen zeitgen\u00f6ssischen Uhren von Peak Art sind rare Kunstwerke, die Ihnen wieder einfallen werden, wenn Sie anfangen, Ihre Inneneinrichtung aufzum\u00f6beln oder einen Anbau einzurichten. Ob Sie einen gro\u00dfen, leeren Wandbereich ausf\u00fcllen oder etwas au\u00dfergew\u00f6hnlichen Charakter in Ihr Wohnzimmer bringen m\u00f6chten \u2013 mit den Uhren von Peak Art werden Sie nicht entt\u00e4uscht. Sie k\u00f6nnen Sie in jedem Raum Ihres Hauses aufh\u00e4ngen, solange Sie daf\u00fcr sorgen, dass keine W\u00e4rme- oder Feuchtigkeitsquelle in der N\u00e4he ist. Uhren mit einer solchen Ausstrahlung passen gut zu einem \u00fcppigen B\u00fcro, einem Restaurant mit Stil oder einem luxuri\u00f6sen Penthouse-Appartement.<\/p>\n<p>Suchen Sie bei Google nach extra gro\u00dfen, handgefertigten Skelettuhren und vergewissern Sie sich, dass Peak Art diesen Nischenmarkt v\u00f6llig besetzt hat und niemand sonst auch nur in die N\u00e4he dieser Qualit\u00e4t und Einzigartigkeit unserer Produkte gelangt. Schauen Sie sich die <a href=\"https:\/\/www.facebook.com\/PeakArtClocks\/\">Peak-Art-Facebookseite<\/a> an und werden einer von Tausenden von Followern auf der ganzen Welt, die unsere Marke bereits zu sch\u00e4tzen wissen.<\/p>\n","protected":false},"excerpt":{"rendered":"<p>Die zeitgen\u00f6ssische Skelettuhr <b>Alter Schamane<\/b> ist von Hand aus einer einzelnen, gro\u00dfen Fichtenholzplatte aus nachhaltiger Forstwirtschaft gefertigt. Sie ist h\u00fcbsch von Hand bemalt, um sie noch einzigartiger und charaktervoller zu machen. Das h\u00f6chst beeindruckende Zifferblat zeigt sorgf\u00e4ltig gearbeitete r\u00f6mische Zahlzeichen auf h\u00f6lzernem Rahmen, so dass Sie die Wand zwischen den Ziffern sehen k\u00f6nnen. Mit einem Gesamtdurchmesser von 75-120<strong>\u00a0<\/strong>cm und ihrem einzigartigen zeitgen\u00f6ssischen Design wird der <strong>Alte Schamane<\/strong> in jeder Inneneinrichtung phantastisch aussehen.<\/p>\n<p><strong>Video<\/strong> &#8211; <a href=\"https:\/\/www.youtube.com\/watch?v=vk7Kfv9g65I\">\u00dcbergro\u00dfe zeitgen\u00f6ssische Skelett-Wanduhr auf Youtube<\/a><\/p>\n<p><strong>Gestaltet und handgefertigt<\/strong> \u2013 Anna Siodelska, Vereinigtes K\u00f6nigreich<\/p>\n<p><strong>Farbe des Zifferblattes<\/strong> \u2013 Schamane<\/p>\n<p><strong>Farbe des Hintergrundes<\/strong> \u2013 durchsichtig \/ Farbe der Wand<\/p>\n<p><strong>Anmerkung \u2013 <\/strong>Bei der Uhr mit 75 cm (30 Zoll) Durchmesser haben die Zahlzeichen eine leicht abweichende Form, damit sie nicht zu d\u00fcnn werden. Ein Beispielbild des abweichenden Designs finden Sie <a href=\"https:\/\/peakart.co.uk\/wp-content\/uploads\/2017\/09\/Unique-Large-Rustic-Grey-Wooden-Wall-Clock-Left.jpg\">hier<\/a><\/p>\n","protected":false},"featured_media":32357,"comment_status":"closed","ping_status":"closed","template":"","meta":[],"product_brand":[],"product_cat":[80],"product_tag":[83,90,87,82,95],"class_list":{"0":"post-6637","1":"product","2":"type-product","3":"status-publish","4":"has-post-thumbnail","6":"product_cat-grosse-wanduhren-handgefertigt","7":"product_tag-grosse-dekorative-wanduhren","8":"product_tag-grosse-skelett-wanduhren-mit-roemischen-zahlzeichen","9":"product_tag-wanduhren-mit-roemischen-zahlzeichen","10":"product_tag-grosse-kuenstlerische-wanduhren","11":"product_tag-skelett-wanduhren","13":"first","14":"instock","15":"sale","16":"taxable","17":"shipping-taxable","18":"purchasable","19":"product-type-variable"},"yoast_head":"<!-- This site is optimized with the Yoast SEO Premium plugin v27.2 (Yoast SEO v27.2) - https:\/\/yoast.com\/product\/yoast-seo-premium-wordpress\/ -->\n<title>Extra Gro\u00dfe Zeitgen\u00f6ssische Wanduhr Aus Holz.<\/title>\n<meta name=\"description\" content=\"Eine extra gro\u00dfe, zeitgen\u00f6ssische Skelett-Wanduhr, die f\u00fcr Ihre Inneneinrichtung eine h\u00f6chst beeindruckende moderne Erg\u00e4nzung bilden wird. Gestaltet, um zu erstaunen. Ein teures, gro\u00dfartiges Wandkunstwerk.\" \/>\n<meta name=\"robots\" content=\"index, follow, max-snippet:-1, max-image-preview:large, max-video-preview:-1\" \/>\n<link rel=\"canonical\" href=\"https:\/\/peakart.co.uk\/de\/produkt\/grosen-zeitgenossischen-wanduhr\/\" \/>\n<meta property=\"og:locale\" content=\"de_DE\" \/>\n<meta property=\"og:type\" content=\"article\" \/>\n<meta property=\"og:title\" content=\"Gro\u00dfen Zeitgen\u00f6ssischen Wanduhr\" \/>\n<meta property=\"og:description\" content=\"Eine extra gro\u00dfe, zeitgen\u00f6ssische Skelett-Wanduhr, die f\u00fcr Ihre Inneneinrichtung eine h\u00f6chst beeindruckende moderne Erg\u00e4nzung bilden wird. Gestaltet, um zu erstaunen. Ein teures, gro\u00dfartiges Wandkunstwerk.\" \/>\n<meta property=\"og:url\" content=\"https:\/\/peakart.co.uk\/de\/produkt\/grosen-zeitgenossischen-wanduhr\/\" \/>\n<meta property=\"og:site_name\" content=\"Peak Art\" \/>\n<meta property=\"article:publisher\" content=\"https:\/\/www.facebook.com\/PeakArtClocks\/\" \/>\n<meta property=\"article:modified_time\" content=\"2023-03-25T10:59:36+00:00\" \/>\n<meta property=\"og:image\" content=\"https:\/\/peakart.co.uk\/wp-content\/uploads\/2016\/04\/Extra-Large-Contemporary-Clock-Zoom-1.jpg\" \/>\n\t<meta property=\"og:image:width\" content=\"600\" \/>\n\t<meta property=\"og:image:height\" content=\"600\" \/>\n\t<meta property=\"og:image:type\" content=\"image\/jpeg\" \/>\n<meta name=\"twitter:card\" content=\"summary_large_image\" \/>\n<meta name=\"twitter:label1\" content=\"Verf\u00fcgbarkeit\" \/>\n\t<meta name=\"twitter:data1\" content=\"Auf Lager\" \/>\n<script type=\"application\/ld+json\" class=\"yoast-schema-graph\">{\"@context\":\"https:\/\/schema.org\",\"@graph\":[{\"@type\":\"WebPage\",\"@id\":\"https:\/\/peakart.co.uk\/de\/produkt\/grosen-zeitgenossischen-wanduhr\/\",\"url\":\"https:\/\/peakart.co.uk\/de\/produkt\/grosen-zeitgenossischen-wanduhr\/\",\"name\":\"Extra Gro\u00dfe Zeitgen\u00f6ssische Wanduhr Aus Holz.\",\"isPartOf\":{\"@id\":\"https:\/\/peakart.co.uk\/de\/#website\"},\"primaryImageOfPage\":{\"@id\":\"https:\/\/peakart.co.uk\/de\/produkt\/grosen-zeitgenossischen-wanduhr\/#primaryimage\"},\"image\":{\"@id\":\"https:\/\/peakart.co.uk\/de\/produkt\/grosen-zeitgenossischen-wanduhr\/#primaryimage\"},\"thumbnailUrl\":\"https:\/\/peakart.co.uk\/wp-content\/uploads\/2016\/04\/Extra-Large-Contemporary-Clock-Zoom-1.jpg\",\"datePublished\":\"2017-10-07T07:29:27+00:00\",\"dateModified\":\"2023-03-25T10:59:36+00:00\",\"description\":\"Eine extra gro\u00dfe, zeitgen\u00f6ssische Skelett-Wanduhr, die f\u00fcr Ihre Inneneinrichtung eine h\u00f6chst beeindruckende moderne Erg\u00e4nzung bilden wird. Gestaltet, um zu erstaunen. Ein teures, gro\u00dfartiges Wandkunstwerk.\",\"breadcrumb\":{\"@id\":\"https:\/\/peakart.co.uk\/de\/produkt\/grosen-zeitgenossischen-wanduhr\/#breadcrumb\"},\"inLanguage\":\"de\",\"potentialAction\":[{\"@type\":\"ReadAction\",\"target\":[\"https:\/\/peakart.co.uk\/de\/produkt\/grosen-zeitgenossischen-wanduhr\/\"]}]},{\"@type\":\"ImageObject\",\"inLanguage\":\"de\",\"@id\":\"https:\/\/peakart.co.uk\/de\/produkt\/grosen-zeitgenossischen-wanduhr\/#primaryimage\",\"url\":\"https:\/\/peakart.co.uk\/wp-content\/uploads\/2016\/04\/Extra-Large-Contemporary-Clock-Zoom-1.jpg\",\"contentUrl\":\"https:\/\/peakart.co.uk\/wp-content\/uploads\/2016\/04\/Extra-Large-Contemporary-Clock-Zoom-1.jpg\",\"width\":600,\"height\":600},{\"@type\":\"BreadcrumbList\",\"@id\":\"https:\/\/peakart.co.uk\/de\/produkt\/grosen-zeitgenossischen-wanduhr\/#breadcrumb\",\"itemListElement\":[{\"@type\":\"ListItem\",\"position\":1,\"name\":\"Home\",\"item\":\"https:\/\/peakart.co.uk\/de\/\"},{\"@type\":\"ListItem\",\"position\":2,\"name\":\"Shop\",\"item\":\"https:\/\/peakart.co.uk\/de\/shop\/\"},{\"@type\":\"ListItem\",\"position\":3,\"name\":\"Gro\u00dfen Zeitgen\u00f6ssischen Wanduhr\"}]},{\"@type\":\"WebSite\",\"@id\":\"https:\/\/peakart.co.uk\/de\/#website\",\"url\":\"https:\/\/peakart.co.uk\/de\/\",\"name\":\"Peak Art\",\"description\":\"\",\"publisher\":{\"@id\":\"https:\/\/peakart.co.uk\/de\/#organization\"},\"potentialAction\":[{\"@type\":\"SearchAction\",\"target\":{\"@type\":\"EntryPoint\",\"urlTemplate\":\"https:\/\/peakart.co.uk\/de\/?s={search_term_string}\"},\"query-input\":{\"@type\":\"PropertyValueSpecification\",\"valueRequired\":true,\"valueName\":\"search_term_string\"}}],\"inLanguage\":\"de\"},{\"@type\":\"Organization\",\"@id\":\"https:\/\/peakart.co.uk\/de\/#organization\",\"name\":\"Peak Art\",\"url\":\"https:\/\/peakart.co.uk\/de\/\",\"logo\":{\"@type\":\"ImageObject\",\"inLanguage\":\"de\",\"@id\":\"https:\/\/peakart.co.uk\/de\/#\/schema\/logo\/image\/\",\"url\":\"https:\/\/peakart.co.uk\/wp-content\/uploads\/2023\/07\/logo-8.jpg\",\"contentUrl\":\"https:\/\/peakart.co.uk\/wp-content\/uploads\/2023\/07\/logo-8.jpg\",\"width\":666,\"height\":259,\"caption\":\"Peak Art\"},\"image\":{\"@id\":\"https:\/\/peakart.co.uk\/de\/#\/schema\/logo\/image\/\"},\"sameAs\":[\"https:\/\/www.facebook.com\/PeakArtClocks\/\"],\"hasMerchantReturnPolicy\":{\"@type\":\"MerchantReturnPolicy\",\"merchantReturnLink\":\"https:\/\/peakart.co.uk\/refund_returns\/\"}}]}<\/script>\n<meta property=\"og:availability\" content=\"instock\" \/>\n<meta property=\"product:availability\" content=\"instock\" \/>\n<meta property=\"product:retailer_item_id\" content=\"PEAKART-67238\" \/>\n<meta property=\"product:condition\" content=\"new\" \/>\n<!-- \/ Yoast SEO Premium plugin. -->","yoast_head_json":{"title":"Extra Gro\u00dfe Zeitgen\u00f6ssische Wanduhr Aus Holz.","description":"Eine extra gro\u00dfe, zeitgen\u00f6ssische Skelett-Wanduhr, die f\u00fcr Ihre Inneneinrichtung eine h\u00f6chst beeindruckende moderne Erg\u00e4nzung bilden wird. Gestaltet, um zu erstaunen. Ein teures, gro\u00dfartiges Wandkunstwerk.","robots":{"index":"index","follow":"follow","max-snippet":"max-snippet:-1","max-image-preview":"max-image-preview:large","max-video-preview":"max-video-preview:-1"},"canonical":"https:\/\/peakart.co.uk\/de\/produkt\/grosen-zeitgenossischen-wanduhr\/","og_locale":"de_DE","og_type":"article","og_title":"Gro\u00dfen Zeitgen\u00f6ssischen Wanduhr","og_description":"Eine extra gro\u00dfe, zeitgen\u00f6ssische Skelett-Wanduhr, die f\u00fcr Ihre Inneneinrichtung eine h\u00f6chst beeindruckende moderne Erg\u00e4nzung bilden wird. Gestaltet, um zu erstaunen. Ein teures, gro\u00dfartiges Wandkunstwerk.","og_url":"https:\/\/peakart.co.uk\/de\/produkt\/grosen-zeitgenossischen-wanduhr\/","og_site_name":"Peak Art","article_publisher":"https:\/\/www.facebook.com\/PeakArtClocks\/","article_modified_time":"2023-03-25T10:59:36+00:00","og_image":[{"width":600,"height":600,"url":"https:\/\/peakart.co.uk\/wp-content\/uploads\/2016\/04\/Extra-Large-Contemporary-Clock-Zoom-1.jpg","type":"image\/jpeg"}],"twitter_card":"summary_large_image","twitter_misc":{"Verf\u00fcgbarkeit":"Auf Lager"},"schema":{"@context":"https:\/\/schema.org","@graph":[{"@type":"WebPage","@id":"https:\/\/peakart.co.uk\/de\/produkt\/grosen-zeitgenossischen-wanduhr\/","url":"https:\/\/peakart.co.uk\/de\/produkt\/grosen-zeitgenossischen-wanduhr\/","name":"Extra Gro\u00dfe Zeitgen\u00f6ssische Wanduhr Aus Holz.","isPartOf":{"@id":"https:\/\/peakart.co.uk\/de\/#website"},"primaryImageOfPage":{"@id":"https:\/\/peakart.co.uk\/de\/produkt\/grosen-zeitgenossischen-wanduhr\/#primaryimage"},"image":{"@id":"https:\/\/peakart.co.uk\/de\/produkt\/grosen-zeitgenossischen-wanduhr\/#primaryimage"},"thumbnailUrl":"https:\/\/peakart.co.uk\/wp-content\/uploads\/2016\/04\/Extra-Large-Contemporary-Clock-Zoom-1.jpg","datePublished":"2017-10-07T07:29:27+00:00","dateModified":"2023-03-25T10:59:36+00:00","description":"Eine extra gro\u00dfe, zeitgen\u00f6ssische Skelett-Wanduhr, die f\u00fcr Ihre Inneneinrichtung eine h\u00f6chst beeindruckende moderne Erg\u00e4nzung bilden wird. Gestaltet, um zu erstaunen. Ein teures, gro\u00dfartiges Wandkunstwerk.","breadcrumb":{"@id":"https:\/\/peakart.co.uk\/de\/produkt\/grosen-zeitgenossischen-wanduhr\/#breadcrumb"},"inLanguage":"de","potentialAction":[{"@type":"ReadAction","target":["https:\/\/peakart.co.uk\/de\/produkt\/grosen-zeitgenossischen-wanduhr\/"]}]},{"@type":"ImageObject","inLanguage":"de","@id":"https:\/\/peakart.co.uk\/de\/produkt\/grosen-zeitgenossischen-wanduhr\/#primaryimage","url":"https:\/\/peakart.co.uk\/wp-content\/uploads\/2016\/04\/Extra-Large-Contemporary-Clock-Zoom-1.jpg","contentUrl":"https:\/\/peakart.co.uk\/wp-content\/uploads\/2016\/04\/Extra-Large-Contemporary-Clock-Zoom-1.jpg","width":600,"height":600},{"@type":"BreadcrumbList","@id":"https:\/\/peakart.co.uk\/de\/produkt\/grosen-zeitgenossischen-wanduhr\/#breadcrumb","itemListElement":[{"@type":"ListItem","position":1,"name":"Home","item":"https:\/\/peakart.co.uk\/de\/"},{"@type":"ListItem","position":2,"name":"Shop","item":"https:\/\/peakart.co.uk\/de\/shop\/"},{"@type":"ListItem","position":3,"name":"Gro\u00dfen Zeitgen\u00f6ssischen Wanduhr"}]},{"@type":"WebSite","@id":"https:\/\/peakart.co.uk\/de\/#website","url":"https:\/\/peakart.co.uk\/de\/","name":"Peak Art","description":"","publisher":{"@id":"https:\/\/peakart.co.uk\/de\/#organization"},"potentialAction":[{"@type":"SearchAction","target":{"@type":"EntryPoint","urlTemplate":"https:\/\/peakart.co.uk\/de\/?s={search_term_string}"},"query-input":{"@type":"PropertyValueSpecification","valueRequired":true,"valueName":"search_term_string"}}],"inLanguage":"de"},{"@type":"Organization","@id":"https:\/\/peakart.co.uk\/de\/#organization","name":"Peak Art","url":"https:\/\/peakart.co.uk\/de\/","logo":{"@type":"ImageObject","inLanguage":"de","@id":"https:\/\/peakart.co.uk\/de\/#\/schema\/logo\/image\/","url":"https:\/\/peakart.co.uk\/wp-content\/uploads\/2023\/07\/logo-8.jpg","contentUrl":"https:\/\/peakart.co.uk\/wp-content\/uploads\/2023\/07\/logo-8.jpg","width":666,"height":259,"caption":"Peak Art"},"image":{"@id":"https:\/\/peakart.co.uk\/de\/#\/schema\/logo\/image\/"},"sameAs":["https:\/\/www.facebook.com\/PeakArtClocks\/"],"hasMerchantReturnPolicy":{"@type":"MerchantReturnPolicy","merchantReturnLink":"https:\/\/peakart.co.uk\/refund_returns\/"}}]},"og_availability":"instock","product_availability":"instock","product_retailer_item_id":"PEAKART-67238","product_condition":"new"},"_links":{"self":[{"href":"https:\/\/peakart.co.uk\/de\/wp-json\/wp\/v2\/product\/6637","targetHints":{"allow":["GET"]}}],"collection":[{"href":"https:\/\/peakart.co.uk\/de\/wp-json\/wp\/v2\/product"}],"about":[{"href":"https:\/\/peakart.co.uk\/de\/wp-json\/wp\/v2\/types\/product"}],"replies":[{"embeddable":true,"href":"https:\/\/peakart.co.uk\/de\/wp-json\/wp\/v2\/comments?post=6637"}],"wp:featuredmedia":[{"embeddable":true,"href":"https:\/\/peakart.co.uk\/de\/wp-json\/wp\/v2\/media\/32357"}],"wp:attachment":[{"href":"https:\/\/peakart.co.uk\/de\/wp-json\/wp\/v2\/media?parent=6637"}],"wp:term":[{"taxonomy":"product_brand","embeddable":true,"href":"https:\/\/peakart.co.uk\/de\/wp-json\/wp\/v2\/product_brand?post=6637"},{"taxonomy":"product_cat","embeddable":true,"href":"https:\/\/peakart.co.uk\/de\/wp-json\/wp\/v2\/product_cat?post=6637"},{"taxonomy":"product_tag","embeddable":true,"href":"https:\/\/peakart.co.uk\/de\/wp-json\/wp\/v2\/product_tag?post=6637"}],"curies":[{"name":"wp","href":"https:\/\/api.w.org\/{rel}","templated":true}]}}