{"id":6587,"date":"2017-10-06T18:24:02","date_gmt":"2017-10-06T17:24:03","guid":{"rendered":"http:\/\/peakart.co.uk\/?post_type=product&#038;p=6587"},"modified":"2023-02-20T13:36:48","modified_gmt":"2023-02-20T13:36:48","slug":"extra-grose-skelett-wanduhr","status":"publish","type":"product","link":"https:\/\/peakart.co.uk\/de\/produkt\/extra-grose-skelett-wanduhr\/","title":{"rendered":"Extra gro\u00dfe Skelett Wanduhr Handgefertigt"},"content":{"rendered":"<h2 class=\"tw-data-text tw-ta tw-text-medium\" dir=\"ltr\" data-placeholder=\"Translation\"><span lang=\"de\">Extra gro\u00dfe Skelett Wanduhr handgefertigt\u00a0<\/span>| Dreideimesionaler Look | R\u00f6mische Ziffern<\/h2>\n<p>Die <a href=\"https:\/\/peakart.co.uk\/de\/produkt-schlagwort\/grosse-skelett-wanduhren-mit-roemischen-zahlzeichen\/\">Skelett-Wanduhren aus Holz<\/a> von Peak Art bieten ein wundersch\u00f6nes Design, um sogar die anspruchsvollsten Kunden zu beeindrucken. &#8220;Lush Graphite&#8221; hat einen sehr geheimnisvollen und m\u00e4nnlichen Charakter, um die Aufmerksamkeit Ihrer G\u00e4ste oder Besucher auf sich zu ziehen. Das dunkle graphitfarbene Zifferblatt hat mehrere orange, goldene und rote Farbt\u00f6ne, die es wie ein brennendes St\u00fcck Holzkohle erscheinen lassen. Dank des Skelettdesigns wirkt dieser faszinierende handgefertigte Zeitmesser sowohl leicht als auch dreidimensional. Die Auswahl der Farben erfolgte mit gro\u00dfer Sorgfalt, um diesen &#8220;Wow&#8221; -Effekt zu erzielen und gleicherma\u00dfen zu vielen verschiedenen Interieurs zu passen. Wenn Sie auf der Suche nach dem au\u00dfergew\u00f6hnlichsten luxuri\u00f6sen Exemplar von Statement Art sind, um eine gro\u00dfe leere Wand zu f\u00fcllen, werden Sie es nicht bereuen, eine unserer individuell gestalteten Wanduhren auszuw\u00e4hlen.<\/p>\n<p>Warum ist es so wichtig, \u00fcber den Tellerrand hinauszuschauen und den Wohnraum auf eine eigene einzigartige Art und Weise zu dekorieren, die von der akzeptierten Norm abweicht? Ich denke, es ist f\u00fcr viele von uns wirklich wichtig, ihren eigenen Charakter zu zeigen, anstatt st\u00e4ndig die Ideen von anderen Menschen zu kopieren und zu \u00fcbernehmen. So wurde Peak Art geboren \u2013 um die sch\u00f6nsten, ungew\u00f6hnlichsten und atemberaubendsten Wanduhren der Welt zu erfinden, zu erschaffen und anzubieten. Sie alle sind aus Holz handgefertigt und von Hand mit dem eindrucksvollsten Dekor bemalt. Die meisten von ihnen sind nun in 3 verschiedenen Gr\u00f6\u00dfen erh\u00e4ltlich, um Ihren individuellen Bed\u00fcrfnissen und Platzverh\u00e4ltnissen gerecht zu werden.<\/p>\n","protected":false},"excerpt":{"rendered":"<p>Das atemberaubendste Designerst\u00fcck zur Dekoration Ihres Wohnbereichs, Ihrer K\u00fcche, Ihres luxuri\u00f6sen Hotels oder Restaurants. Die Farbauswahl eignet sich sowohl f\u00fcr ein gehobenes als auch f\u00fcr ein schlichtes Interieur. Es verf\u00fcgt \u00fcber keine Metallelemente, passt jedoch auch hervorragend in Industrier\u00e4ume.<\/p>\n<p><strong>Design &amp; Handfertigung<\/strong> \u2013 Anna Siodelska, Vereinigtes K\u00f6nigreich<\/p>\n<p><strong>Farbe des Zifferblatts<\/strong> \u2013 Lush Graphite (opulentes Graphitschwarz)<\/p>\n<p><strong>Hintergrundfarbe<\/strong> \u2013 Transparent\/ Wandfarbe<\/p>\n<p><strong>Hinweis \u2013 <\/strong> Die 75cm (30&#8243;) gro\u00dfe Uhr hat leicht unterschiedlich geformte Ziffern, um sicherzustellen, dass sie nicht zu d\u00fcnn sind. Ein Beispielbild mit einem anderen Design finden Sie <a href=\"https:\/\/peakart.co.uk\/wp-content\/uploads\/2017\/09\/Unique-Large-Rustic-Grey-Wooden-Wall-Clock-Left.jpg\">hier<\/a>.<\/p>\n","protected":false},"featured_media":32273,"comment_status":"closed","ping_status":"closed","template":"","meta":[],"product_brand":[],"product_cat":[80],"product_tag":[83,90,87,82,89,95],"class_list":{"0":"post-6587","1":"product","2":"type-product","3":"status-publish","4":"has-post-thumbnail","6":"product_cat-grosse-wanduhren-handgefertigt","7":"product_tag-grosse-dekorative-wanduhren","8":"product_tag-grosse-skelett-wanduhren-mit-roemischen-zahlzeichen","9":"product_tag-wanduhren-mit-roemischen-zahlzeichen","10":"product_tag-grosse-kuenstlerische-wanduhren","11":"product_tag-schabige-schicke-wanduhren","12":"product_tag-skelett-wanduhren","14":"first","15":"instock","16":"sale","17":"taxable","18":"shipping-taxable","19":"purchasable","20":"product-type-variable"},"yoast_head":"<!-- This site is optimized with the Yoast SEO Premium plugin v27.2 (Yoast SEO v27.2) - https:\/\/yoast.com\/product\/yoast-seo-premium-wordpress\/ -->\n<title>Luxuri\u00f6se Skelett-Wanduhr aus Holz mit r\u00f6mischen Ziffern<\/title>\n<meta name=\"description\" content=\"Ein atemberaubendes Objekt handgefertigter Wandkunst f\u00fcr Ihre K\u00fcche, Ihren Aufenthalts- oder Wohnbereich. Diese faszinierenden Zeitmesser eignen sich auch f\u00fcr luxuri\u00f6se Wohnungen oder B\u00fcros.\" \/>\n<meta name=\"robots\" content=\"index, follow, max-snippet:-1, max-image-preview:large, max-video-preview:-1\" \/>\n<link rel=\"canonical\" href=\"https:\/\/peakart.co.uk\/de\/produkt\/extra-grose-skelett-wanduhr\/\" \/>\n<meta property=\"og:locale\" content=\"de_DE\" \/>\n<meta property=\"og:type\" content=\"article\" \/>\n<meta property=\"og:title\" content=\"Extra gro\u00dfe Skelett Wanduhr Handgefertigt\" \/>\n<meta property=\"og:description\" content=\"Ein atemberaubendes Objekt handgefertigter Wandkunst f\u00fcr Ihre K\u00fcche, Ihren Aufenthalts- oder Wohnbereich. Diese faszinierenden Zeitmesser eignen sich auch f\u00fcr luxuri\u00f6se Wohnungen oder B\u00fcros.\" \/>\n<meta property=\"og:url\" content=\"https:\/\/peakart.co.uk\/de\/produkt\/extra-grose-skelett-wanduhr\/\" \/>\n<meta property=\"og:site_name\" content=\"Peak Art\" \/>\n<meta property=\"article:publisher\" content=\"https:\/\/www.facebook.com\/PeakArtClocks\/\" \/>\n<meta property=\"article:modified_time\" content=\"2023-02-20T13:36:48+00:00\" \/>\n<meta property=\"og:image\" content=\"https:\/\/peakart.co.uk\/wp-content\/uploads\/2017\/10\/Luxurious-Roman-Numeral-Skeleton-Wooden-Wall-Clock-Lush-Graphite-Interiors-700x454-1.jpg\" \/>\n\t<meta property=\"og:image:width\" content=\"700\" \/>\n\t<meta property=\"og:image:height\" content=\"454\" \/>\n\t<meta property=\"og:image:type\" content=\"image\/jpeg\" \/>\n<meta name=\"twitter:card\" content=\"summary_large_image\" \/>\n<meta name=\"twitter:label1\" content=\"Verf\u00fcgbarkeit\" \/>\n\t<meta name=\"twitter:data1\" content=\"Auf Lager\" \/>\n<script type=\"application\/ld+json\" class=\"yoast-schema-graph\">{\"@context\":\"https:\/\/schema.org\",\"@graph\":[{\"@type\":\"WebPage\",\"@id\":\"https:\/\/peakart.co.uk\/de\/produkt\/extra-grose-skelett-wanduhr\/\",\"url\":\"https:\/\/peakart.co.uk\/de\/produkt\/extra-grose-skelett-wanduhr\/\",\"name\":\"Luxuri\u00f6se Skelett-Wanduhr aus Holz mit r\u00f6mischen Ziffern\",\"isPartOf\":{\"@id\":\"https:\/\/peakart.co.uk\/de\/#website\"},\"primaryImageOfPage\":{\"@id\":\"https:\/\/peakart.co.uk\/de\/produkt\/extra-grose-skelett-wanduhr\/#primaryimage\"},\"image\":{\"@id\":\"https:\/\/peakart.co.uk\/de\/produkt\/extra-grose-skelett-wanduhr\/#primaryimage\"},\"thumbnailUrl\":\"https:\/\/peakart.co.uk\/wp-content\/uploads\/2017\/10\/Luxurious-Roman-Numeral-Skeleton-Wooden-Wall-Clock-Lush-Graphite-Interiors-700x454-1.jpg\",\"datePublished\":\"2017-10-06T17:24:03+00:00\",\"dateModified\":\"2023-02-20T13:36:48+00:00\",\"description\":\"Ein atemberaubendes Objekt handgefertigter Wandkunst f\u00fcr Ihre K\u00fcche, Ihren Aufenthalts- oder Wohnbereich. Diese faszinierenden Zeitmesser eignen sich auch f\u00fcr luxuri\u00f6se Wohnungen oder B\u00fcros.\",\"breadcrumb\":{\"@id\":\"https:\/\/peakart.co.uk\/de\/produkt\/extra-grose-skelett-wanduhr\/#breadcrumb\"},\"inLanguage\":\"de\",\"potentialAction\":[{\"@type\":\"ReadAction\",\"target\":[\"https:\/\/peakart.co.uk\/de\/produkt\/extra-grose-skelett-wanduhr\/\"]}]},{\"@type\":\"ImageObject\",\"inLanguage\":\"de\",\"@id\":\"https:\/\/peakart.co.uk\/de\/produkt\/extra-grose-skelett-wanduhr\/#primaryimage\",\"url\":\"https:\/\/peakart.co.uk\/wp-content\/uploads\/2017\/10\/Luxurious-Roman-Numeral-Skeleton-Wooden-Wall-Clock-Lush-Graphite-Interiors-700x454-1.jpg\",\"contentUrl\":\"https:\/\/peakart.co.uk\/wp-content\/uploads\/2017\/10\/Luxurious-Roman-Numeral-Skeleton-Wooden-Wall-Clock-Lush-Graphite-Interiors-700x454-1.jpg\",\"width\":700,\"height\":454},{\"@type\":\"BreadcrumbList\",\"@id\":\"https:\/\/peakart.co.uk\/de\/produkt\/extra-grose-skelett-wanduhr\/#breadcrumb\",\"itemListElement\":[{\"@type\":\"ListItem\",\"position\":1,\"name\":\"Home\",\"item\":\"https:\/\/peakart.co.uk\/de\/\"},{\"@type\":\"ListItem\",\"position\":2,\"name\":\"Shop\",\"item\":\"https:\/\/peakart.co.uk\/de\/shop\/\"},{\"@type\":\"ListItem\",\"position\":3,\"name\":\"Extra gro\u00dfe Skelett Wanduhr Handgefertigt\"}]},{\"@type\":\"WebSite\",\"@id\":\"https:\/\/peakart.co.uk\/de\/#website\",\"url\":\"https:\/\/peakart.co.uk\/de\/\",\"name\":\"Peak Art\",\"description\":\"\",\"publisher\":{\"@id\":\"https:\/\/peakart.co.uk\/de\/#organization\"},\"potentialAction\":[{\"@type\":\"SearchAction\",\"target\":{\"@type\":\"EntryPoint\",\"urlTemplate\":\"https:\/\/peakart.co.uk\/de\/?s={search_term_string}\"},\"query-input\":{\"@type\":\"PropertyValueSpecification\",\"valueRequired\":true,\"valueName\":\"search_term_string\"}}],\"inLanguage\":\"de\"},{\"@type\":\"Organization\",\"@id\":\"https:\/\/peakart.co.uk\/de\/#organization\",\"name\":\"Peak Art\",\"url\":\"https:\/\/peakart.co.uk\/de\/\",\"logo\":{\"@type\":\"ImageObject\",\"inLanguage\":\"de\",\"@id\":\"https:\/\/peakart.co.uk\/de\/#\/schema\/logo\/image\/\",\"url\":\"https:\/\/peakart.co.uk\/wp-content\/uploads\/2023\/07\/logo-8.jpg\",\"contentUrl\":\"https:\/\/peakart.co.uk\/wp-content\/uploads\/2023\/07\/logo-8.jpg\",\"width\":666,\"height\":259,\"caption\":\"Peak Art\"},\"image\":{\"@id\":\"https:\/\/peakart.co.uk\/de\/#\/schema\/logo\/image\/\"},\"sameAs\":[\"https:\/\/www.facebook.com\/PeakArtClocks\/\"],\"hasMerchantReturnPolicy\":{\"@type\":\"MerchantReturnPolicy\",\"merchantReturnLink\":\"https:\/\/peakart.co.uk\/refund_returns\/\"}}]}<\/script>\n<meta property=\"og:availability\" content=\"instock\" \/>\n<meta property=\"product:availability\" content=\"instock\" \/>\n<meta property=\"product:retailer_item_id\" content=\"PEAKART-32463\" \/>\n<meta property=\"product:condition\" content=\"new\" \/>\n<!-- \/ Yoast SEO Premium plugin. -->","yoast_head_json":{"title":"Luxuri\u00f6se Skelett-Wanduhr aus Holz mit r\u00f6mischen Ziffern","description":"Ein atemberaubendes Objekt handgefertigter Wandkunst f\u00fcr Ihre K\u00fcche, Ihren Aufenthalts- oder Wohnbereich. Diese faszinierenden Zeitmesser eignen sich auch f\u00fcr luxuri\u00f6se Wohnungen oder B\u00fcros.","robots":{"index":"index","follow":"follow","max-snippet":"max-snippet:-1","max-image-preview":"max-image-preview:large","max-video-preview":"max-video-preview:-1"},"canonical":"https:\/\/peakart.co.uk\/de\/produkt\/extra-grose-skelett-wanduhr\/","og_locale":"de_DE","og_type":"article","og_title":"Extra gro\u00dfe Skelett Wanduhr Handgefertigt","og_description":"Ein atemberaubendes Objekt handgefertigter Wandkunst f\u00fcr Ihre K\u00fcche, Ihren Aufenthalts- oder Wohnbereich. Diese faszinierenden Zeitmesser eignen sich auch f\u00fcr luxuri\u00f6se Wohnungen oder B\u00fcros.","og_url":"https:\/\/peakart.co.uk\/de\/produkt\/extra-grose-skelett-wanduhr\/","og_site_name":"Peak Art","article_publisher":"https:\/\/www.facebook.com\/PeakArtClocks\/","article_modified_time":"2023-02-20T13:36:48+00:00","og_image":[{"width":700,"height":454,"url":"https:\/\/peakart.co.uk\/wp-content\/uploads\/2017\/10\/Luxurious-Roman-Numeral-Skeleton-Wooden-Wall-Clock-Lush-Graphite-Interiors-700x454-1.jpg","type":"image\/jpeg"}],"twitter_card":"summary_large_image","twitter_misc":{"Verf\u00fcgbarkeit":"Auf Lager"},"schema":{"@context":"https:\/\/schema.org","@graph":[{"@type":"WebPage","@id":"https:\/\/peakart.co.uk\/de\/produkt\/extra-grose-skelett-wanduhr\/","url":"https:\/\/peakart.co.uk\/de\/produkt\/extra-grose-skelett-wanduhr\/","name":"Luxuri\u00f6se Skelett-Wanduhr aus Holz mit r\u00f6mischen Ziffern","isPartOf":{"@id":"https:\/\/peakart.co.uk\/de\/#website"},"primaryImageOfPage":{"@id":"https:\/\/peakart.co.uk\/de\/produkt\/extra-grose-skelett-wanduhr\/#primaryimage"},"image":{"@id":"https:\/\/peakart.co.uk\/de\/produkt\/extra-grose-skelett-wanduhr\/#primaryimage"},"thumbnailUrl":"https:\/\/peakart.co.uk\/wp-content\/uploads\/2017\/10\/Luxurious-Roman-Numeral-Skeleton-Wooden-Wall-Clock-Lush-Graphite-Interiors-700x454-1.jpg","datePublished":"2017-10-06T17:24:03+00:00","dateModified":"2023-02-20T13:36:48+00:00","description":"Ein atemberaubendes Objekt handgefertigter Wandkunst f\u00fcr Ihre K\u00fcche, Ihren Aufenthalts- oder Wohnbereich. Diese faszinierenden Zeitmesser eignen sich auch f\u00fcr luxuri\u00f6se Wohnungen oder B\u00fcros.","breadcrumb":{"@id":"https:\/\/peakart.co.uk\/de\/produkt\/extra-grose-skelett-wanduhr\/#breadcrumb"},"inLanguage":"de","potentialAction":[{"@type":"ReadAction","target":["https:\/\/peakart.co.uk\/de\/produkt\/extra-grose-skelett-wanduhr\/"]}]},{"@type":"ImageObject","inLanguage":"de","@id":"https:\/\/peakart.co.uk\/de\/produkt\/extra-grose-skelett-wanduhr\/#primaryimage","url":"https:\/\/peakart.co.uk\/wp-content\/uploads\/2017\/10\/Luxurious-Roman-Numeral-Skeleton-Wooden-Wall-Clock-Lush-Graphite-Interiors-700x454-1.jpg","contentUrl":"https:\/\/peakart.co.uk\/wp-content\/uploads\/2017\/10\/Luxurious-Roman-Numeral-Skeleton-Wooden-Wall-Clock-Lush-Graphite-Interiors-700x454-1.jpg","width":700,"height":454},{"@type":"BreadcrumbList","@id":"https:\/\/peakart.co.uk\/de\/produkt\/extra-grose-skelett-wanduhr\/#breadcrumb","itemListElement":[{"@type":"ListItem","position":1,"name":"Home","item":"https:\/\/peakart.co.uk\/de\/"},{"@type":"ListItem","position":2,"name":"Shop","item":"https:\/\/peakart.co.uk\/de\/shop\/"},{"@type":"ListItem","position":3,"name":"Extra gro\u00dfe Skelett Wanduhr Handgefertigt"}]},{"@type":"WebSite","@id":"https:\/\/peakart.co.uk\/de\/#website","url":"https:\/\/peakart.co.uk\/de\/","name":"Peak Art","description":"","publisher":{"@id":"https:\/\/peakart.co.uk\/de\/#organization"},"potentialAction":[{"@type":"SearchAction","target":{"@type":"EntryPoint","urlTemplate":"https:\/\/peakart.co.uk\/de\/?s={search_term_string}"},"query-input":{"@type":"PropertyValueSpecification","valueRequired":true,"valueName":"search_term_string"}}],"inLanguage":"de"},{"@type":"Organization","@id":"https:\/\/peakart.co.uk\/de\/#organization","name":"Peak Art","url":"https:\/\/peakart.co.uk\/de\/","logo":{"@type":"ImageObject","inLanguage":"de","@id":"https:\/\/peakart.co.uk\/de\/#\/schema\/logo\/image\/","url":"https:\/\/peakart.co.uk\/wp-content\/uploads\/2023\/07\/logo-8.jpg","contentUrl":"https:\/\/peakart.co.uk\/wp-content\/uploads\/2023\/07\/logo-8.jpg","width":666,"height":259,"caption":"Peak Art"},"image":{"@id":"https:\/\/peakart.co.uk\/de\/#\/schema\/logo\/image\/"},"sameAs":["https:\/\/www.facebook.com\/PeakArtClocks\/"],"hasMerchantReturnPolicy":{"@type":"MerchantReturnPolicy","merchantReturnLink":"https:\/\/peakart.co.uk\/refund_returns\/"}}]},"og_availability":"instock","product_availability":"instock","product_retailer_item_id":"PEAKART-32463","product_condition":"new"},"_links":{"self":[{"href":"https:\/\/peakart.co.uk\/de\/wp-json\/wp\/v2\/product\/6587","targetHints":{"allow":["GET"]}}],"collection":[{"href":"https:\/\/peakart.co.uk\/de\/wp-json\/wp\/v2\/product"}],"about":[{"href":"https:\/\/peakart.co.uk\/de\/wp-json\/wp\/v2\/types\/product"}],"replies":[{"embeddable":true,"href":"https:\/\/peakart.co.uk\/de\/wp-json\/wp\/v2\/comments?post=6587"}],"wp:featuredmedia":[{"embeddable":true,"href":"https:\/\/peakart.co.uk\/de\/wp-json\/wp\/v2\/media\/32273"}],"wp:attachment":[{"href":"https:\/\/peakart.co.uk\/de\/wp-json\/wp\/v2\/media?parent=6587"}],"wp:term":[{"taxonomy":"product_brand","embeddable":true,"href":"https:\/\/peakart.co.uk\/de\/wp-json\/wp\/v2\/product_brand?post=6587"},{"taxonomy":"product_cat","embeddable":true,"href":"https:\/\/peakart.co.uk\/de\/wp-json\/wp\/v2\/product_cat?post=6587"},{"taxonomy":"product_tag","embeddable":true,"href":"https:\/\/peakart.co.uk\/de\/wp-json\/wp\/v2\/product_tag?post=6587"}],"curies":[{"name":"wp","href":"https:\/\/api.w.org\/{rel}","templated":true}]}}