{"id":6547,"date":"2015-09-19T15:33:32","date_gmt":"2017-10-04T20:22:01","guid":{"rendered":"http:\/\/peakart.co.uk\/product\/massive-kunstlerische-design-wanduhr-boho\/"},"modified":"2023-03-26T21:38:13","modified_gmt":"2023-03-26T20:38:13","slug":"kunstlerische-design-wanduhr","status":"publish","type":"product","link":"https:\/\/peakart.co.uk\/de\/produkt\/kunstlerische-design-wanduhr\/","title":{"rendered":"Massive k\u00fcnstlerische Design-Wanduhr"},"content":{"rendered":"<h2>Massive Designeruhr &#8211; Boho | K\u00fcnstlerisch | Handbemalt<\/h2>\n<p>&#8220;Boho&#8221; ist eine massive Designeruhr, die von den lebhaften Farben des Hippie-Trends in der Inneneinrichtung inspiriert ist. Sie wird Ihre Inneneinrichtung sicherlich auf h\u00f6chst ungew\u00f6hnliche und h\u00fcbsche Weise dekorieren. Suchen Sie nach etwas Besonderem, das den gro\u00dfen leeren Raum an der Wand ausf\u00fcllen kann? Sieht Ihr Wohnzimmer langweilig aus oder mangelt es ihm an Einzigartigkeit und Charakter? Haben Sie \u00fcber eine gro\u00dfe Uhr als Hauptattraktion nachgedacht, die Ihr Zimmer vom Rest der Welt absetzen k\u00f6nnte?<\/p>\n<p>Das Zifferblatt der Uhr ist aus einer einzelnen gro\u00dfen Fichtenholzplatte ges\u00e4gt, was f\u00fcr ein erstaunlich nat\u00fcrliches Aussehen und Charakter sorgt. Viele dieser <a href=\"https:\/\/peakart.co.uk\/de\/produkt-schlagwort\/wanduhren-mit-roemischen-zahlzeichen\/\">edlen Uhren zeigen r\u00f6mische Zahlzeichen<\/a> vor einem kr\u00e4ftigen Hintergrund, w\u00e4hrend andere eher ein <a href=\"https:\/\/peakart.co.uk\/de\/produkt-schlagwort\/grosse-skelett-wanduhren-mit-roemischen-zahlzeichen\/\">minimalistisches Skelett-Design<\/a> zeigen. Der Antrieb besteht aus einem sehr starken, batteriebetriebenen Quarz-Sweep-Uhrwerk. Wenn die Uhr geliefert wird, schauen Sie bitte dieses <a href=\"https:\/\/www.youtube.com\/watch?v=08Tq0lKFs30\">kurze Demonstrationsvideo auf Youtube an<\/a>, in dem ich erkl\u00e4re, wie man die Zeit einstellt.<\/p>\n<p>Unsere <a href=\"https:\/\/peakart.co.uk\/de\/produkt-schlagwort\/grosse-kuenstlerische-wanduhren\/\">k\u00fcnstlerischen Design-Uhren<\/a> sind sehr attraktive und luxuri\u00f6se Kunstwerke, die Ihnen wieder in den Sinn kommen werden, wenn Sie einen gro\u00dfen leeren Raum an der Wand zu f\u00fcllen haben. Jedes einzelne dieser handgefertigten St\u00fccke von Peak Art ist absolut beeindruckend, und Sie werden diese nur in den prestigetr\u00e4chtigsten Umgebungen finden. Manche unserer Kunden bringen diese Uhren in \u00fcppigen B\u00fcror\u00e4umen oder extravaganten Penthouses an, doch Sie k\u00f6nnen sie in jedem Raum Ihres Hauses aufh\u00e4ngen, so lange es nicht zu nahe an einer W\u00e4rme- oder Feuchtigkeitsquelle ist.<\/p>\n<p>Folgen Sie nicht den ausgetretenen Pfaden, stellen Sie akzeptierte Trends in Frage und machen diese gro\u00dfen, au\u00dfergew\u00f6hnlichen Uhren von Peak Art zur neuen Mode. Wir sind f\u00fchrend bei der Google-Suche nach <a href=\"https:\/\/www.google.co.uk\/search?q=Large+Handmade+Statement+Clock\">gro\u00dfen handgefertigten Uhren mit klarer Aussage<\/a>, denn es war Peak Art, die als erstes die Idee zu dieser bemerkenswerten Inneneinrichtungs-Idee hatten.<\/p>\n","protected":false},"excerpt":{"rendered":"<p><strong>Boho<\/strong> ist eine massive Designer-Uhr, die von den lebhaften Farben des Hippie-Trends in der Inneneinrichtung inspiriert sind. Sie wird Ihr Wohnzimmer sicher in \u00e4u\u00dferst ungew\u00f6hnlicher und un\u00fcblicher Weise dekorieren. Das Zifferblatt mit seinem distinktiven Charakter wirkt erstaunlich auf dem handbemalten Hintergrund. Mit einem Gesamtdurchmesser von <strong>105 cm<\/strong> f\u00fcllt Boho Ihr Zimmer mit lebhaften und erfrischenden Farben.<\/p>\n<p><strong>Video<\/strong> &#8211; <a href=\"https:\/\/www.youtube.com\/watch?v=auklvIXHikU\">Riesige k\u00fcnstlerische Wanduhr &#8220;Boho&#8221; auf YouTube<\/a><\/p>\n<p><strong>Gestaltet und handgefertigt<\/strong> &#8211; Anna Siodelska, Vereinigtes K\u00f6nigreich<\/p>\n<p><strong>Farbe des Zifferblatts<\/strong> \u2013 Chateau-grau<\/p>\n<p><strong>Farbe des Hintergrundes<\/strong> \u2013 Boho<\/p>\n","protected":false},"featured_media":32351,"comment_status":"open","ping_status":"closed","template":"","meta":[],"product_brand":[],"product_cat":[80],"product_tag":[83,82],"class_list":{"0":"post-6547","1":"product","2":"type-product","3":"status-publish","4":"has-post-thumbnail","6":"product_cat-grosse-wanduhren-handgefertigt","7":"product_tag-grosse-dekorative-wanduhren","8":"product_tag-grosse-kuenstlerische-wanduhren","10":"first","11":"outofstock","12":"taxable","13":"shipping-taxable","14":"product-type-variable"},"yoast_head":"<!-- This site is optimized with the Yoast SEO Premium plugin v27.2 (Yoast SEO v27.2) - https:\/\/yoast.com\/product\/yoast-seo-premium-wordpress\/ -->\n<title>Massive Designeruhr | 75-120 cm, Exzentrisch-k\u00fcnstlerisches Thema &quot;Boho&quot;<\/title>\n<meta name=\"description\" content=\"Eine massive Designeruhr, die einen ungeheuer starken und bleibenden Eindruck bei Ihren G\u00e4sten hinterlassen wird. Handgefertigt und handbemalt; ein kostspieleiges Kunstwerk.\" \/>\n<meta name=\"robots\" content=\"index, follow, max-snippet:-1, max-image-preview:large, max-video-preview:-1\" \/>\n<link rel=\"canonical\" href=\"https:\/\/peakart.co.uk\/de\/produkt\/kunstlerische-design-wanduhr\/\" \/>\n<meta property=\"og:locale\" content=\"de_DE\" \/>\n<meta property=\"og:type\" content=\"article\" \/>\n<meta property=\"og:title\" content=\"Massive k\u00fcnstlerische Design-Wanduhr\" \/>\n<meta property=\"og:description\" content=\"Eine massive Designeruhr, die einen ungeheuer starken und bleibenden Eindruck bei Ihren G\u00e4sten hinterlassen wird. Handgefertigt und handbemalt; ein kostspieleiges Kunstwerk.\" \/>\n<meta property=\"og:url\" content=\"https:\/\/peakart.co.uk\/de\/produkt\/kunstlerische-design-wanduhr\/\" \/>\n<meta property=\"og:site_name\" content=\"Peak Art\" \/>\n<meta property=\"article:publisher\" content=\"https:\/\/www.facebook.com\/PeakArtClocks\/\" \/>\n<meta property=\"article:modified_time\" content=\"2023-03-26T20:38:13+00:00\" \/>\n<meta property=\"og:image\" content=\"https:\/\/peakart.co.uk\/wp-content\/uploads\/2015\/09\/Large-Artistic-Wall-Clock-zoom-1.jpg\" \/>\n\t<meta property=\"og:image:width\" content=\"1554\" \/>\n\t<meta property=\"og:image:height\" content=\"1200\" \/>\n\t<meta property=\"og:image:type\" content=\"image\/jpeg\" \/>\n<meta name=\"twitter:card\" content=\"summary_large_image\" \/>\n<meta name=\"twitter:label1\" content=\"Verf\u00fcgbarkeit\" \/>\n\t<meta name=\"twitter:data1\" content=\"ausverkauft\" \/>\n<script type=\"application\/ld+json\" class=\"yoast-schema-graph\">{\"@context\":\"https:\/\/schema.org\",\"@graph\":[{\"@type\":\"WebPage\",\"@id\":\"https:\/\/peakart.co.uk\/de\/produkt\/kunstlerische-design-wanduhr\/\",\"url\":\"https:\/\/peakart.co.uk\/de\/produkt\/kunstlerische-design-wanduhr\/\",\"name\":\"Massive Designeruhr | 75-120 cm, Exzentrisch-k\u00fcnstlerisches Thema \\\"Boho\\\"\",\"isPartOf\":{\"@id\":\"https:\/\/peakart.co.uk\/de\/#website\"},\"primaryImageOfPage\":{\"@id\":\"https:\/\/peakart.co.uk\/de\/produkt\/kunstlerische-design-wanduhr\/#primaryimage\"},\"image\":{\"@id\":\"https:\/\/peakart.co.uk\/de\/produkt\/kunstlerische-design-wanduhr\/#primaryimage\"},\"thumbnailUrl\":\"https:\/\/peakart.co.uk\/wp-content\/uploads\/2015\/09\/Large-Artistic-Wall-Clock-zoom-1.jpg\",\"datePublished\":\"2017-10-04T20:22:01+00:00\",\"dateModified\":\"2023-03-26T20:38:13+00:00\",\"description\":\"Eine massive Designeruhr, die einen ungeheuer starken und bleibenden Eindruck bei Ihren G\u00e4sten hinterlassen wird. Handgefertigt und handbemalt; ein kostspieleiges Kunstwerk.\",\"breadcrumb\":{\"@id\":\"https:\/\/peakart.co.uk\/de\/produkt\/kunstlerische-design-wanduhr\/#breadcrumb\"},\"inLanguage\":\"de\",\"potentialAction\":[{\"@type\":\"ReadAction\",\"target\":[\"https:\/\/peakart.co.uk\/de\/produkt\/kunstlerische-design-wanduhr\/\"]}]},{\"@type\":\"ImageObject\",\"inLanguage\":\"de\",\"@id\":\"https:\/\/peakart.co.uk\/de\/produkt\/kunstlerische-design-wanduhr\/#primaryimage\",\"url\":\"https:\/\/peakart.co.uk\/wp-content\/uploads\/2015\/09\/Large-Artistic-Wall-Clock-zoom-1.jpg\",\"contentUrl\":\"https:\/\/peakart.co.uk\/wp-content\/uploads\/2015\/09\/Large-Artistic-Wall-Clock-zoom-1.jpg\",\"width\":1554,\"height\":1200},{\"@type\":\"BreadcrumbList\",\"@id\":\"https:\/\/peakart.co.uk\/de\/produkt\/kunstlerische-design-wanduhr\/#breadcrumb\",\"itemListElement\":[{\"@type\":\"ListItem\",\"position\":1,\"name\":\"Home\",\"item\":\"https:\/\/peakart.co.uk\/de\/\"},{\"@type\":\"ListItem\",\"position\":2,\"name\":\"Shop\",\"item\":\"https:\/\/peakart.co.uk\/de\/shop\/\"},{\"@type\":\"ListItem\",\"position\":3,\"name\":\"Massive k\u00fcnstlerische Design-Wanduhr\"}]},{\"@type\":\"WebSite\",\"@id\":\"https:\/\/peakart.co.uk\/de\/#website\",\"url\":\"https:\/\/peakart.co.uk\/de\/\",\"name\":\"Peak Art\",\"description\":\"\",\"publisher\":{\"@id\":\"https:\/\/peakart.co.uk\/de\/#organization\"},\"potentialAction\":[{\"@type\":\"SearchAction\",\"target\":{\"@type\":\"EntryPoint\",\"urlTemplate\":\"https:\/\/peakart.co.uk\/de\/?s={search_term_string}\"},\"query-input\":{\"@type\":\"PropertyValueSpecification\",\"valueRequired\":true,\"valueName\":\"search_term_string\"}}],\"inLanguage\":\"de\"},{\"@type\":\"Organization\",\"@id\":\"https:\/\/peakart.co.uk\/de\/#organization\",\"name\":\"Peak Art\",\"url\":\"https:\/\/peakart.co.uk\/de\/\",\"logo\":{\"@type\":\"ImageObject\",\"inLanguage\":\"de\",\"@id\":\"https:\/\/peakart.co.uk\/de\/#\/schema\/logo\/image\/\",\"url\":\"https:\/\/peakart.co.uk\/wp-content\/uploads\/2023\/07\/logo-8.jpg\",\"contentUrl\":\"https:\/\/peakart.co.uk\/wp-content\/uploads\/2023\/07\/logo-8.jpg\",\"width\":666,\"height\":259,\"caption\":\"Peak Art\"},\"image\":{\"@id\":\"https:\/\/peakart.co.uk\/de\/#\/schema\/logo\/image\/\"},\"sameAs\":[\"https:\/\/www.facebook.com\/PeakArtClocks\/\"],\"hasMerchantReturnPolicy\":{\"@type\":\"MerchantReturnPolicy\",\"merchantReturnLink\":\"https:\/\/peakart.co.uk\/refund_returns\/\"}}]}<\/script>\n<meta property=\"og:availability\" content=\"out of stock\" \/>\n<meta property=\"product:availability\" content=\"out of stock\" \/>\n<meta property=\"product:retailer_item_id\" content=\"PEAKART-38931\" \/>\n<meta property=\"product:condition\" content=\"new\" \/>\n<!-- \/ Yoast SEO Premium plugin. -->","yoast_head_json":{"title":"Massive Designeruhr | 75-120 cm, Exzentrisch-k\u00fcnstlerisches Thema \"Boho\"","description":"Eine massive Designeruhr, die einen ungeheuer starken und bleibenden Eindruck bei Ihren G\u00e4sten hinterlassen wird. Handgefertigt und handbemalt; ein kostspieleiges Kunstwerk.","robots":{"index":"index","follow":"follow","max-snippet":"max-snippet:-1","max-image-preview":"max-image-preview:large","max-video-preview":"max-video-preview:-1"},"canonical":"https:\/\/peakart.co.uk\/de\/produkt\/kunstlerische-design-wanduhr\/","og_locale":"de_DE","og_type":"article","og_title":"Massive k\u00fcnstlerische Design-Wanduhr","og_description":"Eine massive Designeruhr, die einen ungeheuer starken und bleibenden Eindruck bei Ihren G\u00e4sten hinterlassen wird. Handgefertigt und handbemalt; ein kostspieleiges Kunstwerk.","og_url":"https:\/\/peakart.co.uk\/de\/produkt\/kunstlerische-design-wanduhr\/","og_site_name":"Peak Art","article_publisher":"https:\/\/www.facebook.com\/PeakArtClocks\/","article_modified_time":"2023-03-26T20:38:13+00:00","og_image":[{"width":1554,"height":1200,"url":"https:\/\/peakart.co.uk\/wp-content\/uploads\/2015\/09\/Large-Artistic-Wall-Clock-zoom-1.jpg","type":"image\/jpeg"}],"twitter_card":"summary_large_image","twitter_misc":{"Verf\u00fcgbarkeit":"ausverkauft"},"schema":{"@context":"https:\/\/schema.org","@graph":[{"@type":"WebPage","@id":"https:\/\/peakart.co.uk\/de\/produkt\/kunstlerische-design-wanduhr\/","url":"https:\/\/peakart.co.uk\/de\/produkt\/kunstlerische-design-wanduhr\/","name":"Massive Designeruhr | 75-120 cm, Exzentrisch-k\u00fcnstlerisches Thema \"Boho\"","isPartOf":{"@id":"https:\/\/peakart.co.uk\/de\/#website"},"primaryImageOfPage":{"@id":"https:\/\/peakart.co.uk\/de\/produkt\/kunstlerische-design-wanduhr\/#primaryimage"},"image":{"@id":"https:\/\/peakart.co.uk\/de\/produkt\/kunstlerische-design-wanduhr\/#primaryimage"},"thumbnailUrl":"https:\/\/peakart.co.uk\/wp-content\/uploads\/2015\/09\/Large-Artistic-Wall-Clock-zoom-1.jpg","datePublished":"2017-10-04T20:22:01+00:00","dateModified":"2023-03-26T20:38:13+00:00","description":"Eine massive Designeruhr, die einen ungeheuer starken und bleibenden Eindruck bei Ihren G\u00e4sten hinterlassen wird. Handgefertigt und handbemalt; ein kostspieleiges Kunstwerk.","breadcrumb":{"@id":"https:\/\/peakart.co.uk\/de\/produkt\/kunstlerische-design-wanduhr\/#breadcrumb"},"inLanguage":"de","potentialAction":[{"@type":"ReadAction","target":["https:\/\/peakart.co.uk\/de\/produkt\/kunstlerische-design-wanduhr\/"]}]},{"@type":"ImageObject","inLanguage":"de","@id":"https:\/\/peakart.co.uk\/de\/produkt\/kunstlerische-design-wanduhr\/#primaryimage","url":"https:\/\/peakart.co.uk\/wp-content\/uploads\/2015\/09\/Large-Artistic-Wall-Clock-zoom-1.jpg","contentUrl":"https:\/\/peakart.co.uk\/wp-content\/uploads\/2015\/09\/Large-Artistic-Wall-Clock-zoom-1.jpg","width":1554,"height":1200},{"@type":"BreadcrumbList","@id":"https:\/\/peakart.co.uk\/de\/produkt\/kunstlerische-design-wanduhr\/#breadcrumb","itemListElement":[{"@type":"ListItem","position":1,"name":"Home","item":"https:\/\/peakart.co.uk\/de\/"},{"@type":"ListItem","position":2,"name":"Shop","item":"https:\/\/peakart.co.uk\/de\/shop\/"},{"@type":"ListItem","position":3,"name":"Massive k\u00fcnstlerische Design-Wanduhr"}]},{"@type":"WebSite","@id":"https:\/\/peakart.co.uk\/de\/#website","url":"https:\/\/peakart.co.uk\/de\/","name":"Peak Art","description":"","publisher":{"@id":"https:\/\/peakart.co.uk\/de\/#organization"},"potentialAction":[{"@type":"SearchAction","target":{"@type":"EntryPoint","urlTemplate":"https:\/\/peakart.co.uk\/de\/?s={search_term_string}"},"query-input":{"@type":"PropertyValueSpecification","valueRequired":true,"valueName":"search_term_string"}}],"inLanguage":"de"},{"@type":"Organization","@id":"https:\/\/peakart.co.uk\/de\/#organization","name":"Peak Art","url":"https:\/\/peakart.co.uk\/de\/","logo":{"@type":"ImageObject","inLanguage":"de","@id":"https:\/\/peakart.co.uk\/de\/#\/schema\/logo\/image\/","url":"https:\/\/peakart.co.uk\/wp-content\/uploads\/2023\/07\/logo-8.jpg","contentUrl":"https:\/\/peakart.co.uk\/wp-content\/uploads\/2023\/07\/logo-8.jpg","width":666,"height":259,"caption":"Peak Art"},"image":{"@id":"https:\/\/peakart.co.uk\/de\/#\/schema\/logo\/image\/"},"sameAs":["https:\/\/www.facebook.com\/PeakArtClocks\/"],"hasMerchantReturnPolicy":{"@type":"MerchantReturnPolicy","merchantReturnLink":"https:\/\/peakart.co.uk\/refund_returns\/"}}]},"og_availability":"out of stock","product_availability":"out of stock","product_retailer_item_id":"PEAKART-38931","product_condition":"new"},"_links":{"self":[{"href":"https:\/\/peakart.co.uk\/de\/wp-json\/wp\/v2\/product\/6547","targetHints":{"allow":["GET"]}}],"collection":[{"href":"https:\/\/peakart.co.uk\/de\/wp-json\/wp\/v2\/product"}],"about":[{"href":"https:\/\/peakart.co.uk\/de\/wp-json\/wp\/v2\/types\/product"}],"replies":[{"embeddable":true,"href":"https:\/\/peakart.co.uk\/de\/wp-json\/wp\/v2\/comments?post=6547"}],"wp:featuredmedia":[{"embeddable":true,"href":"https:\/\/peakart.co.uk\/de\/wp-json\/wp\/v2\/media\/32351"}],"wp:attachment":[{"href":"https:\/\/peakart.co.uk\/de\/wp-json\/wp\/v2\/media?parent=6547"}],"wp:term":[{"taxonomy":"product_brand","embeddable":true,"href":"https:\/\/peakart.co.uk\/de\/wp-json\/wp\/v2\/product_brand?post=6547"},{"taxonomy":"product_cat","embeddable":true,"href":"https:\/\/peakart.co.uk\/de\/wp-json\/wp\/v2\/product_cat?post=6547"},{"taxonomy":"product_tag","embeddable":true,"href":"https:\/\/peakart.co.uk\/de\/wp-json\/wp\/v2\/product_tag?post=6547"}],"curies":[{"name":"wp","href":"https:\/\/api.w.org\/{rel}","templated":true}]}}