{"id":6539,"date":"2016-10-29T17:17:31","date_gmt":"2017-10-04T20:21:42","guid":{"rendered":"http:\/\/peakart.co.uk\/product\/ubergrose-handgefertigte-dekorative-wanduhr\/"},"modified":"2023-03-25T11:16:04","modified_gmt":"2023-03-25T11:16:04","slug":"handgefertigte-dekorative-wanduhr","status":"publish","type":"product","link":"https:\/\/peakart.co.uk\/de\/produkt\/handgefertigte-dekorative-wanduhr\/","title":{"rendered":"\u00dcbergro\u00dfe handgefertigte dekorative Wanduhr"},"content":{"rendered":"<h2>\u00dcbergro\u00dfe dekorative Wanduhr \u2013 handgefertigt und handbemalt in einem einzigartigen Design<\/h2>\n<p>Eines Sonntagnachmittags Ende September machten wir einen sch\u00f6nen Familienspaziergang im Peak District und als ich mir die sch\u00f6nen Farben des Herbstes ansah, dachte ich, es w\u00e4re gro\u00dfartig, eine Uhr mit satten &#8220;gesprenkelten Fuchsfarben&#8221; zu entwerfen. Sobald ich nach Hause kam, begann ich mit gro\u00dfer Leidenschaft und Zielstrebigkeit daran zu arbeiten. Ich war der Ansicht, wir m\u00fcssten unsere neue 75-cm-Wanduhren-Kollektion um die faszinierendsten mittelgro\u00dfen Uhren der Welt erweitern.<\/p>\n<p>Das Zifferblatt entsprechend eines meiner vorherigen Entw\u00fcrfe auszuschneiden war der erste relativ einfache Schritt. Beim Lackieren stie\u00df ich sofort auf mehrere H\u00fcrden, wie ich es bei jedem neuen Design tue. Ich \u00e4nderte es st\u00e4ndig, machte mehrere Fotos in unterschiedlichem Licht, forschte im Internet, um mich von verschiedenen &#8220;gesprenkelten Fuchsfarben&#8221;-Bildern inspirieren zu lassen&#8230;<\/p>\n<p>Letztendlich bin ich wirklich gl\u00fccklich mit dem Ergebnis, das Sie hier sehen. Dies ist eine der einzigartigsten und am schwierigsten wiederholt herzustellenden k\u00fcnstlerischen Wanduhren, die in unserem Online-Shop erh\u00e4ltlich sind. Jede einzelne von ihnen ist ein Kunstwerk seiner Art, das man nirgendwo sonst findet. Wenn Sie bei Ihren Freunden und Ihrer Familie wirklich den perfekten &#8220;Wow&#8221;-Effekt erzielen m\u00f6chten, werden Sie sie als stolzer Besitzer mit diesem au\u00dfergew\u00f6hnlichen Kunstwerks beeindrucken.<\/p>\n<p>&nbsp;<\/p>\n","protected":false},"excerpt":{"rendered":"<p><strong>Design &amp; Handfertigung<\/strong> \u2013 Anna Siodelska, Vereinigtes K\u00f6nigreich<\/p>\n<p><strong>Farbe des Zifferblatts<\/strong> \u2013 Speckled Fox (gesprenkelte Fuchsfarben)<\/p>\n<p><strong>Hintergrundfarbe<\/strong> \u2013 Wandfarbe\/ Transparent<\/p>\n<p>&nbsp;<\/p>\n","protected":false},"featured_media":32375,"comment_status":"closed","ping_status":"closed","template":"","meta":[],"product_brand":[],"product_cat":[80],"product_tag":[83,82,95],"class_list":{"0":"post-6539","1":"product","2":"type-product","3":"status-publish","4":"has-post-thumbnail","6":"product_cat-grosse-wanduhren-handgefertigt","7":"product_tag-grosse-dekorative-wanduhren","8":"product_tag-grosse-kuenstlerische-wanduhren","9":"product_tag-skelett-wanduhren","11":"first","12":"outofstock","13":"taxable","14":"shipping-taxable","15":"product-type-variable"},"yoast_head":"<!-- This site is optimized with the Yoast SEO Premium plugin v27.2 (Yoast SEO v27.2) - https:\/\/yoast.com\/product\/yoast-seo-premium-wordpress\/ -->\n<title>75 cm gro\u00dfe dekorative Wanduhr | ein Werk der modernen Kunst<\/title>\n<meta name=\"description\" content=\"Diese atemberaubende \u00fcberdimensionale 75 cm gro\u00dfe dekorative Wanduhr ist aus zwei Holzst\u00fccken geschnitten, die miteinander verschraubt sind. Sie ist auf die einzigartigste und ungew\u00f6hnlichste Weise handbemalt.\" \/>\n<meta name=\"robots\" content=\"index, follow, max-snippet:-1, max-image-preview:large, max-video-preview:-1\" \/>\n<link rel=\"canonical\" href=\"https:\/\/peakart.co.uk\/de\/produkt\/handgefertigte-dekorative-wanduhr\/\" \/>\n<meta property=\"og:locale\" content=\"de_DE\" \/>\n<meta property=\"og:type\" content=\"article\" \/>\n<meta property=\"og:title\" content=\"\u00dcbergro\u00dfe handgefertigte dekorative Wanduhr\" \/>\n<meta property=\"og:description\" content=\"Diese atemberaubende \u00fcberdimensionale 75 cm gro\u00dfe dekorative Wanduhr ist aus zwei Holzst\u00fccken geschnitten, die miteinander verschraubt sind. Sie ist auf die einzigartigste und ungew\u00f6hnlichste Weise handbemalt.\" \/>\n<meta property=\"og:url\" content=\"https:\/\/peakart.co.uk\/de\/produkt\/handgefertigte-dekorative-wanduhr\/\" \/>\n<meta property=\"og:site_name\" content=\"Peak Art\" \/>\n<meta property=\"article:publisher\" content=\"https:\/\/www.facebook.com\/PeakArtClocks\/\" \/>\n<meta property=\"article:modified_time\" content=\"2023-03-25T11:16:04+00:00\" \/>\n<meta property=\"og:image\" content=\"https:\/\/peakart.co.uk\/wp-content\/uploads\/2016\/10\/Fox-75-interiors-1-700x394-1.jpg\" \/>\n\t<meta property=\"og:image:width\" content=\"700\" \/>\n\t<meta property=\"og:image:height\" content=\"394\" \/>\n\t<meta property=\"og:image:type\" content=\"image\/jpeg\" \/>\n<meta name=\"twitter:card\" content=\"summary_large_image\" \/>\n<meta name=\"twitter:label1\" content=\"Verf\u00fcgbarkeit\" \/>\n\t<meta name=\"twitter:data1\" content=\"ausverkauft\" \/>\n<script type=\"application\/ld+json\" class=\"yoast-schema-graph\">{\"@context\":\"https:\/\/schema.org\",\"@graph\":[{\"@type\":\"WebPage\",\"@id\":\"https:\/\/peakart.co.uk\/de\/produkt\/handgefertigte-dekorative-wanduhr\/\",\"url\":\"https:\/\/peakart.co.uk\/de\/produkt\/handgefertigte-dekorative-wanduhr\/\",\"name\":\"75 cm gro\u00dfe dekorative Wanduhr | ein Werk der modernen Kunst\",\"isPartOf\":{\"@id\":\"https:\/\/peakart.co.uk\/de\/#website\"},\"primaryImageOfPage\":{\"@id\":\"https:\/\/peakart.co.uk\/de\/produkt\/handgefertigte-dekorative-wanduhr\/#primaryimage\"},\"image\":{\"@id\":\"https:\/\/peakart.co.uk\/de\/produkt\/handgefertigte-dekorative-wanduhr\/#primaryimage\"},\"thumbnailUrl\":\"https:\/\/peakart.co.uk\/wp-content\/uploads\/2016\/10\/Fox-75-interiors-1-700x394-1.jpg\",\"datePublished\":\"2017-10-04T20:21:42+00:00\",\"dateModified\":\"2023-03-25T11:16:04+00:00\",\"description\":\"Diese atemberaubende \u00fcberdimensionale 75 cm gro\u00dfe dekorative Wanduhr ist aus zwei Holzst\u00fccken geschnitten, die miteinander verschraubt sind. Sie ist auf die einzigartigste und ungew\u00f6hnlichste Weise handbemalt.\",\"breadcrumb\":{\"@id\":\"https:\/\/peakart.co.uk\/de\/produkt\/handgefertigte-dekorative-wanduhr\/#breadcrumb\"},\"inLanguage\":\"de\",\"potentialAction\":[{\"@type\":\"ReadAction\",\"target\":[\"https:\/\/peakart.co.uk\/de\/produkt\/handgefertigte-dekorative-wanduhr\/\"]}]},{\"@type\":\"ImageObject\",\"inLanguage\":\"de\",\"@id\":\"https:\/\/peakart.co.uk\/de\/produkt\/handgefertigte-dekorative-wanduhr\/#primaryimage\",\"url\":\"https:\/\/peakart.co.uk\/wp-content\/uploads\/2016\/10\/Fox-75-interiors-1-700x394-1.jpg\",\"contentUrl\":\"https:\/\/peakart.co.uk\/wp-content\/uploads\/2016\/10\/Fox-75-interiors-1-700x394-1.jpg\",\"width\":700,\"height\":394},{\"@type\":\"BreadcrumbList\",\"@id\":\"https:\/\/peakart.co.uk\/de\/produkt\/handgefertigte-dekorative-wanduhr\/#breadcrumb\",\"itemListElement\":[{\"@type\":\"ListItem\",\"position\":1,\"name\":\"Home\",\"item\":\"https:\/\/peakart.co.uk\/de\/\"},{\"@type\":\"ListItem\",\"position\":2,\"name\":\"Shop\",\"item\":\"https:\/\/peakart.co.uk\/de\/shop\/\"},{\"@type\":\"ListItem\",\"position\":3,\"name\":\"\u00dcbergro\u00dfe handgefertigte dekorative Wanduhr\"}]},{\"@type\":\"WebSite\",\"@id\":\"https:\/\/peakart.co.uk\/de\/#website\",\"url\":\"https:\/\/peakart.co.uk\/de\/\",\"name\":\"Peak Art\",\"description\":\"\",\"publisher\":{\"@id\":\"https:\/\/peakart.co.uk\/de\/#organization\"},\"potentialAction\":[{\"@type\":\"SearchAction\",\"target\":{\"@type\":\"EntryPoint\",\"urlTemplate\":\"https:\/\/peakart.co.uk\/de\/?s={search_term_string}\"},\"query-input\":{\"@type\":\"PropertyValueSpecification\",\"valueRequired\":true,\"valueName\":\"search_term_string\"}}],\"inLanguage\":\"de\"},{\"@type\":\"Organization\",\"@id\":\"https:\/\/peakart.co.uk\/de\/#organization\",\"name\":\"Peak Art\",\"url\":\"https:\/\/peakart.co.uk\/de\/\",\"logo\":{\"@type\":\"ImageObject\",\"inLanguage\":\"de\",\"@id\":\"https:\/\/peakart.co.uk\/de\/#\/schema\/logo\/image\/\",\"url\":\"https:\/\/peakart.co.uk\/wp-content\/uploads\/2023\/07\/logo-8.jpg\",\"contentUrl\":\"https:\/\/peakart.co.uk\/wp-content\/uploads\/2023\/07\/logo-8.jpg\",\"width\":666,\"height\":259,\"caption\":\"Peak Art\"},\"image\":{\"@id\":\"https:\/\/peakart.co.uk\/de\/#\/schema\/logo\/image\/\"},\"sameAs\":[\"https:\/\/www.facebook.com\/PeakArtClocks\/\"],\"hasMerchantReturnPolicy\":{\"@type\":\"MerchantReturnPolicy\",\"merchantReturnLink\":\"https:\/\/peakart.co.uk\/refund_returns\/\"}}]}<\/script>\n<meta property=\"og:availability\" content=\"out of stock\" \/>\n<meta property=\"product:availability\" content=\"out of stock\" \/>\n<meta property=\"product:retailer_item_id\" content=\"PEAKART-86456\" \/>\n<meta property=\"product:condition\" content=\"new\" \/>\n<!-- \/ Yoast SEO Premium plugin. -->","yoast_head_json":{"title":"75 cm gro\u00dfe dekorative Wanduhr | ein Werk der modernen Kunst","description":"Diese atemberaubende \u00fcberdimensionale 75 cm gro\u00dfe dekorative Wanduhr ist aus zwei Holzst\u00fccken geschnitten, die miteinander verschraubt sind. Sie ist auf die einzigartigste und ungew\u00f6hnlichste Weise handbemalt.","robots":{"index":"index","follow":"follow","max-snippet":"max-snippet:-1","max-image-preview":"max-image-preview:large","max-video-preview":"max-video-preview:-1"},"canonical":"https:\/\/peakart.co.uk\/de\/produkt\/handgefertigte-dekorative-wanduhr\/","og_locale":"de_DE","og_type":"article","og_title":"\u00dcbergro\u00dfe handgefertigte dekorative Wanduhr","og_description":"Diese atemberaubende \u00fcberdimensionale 75 cm gro\u00dfe dekorative Wanduhr ist aus zwei Holzst\u00fccken geschnitten, die miteinander verschraubt sind. Sie ist auf die einzigartigste und ungew\u00f6hnlichste Weise handbemalt.","og_url":"https:\/\/peakart.co.uk\/de\/produkt\/handgefertigte-dekorative-wanduhr\/","og_site_name":"Peak Art","article_publisher":"https:\/\/www.facebook.com\/PeakArtClocks\/","article_modified_time":"2023-03-25T11:16:04+00:00","og_image":[{"width":700,"height":394,"url":"https:\/\/peakart.co.uk\/wp-content\/uploads\/2016\/10\/Fox-75-interiors-1-700x394-1.jpg","type":"image\/jpeg"}],"twitter_card":"summary_large_image","twitter_misc":{"Verf\u00fcgbarkeit":"ausverkauft"},"schema":{"@context":"https:\/\/schema.org","@graph":[{"@type":"WebPage","@id":"https:\/\/peakart.co.uk\/de\/produkt\/handgefertigte-dekorative-wanduhr\/","url":"https:\/\/peakart.co.uk\/de\/produkt\/handgefertigte-dekorative-wanduhr\/","name":"75 cm gro\u00dfe dekorative Wanduhr | ein Werk der modernen Kunst","isPartOf":{"@id":"https:\/\/peakart.co.uk\/de\/#website"},"primaryImageOfPage":{"@id":"https:\/\/peakart.co.uk\/de\/produkt\/handgefertigte-dekorative-wanduhr\/#primaryimage"},"image":{"@id":"https:\/\/peakart.co.uk\/de\/produkt\/handgefertigte-dekorative-wanduhr\/#primaryimage"},"thumbnailUrl":"https:\/\/peakart.co.uk\/wp-content\/uploads\/2016\/10\/Fox-75-interiors-1-700x394-1.jpg","datePublished":"2017-10-04T20:21:42+00:00","dateModified":"2023-03-25T11:16:04+00:00","description":"Diese atemberaubende \u00fcberdimensionale 75 cm gro\u00dfe dekorative Wanduhr ist aus zwei Holzst\u00fccken geschnitten, die miteinander verschraubt sind. Sie ist auf die einzigartigste und ungew\u00f6hnlichste Weise handbemalt.","breadcrumb":{"@id":"https:\/\/peakart.co.uk\/de\/produkt\/handgefertigte-dekorative-wanduhr\/#breadcrumb"},"inLanguage":"de","potentialAction":[{"@type":"ReadAction","target":["https:\/\/peakart.co.uk\/de\/produkt\/handgefertigte-dekorative-wanduhr\/"]}]},{"@type":"ImageObject","inLanguage":"de","@id":"https:\/\/peakart.co.uk\/de\/produkt\/handgefertigte-dekorative-wanduhr\/#primaryimage","url":"https:\/\/peakart.co.uk\/wp-content\/uploads\/2016\/10\/Fox-75-interiors-1-700x394-1.jpg","contentUrl":"https:\/\/peakart.co.uk\/wp-content\/uploads\/2016\/10\/Fox-75-interiors-1-700x394-1.jpg","width":700,"height":394},{"@type":"BreadcrumbList","@id":"https:\/\/peakart.co.uk\/de\/produkt\/handgefertigte-dekorative-wanduhr\/#breadcrumb","itemListElement":[{"@type":"ListItem","position":1,"name":"Home","item":"https:\/\/peakart.co.uk\/de\/"},{"@type":"ListItem","position":2,"name":"Shop","item":"https:\/\/peakart.co.uk\/de\/shop\/"},{"@type":"ListItem","position":3,"name":"\u00dcbergro\u00dfe handgefertigte dekorative Wanduhr"}]},{"@type":"WebSite","@id":"https:\/\/peakart.co.uk\/de\/#website","url":"https:\/\/peakart.co.uk\/de\/","name":"Peak Art","description":"","publisher":{"@id":"https:\/\/peakart.co.uk\/de\/#organization"},"potentialAction":[{"@type":"SearchAction","target":{"@type":"EntryPoint","urlTemplate":"https:\/\/peakart.co.uk\/de\/?s={search_term_string}"},"query-input":{"@type":"PropertyValueSpecification","valueRequired":true,"valueName":"search_term_string"}}],"inLanguage":"de"},{"@type":"Organization","@id":"https:\/\/peakart.co.uk\/de\/#organization","name":"Peak Art","url":"https:\/\/peakart.co.uk\/de\/","logo":{"@type":"ImageObject","inLanguage":"de","@id":"https:\/\/peakart.co.uk\/de\/#\/schema\/logo\/image\/","url":"https:\/\/peakart.co.uk\/wp-content\/uploads\/2023\/07\/logo-8.jpg","contentUrl":"https:\/\/peakart.co.uk\/wp-content\/uploads\/2023\/07\/logo-8.jpg","width":666,"height":259,"caption":"Peak Art"},"image":{"@id":"https:\/\/peakart.co.uk\/de\/#\/schema\/logo\/image\/"},"sameAs":["https:\/\/www.facebook.com\/PeakArtClocks\/"],"hasMerchantReturnPolicy":{"@type":"MerchantReturnPolicy","merchantReturnLink":"https:\/\/peakart.co.uk\/refund_returns\/"}}]},"og_availability":"out of stock","product_availability":"out of stock","product_retailer_item_id":"PEAKART-86456","product_condition":"new"},"_links":{"self":[{"href":"https:\/\/peakart.co.uk\/de\/wp-json\/wp\/v2\/product\/6539","targetHints":{"allow":["GET"]}}],"collection":[{"href":"https:\/\/peakart.co.uk\/de\/wp-json\/wp\/v2\/product"}],"about":[{"href":"https:\/\/peakart.co.uk\/de\/wp-json\/wp\/v2\/types\/product"}],"replies":[{"embeddable":true,"href":"https:\/\/peakart.co.uk\/de\/wp-json\/wp\/v2\/comments?post=6539"}],"wp:featuredmedia":[{"embeddable":true,"href":"https:\/\/peakart.co.uk\/de\/wp-json\/wp\/v2\/media\/32375"}],"wp:attachment":[{"href":"https:\/\/peakart.co.uk\/de\/wp-json\/wp\/v2\/media?parent=6539"}],"wp:term":[{"taxonomy":"product_brand","embeddable":true,"href":"https:\/\/peakart.co.uk\/de\/wp-json\/wp\/v2\/product_brand?post=6539"},{"taxonomy":"product_cat","embeddable":true,"href":"https:\/\/peakart.co.uk\/de\/wp-json\/wp\/v2\/product_cat?post=6539"},{"taxonomy":"product_tag","embeddable":true,"href":"https:\/\/peakart.co.uk\/de\/wp-json\/wp\/v2\/product_tag?post=6539"}],"curies":[{"name":"wp","href":"https:\/\/api.w.org\/{rel}","templated":true}]}}