{"id":6531,"date":"2016-11-01T19:30:12","date_gmt":"2017-10-04T20:21:18","guid":{"rendered":"http:\/\/peakart.co.uk\/product\/ausergewohnliche-handgefertigte-designeruhr\/"},"modified":"2025-04-13T11:57:39","modified_gmt":"2025-04-13T10:57:39","slug":"designer-wanduhr","status":"publish","type":"product","link":"https:\/\/peakart.co.uk\/de\/produkt\/designer-wanduhr\/","title":{"rendered":"Extra Grosse Designer-Wanduhr"},"content":{"rendered":"<h3>Beachtliche, gro\u00dfe, von der K\u00fcnstlerin handgefertigte Designer-Wanduhr<\/h3>\n<p>Diese h\u00fcbsche, k\u00fcnstlerische Wanduhr wurde durch den Reichtum der Unterwasserwelt, ihre lebhaften Farben und \u00fcberbordenden Lebensformen inspiriert. Die tiefblauen Farbt\u00f6ne auf dem Zifferblatt werden durch \u00fcppige orange und gelbe Schattierungen erg\u00e4nzt. Der schwarze Rand ist in zur\u00fcckhaltenderen Farben gehalten,<br \/>\num den Vordergrund hervortreten zu lassen. Die Skelettform und reichhaltige Verzierung sorgen f\u00fcr ein zur\u00fcckhaltendes, aber dennoch exotisches Gef\u00fchl an diesem nie dagewesenen Design.<\/p>\n<p>Die \u00fcbergro\u00dfe Wanduhr &#8220;Tiefblau&#8221; ist von Hand aus zwei Fichtenholzplatten zusammengebaut und, anders als andere gro\u00dfe Uhren auf dem Markt (die vorwiegend aus Holzfaserplatten mittlerer Dichte hergestellt sind), von massiver Bauart. Das verwendete Uhrwerk ist das st\u00e4rkste auf dem Markt: Ein durch eine Babyzelle angetriebenes Gangwerk mit Metallzeigern. Die sehr stilvolle Farbgebung wird durch Holzfarbstoffe und ungiftige Farben erreicht; eine Wachspolitur sorgt f\u00fcr den sanften Glanz und letzten Schliff am ganzen Kunstwerk. Wegen der manuellen Herstellung und des edlen Designs ist diese beachtliche Uhr in ihrer Art einmalig. Ihre individuelle Pers\u00f6nlichkeit und hohe Qualit\u00e4t werden in der heutigen, von gem\u00e4\u00df fragw\u00fcrdiger Standards massenhaft produzierten G\u00fctern \u00fcberschwemmten Welt stark nachgefragt.<\/p>\n<p>Diese au\u00dfergew\u00f6hnliche Wanduhr ist ein solch charaktervolles Kunstwerk, dass es Ihre Inneneinrichtung mit Charme und Lebensfreude erf\u00fcllen wird. Ihr einzigartiges Design und ihre Sch\u00f6nheit machen sie zur idealen Wahl f\u00fcr Leute, die nach einer exklusiven Attraktion suchen, die imstande ist, der Inneneinrichtung Charakter zu verleihen.<\/p>\n<p>&nbsp;<\/p>\n","protected":false},"excerpt":{"rendered":"<p>Die beachtlichste der K\u00fcnstler-Wanduhren, aus Holz handgefertigt und in tiefblauen Farbt\u00f6nen von Hand bemalt. M\u00f6chten Sie f\u00fcr Ihre Freunde und Besucher mit diesem &#8220;Wow&#8221;-Effekt beeindrucken, so g\u00f6nnen Sie sich dieses atemberaubende Kunstwerk.<\/p>\n<p><strong>Gestaltet und handgefertigt<\/strong> &#8211; Anna Siodelska, Vereinigtes K\u00f6nigreich<\/p>\n<p><strong>Farbe des Zifferblattes<\/strong> \u2013 tiefblau<\/p>\n<p><strong>Farbe des Hintergrundes<\/strong> \u2013 durchsichtig<\/p>\n","protected":false},"featured_media":32219,"comment_status":"closed","ping_status":"closed","template":"","meta":[],"product_brand":[],"product_cat":[80],"product_tag":[83,2139,82,95],"class_list":{"0":"post-6531","1":"product","2":"type-product","3":"status-publish","4":"has-post-thumbnail","6":"product_cat-grosse-wanduhren-handgefertigt","7":"product_tag-grosse-dekorative-wanduhren","8":"product_tag-grose-wanduhren","9":"product_tag-grosse-kuenstlerische-wanduhren","10":"product_tag-skelett-wanduhren","12":"first","13":"instock","14":"sale","15":"featured","16":"taxable","17":"shipping-taxable","18":"purchasable","19":"product-type-variable"},"yoast_head":"<!-- This site is optimized with the Yoast SEO Premium plugin v27.2 (Yoast SEO v27.2) - https:\/\/yoast.com\/product\/yoast-seo-premium-wordpress\/ -->\n<title>Sehr bemerkenswerte 100-cm-K\u00fcnstler-Wanduhr, handgefertigt<\/title>\n<meta name=\"description\" content=\"Die &quot;Tiefblau&quot; ist mit ihrer traditionellen runden Form und den einzigartigen geschnittenen Details die bemerkenswerteste unter den 100-cm-Wanduhren. Ein luxuri\u00f6ses und distinktives Kunstwerk mit starker Aussage.\" \/>\n<meta name=\"robots\" content=\"index, follow, max-snippet:-1, max-image-preview:large, max-video-preview:-1\" \/>\n<link rel=\"canonical\" href=\"https:\/\/peakart.co.uk\/de\/produkt\/designer-wanduhr\/\" \/>\n<meta property=\"og:locale\" content=\"de_DE\" \/>\n<meta property=\"og:type\" content=\"article\" \/>\n<meta property=\"og:title\" content=\"Extra Grosse Designer-Wanduhr\" \/>\n<meta property=\"og:description\" content=\"Die &quot;Tiefblau&quot; ist mit ihrer traditionellen runden Form und den einzigartigen geschnittenen Details die bemerkenswerteste unter den 100-cm-Wanduhren. Ein luxuri\u00f6ses und distinktives Kunstwerk mit starker Aussage.\" \/>\n<meta property=\"og:url\" content=\"https:\/\/peakart.co.uk\/de\/produkt\/designer-wanduhr\/\" \/>\n<meta property=\"og:site_name\" content=\"Peak Art\" \/>\n<meta property=\"article:publisher\" content=\"https:\/\/www.facebook.com\/PeakArtClocks\/\" \/>\n<meta property=\"article:modified_time\" content=\"2025-04-13T10:57:39+00:00\" \/>\n<meta property=\"og:image\" content=\"https:\/\/peakart.co.uk\/wp-content\/uploads\/2016\/11\/IMG_2900-scaled-e1714760503589.jpg\" \/>\n\t<meta property=\"og:image:width\" content=\"2560\" \/>\n\t<meta property=\"og:image:height\" content=\"1707\" \/>\n\t<meta property=\"og:image:type\" content=\"image\/jpeg\" \/>\n<meta name=\"twitter:card\" content=\"summary_large_image\" \/>\n<meta name=\"twitter:label1\" content=\"Verf\u00fcgbarkeit\" \/>\n\t<meta name=\"twitter:data1\" content=\"Auf Lager\" \/>\n<script type=\"application\/ld+json\" class=\"yoast-schema-graph\">{\"@context\":\"https:\/\/schema.org\",\"@graph\":[{\"@type\":\"WebPage\",\"@id\":\"https:\/\/peakart.co.uk\/de\/produkt\/designer-wanduhr\/\",\"url\":\"https:\/\/peakart.co.uk\/de\/produkt\/designer-wanduhr\/\",\"name\":\"Sehr bemerkenswerte 100-cm-K\u00fcnstler-Wanduhr, handgefertigt\",\"isPartOf\":{\"@id\":\"https:\/\/peakart.co.uk\/de\/#website\"},\"primaryImageOfPage\":{\"@id\":\"https:\/\/peakart.co.uk\/de\/produkt\/designer-wanduhr\/#primaryimage\"},\"image\":{\"@id\":\"https:\/\/peakart.co.uk\/de\/produkt\/designer-wanduhr\/#primaryimage\"},\"thumbnailUrl\":\"https:\/\/peakart.co.uk\/wp-content\/uploads\/2016\/11\/IMG_2900-scaled-e1714760503589.jpg\",\"datePublished\":\"2017-10-04T20:21:18+00:00\",\"dateModified\":\"2025-04-13T10:57:39+00:00\",\"description\":\"Die \\\"Tiefblau\\\" ist mit ihrer traditionellen runden Form und den einzigartigen geschnittenen Details die bemerkenswerteste unter den 100-cm-Wanduhren. Ein luxuri\u00f6ses und distinktives Kunstwerk mit starker Aussage.\",\"breadcrumb\":{\"@id\":\"https:\/\/peakart.co.uk\/de\/produkt\/designer-wanduhr\/#breadcrumb\"},\"inLanguage\":\"de\",\"potentialAction\":[{\"@type\":\"ReadAction\",\"target\":[\"https:\/\/peakart.co.uk\/de\/produkt\/designer-wanduhr\/\"]}]},{\"@type\":\"ImageObject\",\"inLanguage\":\"de\",\"@id\":\"https:\/\/peakart.co.uk\/de\/produkt\/designer-wanduhr\/#primaryimage\",\"url\":\"https:\/\/peakart.co.uk\/wp-content\/uploads\/2016\/11\/IMG_2900-scaled-e1714760503589.jpg\",\"contentUrl\":\"https:\/\/peakart.co.uk\/wp-content\/uploads\/2016\/11\/IMG_2900-scaled-e1714760503589.jpg\",\"width\":1915,\"height\":1600},{\"@type\":\"BreadcrumbList\",\"@id\":\"https:\/\/peakart.co.uk\/de\/produkt\/designer-wanduhr\/#breadcrumb\",\"itemListElement\":[{\"@type\":\"ListItem\",\"position\":1,\"name\":\"Home\",\"item\":\"https:\/\/peakart.co.uk\/de\/\"},{\"@type\":\"ListItem\",\"position\":2,\"name\":\"Shop\",\"item\":\"https:\/\/peakart.co.uk\/de\/shop\/\"},{\"@type\":\"ListItem\",\"position\":3,\"name\":\"Extra Grosse Designer-Wanduhr\"}]},{\"@type\":\"WebSite\",\"@id\":\"https:\/\/peakart.co.uk\/de\/#website\",\"url\":\"https:\/\/peakart.co.uk\/de\/\",\"name\":\"Peak Art\",\"description\":\"\",\"publisher\":{\"@id\":\"https:\/\/peakart.co.uk\/de\/#organization\"},\"potentialAction\":[{\"@type\":\"SearchAction\",\"target\":{\"@type\":\"EntryPoint\",\"urlTemplate\":\"https:\/\/peakart.co.uk\/de\/?s={search_term_string}\"},\"query-input\":{\"@type\":\"PropertyValueSpecification\",\"valueRequired\":true,\"valueName\":\"search_term_string\"}}],\"inLanguage\":\"de\"},{\"@type\":\"Organization\",\"@id\":\"https:\/\/peakart.co.uk\/de\/#organization\",\"name\":\"Peak Art\",\"url\":\"https:\/\/peakart.co.uk\/de\/\",\"logo\":{\"@type\":\"ImageObject\",\"inLanguage\":\"de\",\"@id\":\"https:\/\/peakart.co.uk\/de\/#\/schema\/logo\/image\/\",\"url\":\"https:\/\/peakart.co.uk\/wp-content\/uploads\/2023\/07\/logo-8.jpg\",\"contentUrl\":\"https:\/\/peakart.co.uk\/wp-content\/uploads\/2023\/07\/logo-8.jpg\",\"width\":666,\"height\":259,\"caption\":\"Peak Art\"},\"image\":{\"@id\":\"https:\/\/peakart.co.uk\/de\/#\/schema\/logo\/image\/\"},\"sameAs\":[\"https:\/\/www.facebook.com\/PeakArtClocks\/\"],\"hasMerchantReturnPolicy\":{\"@type\":\"MerchantReturnPolicy\",\"merchantReturnLink\":\"https:\/\/peakart.co.uk\/refund_returns\/\"}}]}<\/script>\n<meta property=\"og:availability\" content=\"instock\" \/>\n<meta property=\"product:availability\" content=\"instock\" \/>\n<meta property=\"product:retailer_item_id\" content=\"PEAKART-97141\" \/>\n<meta property=\"product:condition\" content=\"new\" \/>\n<!-- \/ Yoast SEO Premium plugin. -->","yoast_head_json":{"title":"Sehr bemerkenswerte 100-cm-K\u00fcnstler-Wanduhr, handgefertigt","description":"Die \"Tiefblau\" ist mit ihrer traditionellen runden Form und den einzigartigen geschnittenen Details die bemerkenswerteste unter den 100-cm-Wanduhren. Ein luxuri\u00f6ses und distinktives Kunstwerk mit starker Aussage.","robots":{"index":"index","follow":"follow","max-snippet":"max-snippet:-1","max-image-preview":"max-image-preview:large","max-video-preview":"max-video-preview:-1"},"canonical":"https:\/\/peakart.co.uk\/de\/produkt\/designer-wanduhr\/","og_locale":"de_DE","og_type":"article","og_title":"Extra Grosse Designer-Wanduhr","og_description":"Die \"Tiefblau\" ist mit ihrer traditionellen runden Form und den einzigartigen geschnittenen Details die bemerkenswerteste unter den 100-cm-Wanduhren. Ein luxuri\u00f6ses und distinktives Kunstwerk mit starker Aussage.","og_url":"https:\/\/peakart.co.uk\/de\/produkt\/designer-wanduhr\/","og_site_name":"Peak Art","article_publisher":"https:\/\/www.facebook.com\/PeakArtClocks\/","article_modified_time":"2025-04-13T10:57:39+00:00","og_image":[{"width":2560,"height":1707,"url":"https:\/\/peakart.co.uk\/wp-content\/uploads\/2016\/11\/IMG_2900-scaled-e1714760503589.jpg","type":"image\/jpeg"}],"twitter_card":"summary_large_image","twitter_misc":{"Verf\u00fcgbarkeit":"Auf Lager"},"schema":{"@context":"https:\/\/schema.org","@graph":[{"@type":"WebPage","@id":"https:\/\/peakart.co.uk\/de\/produkt\/designer-wanduhr\/","url":"https:\/\/peakart.co.uk\/de\/produkt\/designer-wanduhr\/","name":"Sehr bemerkenswerte 100-cm-K\u00fcnstler-Wanduhr, handgefertigt","isPartOf":{"@id":"https:\/\/peakart.co.uk\/de\/#website"},"primaryImageOfPage":{"@id":"https:\/\/peakart.co.uk\/de\/produkt\/designer-wanduhr\/#primaryimage"},"image":{"@id":"https:\/\/peakart.co.uk\/de\/produkt\/designer-wanduhr\/#primaryimage"},"thumbnailUrl":"https:\/\/peakart.co.uk\/wp-content\/uploads\/2016\/11\/IMG_2900-scaled-e1714760503589.jpg","datePublished":"2017-10-04T20:21:18+00:00","dateModified":"2025-04-13T10:57:39+00:00","description":"Die \"Tiefblau\" ist mit ihrer traditionellen runden Form und den einzigartigen geschnittenen Details die bemerkenswerteste unter den 100-cm-Wanduhren. Ein luxuri\u00f6ses und distinktives Kunstwerk mit starker Aussage.","breadcrumb":{"@id":"https:\/\/peakart.co.uk\/de\/produkt\/designer-wanduhr\/#breadcrumb"},"inLanguage":"de","potentialAction":[{"@type":"ReadAction","target":["https:\/\/peakart.co.uk\/de\/produkt\/designer-wanduhr\/"]}]},{"@type":"ImageObject","inLanguage":"de","@id":"https:\/\/peakart.co.uk\/de\/produkt\/designer-wanduhr\/#primaryimage","url":"https:\/\/peakart.co.uk\/wp-content\/uploads\/2016\/11\/IMG_2900-scaled-e1714760503589.jpg","contentUrl":"https:\/\/peakart.co.uk\/wp-content\/uploads\/2016\/11\/IMG_2900-scaled-e1714760503589.jpg","width":1915,"height":1600},{"@type":"BreadcrumbList","@id":"https:\/\/peakart.co.uk\/de\/produkt\/designer-wanduhr\/#breadcrumb","itemListElement":[{"@type":"ListItem","position":1,"name":"Home","item":"https:\/\/peakart.co.uk\/de\/"},{"@type":"ListItem","position":2,"name":"Shop","item":"https:\/\/peakart.co.uk\/de\/shop\/"},{"@type":"ListItem","position":3,"name":"Extra Grosse Designer-Wanduhr"}]},{"@type":"WebSite","@id":"https:\/\/peakart.co.uk\/de\/#website","url":"https:\/\/peakart.co.uk\/de\/","name":"Peak Art","description":"","publisher":{"@id":"https:\/\/peakart.co.uk\/de\/#organization"},"potentialAction":[{"@type":"SearchAction","target":{"@type":"EntryPoint","urlTemplate":"https:\/\/peakart.co.uk\/de\/?s={search_term_string}"},"query-input":{"@type":"PropertyValueSpecification","valueRequired":true,"valueName":"search_term_string"}}],"inLanguage":"de"},{"@type":"Organization","@id":"https:\/\/peakart.co.uk\/de\/#organization","name":"Peak Art","url":"https:\/\/peakart.co.uk\/de\/","logo":{"@type":"ImageObject","inLanguage":"de","@id":"https:\/\/peakart.co.uk\/de\/#\/schema\/logo\/image\/","url":"https:\/\/peakart.co.uk\/wp-content\/uploads\/2023\/07\/logo-8.jpg","contentUrl":"https:\/\/peakart.co.uk\/wp-content\/uploads\/2023\/07\/logo-8.jpg","width":666,"height":259,"caption":"Peak Art"},"image":{"@id":"https:\/\/peakart.co.uk\/de\/#\/schema\/logo\/image\/"},"sameAs":["https:\/\/www.facebook.com\/PeakArtClocks\/"],"hasMerchantReturnPolicy":{"@type":"MerchantReturnPolicy","merchantReturnLink":"https:\/\/peakart.co.uk\/refund_returns\/"}}]},"og_availability":"instock","product_availability":"instock","product_retailer_item_id":"PEAKART-97141","product_condition":"new"},"_links":{"self":[{"href":"https:\/\/peakart.co.uk\/de\/wp-json\/wp\/v2\/product\/6531","targetHints":{"allow":["GET"]}}],"collection":[{"href":"https:\/\/peakart.co.uk\/de\/wp-json\/wp\/v2\/product"}],"about":[{"href":"https:\/\/peakart.co.uk\/de\/wp-json\/wp\/v2\/types\/product"}],"replies":[{"embeddable":true,"href":"https:\/\/peakart.co.uk\/de\/wp-json\/wp\/v2\/comments?post=6531"}],"wp:featuredmedia":[{"embeddable":true,"href":"https:\/\/peakart.co.uk\/de\/wp-json\/wp\/v2\/media\/32219"}],"wp:attachment":[{"href":"https:\/\/peakart.co.uk\/de\/wp-json\/wp\/v2\/media?parent=6531"}],"wp:term":[{"taxonomy":"product_brand","embeddable":true,"href":"https:\/\/peakart.co.uk\/de\/wp-json\/wp\/v2\/product_brand?post=6531"},{"taxonomy":"product_cat","embeddable":true,"href":"https:\/\/peakart.co.uk\/de\/wp-json\/wp\/v2\/product_cat?post=6531"},{"taxonomy":"product_tag","embeddable":true,"href":"https:\/\/peakart.co.uk\/de\/wp-json\/wp\/v2\/product_tag?post=6531"}],"curies":[{"name":"wp","href":"https:\/\/api.w.org\/{rel}","templated":true}]}}